{"id":238,"date":"2017-09-14T19:16:32","date_gmt":"2017-09-14T17:16:32","guid":{"rendered":"http:\/\/ship-tracker.org\/?page_id=238"},"modified":"2021-11-08T21:12:42","modified_gmt":"2021-11-08T20:12:42","slug":"aidanova","status":"publish","type":"page","link":"https:\/\/ship-tracker.org\/fr\/aidanova\/","title":{"rendered":"AIDAnova"},"content":{"rendered":"<h2>AIDAnova<\/h2>\n<figure id=\"attachment_731\" aria-describedby=\"caption-attachment-731\" style=\"width: 750px\" class=\"wp-caption aligncenter\"><img loading=\"lazy\" decoding=\"async\" class=\"wp-image-731 size-full\" src=\"https:\/\/ship-tracker.org\/wp-content\/uploads\/2019\/03\/aidanova-1-3.jpg\" alt=\"AIDAnova\" width=\"750\" height=\"318\" srcset=\"https:\/\/ship-tracker.org\/wp-content\/uploads\/2019\/03\/aidanova-1-3.jpg 750w, https:\/\/ship-tracker.org\/wp-content\/uploads\/2019\/03\/aidanova-1-3-300x127.jpg 300w\" sizes=\"auto, (max-width: 750px) 100vw, 750px\" \/><figcaption id=\"caption-attachment-731\" class=\"wp-caption-text\">AIDAnova \u00a9 AIDA Cruises<\/figcaption><\/figure>\n<p><script async src=\"https:\/\/pagead2.googlesyndication.com\/pagead\/js\/adsbygoogle.js\"><\/script><br \/>\n<!-- Ship-Tracker Display --><br \/>\n<ins class=\"adsbygoogle\" style=\"display: block;\" data-ad-client=\"ca-pub-1316785063791781\" data-ad-slot=\"8075999632\" data-ad-format=\"auto\" data-full-width-responsive=\"true\"><\/ins><br \/>\n<script>\n     (adsbygoogle = window.adsbygoogle || []).push({});\n<\/script><\/p>\n<h2><span style=\"color: #000000;\">Emplacement actuel et <\/span><span style=\"color: #000000;\">position du <\/span><span style=\"color: #000000;\">AIDAnova<\/span><\/h2>\n<p>O\u00f9 est actuellement la position d&#039;AIDAnova?<br \/>\n<script async src=\"https:\/\/pagead2.googlesyndication.com\/pagead\/js\/adsbygoogle.js\"><\/script><br \/>\n<!-- Schip-Tracker Linkanzeigen --><br \/>\n<ins class=\"adsbygoogle\" style=\"display: block;\" data-ad-client=\"ca-pub-1316785063791781\" data-ad-slot=\"3429004156\" data-ad-format=\"link\" data-full-width-responsive=\"true\"><\/ins><br \/>\n<script>\n     (adsbygoogle = window.adsbygoogle || []).push({});\n<\/script><br \/>\n<script type=\"text\/javascript\">\n  var width=\"100%\";\n  var height=\"400\";\n  var mmsi=247389200;\n<\/script><br \/>\n<script type=\"text\/javascript\" src=\"https:\/\/www.vesselfinder.com\/aismap.js\">\n<\/script><\/p>\n<p><script async src=\"https:\/\/pagead2.googlesyndication.com\/pagead\/js\/adsbygoogle.js\"><\/script><br \/>\n<!-- Ship-Tracker Display --><br \/>\n<ins class=\"adsbygoogle\" style=\"display: block;\" data-ad-client=\"ca-pub-1316785063791781\" data-ad-slot=\"8075999632\" data-ad-format=\"auto\" data-full-width-responsive=\"true\"><\/ins><br \/>\n<script>\n     (adsbygoogle = window.adsbygoogle || []).push({});\n<\/script><\/p>\n<p>Voir l&#039;emplacement actuel d&#039;AIDAnova. La position d&#039;AIDAnova peut \u00eatre d\u00e9termin\u00e9e avec pr\u00e9cision par les cartes de VesselFinder et de MarineTraffic. Vous \u00eates donc toujours bien inform\u00e9 de l&#039;endroit o\u00f9 se trouve actuellement votre navire pr\u00e9f\u00e9r\u00e9.<\/p>\n<h2 class=\"title\"><span style=\"color: #000000;\">Examen et sp\u00e9cifications AIDAnova<\/span><\/h2>\n<table class=\"responsive\">\n<tbody>\n<tr>\n<td style=\"width: 192px;\"><strong><span style=\"color: #000000;\">Classe<\/span><\/strong><\/td>\n<td style=\"width: 192px;\"><span style=\"color: #000000;\">Helios<\/span><\/td>\n<\/tr>\n<tr>\n<td style=\"width: 192px;\"><span style=\"color: #000000;\"><strong>Ann\u00e9e de construction<\/strong><\/span><\/td>\n<td style=\"width: 192px;\"><span style=\"color: #000000;\">2018<\/span><\/td>\n<\/tr>\n<tr>\n<td style=\"width: 192px;\"><span style=\"color: #000000;\"><strong>Constructeur<\/strong><\/span><\/td>\n<td style=\"width: 192px;\"><span style=\"color: #000000;\">Meyer Werft<\/span><\/td>\n<\/tr>\n<tr>\n<td style=\"width: 192px;\"><span style=\"color: #000000;\"><strong>Longueur<\/strong><\/span><\/td>\n<td style=\"width: 192px;\"><span style=\"color: #000000;\">337<span class=\"specificationUnit\">\u00a0m<\/span><\/span><\/td>\n<\/tr>\n<tr>\n<td style=\"width: 192px;\"><span style=\"color: #000000;\"><strong>Faisceau<\/strong><\/span><\/td>\n<td style=\"width: 192px;\"><span style=\"color: #000000;\">42<span class=\"specificationUnit\">\u00a0m<\/span><\/span><\/td>\n<\/tr>\n<tr>\n<td style=\"width: 192px;\"><span style=\"color: #000000;\"><strong>Jauge brute<\/strong><\/span><\/td>\n<td style=\"width: 192px;\"><span style=\"color: #000000;\">183900<span class=\"specificationUnit\">\u00a0gt<\/span><\/span><\/td>\n<\/tr>\n<tr>\n<td style=\"width: 192px;\"><span style=\"color: #000000;\"><strong>Les passagers<\/strong><\/span><\/td>\n<td style=\"width: 192px;\"><span style=\"color: #000000;\">5000<\/span><\/td>\n<\/tr>\n<tr>\n<td style=\"width: 192px;\"><span style=\"color: #000000;\"><strong>\u00c9quipage<\/strong><\/span><\/td>\n<td style=\"width: 192px;\"><span style=\"color: #000000;\">418<\/span><\/td>\n<\/tr>\n<tr>\n<td style=\"width: 192px;\"><span style=\"color: #000000;\"><strong>Decks<\/strong>\u00a0<\/span><\/td>\n<td style=\"width: 192px;\"><span style=\"color: #000000;\">20<\/span><\/td>\n<\/tr>\n<tr>\n<td style=\"width: 192px;\"><strong><span style=\"color: #000000;\">Cabines<\/span><\/strong><\/td>\n<td style=\"width: 192px;\"><span style=\"color: #000000;\">2500<\/span><\/td>\n<\/tr>\n<tr>\n<td style=\"width: 192px;\"><strong><span style=\"color: #000000;\">Co\u00fbt de construction<\/span><\/strong><\/td>\n<td style=\"width: 192px;\"><span style=\"color: #000000;\">700 millions d&#039;euros<\/span><\/td>\n<\/tr>\n<tr>\n<td style=\"width: 192px;\"><span style=\"color: #000000;\"><strong><b>Cruise Line<\/b><\/strong><\/span><\/td>\n<td style=\"width: 192px;\"><a href=\"https:\/\/ship-tracker.org\/fr\/aida-cruises\/\">AIDA Cruises<\/a><\/td>\n<\/tr>\n<\/tbody>\n<\/table>\n<h2><span style=\"color: #000000;\">Webcam AIDAnova<\/span><\/h2>\n<p><img decoding=\"async\" src=\"https:\/\/d1ozq1nmb5vv1n.cloudfront.net\/webcam\/aidanova_bow_pano_960px.jpg\" \/><\/p>\n<h2><span style=\"color: #000000;\">Plans de pont AIDAnova<\/span><\/h2>\n<figure id=\"attachment_12245\" aria-describedby=\"caption-attachment-12245\" style=\"width: 750px\" class=\"wp-caption aligncenter\"><img loading=\"lazy\" decoding=\"async\" class=\"wp-image-12245 size-full\" src=\"https:\/\/schiffsradar.org\/wp-content\/uploads\/2019\/01\/AIDAnova-Deck-3.jpg\" alt=\"AIDAnova Deck 3\" width=\"750\" height=\"145\" \/><figcaption id=\"caption-attachment-12245\" class=\"wp-caption-text\">Pont 3 AIDAnova \u00a9 Croisi\u00e8res AIDA<\/figcaption><\/figure>\n<figure id=\"attachment_12246\" aria-describedby=\"caption-attachment-12246\" style=\"width: 750px\" class=\"wp-caption aligncenter\"><img loading=\"lazy\" decoding=\"async\" class=\"size-full wp-image-12246\" src=\"https:\/\/schiffsradar.org\/wp-content\/uploads\/2019\/01\/AIDAnova-Deck-4.jpg\" alt=\"AIDAnova Deck 4\" width=\"750\" height=\"142\" \/><figcaption id=\"caption-attachment-12246\" class=\"wp-caption-text\">Pont AIDAnova 4 \u00a9 AIDA Cruises<\/figcaption><\/figure>\n<figure id=\"attachment_12247\" aria-describedby=\"caption-attachment-12247\" style=\"width: 750px\" class=\"wp-caption aligncenter\"><img loading=\"lazy\" decoding=\"async\" class=\"wp-image-12247 size-full\" src=\"https:\/\/schiffsradar.org\/wp-content\/uploads\/2019\/01\/AIDAnova-Deck-5.jpg\" alt=\"AIDAnova Deck 5\" width=\"750\" height=\"151\" \/><figcaption id=\"caption-attachment-12247\" class=\"wp-caption-text\">Pont AIDAnova 5 \u00a9 AIDA Cruises<\/figcaption><\/figure>\n<figure id=\"attachment_12248\" aria-describedby=\"caption-attachment-12248\" style=\"width: 750px\" class=\"wp-caption aligncenter\"><img loading=\"lazy\" decoding=\"async\" class=\"wp-image-12248 size-full\" src=\"https:\/\/schiffsradar.org\/wp-content\/uploads\/2019\/01\/AIDAnova-Deck-6.jpg\" alt=\"AIDAnova Deck 6\" width=\"750\" height=\"145\" \/><figcaption id=\"caption-attachment-12248\" class=\"wp-caption-text\">Pont AIDAnova 6 \u00a9 AIDA Cruises<\/figcaption><\/figure>\n<figure id=\"attachment_12249\" aria-describedby=\"caption-attachment-12249\" style=\"width: 750px\" class=\"wp-caption aligncenter\"><img loading=\"lazy\" decoding=\"async\" class=\"wp-image-12249 size-full\" src=\"https:\/\/schiffsradar.org\/wp-content\/uploads\/2019\/01\/AIDAnova-Deck-7.jpg\" alt=\"AIDAnova Deck 7\" width=\"750\" height=\"143\" \/><figcaption id=\"caption-attachment-12249\" class=\"wp-caption-text\">Pont AIDAnova 7 \u00a9 AIDA Cruises<\/figcaption><\/figure>\n<figure id=\"attachment_12250\" aria-describedby=\"caption-attachment-12250\" style=\"width: 750px\" class=\"wp-caption aligncenter\"><img loading=\"lazy\" decoding=\"async\" class=\"wp-image-12250 size-full\" src=\"https:\/\/schiffsradar.org\/wp-content\/uploads\/2019\/01\/AIDAnova-Deck-8.jpg\" alt=\"AIDAnova Deck 8\" width=\"750\" height=\"157\" \/><figcaption id=\"caption-attachment-12250\" class=\"wp-caption-text\">AIDAnova Deck 8 \u00a9 AIDA Cruises<\/figcaption><\/figure>\n<figure id=\"attachment_12251\" aria-describedby=\"caption-attachment-12251\" style=\"width: 750px\" class=\"wp-caption aligncenter\"><img loading=\"lazy\" decoding=\"async\" class=\"wp-image-12251 size-full\" src=\"https:\/\/schiffsradar.org\/wp-content\/uploads\/2019\/01\/AIDAnova-Deck-9.jpg\" alt=\"AIDAnova Deck 9\" width=\"750\" height=\"156\" \/><figcaption id=\"caption-attachment-12251\" class=\"wp-caption-text\">Pont AIDAnova 9 \u00a9 AIDA Cruises<\/figcaption><\/figure>\n<figure id=\"attachment_12252\" aria-describedby=\"caption-attachment-12252\" style=\"width: 750px\" class=\"wp-caption aligncenter\"><img loading=\"lazy\" decoding=\"async\" class=\"wp-image-12252 size-full\" src=\"https:\/\/schiffsradar.org\/wp-content\/uploads\/2019\/01\/AIDAnova-Deck-10.jpg\" alt=\"AIDAnova Deck 10\" width=\"750\" height=\"153\" \/><figcaption id=\"caption-attachment-12252\" class=\"wp-caption-text\">AIDAnova Deck 10 \u00a9 AIDA Cruises<\/figcaption><\/figure>\n<figure id=\"attachment_12253\" aria-describedby=\"caption-attachment-12253\" style=\"width: 750px\" class=\"wp-caption aligncenter\"><img loading=\"lazy\" decoding=\"async\" class=\"wp-image-12253 size-full\" src=\"https:\/\/schiffsradar.org\/wp-content\/uploads\/2019\/01\/AIDAnova-Deck-11.jpg\" alt=\"AIDAnova Deck 11\" width=\"750\" height=\"153\" \/><figcaption id=\"caption-attachment-12253\" class=\"wp-caption-text\">Pont AIDAnova 11 \u00a9 Croisi\u00e8res AIDA<\/figcaption><\/figure>\n<figure id=\"attachment_12254\" aria-describedby=\"caption-attachment-12254\" style=\"width: 750px\" class=\"wp-caption aligncenter\"><img loading=\"lazy\" decoding=\"async\" class=\"wp-image-12254 size-full\" src=\"https:\/\/schiffsradar.org\/wp-content\/uploads\/2019\/01\/AIDAnova-Deck-12.jpg\" alt=\"AIDAnova Deck 12\" width=\"750\" height=\"155\" \/><figcaption id=\"caption-attachment-12254\" class=\"wp-caption-text\">Pont AIDAnova 12 \u00a9 Croisi\u00e8res AIDA<\/figcaption><\/figure>\n<figure id=\"attachment_12255\" aria-describedby=\"caption-attachment-12255\" style=\"width: 750px\" class=\"wp-caption aligncenter\"><img loading=\"lazy\" decoding=\"async\" class=\"wp-image-12255 size-full\" src=\"https:\/\/schiffsradar.org\/wp-content\/uploads\/2019\/01\/AIDAnova-Deck-14.jpg\" alt=\"AIDAnova Deck 14\" width=\"750\" height=\"153\" \/><figcaption id=\"caption-attachment-12255\" class=\"wp-caption-text\">Pont AIDAnova 14 \u00a9 Croisi\u00e8res AIDA<\/figcaption><\/figure>\n<figure id=\"attachment_12256\" aria-describedby=\"caption-attachment-12256\" style=\"width: 750px\" class=\"wp-caption aligncenter\"><img loading=\"lazy\" decoding=\"async\" class=\"wp-image-12256 size-full\" src=\"https:\/\/schiffsradar.org\/wp-content\/uploads\/2019\/01\/AIDAnova-Deck-15.jpg\" alt=\"AIDAnova Deck 15\" width=\"750\" height=\"160\" \/><figcaption id=\"caption-attachment-12256\" class=\"wp-caption-text\">Pont AIDAnova 15 \u00a9 AIDA Cruises<\/figcaption><\/figure>\n<figure id=\"attachment_12257\" aria-describedby=\"caption-attachment-12257\" style=\"width: 750px\" class=\"wp-caption aligncenter\"><img loading=\"lazy\" decoding=\"async\" class=\"wp-image-12257 size-full\" src=\"https:\/\/schiffsradar.org\/wp-content\/uploads\/2019\/01\/AIDAnova-Deck-16.jpg\" alt=\"AIDAnova Deck 16\" width=\"750\" height=\"156\" \/><figcaption id=\"caption-attachment-12257\" class=\"wp-caption-text\">Pont AIDAnova 16 \u00a9 Croisi\u00e8res AIDA<\/figcaption><\/figure>\n<figure id=\"attachment_12258\" aria-describedby=\"caption-attachment-12258\" style=\"width: 750px\" class=\"wp-caption aligncenter\"><img loading=\"lazy\" decoding=\"async\" class=\"wp-image-12258 size-full\" src=\"https:\/\/schiffsradar.org\/wp-content\/uploads\/2019\/01\/AIDAnova-Deck-17.jpg\" alt=\"AIDAnova Deck 17\" width=\"750\" height=\"157\" \/><figcaption id=\"caption-attachment-12258\" class=\"wp-caption-text\">Pont AIDAnova 17 \u00a9 AIDA Cruises<\/figcaption><\/figure>\n<figure id=\"attachment_12259\" aria-describedby=\"caption-attachment-12259\" style=\"width: 750px\" class=\"wp-caption aligncenter\"><img loading=\"lazy\" decoding=\"async\" class=\"wp-image-12259 size-full\" src=\"https:\/\/schiffsradar.org\/wp-content\/uploads\/2019\/01\/AIDAnova-Deck-18.jpg\" alt=\"AIDAnova Deck 18\" width=\"750\" height=\"151\" \/><figcaption id=\"caption-attachment-12259\" class=\"wp-caption-text\">Pont AIDAnova 18 \u00a9 Croisi\u00e8res AIDA<\/figcaption><\/figure>\n<figure id=\"attachment_12260\" aria-describedby=\"caption-attachment-12260\" style=\"width: 750px\" class=\"wp-caption aligncenter\"><img loading=\"lazy\" decoding=\"async\" class=\"wp-image-12260 size-full\" src=\"https:\/\/schiffsradar.org\/wp-content\/uploads\/2019\/01\/AIDAnova-Deck-19.jpg\" alt=\"AIDAnova Deck 19\" width=\"750\" height=\"152\" \/><figcaption id=\"caption-attachment-12260\" class=\"wp-caption-text\">Pont AIDAnova 19 \u00a9 AIDA Cruises<\/figcaption><\/figure>\n<figure id=\"attachment_12261\" aria-describedby=\"caption-attachment-12261\" style=\"width: 750px\" class=\"wp-caption aligncenter\"><img loading=\"lazy\" decoding=\"async\" class=\"size-full wp-image-12261\" src=\"https:\/\/schiffsradar.org\/wp-content\/uploads\/2019\/01\/AIDAnova-Deck-20.jpg\" alt=\"AIDAnova Deck 20\" width=\"750\" height=\"151\" \/><figcaption id=\"caption-attachment-12261\" class=\"wp-caption-text\">Pont AIDAnova 20 \u00a9 Croisi\u00e8res AIDA<\/figcaption><\/figure>\n<p>&nbsp;<\/p>\n<h3 class=\"title\">Flotte AIDA Cruises<\/h3>\n<ul>\n<li><a href=\"https:\/\/ship-tracker.org\/fr\/aidaperla\/\">AIDAperla<\/a><\/li>\n<li><a href=\"https:\/\/ship-tracker.org\/fr\/aidaprima\/\">AIDAprima<\/a><\/li>\n<li><a href=\"https:\/\/ship-tracker.org\/fr\/aidastella\/\">AIDAstella<\/a><\/li>\n<li><a href=\"https:\/\/ship-tracker.org\/fr\/aidamar\/\">AIDAmar<\/a><\/li>\n<li><a href=\"https:\/\/ship-tracker.org\/fr\/aidasol\/\">AIDAsol<\/a><\/li>\n<li><a href=\"https:\/\/ship-tracker.org\/fr\/aidablu\/\">AIDAblu<\/a><\/li>\n<li><a href=\"https:\/\/ship-tracker.org\/fr\/aidaluna\/\">AIDAluna<\/a><\/li>\n<li><a href=\"https:\/\/ship-tracker.org\/fr\/aidabella\/\">AIDAbella<\/a><\/li>\n<li><a href=\"https:\/\/ship-tracker.org\/fr\/aidadiva\/\">AIDAdiva<\/a><\/li>\n<li><a href=\"https:\/\/ship-tracker.org\/fr\/aidaaura\/\">AIDAaura<\/a><\/li>\n<li><a href=\"https:\/\/ship-tracker.org\/fr\/aidavita\/\">AIDAvita<\/a><\/li>\n<li><a href=\"https:\/\/ship-tracker.org\/fr\/aidamira\/\">AIDAmira<\/a><\/li>\n<li><a href=\"https:\/\/ship-tracker.org\/fr\/aidacara\/\">AIDAcara<\/a><\/li>\n<\/ul>\n<p><script async src=\"https:\/\/pagead2.googlesyndication.com\/pagead\/js\/adsbygoogle.js\"><\/script><br \/>\n<!-- Schip-Tracker Linkanzeigen --><br \/>\n<ins class=\"adsbygoogle\" style=\"display: block;\" data-ad-client=\"ca-pub-1316785063791781\" data-ad-slot=\"3429004156\" data-ad-format=\"link\" data-full-width-responsive=\"true\"><\/ins><br \/>\n<script>\n     (adsbygoogle = window.adsbygoogle || []).push({});\n<\/script><\/p>\n<h4><span style=\"color: #000000;\">Vid\u00e9o AIDAnova<\/span><\/h4>\n<div class=\"su-youtube su-u-responsive-media-yes\"><iframe loading=\"lazy\" width=\"600\" height=\"400\" src=\"https:\/\/www.youtube.com\/embed\/iXuTx88r888?\" frameborder=\"0\" allowfullscreen allow=\"autoplay; encrypted-media; picture-in-picture\" title=\"\"><\/iframe><\/div>","protected":false},"excerpt":{"rendered":"<p>AIDAnova Localisation et position actuelles de AIDAnova O\u00f9 se trouve actuellement AIDAnova ? Voir la position actuelle de AIDAnova. La position de AIDAnova peut \u00eatre d\u00e9termin\u00e9e avec pr\u00e9cision par les cartes de VesselFinder et MarineTraffic. Ainsi, vous \u00eates toujours bien inform\u00e9 de l&#039;endroit o\u00f9 se trouve actuellement votre navire pr\u00e9f\u00e9r\u00e9. AIDAnova Avis et sp\u00e9cifications Classe Helios Ann\u00e9e de construction 2018 Constructeur\u2026&nbsp;<a href=\"https:\/\/ship-tracker.org\/fr\/aidanova\/\" rel=\"bookmark\">En savoir plus &quot;<span class=\"screen-reader-text\">AIDAnova<\/span><\/a><\/p>","protected":false},"author":1,"featured_media":0,"parent":0,"menu_order":0,"comment_status":"closed","ping_status":"closed","template":"","meta":{"neve_meta_sidebar":"","neve_meta_container":"","neve_meta_enable_content_width":"","neve_meta_content_width":0,"neve_meta_title_alignment":"","neve_meta_author_avatar":"","neve_post_elements_order":"","neve_meta_disable_header":"","neve_meta_disable_footer":"","neve_meta_disable_title":"","neve_meta_reading_time":"","footnotes":""},"class_list":["post-238","page","type-page","status-publish","hentry"],"yoast_head":"<!-- This site is optimized with the Yoast SEO plugin v26.9 - https:\/\/yoast.com\/product\/yoast-seo-wordpress\/ -->\n<title>AIDAnova\u2503Current position Review and Specifications<\/title>\n<meta name=\"description\" content=\"AIDAnova \u2693 Current position of AIDAnova \u2713 Cruise Ship Tracker \u2713 Live Ship Tracker \u2713 Review and Specifications \u2713 Webcam \u2713 Deck Plans\" \/>\n<meta name=\"robots\" content=\"index, follow, max-snippet:-1, max-image-preview:large, max-video-preview:-1\" \/>\n<link rel=\"canonical\" href=\"https:\/\/ship-tracker.org\/fr\/aidanova\/\" \/>\n<meta property=\"og:locale\" content=\"fr_FR\" \/>\n<meta property=\"og:type\" content=\"article\" \/>\n<meta property=\"og:title\" content=\"AIDAnova\u2503Current position Review and Specifications\" \/>\n<meta property=\"og:description\" content=\"AIDAnova \u2693 Current position of AIDAnova \u2713 Cruise Ship Tracker \u2713 Live Ship Tracker \u2713 Review and Specifications \u2713 Webcam \u2713 Deck Plans\" \/>\n<meta property=\"og:url\" content=\"https:\/\/ship-tracker.org\/fr\/aidanova\/\" \/>\n<meta property=\"og:site_name\" content=\"Ship-tracker.org\" \/>\n<meta property=\"article:modified_time\" content=\"2021-11-08T20:12:42+00:00\" \/>\n<meta property=\"og:image\" content=\"https:\/\/ship-tracker.org\/wp-content\/uploads\/2019\/03\/aidanova-1-3.jpg\" \/>\n<meta name=\"twitter:card\" content=\"summary_large_image\" \/>\n<meta name=\"twitter:label1\" content=\"Dur\u00e9e de lecture estim\u00e9e\" \/>\n\t<meta name=\"twitter:data1\" content=\"2 minutes\" \/>\n<script type=\"application\/ld+json\" class=\"yoast-schema-graph\">{\"@context\":\"https:\/\/schema.org\",\"@graph\":[{\"@type\":\"WebPage\",\"@id\":\"https:\/\/ship-tracker.org\/it\/aidanova\/\",\"url\":\"https:\/\/ship-tracker.org\/it\/aidanova\/\",\"name\":\"AIDAnova\u2503Current position Review and Specifications\",\"isPartOf\":{\"@id\":\"https:\/\/ship-tracker.org\/#website\"},\"primaryImageOfPage\":{\"@id\":\"https:\/\/ship-tracker.org\/it\/aidanova\/#primaryimage\"},\"image\":{\"@id\":\"https:\/\/ship-tracker.org\/it\/aidanova\/#primaryimage\"},\"thumbnailUrl\":\"https:\/\/ship-tracker.org\/wp-content\/uploads\/2019\/03\/aidanova-1-3.jpg\",\"datePublished\":\"2017-09-14T17:16:32+00:00\",\"dateModified\":\"2021-11-08T20:12:42+00:00\",\"description\":\"AIDAnova \u2693 Current position of AIDAnova \u2713 Cruise Ship Tracker \u2713 Live Ship Tracker \u2713 Review and Specifications \u2713 Webcam \u2713 Deck Plans\",\"breadcrumb\":{\"@id\":\"https:\/\/ship-tracker.org\/it\/aidanova\/#breadcrumb\"},\"inLanguage\":\"fr-FR\",\"potentialAction\":[{\"@type\":\"ReadAction\",\"target\":[\"https:\/\/ship-tracker.org\/it\/aidanova\/\"]}]},{\"@type\":\"ImageObject\",\"inLanguage\":\"fr-FR\",\"@id\":\"https:\/\/ship-tracker.org\/it\/aidanova\/#primaryimage\",\"url\":\"https:\/\/ship-tracker.org\/wp-content\/uploads\/2019\/03\/aidanova-1-3.jpg\",\"contentUrl\":\"https:\/\/ship-tracker.org\/wp-content\/uploads\/2019\/03\/aidanova-1-3.jpg\"},{\"@type\":\"BreadcrumbList\",\"@id\":\"https:\/\/ship-tracker.org\/it\/aidanova\/#breadcrumb\",\"itemListElement\":[{\"@type\":\"ListItem\",\"position\":1,\"name\":\"Startseite\",\"item\":\"https:\/\/ship-tracker.org\/\"},{\"@type\":\"ListItem\",\"position\":2,\"name\":\"AIDAnova\"}]},{\"@type\":\"WebSite\",\"@id\":\"https:\/\/ship-tracker.org\/#website\",\"url\":\"https:\/\/ship-tracker.org\/\",\"name\":\"Ship-tracker.org\",\"description\":\"\",\"potentialAction\":[{\"@type\":\"SearchAction\",\"target\":{\"@type\":\"EntryPoint\",\"urlTemplate\":\"https:\/\/ship-tracker.org\/?s={search_term_string}\"},\"query-input\":{\"@type\":\"PropertyValueSpecification\",\"valueRequired\":true,\"valueName\":\"search_term_string\"}}],\"inLanguage\":\"fr-FR\"}]}<\/script>\n<!-- \/ Yoast SEO plugin. -->","yoast_head_json":{"title":"Examen et sp\u00e9cifications du poste actuel","description":"AIDAnova \u2693 Position actuelle d&#039;AIDAnova \u2713 Cruise Ship Tracker \u2713 Live Ship Tracker \u2713 Examen et sp\u00e9cifications \u2713 Webcam \u2713 Plans de pont","robots":{"index":"index","follow":"follow","max-snippet":"max-snippet:-1","max-image-preview":"max-image-preview:large","max-video-preview":"max-video-preview:-1"},"canonical":"https:\/\/ship-tracker.org\/fr\/aidanova\/","og_locale":"fr_FR","og_type":"article","og_title":"AIDAnova\u2503Current position Review and Specifications","og_description":"AIDAnova \u2693 Current position of AIDAnova \u2713 Cruise Ship Tracker \u2713 Live Ship Tracker \u2713 Review and Specifications \u2713 Webcam \u2713 Deck Plans","og_url":"https:\/\/ship-tracker.org\/fr\/aidanova\/","og_site_name":"Ship-tracker.org","article_modified_time":"2021-11-08T20:12:42+00:00","og_image":[{"url":"https:\/\/ship-tracker.org\/wp-content\/uploads\/2019\/03\/aidanova-1-3.jpg","type":"","width":"","height":""}],"twitter_card":"summary_large_image","twitter_misc":{"Dur\u00e9e de lecture estim\u00e9e":"2 minutes"},"schema":{"@context":"https:\/\/schema.org","@graph":[{"@type":"WebPage","@id":"https:\/\/ship-tracker.org\/it\/aidanova\/","url":"https:\/\/ship-tracker.org\/it\/aidanova\/","name":"Examen et sp\u00e9cifications du poste actuel","isPartOf":{"@id":"https:\/\/ship-tracker.org\/#website"},"primaryImageOfPage":{"@id":"https:\/\/ship-tracker.org\/it\/aidanova\/#primaryimage"},"image":{"@id":"https:\/\/ship-tracker.org\/it\/aidanova\/#primaryimage"},"thumbnailUrl":"https:\/\/ship-tracker.org\/wp-content\/uploads\/2019\/03\/aidanova-1-3.jpg","datePublished":"2017-09-14T17:16:32+00:00","dateModified":"2021-11-08T20:12:42+00:00","description":"AIDAnova \u2693 Position actuelle d&#039;AIDAnova \u2713 Cruise Ship Tracker \u2713 Live Ship Tracker \u2713 Examen et sp\u00e9cifications \u2713 Webcam \u2713 Plans de pont","breadcrumb":{"@id":"https:\/\/ship-tracker.org\/it\/aidanova\/#breadcrumb"},"inLanguage":"fr-FR","potentialAction":[{"@type":"ReadAction","target":["https:\/\/ship-tracker.org\/it\/aidanova\/"]}]},{"@type":"ImageObject","inLanguage":"fr-FR","@id":"https:\/\/ship-tracker.org\/it\/aidanova\/#primaryimage","url":"https:\/\/ship-tracker.org\/wp-content\/uploads\/2019\/03\/aidanova-1-3.jpg","contentUrl":"https:\/\/ship-tracker.org\/wp-content\/uploads\/2019\/03\/aidanova-1-3.jpg"},{"@type":"BreadcrumbList","@id":"https:\/\/ship-tracker.org\/it\/aidanova\/#breadcrumb","itemListElement":[{"@type":"ListItem","position":1,"name":"Startseite","item":"https:\/\/ship-tracker.org\/"},{"@type":"ListItem","position":2,"name":"AIDAnova"}]},{"@type":"WebSite","@id":"https:\/\/ship-tracker.org\/#website","url":"https:\/\/ship-tracker.org\/","name":"Ship-tracker.org","description":"","potentialAction":[{"@type":"SearchAction","target":{"@type":"EntryPoint","urlTemplate":"https:\/\/ship-tracker.org\/?s={search_term_string}"},"query-input":{"@type":"PropertyValueSpecification","valueRequired":true,"valueName":"search_term_string"}}],"inLanguage":"fr-FR"}]}},"_links":{"self":[{"href":"https:\/\/ship-tracker.org\/fr\/wp-json\/wp\/v2\/pages\/238","targetHints":{"allow":["GET"]}}],"collection":[{"href":"https:\/\/ship-tracker.org\/fr\/wp-json\/wp\/v2\/pages"}],"about":[{"href":"https:\/\/ship-tracker.org\/fr\/wp-json\/wp\/v2\/types\/page"}],"author":[{"embeddable":true,"href":"https:\/\/ship-tracker.org\/fr\/wp-json\/wp\/v2\/users\/1"}],"replies":[{"embeddable":true,"href":"https:\/\/ship-tracker.org\/fr\/wp-json\/wp\/v2\/comments?post=238"}],"version-history":[{"count":10,"href":"https:\/\/ship-tracker.org\/fr\/wp-json\/wp\/v2\/pages\/238\/revisions"}],"predecessor-version":[{"id":2215,"href":"https:\/\/ship-tracker.org\/fr\/wp-json\/wp\/v2\/pages\/238\/revisions\/2215"}],"wp:attachment":[{"href":"https:\/\/ship-tracker.org\/fr\/wp-json\/wp\/v2\/media?parent=238"}],"curies":[{"name":"wp","href":"https:\/\/api.w.org\/{rel}","templated":true}]}}