{"id":2129,"date":"2020-04-29T14:18:01","date_gmt":"2020-04-29T12:18:01","guid":{"rendered":"https:\/\/ship-tracker.org\/?page_id=2129"},"modified":"2022-10-27T16:01:30","modified_gmt":"2022-10-27T14:01:30","slug":"tui-cruises","status":"publish","type":"page","link":"https:\/\/ship-tracker.org\/fr\/tui-cruises\/","title":{"rendered":"TUI Cruises"},"content":{"rendered":"<h2>Navires TUI Cruises Fleet Location, num\u00e9ros OMI, MMSI, Webcams<\/h2>\n<p>O\u00f9 est actuellement la position actuelle de TUI Cruises Fleet?<\/p>\n<table>\n<tbody>\n<tr style=\"height: 24px;\">\n<td style=\"width: 457px; height: 24px;\"><span style=\"color: #1f405b;\"><strong>Navire<\/strong><\/span><\/td>\n<td style=\"width: 456px; height: 24px;\"><span style=\"color: #1f405b;\"><strong>OMI<\/strong><\/span><\/td>\n<td style=\"width: 456px; height: 24px;\"><span style=\"color: #1f405b;\"><strong>MMSI<\/strong><\/span><\/td>\n<\/tr>\n<tr style=\"height: 24px;\">\n<td style=\"width: 457px; height: 24px;\"><a href=\"https:\/\/ship-tracker.org\/fr\/neue-mein-schiff-1\/\">Mein Schiff 1<\/a><\/td>\n<td style=\"width: 456px; height: 24px;\">9783564<\/td>\n<td style=\"width: 456px; height: 24px;\">248513000<\/td>\n<\/tr>\n<tr style=\"height: 24px;\">\n<td style=\"width: 457px; height: 24px;\"><a href=\"https:\/\/ship-tracker.org\/fr\/mein-schiff-2\/\">Mein Schiff 2<\/a><\/td>\n<td style=\"width: 456px; height: 24px;\">9106302<\/td>\n<td style=\"width: 456px; height: 24px;\">249053000<\/td>\n<\/tr>\n<tr style=\"height: 24px;\">\n<td style=\"width: 457px; height: 24px;\"><a href=\"https:\/\/ship-tracker.org\/fr\/mein-schiff-3\/\">Mein Schiff 3<\/a><\/td>\n<td style=\"width: 456px; height: 24px;\">9641730<\/td>\n<td style=\"width: 456px; height: 24px;\">229090000<\/td>\n<\/tr>\n<tr style=\"height: 24px;\">\n<td style=\"width: 457px; height: 24px;\"><a href=\"https:\/\/ship-tracker.org\/fr\/mein-schiff-4\/\">Mein Schiff 4<\/a><\/td>\n<td style=\"width: 456px; height: 24px;\">9678408<\/td>\n<td style=\"width: 456px; height: 24px;\">229678000<\/td>\n<\/tr>\n<tr style=\"height: 24px;\">\n<td style=\"width: 457px; height: 24px;\"><a href=\"https:\/\/ship-tracker.org\/fr\/mein-schiff-5\/\">Mein Schiff 5<\/a><\/td>\n<td style=\"width: 456px; height: 24px;\">9112789<\/td>\n<td style=\"width: 456px; height: 24px;\">247117300<\/td>\n<\/tr>\n<tr style=\"height: 24px;\">\n<td style=\"width: 457px; height: 24px;\"><a href=\"https:\/\/ship-tracker.org\/fr\/mein-schiff-6\/\">Mein Schiff 6<\/a><\/td>\n<td style=\"width: 456px; height: 24px;\">9753208<\/td>\n<td style=\"width: 456px; height: 24px;\">249660000<\/td>\n<\/tr>\n<tr style=\"height: 24px;\">\n<td style=\"width: 457px; height: 24px;\">Mein Schiff 7<\/td>\n<td style=\"width: 456px; height: 24px;\">2023<\/td>\n<td style=\"width: 456px; height: 24px;\">nouveau navire<\/td>\n<\/tr>\n<tr style=\"height: 24px;\">\n<td style=\"width: 457px; height: 24px;\">Mein Schiff 8<\/td>\n<td style=\"width: 456px; height: 24px;\">2024<\/td>\n<td style=\"width: 456px; height: 24px;\">nouveau navire<\/td>\n<\/tr>\n<\/tbody>\n<\/table>\n<h2>\u00c0 propos de TUI Cruises<\/h2>\n<p>TUI Cruises est l&#039;une des compagnies maritimes qui en ont fait l&#039;une des plus populaires de l&#039;\u00e9poque. N\u00e9anmoins, c&#039;est l&#039;une des plus jeunes marques germanophones pour les croisi\u00e8res. Semblable \u00e0 AIDA, les destinations couvrent le monde entier. \u00c0 bord de \u00abMein Schiffe\u00bb, en revanche, un concept uniforme tout compris pr\u00e9vaut, qui comprend de nombreux services haut de gamme.<\/p>\n<p>TUI Cruises repr\u00e9sente un m\u00e9lange sain de croisi\u00e8res traditionnelles et d&#039;excellentes offres de club. Ici aussi, l&#039;accent est toujours mis sur un ensemble de bien-\u00eatre uniforme et complet, et bien s\u00fbr, beaucoup de repos et de d\u00e9tente. A bord, nous trouvons de nombreux lieux de retraite et des possibilit\u00e9s de laisser pendre votre \u00e2me. D&#039;immenses SPA et espaces de bien-\u00eatre avec environ 1700 m\u00e8tres carr\u00e9s permettent de passer d&#039;excellentes vacances. Le concept de bien-\u00eatre fait son chemin, car de nombreux vacanciers sont enthousiastes \u00e0 propos des croisi\u00e8res avec TUI.<\/p>\n<p>L&#039;aspect de bien-\u00eatre se refl\u00e8te absolument dans le concept tout compris haut de gamme. 24 heures sur 24, les voyageurs peuvent s&#039;aider dans les restaurants et les bars et profiter de leur croisi\u00e8re. Et tout cela dans diff\u00e9rents salons et bars confortables, qui ont \u00e9t\u00e9 con\u00e7us de mani\u00e8re moderne et attrayante. Ainsi que de nombreux espaces de lecture et de travail meubl\u00e9s. De plus, la plupart des restaurants n&#039;ont pas d&#039;heures de table, il n&#039;y a donc pas de pression horaire ou de tables bond\u00e9es pendant le d\u00eener. Une grande qualit\u00e9 \u00e0 bord convainc les vacanciers.<\/p>\n<p>TUI Cruises fait partie d&#039;une alliance entre Royal Caribbean Cruises Ltd. et TUI AG. L&#039;entreprise a \u00e9t\u00e9 fond\u00e9e \u00e0 Hambourg en 2008 et depuis le tout d\u00e9but, TUI propose le programme tout compris \u00e0 ses clients sur ses navires. Les flottes sont toutes appel\u00e9es \u00abMein Schiff\u00bb et elles repr\u00e9sentent toutes un excellent service et des offres individuelles.<\/p>","protected":false},"excerpt":{"rendered":"<p>Emplacement de la flotte de TUI Cruises Navires, num\u00e9ros OMI, MMSI, webcams O\u00f9 est actuellement la position de la flotte de TUI Cruises ? Navire OMI MMSI Mein Schiff 1 9783564 248513000 Mein Schiff 2 9106302 249053000 Mein Schiff 3 9641730 229090000 Mein Schiff 4 9678408 229678000 Mein Schiff 5 9112789 247117 300 Mein Schiff 6 9753208 249660000 Mein Schiff 7\u2026&nbsp;<a href=\"https:\/\/ship-tracker.org\/fr\/tui-cruises\/\" rel=\"bookmark\">En savoir plus &quot;<span class=\"screen-reader-text\">TUI Cruises<\/span><\/a><\/p>","protected":false},"author":1,"featured_media":2130,"parent":0,"menu_order":0,"comment_status":"closed","ping_status":"closed","template":"","meta":{"neve_meta_sidebar":"","neve_meta_container":"","neve_meta_enable_content_width":"","neve_meta_content_width":0,"neve_meta_title_alignment":"","neve_meta_author_avatar":"","neve_post_elements_order":"","neve_meta_disable_header":"","neve_meta_disable_footer":"","neve_meta_disable_title":"","neve_meta_reading_time":"","footnotes":""},"class_list":["post-2129","page","type-page","status-publish","has-post-thumbnail","hentry"],"yoast_head":"<!-- This site is optimized with the Yoast SEO plugin v26.9 - https:\/\/yoast.com\/product\/yoast-seo-wordpress\/ -->\n<title>Track TUI Cruises | Cruise Ships | Marine Vessel | Ship Tracker<\/title>\n<meta name=\"description\" content=\"TUI Cruises Fleet Location | Current Positions of TUI Cruises Ships, IMO numbers, MMSI, Webcam | Live Fleet Maps | Live Ship Tracker\" \/>\n<meta name=\"robots\" content=\"index, follow, max-snippet:-1, max-image-preview:large, max-video-preview:-1\" \/>\n<link rel=\"canonical\" href=\"https:\/\/ship-tracker.org\/fr\/tui-cruises\/\" \/>\n<meta property=\"og:locale\" content=\"fr_FR\" \/>\n<meta property=\"og:type\" content=\"article\" \/>\n<meta property=\"og:title\" content=\"Track TUI Cruises | Cruise Ships | Marine Vessel | Ship Tracker\" \/>\n<meta property=\"og:description\" content=\"TUI Cruises Fleet Location | Current Positions of TUI Cruises Ships, IMO numbers, MMSI, Webcam | Live Fleet Maps | Live Ship Tracker\" \/>\n<meta property=\"og:url\" content=\"https:\/\/ship-tracker.org\/fr\/tui-cruises\/\" \/>\n<meta property=\"og:site_name\" content=\"Ship-tracker.org\" \/>\n<meta property=\"article:modified_time\" content=\"2022-10-27T14:01:30+00:00\" \/>\n<meta property=\"og:image\" content=\"https:\/\/ship-tracker.org\/wp-content\/uploads\/2020\/04\/tui-cruises-logo4.jpg\" \/>\n\t<meta property=\"og:image:width\" content=\"461\" \/>\n\t<meta property=\"og:image:height\" content=\"405\" \/>\n\t<meta property=\"og:image:type\" content=\"image\/jpeg\" \/>\n<meta name=\"twitter:card\" content=\"summary_large_image\" \/>\n<meta name=\"twitter:label1\" content=\"Dur\u00e9e de lecture estim\u00e9e\" \/>\n\t<meta name=\"twitter:data1\" content=\"2 minutes\" \/>\n<script type=\"application\/ld+json\" class=\"yoast-schema-graph\">{\"@context\":\"https:\/\/schema.org\",\"@graph\":[{\"@type\":\"WebPage\",\"@id\":\"https:\/\/ship-tracker.org\/tui-cruises\/\",\"url\":\"https:\/\/ship-tracker.org\/tui-cruises\/\",\"name\":\"Track TUI Cruises | Cruise Ships | Marine Vessel | Ship Tracker\",\"isPartOf\":{\"@id\":\"https:\/\/ship-tracker.org\/#website\"},\"primaryImageOfPage\":{\"@id\":\"https:\/\/ship-tracker.org\/tui-cruises\/#primaryimage\"},\"image\":{\"@id\":\"https:\/\/ship-tracker.org\/tui-cruises\/#primaryimage\"},\"thumbnailUrl\":\"https:\/\/ship-tracker.org\/wp-content\/uploads\/2020\/04\/tui-cruises-logo4.jpg\",\"datePublished\":\"2020-04-29T12:18:01+00:00\",\"dateModified\":\"2022-10-27T14:01:30+00:00\",\"description\":\"TUI Cruises Fleet Location | Current Positions of TUI Cruises Ships, IMO numbers, MMSI, Webcam | Live Fleet Maps | Live Ship Tracker\",\"breadcrumb\":{\"@id\":\"https:\/\/ship-tracker.org\/tui-cruises\/#breadcrumb\"},\"inLanguage\":\"fr-FR\",\"potentialAction\":[{\"@type\":\"ReadAction\",\"target\":[\"https:\/\/ship-tracker.org\/tui-cruises\/\"]}]},{\"@type\":\"ImageObject\",\"inLanguage\":\"fr-FR\",\"@id\":\"https:\/\/ship-tracker.org\/tui-cruises\/#primaryimage\",\"url\":\"https:\/\/ship-tracker.org\/wp-content\/uploads\/2020\/04\/tui-cruises-logo4.jpg\",\"contentUrl\":\"https:\/\/ship-tracker.org\/wp-content\/uploads\/2020\/04\/tui-cruises-logo4.jpg\",\"width\":461,\"height\":405,\"caption\":\"TUI Cruises\"},{\"@type\":\"BreadcrumbList\",\"@id\":\"https:\/\/ship-tracker.org\/tui-cruises\/#breadcrumb\",\"itemListElement\":[{\"@type\":\"ListItem\",\"position\":1,\"name\":\"Startseite\",\"item\":\"https:\/\/ship-tracker.org\/\"},{\"@type\":\"ListItem\",\"position\":2,\"name\":\"TUI Cruises\"}]},{\"@type\":\"WebSite\",\"@id\":\"https:\/\/ship-tracker.org\/#website\",\"url\":\"https:\/\/ship-tracker.org\/\",\"name\":\"Ship-tracker.org\",\"description\":\"\",\"potentialAction\":[{\"@type\":\"SearchAction\",\"target\":{\"@type\":\"EntryPoint\",\"urlTemplate\":\"https:\/\/ship-tracker.org\/?s={search_term_string}\"},\"query-input\":{\"@type\":\"PropertyValueSpecification\",\"valueRequired\":true,\"valueName\":\"search_term_string\"}}],\"inLanguage\":\"fr-FR\"}]}<\/script>\n<!-- \/ Yoast SEO plugin. -->","yoast_head_json":{"title":"Suivre les croisi\u00e8res TUI | Navires de croisi\u00e8re | Navire marin | Suivi des navires","description":"Emplacement de la flotte de TUI Cruises | Positions actuelles des navires de croisi\u00e8res TUI, num\u00e9ros IMO, MMSI, webcam | Cartes de la flotte en direct | Suivi des navires en direct","robots":{"index":"index","follow":"follow","max-snippet":"max-snippet:-1","max-image-preview":"max-image-preview:large","max-video-preview":"max-video-preview:-1"},"canonical":"https:\/\/ship-tracker.org\/fr\/tui-cruises\/","og_locale":"fr_FR","og_type":"article","og_title":"Track TUI Cruises | Cruise Ships | Marine Vessel | Ship Tracker","og_description":"TUI Cruises Fleet Location | Current Positions of TUI Cruises Ships, IMO numbers, MMSI, Webcam | Live Fleet Maps | Live Ship Tracker","og_url":"https:\/\/ship-tracker.org\/fr\/tui-cruises\/","og_site_name":"Ship-tracker.org","article_modified_time":"2022-10-27T14:01:30+00:00","og_image":[{"width":461,"height":405,"url":"https:\/\/ship-tracker.org\/wp-content\/uploads\/2020\/04\/tui-cruises-logo4.jpg","type":"image\/jpeg"}],"twitter_card":"summary_large_image","twitter_misc":{"Dur\u00e9e de lecture estim\u00e9e":"2 minutes"},"schema":{"@context":"https:\/\/schema.org","@graph":[{"@type":"WebPage","@id":"https:\/\/ship-tracker.org\/tui-cruises\/","url":"https:\/\/ship-tracker.org\/tui-cruises\/","name":"Suivre les croisi\u00e8res TUI | Navires de croisi\u00e8re | Navire marin | Suivi des navires","isPartOf":{"@id":"https:\/\/ship-tracker.org\/#website"},"primaryImageOfPage":{"@id":"https:\/\/ship-tracker.org\/tui-cruises\/#primaryimage"},"image":{"@id":"https:\/\/ship-tracker.org\/tui-cruises\/#primaryimage"},"thumbnailUrl":"https:\/\/ship-tracker.org\/wp-content\/uploads\/2020\/04\/tui-cruises-logo4.jpg","datePublished":"2020-04-29T12:18:01+00:00","dateModified":"2022-10-27T14:01:30+00:00","description":"Emplacement de la flotte de TUI Cruises | Positions actuelles des navires de croisi\u00e8res TUI, num\u00e9ros IMO, MMSI, webcam | Cartes de la flotte en direct | Suivi des navires en direct","breadcrumb":{"@id":"https:\/\/ship-tracker.org\/tui-cruises\/#breadcrumb"},"inLanguage":"fr-FR","potentialAction":[{"@type":"ReadAction","target":["https:\/\/ship-tracker.org\/tui-cruises\/"]}]},{"@type":"ImageObject","inLanguage":"fr-FR","@id":"https:\/\/ship-tracker.org\/tui-cruises\/#primaryimage","url":"https:\/\/ship-tracker.org\/wp-content\/uploads\/2020\/04\/tui-cruises-logo4.jpg","contentUrl":"https:\/\/ship-tracker.org\/wp-content\/uploads\/2020\/04\/tui-cruises-logo4.jpg","width":461,"height":405,"caption":"TUI Cruises"},{"@type":"BreadcrumbList","@id":"https:\/\/ship-tracker.org\/tui-cruises\/#breadcrumb","itemListElement":[{"@type":"ListItem","position":1,"name":"Startseite","item":"https:\/\/ship-tracker.org\/"},{"@type":"ListItem","position":2,"name":"TUI Cruises"}]},{"@type":"WebSite","@id":"https:\/\/ship-tracker.org\/#website","url":"https:\/\/ship-tracker.org\/","name":"Ship-tracker.org","description":"","potentialAction":[{"@type":"SearchAction","target":{"@type":"EntryPoint","urlTemplate":"https:\/\/ship-tracker.org\/?s={search_term_string}"},"query-input":{"@type":"PropertyValueSpecification","valueRequired":true,"valueName":"search_term_string"}}],"inLanguage":"fr-FR"}]}},"_links":{"self":[{"href":"https:\/\/ship-tracker.org\/fr\/wp-json\/wp\/v2\/pages\/2129","targetHints":{"allow":["GET"]}}],"collection":[{"href":"https:\/\/ship-tracker.org\/fr\/wp-json\/wp\/v2\/pages"}],"about":[{"href":"https:\/\/ship-tracker.org\/fr\/wp-json\/wp\/v2\/types\/page"}],"author":[{"embeddable":true,"href":"https:\/\/ship-tracker.org\/fr\/wp-json\/wp\/v2\/users\/1"}],"replies":[{"embeddable":true,"href":"https:\/\/ship-tracker.org\/fr\/wp-json\/wp\/v2\/comments?post=2129"}],"version-history":[{"count":4,"href":"https:\/\/ship-tracker.org\/fr\/wp-json\/wp\/v2\/pages\/2129\/revisions"}],"predecessor-version":[{"id":3491,"href":"https:\/\/ship-tracker.org\/fr\/wp-json\/wp\/v2\/pages\/2129\/revisions\/3491"}],"wp:featuredmedia":[{"embeddable":true,"href":"https:\/\/ship-tracker.org\/fr\/wp-json\/wp\/v2\/media\/2130"}],"wp:attachment":[{"href":"https:\/\/ship-tracker.org\/fr\/wp-json\/wp\/v2\/media?parent=2129"}],"curies":[{"name":"wp","href":"https:\/\/api.w.org\/{rel}","templated":true}]}}