{"id":2126,"date":"2020-04-29T14:19:16","date_gmt":"2020-04-29T12:19:16","guid":{"rendered":"https:\/\/ship-tracker.org\/?page_id=2126"},"modified":"2022-10-27T16:01:01","modified_gmt":"2022-10-27T14:01:01","slug":"aida-cruises","status":"publish","type":"page","link":"https:\/\/ship-tracker.org\/fr\/aida-cruises\/","title":{"rendered":"AIDA Cruises"},"content":{"rendered":"<h2>Navires de localisation de la flotte AIDA Cruises, num\u00e9ros OMI, MMSI, webcams<\/h2>\n<p>Quelle est la position actuelle de la flotte AIDA Cruises actuellement?<\/p>\n<table>\n<tbody>\n<tr style=\"height: 24px;\">\n<td style=\"width: 457px; height: 24px;\"><span style=\"color: #1f405b;\"><strong>Navire<\/strong><\/span><\/td>\n<td style=\"width: 456px; height: 24px;\"><span style=\"color: #1f405b;\"><strong>OMI<\/strong><\/span><\/td>\n<td style=\"width: 456px; height: 24px;\"><span style=\"color: #1f405b;\"><strong>MMSI<\/strong><\/span><\/td>\n<\/tr>\n<tr style=\"height: 24px;\">\n<td style=\"width: 457px; height: 24px;\"><a href=\"https:\/\/ship-tracker.org\/fr\/aidanova\/\">AIDAnova<\/a><\/td>\n<td style=\"width: 456px; height: 24px;\">9781865<\/td>\n<td style=\"width: 456px; height: 24px;\">247389200<\/td>\n<\/tr>\n<tr style=\"height: 24px;\">\n<td style=\"width: 457px; height: 24px;\"><a href=\"https:\/\/ship-tracker.org\/fr\/aidaperla\/\">AIDAperla<\/a><\/td>\n<td style=\"width: 456px; height: 24px;\">9636967<\/td>\n<td style=\"width: 456px; height: 24px;\">247385300<\/td>\n<\/tr>\n<tr style=\"height: 24px;\">\n<td style=\"width: 457px; height: 24px;\"><a href=\"https:\/\/ship-tracker.org\/fr\/aidaprima\/\">AIDAprima<\/a><\/td>\n<td style=\"width: 456px; height: 24px;\">9636955<\/td>\n<td style=\"width: 456px; height: 24px;\">247353800<\/td>\n<\/tr>\n<tr style=\"height: 24px;\">\n<td style=\"width: 457px; height: 24px;\"><a href=\"https:\/\/ship-tracker.org\/fr\/aidastella\/\">AIDAstella<\/a><\/td>\n<td style=\"width: 456px; height: 24px;\">9601132<\/td>\n<td style=\"width: 456px; height: 24px;\">247322800<\/td>\n<\/tr>\n<tr style=\"height: 24px;\">\n<td style=\"width: 457px; height: 24px;\"><a href=\"https:\/\/ship-tracker.org\/fr\/aidamar\/\">AIDAmar<\/a><\/td>\n<td style=\"width: 456px; height: 24px;\">9490052<\/td>\n<td style=\"width: 456px; height: 24px;\">247312900<\/td>\n<\/tr>\n<tr style=\"height: 24px;\">\n<td style=\"width: 457px; height: 24px;\"><a href=\"https:\/\/ship-tracker.org\/fr\/aidasol\/\">AIDAsol<\/a><\/td>\n<td style=\"width: 456px; height: 24px;\">9490040<\/td>\n<td style=\"width: 456px; height: 24px;\">247302900<\/td>\n<\/tr>\n<tr style=\"height: 24px;\">\n<td style=\"width: 457px; height: 24px;\"><a href=\"https:\/\/ship-tracker.org\/fr\/aidablu\/\">AIDAblu<\/a><\/td>\n<td style=\"width: 456px; height: 24px;\">9398888<\/td>\n<td style=\"width: 456px; height: 24px;\">247282500<\/td>\n<\/tr>\n<tr style=\"height: 24px;\">\n<td style=\"width: 457px; height: 24px;\"><a href=\"https:\/\/ship-tracker.org\/fr\/aidaluna\/\">AIDAluna<\/a><\/td>\n<td style=\"width: 456px; height: 24px;\">9334868<\/td>\n<td style=\"width: 456px; height: 24px;\">247255400<\/td>\n<\/tr>\n<tr style=\"height: 24px;\">\n<td style=\"width: 457px; height: 24px;\"><a href=\"https:\/\/ship-tracker.org\/fr\/aidabella\/\">AIDAbella<\/a><\/td>\n<td style=\"width: 456px; height: 24px;\">9362542<\/td>\n<td style=\"width: 456px; height: 24px;\">247229700<\/td>\n<\/tr>\n<tr style=\"height: 24px;\">\n<td style=\"width: 457px; height: 24px;\"><a href=\"https:\/\/ship-tracker.org\/fr\/aidadiva\/\">AIDAdiva<\/a><\/td>\n<td style=\"width: 456px; height: 24px;\">9334856<\/td>\n<td style=\"width: 456px; height: 24px;\">247187700<\/td>\n<\/tr>\n<tr style=\"height: 24px;\">\n<td style=\"width: 457px; height: 24px;\"><a href=\"https:\/\/ship-tracker.org\/fr\/aidaaura\/\">AIDAaura<\/a><\/td>\n<td style=\"width: 456px; height: 24px;\">9221566<\/td>\n<td style=\"width: 456px; height: 24px;\">247117400<\/td>\n<\/tr>\n<tr style=\"height: 24px;\">\n<td style=\"width: 457px; height: 24px;\"><a href=\"https:\/\/ship-tracker.org\/fr\/aidavita\/\">AIDAvita<\/a><\/td>\n<td style=\"width: 456px; height: 24px;\">9221554<\/td>\n<td style=\"width: 456px; height: 24px;\">247114900<\/td>\n<\/tr>\n<tr style=\"height: 24px;\">\n<td style=\"width: 457px; height: 24px;\"><a href=\"https:\/\/ship-tracker.org\/fr\/aidamira\/\">AIDAmira<\/a><\/td>\n<td style=\"width: 456px; height: 24px;\">9172777<\/td>\n<td style=\"width: 456px; height: 24px;\">247325300<\/td>\n<\/tr>\n<tr style=\"height: 24px;\">\n<td style=\"width: 457px; height: 24px;\"><a href=\"https:\/\/ship-tracker.org\/fr\/aidacara\/\">AIDAcara<\/a><\/td>\n<td style=\"width: 456px; height: 24px;\">9112789<\/td>\n<td style=\"width: 456px; height: 24px;\">247117300<\/td>\n<\/tr>\n<tr style=\"height: 24px;\">\n<td style=\"width: 457px; height: 24px;\"><a href=\"https:\/\/ship-tracker.org\/fr\/aidacosma\/\">AIDAcosma<\/a><\/td>\n<td style=\"width: 456px; height: 24px;\">9781877<\/td>\n<td style=\"width: 456px; height: 24px;\">247435300<\/td>\n<\/tr>\n<\/tbody>\n<\/table>\n<h2>\u00c0 propos d&#039;AIDA Cruises<\/h2>\n<p>AIDA Cruises est une compagnie maritime bas\u00e9e \u00e0 Rostock et leader du march\u00e9 allemand des croisi\u00e8res. L&#039;histoire du succ\u00e8s a commenc\u00e9 en 1996 avec l&#039;actuelle AIDAcara. 1999 marque le d\u00e9but de l&#039;histoire de la compagnie maritime AIDA, \u00e0 cette \u00e9poque encore sous le nom de \u00abSeetours\u00bb. Seulement 5 ans plus tard, l&#039;AIDA a re\u00e7u son nom de marque actuel et navigue depuis sous les drapeaux italiens. Entre-temps, AIDA Cruises a m\u00eame \u00e9t\u00e9 nomm\u00e9e, ou appartient plut\u00f4t au leader mondial du march\u00e9 des croisi\u00e8res. En 1996, Deutsche Reederei est entr\u00e9e sur le march\u00e9 pour la premi\u00e8re fois avec l&#039;AIDA Cara. Avec son si\u00e8ge social \u00e0 Rostock, pr\u00e8s de 8 000 employ\u00e9s travaillent actuellement sur des navires de croisi\u00e8re AIDA.<\/p>\n<p>Entre-temps, d&#039;innombrables navires appartiennent \u00e0 l&#039;AIDA. Au tout d\u00e9but, l&#039;AIDAcara a \u00e9t\u00e9 le premier navire \u00e0 \u00eatre pr\u00eat \u00e0 transporter des invit\u00e9s \u00e0 travers les mers. Depuis lors, 11 autres navires ont \u00e9t\u00e9 mis en service par l&#039;AIDA, comme l&#039;AIDAvita ou l&#039;AIDAaura. Et ce n&#039;est pas tout, car \u00e0 l&#039;avenir plusieurs autres navires AIDA vont \u00eatre lanc\u00e9s. Plus r\u00e9cemment, c&#039;est l&#039;AIDAnova qui a \u00e9t\u00e9 autoris\u00e9e \u00e0 introduire la nouvelle g\u00e9n\u00e9ration. Nous pouvons donc \u00eatre curieux de savoir ce que AIDA pr\u00e9voit pour ses invit\u00e9s en mer dans les ann\u00e9es \u00e0 venir.<\/p>\n<p>AIDA est synonyme de vari\u00e9t\u00e9 et est synonyme d&#039;excellente qualit\u00e9 et surtout de diversit\u00e9. Ce n&#039;est donc pas ennuyeux lors d&#039;une croisi\u00e8re AIDA. Aventure et d\u00e9tente, deux concepts qui fonctionnent parfaitement ensemble. Au cours des derni\u00e8res ann\u00e9es, AIDA a r\u00e9ussi \u00e0 cr\u00e9er une atmosph\u00e8re tr\u00e8s sp\u00e9ciale \u00e0 bord. D\u00e9j\u00e0 en 2014, la compagnie maritime a re\u00e7u un prix et le prix allemand de la croisi\u00e8re pour le \u00abmeilleur produit familial\u00bb et la meilleure \u00abqualit\u00e9 de service\u00bb. Bien s\u00fbr, il n&#039;est pas exclu que d&#039;autres prix et distinctions suivent.<\/p>\n<p>Pour les voyageurs en provenance d&#039;Allemagne, des membres d&#039;\u00e9quipage germanophones sont toujours disponibles \u00e0 bord de l&#039;AIDA, de sorte qu&#039;il n&#039;y a pas lieu de s&#039;inqui\u00e9ter du point de vue linguistique. Un code vestimentaire est \u00e9galement prescrit pour les employ\u00e9s, afin que vous puissiez toujours reconna\u00eetre votre personne de contact. Les navires de croisi\u00e8re d&#039;AIDA naviguent g\u00e9n\u00e9ralement la nuit, de sorte que les destinations peuvent \u00eatre visit\u00e9es et exp\u00e9riment\u00e9es pendant la journ\u00e9e.<\/p>","protected":false},"excerpt":{"rendered":"<p>Emplacement de la flotte d&#039;AIDA Cruises Navires, num\u00e9ros OMI, MMSI, webcams O\u00f9 est actuellement la position de la flotte d&#039;AIDA Cruises ? Navire OMI MMSI AIDAnova 9781865 247389200 AIDAperla 9636967 247385300 AIDAprima 9636955 247353800 AIDAstella 9601132 247322800 AIDAmar 9490052 247312900 AIDAsol 9490040 247302900 AIDAblu 9398888 247282500 AIDAluna 9334868 247255400 AIDAbella 9362542 247229700 AIDAdiva 9334856 247187700 AIDAaura 9221566 247117400\u2026&nbsp;<a href=\"https:\/\/ship-tracker.org\/fr\/aida-cruises\/\" rel=\"bookmark\">En savoir plus &quot;<span class=\"screen-reader-text\">AIDA Cruises<\/span><\/a><\/p>","protected":false},"author":1,"featured_media":2127,"parent":0,"menu_order":0,"comment_status":"closed","ping_status":"closed","template":"","meta":{"neve_meta_sidebar":"","neve_meta_container":"","neve_meta_enable_content_width":"","neve_meta_content_width":0,"neve_meta_title_alignment":"","neve_meta_author_avatar":"","neve_post_elements_order":"","neve_meta_disable_header":"","neve_meta_disable_footer":"","neve_meta_disable_title":"","neve_meta_reading_time":"","footnotes":""},"class_list":["post-2126","page","type-page","status-publish","has-post-thumbnail","hentry"],"yoast_head":"<!-- This site is optimized with the Yoast SEO plugin v26.9 - https:\/\/yoast.com\/product\/yoast-seo-wordpress\/ -->\n<title>Track AIDA Cruises Fleet | Cruise Ships | Marine Vessel<\/title>\n<meta name=\"description\" content=\"AIDA Cruises Fleet Location | Current Positions of AIDA Cruises Ships, IMO numbers, MMSI, Webcam | Live Fleet Maps | Live Ship Tracker\" \/>\n<meta name=\"robots\" content=\"index, follow, max-snippet:-1, max-image-preview:large, max-video-preview:-1\" \/>\n<link rel=\"canonical\" href=\"https:\/\/ship-tracker.org\/fr\/aida-cruises\/\" \/>\n<meta property=\"og:locale\" content=\"fr_FR\" \/>\n<meta property=\"og:type\" content=\"article\" \/>\n<meta property=\"og:title\" content=\"Track AIDA Cruises Fleet | Cruise Ships | Marine Vessel\" \/>\n<meta property=\"og:description\" content=\"AIDA Cruises Fleet Location | Current Positions of AIDA Cruises Ships, IMO numbers, MMSI, Webcam | Live Fleet Maps | Live Ship Tracker\" \/>\n<meta property=\"og:url\" content=\"https:\/\/ship-tracker.org\/fr\/aida-cruises\/\" \/>\n<meta property=\"og:site_name\" content=\"Ship-tracker.org\" \/>\n<meta property=\"article:modified_time\" content=\"2022-10-27T14:01:01+00:00\" \/>\n<meta property=\"og:image\" content=\"https:\/\/ship-tracker.org\/wp-content\/uploads\/2020\/04\/aida-cruises-logo.jpg\" \/>\n\t<meta property=\"og:image:width\" content=\"461\" \/>\n\t<meta property=\"og:image:height\" content=\"405\" \/>\n\t<meta property=\"og:image:type\" content=\"image\/jpeg\" \/>\n<meta name=\"twitter:card\" content=\"summary_large_image\" \/>\n<meta name=\"twitter:label1\" content=\"Dur\u00e9e de lecture estim\u00e9e\" \/>\n\t<meta name=\"twitter:data1\" content=\"2 minutes\" \/>\n<script type=\"application\/ld+json\" class=\"yoast-schema-graph\">{\"@context\":\"https:\/\/schema.org\",\"@graph\":[{\"@type\":\"WebPage\",\"@id\":\"https:\/\/ship-tracker.org\/aida-cruises\/\",\"url\":\"https:\/\/ship-tracker.org\/aida-cruises\/\",\"name\":\"Track AIDA Cruises Fleet | Cruise Ships | Marine Vessel\",\"isPartOf\":{\"@id\":\"https:\/\/ship-tracker.org\/#website\"},\"primaryImageOfPage\":{\"@id\":\"https:\/\/ship-tracker.org\/aida-cruises\/#primaryimage\"},\"image\":{\"@id\":\"https:\/\/ship-tracker.org\/aida-cruises\/#primaryimage\"},\"thumbnailUrl\":\"https:\/\/ship-tracker.org\/wp-content\/uploads\/2020\/04\/aida-cruises-logo.jpg\",\"datePublished\":\"2020-04-29T12:19:16+00:00\",\"dateModified\":\"2022-10-27T14:01:01+00:00\",\"description\":\"AIDA Cruises Fleet Location | Current Positions of AIDA Cruises Ships, IMO numbers, MMSI, Webcam | Live Fleet Maps | Live Ship Tracker\",\"breadcrumb\":{\"@id\":\"https:\/\/ship-tracker.org\/aida-cruises\/#breadcrumb\"},\"inLanguage\":\"fr-FR\",\"potentialAction\":[{\"@type\":\"ReadAction\",\"target\":[\"https:\/\/ship-tracker.org\/aida-cruises\/\"]}]},{\"@type\":\"ImageObject\",\"inLanguage\":\"fr-FR\",\"@id\":\"https:\/\/ship-tracker.org\/aida-cruises\/#primaryimage\",\"url\":\"https:\/\/ship-tracker.org\/wp-content\/uploads\/2020\/04\/aida-cruises-logo.jpg\",\"contentUrl\":\"https:\/\/ship-tracker.org\/wp-content\/uploads\/2020\/04\/aida-cruises-logo.jpg\",\"width\":461,\"height\":405,\"caption\":\"AIDA Cruises\"},{\"@type\":\"BreadcrumbList\",\"@id\":\"https:\/\/ship-tracker.org\/aida-cruises\/#breadcrumb\",\"itemListElement\":[{\"@type\":\"ListItem\",\"position\":1,\"name\":\"Startseite\",\"item\":\"https:\/\/ship-tracker.org\/\"},{\"@type\":\"ListItem\",\"position\":2,\"name\":\"AIDA Cruises\"}]},{\"@type\":\"WebSite\",\"@id\":\"https:\/\/ship-tracker.org\/#website\",\"url\":\"https:\/\/ship-tracker.org\/\",\"name\":\"Ship-tracker.org\",\"description\":\"\",\"potentialAction\":[{\"@type\":\"SearchAction\",\"target\":{\"@type\":\"EntryPoint\",\"urlTemplate\":\"https:\/\/ship-tracker.org\/?s={search_term_string}\"},\"query-input\":{\"@type\":\"PropertyValueSpecification\",\"valueRequired\":true,\"valueName\":\"search_term_string\"}}],\"inLanguage\":\"fr-FR\"}]}<\/script>\n<!-- \/ Yoast SEO plugin. -->","yoast_head_json":{"title":"Suivre la flotte des croisi\u00e8res AIDA | Navires de croisi\u00e8re | Navire marin","description":"Emplacement de la flotte de croisi\u00e8res AIDA | Positions actuelles des navires de croisi\u00e8re AIDA, num\u00e9ros OMI, MMSI, webcam | Cartes de flotte en direct | Suivi des navires en direct","robots":{"index":"index","follow":"follow","max-snippet":"max-snippet:-1","max-image-preview":"max-image-preview:large","max-video-preview":"max-video-preview:-1"},"canonical":"https:\/\/ship-tracker.org\/fr\/aida-cruises\/","og_locale":"fr_FR","og_type":"article","og_title":"Track AIDA Cruises Fleet | Cruise Ships | Marine Vessel","og_description":"AIDA Cruises Fleet Location | Current Positions of AIDA Cruises Ships, IMO numbers, MMSI, Webcam | Live Fleet Maps | Live Ship Tracker","og_url":"https:\/\/ship-tracker.org\/fr\/aida-cruises\/","og_site_name":"Ship-tracker.org","article_modified_time":"2022-10-27T14:01:01+00:00","og_image":[{"width":461,"height":405,"url":"https:\/\/ship-tracker.org\/wp-content\/uploads\/2020\/04\/aida-cruises-logo.jpg","type":"image\/jpeg"}],"twitter_card":"summary_large_image","twitter_misc":{"Dur\u00e9e de lecture estim\u00e9e":"2 minutes"},"schema":{"@context":"https:\/\/schema.org","@graph":[{"@type":"WebPage","@id":"https:\/\/ship-tracker.org\/aida-cruises\/","url":"https:\/\/ship-tracker.org\/aida-cruises\/","name":"Suivre la flotte des croisi\u00e8res AIDA | Navires de croisi\u00e8re | Navire marin","isPartOf":{"@id":"https:\/\/ship-tracker.org\/#website"},"primaryImageOfPage":{"@id":"https:\/\/ship-tracker.org\/aida-cruises\/#primaryimage"},"image":{"@id":"https:\/\/ship-tracker.org\/aida-cruises\/#primaryimage"},"thumbnailUrl":"https:\/\/ship-tracker.org\/wp-content\/uploads\/2020\/04\/aida-cruises-logo.jpg","datePublished":"2020-04-29T12:19:16+00:00","dateModified":"2022-10-27T14:01:01+00:00","description":"Emplacement de la flotte de croisi\u00e8res AIDA | Positions actuelles des navires de croisi\u00e8re AIDA, num\u00e9ros OMI, MMSI, webcam | Cartes de flotte en direct | Suivi des navires en direct","breadcrumb":{"@id":"https:\/\/ship-tracker.org\/aida-cruises\/#breadcrumb"},"inLanguage":"fr-FR","potentialAction":[{"@type":"ReadAction","target":["https:\/\/ship-tracker.org\/aida-cruises\/"]}]},{"@type":"ImageObject","inLanguage":"fr-FR","@id":"https:\/\/ship-tracker.org\/aida-cruises\/#primaryimage","url":"https:\/\/ship-tracker.org\/wp-content\/uploads\/2020\/04\/aida-cruises-logo.jpg","contentUrl":"https:\/\/ship-tracker.org\/wp-content\/uploads\/2020\/04\/aida-cruises-logo.jpg","width":461,"height":405,"caption":"AIDA Cruises"},{"@type":"BreadcrumbList","@id":"https:\/\/ship-tracker.org\/aida-cruises\/#breadcrumb","itemListElement":[{"@type":"ListItem","position":1,"name":"Startseite","item":"https:\/\/ship-tracker.org\/"},{"@type":"ListItem","position":2,"name":"AIDA Cruises"}]},{"@type":"WebSite","@id":"https:\/\/ship-tracker.org\/#website","url":"https:\/\/ship-tracker.org\/","name":"Ship-tracker.org","description":"","potentialAction":[{"@type":"SearchAction","target":{"@type":"EntryPoint","urlTemplate":"https:\/\/ship-tracker.org\/?s={search_term_string}"},"query-input":{"@type":"PropertyValueSpecification","valueRequired":true,"valueName":"search_term_string"}}],"inLanguage":"fr-FR"}]}},"_links":{"self":[{"href":"https:\/\/ship-tracker.org\/fr\/wp-json\/wp\/v2\/pages\/2126","targetHints":{"allow":["GET"]}}],"collection":[{"href":"https:\/\/ship-tracker.org\/fr\/wp-json\/wp\/v2\/pages"}],"about":[{"href":"https:\/\/ship-tracker.org\/fr\/wp-json\/wp\/v2\/types\/page"}],"author":[{"embeddable":true,"href":"https:\/\/ship-tracker.org\/fr\/wp-json\/wp\/v2\/users\/1"}],"replies":[{"embeddable":true,"href":"https:\/\/ship-tracker.org\/fr\/wp-json\/wp\/v2\/comments?post=2126"}],"version-history":[{"count":6,"href":"https:\/\/ship-tracker.org\/fr\/wp-json\/wp\/v2\/pages\/2126\/revisions"}],"predecessor-version":[{"id":3489,"href":"https:\/\/ship-tracker.org\/fr\/wp-json\/wp\/v2\/pages\/2126\/revisions\/3489"}],"wp:featuredmedia":[{"embeddable":true,"href":"https:\/\/ship-tracker.org\/fr\/wp-json\/wp\/v2\/media\/2127"}],"wp:attachment":[{"href":"https:\/\/ship-tracker.org\/fr\/wp-json\/wp\/v2\/media?parent=2126"}],"curies":[{"name":"wp","href":"https:\/\/api.w.org\/{rel}","templated":true}]}}