{"id":2117,"date":"2020-04-29T14:22:29","date_gmt":"2020-04-29T12:22:29","guid":{"rendered":"https:\/\/ship-tracker.org\/?page_id=2117"},"modified":"2022-11-01T13:48:25","modified_gmt":"2022-11-01T12:48:25","slug":"azamara-cruises","status":"publish","type":"page","link":"https:\/\/ship-tracker.org\/fr\/azamara-cruises\/","title":{"rendered":"Azamara Cruises"},"content":{"rendered":"<h2>Navires Azamara Cruises Fleet Location, num\u00e9ros OMI, MMSI, Webcams<\/h2>\n<p>O\u00f9 est actuellement la position de Azamara Cruises Fleet?<\/p>\n<table>\n<tbody>\n<tr style=\"height: 24px;\">\n<td style=\"width: 457px; height: 24px;\"><span style=\"color: #1f405b;\"><strong>Navire<\/strong><\/span><\/td>\n<td style=\"width: 456px; height: 24px;\"><span style=\"color: #1f405b;\"><strong>OMI<\/strong><\/span><\/td>\n<td style=\"width: 456px; height: 24px;\"><span style=\"color: #1f405b;\"><strong>MMSI<\/strong><\/span><\/td>\n<\/tr>\n<tr style=\"height: 24px;\">\n<td style=\"width: 457px; height: 24px;\"><a href=\"https:\/\/ship-tracker.org\/fr\/azamara-pursuit\/\">Azamara Pursuit<\/a><\/td>\n<td style=\"width: 456px; height: 24px;\">9210220<\/td>\n<td style=\"width: 456px; height: 24px;\">248762000<\/td>\n<\/tr>\n<tr style=\"height: 24px;\">\n<td style=\"width: 457px; height: 24px;\"><a href=\"https:\/\/ship-tracker.org\/fr\/azamara-quest\/\">Azamara Quest<\/a><\/td>\n<td style=\"width: 456px; height: 24px;\">9210218<\/td>\n<td style=\"width: 456px; height: 24px;\">256216000<\/td>\n<\/tr>\n<tr style=\"height: 24px;\">\n<td style=\"width: 457px; height: 24px;\"><a href=\"https:\/\/ship-tracker.org\/fr\/azamara-journey\/\">Azamara Journey<\/a><\/td>\n<td style=\"width: 456px; height: 24px;\">9200940<\/td>\n<td style=\"width: 456px; height: 24px;\">256204000<\/td>\n<\/tr>\n<tr>\n<td style=\"width: 457px;\"><a href=\"https:\/\/ship-tracker.org\/fr\/azamara-onward\/\">Azamara en avant<\/a><\/td>\n<td style=\"width: 456px;\">9187887<\/td>\n<td style=\"width: 456px;\">229765000<\/td>\n<\/tr>\n<\/tbody>\n<\/table>\n<h2>\u00c0 propos d&#039;Azamara Cruises<\/h2>\n<p>Azamara Cruises est une marque de croisi\u00e8re pour les croiseurs exigeants et exp\u00e9riment\u00e9s. L&#039;accent est mis sur les destinations o\u00f9 les navires font escale. Les passagers ne doivent pas seulement visiter les arr\u00eats de leur croisi\u00e8re, mais en faire l&#039;exp\u00e9rience. La flotte comprend trois navires exclusifs pouvant accueillir jusqu&#039;\u00e0 694 invit\u00e9s, le voyage Azamara, la poursuite Azamara et la qu\u00eate Azamara. Avec 353 cabines et suites, ils cr\u00e9ent l&#039;ambiance d&#039;un h\u00f4tel de charme avec un service exceptionnel, les meilleurs vins et plats du monde entier, ainsi que des programmes de bien-\u00eatre et de bien-\u00eatre - le tout en collaboration avec des ports o\u00f9 les grands navires ne peuvent pas faire escale.<\/p>\n<p>Azamara Journey et Azamara Quest naviguent sur les eaux de l&#039;Europe et de l&#039;Asie, en passant par le canal de Panama, effectuant des travers\u00e9es transatlantiques et guidant leurs invit\u00e9s vers les pointes d&#039;initi\u00e9s des \u00eeles des Cara\u00efbes. La particularit\u00e9: les itin\u00e9raires incluent un haut niveau de s\u00e9jours au port jusqu&#039;\u00e0 tard le soir ou m\u00eame la nuit.<\/p>","protected":false},"excerpt":{"rendered":"<p>Emplacement de la flotte d&#039;Azamara Cruises Navires, num\u00e9ros OMI, MMSI, webcams O\u00f9 est actuellement la position de la flotte d&#039;Azamara Cruises ? Navire IMO MMSI Azamara Pursuit 9210220 248762000 Azamara Quest 9210218 256216000 Azamara Journey 9200940 256204000 Azamara Onward 9187887 229765000 \u00c0 propos d&#039;Azamara Cruises Azamara Cruises est une marque de croisi\u00e8re destin\u00e9e aux croisi\u00e9ristes exigeants et exp\u00e9riment\u00e9s. L\u2019accent est mis sur\u2026&nbsp;<a href=\"https:\/\/ship-tracker.org\/fr\/azamara-cruises\/\" rel=\"bookmark\">En savoir plus &quot;<span class=\"screen-reader-text\">Azamara Cruises<\/span><\/a><\/p>","protected":false},"author":1,"featured_media":2118,"parent":0,"menu_order":0,"comment_status":"closed","ping_status":"closed","template":"","meta":{"neve_meta_sidebar":"","neve_meta_container":"","neve_meta_enable_content_width":"","neve_meta_content_width":0,"neve_meta_title_alignment":"","neve_meta_author_avatar":"","neve_post_elements_order":"","neve_meta_disable_header":"","neve_meta_disable_footer":"","neve_meta_disable_title":"","neve_meta_reading_time":"","footnotes":""},"class_list":["post-2117","page","type-page","status-publish","has-post-thumbnail","hentry"],"yoast_head":"<!-- This site is optimized with the Yoast SEO plugin v26.9 - https:\/\/yoast.com\/product\/yoast-seo-wordpress\/ -->\n<title>Track Azamara Cruises Fleet | Cruise Ships | Marine Vessel<\/title>\n<meta name=\"description\" content=\"Azamara Cruises Fleet Location | Current Positions of Azamara Cruises Ships, IMO numbers, MMSI, Webcam | Live Fleet Maps | Live Ship Tracker\" \/>\n<meta name=\"robots\" content=\"index, follow, max-snippet:-1, max-image-preview:large, max-video-preview:-1\" \/>\n<link rel=\"canonical\" href=\"https:\/\/ship-tracker.org\/fr\/azamara-cruises\/\" \/>\n<meta property=\"og:locale\" content=\"fr_FR\" \/>\n<meta property=\"og:type\" content=\"article\" \/>\n<meta property=\"og:title\" content=\"Track Azamara Cruises Fleet | Cruise Ships | Marine Vessel\" \/>\n<meta property=\"og:description\" content=\"Azamara Cruises Fleet Location | Current Positions of Azamara Cruises Ships, IMO numbers, MMSI, Webcam | Live Fleet Maps | Live Ship Tracker\" \/>\n<meta property=\"og:url\" content=\"https:\/\/ship-tracker.org\/fr\/azamara-cruises\/\" \/>\n<meta property=\"og:site_name\" content=\"Ship-tracker.org\" \/>\n<meta property=\"article:modified_time\" content=\"2022-11-01T12:48:25+00:00\" \/>\n<meta property=\"og:image\" content=\"https:\/\/ship-tracker.org\/wp-content\/uploads\/2020\/04\/500x309.jpg\" \/>\n\t<meta property=\"og:image:width\" content=\"500\" \/>\n\t<meta property=\"og:image:height\" content=\"309\" \/>\n\t<meta property=\"og:image:type\" content=\"image\/jpeg\" \/>\n<meta name=\"twitter:card\" content=\"summary_large_image\" \/>\n<meta name=\"twitter:label1\" content=\"Dur\u00e9e de lecture estim\u00e9e\" \/>\n\t<meta name=\"twitter:data1\" content=\"1 minute\" \/>\n<script type=\"application\/ld+json\" class=\"yoast-schema-graph\">{\"@context\":\"https:\/\/schema.org\",\"@graph\":[{\"@type\":\"WebPage\",\"@id\":\"https:\/\/ship-tracker.org\/azamara-cruises\/\",\"url\":\"https:\/\/ship-tracker.org\/azamara-cruises\/\",\"name\":\"Track Azamara Cruises Fleet | Cruise Ships | Marine Vessel\",\"isPartOf\":{\"@id\":\"https:\/\/ship-tracker.org\/#website\"},\"primaryImageOfPage\":{\"@id\":\"https:\/\/ship-tracker.org\/azamara-cruises\/#primaryimage\"},\"image\":{\"@id\":\"https:\/\/ship-tracker.org\/azamara-cruises\/#primaryimage\"},\"thumbnailUrl\":\"https:\/\/ship-tracker.org\/wp-content\/uploads\/2020\/04\/500x309.jpg\",\"datePublished\":\"2020-04-29T12:22:29+00:00\",\"dateModified\":\"2022-11-01T12:48:25+00:00\",\"description\":\"Azamara Cruises Fleet Location | Current Positions of Azamara Cruises Ships, IMO numbers, MMSI, Webcam | Live Fleet Maps | Live Ship Tracker\",\"breadcrumb\":{\"@id\":\"https:\/\/ship-tracker.org\/azamara-cruises\/#breadcrumb\"},\"inLanguage\":\"fr-FR\",\"potentialAction\":[{\"@type\":\"ReadAction\",\"target\":[\"https:\/\/ship-tracker.org\/azamara-cruises\/\"]}]},{\"@type\":\"ImageObject\",\"inLanguage\":\"fr-FR\",\"@id\":\"https:\/\/ship-tracker.org\/azamara-cruises\/#primaryimage\",\"url\":\"https:\/\/ship-tracker.org\/wp-content\/uploads\/2020\/04\/500x309.jpg\",\"contentUrl\":\"https:\/\/ship-tracker.org\/wp-content\/uploads\/2020\/04\/500x309.jpg\",\"width\":500,\"height\":309,\"caption\":\"Azamara Cruises\"},{\"@type\":\"BreadcrumbList\",\"@id\":\"https:\/\/ship-tracker.org\/azamara-cruises\/#breadcrumb\",\"itemListElement\":[{\"@type\":\"ListItem\",\"position\":1,\"name\":\"Startseite\",\"item\":\"https:\/\/ship-tracker.org\/\"},{\"@type\":\"ListItem\",\"position\":2,\"name\":\"Azamara Cruises\"}]},{\"@type\":\"WebSite\",\"@id\":\"https:\/\/ship-tracker.org\/#website\",\"url\":\"https:\/\/ship-tracker.org\/\",\"name\":\"Ship-tracker.org\",\"description\":\"\",\"potentialAction\":[{\"@type\":\"SearchAction\",\"target\":{\"@type\":\"EntryPoint\",\"urlTemplate\":\"https:\/\/ship-tracker.org\/?s={search_term_string}\"},\"query-input\":{\"@type\":\"PropertyValueSpecification\",\"valueRequired\":true,\"valueName\":\"search_term_string\"}}],\"inLanguage\":\"fr-FR\"}]}<\/script>\n<!-- \/ Yoast SEO plugin. -->","yoast_head_json":{"title":"Suivre la flotte d&#039;Azamara Cruises | Navires de croisi\u00e8re | Navire maritime","description":"Emplacement de la flotte des croisi\u00e8res Azamara | Positions actuelles des navires de croisi\u00e8re Azamara, num\u00e9ros IMO, MMSI, webcam | Cartes de la flotte en direct | Suivi des navires en direct","robots":{"index":"index","follow":"follow","max-snippet":"max-snippet:-1","max-image-preview":"max-image-preview:large","max-video-preview":"max-video-preview:-1"},"canonical":"https:\/\/ship-tracker.org\/fr\/azamara-cruises\/","og_locale":"fr_FR","og_type":"article","og_title":"Track Azamara Cruises Fleet | Cruise Ships | Marine Vessel","og_description":"Azamara Cruises Fleet Location | Current Positions of Azamara Cruises Ships, IMO numbers, MMSI, Webcam | Live Fleet Maps | Live Ship Tracker","og_url":"https:\/\/ship-tracker.org\/fr\/azamara-cruises\/","og_site_name":"Ship-tracker.org","article_modified_time":"2022-11-01T12:48:25+00:00","og_image":[{"width":500,"height":309,"url":"https:\/\/ship-tracker.org\/wp-content\/uploads\/2020\/04\/500x309.jpg","type":"image\/jpeg"}],"twitter_card":"summary_large_image","twitter_misc":{"Dur\u00e9e de lecture estim\u00e9e":"1 minute"},"schema":{"@context":"https:\/\/schema.org","@graph":[{"@type":"WebPage","@id":"https:\/\/ship-tracker.org\/azamara-cruises\/","url":"https:\/\/ship-tracker.org\/azamara-cruises\/","name":"Suivre la flotte d&#039;Azamara Cruises | Navires de croisi\u00e8re | Navire maritime","isPartOf":{"@id":"https:\/\/ship-tracker.org\/#website"},"primaryImageOfPage":{"@id":"https:\/\/ship-tracker.org\/azamara-cruises\/#primaryimage"},"image":{"@id":"https:\/\/ship-tracker.org\/azamara-cruises\/#primaryimage"},"thumbnailUrl":"https:\/\/ship-tracker.org\/wp-content\/uploads\/2020\/04\/500x309.jpg","datePublished":"2020-04-29T12:22:29+00:00","dateModified":"2022-11-01T12:48:25+00:00","description":"Emplacement de la flotte des croisi\u00e8res Azamara | Positions actuelles des navires de croisi\u00e8re Azamara, num\u00e9ros IMO, MMSI, webcam | Cartes de la flotte en direct | Suivi des navires en direct","breadcrumb":{"@id":"https:\/\/ship-tracker.org\/azamara-cruises\/#breadcrumb"},"inLanguage":"fr-FR","potentialAction":[{"@type":"ReadAction","target":["https:\/\/ship-tracker.org\/azamara-cruises\/"]}]},{"@type":"ImageObject","inLanguage":"fr-FR","@id":"https:\/\/ship-tracker.org\/azamara-cruises\/#primaryimage","url":"https:\/\/ship-tracker.org\/wp-content\/uploads\/2020\/04\/500x309.jpg","contentUrl":"https:\/\/ship-tracker.org\/wp-content\/uploads\/2020\/04\/500x309.jpg","width":500,"height":309,"caption":"Azamara Cruises"},{"@type":"BreadcrumbList","@id":"https:\/\/ship-tracker.org\/azamara-cruises\/#breadcrumb","itemListElement":[{"@type":"ListItem","position":1,"name":"Startseite","item":"https:\/\/ship-tracker.org\/"},{"@type":"ListItem","position":2,"name":"Azamara Cruises"}]},{"@type":"WebSite","@id":"https:\/\/ship-tracker.org\/#website","url":"https:\/\/ship-tracker.org\/","name":"Ship-tracker.org","description":"","potentialAction":[{"@type":"SearchAction","target":{"@type":"EntryPoint","urlTemplate":"https:\/\/ship-tracker.org\/?s={search_term_string}"},"query-input":{"@type":"PropertyValueSpecification","valueRequired":true,"valueName":"search_term_string"}}],"inLanguage":"fr-FR"}]}},"_links":{"self":[{"href":"https:\/\/ship-tracker.org\/fr\/wp-json\/wp\/v2\/pages\/2117","targetHints":{"allow":["GET"]}}],"collection":[{"href":"https:\/\/ship-tracker.org\/fr\/wp-json\/wp\/v2\/pages"}],"about":[{"href":"https:\/\/ship-tracker.org\/fr\/wp-json\/wp\/v2\/types\/page"}],"author":[{"embeddable":true,"href":"https:\/\/ship-tracker.org\/fr\/wp-json\/wp\/v2\/users\/1"}],"replies":[{"embeddable":true,"href":"https:\/\/ship-tracker.org\/fr\/wp-json\/wp\/v2\/comments?post=2117"}],"version-history":[{"count":6,"href":"https:\/\/ship-tracker.org\/fr\/wp-json\/wp\/v2\/pages\/2117\/revisions"}],"predecessor-version":[{"id":3544,"href":"https:\/\/ship-tracker.org\/fr\/wp-json\/wp\/v2\/pages\/2117\/revisions\/3544"}],"wp:featuredmedia":[{"embeddable":true,"href":"https:\/\/ship-tracker.org\/fr\/wp-json\/wp\/v2\/media\/2118"}],"wp:attachment":[{"href":"https:\/\/ship-tracker.org\/fr\/wp-json\/wp\/v2\/media?parent=2117"}],"curies":[{"name":"wp","href":"https:\/\/api.w.org\/{rel}","templated":true}]}}