{"id":2114,"date":"2020-04-29T14:23:28","date_gmt":"2020-04-29T12:23:28","guid":{"rendered":"https:\/\/ship-tracker.org\/?page_id=2114"},"modified":"2022-10-27T16:01:46","modified_gmt":"2022-10-27T14:01:46","slug":"windstar-cruises","status":"publish","type":"page","link":"https:\/\/ship-tracker.org\/fr\/windstar-cruises\/","title":{"rendered":"Windstar Cruises"},"content":{"rendered":"<h2>Navires de localisation de la flotte Windstar Cruises, num\u00e9ros OMI, MMSI, webcams<\/h2>\n<p>O\u00f9 est actuellement la position actuelle de Windstar Cruises Fleet?<\/p>\n<table style=\"border-collapse: collapse; width: 100%; height: 168px;\">\n<tbody>\n<tr style=\"height: 24px;\">\n<td style=\"width: 33.3575%; height: 24px;\"><span style=\"color: #1f405b;\"><strong>Navire<\/strong><\/span><\/td>\n<td style=\"width: 33.285%; height: 24px;\"><span style=\"color: #1f405b;\"><strong>OMI<\/strong><\/span><\/td>\n<td style=\"width: 33.285%; height: 24px;\"><span style=\"color: #1f405b;\"><strong>MMSI<\/strong><\/span><\/td>\n<\/tr>\n<tr style=\"height: 24px;\">\n<td style=\"width: 33.3575%; height: 24px;\"><a href=\"https:\/\/ship-tracker.org\/fr\/star-legend\/\">Star Legend<\/a><\/td>\n<td style=\"width: 33.285%; height: 24px;\">9008598<\/td>\n<td style=\"width: 33.285%; height: 24px;\">311085000<\/td>\n<\/tr>\n<tr style=\"height: 24px;\">\n<td style=\"width: 33.3575%; height: 24px;\"><a href=\"https:\/\/ship-tracker.org\/fr\/wind-surf\/\">Wind Surf<\/a><\/td>\n<td style=\"width: 33.285%; height: 24px;\">8700785<\/td>\n<td style=\"width: 33.285%; height: 24px;\">309242000<\/td>\n<\/tr>\n<tr style=\"height: 24px;\">\n<td style=\"width: 33.3575%; height: 24px;\"><a href=\"https:\/\/ship-tracker.org\/fr\/star-breeze\/\">Star Breeze<\/a><\/td>\n<td style=\"width: 33.285%; height: 24px;\">8807997<\/td>\n<td style=\"width: 33.285%; height: 24px;\">311083000<\/td>\n<\/tr>\n<tr style=\"height: 24px;\">\n<td style=\"width: 33.3575%; height: 24px;\"><a href=\"https:\/\/ship-tracker.org\/fr\/wind-spirit\/\">Wind Spirit<\/a><\/td>\n<td style=\"width: 33.285%; height: 24px;\">8603509<\/td>\n<td style=\"width: 33.285%; height: 24px;\">309056000<\/td>\n<\/tr>\n<tr style=\"height: 24px;\">\n<td style=\"width: 33.3575%; height: 24px;\"><a href=\"https:\/\/ship-tracker.org\/fr\/star-pride\/\">Star Pride<\/a><\/td>\n<td style=\"width: 33.285%; height: 24px;\">8707343<\/td>\n<td style=\"width: 33.285%; height: 24px;\">311084000<\/td>\n<\/tr>\n<tr style=\"height: 24px;\">\n<td style=\"width: 33.3575%; height: 24px;\"><a href=\"https:\/\/ship-tracker.org\/fr\/wind-star\/\">Wind Star<\/a><\/td>\n<td style=\"width: 33.285%; height: 24px;\">8420878<\/td>\n<td style=\"width: 33.285%; height: 24px;\">309163000<\/td>\n<\/tr>\n<\/tbody>\n<\/table>\n<h2>\u00c0 propos de Windstar Cruises<\/h2>\n<p>Windstar Cruises est une marque de luxe qui exploite une flotte de plus petits navires et megayachts d&#039;une capacit\u00e9 allant jusqu&#039;\u00e0 310 passagers. L&#039;entreprise se d\u00e9place dans 150 ports des Cara\u00efbes, d&#039;Am\u00e9rique centrale, du Pacifique Sud, d&#039;Asie et d&#039;Europe. Windstar est actuellement une filiale de Xanterra Parks et Reso.<\/p>","protected":false},"excerpt":{"rendered":"<p>Emplacement de la flotte de Windstar Cruises Navires, num\u00e9ros OMI, MMSI, webcams O\u00f9 est actuellement la position de la flotte de Windstar Cruises ? Navire OMI MMSI Star Legend 9008598 311085000 Wind Surf 8700785 309242000 Star Breeze 8807997 311083000 Wind Spirit 8603509 309056000 Star Pride 8707343 311084000 Wind Star 8420878 309163 000 \u00c0 propos de Windstar Cruises Windstar Cruises est une marque de luxe\u2026&nbsp;<a href=\"https:\/\/ship-tracker.org\/fr\/windstar-cruises\/\" rel=\"bookmark\">En savoir plus &quot;<span class=\"screen-reader-text\">Windstar Cruises<\/span><\/a><\/p>","protected":false},"author":1,"featured_media":2115,"parent":0,"menu_order":0,"comment_status":"closed","ping_status":"closed","template":"","meta":{"neve_meta_sidebar":"","neve_meta_container":"","neve_meta_enable_content_width":"","neve_meta_content_width":0,"neve_meta_title_alignment":"","neve_meta_author_avatar":"","neve_post_elements_order":"","neve_meta_disable_header":"","neve_meta_disable_footer":"","neve_meta_disable_title":"","neve_meta_reading_time":"","footnotes":""},"class_list":["post-2114","page","type-page","status-publish","has-post-thumbnail","hentry"],"yoast_head":"<!-- This site is optimized with the Yoast SEO plugin v26.9 - https:\/\/yoast.com\/product\/yoast-seo-wordpress\/ -->\n<title>Track Windstar Cruises Fleet | Cruise Ships | Marine Vessel<\/title>\n<meta name=\"description\" content=\"Windstar Cruises Fleet Location | Current Positions of Windstar Cruises Ships, IMO numbers, MMSI, Webcam | Live Fleet Maps | Ship Tracker\" \/>\n<meta name=\"robots\" content=\"index, follow, max-snippet:-1, max-image-preview:large, max-video-preview:-1\" \/>\n<link rel=\"canonical\" href=\"https:\/\/ship-tracker.org\/fr\/windstar-cruises\/\" \/>\n<meta property=\"og:locale\" content=\"fr_FR\" \/>\n<meta property=\"og:type\" content=\"article\" \/>\n<meta property=\"og:title\" content=\"Track Windstar Cruises Fleet | Cruise Ships | Marine Vessel\" \/>\n<meta property=\"og:description\" content=\"Windstar Cruises Fleet Location | Current Positions of Windstar Cruises Ships, IMO numbers, MMSI, Webcam | Live Fleet Maps | Ship Tracker\" \/>\n<meta property=\"og:url\" content=\"https:\/\/ship-tracker.org\/fr\/windstar-cruises\/\" \/>\n<meta property=\"og:site_name\" content=\"Ship-tracker.org\" \/>\n<meta property=\"article:modified_time\" content=\"2022-10-27T14:01:46+00:00\" \/>\n<meta property=\"og:image\" content=\"https:\/\/ship-tracker.org\/wp-content\/uploads\/2020\/04\/windstar-web.jpg\" \/>\n\t<meta property=\"og:image:width\" content=\"1000\" \/>\n\t<meta property=\"og:image:height\" content=\"682\" \/>\n\t<meta property=\"og:image:type\" content=\"image\/jpeg\" \/>\n<meta name=\"twitter:card\" content=\"summary_large_image\" \/>\n<meta name=\"twitter:label1\" content=\"Dur\u00e9e de lecture estim\u00e9e\" \/>\n\t<meta name=\"twitter:data1\" content=\"1 minute\" \/>\n<script type=\"application\/ld+json\" class=\"yoast-schema-graph\">{\"@context\":\"https:\/\/schema.org\",\"@graph\":[{\"@type\":\"WebPage\",\"@id\":\"https:\/\/ship-tracker.org\/windstar-cruises\/\",\"url\":\"https:\/\/ship-tracker.org\/windstar-cruises\/\",\"name\":\"Track Windstar Cruises Fleet | Cruise Ships | Marine Vessel\",\"isPartOf\":{\"@id\":\"https:\/\/ship-tracker.org\/#website\"},\"primaryImageOfPage\":{\"@id\":\"https:\/\/ship-tracker.org\/windstar-cruises\/#primaryimage\"},\"image\":{\"@id\":\"https:\/\/ship-tracker.org\/windstar-cruises\/#primaryimage\"},\"thumbnailUrl\":\"https:\/\/ship-tracker.org\/wp-content\/uploads\/2020\/04\/windstar-web.jpg\",\"datePublished\":\"2020-04-29T12:23:28+00:00\",\"dateModified\":\"2022-10-27T14:01:46+00:00\",\"description\":\"Windstar Cruises Fleet Location | Current Positions of Windstar Cruises Ships, IMO numbers, MMSI, Webcam | Live Fleet Maps | Ship Tracker\",\"breadcrumb\":{\"@id\":\"https:\/\/ship-tracker.org\/windstar-cruises\/#breadcrumb\"},\"inLanguage\":\"fr-FR\",\"potentialAction\":[{\"@type\":\"ReadAction\",\"target\":[\"https:\/\/ship-tracker.org\/windstar-cruises\/\"]}]},{\"@type\":\"ImageObject\",\"inLanguage\":\"fr-FR\",\"@id\":\"https:\/\/ship-tracker.org\/windstar-cruises\/#primaryimage\",\"url\":\"https:\/\/ship-tracker.org\/wp-content\/uploads\/2020\/04\/windstar-web.jpg\",\"contentUrl\":\"https:\/\/ship-tracker.org\/wp-content\/uploads\/2020\/04\/windstar-web.jpg\",\"width\":1000,\"height\":682,\"caption\":\"Windstar Cruises\"},{\"@type\":\"BreadcrumbList\",\"@id\":\"https:\/\/ship-tracker.org\/windstar-cruises\/#breadcrumb\",\"itemListElement\":[{\"@type\":\"ListItem\",\"position\":1,\"name\":\"Startseite\",\"item\":\"https:\/\/ship-tracker.org\/\"},{\"@type\":\"ListItem\",\"position\":2,\"name\":\"Windstar Cruises\"}]},{\"@type\":\"WebSite\",\"@id\":\"https:\/\/ship-tracker.org\/#website\",\"url\":\"https:\/\/ship-tracker.org\/\",\"name\":\"Ship-tracker.org\",\"description\":\"\",\"potentialAction\":[{\"@type\":\"SearchAction\",\"target\":{\"@type\":\"EntryPoint\",\"urlTemplate\":\"https:\/\/ship-tracker.org\/?s={search_term_string}\"},\"query-input\":{\"@type\":\"PropertyValueSpecification\",\"valueRequired\":true,\"valueName\":\"search_term_string\"}}],\"inLanguage\":\"fr-FR\"}]}<\/script>\n<!-- \/ Yoast SEO plugin. -->","yoast_head_json":{"title":"Suivre la flotte de Windstar Cruises | Navires de croisi\u00e8re | Navire maritime","description":"Emplacement de la flotte de Windstar Cruises | Positions actuelles des navires de croisi\u00e8res Windstar, num\u00e9ros IMO, MMSI, webcam | Cartes de la flotte en direct | Suivi des navires","robots":{"index":"index","follow":"follow","max-snippet":"max-snippet:-1","max-image-preview":"max-image-preview:large","max-video-preview":"max-video-preview:-1"},"canonical":"https:\/\/ship-tracker.org\/fr\/windstar-cruises\/","og_locale":"fr_FR","og_type":"article","og_title":"Track Windstar Cruises Fleet | Cruise Ships | Marine Vessel","og_description":"Windstar Cruises Fleet Location | Current Positions of Windstar Cruises Ships, IMO numbers, MMSI, Webcam | Live Fleet Maps | Ship Tracker","og_url":"https:\/\/ship-tracker.org\/fr\/windstar-cruises\/","og_site_name":"Ship-tracker.org","article_modified_time":"2022-10-27T14:01:46+00:00","og_image":[{"width":1000,"height":682,"url":"https:\/\/ship-tracker.org\/wp-content\/uploads\/2020\/04\/windstar-web.jpg","type":"image\/jpeg"}],"twitter_card":"summary_large_image","twitter_misc":{"Dur\u00e9e de lecture estim\u00e9e":"1 minute"},"schema":{"@context":"https:\/\/schema.org","@graph":[{"@type":"WebPage","@id":"https:\/\/ship-tracker.org\/windstar-cruises\/","url":"https:\/\/ship-tracker.org\/windstar-cruises\/","name":"Suivre la flotte de Windstar Cruises | Navires de croisi\u00e8re | Navire maritime","isPartOf":{"@id":"https:\/\/ship-tracker.org\/#website"},"primaryImageOfPage":{"@id":"https:\/\/ship-tracker.org\/windstar-cruises\/#primaryimage"},"image":{"@id":"https:\/\/ship-tracker.org\/windstar-cruises\/#primaryimage"},"thumbnailUrl":"https:\/\/ship-tracker.org\/wp-content\/uploads\/2020\/04\/windstar-web.jpg","datePublished":"2020-04-29T12:23:28+00:00","dateModified":"2022-10-27T14:01:46+00:00","description":"Emplacement de la flotte de Windstar Cruises | Positions actuelles des navires de croisi\u00e8res Windstar, num\u00e9ros IMO, MMSI, webcam | Cartes de la flotte en direct | Suivi des navires","breadcrumb":{"@id":"https:\/\/ship-tracker.org\/windstar-cruises\/#breadcrumb"},"inLanguage":"fr-FR","potentialAction":[{"@type":"ReadAction","target":["https:\/\/ship-tracker.org\/windstar-cruises\/"]}]},{"@type":"ImageObject","inLanguage":"fr-FR","@id":"https:\/\/ship-tracker.org\/windstar-cruises\/#primaryimage","url":"https:\/\/ship-tracker.org\/wp-content\/uploads\/2020\/04\/windstar-web.jpg","contentUrl":"https:\/\/ship-tracker.org\/wp-content\/uploads\/2020\/04\/windstar-web.jpg","width":1000,"height":682,"caption":"Windstar Cruises"},{"@type":"BreadcrumbList","@id":"https:\/\/ship-tracker.org\/windstar-cruises\/#breadcrumb","itemListElement":[{"@type":"ListItem","position":1,"name":"Startseite","item":"https:\/\/ship-tracker.org\/"},{"@type":"ListItem","position":2,"name":"Windstar Cruises"}]},{"@type":"WebSite","@id":"https:\/\/ship-tracker.org\/#website","url":"https:\/\/ship-tracker.org\/","name":"Ship-tracker.org","description":"","potentialAction":[{"@type":"SearchAction","target":{"@type":"EntryPoint","urlTemplate":"https:\/\/ship-tracker.org\/?s={search_term_string}"},"query-input":{"@type":"PropertyValueSpecification","valueRequired":true,"valueName":"search_term_string"}}],"inLanguage":"fr-FR"}]}},"_links":{"self":[{"href":"https:\/\/ship-tracker.org\/fr\/wp-json\/wp\/v2\/pages\/2114","targetHints":{"allow":["GET"]}}],"collection":[{"href":"https:\/\/ship-tracker.org\/fr\/wp-json\/wp\/v2\/pages"}],"about":[{"href":"https:\/\/ship-tracker.org\/fr\/wp-json\/wp\/v2\/types\/page"}],"author":[{"embeddable":true,"href":"https:\/\/ship-tracker.org\/fr\/wp-json\/wp\/v2\/users\/1"}],"replies":[{"embeddable":true,"href":"https:\/\/ship-tracker.org\/fr\/wp-json\/wp\/v2\/comments?post=2114"}],"version-history":[{"count":3,"href":"https:\/\/ship-tracker.org\/fr\/wp-json\/wp\/v2\/pages\/2114\/revisions"}],"predecessor-version":[{"id":2484,"href":"https:\/\/ship-tracker.org\/fr\/wp-json\/wp\/v2\/pages\/2114\/revisions\/2484"}],"wp:featuredmedia":[{"embeddable":true,"href":"https:\/\/ship-tracker.org\/fr\/wp-json\/wp\/v2\/media\/2115"}],"wp:attachment":[{"href":"https:\/\/ship-tracker.org\/fr\/wp-json\/wp\/v2\/media?parent=2114"}],"curies":[{"name":"wp","href":"https:\/\/api.w.org\/{rel}","templated":true}]}}