{"id":2103,"date":"2020-04-29T14:27:18","date_gmt":"2020-04-29T12:27:18","guid":{"rendered":"https:\/\/ship-tracker.org\/?page_id=2103"},"modified":"2024-09-20T14:35:09","modified_gmt":"2024-09-20T12:35:09","slug":"norwegian-cruise-line","status":"publish","type":"page","link":"https:\/\/ship-tracker.org\/fr\/norwegian-cruise-line\/","title":{"rendered":"Norwegian Cruise Line"},"content":{"rendered":"<h2>Navires de localisation de la flotte de Norwegian Cruise Line, num\u00e9ros OMI, MMSI, webcams<\/h2>\n<p>O\u00f9 est actuellement la position de Norwegian Cruise Line Fleet?<\/p>\n<table style=\"border-collapse: collapse; width: 100%; height: 432px;\">\n<tbody>\n<tr style=\"height: 24px;\">\n<td style=\"width: 33.3333%; height: 24px;\"><span style=\"color: #1f405b;\"><strong>Navire<\/strong><\/span><\/td>\n<td style=\"width: 33.3333%; height: 24px;\"><span style=\"color: #1f405b;\"><strong>OMI<\/strong><\/span><\/td>\n<td style=\"width: 33.3333%; height: 24px;\"><span style=\"color: #1f405b;\"><strong>MMSI<\/strong><\/span><\/td>\n<\/tr>\n<tr style=\"height: 24px;\">\n<td style=\"width: 33.3333%; height: 24px;\"><a href=\"https:\/\/ship-tracker.org\/fr\/norwegian-encore\/\">Norwegian Encore<\/a><\/td>\n<td style=\"width: 33.3333%; height: 24px;\">9751511<\/td>\n<td style=\"width: 33.3333%; height: 24px;\">311000879<\/td>\n<\/tr>\n<tr style=\"height: 24px;\">\n<td style=\"width: 33.3333%; height: 24px;\"><a href=\"https:\/\/ship-tracker.org\/fr\/norwegian-bliss\/\">Norwegian Bliss<\/a><\/td>\n<td style=\"width: 33.3333%; height: 24px;\">9751509<\/td>\n<td style=\"width: 33.3333%; height: 24px;\">311000710<\/td>\n<\/tr>\n<tr style=\"height: 24px;\">\n<td style=\"width: 33.3333%; height: 24px;\"><a href=\"https:\/\/ship-tracker.org\/fr\/norwegian-joy\/\">Norwegian Joy<\/a><\/td>\n<td style=\"width: 33.3333%; height: 24px;\">9703796<\/td>\n<td style=\"width: 33.3333%; height: 24px;\">311000599<\/td>\n<\/tr>\n<tr style=\"height: 24px;\">\n<td style=\"width: 33.3333%; height: 24px;\"><a href=\"https:\/\/ship-tracker.org\/fr\/norwegian-escape\/\">Norwegian Escape<\/a><\/td>\n<td style=\"width: 33.3333%; height: 24px;\">9677076<\/td>\n<td style=\"width: 33.3333%; height: 24px;\">311000341<\/td>\n<\/tr>\n<tr style=\"height: 24px;\">\n<td style=\"width: 33.3333%; height: 24px;\"><a href=\"https:\/\/ship-tracker.org\/fr\/norwegian-getaway\/\">Norwegian Getaway<\/a><\/td>\n<td style=\"width: 33.3333%; height: 24px;\">9606924<\/td>\n<td style=\"width: 33.3333%; height: 24px;\">311050900<\/td>\n<\/tr>\n<tr style=\"height: 24px;\">\n<td style=\"width: 33.3333%; height: 24px;\"><a href=\"https:\/\/ship-tracker.org\/fr\/norwegian-breakaway\/\">Norwegian Breakaway<\/a><\/td>\n<td style=\"width: 33.3333%; height: 24px;\">9606912<\/td>\n<td style=\"width: 33.3333%; height: 24px;\">311050800<\/td>\n<\/tr>\n<tr style=\"height: 24px;\">\n<td style=\"width: 33.3333%; height: 24px;\"><a href=\"https:\/\/ship-tracker.org\/fr\/norwegian-epic\/\">Norwegian Epic<\/a><\/td>\n<td style=\"width: 33.3333%; height: 24px;\">9410569<\/td>\n<td style=\"width: 33.3333%; height: 24px;\">311018500<\/td>\n<\/tr>\n<tr style=\"height: 24px;\">\n<td style=\"width: 33.3333%; height: 24px;\"><a href=\"https:\/\/ship-tracker.org\/fr\/norwegian-gem\/\">Norwegian Gem<\/a><\/td>\n<td style=\"width: 33.3333%; height: 24px;\">9355733<\/td>\n<td style=\"width: 33.3333%; height: 24px;\">309951000<\/td>\n<\/tr>\n<tr class=\"alt\" style=\"height: 24px;\">\n<td style=\"width: 33.3333%; height: 24px;\"><a href=\"https:\/\/ship-tracker.org\/fr\/norwegian-jade\/\">Norwegian Jade<\/a><\/td>\n<td style=\"width: 33.3333%; height: 24px;\">9304057<\/td>\n<td style=\"width: 33.3333%; height: 24px;\">308416000<\/td>\n<\/tr>\n<tr style=\"height: 24px;\">\n<td style=\"width: 33.3333%; height: 24px;\"><a href=\"https:\/\/ship-tracker.org\/fr\/norwegian-pearl\/\">Norwegian Pearl<\/a><\/td>\n<td style=\"width: 33.3333%; height: 24px;\">9342281<\/td>\n<td style=\"width: 33.3333%; height: 24px;\">309653000<\/td>\n<\/tr>\n<tr style=\"height: 24px;\">\n<td style=\"width: 33.3333%; height: 24px;\"><a href=\"https:\/\/ship-tracker.org\/fr\/norwegian-jewel\/\">Norwegian Jewel<\/a><\/td>\n<td style=\"width: 33.3333%; height: 24px;\">9304045<\/td>\n<td style=\"width: 33.3333%; height: 24px;\">311827000<\/td>\n<\/tr>\n<tr style=\"height: 24px;\">\n<td style=\"width: 33.3333%; height: 24px;\"><a href=\"https:\/\/ship-tracker.org\/fr\/pride-of-america\/\">Pride of America<\/a><\/td>\n<td style=\"width: 33.3333%; height: 24px;\">9209221<\/td>\n<td style=\"width: 33.3333%; height: 24px;\">366994450<\/td>\n<\/tr>\n<tr style=\"height: 24px;\">\n<td style=\"width: 33.3333%; height: 24px;\"><a href=\"https:\/\/ship-tracker.org\/fr\/norwegian-dawn\/\">Norwegian Dawn<\/a><\/td>\n<td style=\"width: 33.3333%; height: 24px;\">9195169<\/td>\n<td style=\"width: 33.3333%; height: 24px;\">311307000<\/td>\n<\/tr>\n<tr style=\"height: 24px;\">\n<td style=\"width: 33.3333%; height: 24px;\"><a href=\"https:\/\/ship-tracker.org\/fr\/norwegian-star\/\">Norwegian Star<\/a><\/td>\n<td style=\"width: 33.3333%; height: 24px;\">9195157<\/td>\n<td style=\"width: 33.3333%; height: 24px;\">311082000<\/td>\n<\/tr>\n<tr style=\"height: 24px;\">\n<td style=\"width: 33.3333%; height: 24px;\"><a href=\"https:\/\/ship-tracker.org\/fr\/norwegian-sun\/\">Norwegian Sun<\/a><\/td>\n<td style=\"width: 33.3333%; height: 24px;\">9218131<\/td>\n<td style=\"width: 33.3333%; height: 24px;\">311109000<\/td>\n<\/tr>\n<tr style=\"height: 24px;\">\n<td style=\"width: 33.3333%; height: 24px;\"><a href=\"https:\/\/ship-tracker.org\/fr\/norwegian-sky\/\">Norwegian Sky<\/a><\/td>\n<td style=\"width: 33.3333%; height: 24px;\">9128532<\/td>\n<td style=\"width: 33.3333%; height: 24px;\">308865000<\/td>\n<\/tr>\n<tr style=\"height: 24px;\">\n<td style=\"width: 33.3333%; height: 24px;\"><a href=\"https:\/\/ship-tracker.org\/fr\/norwegian-spirit\/\">Norwegian Spirit<\/a><\/td>\n<td style=\"width: 33.3333%; height: 24px;\">9141065<\/td>\n<td style=\"width: 33.3333%; height: 24px;\">311746000<\/td>\n<\/tr>\n<tr>\n<td style=\"width: 33.3333%;\"><a href=\"https:\/\/ship-tracker.org\/fr\/norwegian-prima\/\">Prima norv\u00e9gienne<\/a><\/td>\n<td style=\"width: 33.3333%;\">9823986<\/td>\n<td style=\"width: 33.3333%;\">311001059<\/td>\n<\/tr>\n<tr>\n<td style=\"width: 33.3333%;\"><a href=\"https:\/\/ship-tracker.org\/fr\/norwegian-viva\/\">Viva norv\u00e9gien<\/a><\/td>\n<td style=\"width: 33.3333%;\">9823998<\/td>\n<td style=\"width: 33.3333%;\">311001127<\/td>\n<\/tr>\n<tr>\n<td style=\"width: 33.3333%;\"><a href=\"https:\/\/ship-tracker.org\/fr\/norwegian-aqua\/\">Aqua norv\u00e9gien<\/a><\/td>\n<td style=\"width: 33.3333%;\">9824007<\/td>\n<td style=\"width: 33.3333%;\"><\/td>\n<\/tr>\n<tr>\n<td style=\"width: 33.3333%;\"><a href=\"https:\/\/ship-tracker.org\/fr\/norwegian-luna\/\">Luna norv\u00e9gienne<\/a><\/td>\n<td style=\"width: 33.3333%;\">9824019<\/td>\n<td style=\"width: 33.3333%;\"><\/td>\n<\/tr>\n<\/tbody>\n<\/table>\n<h2>\u00c0 propos de Norwegian Cruise Line<\/h2>\n<p>Norwegian Cruise Line est une soci\u00e9t\u00e9 renouvel\u00e9e avec une flotte de 14 navires \u00e0 Miami, en Floride. Notre soci\u00e9t\u00e9 est une fusion de plusieurs soci\u00e9t\u00e9s priv\u00e9es de Norwegian Cruise Line - NCL. Contrairement au mode croisi\u00e8re classique, nous proposons un programme adapt\u00e9 aux besoins du passager moderne et modifiable en croisi\u00e8re. Les passagers se voient offrir des vacances d\u00e9tendues, similaires \u00e0 un s\u00e9jour dans une station de vacances avec une offre haut de gamme discr\u00e8te. Pas d&#039;heure de d\u00eener fixe ni de code vestimentaire.<\/p>\n<p>Profitez de l&#039;atmosph\u00e8re d\u00e9tendue et du confort \u00e0 bord lorsque vous voyagez dans les plus beaux endroits. L&#039;ennui est un mot \u00e9tranger \u00e0 bord de Norwegian Cruise Line. Le divertissement est une priorit\u00e9 absolue: que vous aimiez les spectacles de Broadway ou les d\u00eeners-spectacles, vous vivrez des moments fantastiques partout - et cela vaut aussi pour vos enfants. Piscines avec toboggans, discoth\u00e8que enfants, tennis de table ou murs d&#039;escalade: tout est inclus. Chez Norwegian Cruise Line, m\u00eame la descente en rappel est possible! Tout est orient\u00e9 vers des activit\u00e9s cr\u00e9atives et actives. Faire du sport, chanter, danser lors d&#039;une f\u00eate au bord de la piscine et regarder des films ne sont que quelques-unes des activit\u00e9s propos\u00e9es.<\/p>\n<p>Laissez-vous g\u00e2ter par l&#039;offre culinaire extr\u00eamement vari\u00e9e. Des tapas au teppanyaki et du bar \u00e0 sushi au steakhouse. Ou pr\u00e9f\u00e9rez-vous le bistro fran\u00e7ais? Il y a toujours une r\u00e9partition \u00e9quilibr\u00e9e entre les restaurants inclus dans votre s\u00e9jour et les restaurants pour lesquels un suppl\u00e9ment doit \u00eatre pay\u00e9. Il n&#039;y a aucune recommandation vestimentaire stricte, vous pouvez donc laisser votre smoking ou votre robe de soir\u00e9e \u00e0 la maison. Vous pouvez faire ce que vous voulez, apr\u00e8s tout, ce sont vos vacances. Avec la flotte la plus jeune du monde, vous ne vous ennuierez pas une minute.<\/p>","protected":false},"excerpt":{"rendered":"<p>Emplacement de la flotte de Norwegian Cruise Line Navires, num\u00e9ros OMI, MMSI, webcams O\u00f9 est actuellement la position de la flotte de Norwegian Cruise Line ? Navire OMI MMSI Norwegian Encore 9751511 311000879 Norwegian Bliss 9751509 311000710 Norwegian Joy 9703796 311000599 Norwegian Escape 9677076 311000341 Norwegian Getaway 9606924 311050900 Norwegian Breakaway 9606912 3110 50800 Epic norv\u00e9gien 9410569 311018500 Gem norv\u00e9gien 9355733\u2026&nbsp;<a href=\"https:\/\/ship-tracker.org\/fr\/norwegian-cruise-line\/\" rel=\"bookmark\">En savoir plus &quot;<span class=\"screen-reader-text\">Norwegian Cruise Line<\/span><\/a><\/p>","protected":false},"author":1,"featured_media":2105,"parent":0,"menu_order":0,"comment_status":"closed","ping_status":"closed","template":"","meta":{"neve_meta_sidebar":"","neve_meta_container":"","neve_meta_enable_content_width":"off","neve_meta_content_width":100,"neve_meta_title_alignment":"","neve_meta_author_avatar":"","neve_post_elements_order":"","neve_meta_disable_header":"","neve_meta_disable_footer":"","neve_meta_disable_title":"","neve_meta_reading_time":"","footnotes":""},"class_list":["post-2103","page","type-page","status-publish","has-post-thumbnail","hentry"],"yoast_head":"<!-- This site is optimized with the Yoast SEO plugin v26.9 - https:\/\/yoast.com\/product\/yoast-seo-wordpress\/ -->\n<title>Track Norwegian Cruise Line Fleet | Cruise Ships | Marine Vessel<\/title>\n<meta name=\"description\" content=\"Norwegian Cruise Line Fleet Location | Current Positions of Norwegian Cruise Line Ships, IMO numbers, MMSI, Webcam | Live Fleet Maps\" \/>\n<meta name=\"robots\" content=\"index, follow, max-snippet:-1, max-image-preview:large, max-video-preview:-1\" \/>\n<link rel=\"canonical\" href=\"https:\/\/ship-tracker.org\/fr\/norwegian-cruise-line\/\" \/>\n<meta property=\"og:locale\" content=\"fr_FR\" \/>\n<meta property=\"og:type\" content=\"article\" \/>\n<meta property=\"og:title\" content=\"Track Norwegian Cruise Line Fleet | Cruise Ships | Marine Vessel\" \/>\n<meta property=\"og:description\" content=\"Norwegian Cruise Line Fleet Location | Current Positions of Norwegian Cruise Line Ships, IMO numbers, MMSI, Webcam | Live Fleet Maps\" \/>\n<meta property=\"og:url\" content=\"https:\/\/ship-tracker.org\/fr\/norwegian-cruise-line\/\" \/>\n<meta property=\"og:site_name\" content=\"Ship-tracker.org\" \/>\n<meta property=\"article:modified_time\" content=\"2024-09-20T12:35:09+00:00\" \/>\n<meta property=\"og:image\" content=\"https:\/\/ship-tracker.org\/wp-content\/uploads\/2020\/04\/reederei-norwegian.jpg\" \/>\n\t<meta property=\"og:image:width\" content=\"325\" \/>\n\t<meta property=\"og:image:height\" content=\"245\" \/>\n\t<meta property=\"og:image:type\" content=\"image\/jpeg\" \/>\n<meta name=\"twitter:card\" content=\"summary_large_image\" \/>\n<meta name=\"twitter:label1\" content=\"Dur\u00e9e de lecture estim\u00e9e\" \/>\n\t<meta name=\"twitter:data1\" content=\"2 minutes\" \/>\n<script type=\"application\/ld+json\" class=\"yoast-schema-graph\">{\"@context\":\"https:\/\/schema.org\",\"@graph\":[{\"@type\":\"WebPage\",\"@id\":\"https:\/\/ship-tracker.org\/norwegian-cruise-line\/\",\"url\":\"https:\/\/ship-tracker.org\/norwegian-cruise-line\/\",\"name\":\"Track Norwegian Cruise Line Fleet | Cruise Ships | Marine Vessel\",\"isPartOf\":{\"@id\":\"https:\/\/ship-tracker.org\/#website\"},\"primaryImageOfPage\":{\"@id\":\"https:\/\/ship-tracker.org\/norwegian-cruise-line\/#primaryimage\"},\"image\":{\"@id\":\"https:\/\/ship-tracker.org\/norwegian-cruise-line\/#primaryimage\"},\"thumbnailUrl\":\"https:\/\/ship-tracker.org\/wp-content\/uploads\/2020\/04\/reederei-norwegian.jpg\",\"datePublished\":\"2020-04-29T12:27:18+00:00\",\"dateModified\":\"2024-09-20T12:35:09+00:00\",\"description\":\"Norwegian Cruise Line Fleet Location | Current Positions of Norwegian Cruise Line Ships, IMO numbers, MMSI, Webcam | Live Fleet Maps\",\"breadcrumb\":{\"@id\":\"https:\/\/ship-tracker.org\/norwegian-cruise-line\/#breadcrumb\"},\"inLanguage\":\"fr-FR\",\"potentialAction\":[{\"@type\":\"ReadAction\",\"target\":[\"https:\/\/ship-tracker.org\/norwegian-cruise-line\/\"]}]},{\"@type\":\"ImageObject\",\"inLanguage\":\"fr-FR\",\"@id\":\"https:\/\/ship-tracker.org\/norwegian-cruise-line\/#primaryimage\",\"url\":\"https:\/\/ship-tracker.org\/wp-content\/uploads\/2020\/04\/reederei-norwegian.jpg\",\"contentUrl\":\"https:\/\/ship-tracker.org\/wp-content\/uploads\/2020\/04\/reederei-norwegian.jpg\",\"width\":325,\"height\":245,\"caption\":\"Norwegian Cruise Line\"},{\"@type\":\"BreadcrumbList\",\"@id\":\"https:\/\/ship-tracker.org\/norwegian-cruise-line\/#breadcrumb\",\"itemListElement\":[{\"@type\":\"ListItem\",\"position\":1,\"name\":\"Startseite\",\"item\":\"https:\/\/ship-tracker.org\/\"},{\"@type\":\"ListItem\",\"position\":2,\"name\":\"Norwegian Cruise Line\"}]},{\"@type\":\"WebSite\",\"@id\":\"https:\/\/ship-tracker.org\/#website\",\"url\":\"https:\/\/ship-tracker.org\/\",\"name\":\"Ship-tracker.org\",\"description\":\"\",\"potentialAction\":[{\"@type\":\"SearchAction\",\"target\":{\"@type\":\"EntryPoint\",\"urlTemplate\":\"https:\/\/ship-tracker.org\/?s={search_term_string}\"},\"query-input\":{\"@type\":\"PropertyValueSpecification\",\"valueRequired\":true,\"valueName\":\"search_term_string\"}}],\"inLanguage\":\"fr-FR\"}]}<\/script>\n<!-- \/ Yoast SEO plugin. -->","yoast_head_json":{"title":"Suivre la flotte de Norwegian Cruise Line | Navires de croisi\u00e8re | Navire maritime","description":"Emplacement de la flotte de Norwegian Cruise Line | Positions actuelles des navires de croisi\u00e8re norv\u00e9giens, num\u00e9ros IMO, MMSI, webcam | Cartes de la flotte en direct","robots":{"index":"index","follow":"follow","max-snippet":"max-snippet:-1","max-image-preview":"max-image-preview:large","max-video-preview":"max-video-preview:-1"},"canonical":"https:\/\/ship-tracker.org\/fr\/norwegian-cruise-line\/","og_locale":"fr_FR","og_type":"article","og_title":"Track Norwegian Cruise Line Fleet | Cruise Ships | Marine Vessel","og_description":"Norwegian Cruise Line Fleet Location | Current Positions of Norwegian Cruise Line Ships, IMO numbers, MMSI, Webcam | Live Fleet Maps","og_url":"https:\/\/ship-tracker.org\/fr\/norwegian-cruise-line\/","og_site_name":"Ship-tracker.org","article_modified_time":"2024-09-20T12:35:09+00:00","og_image":[{"width":325,"height":245,"url":"https:\/\/ship-tracker.org\/wp-content\/uploads\/2020\/04\/reederei-norwegian.jpg","type":"image\/jpeg"}],"twitter_card":"summary_large_image","twitter_misc":{"Dur\u00e9e de lecture estim\u00e9e":"2 minutes"},"schema":{"@context":"https:\/\/schema.org","@graph":[{"@type":"WebPage","@id":"https:\/\/ship-tracker.org\/norwegian-cruise-line\/","url":"https:\/\/ship-tracker.org\/norwegian-cruise-line\/","name":"Suivre la flotte de Norwegian Cruise Line | Navires de croisi\u00e8re | Navire maritime","isPartOf":{"@id":"https:\/\/ship-tracker.org\/#website"},"primaryImageOfPage":{"@id":"https:\/\/ship-tracker.org\/norwegian-cruise-line\/#primaryimage"},"image":{"@id":"https:\/\/ship-tracker.org\/norwegian-cruise-line\/#primaryimage"},"thumbnailUrl":"https:\/\/ship-tracker.org\/wp-content\/uploads\/2020\/04\/reederei-norwegian.jpg","datePublished":"2020-04-29T12:27:18+00:00","dateModified":"2024-09-20T12:35:09+00:00","description":"Emplacement de la flotte de Norwegian Cruise Line | Positions actuelles des navires de croisi\u00e8re norv\u00e9giens, num\u00e9ros IMO, MMSI, webcam | Cartes de la flotte en direct","breadcrumb":{"@id":"https:\/\/ship-tracker.org\/norwegian-cruise-line\/#breadcrumb"},"inLanguage":"fr-FR","potentialAction":[{"@type":"ReadAction","target":["https:\/\/ship-tracker.org\/norwegian-cruise-line\/"]}]},{"@type":"ImageObject","inLanguage":"fr-FR","@id":"https:\/\/ship-tracker.org\/norwegian-cruise-line\/#primaryimage","url":"https:\/\/ship-tracker.org\/wp-content\/uploads\/2020\/04\/reederei-norwegian.jpg","contentUrl":"https:\/\/ship-tracker.org\/wp-content\/uploads\/2020\/04\/reederei-norwegian.jpg","width":325,"height":245,"caption":"Norwegian Cruise Line"},{"@type":"BreadcrumbList","@id":"https:\/\/ship-tracker.org\/norwegian-cruise-line\/#breadcrumb","itemListElement":[{"@type":"ListItem","position":1,"name":"Startseite","item":"https:\/\/ship-tracker.org\/"},{"@type":"ListItem","position":2,"name":"Norwegian Cruise Line"}]},{"@type":"WebSite","@id":"https:\/\/ship-tracker.org\/#website","url":"https:\/\/ship-tracker.org\/","name":"Ship-tracker.org","description":"","potentialAction":[{"@type":"SearchAction","target":{"@type":"EntryPoint","urlTemplate":"https:\/\/ship-tracker.org\/?s={search_term_string}"},"query-input":{"@type":"PropertyValueSpecification","valueRequired":true,"valueName":"search_term_string"}}],"inLanguage":"fr-FR"}]}},"_links":{"self":[{"href":"https:\/\/ship-tracker.org\/fr\/wp-json\/wp\/v2\/pages\/2103","targetHints":{"allow":["GET"]}}],"collection":[{"href":"https:\/\/ship-tracker.org\/fr\/wp-json\/wp\/v2\/pages"}],"about":[{"href":"https:\/\/ship-tracker.org\/fr\/wp-json\/wp\/v2\/types\/page"}],"author":[{"embeddable":true,"href":"https:\/\/ship-tracker.org\/fr\/wp-json\/wp\/v2\/users\/1"}],"replies":[{"embeddable":true,"href":"https:\/\/ship-tracker.org\/fr\/wp-json\/wp\/v2\/comments?post=2103"}],"version-history":[{"count":8,"href":"https:\/\/ship-tracker.org\/fr\/wp-json\/wp\/v2\/pages\/2103\/revisions"}],"predecessor-version":[{"id":5334,"href":"https:\/\/ship-tracker.org\/fr\/wp-json\/wp\/v2\/pages\/2103\/revisions\/5334"}],"wp:featuredmedia":[{"embeddable":true,"href":"https:\/\/ship-tracker.org\/fr\/wp-json\/wp\/v2\/media\/2105"}],"wp:attachment":[{"href":"https:\/\/ship-tracker.org\/fr\/wp-json\/wp\/v2\/media?parent=2103"}],"curies":[{"name":"wp","href":"https:\/\/api.w.org\/{rel}","templated":true}]}}