{"id":2089,"date":"2020-04-29T14:28:30","date_gmt":"2020-04-29T12:28:30","guid":{"rendered":"https:\/\/ship-tracker.org\/?page_id=2089"},"modified":"2022-10-27T16:00:42","modified_gmt":"2022-10-27T14:00:42","slug":"crystal-cruises","status":"publish","type":"page","link":"https:\/\/ship-tracker.org\/fr\/crystal-cruises\/","title":{"rendered":"Crystal Cruises"},"content":{"rendered":"<h2>Navires de localisation de la flotte de Crystal Cruises, num\u00e9ros OMI, MMSI, webcams<\/h2>\n<p>O\u00f9 est actuellement la position de Crystal Cruises Fleet?<\/p>\n<table style=\"border-collapse: collapse; width: 100%; height: 240px;\">\n<tbody>\n<tr style=\"height: 24px;\">\n<td style=\"width: 33.3333%; height: 24px;\"><span style=\"color: #1f405b;\"><strong>Navire<\/strong><\/span><\/td>\n<td style=\"width: 33.3333%; height: 24px;\"><span style=\"color: #1f405b;\"><strong>OMI<\/strong><\/span><\/td>\n<td style=\"width: 33.3333%; height: 24px;\"><span style=\"color: #1f405b;\"><strong>MMSI<\/strong><\/span><\/td>\n<\/tr>\n<tr style=\"height: 24px;\">\n<td style=\"width: 33.3333%; height: 24px;\"><a href=\"https:\/\/ship-tracker.org\/fr\/crystal-endeavor\/\">Crystal Endeavour<\/a><\/td>\n<td style=\"width: 33.3333%; height: 24px;\">9821873<\/td>\n<td style=\"width: 33.3333%; height: 24px;\"><\/td>\n<\/tr>\n<tr style=\"height: 24px;\">\n<td style=\"width: 33.3333%; height: 24px;\"><a href=\"https:\/\/ship-tracker.org\/fr\/crystal-serenity\/\">Crystal Serenity<\/a><\/td>\n<td style=\"width: 33.3333%; height: 24px;\">9243667<\/td>\n<td style=\"width: 33.3333%; height: 24px;\">311536000<\/td>\n<\/tr>\n<tr style=\"height: 24px;\">\n<td style=\"width: 33.3333%; height: 24px;\"><a href=\"https:\/\/ship-tracker.org\/fr\/crystal-symphony\/\">Crystal Symphony<\/a><\/td>\n<td style=\"width: 33.3333%; height: 24px;\">9066667<\/td>\n<td style=\"width: 33.3333%; height: 24px;\">309168000<\/td>\n<\/tr>\n<tr style=\"height: 24px;\">\n<td style=\"width: 33.3333%; height: 24px;\"><a href=\"https:\/\/ship-tracker.org\/fr\/crystal-esprit\/\">Crystal Esprit<\/a><\/td>\n<td style=\"width: 33.3333%; height: 24px;\">8705266<\/td>\n<td style=\"width: 33.3333%; height: 24px;\">311000506<\/td>\n<\/tr>\n<tr style=\"height: 24px;\">\n<td style=\"width: 33.3333%; height: 24px;\"><a href=\"https:\/\/ship-tracker.org\/fr\/crystal-debussy\/\">Crystal Debussy<\/a><\/td>\n<td style=\"width: 33.3333%; height: 24px;\"><\/td>\n<td style=\"width: 33.3333%; height: 24px;\">248366000<\/td>\n<\/tr>\n<tr style=\"height: 24px;\">\n<td style=\"width: 33.3333%; height: 24px;\"><a href=\"https:\/\/ship-tracker.org\/fr\/crystal-ravel\/\">Crystal Ravel<\/a><\/td>\n<td style=\"width: 33.3333%; height: 24px;\"><\/td>\n<td style=\"width: 33.3333%; height: 24px;\">248377000<\/td>\n<\/tr>\n<tr style=\"height: 24px;\">\n<td style=\"width: 33.3333%; height: 24px;\"><a href=\"https:\/\/ship-tracker.org\/fr\/crystal-bach\/\">Crystal Bach<\/a><\/td>\n<td style=\"width: 33.3333%; height: 24px;\"><\/td>\n<td style=\"width: 33.3333%; height: 24px;\">248308000<\/td>\n<\/tr>\n<tr style=\"height: 24px;\">\n<td style=\"width: 33.3333%; height: 24px;\"><a href=\"https:\/\/ship-tracker.org\/fr\/crystal-mahler\/\">Crystal Mahler<\/a><\/td>\n<td style=\"width: 33.3333%; height: 24px;\"><\/td>\n<td style=\"width: 33.3333%; height: 24px;\">248380000<\/td>\n<\/tr>\n<tr class=\"alt\" style=\"height: 24px;\">\n<td style=\"width: 33.3333%; height: 24px;\"><a href=\"https:\/\/ship-tracker.org\/fr\/crystal-mozart\/\">Crystal Mozart<\/a><\/td>\n<td style=\"width: 33.3333%; height: 24px;\"><\/td>\n<td style=\"width: 33.3333%; height: 24px;\">248309000<\/td>\n<\/tr>\n<\/tbody>\n<\/table>\n<h2>\u00c0 propos de Crystal Cruises<\/h2>\n<p>Crystal Cruises est une compagnie de croisi\u00e8re de luxe fond\u00e9e en 1998 et bas\u00e9e \u00e0 Century City Los Angeles (USA). Avec le Crystal Serenity et le Crystal Symphony, Crystal Cruises exploite actuellement deux navires tr\u00e8s luxueux. Les bateaux de croisi\u00e8re naviguent sous le pavillon des Bahamas. Crystal est une filiale de la compagnie maritime japonaise Nippon Yusen Kaisha, qui a \u00e9t\u00e9 fond\u00e9e en 1885 et est aujourd&#039;hui l&#039;une des plus grandes compagnies maritimes au monde.<\/p>\n<p>Il existe un autre navire jumeau du Crystal Symphony, le Crystal Harmony, qui faisait partie de la flotte de Crystal Cruises de juin 1990 \u00e0 f\u00e9vrier 2006. En 2006, ce navire de croisi\u00e8re a \u00e9t\u00e9 remis \u00e0 la soci\u00e9t\u00e9 m\u00e8re et navigue depuis sous le nom Asuka 2 avec la compagnie maritime Asuka Cruises. Selon votre voyage, vous pouvez vous rendre au Cap, \u00e0 Venise, \u00e0 Barcelone ou dans de nombreuses autres grandes destinations depuis Crystal Cruises!<\/p>\n<p>&nbsp;<\/p>","protected":false},"excerpt":{"rendered":"<p>Emplacement de la flotte de Crystal Cruises Navires, num\u00e9ros OMI, MMSI, webcams O\u00f9 est actuellement la position de la flotte de Crystal Cruises ? Navire OMI MMSI Crystal Endeavour 9821873 Crystal Serenity 9243667 311536000 Crystal Symphony 9066667 309168000 Crystal Esprit 8705266 311000506 Crystal Debussy 248366000 Crystal Ravel 248377000 Crystal Bach 248308000 Crystal Mah ler 248380000 Crystal Mozart 248309000 \u00c0 propos de Crystal Cruises\u2026&nbsp;<a href=\"https:\/\/ship-tracker.org\/fr\/crystal-cruises\/\" rel=\"bookmark\">En savoir plus &quot;<span class=\"screen-reader-text\">Crystal Cruises<\/span><\/a><\/p>","protected":false},"author":1,"featured_media":2099,"parent":0,"menu_order":0,"comment_status":"closed","ping_status":"closed","template":"","meta":{"neve_meta_sidebar":"","neve_meta_container":"","neve_meta_enable_content_width":"","neve_meta_content_width":0,"neve_meta_title_alignment":"","neve_meta_author_avatar":"","neve_post_elements_order":"","neve_meta_disable_header":"","neve_meta_disable_footer":"","neve_meta_disable_title":"","neve_meta_reading_time":"","footnotes":""},"class_list":["post-2089","page","type-page","status-publish","has-post-thumbnail","hentry"],"yoast_head":"<!-- This site is optimized with the Yoast SEO plugin v26.9 - https:\/\/yoast.com\/product\/yoast-seo-wordpress\/ -->\n<title>Track Crystal Cruises Fleet | Cruise Ships | Marine Vessel<\/title>\n<meta name=\"description\" content=\"Crystal Cruises Fleet Location | Current Positions of Crystal Cruises Ships, IMO numbers, MMSI, Webcam | Live Fleet Maps | Live Ship Tracker\" \/>\n<meta name=\"robots\" content=\"index, follow, max-snippet:-1, max-image-preview:large, max-video-preview:-1\" \/>\n<link rel=\"canonical\" href=\"https:\/\/ship-tracker.org\/fr\/crystal-cruises\/\" \/>\n<meta property=\"og:locale\" content=\"fr_FR\" \/>\n<meta property=\"og:type\" content=\"article\" \/>\n<meta property=\"og:title\" content=\"Track Crystal Cruises Fleet | Cruise Ships | Marine Vessel\" \/>\n<meta property=\"og:description\" content=\"Crystal Cruises Fleet Location | Current Positions of Crystal Cruises Ships, IMO numbers, MMSI, Webcam | Live Fleet Maps | Live Ship Tracker\" \/>\n<meta property=\"og:url\" content=\"https:\/\/ship-tracker.org\/fr\/crystal-cruises\/\" \/>\n<meta property=\"og:site_name\" content=\"Ship-tracker.org\" \/>\n<meta property=\"article:modified_time\" content=\"2022-10-27T14:00:42+00:00\" \/>\n<meta property=\"og:image\" content=\"https:\/\/ship-tracker.org\/wp-content\/uploads\/2020\/04\/17.jpg\" \/>\n\t<meta property=\"og:image:width\" content=\"800\" \/>\n\t<meta property=\"og:image:height\" content=\"600\" \/>\n\t<meta property=\"og:image:type\" content=\"image\/jpeg\" \/>\n<meta name=\"twitter:card\" content=\"summary_large_image\" \/>\n<meta name=\"twitter:label1\" content=\"Dur\u00e9e de lecture estim\u00e9e\" \/>\n\t<meta name=\"twitter:data1\" content=\"1 minute\" \/>\n<script type=\"application\/ld+json\" class=\"yoast-schema-graph\">{\"@context\":\"https:\/\/schema.org\",\"@graph\":[{\"@type\":\"WebPage\",\"@id\":\"https:\/\/ship-tracker.org\/crystal-cruises\/\",\"url\":\"https:\/\/ship-tracker.org\/crystal-cruises\/\",\"name\":\"Track Crystal Cruises Fleet | Cruise Ships | Marine Vessel\",\"isPartOf\":{\"@id\":\"https:\/\/ship-tracker.org\/#website\"},\"primaryImageOfPage\":{\"@id\":\"https:\/\/ship-tracker.org\/crystal-cruises\/#primaryimage\"},\"image\":{\"@id\":\"https:\/\/ship-tracker.org\/crystal-cruises\/#primaryimage\"},\"thumbnailUrl\":\"https:\/\/ship-tracker.org\/wp-content\/uploads\/2020\/04\/17.jpg\",\"datePublished\":\"2020-04-29T12:28:30+00:00\",\"dateModified\":\"2022-10-27T14:00:42+00:00\",\"description\":\"Crystal Cruises Fleet Location | Current Positions of Crystal Cruises Ships, IMO numbers, MMSI, Webcam | Live Fleet Maps | Live Ship Tracker\",\"breadcrumb\":{\"@id\":\"https:\/\/ship-tracker.org\/crystal-cruises\/#breadcrumb\"},\"inLanguage\":\"fr-FR\",\"potentialAction\":[{\"@type\":\"ReadAction\",\"target\":[\"https:\/\/ship-tracker.org\/crystal-cruises\/\"]}]},{\"@type\":\"ImageObject\",\"inLanguage\":\"fr-FR\",\"@id\":\"https:\/\/ship-tracker.org\/crystal-cruises\/#primaryimage\",\"url\":\"https:\/\/ship-tracker.org\/wp-content\/uploads\/2020\/04\/17.jpg\",\"contentUrl\":\"https:\/\/ship-tracker.org\/wp-content\/uploads\/2020\/04\/17.jpg\",\"width\":800,\"height\":600,\"caption\":\"Crystal Cruises\"},{\"@type\":\"BreadcrumbList\",\"@id\":\"https:\/\/ship-tracker.org\/crystal-cruises\/#breadcrumb\",\"itemListElement\":[{\"@type\":\"ListItem\",\"position\":1,\"name\":\"Startseite\",\"item\":\"https:\/\/ship-tracker.org\/\"},{\"@type\":\"ListItem\",\"position\":2,\"name\":\"Crystal Cruises\"}]},{\"@type\":\"WebSite\",\"@id\":\"https:\/\/ship-tracker.org\/#website\",\"url\":\"https:\/\/ship-tracker.org\/\",\"name\":\"Ship-tracker.org\",\"description\":\"\",\"potentialAction\":[{\"@type\":\"SearchAction\",\"target\":{\"@type\":\"EntryPoint\",\"urlTemplate\":\"https:\/\/ship-tracker.org\/?s={search_term_string}\"},\"query-input\":{\"@type\":\"PropertyValueSpecification\",\"valueRequired\":true,\"valueName\":\"search_term_string\"}}],\"inLanguage\":\"fr-FR\"}]}<\/script>\n<!-- \/ Yoast SEO plugin. -->","yoast_head_json":{"title":"Suivre la flotte de Crystal Cruises | Navires de croisi\u00e8re | Navire maritime","description":"Emplacement de la flotte de Crystal Cruises | Positions actuelles des navires Crystal Cruises, num\u00e9ros IMO, MMSI, webcam | Cartes de la flotte en direct | Suivi des navires en direct","robots":{"index":"index","follow":"follow","max-snippet":"max-snippet:-1","max-image-preview":"max-image-preview:large","max-video-preview":"max-video-preview:-1"},"canonical":"https:\/\/ship-tracker.org\/fr\/crystal-cruises\/","og_locale":"fr_FR","og_type":"article","og_title":"Track Crystal Cruises Fleet | Cruise Ships | Marine Vessel","og_description":"Crystal Cruises Fleet Location | Current Positions of Crystal Cruises Ships, IMO numbers, MMSI, Webcam | Live Fleet Maps | Live Ship Tracker","og_url":"https:\/\/ship-tracker.org\/fr\/crystal-cruises\/","og_site_name":"Ship-tracker.org","article_modified_time":"2022-10-27T14:00:42+00:00","og_image":[{"width":800,"height":600,"url":"https:\/\/ship-tracker.org\/wp-content\/uploads\/2020\/04\/17.jpg","type":"image\/jpeg"}],"twitter_card":"summary_large_image","twitter_misc":{"Dur\u00e9e de lecture estim\u00e9e":"1 minute"},"schema":{"@context":"https:\/\/schema.org","@graph":[{"@type":"WebPage","@id":"https:\/\/ship-tracker.org\/crystal-cruises\/","url":"https:\/\/ship-tracker.org\/crystal-cruises\/","name":"Suivre la flotte de Crystal Cruises | Navires de croisi\u00e8re | Navire maritime","isPartOf":{"@id":"https:\/\/ship-tracker.org\/#website"},"primaryImageOfPage":{"@id":"https:\/\/ship-tracker.org\/crystal-cruises\/#primaryimage"},"image":{"@id":"https:\/\/ship-tracker.org\/crystal-cruises\/#primaryimage"},"thumbnailUrl":"https:\/\/ship-tracker.org\/wp-content\/uploads\/2020\/04\/17.jpg","datePublished":"2020-04-29T12:28:30+00:00","dateModified":"2022-10-27T14:00:42+00:00","description":"Emplacement de la flotte de Crystal Cruises | Positions actuelles des navires Crystal Cruises, num\u00e9ros IMO, MMSI, webcam | Cartes de la flotte en direct | Suivi des navires en direct","breadcrumb":{"@id":"https:\/\/ship-tracker.org\/crystal-cruises\/#breadcrumb"},"inLanguage":"fr-FR","potentialAction":[{"@type":"ReadAction","target":["https:\/\/ship-tracker.org\/crystal-cruises\/"]}]},{"@type":"ImageObject","inLanguage":"fr-FR","@id":"https:\/\/ship-tracker.org\/crystal-cruises\/#primaryimage","url":"https:\/\/ship-tracker.org\/wp-content\/uploads\/2020\/04\/17.jpg","contentUrl":"https:\/\/ship-tracker.org\/wp-content\/uploads\/2020\/04\/17.jpg","width":800,"height":600,"caption":"Crystal Cruises"},{"@type":"BreadcrumbList","@id":"https:\/\/ship-tracker.org\/crystal-cruises\/#breadcrumb","itemListElement":[{"@type":"ListItem","position":1,"name":"Startseite","item":"https:\/\/ship-tracker.org\/"},{"@type":"ListItem","position":2,"name":"Crystal Cruises"}]},{"@type":"WebSite","@id":"https:\/\/ship-tracker.org\/#website","url":"https:\/\/ship-tracker.org\/","name":"Ship-tracker.org","description":"","potentialAction":[{"@type":"SearchAction","target":{"@type":"EntryPoint","urlTemplate":"https:\/\/ship-tracker.org\/?s={search_term_string}"},"query-input":{"@type":"PropertyValueSpecification","valueRequired":true,"valueName":"search_term_string"}}],"inLanguage":"fr-FR"}]}},"_links":{"self":[{"href":"https:\/\/ship-tracker.org\/fr\/wp-json\/wp\/v2\/pages\/2089","targetHints":{"allow":["GET"]}}],"collection":[{"href":"https:\/\/ship-tracker.org\/fr\/wp-json\/wp\/v2\/pages"}],"about":[{"href":"https:\/\/ship-tracker.org\/fr\/wp-json\/wp\/v2\/types\/page"}],"author":[{"embeddable":true,"href":"https:\/\/ship-tracker.org\/fr\/wp-json\/wp\/v2\/users\/1"}],"replies":[{"embeddable":true,"href":"https:\/\/ship-tracker.org\/fr\/wp-json\/wp\/v2\/comments?post=2089"}],"version-history":[{"count":5,"href":"https:\/\/ship-tracker.org\/fr\/wp-json\/wp\/v2\/pages\/2089\/revisions"}],"predecessor-version":[{"id":2477,"href":"https:\/\/ship-tracker.org\/fr\/wp-json\/wp\/v2\/pages\/2089\/revisions\/2477"}],"wp:featuredmedia":[{"embeddable":true,"href":"https:\/\/ship-tracker.org\/fr\/wp-json\/wp\/v2\/media\/2099"}],"wp:attachment":[{"href":"https:\/\/ship-tracker.org\/fr\/wp-json\/wp\/v2\/media?parent=2089"}],"curies":[{"name":"wp","href":"https:\/\/api.w.org\/{rel}","templated":true}]}}