{"id":2081,"date":"2020-04-29T14:37:25","date_gmt":"2020-04-29T12:37:25","guid":{"rendered":"https:\/\/ship-tracker.org\/?page_id=2081"},"modified":"2022-10-27T16:00:06","modified_gmt":"2022-10-27T14:00:06","slug":"costa-cruises","status":"publish","type":"page","link":"https:\/\/ship-tracker.org\/fr\/costa-cruises\/","title":{"rendered":"Costa Cruises"},"content":{"rendered":"<h2>Navires de localisation de la flotte de Costa Cruises, num\u00e9ros OMI, MMSI, webcams<\/h2>\n<p>Quelle est la position actuelle de la flotte de Costa Cruises actuellement?<\/p>\n<table style=\"border-collapse: collapse; width: 100%; height: 480px;\">\n<tbody>\n<tr style=\"height: 24px;\">\n<td style=\"width: 33.3333%; height: 24px;\"><span style=\"color: #1f405b;\"><strong>Navire<\/strong><\/span><\/td>\n<td style=\"width: 33.3333%; height: 24px;\"><span style=\"color: #1f405b;\"><strong>OMI<\/strong><\/span><\/td>\n<td style=\"width: 33.3333%; height: 24px;\"><span style=\"color: #1f405b;\"><strong>MMSI<\/strong><\/span><\/td>\n<\/tr>\n<tr style=\"height: 24px;\">\n<td style=\"width: 33.3333%; height: 24px;\"><a href=\"https:\/\/ship-tracker.org\/fr\/costa-deliziosa\/\">Costa Deliziosa<\/a><\/td>\n<td style=\"width: 33.3333%; height: 24px;\">9398917<\/td>\n<td style=\"width: 33.3333%; height: 24px;\">247282900<\/td>\n<\/tr>\n<tr style=\"height: 24px;\">\n<td style=\"width: 33.3333%; height: 24px;\"><a href=\"https:\/\/ship-tracker.org\/fr\/costa-diadema\/\">Costa Diadema<\/a><\/td>\n<td style=\"width: 33.3333%; height: 24px;\">9636888<\/td>\n<td style=\"width: 33.3333%; height: 24px;\">247353700<\/td>\n<\/tr>\n<tr style=\"height: 24px;\">\n<td style=\"width: 33.3333%; height: 24px;\"><a href=\"https:\/\/ship-tracker.org\/fr\/costa-fascinosa\/\">Costa Fascinosa<\/a><\/td>\n<td style=\"width: 33.3333%; height: 24px;\">9479864<\/td>\n<td style=\"width: 33.3333%; height: 24px;\">247313500<\/td>\n<\/tr>\n<tr style=\"height: 24px;\">\n<td style=\"width: 33.3333%; height: 24px;\"><a href=\"https:\/\/ship-tracker.org\/fr\/costa-favolosa\/\">Costa Favolosa<\/a><\/td>\n<td style=\"width: 33.3333%; height: 24px;\">9479852<\/td>\n<td style=\"width: 33.3333%; height: 24px;\">247311100<\/td>\n<\/tr>\n<tr style=\"height: 24px;\">\n<td style=\"width: 33.3333%; height: 24px;\"><a href=\"https:\/\/ship-tracker.org\/fr\/costa-fortuna\/\">Costa Fortuna<\/a><\/td>\n<td style=\"width: 33.3333%; height: 24px;\">9239783<\/td>\n<td style=\"width: 33.3333%; height: 24px;\">247094800<\/td>\n<\/tr>\n<tr style=\"height: 24px;\">\n<td style=\"width: 33.3333%; height: 24px;\"><a href=\"https:\/\/ship-tracker.org\/fr\/costa-luminosa\/\">Costa Luminosa<\/a><\/td>\n<td style=\"width: 33.3333%; height: 24px;\">9172777<\/td>\n<td style=\"width: 33.3333%; height: 24px;\">247325300<\/td>\n<\/tr>\n<tr style=\"height: 24px;\">\n<td style=\"width: 33.3333%; height: 24px;\"><a href=\"https:\/\/ship-tracker.org\/fr\/costa-magica\/\">Costa Magica<\/a><\/td>\n<td style=\"width: 33.3333%; height: 24px;\">9239795<\/td>\n<td style=\"width: 33.3333%; height: 24px;\">247113300<\/td>\n<\/tr>\n<tr class=\"alt\" style=\"height: 24px;\">\n<td style=\"width: 33.3333%; height: 24px;\"><a href=\"https:\/\/ship-tracker.org\/fr\/costa-mediterranea\/\">Costa Mediterranea<\/a><\/td>\n<td style=\"width: 33.3333%; height: 24px;\">9237345<\/td>\n<td style=\"width: 33.3333%; height: 24px;\">247088200<\/td>\n<\/tr>\n<tr style=\"height: 24px;\">\n<td style=\"width: 33.3333%; height: 24px;\"><a href=\"https:\/\/ship-tracker.org\/fr\/costa-pacifica\/\">Costa Pacifica<\/a><\/td>\n<td style=\"width: 33.3333%; height: 24px;\">9378498<\/td>\n<td style=\"width: 33.3333%; height: 24px;\">247258100<\/td>\n<\/tr>\n<tr style=\"height: 24px;\">\n<td style=\"width: 33.3333%; height: 24px;\"><a href=\"https:\/\/ship-tracker.org\/fr\/costa-serena\/\">Costa Serena<\/a><\/td>\n<td style=\"width: 33.3333%; height: 24px;\">9343132<\/td>\n<td style=\"width: 33.3333%; height: 24px;\">247187600<\/td>\n<\/tr>\n<tr style=\"height: 24px;\">\n<td style=\"width: 33.3333%; height: 24px;\"><a href=\"https:\/\/ship-tracker.org\/fr\/costa-smeralda\/\">Costa Smeralda<\/a><\/td>\n<td style=\"width: 33.3333%; height: 24px;\">9781889<\/td>\n<td style=\"width: 33.3333%; height: 24px;\">247391900<\/td>\n<\/tr>\n<tr style=\"height: 24px;\">\n<td style=\"width: 33.3333%; height: 24px;\"><a href=\"https:\/\/ship-tracker.org\/fr\/costa-venezia\/\">Costa Venezia<\/a><\/td>\n<td style=\"width: 33.3333%; height: 24px;\">9801689<\/td>\n<td style=\"width: 33.3333%; height: 24px;\">247391100<\/td>\n<\/tr>\n<tr style=\"height: 24px;\">\n<td style=\"width: 33.3333%; height: 24px;\"><a href=\"https:\/\/ship-tracker.org\/fr\/costa-firenze\/\">Costa Firenze<\/a><\/td>\n<td style=\"width: 33.3333%; height: 24px;\">9801691<\/td>\n<td style=\"width: 33.3333%; height: 24px;\">247431800<\/td>\n<\/tr>\n<tr style=\"height: 24px;\">\n<td style=\"width: 33.3333%; height: 24px;\"><a href=\"https:\/\/ship-tracker.org\/fr\/costa-toscana\/\">Costa Toscana<\/a><\/td>\n<td style=\"width: 33.3333%; height: 24px;\">9781891<\/td>\n<td style=\"width: 33.3333%; height: 24px;\">247431200<\/td>\n<\/tr>\n<\/tbody>\n<\/table>\n<h2>\u00c0 propos de Costa Cruises<\/h2>\n<p>Costa Crociere est la plus grande compagnie de croisi\u00e8re en Europe et propose une large gamme de croisi\u00e8res et une vari\u00e9t\u00e9 de programmes diff\u00e9rents. Chaque bateau allie confort, plaisir et plaisir d&#039;une mani\u00e8re incontestablement italienne. \u00c0 partir du moment o\u00f9 vous embarquerez, vous constaterez qu&#039;une croisi\u00e8re avec Costa Crociere sera inoubliable.<\/p>\n<p>Chaque croisi\u00e8re Costa offre autant de contenus et de plaisirs diff\u00e9rents. Vous n&#039;avez m\u00eame pas \u00e0 quitter le navire, car vous pouvez \u00e9galement trouver \u00e0 bord diverses activit\u00e9s adapt\u00e9es \u00e0 chaque humeur et \u00e0 chaque go\u00fbt. Les navires modernes de Costa sont \u00e9quip\u00e9s de tout ce dont vous avez besoin pour des vacances tout compris. Avec toutes les activit\u00e9s qui conviennent \u00e0 diff\u00e9rents go\u00fbts et modes de vie, nous ne pouvons pas parler d&#039;un bateau de croisi\u00e8re typique. Notre personnel d&#039;agence amical et qualifi\u00e9 vous aidera toujours \u00e0 choisir une croisi\u00e8re.<\/p>\n<p>Naviguez vers votre voyage de r\u00eave! La plus grande s\u00e9lection de croisi\u00e8res individuelles et de groupe vers des navires de luxe en Europe, en M\u00e9diterran\u00e9e, en Asie, dans les Cara\u00efbes et en Alaska vous g\u00e2tera avec confort et glamour et une vari\u00e9t\u00e9 d&#039;activit\u00e9s. Une croisi\u00e8re Costa Cruise comprend tous les repas, les activit\u00e9s nautiques, les divertissements et les croisi\u00e8res entre les destinations. De telles croisi\u00e8res sont une fa\u00e7on tr\u00e8s agr\u00e9able de voyager, car vous n&#039;avez pas \u00e0 vous demander si vous pouvez prendre le prochain vol vers la prochaine destination. Vous constaterez que nos navires sont des stations flottantes offrant le plus haut confort et toutes les activit\u00e9s que vous pouvez imaginer. Il n&#039;est donc pas \u00e9tonnant que de plus en plus de personnes choisissent des croisi\u00e8res pour leurs vacances.<\/p>\n<p>De plus, nos croisi\u00e8res ont le pourcentage le plus \u00e9lev\u00e9 de passagers satisfaits par rapport \u00e0 tous les autres types de voyages. Naviguez avec Costa Crociere de l&#039;est ensoleill\u00e9 \u00e0 l&#039;ouest ensoleill\u00e9 et explorez de nombreuses destinations diff\u00e9rentes. Ou d\u00e9tendez-vous simplement sur l&#039;un des ponts du bateau et profitez du soleil et de l&#039;odeur de la mer. Une chose est s\u00fbre: avec Costa Crociere, vous ne vous ennuierez jamais. Plus que jamais, les voyageurs d\u00e9couvrent les avantages et les plaisirs de la croisi\u00e8re au meilleur rapport qualit\u00e9 \/ prix.<\/p>","protected":false},"excerpt":{"rendered":"<p>Emplacement de la flotte de Costa Croisi\u00e8res Navires, num\u00e9ros OMI, MMSI, webcams O\u00f9 est actuellement la position de la flotte de Costa Croisi\u00e8res ? Navire OMI MMSI Costa Deliziosa 9398917 247282900 Costa Diadema 9636888 247353700 Costa Fascinosa 9479864 247313500 Costa Favolosa 9479852 247311100 Costa Fortuna 9239783 247094800 Costa Luminosa 9172 777 247325300 Costa Magica 9239795 247113300 Costa Mediterranea 9237345 247088200 Costa Pacifica\u2026&nbsp;<a href=\"https:\/\/ship-tracker.org\/fr\/costa-cruises\/\" rel=\"bookmark\">En savoir plus &quot;<span class=\"screen-reader-text\">Costa Cruises<\/span><\/a><\/p>","protected":false},"author":1,"featured_media":2083,"parent":0,"menu_order":0,"comment_status":"closed","ping_status":"closed","template":"","meta":{"neve_meta_sidebar":"","neve_meta_container":"","neve_meta_enable_content_width":"","neve_meta_content_width":0,"neve_meta_title_alignment":"","neve_meta_author_avatar":"","neve_post_elements_order":"","neve_meta_disable_header":"","neve_meta_disable_footer":"","neve_meta_disable_title":"","neve_meta_reading_time":"","footnotes":""},"class_list":["post-2081","page","type-page","status-publish","has-post-thumbnail","hentry"],"yoast_head":"<!-- This site is optimized with the Yoast SEO plugin v27.4 - https:\/\/yoast.com\/product\/yoast-seo-wordpress\/ -->\n<title>Track Costa Cruises Fleet | Cruise Ships | Marine Vessel<\/title>\n<meta name=\"description\" content=\"Costa Cruises Fleet Location | Current Positions of Costa Cruises Ships, IMO numbers, MMSI, Webcam | Live Fleet Maps | Live Ship Tracker\" \/>\n<meta name=\"robots\" content=\"index, follow, max-snippet:-1, max-image-preview:large, max-video-preview:-1\" \/>\n<link rel=\"canonical\" href=\"https:\/\/ship-tracker.org\/fr\/costa-cruises\/\" \/>\n<meta property=\"og:locale\" content=\"fr_FR\" \/>\n<meta property=\"og:type\" content=\"article\" \/>\n<meta property=\"og:title\" content=\"Track Costa Cruises Fleet | Cruise Ships | Marine Vessel\" \/>\n<meta property=\"og:description\" content=\"Costa Cruises Fleet Location | Current Positions of Costa Cruises Ships, IMO numbers, MMSI, Webcam | Live Fleet Maps | Live Ship Tracker\" \/>\n<meta property=\"og:url\" content=\"https:\/\/ship-tracker.org\/fr\/costa-cruises\/\" \/>\n<meta property=\"og:site_name\" content=\"Ship-tracker.org\" \/>\n<meta property=\"article:modified_time\" content=\"2022-10-27T14:00:06+00:00\" \/>\n<meta property=\"og:image\" content=\"https:\/\/ship-tracker.org\/wp-content\/uploads\/2020\/04\/Costa_Logo4c_Positiv-1080x675-1.jpg\" \/>\n\t<meta property=\"og:image:width\" content=\"1080\" \/>\n\t<meta property=\"og:image:height\" content=\"675\" \/>\n\t<meta property=\"og:image:type\" content=\"image\/jpeg\" \/>\n<meta name=\"twitter:card\" content=\"summary_large_image\" \/>\n<meta name=\"twitter:label1\" content=\"Dur\u00e9e de lecture estim\u00e9e\" \/>\n\t<meta name=\"twitter:data1\" content=\"2 minutes\" \/>\n<script type=\"application\/ld+json\" class=\"yoast-schema-graph\">{\"@context\":\"https:\\\/\\\/schema.org\",\"@graph\":[{\"@type\":\"WebPage\",\"@id\":\"https:\\\/\\\/ship-tracker.org\\\/costa-cruises\\\/\",\"url\":\"https:\\\/\\\/ship-tracker.org\\\/costa-cruises\\\/\",\"name\":\"Track Costa Cruises Fleet | Cruise Ships | Marine Vessel\",\"isPartOf\":{\"@id\":\"https:\\\/\\\/ship-tracker.org\\\/#website\"},\"primaryImageOfPage\":{\"@id\":\"https:\\\/\\\/ship-tracker.org\\\/costa-cruises\\\/#primaryimage\"},\"image\":{\"@id\":\"https:\\\/\\\/ship-tracker.org\\\/costa-cruises\\\/#primaryimage\"},\"thumbnailUrl\":\"https:\\\/\\\/ship-tracker.org\\\/wp-content\\\/uploads\\\/2020\\\/04\\\/Costa_Logo4c_Positiv-1080x675-1.jpg\",\"datePublished\":\"2020-04-29T12:37:25+00:00\",\"dateModified\":\"2022-10-27T14:00:06+00:00\",\"description\":\"Costa Cruises Fleet Location | Current Positions of Costa Cruises Ships, IMO numbers, MMSI, Webcam | Live Fleet Maps | Live Ship Tracker\",\"breadcrumb\":{\"@id\":\"https:\\\/\\\/ship-tracker.org\\\/costa-cruises\\\/#breadcrumb\"},\"inLanguage\":\"fr-FR\",\"potentialAction\":[{\"@type\":\"ReadAction\",\"target\":[\"https:\\\/\\\/ship-tracker.org\\\/costa-cruises\\\/\"]}]},{\"@type\":\"ImageObject\",\"inLanguage\":\"fr-FR\",\"@id\":\"https:\\\/\\\/ship-tracker.org\\\/costa-cruises\\\/#primaryimage\",\"url\":\"https:\\\/\\\/ship-tracker.org\\\/wp-content\\\/uploads\\\/2020\\\/04\\\/Costa_Logo4c_Positiv-1080x675-1.jpg\",\"contentUrl\":\"https:\\\/\\\/ship-tracker.org\\\/wp-content\\\/uploads\\\/2020\\\/04\\\/Costa_Logo4c_Positiv-1080x675-1.jpg\",\"width\":1080,\"height\":675,\"caption\":\"Costa Cruises\"},{\"@type\":\"BreadcrumbList\",\"@id\":\"https:\\\/\\\/ship-tracker.org\\\/costa-cruises\\\/#breadcrumb\",\"itemListElement\":[{\"@type\":\"ListItem\",\"position\":1,\"name\":\"Startseite\",\"item\":\"https:\\\/\\\/ship-tracker.org\\\/\"},{\"@type\":\"ListItem\",\"position\":2,\"name\":\"Costa Cruises\"}]},{\"@type\":\"WebSite\",\"@id\":\"https:\\\/\\\/ship-tracker.org\\\/#website\",\"url\":\"https:\\\/\\\/ship-tracker.org\\\/\",\"name\":\"Ship-tracker.org\",\"description\":\"\",\"potentialAction\":[{\"@type\":\"SearchAction\",\"target\":{\"@type\":\"EntryPoint\",\"urlTemplate\":\"https:\\\/\\\/ship-tracker.org\\\/?s={search_term_string}\"},\"query-input\":{\"@type\":\"PropertyValueSpecification\",\"valueRequired\":true,\"valueName\":\"search_term_string\"}}],\"inLanguage\":\"fr-FR\"}]}<\/script>\n<!-- \/ Yoast SEO plugin. -->","yoast_head_json":{"title":"Suivre la flotte de Costa Cruises | Navires de croisi\u00e8re | Navire maritime","description":"Emplacement de la flotte Costa Croisi\u00e8res | Positions actuelles des navires Costa Cruises, num\u00e9ros IMO, MMSI, webcam | Cartes de la flotte en direct | Suivi des navires en direct","robots":{"index":"index","follow":"follow","max-snippet":"max-snippet:-1","max-image-preview":"max-image-preview:large","max-video-preview":"max-video-preview:-1"},"canonical":"https:\/\/ship-tracker.org\/fr\/costa-cruises\/","og_locale":"fr_FR","og_type":"article","og_title":"Track Costa Cruises Fleet | Cruise Ships | Marine Vessel","og_description":"Costa Cruises Fleet Location | Current Positions of Costa Cruises Ships, IMO numbers, MMSI, Webcam | Live Fleet Maps | Live Ship Tracker","og_url":"https:\/\/ship-tracker.org\/fr\/costa-cruises\/","og_site_name":"Ship-tracker.org","article_modified_time":"2022-10-27T14:00:06+00:00","og_image":[{"width":1080,"height":675,"url":"https:\/\/ship-tracker.org\/wp-content\/uploads\/2020\/04\/Costa_Logo4c_Positiv-1080x675-1.jpg","type":"image\/jpeg"}],"twitter_card":"summary_large_image","twitter_misc":{"Dur\u00e9e de lecture estim\u00e9e":"2 minutes"},"schema":{"@context":"https:\/\/schema.org","@graph":[{"@type":"WebPage","@id":"https:\/\/ship-tracker.org\/costa-cruises\/","url":"https:\/\/ship-tracker.org\/costa-cruises\/","name":"Suivre la flotte de Costa Cruises | Navires de croisi\u00e8re | Navire maritime","isPartOf":{"@id":"https:\/\/ship-tracker.org\/#website"},"primaryImageOfPage":{"@id":"https:\/\/ship-tracker.org\/costa-cruises\/#primaryimage"},"image":{"@id":"https:\/\/ship-tracker.org\/costa-cruises\/#primaryimage"},"thumbnailUrl":"https:\/\/ship-tracker.org\/wp-content\/uploads\/2020\/04\/Costa_Logo4c_Positiv-1080x675-1.jpg","datePublished":"2020-04-29T12:37:25+00:00","dateModified":"2022-10-27T14:00:06+00:00","description":"Emplacement de la flotte Costa Croisi\u00e8res | Positions actuelles des navires Costa Cruises, num\u00e9ros IMO, MMSI, webcam | Cartes de la flotte en direct | Suivi des navires en direct","breadcrumb":{"@id":"https:\/\/ship-tracker.org\/costa-cruises\/#breadcrumb"},"inLanguage":"fr-FR","potentialAction":[{"@type":"ReadAction","target":["https:\/\/ship-tracker.org\/costa-cruises\/"]}]},{"@type":"ImageObject","inLanguage":"fr-FR","@id":"https:\/\/ship-tracker.org\/costa-cruises\/#primaryimage","url":"https:\/\/ship-tracker.org\/wp-content\/uploads\/2020\/04\/Costa_Logo4c_Positiv-1080x675-1.jpg","contentUrl":"https:\/\/ship-tracker.org\/wp-content\/uploads\/2020\/04\/Costa_Logo4c_Positiv-1080x675-1.jpg","width":1080,"height":675,"caption":"Costa Cruises"},{"@type":"BreadcrumbList","@id":"https:\/\/ship-tracker.org\/costa-cruises\/#breadcrumb","itemListElement":[{"@type":"ListItem","position":1,"name":"Startseite","item":"https:\/\/ship-tracker.org\/"},{"@type":"ListItem","position":2,"name":"Costa Cruises"}]},{"@type":"WebSite","@id":"https:\/\/ship-tracker.org\/#website","url":"https:\/\/ship-tracker.org\/","name":"Ship-tracker.org","description":"","potentialAction":[{"@type":"SearchAction","target":{"@type":"EntryPoint","urlTemplate":"https:\/\/ship-tracker.org\/?s={search_term_string}"},"query-input":{"@type":"PropertyValueSpecification","valueRequired":true,"valueName":"search_term_string"}}],"inLanguage":"fr-FR"}]}},"_links":{"self":[{"href":"https:\/\/ship-tracker.org\/fr\/wp-json\/wp\/v2\/pages\/2081","targetHints":{"allow":["GET"]}}],"collection":[{"href":"https:\/\/ship-tracker.org\/fr\/wp-json\/wp\/v2\/pages"}],"about":[{"href":"https:\/\/ship-tracker.org\/fr\/wp-json\/wp\/v2\/types\/page"}],"author":[{"embeddable":true,"href":"https:\/\/ship-tracker.org\/fr\/wp-json\/wp\/v2\/users\/1"}],"replies":[{"embeddable":true,"href":"https:\/\/ship-tracker.org\/fr\/wp-json\/wp\/v2\/comments?post=2081"}],"version-history":[{"count":6,"href":"https:\/\/ship-tracker.org\/fr\/wp-json\/wp\/v2\/pages\/2081\/revisions"}],"predecessor-version":[{"id":3488,"href":"https:\/\/ship-tracker.org\/fr\/wp-json\/wp\/v2\/pages\/2081\/revisions\/3488"}],"wp:featuredmedia":[{"embeddable":true,"href":"https:\/\/ship-tracker.org\/fr\/wp-json\/wp\/v2\/media\/2083"}],"wp:attachment":[{"href":"https:\/\/ship-tracker.org\/fr\/wp-json\/wp\/v2\/media?parent=2081"}],"curies":[{"name":"wp","href":"https:\/\/api.w.org\/{rel}","templated":true}]}}