{"id":2075,"date":"2020-04-29T14:36:23","date_gmt":"2020-04-29T12:36:23","guid":{"rendered":"https:\/\/ship-tracker.org\/?page_id=2075"},"modified":"2021-11-08T21:44:48","modified_gmt":"2021-11-08T20:44:48","slug":"princes-cruises","status":"publish","type":"page","link":"https:\/\/ship-tracker.org\/fr\/princes-cruises\/","title":{"rendered":"Princes Cruises"},"content":{"rendered":"<h2>Navires de localisation de la flotte de Princes Cruises, num\u00e9ros OMI, MMSI, webcams<\/h2>\n<p>Quelle est la position actuelle de la flotte de Princes Cruises actuellement?<\/p>\n<table style=\"border-collapse: collapse; width: 100%; height: 480px;\">\n<tbody>\n<tr style=\"height: 24px;\">\n<td style=\"width: 33.3333%; height: 24px;\"><span style=\"color: #1f405b;\"><strong>Navire<\/strong><\/span><\/td>\n<td style=\"width: 33.3333%; height: 24px;\"><span style=\"color: #1f405b;\"><strong>OMI<\/strong><\/span><\/td>\n<td style=\"width: 33.3333%; height: 24px;\"><span style=\"color: #1f405b;\"><strong>MMSI<\/strong><\/span><\/td>\n<\/tr>\n<tr style=\"height: 24px;\">\n<td style=\"width: 33.3333%; height: 24px;\"><a href=\"https:\/\/ship-tracker.org\/fr\/majestic-princess\/\">Majestic Princess<\/a><\/td>\n<td style=\"width: 33.3333%; height: 24px;\">9614141<\/td>\n<td style=\"width: 33.3333%; height: 24px;\">232002990<\/td>\n<\/tr>\n<tr style=\"height: 24px;\">\n<td style=\"width: 33.3333%; height: 24px;\"><a href=\"https:\/\/ship-tracker.org\/fr\/regal-princess\/\">Regal Princess<\/a><\/td>\n<td style=\"width: 33.3333%; height: 24px;\">9584724<\/td>\n<td style=\"width: 33.3333%; height: 24px;\">310674000<\/td>\n<\/tr>\n<tr style=\"height: 24px;\">\n<td style=\"width: 33.3333%; height: 24px;\"><a href=\"https:\/\/ship-tracker.org\/fr\/royal-princess\/\">Royal Princess<\/a><\/td>\n<td style=\"width: 33.3333%; height: 24px;\">9584712<\/td>\n<td style=\"width: 33.3333%; height: 24px;\">310661000<\/td>\n<\/tr>\n<tr style=\"height: 24px;\">\n<td style=\"width: 33.3333%; height: 24px;\"><a href=\"https:\/\/ship-tracker.org\/fr\/ruby-princess\/\">Ruby Princess<\/a><\/td>\n<td style=\"width: 33.3333%; height: 24px;\">9378462<\/td>\n<td style=\"width: 33.3333%; height: 24px;\">310567000<\/td>\n<\/tr>\n<tr style=\"height: 24px;\">\n<td style=\"width: 33.3333%; height: 24px;\"><a href=\"https:\/\/ship-tracker.org\/fr\/emerald-princess\/\">Emerald Princess<\/a><\/td>\n<td style=\"width: 33.3333%; height: 24px;\">9333151<\/td>\n<td style=\"width: 33.3333%; height: 24px;\">310531000<\/td>\n<\/tr>\n<tr style=\"height: 24px;\">\n<td style=\"width: 33.3333%; height: 24px;\"><a href=\"https:\/\/ship-tracker.org\/fr\/crown-princess\/\">Princesse h\u00e9riti\u00e8re<\/a><\/td>\n<td style=\"width: 33.3333%; height: 24px;\">9293399<\/td>\n<td style=\"width: 33.3333%; height: 24px;\">310500000<\/td>\n<\/tr>\n<tr style=\"height: 24px;\">\n<td style=\"width: 33.3333%; height: 24px;\"><a href=\"https:\/\/ship-tracker.org\/fr\/island-princess\/\">Island Princess<\/a><\/td>\n<td style=\"width: 33.3333%; height: 24px;\">9230402<\/td>\n<td style=\"width: 33.3333%; height: 24px;\">310384000<\/td>\n<\/tr>\n<tr style=\"height: 24px;\">\n<td style=\"width: 33.3333%; height: 24px;\"><a href=\"https:\/\/ship-tracker.org\/fr\/coral-princess\/\">Coral Princess<\/a><\/td>\n<td style=\"width: 33.3333%; height: 24px;\">9229659<\/td>\n<td style=\"width: 33.3333%; height: 24px;\">310376000<\/td>\n<\/tr>\n<tr class=\"alt\" style=\"height: 24px;\">\n<td style=\"width: 33.3333%; height: 24px;\"><a href=\"https:\/\/ship-tracker.org\/fr\/diamond-princess\/\">Diamond Princess<\/a><\/td>\n<td style=\"width: 33.3333%; height: 24px;\">9228198<\/td>\n<td style=\"width: 33.3333%; height: 24px;\">235103359<\/td>\n<\/tr>\n<tr style=\"height: 24px;\">\n<td style=\"width: 33.3333%; height: 24px;\"><a href=\"https:\/\/ship-tracker.org\/fr\/sapphire-princess\/\">Sapphire Princess<\/a><\/td>\n<td style=\"width: 33.3333%; height: 24px;\">9228186<\/td>\n<td style=\"width: 33.3333%; height: 24px;\">235103357<\/td>\n<\/tr>\n<tr style=\"height: 24px;\">\n<td style=\"width: 33.3333%; height: 24px;\"><a href=\"https:\/\/ship-tracker.org\/fr\/caribbean-princess\/\">Caribbean Princess<\/a><\/td>\n<td style=\"width: 33.3333%; height: 24px;\">9215490<\/td>\n<td style=\"width: 33.3333%; height: 24px;\">310423000<\/td>\n<\/tr>\n<tr style=\"height: 24px;\">\n<td style=\"width: 33.3333%; height: 24px;\"><a href=\"https:\/\/ship-tracker.org\/fr\/star-princess\/\">Star Princess<\/a><\/td>\n<td style=\"width: 33.3333%; height: 24px;\">9192363<\/td>\n<td style=\"width: 33.3333%; height: 24px;\">310361000<\/td>\n<\/tr>\n<tr style=\"height: 24px;\">\n<td style=\"width: 33.3333%; height: 24px;\"><a href=\"https:\/\/ship-tracker.org\/fr\/golden-princess\/\">Golden Princess<\/a><\/td>\n<td style=\"width: 33.3333%; height: 24px;\">9192351<\/td>\n<td style=\"width: 33.3333%; height: 24px;\">235113472<\/td>\n<\/tr>\n<tr style=\"height: 24px;\">\n<td style=\"width: 33.3333%; height: 24px;\"><a href=\"https:\/\/ship-tracker.org\/fr\/pacific-princess\/\">Pacific Princess<\/a><\/td>\n<td style=\"width: 33.3333%; height: 24px;\">9187887<\/td>\n<td style=\"width: 33.3333%; height: 24px;\">310504000<\/td>\n<\/tr>\n<tr style=\"height: 24px;\">\n<td style=\"width: 33.3333%; height: 24px;\"><a href=\"https:\/\/ship-tracker.org\/fr\/sea-princess\/\">Sea Princess<\/a><\/td>\n<td style=\"width: 33.3333%; height: 24px;\">9150913<\/td>\n<td style=\"width: 33.3333%; height: 24px;\">310465000<\/td>\n<\/tr>\n<tr style=\"height: 24px;\">\n<td style=\"width: 33.3333%; height: 24px;\"><a href=\"https:\/\/ship-tracker.org\/fr\/grand-princess\/\">Grand Princess<\/a><\/td>\n<td style=\"width: 33.3333%; height: 24px;\">9104005<\/td>\n<td style=\"width: 33.3333%; height: 24px;\">310327000<\/td>\n<\/tr>\n<tr style=\"height: 24px;\">\n<td style=\"width: 33.3333%; height: 24px;\"><a href=\"https:\/\/ship-tracker.org\/fr\/sun-princess\/\">Sun Princess<\/a><\/td>\n<td style=\"width: 33.3333%; height: 24px;\">9000259<\/td>\n<td style=\"width: 33.3333%; height: 24px;\">310438000<\/td>\n<\/tr>\n<tr style=\"height: 24px;\">\n<td style=\"width: 33.3333%; height: 24px;\"><a href=\"https:\/\/ship-tracker.org\/fr\/sky-princess\/\">Sky Princess<\/a><\/td>\n<td style=\"width: 33.3333%; height: 24px;\">9802396<\/td>\n<td style=\"width: 33.3333%; height: 24px;\">310780000<\/td>\n<\/tr>\n<tr style=\"height: 24px;\">\n<td style=\"width: 33.3333%; height: 24px;\"><a href=\"https:\/\/ship-tracker.org\/fr\/enchanted-princess\/\">Enchanted Princess<\/a><\/td>\n<td style=\"width: 33.3333%; height: 24px;\">9807126<\/td>\n<td style=\"width: 33.3333%; height: 24px;\">247431900<\/td>\n<\/tr>\n<\/tbody>\n<\/table>\n<h2>\u00c0 propos de Princes Cruises<\/h2>\n<p>Princess Cruises propose des croisi\u00e8res sur tous les oc\u00e9ans du monde avec 18 navires de premi\u00e8re classe (dont le nouveau Sky Princess). Les 2 derniers millions de passagers b\u00e9n\u00e9ficient du plus grand confort et d&#039;une atmosph\u00e8re extraordinaire \u00e0 bord. La flotte Princess est compos\u00e9e de navires modernes d&#039;une capacit\u00e9 comprise entre 680 et 3 660 passagers et fait escale dans 380 ports sur sept continents sur plus de 170 routes diff\u00e9rentes.<\/p>\n<p>Le premier voyage du Sky Princess est pr\u00e9vu pour octobre 2019. Les nouvelles Sky Suites offrent les plus grands balcons en mer. En juin 2020 et 2022, les deux derniers nouveaux b\u00e2timents de la classe royale suivront avec la princesse enchant\u00e9e et un navire encore sans nom.<\/p>\n<p>De plus, deux contrats sont bas\u00e9s sur une nouvelle plate-forme, offrant de la place \u00e0 environ 4 300 passagers et \u00e9quip\u00e9s de moteurs au gaz naturel liqu\u00e9fi\u00e9 (GNL). Ils devraient entrer en service respectivement en 2023 et 2025. Princess Cruises ajoute ainsi cinq nouveaux navires \u00e0 sa flotte en l&#039;espace de six ans seulement.<\/p>","protected":false},"excerpt":{"rendered":"<p>Emplacement de la flotte de Princes Cruises Navires, num\u00e9ros OMI, MMSI, webcams O\u00f9 est actuellement la position de la flotte de Princes Cruises ? Navire OMI MMSI Majestic Princess 9614141 232002990 Regal Princess 9584724 310674000 Royal Princess 9584712 310661000 Ruby Princess 9378462 310567000 Emerald Princess 9333151 310531000 Crown Princess 9293399 31050 0000 Island Princess 9230402 310384000 Coral Princess 9229659 310376000 Diamant\u2026&nbsp;<a href=\"https:\/\/ship-tracker.org\/fr\/princes-cruises\/\" rel=\"bookmark\">En savoir plus &quot;<span class=\"screen-reader-text\">Princes Cruises<\/span><\/a><\/p>","protected":false},"author":1,"featured_media":2076,"parent":0,"menu_order":0,"comment_status":"closed","ping_status":"closed","template":"","meta":{"neve_meta_sidebar":"","neve_meta_container":"","neve_meta_enable_content_width":"","neve_meta_content_width":0,"neve_meta_title_alignment":"","neve_meta_author_avatar":"","neve_post_elements_order":"","neve_meta_disable_header":"","neve_meta_disable_footer":"","neve_meta_disable_title":"","neve_meta_reading_time":"","footnotes":""},"class_list":["post-2075","page","type-page","status-publish","has-post-thumbnail","hentry"],"yoast_head":"<!-- This site is optimized with the Yoast SEO plugin v26.9 - https:\/\/yoast.com\/product\/yoast-seo-wordpress\/ -->\n<title>Track Princes Cruises Fleet | Cruise Ships | Marine Vessel<\/title>\n<meta name=\"description\" content=\"Princes Cruises Fleet Location | Current Positions of Princes Cruises Ships, IMO numbers, MMSI, Webcam | Live Fleet Maps | Live Ship Tracker\" \/>\n<meta name=\"robots\" content=\"index, follow, max-snippet:-1, max-image-preview:large, max-video-preview:-1\" \/>\n<link rel=\"canonical\" href=\"https:\/\/ship-tracker.org\/fr\/princes-cruises\/\" \/>\n<meta property=\"og:locale\" content=\"fr_FR\" \/>\n<meta property=\"og:type\" content=\"article\" \/>\n<meta property=\"og:title\" content=\"Track Princes Cruises Fleet | Cruise Ships | Marine Vessel\" \/>\n<meta property=\"og:description\" content=\"Princes Cruises Fleet Location | Current Positions of Princes Cruises Ships, IMO numbers, MMSI, Webcam | Live Fleet Maps | Live Ship Tracker\" \/>\n<meta property=\"og:url\" content=\"https:\/\/ship-tracker.org\/fr\/princes-cruises\/\" \/>\n<meta property=\"og:site_name\" content=\"Ship-tracker.org\" \/>\n<meta property=\"article:modified_time\" content=\"2021-11-08T20:44:48+00:00\" \/>\n<meta property=\"og:image\" content=\"https:\/\/ship-tracker.org\/wp-content\/uploads\/2020\/04\/cache_35623044.jpg\" \/>\n\t<meta property=\"og:image:width\" content=\"345\" \/>\n\t<meta property=\"og:image:height\" content=\"258\" \/>\n\t<meta property=\"og:image:type\" content=\"image\/jpeg\" \/>\n<meta name=\"twitter:card\" content=\"summary_large_image\" \/>\n<meta name=\"twitter:label1\" content=\"Dur\u00e9e de lecture estim\u00e9e\" \/>\n\t<meta name=\"twitter:data1\" content=\"1 minute\" \/>\n<script type=\"application\/ld+json\" class=\"yoast-schema-graph\">{\"@context\":\"https:\/\/schema.org\",\"@graph\":[{\"@type\":\"WebPage\",\"@id\":\"https:\/\/ship-tracker.org\/pt\/princes-cruises\/\",\"url\":\"https:\/\/ship-tracker.org\/pt\/princes-cruises\/\",\"name\":\"Track Princes Cruises Fleet | Cruise Ships | Marine Vessel\",\"isPartOf\":{\"@id\":\"https:\/\/ship-tracker.org\/#website\"},\"primaryImageOfPage\":{\"@id\":\"https:\/\/ship-tracker.org\/pt\/princes-cruises\/#primaryimage\"},\"image\":{\"@id\":\"https:\/\/ship-tracker.org\/pt\/princes-cruises\/#primaryimage\"},\"thumbnailUrl\":\"https:\/\/ship-tracker.org\/wp-content\/uploads\/2020\/04\/cache_35623044.jpg\",\"datePublished\":\"2020-04-29T12:36:23+00:00\",\"dateModified\":\"2021-11-08T20:44:48+00:00\",\"description\":\"Princes Cruises Fleet Location | Current Positions of Princes Cruises Ships, IMO numbers, MMSI, Webcam | Live Fleet Maps | Live Ship Tracker\",\"breadcrumb\":{\"@id\":\"https:\/\/ship-tracker.org\/pt\/princes-cruises\/#breadcrumb\"},\"inLanguage\":\"fr-FR\",\"potentialAction\":[{\"@type\":\"ReadAction\",\"target\":[\"https:\/\/ship-tracker.org\/pt\/princes-cruises\/\"]}]},{\"@type\":\"ImageObject\",\"inLanguage\":\"fr-FR\",\"@id\":\"https:\/\/ship-tracker.org\/pt\/princes-cruises\/#primaryimage\",\"url\":\"https:\/\/ship-tracker.org\/wp-content\/uploads\/2020\/04\/cache_35623044.jpg\",\"contentUrl\":\"https:\/\/ship-tracker.org\/wp-content\/uploads\/2020\/04\/cache_35623044.jpg\",\"width\":345,\"height\":258,\"caption\":\"Princes Cruises\"},{\"@type\":\"BreadcrumbList\",\"@id\":\"https:\/\/ship-tracker.org\/pt\/princes-cruises\/#breadcrumb\",\"itemListElement\":[{\"@type\":\"ListItem\",\"position\":1,\"name\":\"Startseite\",\"item\":\"https:\/\/ship-tracker.org\/\"},{\"@type\":\"ListItem\",\"position\":2,\"name\":\"Princes Cruises\"}]},{\"@type\":\"WebSite\",\"@id\":\"https:\/\/ship-tracker.org\/#website\",\"url\":\"https:\/\/ship-tracker.org\/\",\"name\":\"Ship-tracker.org\",\"description\":\"\",\"potentialAction\":[{\"@type\":\"SearchAction\",\"target\":{\"@type\":\"EntryPoint\",\"urlTemplate\":\"https:\/\/ship-tracker.org\/?s={search_term_string}\"},\"query-input\":{\"@type\":\"PropertyValueSpecification\",\"valueRequired\":true,\"valueName\":\"search_term_string\"}}],\"inLanguage\":\"fr-FR\"}]}<\/script>\n<!-- \/ Yoast SEO plugin. -->","yoast_head_json":{"title":"Suivre la flotte de Princes Cruises | Navires de croisi\u00e8re | Navire maritime","description":"Emplacement de la flotte de Princes Cruises | Positions actuelles des navires de Princes Cruises, num\u00e9ros OMI, MMSI, webcam | Cartes de flotte en direct | Suivi des navires en direct","robots":{"index":"index","follow":"follow","max-snippet":"max-snippet:-1","max-image-preview":"max-image-preview:large","max-video-preview":"max-video-preview:-1"},"canonical":"https:\/\/ship-tracker.org\/fr\/princes-cruises\/","og_locale":"fr_FR","og_type":"article","og_title":"Track Princes Cruises Fleet | Cruise Ships | Marine Vessel","og_description":"Princes Cruises Fleet Location | Current Positions of Princes Cruises Ships, IMO numbers, MMSI, Webcam | Live Fleet Maps | Live Ship Tracker","og_url":"https:\/\/ship-tracker.org\/fr\/princes-cruises\/","og_site_name":"Ship-tracker.org","article_modified_time":"2021-11-08T20:44:48+00:00","og_image":[{"width":345,"height":258,"url":"https:\/\/ship-tracker.org\/wp-content\/uploads\/2020\/04\/cache_35623044.jpg","type":"image\/jpeg"}],"twitter_card":"summary_large_image","twitter_misc":{"Dur\u00e9e de lecture estim\u00e9e":"1 minute"},"schema":{"@context":"https:\/\/schema.org","@graph":[{"@type":"WebPage","@id":"https:\/\/ship-tracker.org\/pt\/princes-cruises\/","url":"https:\/\/ship-tracker.org\/pt\/princes-cruises\/","name":"Suivre la flotte de Princes Cruises | Navires de croisi\u00e8re | Navire maritime","isPartOf":{"@id":"https:\/\/ship-tracker.org\/#website"},"primaryImageOfPage":{"@id":"https:\/\/ship-tracker.org\/pt\/princes-cruises\/#primaryimage"},"image":{"@id":"https:\/\/ship-tracker.org\/pt\/princes-cruises\/#primaryimage"},"thumbnailUrl":"https:\/\/ship-tracker.org\/wp-content\/uploads\/2020\/04\/cache_35623044.jpg","datePublished":"2020-04-29T12:36:23+00:00","dateModified":"2021-11-08T20:44:48+00:00","description":"Emplacement de la flotte de Princes Cruises | Positions actuelles des navires de Princes Cruises, num\u00e9ros OMI, MMSI, webcam | Cartes de flotte en direct | Suivi des navires en direct","breadcrumb":{"@id":"https:\/\/ship-tracker.org\/pt\/princes-cruises\/#breadcrumb"},"inLanguage":"fr-FR","potentialAction":[{"@type":"ReadAction","target":["https:\/\/ship-tracker.org\/pt\/princes-cruises\/"]}]},{"@type":"ImageObject","inLanguage":"fr-FR","@id":"https:\/\/ship-tracker.org\/pt\/princes-cruises\/#primaryimage","url":"https:\/\/ship-tracker.org\/wp-content\/uploads\/2020\/04\/cache_35623044.jpg","contentUrl":"https:\/\/ship-tracker.org\/wp-content\/uploads\/2020\/04\/cache_35623044.jpg","width":345,"height":258,"caption":"Princes Cruises"},{"@type":"BreadcrumbList","@id":"https:\/\/ship-tracker.org\/pt\/princes-cruises\/#breadcrumb","itemListElement":[{"@type":"ListItem","position":1,"name":"Startseite","item":"https:\/\/ship-tracker.org\/"},{"@type":"ListItem","position":2,"name":"Princes Cruises"}]},{"@type":"WebSite","@id":"https:\/\/ship-tracker.org\/#website","url":"https:\/\/ship-tracker.org\/","name":"Ship-tracker.org","description":"","potentialAction":[{"@type":"SearchAction","target":{"@type":"EntryPoint","urlTemplate":"https:\/\/ship-tracker.org\/?s={search_term_string}"},"query-input":{"@type":"PropertyValueSpecification","valueRequired":true,"valueName":"search_term_string"}}],"inLanguage":"fr-FR"}]}},"_links":{"self":[{"href":"https:\/\/ship-tracker.org\/fr\/wp-json\/wp\/v2\/pages\/2075","targetHints":{"allow":["GET"]}}],"collection":[{"href":"https:\/\/ship-tracker.org\/fr\/wp-json\/wp\/v2\/pages"}],"about":[{"href":"https:\/\/ship-tracker.org\/fr\/wp-json\/wp\/v2\/types\/page"}],"author":[{"embeddable":true,"href":"https:\/\/ship-tracker.org\/fr\/wp-json\/wp\/v2\/users\/1"}],"replies":[{"embeddable":true,"href":"https:\/\/ship-tracker.org\/fr\/wp-json\/wp\/v2\/comments?post=2075"}],"version-history":[{"count":5,"href":"https:\/\/ship-tracker.org\/fr\/wp-json\/wp\/v2\/pages\/2075\/revisions"}],"predecessor-version":[{"id":2459,"href":"https:\/\/ship-tracker.org\/fr\/wp-json\/wp\/v2\/pages\/2075\/revisions\/2459"}],"wp:featuredmedia":[{"embeddable":true,"href":"https:\/\/ship-tracker.org\/fr\/wp-json\/wp\/v2\/media\/2076"}],"wp:attachment":[{"href":"https:\/\/ship-tracker.org\/fr\/wp-json\/wp\/v2\/media?parent=2075"}],"curies":[{"name":"wp","href":"https:\/\/api.w.org\/{rel}","templated":true}]}}