{"id":2070,"date":"2020-04-29T14:35:01","date_gmt":"2020-04-29T12:35:01","guid":{"rendered":"https:\/\/ship-tracker.org\/?page_id=2070"},"modified":"2022-11-01T13:22:27","modified_gmt":"2022-11-01T12:22:27","slug":"celebrity-cruises","status":"publish","type":"page","link":"https:\/\/ship-tracker.org\/fr\/celebrity-cruises\/","title":{"rendered":"Celebrity Cruises"},"content":{"rendered":"<h2>Navires de localisation de la flotte de Celebrity Cruises, num\u00e9ros OMI, MMSI, webcams<\/h2>\n<p>O\u00f9 est actuellement la position actuelle de la flotte de Celebrity Cruises?<\/p>\n<table style=\"border-collapse: collapse; width: 100%; height: 336px;\">\n<tbody>\n<tr style=\"height: 24px;\">\n<td style=\"width: 33.3333%; height: 24px;\"><span style=\"color: #1f405b;\"><strong>Navire<\/strong><\/span><\/td>\n<td style=\"width: 33.3333%; height: 24px;\"><span style=\"color: #1f405b;\"><strong>OMI<\/strong><\/span><\/td>\n<td style=\"width: 33.3333%; height: 24px;\"><span style=\"color: #1f405b;\"><strong>MMSI<\/strong><\/span><\/td>\n<\/tr>\n<tr style=\"height: 24px;\">\n<td style=\"width: 33.3333%; height: 24px;\"><a href=\"https:\/\/ship-tracker.org\/fr\/celebrity-apex\/\">Celebrity Apex<\/a><\/td>\n<td style=\"width: 33.3333%; height: 24px;\">9838383<\/td>\n<td style=\"width: 33.3333%; height: 24px;\">215105000<\/td>\n<\/tr>\n<tr style=\"height: 24px;\">\n<td style=\"width: 33.3333%; height: 24px;\"><a href=\"https:\/\/ship-tracker.org\/fr\/celebrity-flora\/\">Celebrity Flora<\/a><\/td>\n<td style=\"width: 33.3333%; height: 24px;\">9837925<\/td>\n<td style=\"width: 33.3333%; height: 24px;\">735059945<\/td>\n<\/tr>\n<tr style=\"height: 24px;\">\n<td style=\"width: 33.3333%; height: 24px;\"><a href=\"https:\/\/ship-tracker.org\/fr\/celebrity-edge\/\">Celebrity Edge<\/a><\/td>\n<td style=\"width: 33.3333%; height: 24px;\">9812705<\/td>\n<td style=\"width: 33.3333%; height: 24px;\">248325000<\/td>\n<\/tr>\n<tr style=\"height: 24px;\">\n<td style=\"width: 33.3333%; height: 24px;\"><a href=\"https:\/\/ship-tracker.org\/fr\/celebrity-silhouette\/\">Celebrity Silhouette<\/a><\/td>\n<td style=\"width: 33.3333%; height: 24px;\">9451094<\/td>\n<td style=\"width: 33.3333%; height: 24px;\">248939000<\/td>\n<\/tr>\n<tr style=\"height: 24px;\">\n<td style=\"width: 33.3333%; height: 24px;\"><a href=\"https:\/\/ship-tracker.org\/fr\/celebrity-millennium\/\">Celebrity Millennium<\/a><\/td>\n<td style=\"width: 33.3333%; height: 24px;\">9189419<\/td>\n<td style=\"width: 33.3333%; height: 24px;\">249055000<\/td>\n<\/tr>\n<tr style=\"height: 24px;\">\n<td style=\"width: 33.3333%; height: 24px;\"><a href=\"https:\/\/ship-tracker.org\/fr\/celebrity-eclipse\/\">Celebrity Eclipse<\/a><\/td>\n<td style=\"width: 33.3333%; height: 24px;\">9404314<\/td>\n<td style=\"width: 33.3333%; height: 24px;\">249666000<\/td>\n<\/tr>\n<tr style=\"height: 24px;\">\n<td style=\"width: 33.3333%; height: 24px;\"><a href=\"https:\/\/ship-tracker.org\/fr\/celebrity-infinity\/\">Celebrity Infinity<\/a><\/td>\n<td style=\"width: 33.3333%; height: 24px;\">9189421<\/td>\n<td style=\"width: 33.3333%; height: 24px;\">249048000<\/td>\n<\/tr>\n<tr style=\"height: 24px;\">\n<td style=\"width: 33.3333%; height: 24px;\"><a href=\"https:\/\/ship-tracker.org\/fr\/celebrity-solstice\/\">Celebrity Solstice<\/a><\/td>\n<td style=\"width: 33.3333%; height: 24px;\">9362530<\/td>\n<td style=\"width: 33.3333%; height: 24px;\">249409000<\/td>\n<\/tr>\n<tr class=\"alt\" style=\"height: 24px;\">\n<td style=\"width: 33.3333%; height: 24px;\"><a href=\"https:\/\/ship-tracker.org\/fr\/celebrity-reflection\/\">Celebrity Reflection<\/a><\/td>\n<td style=\"width: 33.3333%; height: 24px;\">9506459<\/td>\n<td style=\"width: 33.3333%; height: 24px;\">229074000<\/td>\n<\/tr>\n<tr style=\"height: 24px;\">\n<td style=\"width: 33.3333%; height: 24px;\"><a href=\"https:\/\/ship-tracker.org\/fr\/celebrity-summit\/\">Celebrity Summit<\/a><\/td>\n<td style=\"width: 33.3333%; height: 24px;\">9192387<\/td>\n<td style=\"width: 33.3333%; height: 24px;\">249047000<\/td>\n<\/tr>\n<tr style=\"height: 24px;\">\n<td style=\"width: 33.3333%; height: 24px;\"><a href=\"https:\/\/ship-tracker.org\/fr\/celebrity-equinox\/\">Celebrity Equinox<\/a><\/td>\n<td style=\"width: 33.3333%; height: 24px;\">9372456<\/td>\n<td style=\"width: 33.3333%; height: 24px;\">249667000<\/td>\n<\/tr>\n<tr style=\"height: 24px;\">\n<td style=\"width: 33.3333%; height: 24px;\"><a href=\"https:\/\/ship-tracker.org\/fr\/celebrity-constellation\/\">Celebrity Constellation<\/a><\/td>\n<td style=\"width: 33.3333%; height: 24px;\">9192399<\/td>\n<td style=\"width: 33.3333%; height: 24px;\">249046000<\/td>\n<\/tr>\n<tr style=\"height: 24px;\">\n<td style=\"width: 33.3333%; height: 24px;\"><a href=\"https:\/\/ship-tracker.org\/fr\/celebrity-xpedition\/\">Celebrity Xpedition<\/a><\/td>\n<td style=\"width: 33.3333%; height: 24px;\">9228368<\/td>\n<td style=\"width: 33.3333%; height: 24px;\">735023483<\/td>\n<\/tr>\n<tr>\n<td style=\"width: 33.3333%;\"><a href=\"https:\/\/ship-tracker.org\/fr\/celebrity-beyond\/\">Celebrity Beyond<\/a><\/td>\n<td style=\"width: 33.3333%;\">9838395<\/td>\n<td style=\"width: 33.3333%;\">215808000<\/td>\n<\/tr>\n<tr>\n<td style=\"width: 33.3333%;\"><a href=\"https:\/\/ship-tracker.org\/fr\/celebrity-ascent\/\">Ascension des c\u00e9l\u00e9brit\u00e9s<\/a><\/td>\n<td style=\"width: 33.3333%;\">2023<\/td>\n<td style=\"width: 33.3333%;\"><\/td>\n<\/tr>\n<\/tbody>\n<\/table>\n<h2>\u00c0 propos de Celebrity Cruises<\/h2>\n<p>Celebrity Cruises est synonyme de luxe et de service des meilleurs - c&#039;est ce que repr\u00e9sente la compagnie maritime exclusive Celebrity Cruises. Fond\u00e9e en 1989 par le \u00abGroupe Chandris\u00bb grec, Celebrity Cruises a fusionn\u00e9 avec Royel Caribbean International en 1997. Depuis, Celebrity Cruises s&#039;est progressivement d\u00e9velopp\u00e9e pour devenir l&#039;une des compagnies de croisi\u00e8res les plus populaires. Le bien-\u00eatre des invit\u00e9s est une priorit\u00e9 absolue pour Celebrity Cruises et est toujours au premier plan. Un ratio invit\u00e9 \/ personnel de 2: 1 permet \u00e0 chaque passager de profiter d&#039;un service de premi\u00e8re classe et garantit qu&#039;aucun souhait ne sera exauc\u00e9. Le service de cabine et pour les suites, m\u00eame un service de majordome est synonyme de luxe, ce qui permet aux clients de profiter des repas et des boissons m\u00eame dans l&#039;atmosph\u00e8re tr\u00e8s priv\u00e9e de la cabine ou du balcon.<\/p>\n<p>Celebrity Cruises propose un programme de divertissement unique dans une classe \u00e0 part. Les concerts, les pi\u00e8ces de th\u00e9\u00e2tre et les spectacles sont garantis de ne pas ennuyer personne. Les spectacles de Broadway et les spectacles de cirque prim\u00e9s sont des invit\u00e9s r\u00e9guliers \u00e0 bord de Celebrity Cruises. Mais les passagers actifs et cr\u00e9atifs en ont aussi pour leur argent, car des ateliers sur des sujets tels que les bijoux, la peinture, la danse ou le vin font \u00e9galement partie du programme diversifi\u00e9 de Celebrity Cruises. Les amateurs d&#039;art appr\u00e9cieront certainement la galerie et le studio d&#039;art \u00e0 bord des navires.<\/p>\n<p>Les navires de Celebrity Cruises offrent aux passagers une salle de sport \u00e9quip\u00e9e moderne ainsi que la possibilit\u00e9 de participer \u00e0 diff\u00e9rents cours comme l&#039;a\u00e9robic, le pilates, le spinning et le yoga. Pour les croisi\u00e8res en Europe, en Australie et dans les Cara\u00efbes, vous pourrez \u00e9galement r\u00e9server des excursions actives telles que le cano\u00eb, le stand-up paddle ou l&#039;hydrobiking.<\/p>","protected":false},"excerpt":{"rendered":"<p>Emplacement de la flotte de Celebrity Cruises Navires, num\u00e9ros OMI, MMSI, webcams O\u00f9 est actuellement la position de la flotte de Celebrity Cruises ? Navire OMI MMSI Celebrity Apex 9838383 215105000 Celebrity Flora 9837925 735059945 Celebrity Edge 9812705 248325000 Celebrity Silhouette 9451094 248939000 Celebrity Millennium 9189419 249055000 Celebrity Eclipse 9404314 2 49666000 Celebrity Infinity 9189421 249048000 Celebrity Solstice 9362530 249409000 Celebrity\u2026&nbsp;<a href=\"https:\/\/ship-tracker.org\/fr\/celebrity-cruises\/\" rel=\"bookmark\">En savoir plus &quot;<span class=\"screen-reader-text\">Celebrity Cruises<\/span><\/a><\/p>","protected":false},"author":1,"featured_media":2071,"parent":0,"menu_order":0,"comment_status":"closed","ping_status":"closed","template":"","meta":{"neve_meta_sidebar":"","neve_meta_container":"","neve_meta_enable_content_width":"","neve_meta_content_width":0,"neve_meta_title_alignment":"","neve_meta_author_avatar":"","neve_post_elements_order":"","neve_meta_disable_header":"","neve_meta_disable_footer":"","neve_meta_disable_title":"","neve_meta_reading_time":"","footnotes":""},"class_list":["post-2070","page","type-page","status-publish","has-post-thumbnail","hentry"],"yoast_head":"<!-- This site is optimized with the Yoast SEO plugin v27.4 - https:\/\/yoast.com\/product\/yoast-seo-wordpress\/ -->\n<title>Track Celebrity Cruises Fleet | Cruise Ships | Marine Vessel<\/title>\n<meta name=\"description\" content=\"Celebrity Cruises Fleet Location | Current Positions of Celebrity Cruises Ships, IMO numbers, MMSI, Webcam | Live Fleet Maps | Ship Tracker\" \/>\n<meta name=\"robots\" content=\"index, follow, max-snippet:-1, max-image-preview:large, max-video-preview:-1\" \/>\n<link rel=\"canonical\" href=\"https:\/\/ship-tracker.org\/fr\/celebrity-cruises\/\" \/>\n<meta property=\"og:locale\" content=\"fr_FR\" \/>\n<meta property=\"og:type\" content=\"article\" \/>\n<meta property=\"og:title\" content=\"Track Celebrity Cruises Fleet | Cruise Ships | Marine Vessel\" \/>\n<meta property=\"og:description\" content=\"Celebrity Cruises Fleet Location | Current Positions of Celebrity Cruises Ships, IMO numbers, MMSI, Webcam | Live Fleet Maps | Ship Tracker\" \/>\n<meta property=\"og:url\" content=\"https:\/\/ship-tracker.org\/fr\/celebrity-cruises\/\" \/>\n<meta property=\"og:site_name\" content=\"Ship-tracker.org\" \/>\n<meta property=\"article:modified_time\" content=\"2022-11-01T12:22:27+00:00\" \/>\n<meta property=\"og:image\" content=\"https:\/\/ship-tracker.org\/wp-content\/uploads\/2020\/04\/celebrity-cruises.jpg\" \/>\n\t<meta property=\"og:image:width\" content=\"400\" \/>\n\t<meta property=\"og:image:height\" content=\"281\" \/>\n\t<meta property=\"og:image:type\" content=\"image\/jpeg\" \/>\n<meta name=\"twitter:card\" content=\"summary_large_image\" \/>\n<meta name=\"twitter:label1\" content=\"Dur\u00e9e de lecture estim\u00e9e\" \/>\n\t<meta name=\"twitter:data1\" content=\"2 minutes\" \/>\n<script type=\"application\/ld+json\" class=\"yoast-schema-graph\">{\"@context\":\"https:\\\/\\\/schema.org\",\"@graph\":[{\"@type\":\"WebPage\",\"@id\":\"https:\\\/\\\/ship-tracker.org\\\/celebrity-cruises\\\/\",\"url\":\"https:\\\/\\\/ship-tracker.org\\\/celebrity-cruises\\\/\",\"name\":\"Track Celebrity Cruises Fleet | Cruise Ships | Marine Vessel\",\"isPartOf\":{\"@id\":\"https:\\\/\\\/ship-tracker.org\\\/#website\"},\"primaryImageOfPage\":{\"@id\":\"https:\\\/\\\/ship-tracker.org\\\/celebrity-cruises\\\/#primaryimage\"},\"image\":{\"@id\":\"https:\\\/\\\/ship-tracker.org\\\/celebrity-cruises\\\/#primaryimage\"},\"thumbnailUrl\":\"https:\\\/\\\/ship-tracker.org\\\/wp-content\\\/uploads\\\/2020\\\/04\\\/celebrity-cruises.jpg\",\"datePublished\":\"2020-04-29T12:35:01+00:00\",\"dateModified\":\"2022-11-01T12:22:27+00:00\",\"description\":\"Celebrity Cruises Fleet Location | Current Positions of Celebrity Cruises Ships, IMO numbers, MMSI, Webcam | Live Fleet Maps | Ship Tracker\",\"breadcrumb\":{\"@id\":\"https:\\\/\\\/ship-tracker.org\\\/celebrity-cruises\\\/#breadcrumb\"},\"inLanguage\":\"fr-FR\",\"potentialAction\":[{\"@type\":\"ReadAction\",\"target\":[\"https:\\\/\\\/ship-tracker.org\\\/celebrity-cruises\\\/\"]}]},{\"@type\":\"ImageObject\",\"inLanguage\":\"fr-FR\",\"@id\":\"https:\\\/\\\/ship-tracker.org\\\/celebrity-cruises\\\/#primaryimage\",\"url\":\"https:\\\/\\\/ship-tracker.org\\\/wp-content\\\/uploads\\\/2020\\\/04\\\/celebrity-cruises.jpg\",\"contentUrl\":\"https:\\\/\\\/ship-tracker.org\\\/wp-content\\\/uploads\\\/2020\\\/04\\\/celebrity-cruises.jpg\",\"width\":400,\"height\":281,\"caption\":\"Celebrity Cruises\"},{\"@type\":\"BreadcrumbList\",\"@id\":\"https:\\\/\\\/ship-tracker.org\\\/celebrity-cruises\\\/#breadcrumb\",\"itemListElement\":[{\"@type\":\"ListItem\",\"position\":1,\"name\":\"Startseite\",\"item\":\"https:\\\/\\\/ship-tracker.org\\\/\"},{\"@type\":\"ListItem\",\"position\":2,\"name\":\"Celebrity Cruises\"}]},{\"@type\":\"WebSite\",\"@id\":\"https:\\\/\\\/ship-tracker.org\\\/#website\",\"url\":\"https:\\\/\\\/ship-tracker.org\\\/\",\"name\":\"Ship-tracker.org\",\"description\":\"\",\"potentialAction\":[{\"@type\":\"SearchAction\",\"target\":{\"@type\":\"EntryPoint\",\"urlTemplate\":\"https:\\\/\\\/ship-tracker.org\\\/?s={search_term_string}\"},\"query-input\":{\"@type\":\"PropertyValueSpecification\",\"valueRequired\":true,\"valueName\":\"search_term_string\"}}],\"inLanguage\":\"fr-FR\"}]}<\/script>\n<!-- \/ Yoast SEO plugin. -->","yoast_head_json":{"title":"Suivre la flotte de Celebrity Cruises | Navires de croisi\u00e8re | Navire maritime","description":"Emplacement de la flotte de Celebrity Cruises | Positions actuelles des navires de croisi\u00e8res Celebrity, num\u00e9ros IMO, MMSI, webcam | Cartes de la flotte en direct | Suivi des navires","robots":{"index":"index","follow":"follow","max-snippet":"max-snippet:-1","max-image-preview":"max-image-preview:large","max-video-preview":"max-video-preview:-1"},"canonical":"https:\/\/ship-tracker.org\/fr\/celebrity-cruises\/","og_locale":"fr_FR","og_type":"article","og_title":"Track Celebrity Cruises Fleet | Cruise Ships | Marine Vessel","og_description":"Celebrity Cruises Fleet Location | Current Positions of Celebrity Cruises Ships, IMO numbers, MMSI, Webcam | Live Fleet Maps | Ship Tracker","og_url":"https:\/\/ship-tracker.org\/fr\/celebrity-cruises\/","og_site_name":"Ship-tracker.org","article_modified_time":"2022-11-01T12:22:27+00:00","og_image":[{"width":400,"height":281,"url":"https:\/\/ship-tracker.org\/wp-content\/uploads\/2020\/04\/celebrity-cruises.jpg","type":"image\/jpeg"}],"twitter_card":"summary_large_image","twitter_misc":{"Dur\u00e9e de lecture estim\u00e9e":"2 minutes"},"schema":{"@context":"https:\/\/schema.org","@graph":[{"@type":"WebPage","@id":"https:\/\/ship-tracker.org\/celebrity-cruises\/","url":"https:\/\/ship-tracker.org\/celebrity-cruises\/","name":"Suivre la flotte de Celebrity Cruises | Navires de croisi\u00e8re | Navire maritime","isPartOf":{"@id":"https:\/\/ship-tracker.org\/#website"},"primaryImageOfPage":{"@id":"https:\/\/ship-tracker.org\/celebrity-cruises\/#primaryimage"},"image":{"@id":"https:\/\/ship-tracker.org\/celebrity-cruises\/#primaryimage"},"thumbnailUrl":"https:\/\/ship-tracker.org\/wp-content\/uploads\/2020\/04\/celebrity-cruises.jpg","datePublished":"2020-04-29T12:35:01+00:00","dateModified":"2022-11-01T12:22:27+00:00","description":"Emplacement de la flotte de Celebrity Cruises | Positions actuelles des navires de croisi\u00e8res Celebrity, num\u00e9ros IMO, MMSI, webcam | Cartes de la flotte en direct | Suivi des navires","breadcrumb":{"@id":"https:\/\/ship-tracker.org\/celebrity-cruises\/#breadcrumb"},"inLanguage":"fr-FR","potentialAction":[{"@type":"ReadAction","target":["https:\/\/ship-tracker.org\/celebrity-cruises\/"]}]},{"@type":"ImageObject","inLanguage":"fr-FR","@id":"https:\/\/ship-tracker.org\/celebrity-cruises\/#primaryimage","url":"https:\/\/ship-tracker.org\/wp-content\/uploads\/2020\/04\/celebrity-cruises.jpg","contentUrl":"https:\/\/ship-tracker.org\/wp-content\/uploads\/2020\/04\/celebrity-cruises.jpg","width":400,"height":281,"caption":"Celebrity Cruises"},{"@type":"BreadcrumbList","@id":"https:\/\/ship-tracker.org\/celebrity-cruises\/#breadcrumb","itemListElement":[{"@type":"ListItem","position":1,"name":"Startseite","item":"https:\/\/ship-tracker.org\/"},{"@type":"ListItem","position":2,"name":"Celebrity Cruises"}]},{"@type":"WebSite","@id":"https:\/\/ship-tracker.org\/#website","url":"https:\/\/ship-tracker.org\/","name":"Ship-tracker.org","description":"","potentialAction":[{"@type":"SearchAction","target":{"@type":"EntryPoint","urlTemplate":"https:\/\/ship-tracker.org\/?s={search_term_string}"},"query-input":{"@type":"PropertyValueSpecification","valueRequired":true,"valueName":"search_term_string"}}],"inLanguage":"fr-FR"}]}},"_links":{"self":[{"href":"https:\/\/ship-tracker.org\/fr\/wp-json\/wp\/v2\/pages\/2070","targetHints":{"allow":["GET"]}}],"collection":[{"href":"https:\/\/ship-tracker.org\/fr\/wp-json\/wp\/v2\/pages"}],"about":[{"href":"https:\/\/ship-tracker.org\/fr\/wp-json\/wp\/v2\/types\/page"}],"author":[{"embeddable":true,"href":"https:\/\/ship-tracker.org\/fr\/wp-json\/wp\/v2\/users\/1"}],"replies":[{"embeddable":true,"href":"https:\/\/ship-tracker.org\/fr\/wp-json\/wp\/v2\/comments?post=2070"}],"version-history":[{"count":8,"href":"https:\/\/ship-tracker.org\/fr\/wp-json\/wp\/v2\/pages\/2070\/revisions"}],"predecessor-version":[{"id":3532,"href":"https:\/\/ship-tracker.org\/fr\/wp-json\/wp\/v2\/pages\/2070\/revisions\/3532"}],"wp:featuredmedia":[{"embeddable":true,"href":"https:\/\/ship-tracker.org\/fr\/wp-json\/wp\/v2\/media\/2071"}],"wp:attachment":[{"href":"https:\/\/ship-tracker.org\/fr\/wp-json\/wp\/v2\/media?parent=2070"}],"curies":[{"name":"wp","href":"https:\/\/api.w.org\/{rel}","templated":true}]}}