{"id":2060,"date":"2020-04-29T14:15:55","date_gmt":"2020-04-29T12:15:55","guid":{"rendered":"https:\/\/ship-tracker.org\/?page_id=2060"},"modified":"2023-08-13T02:47:17","modified_gmt":"2023-08-13T00:47:17","slug":"royal-caribbean","status":"publish","type":"page","link":"https:\/\/ship-tracker.org\/fr\/royal-caribbean\/","title":{"rendered":"Royal Caribbean"},"content":{"rendered":"<h2>Navires de localisation de la flotte royale des Cara\u00efbes, num\u00e9ros OMI, MMSI, webcams<\/h2>\n<p>O\u00f9 est actuellement la position de Royal Caribbean Fleet?<\/p>\n<table style=\"border-collapse: collapse; width: 100%; height: 733px;\">\n<tbody>\n<tr style=\"height: 23px;\">\n<td style=\"width: 33.3333%; height: 23px;\"><span style=\"color: #1f405b;\"><strong>Navire<\/strong><\/span><\/td>\n<td style=\"width: 33.3333%; height: 23px;\"><span style=\"color: #1f405b;\"><strong>OMI<\/strong><\/span><\/td>\n<td style=\"width: 33.3333%; height: 23px;\"><span style=\"color: #1f405b;\"><strong>MMSI<\/strong><\/span><\/td>\n<\/tr>\n<tr style=\"height: 24px;\">\n<td style=\"width: 33.3333%; height: 24px;\"><a href=\"https:\/\/ship-tracker.org\/fr\/adventure-of-the-seas\/\">Adventure of the Seas<\/a><\/td>\n<td style=\"width: 33.3333%; height: 24px;\">9167227<\/td>\n<td style=\"width: 33.3333%; height: 24px;\">311263000<\/td>\n<\/tr>\n<tr style=\"height: 24px;\">\n<td style=\"width: 33.3333%; height: 24px;\"><a href=\"https:\/\/ship-tracker.org\/fr\/allure-of-the-seas\/\">Allure of the Seas<\/a><\/td>\n<td style=\"width: 33.3333%; height: 24px;\">9383948<\/td>\n<td style=\"width: 33.3333%; height: 24px;\">311020700<\/td>\n<\/tr>\n<tr style=\"height: 24px;\">\n<td style=\"width: 33.3333%; height: 24px;\"><a href=\"https:\/\/ship-tracker.org\/fr\/anthem-of-the-seas\/\">Anthem of the Seas<\/a><\/td>\n<td style=\"width: 33.3333%; height: 24px;\">9656101<\/td>\n<td style=\"width: 33.3333%; height: 24px;\">311000274<\/td>\n<\/tr>\n<tr style=\"height: 24px;\">\n<td style=\"width: 33.3333%; height: 24px;\"><a href=\"https:\/\/ship-tracker.org\/fr\/brilliance-of-the-seas\/\">Brilliance of the Seas<\/a><\/td>\n<td style=\"width: 33.3333%; height: 24px;\">9195200<\/td>\n<td style=\"width: 33.3333%; height: 24px;\">311361000<\/td>\n<\/tr>\n<tr style=\"height: 24px;\">\n<td style=\"width: 33.3333%; height: 24px;\"><a href=\"https:\/\/ship-tracker.org\/fr\/enchantment-of-the-seas\/\">Enchantment of the Seas<\/a><\/td>\n<td style=\"width: 33.3333%; height: 24px;\">9111802<\/td>\n<td style=\"width: 33.3333%; height: 24px;\">311733000<\/td>\n<\/tr>\n<tr style=\"height: 24px;\">\n<td style=\"width: 33.3333%; height: 24px;\"><a href=\"https:\/\/ship-tracker.org\/fr\/explorer-of-the-seas\/\">Explorer of the Seas<\/a><\/td>\n<td style=\"width: 33.3333%; height: 24px;\">9161728<\/td>\n<td style=\"width: 33.3333%; height: 24px;\">311316000<\/td>\n<\/tr>\n<tr style=\"height: 24px;\">\n<td style=\"width: 33.3333%; height: 24px;\"><a href=\"https:\/\/ship-tracker.org\/fr\/freedom-of-the-seas\/\">Freedom of the Seas<\/a><\/td>\n<td style=\"width: 33.3333%; height: 24px;\">9304033<\/td>\n<td style=\"width: 33.3333%; height: 24px;\">309906000<\/td>\n<\/tr>\n<tr style=\"height: 24px;\">\n<td style=\"width: 33.3333%; height: 24px;\"><a href=\"https:\/\/ship-tracker.org\/fr\/grandeur-of-the-seas\/\">Grandeur des mers<\/a><\/td>\n<td style=\"width: 33.3333%; height: 24px;\">9102978<\/td>\n<td style=\"width: 33.3333%; height: 24px;\">311315000<\/td>\n<\/tr>\n<tr style=\"height: 24px;\">\n<td style=\"width: 33.3333%; height: 24px;\"><a href=\"https:\/\/ship-tracker.org\/fr\/harmony-of-the-seas\/\">Harmony of the Seas<\/a><\/td>\n<td style=\"width: 33.3333%; height: 24px;\">9682875<\/td>\n<td style=\"width: 33.3333%; height: 24px;\">311000396<\/td>\n<\/tr>\n<tr style=\"height: 24px;\">\n<td style=\"width: 33.3333%; height: 24px;\"><a href=\"https:\/\/ship-tracker.org\/fr\/independence-of-the-seas\/\">Independence of the Seas<\/a><\/td>\n<td style=\"width: 33.3333%; height: 24px;\">9349681<\/td>\n<td style=\"width: 33.3333%; height: 24px;\">309374000<\/td>\n<\/tr>\n<tr style=\"height: 24px;\">\n<td style=\"width: 33.3333%; height: 24px;\"><a href=\"https:\/\/ship-tracker.org\/fr\/jewel-of-the-seas\/\">Jewel of the Seas<\/a><\/td>\n<td style=\"width: 33.3333%; height: 24px;\">9228356<\/td>\n<td style=\"width: 33.3333%; height: 24px;\">311583000<\/td>\n<\/tr>\n<tr style=\"height: 24px;\">\n<td style=\"width: 33.3333%; height: 24px;\"><a href=\"https:\/\/ship-tracker.org\/fr\/liberty-of-the-seas\/\">Liberty of the Seas<\/a><\/td>\n<td style=\"width: 33.3333%; height: 24px;\">9330032<\/td>\n<td style=\"width: 33.3333%; height: 24px;\">309436000<\/td>\n<\/tr>\n<tr style=\"height: 24px;\">\n<td style=\"width: 33.3333%; height: 24px;\"><a href=\"https:\/\/ship-tracker.org\/fr\/mariner-of-the-seas\/\">Mariner of the Seas<\/a><\/td>\n<td style=\"width: 33.3333%; height: 24px;\">9227510<\/td>\n<td style=\"width: 33.3333%; height: 24px;\">311493000<\/td>\n<\/tr>\n<tr style=\"height: 24px;\">\n<td style=\"width: 33.3333%; height: 24px;\"><a href=\"https:\/\/ship-tracker.org\/fr\/navigator-of-the-seas\/\">Navigator of the Seas<\/a><\/td>\n<td style=\"width: 33.3333%; height: 24px;\">9227508<\/td>\n<td style=\"width: 33.3333%; height: 24px;\">311478000<\/td>\n<\/tr>\n<tr style=\"height: 24px;\">\n<td style=\"width: 33.3333%; height: 24px;\"><a href=\"https:\/\/ship-tracker.org\/fr\/oasis-of-the-seas\/\">Oasis of the Seas<\/a><\/td>\n<td style=\"width: 33.3333%; height: 24px;\">9383936<\/td>\n<td style=\"width: 33.3333%; height: 24px;\">311020600<\/td>\n<\/tr>\n<tr style=\"height: 24px;\">\n<td style=\"width: 33.3333%; height: 24px;\"><a href=\"https:\/\/ship-tracker.org\/fr\/ovation-of-the-seas\/\">Ovation of the Seas<\/a><\/td>\n<td style=\"width: 33.3333%; height: 24px;\">9697753<\/td>\n<td style=\"width: 33.3333%; height: 24px;\">311000397<\/td>\n<\/tr>\n<tr style=\"height: 24px;\">\n<td style=\"width: 33.3333%; height: 24px;\"><a href=\"https:\/\/ship-tracker.org\/fr\/quantum-of-the-seas\/\">Quantum of the Seas<\/a><\/td>\n<td style=\"width: 33.3333%; height: 24px;\">9549463<\/td>\n<td style=\"width: 33.3333%; height: 24px;\">311000267<\/td>\n<\/tr>\n<tr style=\"height: 24px;\">\n<td style=\"width: 33.3333%; height: 24px;\"><a href=\"https:\/\/ship-tracker.org\/fr\/radiance-of-the-seas\/\">Radiance of the Seas<\/a><\/td>\n<td style=\"width: 33.3333%; height: 24px;\">9195195<\/td>\n<td style=\"width: 33.3333%; height: 24px;\">311319000<\/td>\n<\/tr>\n<tr style=\"height: 24px;\">\n<td style=\"width: 33.3333%; height: 24px;\"><a href=\"https:\/\/ship-tracker.org\/fr\/rhapsody-of-the-seas\/\">Rhapsody of the Seas<\/a><\/td>\n<td style=\"width: 33.3333%; height: 24px;\">9116864<\/td>\n<td style=\"width: 33.3333%; height: 24px;\">311805000<\/td>\n<\/tr>\n<tr style=\"height: 24px;\">\n<td style=\"width: 33.3333%; height: 24px;\"><a href=\"https:\/\/ship-tracker.org\/fr\/serenade-of-the-seas\/\">Serenade of the Seas<\/a><\/td>\n<td style=\"width: 33.3333%; height: 24px;\">9228344<\/td>\n<td style=\"width: 33.3333%; height: 24px;\">311492000<\/td>\n<\/tr>\n<tr style=\"height: 24px;\">\n<td style=\"width: 33.3333%; height: 24px;\"><a href=\"https:\/\/ship-tracker.org\/fr\/spectrum-of-the-seas\/\">Spectrum of the Seas<\/a><\/td>\n<td style=\"width: 33.3333%; height: 24px;\">9778856<\/td>\n<td style=\"width: 33.3333%; height: 24px;\">311000749<\/td>\n<\/tr>\n<tr style=\"height: 24px;\">\n<td style=\"width: 33.3333%; height: 24px;\"><a href=\"https:\/\/ship-tracker.org\/fr\/symphony-of-the-seas\/\">Symphony of the Seas<\/a><\/td>\n<td style=\"width: 33.3333%; height: 24px;\">9744001<\/td>\n<td style=\"width: 33.3333%; height: 24px;\">311000660<\/td>\n<\/tr>\n<tr style=\"height: 24px;\">\n<td style=\"width: 33.3333%; height: 24px;\"><a href=\"https:\/\/ship-tracker.org\/fr\/vision-of-the-seas\/\">Vision of the Seas<\/a><\/td>\n<td style=\"width: 33.3333%; height: 24px;\">9116876<\/td>\n<td style=\"width: 33.3333%; height: 24px;\">311321000<\/td>\n<\/tr>\n<tr style=\"height: 16px;\">\n<td style=\"width: 33.3333%; height: 16px;\"><a href=\"https:\/\/ship-tracker.org\/fr\/voyager-of-the-seas\/\">Vision of the Seas<\/a><\/td>\n<td style=\"width: 33.3333%; height: 16px;\">9161716<\/td>\n<td style=\"width: 33.3333%; height: 16px;\">311317000<\/td>\n<\/tr>\n<tr style=\"height: 24px;\">\n<td style=\"width: 33.3333%; height: 24px;\"><a href=\"https:\/\/ship-tracker.org\/fr\/odyssey-of-the-seas\/\">Odyssey of the Seas<\/a><\/td>\n<td style=\"width: 33.3333%; height: 24px;\">9795737<\/td>\n<td style=\"width: 33.3333%; height: 24px;\">311000912<\/td>\n<\/tr>\n<tr style=\"height: 24px;\">\n<td style=\"width: 33.3333%; height: 24px;\"><a href=\"https:\/\/ship-tracker.org\/fr\/wonder-of-the-seas\/\">Wonder Of The Seas<\/a><\/td>\n<td style=\"width: 33.3333%; height: 24px;\">9838345<\/td>\n<td style=\"width: 33.3333%; height: 24px;\">311001033<\/td>\n<\/tr>\n<tr style=\"height: 23px;\">\n<td style=\"width: 33.3333%; height: 23px;\"><a href=\"https:\/\/ship-tracker.org\/fr\/icon-of-the-seas\/\">Ic\u00f4ne des mers<\/a><\/td>\n<td style=\"width: 33.3333%; height: 23px;\">9829930<\/td>\n<td style=\"width: 33.3333%; height: 23px;\">311001178<\/td>\n<\/tr>\n<tr style=\"height: 23px;\">\n<td style=\"width: 33.3333%; height: 23px;\"><a href=\"https:\/\/ship-tracker.org\/fr\/utopia-of-the-seas\/\">Utopie des mers<\/a><\/td>\n<td style=\"width: 33.3333%; height: 23px;\"><\/td>\n<td style=\"width: 33.3333%; height: 23px;\"><\/td>\n<\/tr>\n<\/tbody>\n<\/table>\n<h2>\u00c0 propos de Royal Caribbean<\/h2>\n<p>Royal Caribbean International est l&#039;une des plus grandes marques de croisi\u00e8res mondiales, exploitant actuellement 20 navires et deux autres en construction. Ce qui distingue Royal Caribbean des autres croisi\u00e9ristes, c&#039;est notre philosophie: \u00abLe ciel est la limite\u00bb. Rien n&#039;est impossible pour notre compagnie maritime. Les activit\u00e9s \u00e0 bord en sont la preuve vivante, allant de la via ferrata, des simulateurs de surf, des t\u00e9l\u00e9ph\u00e9riques, des trampolines \u00e0 l&#039;\u00e9lastique, des patinoires, des vols de reconnaissance en h\u00e9licopt\u00e8re et de la natation avec des raies. Vous dites simplement le mot - et nous le rendons possible!<\/p>\n<p>Nos navires sont des perles de classe innovante qui visitent presque tous les endroits sur terre. Des croisi\u00e8res attrayantes ont lieu toute l&#039;ann\u00e9e dans les Cara\u00efbes, la M\u00e9diterran\u00e9e et la Riviera mexicaine. Des croisi\u00e8res saisonni\u00e8res vers l&#039;Europe du Nord, l&#039;Am\u00e9rique du Sud, l&#039;Extr\u00eame-Orient et l&#039;Australie sont \u00e9galement volontiers et fr\u00e9quemment r\u00e9serv\u00e9es. Royal Caribbean International navigue vers les Bahamas enchanteurs, l&#039;Alaska, le Mexique, Hawa\u00ef tropical, le Canada et la Nouvelle-Angleterre, le Panama l\u00e9gendaire, l&#039;Europe riche et l&#039;Asie exotique.<\/p>\n<p>Royal Caribbean International est le choix parfait pour les familles, les couples et les individus de tous \u00e2ges \u00e0 la recherche de vacances actives et d&#039;exp\u00e9rience. Le Gold Anchor Service est un programme de fid\u00e9lit\u00e9 populaire de Royal Caribbean International qui r\u00e9compense les membres fid\u00e8les. Nos bateaux de croisi\u00e8re sont comme des centres de loisirs, des complexes de divertissement, des galeries d&#039;art, plusieurs restaurants et stations baln\u00e9aires en un. Ici, vous pourrez d\u00e9guster une cuisine gastronomique, des divertissements de premi\u00e8re classe et de la d\u00e9tente dans des h\u00e9bergements spacieux et de l&#039;escalade - le tout sous un m\u00eame toit.<\/p>","protected":false},"excerpt":{"rendered":"<p>Emplacement de la flotte royale des Cara\u00efbes Navires, num\u00e9ros OMI, MMSI, webcams O\u00f9 est actuellement la position de la flotte royale des Cara\u00efbes\u00a0? Navire OMI MMSI Adventure of the Seas 9167227 311263000 Allure of the Seas 9383948 311020700 Anthem of the Seas 9656101 311000274 Brilliance of the Seas 9195200 311361000 Enchantment of the Seas 9111802 3117330 00 Explorateur du\u2026&nbsp;<a href=\"https:\/\/ship-tracker.org\/fr\/royal-caribbean\/\" rel=\"bookmark\">En savoir plus &quot;<span class=\"screen-reader-text\">Royal Caribbean<\/span><\/a><\/p>","protected":false},"author":1,"featured_media":2063,"parent":0,"menu_order":0,"comment_status":"closed","ping_status":"closed","template":"","meta":{"neve_meta_sidebar":"","neve_meta_container":"","neve_meta_enable_content_width":"off","neve_meta_content_width":100,"neve_meta_title_alignment":"","neve_meta_author_avatar":"","neve_post_elements_order":"","neve_meta_disable_header":"","neve_meta_disable_footer":"","neve_meta_disable_title":"","neve_meta_reading_time":"","footnotes":""},"class_list":["post-2060","page","type-page","status-publish","has-post-thumbnail","hentry"],"yoast_head":"<!-- This site is optimized with the Yoast SEO plugin v27.4 - https:\/\/yoast.com\/product\/yoast-seo-wordpress\/ -->\n<title>Track Royal Caribbean Fleet | Cruise Ships | Marine Vessel<\/title>\n<meta name=\"description\" content=\"Royal Caribbean Fleet Location | Current Positions of Royal Caribbean Ships, IMO numbers, MMSI, Webcam | Live Fleet Maps | Live Ship Tracker\" \/>\n<meta name=\"robots\" content=\"index, follow, max-snippet:-1, max-image-preview:large, max-video-preview:-1\" \/>\n<link rel=\"canonical\" href=\"https:\/\/ship-tracker.org\/fr\/royal-caribbean\/\" \/>\n<meta property=\"og:locale\" content=\"fr_FR\" \/>\n<meta property=\"og:type\" content=\"article\" \/>\n<meta property=\"og:title\" content=\"Track Royal Caribbean Fleet | Cruise Ships | Marine Vessel\" \/>\n<meta property=\"og:description\" content=\"Royal Caribbean Fleet Location | Current Positions of Royal Caribbean Ships, IMO numbers, MMSI, Webcam | Live Fleet Maps | Live Ship Tracker\" \/>\n<meta property=\"og:url\" content=\"https:\/\/ship-tracker.org\/fr\/royal-caribbean\/\" \/>\n<meta property=\"og:site_name\" content=\"Ship-tracker.org\" \/>\n<meta property=\"article:modified_time\" content=\"2023-08-13T00:47:17+00:00\" \/>\n<meta property=\"og:image\" content=\"https:\/\/ship-tracker.org\/wp-content\/uploads\/2020\/04\/rcl-web.jpg\" \/>\n\t<meta property=\"og:image:width\" content=\"1000\" \/>\n\t<meta property=\"og:image:height\" content=\"682\" \/>\n\t<meta property=\"og:image:type\" content=\"image\/jpeg\" \/>\n<meta name=\"twitter:card\" content=\"summary_large_image\" \/>\n<meta name=\"twitter:label1\" content=\"Dur\u00e9e de lecture estim\u00e9e\" \/>\n\t<meta name=\"twitter:data1\" content=\"2 minutes\" \/>\n<script type=\"application\/ld+json\" class=\"yoast-schema-graph\">{\"@context\":\"https:\\\/\\\/schema.org\",\"@graph\":[{\"@type\":\"WebPage\",\"@id\":\"https:\\\/\\\/ship-tracker.org\\\/royal-caribbean\\\/\",\"url\":\"https:\\\/\\\/ship-tracker.org\\\/royal-caribbean\\\/\",\"name\":\"Track Royal Caribbean Fleet | Cruise Ships | Marine Vessel\",\"isPartOf\":{\"@id\":\"https:\\\/\\\/ship-tracker.org\\\/#website\"},\"primaryImageOfPage\":{\"@id\":\"https:\\\/\\\/ship-tracker.org\\\/royal-caribbean\\\/#primaryimage\"},\"image\":{\"@id\":\"https:\\\/\\\/ship-tracker.org\\\/royal-caribbean\\\/#primaryimage\"},\"thumbnailUrl\":\"https:\\\/\\\/ship-tracker.org\\\/wp-content\\\/uploads\\\/2020\\\/04\\\/rcl-web.jpg\",\"datePublished\":\"2020-04-29T12:15:55+00:00\",\"dateModified\":\"2023-08-13T00:47:17+00:00\",\"description\":\"Royal Caribbean Fleet Location | Current Positions of Royal Caribbean Ships, IMO numbers, MMSI, Webcam | Live Fleet Maps | Live Ship Tracker\",\"breadcrumb\":{\"@id\":\"https:\\\/\\\/ship-tracker.org\\\/royal-caribbean\\\/#breadcrumb\"},\"inLanguage\":\"fr-FR\",\"potentialAction\":[{\"@type\":\"ReadAction\",\"target\":[\"https:\\\/\\\/ship-tracker.org\\\/royal-caribbean\\\/\"]}]},{\"@type\":\"ImageObject\",\"inLanguage\":\"fr-FR\",\"@id\":\"https:\\\/\\\/ship-tracker.org\\\/royal-caribbean\\\/#primaryimage\",\"url\":\"https:\\\/\\\/ship-tracker.org\\\/wp-content\\\/uploads\\\/2020\\\/04\\\/rcl-web.jpg\",\"contentUrl\":\"https:\\\/\\\/ship-tracker.org\\\/wp-content\\\/uploads\\\/2020\\\/04\\\/rcl-web.jpg\",\"width\":1000,\"height\":682,\"caption\":\"Royal Caribbean\"},{\"@type\":\"BreadcrumbList\",\"@id\":\"https:\\\/\\\/ship-tracker.org\\\/royal-caribbean\\\/#breadcrumb\",\"itemListElement\":[{\"@type\":\"ListItem\",\"position\":1,\"name\":\"Startseite\",\"item\":\"https:\\\/\\\/ship-tracker.org\\\/\"},{\"@type\":\"ListItem\",\"position\":2,\"name\":\"Royal Caribbean\"}]},{\"@type\":\"WebSite\",\"@id\":\"https:\\\/\\\/ship-tracker.org\\\/#website\",\"url\":\"https:\\\/\\\/ship-tracker.org\\\/\",\"name\":\"Ship-tracker.org\",\"description\":\"\",\"potentialAction\":[{\"@type\":\"SearchAction\",\"target\":{\"@type\":\"EntryPoint\",\"urlTemplate\":\"https:\\\/\\\/ship-tracker.org\\\/?s={search_term_string}\"},\"query-input\":{\"@type\":\"PropertyValueSpecification\",\"valueRequired\":true,\"valueName\":\"search_term_string\"}}],\"inLanguage\":\"fr-FR\"}]}<\/script>\n<!-- \/ Yoast SEO plugin. -->","yoast_head_json":{"title":"Suivre la flotte de Royal Caribbean | Navires de croisi\u00e8re | Navire maritime","description":"Emplacement de la flotte royale des Cara\u00efbes | Positions actuelles des navires de Royal Caribbean, num\u00e9ros OMI, MMSI, webcam | Cartes de flotte en direct | Suivi des navires en direct","robots":{"index":"index","follow":"follow","max-snippet":"max-snippet:-1","max-image-preview":"max-image-preview:large","max-video-preview":"max-video-preview:-1"},"canonical":"https:\/\/ship-tracker.org\/fr\/royal-caribbean\/","og_locale":"fr_FR","og_type":"article","og_title":"Track Royal Caribbean Fleet | Cruise Ships | Marine Vessel","og_description":"Royal Caribbean Fleet Location | Current Positions of Royal Caribbean Ships, IMO numbers, MMSI, Webcam | Live Fleet Maps | Live Ship Tracker","og_url":"https:\/\/ship-tracker.org\/fr\/royal-caribbean\/","og_site_name":"Ship-tracker.org","article_modified_time":"2023-08-13T00:47:17+00:00","og_image":[{"width":1000,"height":682,"url":"https:\/\/ship-tracker.org\/wp-content\/uploads\/2020\/04\/rcl-web.jpg","type":"image\/jpeg"}],"twitter_card":"summary_large_image","twitter_misc":{"Dur\u00e9e de lecture estim\u00e9e":"2 minutes"},"schema":{"@context":"https:\/\/schema.org","@graph":[{"@type":"WebPage","@id":"https:\/\/ship-tracker.org\/royal-caribbean\/","url":"https:\/\/ship-tracker.org\/royal-caribbean\/","name":"Suivre la flotte de Royal Caribbean | Navires de croisi\u00e8re | Navire maritime","isPartOf":{"@id":"https:\/\/ship-tracker.org\/#website"},"primaryImageOfPage":{"@id":"https:\/\/ship-tracker.org\/royal-caribbean\/#primaryimage"},"image":{"@id":"https:\/\/ship-tracker.org\/royal-caribbean\/#primaryimage"},"thumbnailUrl":"https:\/\/ship-tracker.org\/wp-content\/uploads\/2020\/04\/rcl-web.jpg","datePublished":"2020-04-29T12:15:55+00:00","dateModified":"2023-08-13T00:47:17+00:00","description":"Emplacement de la flotte royale des Cara\u00efbes | Positions actuelles des navires de Royal Caribbean, num\u00e9ros OMI, MMSI, webcam | Cartes de flotte en direct | Suivi des navires en direct","breadcrumb":{"@id":"https:\/\/ship-tracker.org\/royal-caribbean\/#breadcrumb"},"inLanguage":"fr-FR","potentialAction":[{"@type":"ReadAction","target":["https:\/\/ship-tracker.org\/royal-caribbean\/"]}]},{"@type":"ImageObject","inLanguage":"fr-FR","@id":"https:\/\/ship-tracker.org\/royal-caribbean\/#primaryimage","url":"https:\/\/ship-tracker.org\/wp-content\/uploads\/2020\/04\/rcl-web.jpg","contentUrl":"https:\/\/ship-tracker.org\/wp-content\/uploads\/2020\/04\/rcl-web.jpg","width":1000,"height":682,"caption":"Royal Caribbean"},{"@type":"BreadcrumbList","@id":"https:\/\/ship-tracker.org\/royal-caribbean\/#breadcrumb","itemListElement":[{"@type":"ListItem","position":1,"name":"Startseite","item":"https:\/\/ship-tracker.org\/"},{"@type":"ListItem","position":2,"name":"Royal Caribbean"}]},{"@type":"WebSite","@id":"https:\/\/ship-tracker.org\/#website","url":"https:\/\/ship-tracker.org\/","name":"Ship-tracker.org","description":"","potentialAction":[{"@type":"SearchAction","target":{"@type":"EntryPoint","urlTemplate":"https:\/\/ship-tracker.org\/?s={search_term_string}"},"query-input":{"@type":"PropertyValueSpecification","valueRequired":true,"valueName":"search_term_string"}}],"inLanguage":"fr-FR"}]}},"_links":{"self":[{"href":"https:\/\/ship-tracker.org\/fr\/wp-json\/wp\/v2\/pages\/2060","targetHints":{"allow":["GET"]}}],"collection":[{"href":"https:\/\/ship-tracker.org\/fr\/wp-json\/wp\/v2\/pages"}],"about":[{"href":"https:\/\/ship-tracker.org\/fr\/wp-json\/wp\/v2\/types\/page"}],"author":[{"embeddable":true,"href":"https:\/\/ship-tracker.org\/fr\/wp-json\/wp\/v2\/users\/1"}],"replies":[{"embeddable":true,"href":"https:\/\/ship-tracker.org\/fr\/wp-json\/wp\/v2\/comments?post=2060"}],"version-history":[{"count":10,"href":"https:\/\/ship-tracker.org\/fr\/wp-json\/wp\/v2\/pages\/2060\/revisions"}],"predecessor-version":[{"id":2952,"href":"https:\/\/ship-tracker.org\/fr\/wp-json\/wp\/v2\/pages\/2060\/revisions\/2952"}],"wp:featuredmedia":[{"embeddable":true,"href":"https:\/\/ship-tracker.org\/fr\/wp-json\/wp\/v2\/media\/2063"}],"wp:attachment":[{"href":"https:\/\/ship-tracker.org\/fr\/wp-json\/wp\/v2\/media?parent=2060"}],"curies":[{"name":"wp","href":"https:\/\/api.w.org\/{rel}","templated":true}]}}