{"id":1960,"date":"2020-03-27T21:06:25","date_gmt":"2020-03-27T20:06:25","guid":{"rendered":"https:\/\/ship-tracker.org\/?page_id=1960"},"modified":"2020-03-27T21:06:25","modified_gmt":"2020-03-27T20:06:25","slug":"usns-comfort","status":"publish","type":"page","link":"https:\/\/ship-tracker.org\/fr\/usns-comfort\/","title":{"rendered":"Confort USNS"},"content":{"rendered":"<p><script async=\"\" src=\"https:\/\/pagead2.googlesyndication.com\/pagead\/js\/adsbygoogle.js\"><\/script><br \/>\n<!-- Ship-Tracker Display --><br \/>\n<ins class=\"adsbygoogle\" style=\"display: block;\" data-ad-client=\"ca-pub-1316785063791781\" data-ad-slot=\"8075999632\" data-ad-format=\"auto\" data-full-width-responsive=\"true\"><\/ins><br \/>\n<script>\n     (adsbygoogle = window.adsbygoogle || []).push({});\n<\/script><\/p>\n<p>&nbsp;<\/p>\n<h2><img loading=\"lazy\" decoding=\"async\" class=\"aligncenter size-full wp-image-1961\" src=\"https:\/\/ship-tracker.org\/wp-content\/uploads\/2020\/03\/Bildschirmfoto-2020-03-27-um-20.59.36-e1585339209404.png\" alt=\"Confort USNS\" width=\"900\" height=\"527\" \/><\/h2>\n<h2><span style=\"color: #000000;\">Emplacement actuel et <\/span><span style=\"color: #000000;\">position de l&#039;USNS Comfort (T-AH-20)<\/span><\/h2>\n<p>Quelle est la position actuelle de USNS Comfort?<br \/>\n<script async=\"\" src=\"https:\/\/pagead2.googlesyndication.com\/pagead\/js\/adsbygoogle.js\"><\/script><br \/>\n<!-- Schip-Tracker Linkanzeigen --><br \/>\n<ins class=\"adsbygoogle\" style=\"display: block;\" data-ad-client=\"ca-pub-1316785063791781\" data-ad-slot=\"3429004156\" data-ad-format=\"link\" data-full-width-responsive=\"true\"><\/ins><br \/>\n<script>\n     (adsbygoogle = window.adsbygoogle || []).push({});\n<\/script><br \/>\n<script type=\"text\/javascript\">\n  var width=\"100%\";var height=\"400\";\n  var mmsi=368817000;\n<\/script><script type=\"text\/javascript\" src=\"https:\/\/www.vesselfinder.com\/aismap.js\"><\/script><\/p>\n<p><script async=\"\" src=\"https:\/\/pagead2.googlesyndication.com\/pagead\/js\/adsbygoogle.js\"><\/script><br \/>\n<!-- Ship-Tracker Display --><br \/>\n<ins class=\"adsbygoogle\" style=\"display: block;\" data-ad-client=\"ca-pub-1316785063791781\" data-ad-slot=\"8075999632\" data-ad-format=\"auto\" data-full-width-responsive=\"true\"><\/ins><br \/>\n<script>\n     (adsbygoogle = window.adsbygoogle || []).push({});\n<\/script><\/p>\n<p>Afficher l&#039;emplacement actuel de l&#039;USNS Comfort.La position de l&#039;USNS Comfort peut \u00eatre d\u00e9termin\u00e9e avec pr\u00e9cision par les cartes de VesselFinder et de MarineTraffic. Ainsi, vous \u00eates toujours bien inform\u00e9, o\u00f9 se trouve actuellement votre navire pr\u00e9f\u00e9r\u00e9.<\/p>\n<h2 class=\"title\"><span style=\"color: #000000;\">Examen et sp\u00e9cifications de l&#039;USNS Comfort<\/span><\/h2>\n<table style=\"height: 294px;\" width=\"400\">\n<tbody>\n<tr>\n<td style=\"width: 192px;\"><span style=\"color: #000000;\"><strong>Couch\u00e9<\/strong><\/span><\/td>\n<td style=\"width: 192px;\"><span style=\"color: #000000;\">1er mai 1975<\/span><\/td>\n<\/tr>\n<tr>\n<td style=\"width: 192px;\"><span style=\"color: #000000;\"><strong>Lanc\u00e9<\/strong><\/span><\/td>\n<td style=\"width: 192px;\"><span style=\"color: #000000;\">1 f\u00e9vrier 1976<\/span><\/td>\n<\/tr>\n<tr>\n<td style=\"width: 192px;\"><span style=\"color: #000000;\"><strong>Flagg<\/strong><\/span><\/td>\n<td style=\"width: 192px;\"><span style=\"color: #000000;\">\u00c9tats Unis<\/span><\/td>\n<\/tr>\n<tr>\n<td style=\"width: 192px;\"><span style=\"color: #000000;\"><strong>Constructeur<\/strong><\/span><\/td>\n<td style=\"width: 192px;\"><span style=\"color: #000000;\">Soci\u00e9t\u00e9 nationale de l&#039;acier et de la construction navale<\/span><\/td>\n<\/tr>\n<tr>\n<td style=\"width: 192px;\"><span style=\"color: #000000;\"><strong>Longueur<\/strong><\/span><\/td>\n<td style=\"width: 192px;\"><span style=\"color: #000000;\">894 pieds<\/span><\/td>\n<\/tr>\n<tr>\n<td style=\"width: 192px;\"><span style=\"color: #000000;\"><strong>Faisceau<\/strong><\/span><\/td>\n<td style=\"width: 192px;\"><span style=\"color: #000000;\">105 pieds<\/span><\/td>\n<\/tr>\n<tr>\n<td style=\"width: 192px;\"><span style=\"color: #000000;\"><strong>D\u00e9placement<\/strong><\/span><\/td>\n<td style=\"width: 192px;\"><span style=\"color: #000000;\">69360 tonnes<\/span><\/td>\n<\/tr>\n<tr>\n<td style=\"width: 192px;\"><span style=\"color: #000000;\"><strong>Propulsion<\/strong><\/span><\/td>\n<td style=\"width: 192px;\"><span style=\"color: #000000;\">deux chaudi\u00e8res, deux turbines GE, un arbre, 24 500 ch<\/span><\/td>\n<\/tr>\n<tr>\n<td style=\"width: 192px;\"><span style=\"color: #000000;\"><strong>Brouillon<\/strong><\/span><\/td>\n<td style=\"width: 192px;\"><span style=\"color: #000000;\">33 pi\u00a0<\/span><\/td>\n<\/tr>\n<tr>\n<td style=\"width: 192px;\"><span style=\"color: #000000;\"><strong>La vitesse<\/strong><\/span><\/td>\n<td style=\"width: 192px;\"><span style=\"color: #000000;\">17,5 n\u0153uds<\/span><\/td>\n<\/tr>\n<tr>\n<td style=\"width: 192px;\"><span style=\"color: #000000;\"><strong><b>Propulsion<\/b><\/strong><\/span><\/td>\n<td style=\"width: 192px;\"><span style=\"color: #000000;\">Diesel \u2013 \u00e9lectrique<\/span><\/td>\n<\/tr>\n<\/tbody>\n<\/table>\n<p>&nbsp;<\/p>\n<p><script async=\"\" src=\"https:\/\/pagead2.googlesyndication.com\/pagead\/js\/adsbygoogle.js\"><\/script><br \/>\n<!-- Schip-Tracker Linkanzeigen --><br \/>\n<ins class=\"adsbygoogle\" style=\"display: block;\" data-ad-client=\"ca-pub-1316785063791781\" data-ad-slot=\"3429004156\" data-ad-format=\"link\" data-full-width-responsive=\"true\"><\/ins><br \/>\n<script>\n     (adsbygoogle = window.adsbygoogle || []).push({});\n<\/script><\/p>\n<h4><span style=\"color: #000000;\">Vid\u00e9o de confort USNS<\/span><\/h4>\n<div class=\"su-youtube su-u-responsive-media-yes\"><iframe loading=\"lazy\" width=\"600\" height=\"400\" src=\"https:\/\/www.youtube.com\/embed\/mVv_oIYsA_E?\" frameborder=\"0\" allowfullscreen allow=\"autoplay; encrypted-media; picture-in-picture\" title=\"\"><\/iframe><\/div>","protected":false},"excerpt":{"rendered":"<p>&nbsp; Current location and position of USNS Comfort (T-AH-20) Where is the current position of USNS Comfort presently? View USNS Comfort current location.The position of USNS Comfortcan be accurately determined by the maps of VesselFinder and MarineTraffic. So you are always well informed, where your favorite ship is currently. USNS Comfort Review and Specifications Laid&hellip;&nbsp;<a href=\"https:\/\/ship-tracker.org\/fr\/usns-comfort\/\" rel=\"bookmark\">En savoir plus &quot;<span class=\"screen-reader-text\">Confort USNS<\/span><\/a><\/p>","protected":false},"author":1,"featured_media":0,"parent":0,"menu_order":0,"comment_status":"closed","ping_status":"closed","template":"","meta":{"neve_meta_sidebar":"","neve_meta_container":"","neve_meta_enable_content_width":"","neve_meta_content_width":0,"neve_meta_title_alignment":"","neve_meta_author_avatar":"","neve_post_elements_order":"","neve_meta_disable_header":"","neve_meta_disable_footer":"","neve_meta_disable_title":"","neve_meta_reading_time":"","footnotes":""},"class_list":["post-1960","page","type-page","status-publish","hentry"],"yoast_head":"<!-- This site is optimized with the Yoast SEO plugin v26.9 - https:\/\/yoast.com\/product\/yoast-seo-wordpress\/ -->\n<title>USNS Comfort \u2503 Current location and position of the Hospital ship<\/title>\n<meta name=\"description\" content=\"ll\u2b50\u27a4 USNS Comfort \u2693 \u2705 Current location and position of USNS Comfort (T-AH-20) \u2705 Cruise Ship Tracker \u2705 Live Ship Tracker \u25035. avril 2026 \u2503Hospital ship\" \/>\n<meta name=\"robots\" content=\"index, follow, max-snippet:-1, max-image-preview:large, max-video-preview:-1\" \/>\n<link rel=\"canonical\" href=\"https:\/\/ship-tracker.org\/fr\/usns-comfort\/\" \/>\n<meta property=\"og:locale\" content=\"fr_FR\" \/>\n<meta property=\"og:type\" content=\"article\" \/>\n<meta property=\"og:title\" content=\"USNS Comfort \u2503 Current location and position of the Hospital ship\" \/>\n<meta property=\"og:description\" content=\"ll\u2b50\u27a4 USNS Comfort \u2693 \u2705 Current location and position of USNS Comfort (T-AH-20) \u2705 Cruise Ship Tracker \u2705 Live Ship Tracker \u25035. avril 2026 \u2503Hospital ship\" \/>\n<meta property=\"og:url\" content=\"https:\/\/ship-tracker.org\/fr\/usns-comfort\/\" \/>\n<meta property=\"og:site_name\" content=\"Ship-tracker.org\" \/>\n<meta property=\"og:image\" content=\"https:\/\/ship-tracker.org\/wp-content\/uploads\/2020\/03\/Bildschirmfoto-2020-03-27-um-20.59.36-e1585339209404.png\" \/>\n<meta name=\"twitter:card\" content=\"summary_large_image\" \/>\n<meta name=\"twitter:label1\" content=\"Dur\u00e9e de lecture estim\u00e9e\" \/>\n\t<meta name=\"twitter:data1\" content=\"1 minute\" \/>\n<script type=\"application\/ld+json\" class=\"yoast-schema-graph\">{\"@context\":\"https:\/\/schema.org\",\"@graph\":[{\"@type\":\"WebPage\",\"@id\":\"https:\/\/ship-tracker.org\/usns-comfort\/\",\"url\":\"https:\/\/ship-tracker.org\/usns-comfort\/\",\"name\":\"USNS Comfort \u2503 Current location and position of the Hospital ship\",\"isPartOf\":{\"@id\":\"https:\/\/ship-tracker.org\/#website\"},\"primaryImageOfPage\":{\"@id\":\"https:\/\/ship-tracker.org\/usns-comfort\/#primaryimage\"},\"image\":{\"@id\":\"https:\/\/ship-tracker.org\/usns-comfort\/#primaryimage\"},\"thumbnailUrl\":\"https:\/\/ship-tracker.org\/wp-content\/uploads\/2020\/03\/Bildschirmfoto-2020-03-27-um-20.59.36-e1585339209404.png\",\"datePublished\":\"2020-03-27T20:06:25+00:00\",\"description\":\"ll\u2b50\u27a4 USNS Comfort \u2693 \u2705 Current location and position of USNS Comfort (T-AH-20) \u2705 Cruise Ship Tracker \u2705 Live Ship Tracker \u25035. avril 2026 \u2503Hospital ship\",\"breadcrumb\":{\"@id\":\"https:\/\/ship-tracker.org\/usns-comfort\/#breadcrumb\"},\"inLanguage\":\"fr-FR\",\"potentialAction\":[{\"@type\":\"ReadAction\",\"target\":[\"https:\/\/ship-tracker.org\/usns-comfort\/\"]}]},{\"@type\":\"ImageObject\",\"inLanguage\":\"fr-FR\",\"@id\":\"https:\/\/ship-tracker.org\/usns-comfort\/#primaryimage\",\"url\":\"https:\/\/ship-tracker.org\/wp-content\/uploads\/2020\/03\/Bildschirmfoto-2020-03-27-um-20.59.36-e1585339209404.png\",\"contentUrl\":\"https:\/\/ship-tracker.org\/wp-content\/uploads\/2020\/03\/Bildschirmfoto-2020-03-27-um-20.59.36-e1585339209404.png\"},{\"@type\":\"BreadcrumbList\",\"@id\":\"https:\/\/ship-tracker.org\/usns-comfort\/#breadcrumb\",\"itemListElement\":[{\"@type\":\"ListItem\",\"position\":1,\"name\":\"Startseite\",\"item\":\"https:\/\/ship-tracker.org\/\"},{\"@type\":\"ListItem\",\"position\":2,\"name\":\"USNS Comfort\"}]},{\"@type\":\"WebSite\",\"@id\":\"https:\/\/ship-tracker.org\/#website\",\"url\":\"https:\/\/ship-tracker.org\/\",\"name\":\"Ship-tracker.org\",\"description\":\"\",\"potentialAction\":[{\"@type\":\"SearchAction\",\"target\":{\"@type\":\"EntryPoint\",\"urlTemplate\":\"https:\/\/ship-tracker.org\/?s={search_term_string}\"},\"query-input\":{\"@type\":\"PropertyValueSpecification\",\"valueRequired\":true,\"valueName\":\"search_term_string\"}}],\"inLanguage\":\"fr-FR\"}]}<\/script>\n<!-- \/ Yoast SEO plugin. -->","yoast_head_json":{"title":"USNS Comfort \u2503 Emplacement et position actuels du navire-h\u00f4pital","description":"ll\u2b50\u27a4 USNS Comfort \u2693 \u2705 Current location and position of USNS Comfort (T-AH-20) \u2705 Cruise Ship Tracker \u2705 Live Ship Tracker \u25035. avril 2026 \u2503Hospital ship","robots":{"index":"index","follow":"follow","max-snippet":"max-snippet:-1","max-image-preview":"max-image-preview:large","max-video-preview":"max-video-preview:-1"},"canonical":"https:\/\/ship-tracker.org\/fr\/usns-comfort\/","og_locale":"fr_FR","og_type":"article","og_title":"USNS Comfort \u2503 Current location and position of the Hospital ship","og_description":"ll\u2b50\u27a4 USNS Comfort \u2693 \u2705 Current location and position of USNS Comfort (T-AH-20) \u2705 Cruise Ship Tracker \u2705 Live Ship Tracker \u25035. avril 2026 \u2503Hospital ship","og_url":"https:\/\/ship-tracker.org\/fr\/usns-comfort\/","og_site_name":"Ship-tracker.org","og_image":[{"url":"https:\/\/ship-tracker.org\/wp-content\/uploads\/2020\/03\/Bildschirmfoto-2020-03-27-um-20.59.36-e1585339209404.png","type":"","width":"","height":""}],"twitter_card":"summary_large_image","twitter_misc":{"Dur\u00e9e de lecture estim\u00e9e":"1 minute"},"schema":{"@context":"https:\/\/schema.org","@graph":[{"@type":"WebPage","@id":"https:\/\/ship-tracker.org\/usns-comfort\/","url":"https:\/\/ship-tracker.org\/usns-comfort\/","name":"USNS Comfort \u2503 Emplacement et position actuels du navire-h\u00f4pital","isPartOf":{"@id":"https:\/\/ship-tracker.org\/#website"},"primaryImageOfPage":{"@id":"https:\/\/ship-tracker.org\/usns-comfort\/#primaryimage"},"image":{"@id":"https:\/\/ship-tracker.org\/usns-comfort\/#primaryimage"},"thumbnailUrl":"https:\/\/ship-tracker.org\/wp-content\/uploads\/2020\/03\/Bildschirmfoto-2020-03-27-um-20.59.36-e1585339209404.png","datePublished":"2020-03-27T20:06:25+00:00","description":"ll\u2b50\u27a4 USNS Comfort \u2693 \u2705 Current location and position of USNS Comfort (T-AH-20) \u2705 Cruise Ship Tracker \u2705 Live Ship Tracker \u25035. avril 2026 \u2503Hospital ship","breadcrumb":{"@id":"https:\/\/ship-tracker.org\/usns-comfort\/#breadcrumb"},"inLanguage":"fr-FR","potentialAction":[{"@type":"ReadAction","target":["https:\/\/ship-tracker.org\/usns-comfort\/"]}]},{"@type":"ImageObject","inLanguage":"fr-FR","@id":"https:\/\/ship-tracker.org\/usns-comfort\/#primaryimage","url":"https:\/\/ship-tracker.org\/wp-content\/uploads\/2020\/03\/Bildschirmfoto-2020-03-27-um-20.59.36-e1585339209404.png","contentUrl":"https:\/\/ship-tracker.org\/wp-content\/uploads\/2020\/03\/Bildschirmfoto-2020-03-27-um-20.59.36-e1585339209404.png"},{"@type":"BreadcrumbList","@id":"https:\/\/ship-tracker.org\/usns-comfort\/#breadcrumb","itemListElement":[{"@type":"ListItem","position":1,"name":"Startseite","item":"https:\/\/ship-tracker.org\/"},{"@type":"ListItem","position":2,"name":"USNS Comfort"}]},{"@type":"WebSite","@id":"https:\/\/ship-tracker.org\/#website","url":"https:\/\/ship-tracker.org\/","name":"Ship-tracker.org","description":"","potentialAction":[{"@type":"SearchAction","target":{"@type":"EntryPoint","urlTemplate":"https:\/\/ship-tracker.org\/?s={search_term_string}"},"query-input":{"@type":"PropertyValueSpecification","valueRequired":true,"valueName":"search_term_string"}}],"inLanguage":"fr-FR"}]}},"_links":{"self":[{"href":"https:\/\/ship-tracker.org\/fr\/wp-json\/wp\/v2\/pages\/1960","targetHints":{"allow":["GET"]}}],"collection":[{"href":"https:\/\/ship-tracker.org\/fr\/wp-json\/wp\/v2\/pages"}],"about":[{"href":"https:\/\/ship-tracker.org\/fr\/wp-json\/wp\/v2\/types\/page"}],"author":[{"embeddable":true,"href":"https:\/\/ship-tracker.org\/fr\/wp-json\/wp\/v2\/users\/1"}],"replies":[{"embeddable":true,"href":"https:\/\/ship-tracker.org\/fr\/wp-json\/wp\/v2\/comments?post=1960"}],"version-history":[{"count":1,"href":"https:\/\/ship-tracker.org\/fr\/wp-json\/wp\/v2\/pages\/1960\/revisions"}],"predecessor-version":[{"id":1962,"href":"https:\/\/ship-tracker.org\/fr\/wp-json\/wp\/v2\/pages\/1960\/revisions\/1962"}],"wp:attachment":[{"href":"https:\/\/ship-tracker.org\/fr\/wp-json\/wp\/v2\/media?parent=1960"}],"curies":[{"name":"wp","href":"https:\/\/api.w.org\/{rel}","templated":true}]}}