{"id":1898,"date":"2020-02-17T13:51:04","date_gmt":"2020-02-17T12:51:04","guid":{"rendered":"https:\/\/ship-tracker.org\/?page_id=1898"},"modified":"2022-10-27T15:03:29","modified_gmt":"2022-10-27T13:03:29","slug":"ms-nieuw-amsterdam","status":"publish","type":"page","link":"https:\/\/ship-tracker.org\/fr\/ms-nieuw-amsterdam\/","title":{"rendered":"MS Nieuw Amsterdam"},"content":{"rendered":"<p><script async=\"\" src=\"https:\/\/pagead2.googlesyndication.com\/pagead\/js\/adsbygoogle.js\"><\/script><br \/>\n<!-- Ship-Tracker Display --><br \/>\n<ins class=\"adsbygoogle\" style=\"display: block;\" data-ad-client=\"ca-pub-1316785063791781\" data-ad-slot=\"8075999632\" data-ad-format=\"auto\" data-full-width-responsive=\"true\"><\/ins><br \/>\n<script>\n     (adsbygoogle = window.adsbygoogle || []).push({});\n<\/script><\/p>\n<h2><span style=\"color: #000000;\">Emplacement actuel et <\/span><span style=\"color: #000000;\">position de MS Nieuw Amsterdam<\/span><\/h2>\n<p>O\u00f9 est actuellement la position du MS Nieuw Amsterdam?<br \/>\n<script async=\"\" src=\"https:\/\/pagead2.googlesyndication.com\/pagead\/js\/adsbygoogle.js\"><\/script><br \/>\n<!-- Schip-Tracker Linkanzeigen --><br \/>\n<ins class=\"adsbygoogle\" style=\"display: block;\" data-ad-client=\"ca-pub-1316785063791781\" data-ad-slot=\"3429004156\" data-ad-format=\"link\" data-full-width-responsive=\"true\"><\/ins><br \/>\n<script>\n     (adsbygoogle = window.adsbygoogle || []).push({});\n<\/script><br \/>\n<script type=\"text\/javascript\">  var width=\"100%\";var height=\"400\";  var mmsi=246648000;<\/script><script type=\"text\/javascript\" src=\"https:\/\/www.vesselfinder.com\/aismap.js\"><\/script><\/p>\n<p><script async=\"\" src=\"https:\/\/pagead2.googlesyndication.com\/pagead\/js\/adsbygoogle.js\"><\/script><br \/>\n<!-- Ship-Tracker Display --><br \/>\n<ins class=\"adsbygoogle\" style=\"display: block;\" data-ad-client=\"ca-pub-1316785063791781\" data-ad-slot=\"8075999632\" data-ad-format=\"auto\" data-full-width-responsive=\"true\"><\/ins><br \/>\n<script>\n     (adsbygoogle = window.adsbygoogle || []).push({});\n<\/script><\/p>\n<p>Voir l&#039;emplacement actuel de MS Nieuw Amsterdam. La position du MS Nieuw Amsterdam peut \u00eatre d\u00e9termin\u00e9e avec pr\u00e9cision par les cartes de VesselFinder et de MarineTraffic. Vous \u00eates donc toujours bien inform\u00e9 de l&#039;endroit o\u00f9 se trouve actuellement votre navire pr\u00e9f\u00e9r\u00e9.<\/p>\n<h2 class=\"title\"><span style=\"color: #000000;\">MS Nieuw Amsterdam et sp\u00e9cifications<\/span><\/h2>\n<table style=\"height: 294px;\" width=\"400\">\n<tbody>\n<tr>\n<td style=\"width: 192px;\"><strong><span style=\"color: #000000;\">Ann\u00e9e de construction<\/span><\/strong><\/td>\n<td style=\"width: 192px;\"><span style=\"color: #000000;\">2010<\/span><\/td>\n<\/tr>\n<tr>\n<td style=\"width: 192px;\"><strong><span style=\"color: #000000;\">Constructeur<\/span><\/strong><\/td>\n<td style=\"width: 192px;\"><span style=\"color: #000000;\">Fincantieri<\/span><\/td>\n<\/tr>\n<tr>\n<td style=\"width: 192px;\"><strong><span style=\"color: #000000;\">Longueur<\/span><\/strong><\/td>\n<td style=\"width: 192px;\"><span style=\"color: #000000;\"><span class=\"specificationUnit\">285 m<\/span><br \/>\n<\/span><\/td>\n<\/tr>\n<tr>\n<td style=\"width: 192px;\"><strong><span style=\"color: #000000;\">Faisceau<\/span><\/strong><\/td>\n<td style=\"width: 192px;\"><span style=\"color: #000000;\">32 m<\/span><\/td>\n<\/tr>\n<tr>\n<td style=\"width: 192px;\"><strong><span style=\"color: #000000;\">Classe<\/span><\/strong><\/td>\n<td style=\"width: 192px;\"><span style=\"color: #000000;\">Signature<\/span><\/td>\n<\/tr>\n<tr>\n<td style=\"width: 192px;\"><strong><span style=\"color: #000000;\">Jauge brute<\/span><\/strong><\/td>\n<td style=\"width: 192px;\"><span style=\"color: #000000;\">86273<span class=\"specificationUnit\">\u00a0gt<\/span><\/span><\/td>\n<\/tr>\n<tr>\n<td style=\"width: 192px;\"><strong><span style=\"color: #000000;\">Les passagers<\/span><\/strong><\/td>\n<td style=\"width: 192px;\"><span style=\"color: #000000;\">2500<\/span><\/td>\n<\/tr>\n<tr>\n<td style=\"width: 192px;\"><strong><span style=\"color: #000000;\">\u00c9quipage<\/span><\/strong><\/td>\n<td style=\"width: 192px;\"><span style=\"color: #000000;\">900<\/span><\/td>\n<\/tr>\n<tr>\n<td style=\"width: 192px;\"><strong><span style=\"color: #000000;\">Decks\u00a0<\/span><\/strong><\/td>\n<td style=\"width: 192px;\"><span style=\"color: #000000;\">12<\/span><\/td>\n<\/tr>\n<tr>\n<td style=\"width: 192px;\"><strong><span style=\"color: #000000;\">Cabines<\/span><\/strong><\/td>\n<td style=\"width: 192px;\"><span style=\"color: #000000;\">1053<\/span><\/td>\n<\/tr>\n<tr>\n<td style=\"width: 192px;\"><span style=\"color: #000000;\"><strong><b>Propri\u00e9taire<\/b><\/strong><\/span><\/td>\n<td style=\"width: 192px;\"><a href=\"https:\/\/ship-tracker.org\/fr\/holland-america-line\/\">Holland America Line<\/a><\/td>\n<\/tr>\n<\/tbody>\n<\/table>\n<p><img loading=\"lazy\" decoding=\"async\" class=\"aligncenter wp-image-382 size-full\" src=\"https:\/\/ship-tracker.org\/wp-content\/uploads\/2017\/09\/cruise-1419799_640.jpg\" alt=\"MS Nieuw Amsterdam\" width=\"640\" height=\"283\" srcset=\"https:\/\/ship-tracker.org\/wp-content\/uploads\/2017\/09\/cruise-1419799_640.jpg 640w, https:\/\/ship-tracker.org\/wp-content\/uploads\/2017\/09\/cruise-1419799_640-300x133.jpg 300w\" sizes=\"auto, (max-width: 640px) 100vw, 640px\" \/><\/p>\n<h3 class=\"title\">Flotte Holland America<\/h3>\n<ul>\n<li><a href=\"https:\/\/ship-tracker.org\/fr\/ms-nieuw-ryndam\/\">MS Nieuw Ryndam<\/a><\/li>\n<li><a href=\"https:\/\/ship-tracker.org\/fr\/ms-nieuw-statendam\/\">MS Nieuw Statendam<\/a><\/li>\n<li><a href=\"https:\/\/ship-tracker.org\/fr\/ms-koningsdam\/\">MS Koningsdam<\/a><\/li>\n<li><a href=\"https:\/\/ship-tracker.org\/fr\/ms-eurodam\/\">MS Eurodam<\/a><\/li>\n<li><a href=\"https:\/\/ship-tracker.org\/fr\/ms-noordam\/\">MS Noordam<\/a><\/li>\n<li><a href=\"https:\/\/ship-tracker.org\/fr\/ms-westerdam\/\">MS Westerdam<\/a><\/li>\n<li><a href=\"https:\/\/ship-tracker.org\/fr\/ms-oosterdam\/\">MS Oosterdam<\/a><\/li>\n<li><a href=\"https:\/\/ship-tracker.org\/fr\/ms-zuiderdam\/\">MS Zuiderdam<\/a><\/li>\n<li><a href=\"https:\/\/ship-tracker.org\/fr\/ms-amsterdam\/\">MS Amsterdam<\/a><\/li>\n<li><a href=\"https:\/\/ship-tracker.org\/fr\/ms-zaandam\/\">MS Zaandam<\/a><\/li>\n<li><a href=\"https:\/\/ship-tracker.org\/fr\/ms-volendam\/\">MS Volendam<\/a><\/li>\n<li><a href=\"https:\/\/ship-tracker.org\/fr\/ms-rotterdam\/\">MS Rotterdam<\/a><\/li>\n<li><a href=\"https:\/\/ship-tracker.org\/fr\/ms-veendam\/\">MS Veendam<\/a><\/li>\n<li><a href=\"https:\/\/ship-tracker.org\/fr\/ms-maasdam\/\">MS Maasdam<\/a><\/li>\n<\/ul>\n<p><script async=\"\" src=\"https:\/\/pagead2.googlesyndication.com\/pagead\/js\/adsbygoogle.js\"><\/script><br \/>\n<!-- Schip-Tracker Linkanzeigen --><br \/>\n<ins class=\"adsbygoogle\" style=\"display: block;\" data-ad-client=\"ca-pub-1316785063791781\" data-ad-slot=\"3429004156\" data-ad-format=\"link\" data-full-width-responsive=\"true\"><\/ins><br \/>\n<script>\n     (adsbygoogle = window.adsbygoogle || []).push({});\n<\/script><\/p>\n<h4><span style=\"color: #000000;\">Vid\u00e9o MS Nieuw Amsterdam<\/span><\/h4>\n<div class=\"su-youtube su-u-responsive-media-yes\"><iframe loading=\"lazy\" width=\"600\" height=\"400\" src=\"https:\/\/www.youtube.com\/embed\/B3E9VOyhPMU?\" frameborder=\"0\" allowfullscreen allow=\"autoplay; encrypted-media; picture-in-picture\" title=\"\"><\/iframe><\/div>","protected":false},"excerpt":{"rendered":"<p>Emplacement et position actuels du MS Nieuw Amsterdam O\u00f9 se trouve actuellement le MS Nieuw Amsterdam ? Afficher l&#039;emplacement actuel du MS Nieuw Amsterdam. La position du MS Nieuw Amsterdam peut \u00eatre d\u00e9termin\u00e9e avec pr\u00e9cision par les cartes de VesselFinder et MarineTraffic. Ainsi, vous \u00eates toujours bien inform\u00e9 de l&#039;endroit o\u00f9 se trouve actuellement votre navire pr\u00e9f\u00e9r\u00e9. MS Nouveau\u2026&nbsp;<a href=\"https:\/\/ship-tracker.org\/fr\/ms-nieuw-amsterdam\/\" rel=\"bookmark\">En savoir plus &quot;<span class=\"screen-reader-text\">MS Nieuw Amsterdam<\/span><\/a><\/p>","protected":false},"author":1,"featured_media":0,"parent":0,"menu_order":0,"comment_status":"closed","ping_status":"closed","template":"","meta":{"neve_meta_sidebar":"","neve_meta_container":"","neve_meta_enable_content_width":"","neve_meta_content_width":0,"neve_meta_title_alignment":"","neve_meta_author_avatar":"","neve_post_elements_order":"","neve_meta_disable_header":"","neve_meta_disable_footer":"","neve_meta_disable_title":"","neve_meta_reading_time":"","footnotes":""},"class_list":["post-1898","page","type-page","status-publish","hentry"],"yoast_head":"<!-- This site is optimized with the Yoast SEO plugin v26.9 - https:\/\/yoast.com\/product\/yoast-seo-wordpress\/ -->\n<title>MS Nieuw Amsterdam\u2503Current location and position<\/title>\n<meta name=\"description\" content=\"MS Nieuw Amsterdam \u2693 Current location and position of MS Nieuw Amsterdam \u2713 Cruise Ship Tracker \u2713 Live Ship Tracker \u2503 Holland America Line\" \/>\n<meta name=\"robots\" content=\"index, follow, max-snippet:-1, max-image-preview:large, max-video-preview:-1\" \/>\n<link rel=\"canonical\" href=\"https:\/\/ship-tracker.org\/fr\/ms-nieuw-amsterdam\/\" \/>\n<meta property=\"og:locale\" content=\"fr_FR\" \/>\n<meta property=\"og:type\" content=\"article\" \/>\n<meta property=\"og:title\" content=\"MS Nieuw Amsterdam\u2503Current location and position\" \/>\n<meta property=\"og:description\" content=\"MS Nieuw Amsterdam \u2693 Current location and position of MS Nieuw Amsterdam \u2713 Cruise Ship Tracker \u2713 Live Ship Tracker \u2503 Holland America Line\" \/>\n<meta property=\"og:url\" content=\"https:\/\/ship-tracker.org\/fr\/ms-nieuw-amsterdam\/\" \/>\n<meta property=\"og:site_name\" content=\"Ship-tracker.org\" \/>\n<meta property=\"article:modified_time\" content=\"2022-10-27T13:03:29+00:00\" \/>\n<meta property=\"og:image\" content=\"https:\/\/ship-tracker.org\/wp-content\/uploads\/2017\/09\/cruise-1419799_640.jpg\" \/>\n<meta name=\"twitter:card\" content=\"summary_large_image\" \/>\n<meta name=\"twitter:label1\" content=\"Dur\u00e9e de lecture estim\u00e9e\" \/>\n\t<meta name=\"twitter:data1\" content=\"1 minute\" \/>\n<script type=\"application\/ld+json\" class=\"yoast-schema-graph\">{\"@context\":\"https:\/\/schema.org\",\"@graph\":[{\"@type\":\"WebPage\",\"@id\":\"https:\/\/ship-tracker.org\/ms-nieuw-amsterdam\/\",\"url\":\"https:\/\/ship-tracker.org\/ms-nieuw-amsterdam\/\",\"name\":\"MS Nieuw Amsterdam\u2503Current location and position\",\"isPartOf\":{\"@id\":\"https:\/\/ship-tracker.org\/#website\"},\"primaryImageOfPage\":{\"@id\":\"https:\/\/ship-tracker.org\/ms-nieuw-amsterdam\/#primaryimage\"},\"image\":{\"@id\":\"https:\/\/ship-tracker.org\/ms-nieuw-amsterdam\/#primaryimage\"},\"thumbnailUrl\":\"https:\/\/ship-tracker.org\/wp-content\/uploads\/2017\/09\/cruise-1419799_640.jpg\",\"datePublished\":\"2020-02-17T12:51:04+00:00\",\"dateModified\":\"2022-10-27T13:03:29+00:00\",\"description\":\"MS Nieuw Amsterdam \u2693 Current location and position of MS Nieuw Amsterdam \u2713 Cruise Ship Tracker \u2713 Live Ship Tracker \u2503 Holland America Line\",\"breadcrumb\":{\"@id\":\"https:\/\/ship-tracker.org\/ms-nieuw-amsterdam\/#breadcrumb\"},\"inLanguage\":\"fr-FR\",\"potentialAction\":[{\"@type\":\"ReadAction\",\"target\":[\"https:\/\/ship-tracker.org\/ms-nieuw-amsterdam\/\"]}]},{\"@type\":\"ImageObject\",\"inLanguage\":\"fr-FR\",\"@id\":\"https:\/\/ship-tracker.org\/ms-nieuw-amsterdam\/#primaryimage\",\"url\":\"https:\/\/ship-tracker.org\/wp-content\/uploads\/2017\/09\/cruise-1419799_640.jpg\",\"contentUrl\":\"https:\/\/ship-tracker.org\/wp-content\/uploads\/2017\/09\/cruise-1419799_640.jpg\"},{\"@type\":\"BreadcrumbList\",\"@id\":\"https:\/\/ship-tracker.org\/ms-nieuw-amsterdam\/#breadcrumb\",\"itemListElement\":[{\"@type\":\"ListItem\",\"position\":1,\"name\":\"Startseite\",\"item\":\"https:\/\/ship-tracker.org\/\"},{\"@type\":\"ListItem\",\"position\":2,\"name\":\"MS Nieuw Amsterdam\"}]},{\"@type\":\"WebSite\",\"@id\":\"https:\/\/ship-tracker.org\/#website\",\"url\":\"https:\/\/ship-tracker.org\/\",\"name\":\"Ship-tracker.org\",\"description\":\"\",\"potentialAction\":[{\"@type\":\"SearchAction\",\"target\":{\"@type\":\"EntryPoint\",\"urlTemplate\":\"https:\/\/ship-tracker.org\/?s={search_term_string}\"},\"query-input\":{\"@type\":\"PropertyValueSpecification\",\"valueRequired\":true,\"valueName\":\"search_term_string\"}}],\"inLanguage\":\"fr-FR\"}]}<\/script>\n<!-- \/ Yoast SEO plugin. -->","yoast_head_json":{"title":"MS Nieuw Amsterdam\u2503Localisation et position actuelles","description":"MS Nieuw Amsterdam \u2693 Emplacement et position actuels de MS Nieuw Amsterdam \u2713 Suivi des navires de croisi\u00e8re \u2713 Suivi des navires en direct \u2503 Holland America Line","robots":{"index":"index","follow":"follow","max-snippet":"max-snippet:-1","max-image-preview":"max-image-preview:large","max-video-preview":"max-video-preview:-1"},"canonical":"https:\/\/ship-tracker.org\/fr\/ms-nieuw-amsterdam\/","og_locale":"fr_FR","og_type":"article","og_title":"MS Nieuw Amsterdam\u2503Current location and position","og_description":"MS Nieuw Amsterdam \u2693 Current location and position of MS Nieuw Amsterdam \u2713 Cruise Ship Tracker \u2713 Live Ship Tracker \u2503 Holland America Line","og_url":"https:\/\/ship-tracker.org\/fr\/ms-nieuw-amsterdam\/","og_site_name":"Ship-tracker.org","article_modified_time":"2022-10-27T13:03:29+00:00","og_image":[{"url":"https:\/\/ship-tracker.org\/wp-content\/uploads\/2017\/09\/cruise-1419799_640.jpg","type":"","width":"","height":""}],"twitter_card":"summary_large_image","twitter_misc":{"Dur\u00e9e de lecture estim\u00e9e":"1 minute"},"schema":{"@context":"https:\/\/schema.org","@graph":[{"@type":"WebPage","@id":"https:\/\/ship-tracker.org\/ms-nieuw-amsterdam\/","url":"https:\/\/ship-tracker.org\/ms-nieuw-amsterdam\/","name":"MS Nieuw Amsterdam\u2503Localisation et position actuelles","isPartOf":{"@id":"https:\/\/ship-tracker.org\/#website"},"primaryImageOfPage":{"@id":"https:\/\/ship-tracker.org\/ms-nieuw-amsterdam\/#primaryimage"},"image":{"@id":"https:\/\/ship-tracker.org\/ms-nieuw-amsterdam\/#primaryimage"},"thumbnailUrl":"https:\/\/ship-tracker.org\/wp-content\/uploads\/2017\/09\/cruise-1419799_640.jpg","datePublished":"2020-02-17T12:51:04+00:00","dateModified":"2022-10-27T13:03:29+00:00","description":"MS Nieuw Amsterdam \u2693 Emplacement et position actuels de MS Nieuw Amsterdam \u2713 Suivi des navires de croisi\u00e8re \u2713 Suivi des navires en direct \u2503 Holland America Line","breadcrumb":{"@id":"https:\/\/ship-tracker.org\/ms-nieuw-amsterdam\/#breadcrumb"},"inLanguage":"fr-FR","potentialAction":[{"@type":"ReadAction","target":["https:\/\/ship-tracker.org\/ms-nieuw-amsterdam\/"]}]},{"@type":"ImageObject","inLanguage":"fr-FR","@id":"https:\/\/ship-tracker.org\/ms-nieuw-amsterdam\/#primaryimage","url":"https:\/\/ship-tracker.org\/wp-content\/uploads\/2017\/09\/cruise-1419799_640.jpg","contentUrl":"https:\/\/ship-tracker.org\/wp-content\/uploads\/2017\/09\/cruise-1419799_640.jpg"},{"@type":"BreadcrumbList","@id":"https:\/\/ship-tracker.org\/ms-nieuw-amsterdam\/#breadcrumb","itemListElement":[{"@type":"ListItem","position":1,"name":"Startseite","item":"https:\/\/ship-tracker.org\/"},{"@type":"ListItem","position":2,"name":"MS Nieuw Amsterdam"}]},{"@type":"WebSite","@id":"https:\/\/ship-tracker.org\/#website","url":"https:\/\/ship-tracker.org\/","name":"Ship-tracker.org","description":"","potentialAction":[{"@type":"SearchAction","target":{"@type":"EntryPoint","urlTemplate":"https:\/\/ship-tracker.org\/?s={search_term_string}"},"query-input":{"@type":"PropertyValueSpecification","valueRequired":true,"valueName":"search_term_string"}}],"inLanguage":"fr-FR"}]}},"_links":{"self":[{"href":"https:\/\/ship-tracker.org\/fr\/wp-json\/wp\/v2\/pages\/1898","targetHints":{"allow":["GET"]}}],"collection":[{"href":"https:\/\/ship-tracker.org\/fr\/wp-json\/wp\/v2\/pages"}],"about":[{"href":"https:\/\/ship-tracker.org\/fr\/wp-json\/wp\/v2\/types\/page"}],"author":[{"embeddable":true,"href":"https:\/\/ship-tracker.org\/fr\/wp-json\/wp\/v2\/users\/1"}],"replies":[{"embeddable":true,"href":"https:\/\/ship-tracker.org\/fr\/wp-json\/wp\/v2\/comments?post=1898"}],"version-history":[{"count":5,"href":"https:\/\/ship-tracker.org\/fr\/wp-json\/wp\/v2\/pages\/1898\/revisions"}],"predecessor-version":[{"id":2413,"href":"https:\/\/ship-tracker.org\/fr\/wp-json\/wp\/v2\/pages\/1898\/revisions\/2413"}],"wp:attachment":[{"href":"https:\/\/ship-tracker.org\/fr\/wp-json\/wp\/v2\/media?parent=1898"}],"curies":[{"name":"wp","href":"https:\/\/api.w.org\/{rel}","templated":true}]}}