{"id":1758,"date":"2020-02-14T13:15:11","date_gmt":"2020-02-14T12:15:11","guid":{"rendered":"https:\/\/ship-tracker.org\/?page_id=1758"},"modified":"2022-10-26T23:24:29","modified_gmt":"2022-10-26T21:24:29","slug":"msc-europa","status":"publish","type":"page","link":"https:\/\/ship-tracker.org\/fr\/msc-europa\/","title":{"rendered":"MSC Europa"},"content":{"rendered":"<p><script async src=\"https:\/\/pagead2.googlesyndication.com\/pagead\/js\/adsbygoogle.js\"><\/script><br \/>\n<!-- Ship-Tracker Display --><br \/>\n<ins class=\"adsbygoogle\" style=\"display: block;\" data-ad-client=\"ca-pub-1316785063791781\" data-ad-slot=\"8075999632\" data-ad-format=\"auto\" data-full-width-responsive=\"true\"><\/ins><br \/>\n<script>\n     (adsbygoogle = window.adsbygoogle || []).push({});\n<\/script><\/p>\n<h2><span style=\"color: #000000;\">Emplacement actuel et <\/span><span style=\"color: #000000;\">position du MSC World Europa<\/span><\/h2>\n<p>O\u00f9 en est la position actuelle du MSC World Europa\u00a0?<br \/>\n<script async src=\"https:\/\/pagead2.googlesyndication.com\/pagead\/js\/adsbygoogle.js\"><\/script><br \/>\n<!-- Schip-Tracker Linkanzeigen --><br \/>\n<ins class=\"adsbygoogle\" style=\"display: block;\" data-ad-client=\"ca-pub-1316785063791781\" data-ad-slot=\"3429004156\" data-ad-format=\"link\" data-full-width-responsive=\"true\"><\/ins><br \/>\n<script>\n     (adsbygoogle = window.adsbygoogle || []).push({});\n<\/script><\/p>\n<p><script type=\"text\/javascript\">\n  var width=\"100%\";var height=\"400\";\n  var mmsi=256070000;\n<\/script><script type=\"text\/javascript\" src=\"https:\/\/www.vesselfinder.com\/aismap.js\"><\/script><\/p>\n<p><script async src=\"https:\/\/pagead2.googlesyndication.com\/pagead\/js\/adsbygoogle.js\"><\/script><br \/>\n<!-- Ship-Tracker Display --><br \/>\n<ins class=\"adsbygoogle\" style=\"display: block;\" data-ad-client=\"ca-pub-1316785063791781\" data-ad-slot=\"8075999632\" data-ad-format=\"auto\" data-full-width-responsive=\"true\"><\/ins><br \/>\n<script>\n     (adsbygoogle = window.adsbygoogle || []).push({});\n<\/script><\/p>\n<p>Voir l&#039;emplacement actuel du MSC World Europa. La position du MSC World Europa peut \u00eatre d\u00e9termin\u00e9e avec pr\u00e9cision par les cartes de VesselFinder et MarineTraffic. Ainsi, vous \u00eates toujours bien inform\u00e9 de l&#039;emplacement actuel de votre navire pr\u00e9f\u00e9r\u00e9.<\/p>\n<h2 class=\"title\"><span style=\"color: #000000;\">Examen et sp\u00e9cifications du MSC World Europa<\/span><\/h2>\n<table style=\"height: 294px;\" width=\"400\">\n<tbody>\n<tr>\n<td style=\"width: 192px;\"><strong><span style=\"color: #000000;\">Classe<\/span><\/strong><\/td>\n<td style=\"width: 192px;\"><span style=\"color: #000000;\">MSC World<\/span><\/td>\n<\/tr>\n<tr>\n<td style=\"width: 192px;\"><strong><span style=\"color: #000000;\">Ann\u00e9e de construction<\/span><\/strong><\/td>\n<td style=\"width: 192px;\"><span style=\"color: #000000;\">2022<\/span><\/td>\n<\/tr>\n<tr>\n<td style=\"width: 192px;\"><strong><span style=\"color: #000000;\">Constructeur<\/span><\/strong><\/td>\n<td style=\"width: 192px;\"><span style=\"color: #000000;\">Chantiers de l&#039;Atlantique<\/span><\/td>\n<\/tr>\n<tr>\n<td style=\"width: 192px;\"><strong><span style=\"color: #000000;\">Longueur<\/span><\/strong><\/td>\n<td style=\"width: 192px;\"><span style=\"color: #000000;\">330<span class=\"specificationUnit\">\u00a0m<\/span>\u00a0<\/span><\/td>\n<\/tr>\n<tr>\n<td style=\"width: 192px;\"><strong><span style=\"color: #000000;\">Faisceau<\/span><\/strong><\/td>\n<td style=\"width: 192px;\"><span style=\"color: #000000;\">47<span class=\"specificationUnit\">\u00a0m<\/span><\/span><\/td>\n<\/tr>\n<tr>\n<td style=\"width: 192px;\"><strong><span style=\"color: #000000;\">Jauge brute<\/span><\/strong><\/td>\n<td style=\"width: 192px;\"><span style=\"color: #000000;\">205700<span class=\"specificationUnit\">\u00a0gt<\/span><\/span><\/td>\n<\/tr>\n<tr>\n<td style=\"width: 192px;\"><strong><span style=\"color: #000000;\">Les passagers<\/span><\/strong><\/td>\n<td style=\"width: 192px;\"><span style=\"color: #000000;\">6700<\/span><\/td>\n<\/tr>\n<tr>\n<td style=\"width: 192px;\"><strong><span style=\"color: #000000;\">\u00c9quipage<\/span><\/strong><\/td>\n<td style=\"width: 192px;\"><span style=\"color: #000000;\">2100<\/span><\/td>\n<\/tr>\n<tr>\n<td style=\"width: 192px;\"><strong><span style=\"color: #000000;\">Decks\u00a0<\/span><\/strong><\/td>\n<td style=\"width: 192px;\"><span style=\"color: #000000;\">19<\/span><\/td>\n<\/tr>\n<tr>\n<td style=\"width: 192px;\"><strong><span style=\"color: #000000;\">La vitesse<\/span><\/strong><\/td>\n<td style=\"width: 192px;\"><span style=\"color: #000000;\">22<span class=\"specificationUnit\">\u00a0kn<\/span><\/span><\/td>\n<\/tr>\n<tr>\n<td style=\"width: 192px;\"><strong><span style=\"color: #000000;\">Cabines<\/span><\/strong><\/td>\n<td style=\"width: 192px;\"><span style=\"color: #000000;\">2632<\/span><\/td>\n<\/tr>\n<tr>\n<td style=\"width: 192px;\"><strong><span style=\"color: #000000;\">Propri\u00e9taire<\/span><\/strong><\/td>\n<td style=\"width: 192px;\"><a href=\"https:\/\/ship-tracker.org\/fr\/msc-cruises\/\">MSC Cruises<\/a><\/td>\n<\/tr>\n<\/tbody>\n<\/table>\n<p><img loading=\"lazy\" decoding=\"async\" class=\"aligncenter wp-image-382 size-full\" src=\"https:\/\/ship-tracker.org\/wp-content\/uploads\/2017\/09\/cruise-1419799_640.jpg\" alt=\"MSC Europa\" width=\"640\" height=\"283\" srcset=\"https:\/\/ship-tracker.org\/wp-content\/uploads\/2017\/09\/cruise-1419799_640.jpg 640w, https:\/\/ship-tracker.org\/wp-content\/uploads\/2017\/09\/cruise-1419799_640-300x133.jpg 300w\" sizes=\"auto, (max-width: 640px) 100vw, 640px\" \/><\/p>\n<h3 class=\"title\">Flotte MSC Croisi\u00e8res<\/h3>\n<ul>\n<li><a href=\"https:\/\/ship-tracker.org\/fr\/msc-seashore\/\">MSC Seashore<\/a><\/li>\n<li><a href=\"https:\/\/ship-tracker.org\/fr\/msc-virtuosa\/\">MSC Virtuosa<\/a><\/li>\n<li><a href=\"https:\/\/ship-tracker.org\/fr\/msc-grandiosa\/\">MSC Grandiosa<\/a><\/li>\n<li><a href=\"https:\/\/ship-tracker.org\/fr\/msc-bellissima\/\">MSC Bellissima<\/a><\/li>\n<li><a href=\"https:\/\/ship-tracker.org\/fr\/msc-seaview\/\">MSC Seaview<\/a><\/li>\n<li><a href=\"https:\/\/ship-tracker.org\/fr\/msc-meraviglia\/\">MSC Meraviglia<\/a><\/li>\n<li><a href=\"https:\/\/ship-tracker.org\/fr\/msc-seaside\/\">MSC Seaside<\/a><\/li>\n<li><a href=\"https:\/\/ship-tracker.org\/fr\/msc-preziosa\/\">MSC Preziosa<\/a><\/li>\n<li><a href=\"https:\/\/ship-tracker.org\/fr\/msc-divina\/\">MSC Divina<\/a><\/li>\n<li><a href=\"https:\/\/ship-tracker.org\/fr\/msc-magnifica\/\">MSC Magnifica<\/a><\/li>\n<li><a href=\"https:\/\/ship-tracker.org\/fr\/msc-splendida\/\">MSC Splendida<\/a><\/li>\n<li><a href=\"https:\/\/ship-tracker.org\/fr\/msc-poesia\/\">MSC Poesia<\/a><\/li>\n<li><a href=\"https:\/\/ship-tracker.org\/fr\/msc-fantasia\/\">MSC Fantasia<\/a><\/li>\n<li><a href=\"https:\/\/ship-tracker.org\/fr\/msc-orchestra\/\">MSC Orchestra<\/a><\/li>\n<li><a href=\"https:\/\/ship-tracker.org\/fr\/msc-musica\/\">MSC Musica<\/a><\/li>\n<li><a href=\"https:\/\/ship-tracker.org\/fr\/msc-opera\/\">MSC Opera<\/a><\/li>\n<li><a href=\"https:\/\/ship-tracker.org\/fr\/msc-lirica\/\">MSC Lirica<\/a><\/li>\n<li><a href=\"https:\/\/ship-tracker.org\/fr\/msc-sinfonia\/\">MSC Sinfonia<\/a><\/li>\n<li><a href=\"https:\/\/ship-tracker.org\/fr\/msc-armonia\/\">MSC Armonia<\/a><\/li>\n<\/ul>\n<p><script async src=\"https:\/\/pagead2.googlesyndication.com\/pagead\/js\/adsbygoogle.js\"><\/script><br \/>\n<!-- Schip-Tracker Linkanzeigen --><br \/>\n<ins class=\"adsbygoogle\" style=\"display: block;\" data-ad-client=\"ca-pub-1316785063791781\" data-ad-slot=\"3429004156\" data-ad-format=\"link\" data-full-width-responsive=\"true\"><\/ins><br \/>\n<script>\n     (adsbygoogle = window.adsbygoogle || []).push({});\n<\/script><\/p>\n<h4><span style=\"color: #000000;\">Vid\u00e9o du MSC World Europa<\/span><\/h4>\n<div class=\"su-youtube su-u-responsive-media-yes\"><iframe loading=\"lazy\" width=\"600\" height=\"400\" src=\"https:\/\/www.youtube.com\/embed\/3dUAA58j8EA?\" frameborder=\"0\" allowfullscreen allow=\"autoplay; encrypted-media; picture-in-picture\" title=\"\"><\/iframe><\/div>","protected":false},"excerpt":{"rendered":"<p>Localisation et position actuelles du MSC World Europa. O\u00f9 se trouve actuellement le MSC World Europa\u00a0? Consultez la position actuelle du MSC World Europa. La position du MSC World Europa peut \u00eatre d\u00e9termin\u00e9e avec pr\u00e9cision gr\u00e2ce aux cartes de VesselFinder et MarineTraffic. Vous savez ainsi toujours o\u00f9 se trouve votre navire pr\u00e9f\u00e9r\u00e9. MSC World\u2026&nbsp;<a href=\"https:\/\/ship-tracker.org\/fr\/msc-europa\/\" rel=\"bookmark\">En savoir plus &quot;<span class=\"screen-reader-text\">MSC Europa<\/span><\/a><\/p>","protected":false},"author":1,"featured_media":0,"parent":0,"menu_order":0,"comment_status":"closed","ping_status":"closed","template":"","meta":{"neve_meta_sidebar":"","neve_meta_container":"","neve_meta_enable_content_width":"","neve_meta_content_width":0,"neve_meta_title_alignment":"","neve_meta_author_avatar":"","neve_post_elements_order":"","neve_meta_disable_header":"","neve_meta_disable_footer":"","neve_meta_disable_title":"","neve_meta_reading_time":"","footnotes":""},"class_list":["post-1758","page","type-page","status-publish","hentry"],"yoast_head":"<!-- This site is optimized with the Yoast SEO plugin v27.4 - https:\/\/yoast.com\/product\/yoast-seo-wordpress\/ -->\n<title>MSC World Europa\u2503Current location and position of MSC Cruises<\/title>\n<meta name=\"description\" content=\"MSC World Europa \u2693 Current location and position of MSC Europa \u2713 Cruise Ship Tracker \u2713 Live Ship Tracker \u2713 MSC Cruises\" \/>\n<meta name=\"robots\" content=\"index, follow, max-snippet:-1, max-image-preview:large, max-video-preview:-1\" \/>\n<link rel=\"canonical\" href=\"https:\/\/ship-tracker.org\/fr\/msc-europa\/\" \/>\n<meta property=\"og:locale\" content=\"fr_FR\" \/>\n<meta property=\"og:type\" content=\"article\" \/>\n<meta property=\"og:title\" content=\"MSC World Europa\u2503Current location and position of MSC Cruises\" \/>\n<meta property=\"og:description\" content=\"MSC World Europa \u2693 Current location and position of MSC Europa \u2713 Cruise Ship Tracker \u2713 Live Ship Tracker \u2713 MSC Cruises\" \/>\n<meta property=\"og:url\" content=\"https:\/\/ship-tracker.org\/fr\/msc-europa\/\" \/>\n<meta property=\"og:site_name\" content=\"Ship-tracker.org\" \/>\n<meta property=\"article:modified_time\" content=\"2022-10-26T21:24:29+00:00\" \/>\n<meta property=\"og:image\" content=\"https:\/\/ship-tracker.org\/wp-content\/uploads\/2017\/09\/cruise-1419799_640.jpg\" \/>\n<meta name=\"twitter:card\" content=\"summary_large_image\" \/>\n<meta name=\"twitter:label1\" content=\"Dur\u00e9e de lecture estim\u00e9e\" \/>\n\t<meta name=\"twitter:data1\" content=\"1 minute\" \/>\n<script type=\"application\/ld+json\" class=\"yoast-schema-graph\">{\"@context\":\"https:\\\/\\\/schema.org\",\"@graph\":[{\"@type\":\"WebPage\",\"@id\":\"https:\\\/\\\/ship-tracker.org\\\/msc-europa\\\/\",\"url\":\"https:\\\/\\\/ship-tracker.org\\\/msc-europa\\\/\",\"name\":\"MSC World Europa\u2503Current location and position of MSC Cruises\",\"isPartOf\":{\"@id\":\"https:\\\/\\\/ship-tracker.org\\\/#website\"},\"primaryImageOfPage\":{\"@id\":\"https:\\\/\\\/ship-tracker.org\\\/msc-europa\\\/#primaryimage\"},\"image\":{\"@id\":\"https:\\\/\\\/ship-tracker.org\\\/msc-europa\\\/#primaryimage\"},\"thumbnailUrl\":\"https:\\\/\\\/ship-tracker.org\\\/wp-content\\\/uploads\\\/2017\\\/09\\\/cruise-1419799_640.jpg\",\"datePublished\":\"2020-02-14T12:15:11+00:00\",\"dateModified\":\"2022-10-26T21:24:29+00:00\",\"description\":\"MSC World Europa \u2693 Current location and position of MSC Europa \u2713 Cruise Ship Tracker \u2713 Live Ship Tracker \u2713 MSC Cruises\",\"breadcrumb\":{\"@id\":\"https:\\\/\\\/ship-tracker.org\\\/msc-europa\\\/#breadcrumb\"},\"inLanguage\":\"fr-FR\",\"potentialAction\":[{\"@type\":\"ReadAction\",\"target\":[\"https:\\\/\\\/ship-tracker.org\\\/msc-europa\\\/\"]}]},{\"@type\":\"ImageObject\",\"inLanguage\":\"fr-FR\",\"@id\":\"https:\\\/\\\/ship-tracker.org\\\/msc-europa\\\/#primaryimage\",\"url\":\"https:\\\/\\\/ship-tracker.org\\\/wp-content\\\/uploads\\\/2017\\\/09\\\/cruise-1419799_640.jpg\",\"contentUrl\":\"https:\\\/\\\/ship-tracker.org\\\/wp-content\\\/uploads\\\/2017\\\/09\\\/cruise-1419799_640.jpg\"},{\"@type\":\"BreadcrumbList\",\"@id\":\"https:\\\/\\\/ship-tracker.org\\\/msc-europa\\\/#breadcrumb\",\"itemListElement\":[{\"@type\":\"ListItem\",\"position\":1,\"name\":\"Startseite\",\"item\":\"https:\\\/\\\/ship-tracker.org\\\/\"},{\"@type\":\"ListItem\",\"position\":2,\"name\":\"MSC Europa\"}]},{\"@type\":\"WebSite\",\"@id\":\"https:\\\/\\\/ship-tracker.org\\\/#website\",\"url\":\"https:\\\/\\\/ship-tracker.org\\\/\",\"name\":\"Ship-tracker.org\",\"description\":\"\",\"potentialAction\":[{\"@type\":\"SearchAction\",\"target\":{\"@type\":\"EntryPoint\",\"urlTemplate\":\"https:\\\/\\\/ship-tracker.org\\\/?s={search_term_string}\"},\"query-input\":{\"@type\":\"PropertyValueSpecification\",\"valueRequired\":true,\"valueName\":\"search_term_string\"}}],\"inLanguage\":\"fr-FR\"}]}<\/script>\n<!-- \/ Yoast SEO plugin. -->","yoast_head_json":{"title":"MSC World Europa\u2503Emplacement actuel et position de MSC Croisi\u00e8res","description":"MSC World Europa \u2693 Emplacement et position actuels de MSC Europa \u2713 Suivi des navires de croisi\u00e8re \u2713 Suivi des navires en direct \u2713 MSC Croisi\u00e8res","robots":{"index":"index","follow":"follow","max-snippet":"max-snippet:-1","max-image-preview":"max-image-preview:large","max-video-preview":"max-video-preview:-1"},"canonical":"https:\/\/ship-tracker.org\/fr\/msc-europa\/","og_locale":"fr_FR","og_type":"article","og_title":"MSC World Europa\u2503Current location and position of MSC Cruises","og_description":"MSC World Europa \u2693 Current location and position of MSC Europa \u2713 Cruise Ship Tracker \u2713 Live Ship Tracker \u2713 MSC Cruises","og_url":"https:\/\/ship-tracker.org\/fr\/msc-europa\/","og_site_name":"Ship-tracker.org","article_modified_time":"2022-10-26T21:24:29+00:00","og_image":[{"url":"https:\/\/ship-tracker.org\/wp-content\/uploads\/2017\/09\/cruise-1419799_640.jpg","type":"","width":"","height":""}],"twitter_card":"summary_large_image","twitter_misc":{"Dur\u00e9e de lecture estim\u00e9e":"1 minute"},"schema":{"@context":"https:\/\/schema.org","@graph":[{"@type":"WebPage","@id":"https:\/\/ship-tracker.org\/msc-europa\/","url":"https:\/\/ship-tracker.org\/msc-europa\/","name":"MSC World Europa\u2503Emplacement actuel et position de MSC Croisi\u00e8res","isPartOf":{"@id":"https:\/\/ship-tracker.org\/#website"},"primaryImageOfPage":{"@id":"https:\/\/ship-tracker.org\/msc-europa\/#primaryimage"},"image":{"@id":"https:\/\/ship-tracker.org\/msc-europa\/#primaryimage"},"thumbnailUrl":"https:\/\/ship-tracker.org\/wp-content\/uploads\/2017\/09\/cruise-1419799_640.jpg","datePublished":"2020-02-14T12:15:11+00:00","dateModified":"2022-10-26T21:24:29+00:00","description":"MSC World Europa \u2693 Emplacement et position actuels de MSC Europa \u2713 Suivi des navires de croisi\u00e8re \u2713 Suivi des navires en direct \u2713 MSC Croisi\u00e8res","breadcrumb":{"@id":"https:\/\/ship-tracker.org\/msc-europa\/#breadcrumb"},"inLanguage":"fr-FR","potentialAction":[{"@type":"ReadAction","target":["https:\/\/ship-tracker.org\/msc-europa\/"]}]},{"@type":"ImageObject","inLanguage":"fr-FR","@id":"https:\/\/ship-tracker.org\/msc-europa\/#primaryimage","url":"https:\/\/ship-tracker.org\/wp-content\/uploads\/2017\/09\/cruise-1419799_640.jpg","contentUrl":"https:\/\/ship-tracker.org\/wp-content\/uploads\/2017\/09\/cruise-1419799_640.jpg"},{"@type":"BreadcrumbList","@id":"https:\/\/ship-tracker.org\/msc-europa\/#breadcrumb","itemListElement":[{"@type":"ListItem","position":1,"name":"Startseite","item":"https:\/\/ship-tracker.org\/"},{"@type":"ListItem","position":2,"name":"MSC Europa"}]},{"@type":"WebSite","@id":"https:\/\/ship-tracker.org\/#website","url":"https:\/\/ship-tracker.org\/","name":"Ship-tracker.org","description":"","potentialAction":[{"@type":"SearchAction","target":{"@type":"EntryPoint","urlTemplate":"https:\/\/ship-tracker.org\/?s={search_term_string}"},"query-input":{"@type":"PropertyValueSpecification","valueRequired":true,"valueName":"search_term_string"}}],"inLanguage":"fr-FR"}]}},"_links":{"self":[{"href":"https:\/\/ship-tracker.org\/fr\/wp-json\/wp\/v2\/pages\/1758","targetHints":{"allow":["GET"]}}],"collection":[{"href":"https:\/\/ship-tracker.org\/fr\/wp-json\/wp\/v2\/pages"}],"about":[{"href":"https:\/\/ship-tracker.org\/fr\/wp-json\/wp\/v2\/types\/page"}],"author":[{"embeddable":true,"href":"https:\/\/ship-tracker.org\/fr\/wp-json\/wp\/v2\/users\/1"}],"replies":[{"embeddable":true,"href":"https:\/\/ship-tracker.org\/fr\/wp-json\/wp\/v2\/comments?post=1758"}],"version-history":[{"count":5,"href":"https:\/\/ship-tracker.org\/fr\/wp-json\/wp\/v2\/pages\/1758\/revisions"}],"predecessor-version":[{"id":3474,"href":"https:\/\/ship-tracker.org\/fr\/wp-json\/wp\/v2\/pages\/1758\/revisions\/3474"}],"wp:attachment":[{"href":"https:\/\/ship-tracker.org\/fr\/wp-json\/wp\/v2\/media?parent=1758"}],"curies":[{"name":"wp","href":"https:\/\/api.w.org\/{rel}","templated":true}]}}