{"id":1551,"date":"2020-04-29T14:30:38","date_gmt":"2020-04-29T12:30:38","guid":{"rendered":"https:\/\/ship-tracker.org\/?page_id=1551"},"modified":"2022-11-01T12:53:43","modified_gmt":"2022-11-01T11:53:43","slug":"carnival-cruise-line","status":"publish","type":"page","link":"https:\/\/ship-tracker.org\/fr\/carnival-cruise-line\/","title":{"rendered":"Carnival Cruise Line"},"content":{"rendered":"<h2>Navires de localisation de la flotte de Carnival Cruise Line, num\u00e9ros OMI, MMSI, webcams<\/h2>\n<p>O\u00f9 se trouve actuellement la flotte de Carnival Cruise Line Fleet?<\/p>\n<table style=\"border-collapse: collapse; width: 100%; height: 783px;\">\n<tbody>\n<tr style=\"height: 24px;\">\n<td style=\"width: 33.3333%; height: 24px;\"><span style=\"color: #1f405b;\"><strong>Navire<\/strong><\/span><\/td>\n<td style=\"width: 33.3333%; height: 24px;\"><span style=\"color: #1f405b;\"><strong>OMI<\/strong><\/span><\/td>\n<td style=\"width: 33.3333%; height: 24px;\"><span style=\"color: #1f405b;\"><strong>MMSI<\/strong><\/span><\/td>\n<\/tr>\n<tr style=\"height: 24px;\">\n<td style=\"width: 33.3333%; height: 24px;\"><a href=\"https:\/\/ship-tracker.org\/fr\/carnival-inspiration\/\">Carnival Inspiration<\/a><\/td>\n<td style=\"width: 33.3333%; height: 24px;\">9087489<\/td>\n<td style=\"width: 33.3333%; height: 24px;\">309484000<\/td>\n<\/tr>\n<tr style=\"height: 24px;\">\n<td style=\"width: 33.3333%; height: 24px;\"><a href=\"https:\/\/ship-tracker.org\/fr\/carnival-sunshine\/\">Carnival Sunshine<\/a><\/td>\n<td style=\"width: 33.3333%; height: 24px;\">9070058<\/td>\n<td style=\"width: 33.3333%; height: 24px;\">308017000<\/td>\n<\/tr>\n<tr style=\"height: 24px;\">\n<td style=\"width: 33.3333%; height: 24px;\"><a href=\"https:\/\/ship-tracker.org\/fr\/carnival-splendor\/\">Carnival Splendor<\/a><\/td>\n<td style=\"width: 33.3333%; height: 24px;\">9333163<\/td>\n<td style=\"width: 33.3333%; height: 24px;\">372808000<\/td>\n<\/tr>\n<tr style=\"height: 24px;\">\n<td style=\"width: 33.3333%; height: 24px;\"><a href=\"https:\/\/ship-tracker.org\/fr\/carnival-legend\/\">Carnival Legend<\/a><\/td>\n<td style=\"width: 33.3333%; height: 24px;\">9224726<\/td>\n<td style=\"width: 33.3333%; height: 24px;\">229857000<\/td>\n<\/tr>\n<tr style=\"height: 24px;\">\n<td style=\"width: 33.3333%; height: 24px;\"><a href=\"https:\/\/ship-tracker.org\/fr\/carnival-spirit\/\">Carnival Spirit<\/a><\/td>\n<td style=\"width: 33.3333%; height: 24px;\">9188647<\/td>\n<td style=\"width: 33.3333%; height: 24px;\">229136000<\/td>\n<\/tr>\n<tr style=\"height: 24px;\">\n<td style=\"width: 33.3333%; height: 24px;\"><a href=\"https:\/\/ship-tracker.org\/fr\/carnival-triumph\/\">Carnival Triumph<\/a><\/td>\n<td style=\"width: 33.3333%; height: 24px;\">9138850<\/td>\n<td style=\"width: 33.3333%; height: 24px;\">308045000<\/td>\n<\/tr>\n<tr style=\"height: 24px;\">\n<td style=\"width: 33.3333%; height: 24px;\"><a href=\"https:\/\/ship-tracker.org\/fr\/carnival-liberty\/\">Carnival Liberty<\/a><\/td>\n<td style=\"width: 33.3333%; height: 24px;\">9278181<\/td>\n<td style=\"width: 33.3333%; height: 24px;\">371083000<\/td>\n<\/tr>\n<tr style=\"height: 24px;\">\n<td style=\"width: 33.3333%; height: 24px;\"><a href=\"https:\/\/ship-tracker.org\/fr\/carnival-elation\/\">Carnival Elation<\/a><\/td>\n<td style=\"width: 33.3333%; height: 24px;\">9118721<\/td>\n<td style=\"width: 33.3333%; height: 24px;\">355831000<\/td>\n<\/tr>\n<tr class=\"alt\" style=\"height: 24px;\">\n<td style=\"width: 33.3333%; height: 24px;\"><a href=\"https:\/\/ship-tracker.org\/fr\/carnival-freedom\/\">Carnival Freedom<\/a><\/td>\n<td style=\"width: 33.3333%; height: 24px;\">9333149<\/td>\n<td style=\"width: 33.3333%; height: 24px;\">371154000<\/td>\n<\/tr>\n<tr style=\"height: 24px;\">\n<td style=\"width: 33.3333%; height: 24px;\"><a href=\"https:\/\/ship-tracker.org\/fr\/carnival-ecstasy\/\">Carnival Ecstasy<\/a><\/td>\n<td style=\"width: 33.3333%; height: 24px;\">8711344<\/td>\n<td style=\"width: 33.3333%; height: 24px;\">353479000<\/td>\n<\/tr>\n<tr style=\"height: 24px;\">\n<td style=\"width: 33.3333%; height: 24px;\"><a href=\"https:\/\/ship-tracker.org\/fr\/carnival-fantasy\/\">Carnival Fantasy<\/a><\/td>\n<td style=\"width: 33.3333%; height: 24px;\">8700773<\/td>\n<td style=\"width: 33.3333%; height: 24px;\">353486000<\/td>\n<\/tr>\n<tr style=\"height: 24px;\">\n<td style=\"width: 33.3333%; height: 24px;\"><a href=\"https:\/\/ship-tracker.org\/fr\/carnival-imagination\/\">Carnival Imagination<\/a><\/td>\n<td style=\"width: 33.3333%; height: 24px;\">9053878<\/td>\n<td style=\"width: 33.3333%; height: 24px;\">309933000<\/td>\n<\/tr>\n<tr style=\"height: 24px;\">\n<td style=\"width: 33.3333%; height: 24px;\"><a href=\"https:\/\/ship-tracker.org\/fr\/carnival-valor\/\">Carnival Valor<\/a><\/td>\n<td style=\"width: 33.3333%; height: 24px;\">9236389<\/td>\n<td style=\"width: 33.3333%; height: 24px;\">354298000<\/td>\n<\/tr>\n<tr style=\"height: 24px;\">\n<td style=\"width: 33.3333%; height: 24px;\"><a href=\"https:\/\/ship-tracker.org\/fr\/carnival-fascination\/\">Carnival Fascination<\/a><\/td>\n<td style=\"width: 33.3333%; height: 24px;\">9041253<\/td>\n<td style=\"width: 33.3333%; height: 24px;\">309682000<\/td>\n<\/tr>\n<tr style=\"height: 24px;\">\n<td style=\"width: 33.3333%; height: 24px;\"><a href=\"https:\/\/ship-tracker.org\/fr\/carnival-conquest\/\">Carnival Conquest<\/a><\/td>\n<td style=\"width: 33.3333%; height: 24px;\">9198355<\/td>\n<td style=\"width: 33.3333%; height: 24px;\">357657000<\/td>\n<\/tr>\n<tr style=\"height: 24px;\">\n<td style=\"width: 33.3333%; height: 24px;\"><a href=\"https:\/\/ship-tracker.org\/fr\/carnival-victory\/\">Carnival Victory<\/a><\/td>\n<td style=\"width: 33.3333%; height: 24px;\">9172648<\/td>\n<td style=\"width: 33.3333%; height: 24px;\">355263000<\/td>\n<\/tr>\n<tr style=\"height: 24px;\">\n<td style=\"width: 33.3333%; height: 24px;\"><a href=\"https:\/\/ship-tracker.org\/fr\/carnival-pride\/\">Carnival Pride<\/a><\/td>\n<td style=\"width: 33.3333%; height: 24px;\">9223954<\/td>\n<td style=\"width: 33.3333%; height: 24px;\">354215000<\/td>\n<\/tr>\n<tr style=\"height: 24px;\">\n<td style=\"width: 33.3333%; height: 24px;\"><a href=\"https:\/\/ship-tracker.org\/fr\/carnival-dream\/\">Carnival Dream<\/a><\/td>\n<td style=\"width: 33.3333%; height: 24px;\">9378474<\/td>\n<td style=\"width: 33.3333%; height: 24px;\">370490000<\/td>\n<\/tr>\n<tr style=\"height: 24px;\">\n<td style=\"width: 33.3333%; height: 24px;\"><a href=\"https:\/\/ship-tracker.org\/fr\/carnival-magic\/\">Carnival Magic<\/a><\/td>\n<td style=\"width: 33.3333%; height: 24px;\">9378486<\/td>\n<td style=\"width: 33.3333%; height: 24px;\">370491000<\/td>\n<\/tr>\n<tr style=\"height: 19px;\">\n<td style=\"width: 33.3333%; height: 19px;\"><a href=\"https:\/\/ship-tracker.org\/fr\/carnival-sensation\/\">Carnival Sensation<\/a><\/td>\n<td style=\"width: 33.3333%; height: 19px;\">8711356<\/td>\n<td style=\"width: 33.3333%; height: 19px;\">309697000<\/td>\n<\/tr>\n<tr style=\"height: 24px;\">\n<td style=\"width: 33.3333%; height: 24px;\"><a href=\"https:\/\/ship-tracker.org\/fr\/carnival-vista\/\">Carnival Vista<\/a><\/td>\n<td style=\"width: 33.3333%; height: 24px;\">9692569<\/td>\n<td style=\"width: 33.3333%; height: 24px;\">356883000<\/td>\n<\/tr>\n<tr style=\"height: 24px;\">\n<td style=\"width: 33.3333%; height: 24px;\"><a href=\"https:\/\/ship-tracker.org\/fr\/carnival-paradise\/\">Carnival Paradise<\/a><\/td>\n<td style=\"width: 33.3333%; height: 24px;\">9120877<\/td>\n<td style=\"width: 33.3333%; height: 24px;\">355833000<\/td>\n<\/tr>\n<tr style=\"height: 24px;\">\n<td style=\"width: 33.3333%; height: 24px;\"><a href=\"https:\/\/ship-tracker.org\/fr\/carnival-breeze\/\">Carnival Breeze<\/a><\/td>\n<td style=\"width: 33.3333%; height: 24px;\">9555723<\/td>\n<td style=\"width: 33.3333%; height: 24px;\">354842000<\/td>\n<\/tr>\n<tr style=\"height: 24px;\">\n<td style=\"width: 33.3333%; height: 24px;\"><a href=\"https:\/\/ship-tracker.org\/fr\/carnival-glory\/\">Carnival Glory<\/a><\/td>\n<td style=\"width: 33.3333%; height: 24px;\">9198367<\/td>\n<td style=\"width: 33.3333%; height: 24px;\">357659000<\/td>\n<\/tr>\n<tr style=\"height: 24px;\">\n<td style=\"width: 33.3333%; height: 24px;\"><a href=\"https:\/\/ship-tracker.org\/fr\/carnival-miracle\/\">Carnival Miracle<\/a><\/td>\n<td style=\"width: 33.3333%; height: 24px;\">9237357<\/td>\n<td style=\"width: 33.3333%; height: 24px;\">354277000<\/td>\n<\/tr>\n<tr style=\"height: 24px;\">\n<td style=\"width: 33.3333%; height: 24px;\"><a href=\"https:\/\/ship-tracker.org\/fr\/carnival-horizon\/\">Carnival Horizon<\/a><\/td>\n<td style=\"width: 33.3333%; height: 24px;\">9767091<\/td>\n<td style=\"width: 33.3333%; height: 24px;\">370039000<\/td>\n<\/tr>\n<tr style=\"height: 24px;\">\n<td style=\"width: 33.3333%; height: 24px;\"><a href=\"https:\/\/ship-tracker.org\/fr\/carnival-panorama\/\">Carnival Panorama<\/a><\/td>\n<td style=\"width: 33.3333%; height: 24px;\">9802384<\/td>\n<td style=\"width: 33.3333%; height: 24px;\">374527000<\/td>\n<\/tr>\n<tr style=\"height: 24px;\">\n<td style=\"width: 33.3333%; height: 24px;\"><a href=\"https:\/\/ship-tracker.org\/fr\/carnival-mardi-gras\/\">Carnival Mardi Gras<\/a><\/td>\n<td style=\"width: 33.3333%; height: 24px;\">9837444<\/td>\n<td style=\"width: 33.3333%; height: 24px;\">311001049<\/td>\n<\/tr>\n<tr style=\"height: 23px;\">\n<td style=\"width: 33.3333%; height: 23px;\"><a href=\"https:\/\/ship-tracker.org\/fr\/carnival-radiance\/\">Carnival Radiance<\/a><\/td>\n<td style=\"width: 33.3333%; height: 23px;\">9172648<\/td>\n<td style=\"width: 33.3333%; height: 23px;\">355263000<\/td>\n<\/tr>\n<tr style=\"height: 23px;\">\n<td style=\"width: 33.3333%; height: 23px;\"><a href=\"https:\/\/ship-tracker.org\/fr\/carnival-sunrise\/\">Carnival Sunrise<\/a><\/td>\n<td style=\"width: 33.3333%; height: 23px;\">9138850<\/td>\n<td style=\"width: 33.3333%; height: 23px;\">308045000<\/td>\n<\/tr>\n<tr style=\"height: 23px;\">\n<td style=\"width: 33.3333%; height: 23px;\"><a href=\"https:\/\/ship-tracker.org\/fr\/carnival-celebration\/\">C\u00e9l\u00e9bration du Carnaval<\/a><\/td>\n<td style=\"width: 33.3333%; height: 23px;\">9837456<\/td>\n<td style=\"width: 33.3333%; height: 23px;\">352898755<\/td>\n<\/tr>\n<tr style=\"height: 23px;\">\n<td style=\"width: 33.3333%; height: 23px;\"><a href=\"https:\/\/ship-tracker.org\/fr\/carnival-jubilee\/\">Jubil\u00e9 de Carnaval<\/a><\/td>\n<td style=\"width: 33.3333%; height: 23px;\">2023<\/td>\n<td style=\"width: 33.3333%; height: 23px;\"><\/td>\n<\/tr>\n<\/tbody>\n<\/table>\n<h2>\u00c0 propos de Carnival Cruise Line<\/h2>\n<p>Avec 28 navires et 5,2 millions de passagers par an, Carnival Cruise Line est l&#039;une des deux plus grandes compagnies de croisi\u00e8re au monde. Le plus jeune membre de la flotte est Carnival Panorama (4008 passagers), qui commencera ses premi\u00e8res croisi\u00e8res en d\u00e9cembre 2019 en tant que nouvelle construction de la classe Vista.<\/p>\n<p>Il sera suivi en ao\u00fbt 2020 par Mardi Gras, le plus gros navire \u00e0 ce jour (5200 invit\u00e9s) et le premier navire \u00e0 fonctionner au gaz naturel liqu\u00e9fi\u00e9 (GNL). Un autre croiseur de GNL devrait suivre en 2022. Depuis 1993, Carnival Cruise Line est seulement une soci\u00e9t\u00e9 fondatrice de Carnival Corporation, qui a \u00e9t\u00e9 form\u00e9e \u00e0 cette \u00e9poque, et est toujours sous son pavillon aujourd&#039;hui. Depuis lors, la flotte n&#039;a cess\u00e9 de cro\u00eetre parall\u00e8lement \u00e0 sa popularit\u00e9. Pendant ce temps, la flotte se compose de 26 navires et il n&#039;y a pas de fin en vue. Apr\u00e8s une nouvelle construction en 2018, de nouveaux navires seront \u00e9galement ajout\u00e9s en 2020 et 2022.<\/p>","protected":false},"excerpt":{"rendered":"<p>Emplacement de la flotte de Carnival Cruise Line Navires, num\u00e9ros OMI, MMSI, webcams O\u00f9 est actuellement la position de la flotte de Carnival Cruise Line ? Navire OMI MMSI Carnival Inspiration 9087489 309484000 Carnival Sunshine 9070058 308017000 Carnival Splendor 9333163 372808000 Carnival Legend 9224726 229857000 Carnival Spirit 9188647 229136000 Carnival Triumph 9138850 308045 000 Carnaval Libert\u00e9 9278181 371083000 Carnaval Elation 9118721\u2026&nbsp;<a href=\"https:\/\/ship-tracker.org\/fr\/carnival-cruise-line\/\" rel=\"bookmark\">En savoir plus &quot;<span class=\"screen-reader-text\">Carnival Cruise Line<\/span><\/a><\/p>","protected":false},"author":1,"featured_media":2067,"parent":0,"menu_order":0,"comment_status":"closed","ping_status":"closed","template":"","meta":{"neve_meta_sidebar":"","neve_meta_container":"","neve_meta_enable_content_width":"","neve_meta_content_width":0,"neve_meta_title_alignment":"","neve_meta_author_avatar":"","neve_post_elements_order":"","neve_meta_disable_header":"","neve_meta_disable_footer":"","neve_meta_disable_title":"","neve_meta_reading_time":"","footnotes":""},"class_list":["post-1551","page","type-page","status-publish","has-post-thumbnail","hentry"],"yoast_head":"<!-- This site is optimized with the Yoast SEO plugin v26.9 - https:\/\/yoast.com\/product\/yoast-seo-wordpress\/ -->\n<title>Track Carnival Cruise Line Fleet | Cruise Ships | Marine Vessel<\/title>\n<meta name=\"description\" content=\"Carnival Cruise Line Fleet Location | Current Positions of Carnival Cruise Line Ships, IMO numbers, MMSI, Webcam | Live Fleet Maps\" \/>\n<meta name=\"robots\" content=\"index, follow, max-snippet:-1, max-image-preview:large, max-video-preview:-1\" \/>\n<link rel=\"canonical\" href=\"https:\/\/ship-tracker.org\/fr\/carnival-cruise-line\/\" \/>\n<meta property=\"og:locale\" content=\"fr_FR\" \/>\n<meta property=\"og:type\" content=\"article\" \/>\n<meta property=\"og:title\" content=\"Track Carnival Cruise Line Fleet | Cruise Ships | Marine Vessel\" \/>\n<meta property=\"og:description\" content=\"Carnival Cruise Line Fleet Location | Current Positions of Carnival Cruise Line Ships, IMO numbers, MMSI, Webcam | Live Fleet Maps\" \/>\n<meta property=\"og:url\" content=\"https:\/\/ship-tracker.org\/fr\/carnival-cruise-line\/\" \/>\n<meta property=\"og:site_name\" content=\"Ship-tracker.org\" \/>\n<meta property=\"article:modified_time\" content=\"2022-11-01T11:53:43+00:00\" \/>\n<meta property=\"og:image\" content=\"https:\/\/ship-tracker.org\/wp-content\/uploads\/2020\/04\/carnival-web-480x327-1.jpg\" \/>\n\t<meta property=\"og:image:width\" content=\"480\" \/>\n\t<meta property=\"og:image:height\" content=\"327\" \/>\n\t<meta property=\"og:image:type\" content=\"image\/jpeg\" \/>\n<meta name=\"twitter:card\" content=\"summary_large_image\" \/>\n<meta name=\"twitter:label1\" content=\"Dur\u00e9e de lecture estim\u00e9e\" \/>\n\t<meta name=\"twitter:data1\" content=\"2 minutes\" \/>\n<script type=\"application\/ld+json\" class=\"yoast-schema-graph\">{\"@context\":\"https:\/\/schema.org\",\"@graph\":[{\"@type\":\"WebPage\",\"@id\":\"https:\/\/ship-tracker.org\/carnival-cruise-line\/\",\"url\":\"https:\/\/ship-tracker.org\/carnival-cruise-line\/\",\"name\":\"Track Carnival Cruise Line Fleet | Cruise Ships | Marine Vessel\",\"isPartOf\":{\"@id\":\"https:\/\/ship-tracker.org\/#website\"},\"primaryImageOfPage\":{\"@id\":\"https:\/\/ship-tracker.org\/carnival-cruise-line\/#primaryimage\"},\"image\":{\"@id\":\"https:\/\/ship-tracker.org\/carnival-cruise-line\/#primaryimage\"},\"thumbnailUrl\":\"https:\/\/ship-tracker.org\/wp-content\/uploads\/2020\/04\/carnival-web-480x327-1.jpg\",\"datePublished\":\"2020-04-29T12:30:38+00:00\",\"dateModified\":\"2022-11-01T11:53:43+00:00\",\"description\":\"Carnival Cruise Line Fleet Location | Current Positions of Carnival Cruise Line Ships, IMO numbers, MMSI, Webcam | Live Fleet Maps\",\"breadcrumb\":{\"@id\":\"https:\/\/ship-tracker.org\/carnival-cruise-line\/#breadcrumb\"},\"inLanguage\":\"fr-FR\",\"potentialAction\":[{\"@type\":\"ReadAction\",\"target\":[\"https:\/\/ship-tracker.org\/carnival-cruise-line\/\"]}]},{\"@type\":\"ImageObject\",\"inLanguage\":\"fr-FR\",\"@id\":\"https:\/\/ship-tracker.org\/carnival-cruise-line\/#primaryimage\",\"url\":\"https:\/\/ship-tracker.org\/wp-content\/uploads\/2020\/04\/carnival-web-480x327-1.jpg\",\"contentUrl\":\"https:\/\/ship-tracker.org\/wp-content\/uploads\/2020\/04\/carnival-web-480x327-1.jpg\",\"width\":480,\"height\":327,\"caption\":\"Carnival Cruise Line\"},{\"@type\":\"BreadcrumbList\",\"@id\":\"https:\/\/ship-tracker.org\/carnival-cruise-line\/#breadcrumb\",\"itemListElement\":[{\"@type\":\"ListItem\",\"position\":1,\"name\":\"Startseite\",\"item\":\"https:\/\/ship-tracker.org\/\"},{\"@type\":\"ListItem\",\"position\":2,\"name\":\"Carnival Cruise Line\"}]},{\"@type\":\"WebSite\",\"@id\":\"https:\/\/ship-tracker.org\/#website\",\"url\":\"https:\/\/ship-tracker.org\/\",\"name\":\"Ship-tracker.org\",\"description\":\"\",\"potentialAction\":[{\"@type\":\"SearchAction\",\"target\":{\"@type\":\"EntryPoint\",\"urlTemplate\":\"https:\/\/ship-tracker.org\/?s={search_term_string}\"},\"query-input\":{\"@type\":\"PropertyValueSpecification\",\"valueRequired\":true,\"valueName\":\"search_term_string\"}}],\"inLanguage\":\"fr-FR\"}]}<\/script>\n<!-- \/ Yoast SEO plugin. -->","yoast_head_json":{"title":"Suivre la flotte de Carnival Cruise Line | Navires de croisi\u00e8re | Navire maritime","description":"Emplacement de la flotte de Carnival Cruise Line | Positions actuelles des navires Carnival Cruise Line, num\u00e9ros IMO, MMSI, webcam | Cartes de la flotte en direct","robots":{"index":"index","follow":"follow","max-snippet":"max-snippet:-1","max-image-preview":"max-image-preview:large","max-video-preview":"max-video-preview:-1"},"canonical":"https:\/\/ship-tracker.org\/fr\/carnival-cruise-line\/","og_locale":"fr_FR","og_type":"article","og_title":"Track Carnival Cruise Line Fleet | Cruise Ships | Marine Vessel","og_description":"Carnival Cruise Line Fleet Location | Current Positions of Carnival Cruise Line Ships, IMO numbers, MMSI, Webcam | Live Fleet Maps","og_url":"https:\/\/ship-tracker.org\/fr\/carnival-cruise-line\/","og_site_name":"Ship-tracker.org","article_modified_time":"2022-11-01T11:53:43+00:00","og_image":[{"width":480,"height":327,"url":"https:\/\/ship-tracker.org\/wp-content\/uploads\/2020\/04\/carnival-web-480x327-1.jpg","type":"image\/jpeg"}],"twitter_card":"summary_large_image","twitter_misc":{"Dur\u00e9e de lecture estim\u00e9e":"2 minutes"},"schema":{"@context":"https:\/\/schema.org","@graph":[{"@type":"WebPage","@id":"https:\/\/ship-tracker.org\/carnival-cruise-line\/","url":"https:\/\/ship-tracker.org\/carnival-cruise-line\/","name":"Suivre la flotte de Carnival Cruise Line | Navires de croisi\u00e8re | Navire maritime","isPartOf":{"@id":"https:\/\/ship-tracker.org\/#website"},"primaryImageOfPage":{"@id":"https:\/\/ship-tracker.org\/carnival-cruise-line\/#primaryimage"},"image":{"@id":"https:\/\/ship-tracker.org\/carnival-cruise-line\/#primaryimage"},"thumbnailUrl":"https:\/\/ship-tracker.org\/wp-content\/uploads\/2020\/04\/carnival-web-480x327-1.jpg","datePublished":"2020-04-29T12:30:38+00:00","dateModified":"2022-11-01T11:53:43+00:00","description":"Emplacement de la flotte de Carnival Cruise Line | Positions actuelles des navires Carnival Cruise Line, num\u00e9ros IMO, MMSI, webcam | Cartes de la flotte en direct","breadcrumb":{"@id":"https:\/\/ship-tracker.org\/carnival-cruise-line\/#breadcrumb"},"inLanguage":"fr-FR","potentialAction":[{"@type":"ReadAction","target":["https:\/\/ship-tracker.org\/carnival-cruise-line\/"]}]},{"@type":"ImageObject","inLanguage":"fr-FR","@id":"https:\/\/ship-tracker.org\/carnival-cruise-line\/#primaryimage","url":"https:\/\/ship-tracker.org\/wp-content\/uploads\/2020\/04\/carnival-web-480x327-1.jpg","contentUrl":"https:\/\/ship-tracker.org\/wp-content\/uploads\/2020\/04\/carnival-web-480x327-1.jpg","width":480,"height":327,"caption":"Carnival Cruise Line"},{"@type":"BreadcrumbList","@id":"https:\/\/ship-tracker.org\/carnival-cruise-line\/#breadcrumb","itemListElement":[{"@type":"ListItem","position":1,"name":"Startseite","item":"https:\/\/ship-tracker.org\/"},{"@type":"ListItem","position":2,"name":"Carnival Cruise Line"}]},{"@type":"WebSite","@id":"https:\/\/ship-tracker.org\/#website","url":"https:\/\/ship-tracker.org\/","name":"Ship-tracker.org","description":"","potentialAction":[{"@type":"SearchAction","target":{"@type":"EntryPoint","urlTemplate":"https:\/\/ship-tracker.org\/?s={search_term_string}"},"query-input":{"@type":"PropertyValueSpecification","valueRequired":true,"valueName":"search_term_string"}}],"inLanguage":"fr-FR"}]}},"_links":{"self":[{"href":"https:\/\/ship-tracker.org\/fr\/wp-json\/wp\/v2\/pages\/1551","targetHints":{"allow":["GET"]}}],"collection":[{"href":"https:\/\/ship-tracker.org\/fr\/wp-json\/wp\/v2\/pages"}],"about":[{"href":"https:\/\/ship-tracker.org\/fr\/wp-json\/wp\/v2\/types\/page"}],"author":[{"embeddable":true,"href":"https:\/\/ship-tracker.org\/fr\/wp-json\/wp\/v2\/users\/1"}],"replies":[{"embeddable":true,"href":"https:\/\/ship-tracker.org\/fr\/wp-json\/wp\/v2\/comments?post=1551"}],"version-history":[{"count":8,"href":"https:\/\/ship-tracker.org\/fr\/wp-json\/wp\/v2\/pages\/1551\/revisions"}],"predecessor-version":[{"id":3514,"href":"https:\/\/ship-tracker.org\/fr\/wp-json\/wp\/v2\/pages\/1551\/revisions\/3514"}],"wp:featuredmedia":[{"embeddable":true,"href":"https:\/\/ship-tracker.org\/fr\/wp-json\/wp\/v2\/media\/2067"}],"wp:attachment":[{"href":"https:\/\/ship-tracker.org\/fr\/wp-json\/wp\/v2\/media?parent=1551"}],"curies":[{"name":"wp","href":"https:\/\/api.w.org\/{rel}","templated":true}]}}