{"id":1534,"date":"2019-10-29T11:57:40","date_gmt":"2019-10-29T10:57:40","guid":{"rendered":"https:\/\/ship-tracker.org\/?page_id=1534"},"modified":"2022-09-07T17:10:58","modified_gmt":"2022-09-07T15:10:58","slug":"hurricane-tracker","status":"publish","type":"page","link":"https:\/\/ship-tracker.org\/fr\/hurricane-tracker\/","title":{"rendered":"Hurricane Tracker"},"content":{"rendered":"<h2 class=\"cruisin-style01\">Carte en direct de Hurricane Tracker<\/h2>\n<p><script async src=\"https:\/\/pagead2.googlesyndication.com\/pagead\/js\/adsbygoogle.js\"><\/script><br \/>\n<!-- Ship-Tracker Display --><br \/>\n<ins class=\"adsbygoogle\" style=\"display: block;\" data-ad-client=\"ca-pub-1316785063791781\" data-ad-slot=\"8075999632\" data-ad-format=\"auto\" data-full-width-responsive=\"true\"><\/ins><br \/>\n<script>\n     (adsbygoogle = window.adsbygoogle || []).push({});\n<\/script><br \/>\nHurricane et Tropical Storm Tracker en direct. Comprend une carte de suivi, un radar en direct, des c\u00f4nes et des pistes de pr\u00e9vision, des graphiques de vitesse et de pression du vent.<\/p>\n<p>La <a href=\"https:\/\/weather-radar24.com\/hurricane-tracker\/\" target=\"_blank\" rel=\"noopener\">carte de suivi des ouragans<\/a> vous montre les temp\u00eates violentes, les ouragans, les tornades, les typhons et la foudre dans le monde entier et vous permet de savoir comment une temp\u00eate se d\u00e9place.<\/p>\n<p><strong>D\u00e9placez la carte pour trouver la temp\u00eate que vous souhaitez suivre.<\/strong><br \/>\n<iframe loading=\"lazy\" src=\"https:\/\/embed.windy.com\/embed2.html?lat=34.778&amp;lon=-44.648&amp;zoom=4&amp;level=surface&amp;overlay=thunder&amp;menu=&amp;message=&amp;marker=&amp;calendar=&amp;pressure=&amp;type=map&amp;location=coordinates&amp;detail=&amp;detailLat=34.778&amp;detailLon=-44.648&amp;metricWind=default&amp;metricTemp=default&amp;radarRange=-1\" width=\"650\" height=\"450\" frameborder=\"0\"><\/iframe><\/p>\n<h2>Radar ouragan - Tornade - Typhon, carte des temp\u00eates<\/h2>\n<p>Avec le bouton de lecture, le parcours de l&#039;ouragan dans la derni\u00e8re heure peut \u00eatre jou\u00e9. La carte peut \u00eatre zoom\u00e9e ou d\u00e9zoom\u00e9e et d\u00e9fil\u00e9e \u00e0 volont\u00e9. Les r\u00e9gions gris clair sur la carte sont surveill\u00e9es par des stations de mesure, o\u00f9 les intemp\u00e9ries peuvent \u00eatre enregistr\u00e9es et affich\u00e9es. Dans les zones gris fonc\u00e9, il n&#039;y a pas de stations de mesure, de sorte qu&#039;aucun temps violent ne peut y \u00eatre affich\u00e9. Les principaux domaines couverts sont l&#039;Europe, les \u00c9tats-Unis et certaines parties de l&#039;Asie, de l&#039;Am\u00e9rique du Sud et de l&#039;Australie.<\/p>\n<h3>Les pires ouragans<\/h3>\n<ul>\n<li>Ouragan Karl - 2004<\/li>\n<li>Ouragan Nicole - 2016<\/li>\n<li>Ouragan Lili - 1996<\/li>\n<li>Ouragan Igor - 2010<\/li>\n<li>Ouragan Sandy - 2012<\/li>\n<li>Ouragan Olga - 2001<\/li>\n<li>Hurrikan Katrina - 2005<\/li>\n<li>Ouragan Irma - 2017<\/li>\n<li>Ouragan Florence - 2018<\/li>\n<li>Astuce Typhoon - 1979<\/li>\n<\/ul>\n<p><a href=\"https:\/\/ship-tracker.org\/fr\/thunderstorm-tracker\/\">V\u00e9rifiez ici pour un orage<\/a>.<\/p>\n<p><script async src=\"https:\/\/pagead2.googlesyndication.com\/pagead\/js\/adsbygoogle.js\"><\/script><br \/>\n<!-- Ship-Tracker Display --><br \/>\n<ins class=\"adsbygoogle\" style=\"display: block;\" data-ad-client=\"ca-pub-1316785063791781\" data-ad-slot=\"8075999632\" data-ad-format=\"auto\" data-full-width-responsive=\"true\"><\/ins><br \/>\n<script>\n     (adsbygoogle = window.adsbygoogle || []).push({});\n<\/script><\/p>\n<div id=\"gtx-trans\" style=\"position: absolute; left: 204px; top: 895.031px;\">\n<div class=\"gtx-trans-icon\"><\/div>\n<\/div>","protected":false},"excerpt":{"rendered":"<p>Hurricane Tracker Live Map Hurricane et Tropical Storm Tracker en direct. Comprend une carte de suivi, un radar en direct, des c\u00f4nes et des pistes de pr\u00e9vision, des graphiques de vitesse et de pression du vent. La carte de suivi des ouragans vous montre les temp\u00eates violentes, les ouragans, les tornades, les typhons et les \u00e9clairs dans le monde entier et vous permet de savoir comment une temp\u00eate se d\u00e9place. D\u00e9placez la carte pour trouver la temp\u00eate que vous\u2026&nbsp;<a href=\"https:\/\/ship-tracker.org\/fr\/hurricane-tracker\/\" rel=\"bookmark\">En savoir plus &quot;<span class=\"screen-reader-text\">Hurricane Tracker<\/span><\/a><\/p>","protected":false},"author":1,"featured_media":3265,"parent":0,"menu_order":0,"comment_status":"closed","ping_status":"closed","template":"","meta":{"neve_meta_sidebar":"","neve_meta_container":"","neve_meta_enable_content_width":"","neve_meta_content_width":0,"neve_meta_title_alignment":"","neve_meta_author_avatar":"","neve_post_elements_order":"","neve_meta_disable_header":"","neve_meta_disable_footer":"","neve_meta_disable_title":"","neve_meta_reading_time":"","footnotes":""},"class_list":["post-1534","page","type-page","status-publish","has-post-thumbnail","hentry"],"yoast_head":"<!-- This site is optimized with the Yoast SEO plugin v27.4 - https:\/\/yoast.com\/product\/yoast-seo-wordpress\/ -->\n<title>Hurricane Tracker - Tornado - Typhoon, Storm Map<\/title>\n<meta name=\"description\" content=\"Hurricane Tracker Live \u2713 Includes tracking map, live radar, forecast cones and tracks, wind speed and pressure charts \u2713 Tropical Storms\" \/>\n<meta name=\"robots\" content=\"index, follow, max-snippet:-1, max-image-preview:large, max-video-preview:-1\" \/>\n<link rel=\"canonical\" href=\"https:\/\/ship-tracker.org\/fr\/hurricane-tracker\/\" \/>\n<meta property=\"og:locale\" content=\"fr_FR\" \/>\n<meta property=\"og:type\" content=\"article\" \/>\n<meta property=\"og:title\" content=\"Hurricane Tracker - Tornado - Typhoon, Storm Map\" \/>\n<meta property=\"og:description\" content=\"Hurricane Tracker Live \u2713 Includes tracking map, live radar, forecast cones and tracks, wind speed and pressure charts \u2713 Tropical Storms\" \/>\n<meta property=\"og:url\" content=\"https:\/\/ship-tracker.org\/fr\/hurricane-tracker\/\" \/>\n<meta property=\"og:site_name\" content=\"Ship-tracker.org\" \/>\n<meta property=\"article:modified_time\" content=\"2022-09-07T15:10:58+00:00\" \/>\n<meta property=\"og:image\" content=\"https:\/\/ship-tracker.org\/wp-content\/uploads\/2020\/05\/hurricane-67581_640.jpg\" \/>\n\t<meta property=\"og:image:width\" content=\"640\" \/>\n\t<meta property=\"og:image:height\" content=\"476\" \/>\n\t<meta property=\"og:image:type\" content=\"image\/jpeg\" \/>\n<meta name=\"twitter:card\" content=\"summary_large_image\" \/>\n<meta name=\"twitter:label1\" content=\"Dur\u00e9e de lecture estim\u00e9e\" \/>\n\t<meta name=\"twitter:data1\" content=\"1 minute\" \/>\n<script type=\"application\/ld+json\" class=\"yoast-schema-graph\">{\"@context\":\"https:\\\/\\\/schema.org\",\"@graph\":[{\"@type\":\"WebPage\",\"@id\":\"https:\\\/\\\/ship-tracker.org\\\/hurricane-tracker\\\/\",\"url\":\"https:\\\/\\\/ship-tracker.org\\\/hurricane-tracker\\\/\",\"name\":\"Hurricane Tracker - Tornado - Typhoon, Storm Map\",\"isPartOf\":{\"@id\":\"https:\\\/\\\/ship-tracker.org\\\/#website\"},\"primaryImageOfPage\":{\"@id\":\"https:\\\/\\\/ship-tracker.org\\\/hurricane-tracker\\\/#primaryimage\"},\"image\":{\"@id\":\"https:\\\/\\\/ship-tracker.org\\\/hurricane-tracker\\\/#primaryimage\"},\"thumbnailUrl\":\"https:\\\/\\\/ship-tracker.org\\\/wp-content\\\/uploads\\\/2020\\\/05\\\/hurricane-67581_640.jpg\",\"datePublished\":\"2019-10-29T10:57:40+00:00\",\"dateModified\":\"2022-09-07T15:10:58+00:00\",\"description\":\"Hurricane Tracker Live \u2713 Includes tracking map, live radar, forecast cones and tracks, wind speed and pressure charts \u2713 Tropical Storms\",\"breadcrumb\":{\"@id\":\"https:\\\/\\\/ship-tracker.org\\\/hurricane-tracker\\\/#breadcrumb\"},\"inLanguage\":\"fr-FR\",\"potentialAction\":[{\"@type\":\"ReadAction\",\"target\":[\"https:\\\/\\\/ship-tracker.org\\\/hurricane-tracker\\\/\"]}]},{\"@type\":\"ImageObject\",\"inLanguage\":\"fr-FR\",\"@id\":\"https:\\\/\\\/ship-tracker.org\\\/hurricane-tracker\\\/#primaryimage\",\"url\":\"https:\\\/\\\/ship-tracker.org\\\/wp-content\\\/uploads\\\/2020\\\/05\\\/hurricane-67581_640.jpg\",\"contentUrl\":\"https:\\\/\\\/ship-tracker.org\\\/wp-content\\\/uploads\\\/2020\\\/05\\\/hurricane-67581_640.jpg\",\"width\":640,\"height\":476,\"caption\":\"Hurricane Tracker\"},{\"@type\":\"BreadcrumbList\",\"@id\":\"https:\\\/\\\/ship-tracker.org\\\/hurricane-tracker\\\/#breadcrumb\",\"itemListElement\":[{\"@type\":\"ListItem\",\"position\":1,\"name\":\"Startseite\",\"item\":\"https:\\\/\\\/ship-tracker.org\\\/\"},{\"@type\":\"ListItem\",\"position\":2,\"name\":\"Hurricane Tracker\"}]},{\"@type\":\"WebSite\",\"@id\":\"https:\\\/\\\/ship-tracker.org\\\/#website\",\"url\":\"https:\\\/\\\/ship-tracker.org\\\/\",\"name\":\"Ship-tracker.org\",\"description\":\"\",\"potentialAction\":[{\"@type\":\"SearchAction\",\"target\":{\"@type\":\"EntryPoint\",\"urlTemplate\":\"https:\\\/\\\/ship-tracker.org\\\/?s={search_term_string}\"},\"query-input\":{\"@type\":\"PropertyValueSpecification\",\"valueRequired\":true,\"valueName\":\"search_term_string\"}}],\"inLanguage\":\"fr-FR\"}]}<\/script>\n<!-- \/ Yoast SEO plugin. -->","yoast_head_json":{"title":"Ouragan Tracker - Tornado - Typhon, Storm Map","description":"Hurricane Tracker Live \u2713 Comprend une carte de suivi, un radar en direct, des c\u00f4nes et des pistes de pr\u00e9vision, des graphiques de vitesse et de pression du vent \u2713 Temp\u00eates tropicales","robots":{"index":"index","follow":"follow","max-snippet":"max-snippet:-1","max-image-preview":"max-image-preview:large","max-video-preview":"max-video-preview:-1"},"canonical":"https:\/\/ship-tracker.org\/fr\/hurricane-tracker\/","og_locale":"fr_FR","og_type":"article","og_title":"Hurricane Tracker - Tornado - Typhoon, Storm Map","og_description":"Hurricane Tracker Live \u2713 Includes tracking map, live radar, forecast cones and tracks, wind speed and pressure charts \u2713 Tropical Storms","og_url":"https:\/\/ship-tracker.org\/fr\/hurricane-tracker\/","og_site_name":"Ship-tracker.org","article_modified_time":"2022-09-07T15:10:58+00:00","og_image":[{"width":640,"height":476,"url":"https:\/\/ship-tracker.org\/wp-content\/uploads\/2020\/05\/hurricane-67581_640.jpg","type":"image\/jpeg"}],"twitter_card":"summary_large_image","twitter_misc":{"Dur\u00e9e de lecture estim\u00e9e":"1 minute"},"schema":{"@context":"https:\/\/schema.org","@graph":[{"@type":"WebPage","@id":"https:\/\/ship-tracker.org\/hurricane-tracker\/","url":"https:\/\/ship-tracker.org\/hurricane-tracker\/","name":"Ouragan Tracker - Tornado - Typhon, Storm Map","isPartOf":{"@id":"https:\/\/ship-tracker.org\/#website"},"primaryImageOfPage":{"@id":"https:\/\/ship-tracker.org\/hurricane-tracker\/#primaryimage"},"image":{"@id":"https:\/\/ship-tracker.org\/hurricane-tracker\/#primaryimage"},"thumbnailUrl":"https:\/\/ship-tracker.org\/wp-content\/uploads\/2020\/05\/hurricane-67581_640.jpg","datePublished":"2019-10-29T10:57:40+00:00","dateModified":"2022-09-07T15:10:58+00:00","description":"Hurricane Tracker Live \u2713 Comprend une carte de suivi, un radar en direct, des c\u00f4nes et des pistes de pr\u00e9vision, des graphiques de vitesse et de pression du vent \u2713 Temp\u00eates tropicales","breadcrumb":{"@id":"https:\/\/ship-tracker.org\/hurricane-tracker\/#breadcrumb"},"inLanguage":"fr-FR","potentialAction":[{"@type":"ReadAction","target":["https:\/\/ship-tracker.org\/hurricane-tracker\/"]}]},{"@type":"ImageObject","inLanguage":"fr-FR","@id":"https:\/\/ship-tracker.org\/hurricane-tracker\/#primaryimage","url":"https:\/\/ship-tracker.org\/wp-content\/uploads\/2020\/05\/hurricane-67581_640.jpg","contentUrl":"https:\/\/ship-tracker.org\/wp-content\/uploads\/2020\/05\/hurricane-67581_640.jpg","width":640,"height":476,"caption":"Hurricane Tracker"},{"@type":"BreadcrumbList","@id":"https:\/\/ship-tracker.org\/hurricane-tracker\/#breadcrumb","itemListElement":[{"@type":"ListItem","position":1,"name":"Startseite","item":"https:\/\/ship-tracker.org\/"},{"@type":"ListItem","position":2,"name":"Hurricane Tracker"}]},{"@type":"WebSite","@id":"https:\/\/ship-tracker.org\/#website","url":"https:\/\/ship-tracker.org\/","name":"Ship-tracker.org","description":"","potentialAction":[{"@type":"SearchAction","target":{"@type":"EntryPoint","urlTemplate":"https:\/\/ship-tracker.org\/?s={search_term_string}"},"query-input":{"@type":"PropertyValueSpecification","valueRequired":true,"valueName":"search_term_string"}}],"inLanguage":"fr-FR"}]}},"_links":{"self":[{"href":"https:\/\/ship-tracker.org\/fr\/wp-json\/wp\/v2\/pages\/1534","targetHints":{"allow":["GET"]}}],"collection":[{"href":"https:\/\/ship-tracker.org\/fr\/wp-json\/wp\/v2\/pages"}],"about":[{"href":"https:\/\/ship-tracker.org\/fr\/wp-json\/wp\/v2\/types\/page"}],"author":[{"embeddable":true,"href":"https:\/\/ship-tracker.org\/fr\/wp-json\/wp\/v2\/users\/1"}],"replies":[{"embeddable":true,"href":"https:\/\/ship-tracker.org\/fr\/wp-json\/wp\/v2\/comments?post=1534"}],"version-history":[{"count":9,"href":"https:\/\/ship-tracker.org\/fr\/wp-json\/wp\/v2\/pages\/1534\/revisions"}],"predecessor-version":[{"id":3471,"href":"https:\/\/ship-tracker.org\/fr\/wp-json\/wp\/v2\/pages\/1534\/revisions\/3471"}],"wp:featuredmedia":[{"embeddable":true,"href":"https:\/\/ship-tracker.org\/fr\/wp-json\/wp\/v2\/media\/3265"}],"wp:attachment":[{"href":"https:\/\/ship-tracker.org\/fr\/wp-json\/wp\/v2\/media?parent=1534"}],"curies":[{"name":"wp","href":"https:\/\/api.w.org\/{rel}","templated":true}]}}