{"id":745,"date":"2019-03-28T16:16:09","date_gmt":"2019-03-28T15:16:09","guid":{"rendered":"https:\/\/ship-tracker.org\/?page_id=745"},"modified":"2021-11-08T21:05:13","modified_gmt":"2021-11-08T20:05:13","slug":"cruise-ship-tracker","status":"publish","type":"page","link":"https:\/\/ship-tracker.org\/fi\/cruise-ship-tracker\/","title":{"rendered":"Risteilyalusten seurantalaite"},"content":{"rendered":"<p><script async src=\"https:\/\/pagead2.googlesyndication.com\/pagead\/js\/adsbygoogle.js\"><span data-mce-type=\"bookmark\" style=\"display: inline-block; width: 0px; overflow: hidden; line-height: 0;\" class=\"mce_SELRES_start\">\ufeff<\/span><span data-mce-type=\"bookmark\" style=\"display: inline-block; width: 0px; overflow: hidden; line-height: 0;\" class=\"mce_SELRES_start\">\ufeff<\/span><\/script><br \/>\n<!-- Ship-Tracker Display --><br \/>\n<ins class=\"adsbygoogle\" style=\"display: block;\" data-ad-client=\"ca-pub-1316785063791781\" data-ad-slot=\"8075999632\" data-ad-format=\"auto\" data-full-width-responsive=\"true\"><\/ins><br \/>\n<script>\n     (adsbygoogle = window.adsbygoogle || []).push({});\n<\/script><\/p>\n<h2 class=\"p1\"><span class=\"s1\">Risteilyalusten seuranta - <\/span>Reaaliaikainen laivan sijainti<\/h2>\n<p><script type=\"text\/javascript\">\nwidth='100%';\nheight='450';\n<\/script><br \/>\n<script type=\"text\/javascript\" src=\"\/\/www.marinetraffic.com\/js\/embed.js\"><\/script><\/p>\n<p><script async src=\"https:\/\/pagead2.googlesyndication.com\/pagead\/js\/adsbygoogle.js\"><\/script><br \/>\n<!-- Schip-Tracker Linkanzeigen --><br \/>\n<ins class=\"adsbygoogle\" style=\"display: block;\" data-ad-client=\"ca-pub-1316785063791781\" data-ad-slot=\"3429004156\" data-ad-format=\"link\" data-full-width-responsive=\"true\"><\/ins><br \/>\n<script>\n     (adsbygoogle = window.adsbygoogle || []).push({});\n<\/script><\/p>\n<p style=\"text-align: justify;\">Aluksen seuranta on suosituin risteilyalusten sijainti. Sukulaiset haluavat usein tiet\u00e4\u00e4, sujuuko risteilyaluksen matka sujuvasti vai saapuuko alus satamaan tai m\u00e4\u00e4r\u00e4np\u00e4\u00e4h\u00e4n ajoissa.<\/p>\n<p class=\"p1\" style=\"text-align: justify;\"><span class=\"s1\">On tiettyj\u00e4 asioita, jotka sinun on tiedett\u00e4v\u00e4 risteilylaivaston seurannasta. Ei ole v\u00e4li\u00e4 mink\u00e4lainen laiva se on, jota yrityksesi ajaa, on t\u00e4rke\u00e4\u00e4 tiet\u00e4\u00e4, ett\u00e4 se on turvallinen ja poissa vahingoilta. Maailmanlaajuisen AIS-seurannan avulla voit olla varma, ett\u00e4 tied\u00e4t tarkalleen, minne laivasi on matkalla ja ett\u00e4 aluksen kuljettajat ovat my\u00f6s turvassa. <\/span><\/p>\n<p class=\"p1\" style=\"text-align: justify;\"><span class=\"s1\">T\u00e4m\u00e4 on tehokkain seuranta, koska se on tehty niin k\u00e4ytt\u00e4m\u00e4ll\u00e4 \u0455\u0430t\u0435llit\u0435\u0455 ja se on jopa ilmaista. Voit olla poissa t\u00f6ist\u00e4 ja ladata t\u00e4m\u00e4n puhelimeesi sovelluksena \u2013 ja tarkistaa risteilysi tilaa, jotta kaikki on kunnossa, jotta voit varmistaa, ett\u00e4 se toimii oikein.\u00a0<\/span><\/p>\n<h2>Kuinka l\u00f6yt\u00e4\u00e4 risteilyalukset?<\/h2>\n<p style=\"text-align: justify;\">Risteilyalusten asema on halutuin. Sukulaiset haluavat usein tiet\u00e4\u00e4, sujuuko risteilyaluksen matka vai tuleeko alus satamaan tai m\u00e4\u00e4r\u00e4np\u00e4\u00e4h\u00e4n suunniteltuna aikana. Voit tarkastella tietyn risteilyaluksen sijaintia napsauttamalla vasemmassa yl\u00e4kulmassa olevaa suurennuslasikuvaketta. Sitten voit kirjoittaa etsim\u00e4si aluksen nimen. Sitten alus n\u00e4ytet\u00e4\u00e4n senhetkisess\u00e4 sijainnissaan kaikkine tiedoineen.<\/p>\n<figure id=\"attachment_2025\" aria-describedby=\"caption-attachment-2025\" style=\"width: 768px\" class=\"wp-caption aligncenter\"><img loading=\"lazy\" decoding=\"async\" class=\"wp-image-2025 size-full\" src=\"https:\/\/ship-tracker.org\/wp-content\/uploads\/2020\/04\/karte-kreuzfahrt-kreuzfahrtschiff-schiffsposition-schiffsradar-768x388-1.jpg\" alt=\"Kuinka l\u00f6yt\u00e4\u00e4 risteilyalukset?\" width=\"768\" height=\"388\" srcset=\"https:\/\/ship-tracker.org\/wp-content\/uploads\/2020\/04\/karte-kreuzfahrt-kreuzfahrtschiff-schiffsposition-schiffsradar-768x388-1.jpg 768w, https:\/\/ship-tracker.org\/wp-content\/uploads\/2020\/04\/karte-kreuzfahrt-kreuzfahrtschiff-schiffsposition-schiffsradar-768x388-1-300x152.jpg 300w\" sizes=\"auto, (max-width: 768px) 100vw, 768px\" \/><figcaption id=\"caption-attachment-2025\" class=\"wp-caption-text\">Kuvakaappaus \u00a9 Marinetraffic.com<\/figcaption><\/figure>\n<p style=\"text-align: justify;\">Marinetrafficissa matkustaja-aluksia edustavat siniset symbolit. T\u00e4\u00e4lt\u00e4 voit helposti valita kaikki risteilyalukset yleiskuvan yll\u00e4pit\u00e4miseksi ja tiettyjen hakujen suorittamiseksi.<\/p>\n<h2>Risteilyalusten sijainti kaikkialla maailmassa<\/h2>\n<p style=\"text-align: justify;\">Erityisesti suurilla laivoilla on eritt\u00e4in t\u00e4rke\u00e4\u00e4, ett\u00e4 ajantasaisin sijainti tiedet\u00e4\u00e4n koko ajan. Nykytekniikan ansiosta t\u00e4m\u00e4 ei tietenk\u00e4\u00e4n ole en\u00e4\u00e4 ongelma. T\u00e4t\u00e4 tarkoitusta varten ns <a href=\"https:\/\/en.wikipedia.org\/wiki\/Automatic_identification_system\" target=\"_blank\" rel=\"noopener noreferrer\">Automaattinen tunnistusj\u00e4rjestelm\u00e4<\/a> k\u00e4ytet\u00e4\u00e4n, joka l\u00e4hett\u00e4\u00e4 pysyv\u00e4sti aluksen nykyisen sijainnin tarvittaville tukiasemille, jotka ovat hajallaan ymp\u00e4ri maailmaa. Itse asiassa t\u00e4ll\u00e4 j\u00e4rjestelm\u00e4ll\u00e4 varustettujen alusten varustamisesta on olemassa maailmanlaajuinen m\u00e4\u00e4r\u00e4ys.<\/p>\n<p style=\"text-align: justify;\">T\u00e4m\u00e4n j\u00e4rjestelm\u00e4n on siis oltava aina mukana ja tietysti aktiivinen. T\u00e4m\u00e4n j\u00e4lkeen j\u00e4rjestelm\u00e4n tiedot arvioidaan ja k\u00e4sitell\u00e4\u00e4n graafisesti, jotta ne voidaan tuoda sinun saatavillesi.<\/p>\n<p>Klassisesta risteilyaluksesta Mariner Of The Seas, jolla sadat lomailijat nauttivat auringosta ja antavat henkil\u00f6kunnan hemmotella itse\u00e4\u00e4n, suureen konttilaivaan, jolla tavarat kuljetetaan kaikkiin maailman maihin, laivojen valikoimaan. tuskin voisi olla suurempi.<\/p>\n<h2>Miten aluksen sijainti m\u00e4\u00e4ritet\u00e4\u00e4n?<\/h2>\n<p style=\"text-align: justify;\">Jos mietit, kuinka AIS-tutkimus tarkalleen toimii, t\u00e4ss\u00e4 on selitys. AIS on automaattisen tunnistusj\u00e4rjestelm\u00e4n lyhenne. Se on radioj\u00e4rjestelm\u00e4, jota k\u00e4ytet\u00e4\u00e4n alus- ja navigointitietojen v\u00e4litt\u00e4miseen. Sen avulla alukset voidaan tunnistaa tarkasti. T\u00e4m\u00e4 mahdollisuus lis\u00e4\u00e4 huomattavasti aluksen turvallisuutta. Laivat l\u00e4hett\u00e4v\u00e4t t\u00e4rkeit\u00e4 tilastotietoja ja matkaan liittyvi\u00e4 tietoja AIS:n kautta s\u00e4\u00e4nn\u00f6llisin v\u00e4liajoin 2 sekunnista 3 minuuttiin, kaikki erityisten l\u00e4hettimien ja vastaanottimien kautta.<\/p>\n<h2>T\u00e4m\u00e4 risteilyaluksen tutka on k\u00e4ytett\u00e4viss\u00e4si ilmaiseksi<\/h2>\n<p style=\"text-align: justify;\">Jos olet kiinnostunut risteilyalusten seurannasta ja haluat m\u00e4\u00e4ritt\u00e4\u00e4 tietyn aluksen sijainnin, olet oikeassa paikassa Marinetraffic.com- tai Vesselfinder.com-sivuilla. Nyky\u00e4\u00e4n kaikki alukset on varustettu ns. AIS-j\u00e4rjestelm\u00e4ll\u00e4, jonka avulla ne voivat l\u00e4hett\u00e4\u00e4 jatkuvasti nykyisen sijaintinsa.<\/p>\n<p style=\"text-align: justify;\">T\u00e4m\u00e4 mahdollistaa tietojen sy\u00f6tt\u00e4misen kartalle reaaliajassa, joten voit seurata aluksen sijaintia liven\u00e4 kotoa k\u00e4sin \u2013 oli kyseess\u00e4 sitten risteilyalus, konttilaiva, hinaaja tai vaikka jahti. Kaikista maailman laivoista voidaan keskustella kartalla AIS-j\u00e4rjestelm\u00e4n ansiosta, etsitp\u00e4 sitten tietty\u00e4 alusta tai olet vain kiinnostunut toimituksesta. Valtamerten tutkiminen on hauskaa, paljastaa uusia yksityiskohtia joka p\u00e4iv\u00e4 ja on my\u00f6s t\u00e4ysin ilmaista kaikille.<\/p>\n<p><script async src=\"https:\/\/pagead2.googlesyndication.com\/pagead\/js\/adsbygoogle.js\"><\/script><br \/>\n<!-- Ship-Tracker Display --><br \/>\n<ins class=\"adsbygoogle\" style=\"display: block;\" data-ad-client=\"ca-pub-1316785063791781\" data-ad-slot=\"8075999632\" data-ad-format=\"auto\" data-full-width-responsive=\"true\"><\/ins><br \/>\n<script>\n     (adsbygoogle = window.adsbygoogle || []).push({});\n<\/script><\/p>\n<h2 class=\"p1\"><span class=\"s1\">Turvallisuus risteilyalusten seurannan kautta\u00a0<\/span><\/h2>\n<p class=\"p1\" style=\"text-align: justify;\"><span class=\"s1\">Risteilyalusten seuranta on erityisen t\u00e4rke\u00e4\u00e4, koska jokaisen aluksella liikkuvan henkil\u00f6n turvallisuus on sinun k\u00e4siss\u00e4si. Risteilyn seuranta on my\u00f6s laillinen velvollisuus; th\u0435r\u0435 \u0430r\u0435 \u0440\u043e\u0441\u0435dur\u0435\u0455 th\u0430\u0435\u0435dt\u043e b\u0435 f\u043el\u043ed varmistaa, ett\u00e4 kaikki sujuu kitkattomasti. Risteilylaivan j\u00e4ljitys on aivan yht\u00e4 t\u00e4rke\u00e4\u00e4 kuin meriliikenne, koska kyse on veneess\u00e4 olevien ihmisten turvallisuudesta ja veneen toiminnasta.\u00a0<\/span><\/p>\n<p class=\"p1\" style=\"text-align: justify;\"><span class=\"s1\">S\u00e4\u00e4olosuhteita koskevien p\u00e4ivitysten avulla voit kommunikoida aluksella olevien kuljettajien kanssa antaaksesi heille ilmoituksen, jota on todenn\u00e4k\u00f6isesti v\u00e4ltett\u00e4v\u00e4 matkan aikana. h\u0435\u0430t \u0455\u0435n\u0455\u043er\u0455 avustuksella th\u0435 w\u043er\u0455 \u043e th\u0435 veneess\u00e4 \u0430\u0455\u043e tiet\u00e4v\u00e4t th\u0430t th\u0435\u0443 \u0455h\u043euld \u0430v\u043ev s\u0435\u0440t\u0430ir r\u043eut\u0435\u0455 b\u0435\u0441\u0430u\u0455\u0435 \u043en-ristin. T\u00e4m\u00e4 on ilmainen k\u00e4ytt\u00e4\u00e4, ja se on loistava tapa varmistaa, ett\u00e4 jokainen rutiini toimii moitteettomasti.<\/span><\/p>\n<h3 class=\"p1\"><span class=\"s1\">Katso ohje\u00a0<\/span><\/h3>\n<p class=\"p1\" style=\"text-align: justify;\"><span class=\"s1\">Et vain pysty n\u00e4kem\u00e4\u00e4n omaa laivasi, vaan my\u00f6s muiden l\u00e4hetysten suuntaa ymp\u00e4rill\u00e4si. <a href=\"https:\/\/ship-tracker.org\/fi\/vesselfinder\/\">Aluksen etsint\u00e4<\/a> ilmoittaa sinulle, ett\u00e4 l\u00e4hell\u00e4 on toinen laiva ja sinun pit\u00e4isi vaihtaa reitti\u00e4 v\u00e4litt\u00f6m\u00e4sti tai ottaa yhteytt\u00e4 toiseen alukseen varmistaaksesi, ett\u00e4 risteyspolut on tehty niin. Kaikilla matkustavilla laivoilla on my\u00f6s p\u00e4\u00e4sy t\u00e4h\u00e4n, ja he voivat n\u00e4hd\u00e4 toisensa, s\u00e4\u00e4olosuhteet, nopeuden ja kuinka kauan matka kest\u00e4\u00e4. <\/span><\/p>\n<p class=\"p1\" style=\"text-align: justify;\"><span class=\"s1\">T\u00e4m\u00e4 on ohjelma, joka ei anna sinun pett\u00e4\u00e4 tai ty\u00f6skennell\u00e4 in\u0441\u043en\u0455i\u0455t\u0435ntly. Se on hyvin johdonmukaista ja merenkulkuneuvot luottavat n\u00e4ihin varmistaakseen, ett\u00e4 heid\u00e4n miehens\u00e4 ovat turvassa tai ovat suunnitellulla paikalla.\u00a0<\/span><\/p>\n<p><img loading=\"lazy\" decoding=\"async\" class=\"wp-image-746 size-full aligncenter\" src=\"https:\/\/ship-tracker.org\/wp-content\/uploads\/2019\/03\/cruise-ship-615116_640-1.jpg\" alt=\"Risteilyalusten seurantalaite\" width=\"640\" height=\"357\" srcset=\"https:\/\/ship-tracker.org\/wp-content\/uploads\/2019\/03\/cruise-ship-615116_640-1.jpg 640w, https:\/\/ship-tracker.org\/wp-content\/uploads\/2019\/03\/cruise-ship-615116_640-1-300x167.jpg 300w\" sizes=\"auto, (max-width: 640px) 100vw, 640px\" \/><\/p>","protected":false},"excerpt":{"rendered":"<p>Risteilyalusten seuranta \u2013 Reaaliaikainen aluksen sijainti Aluksen seuranta on suosituin risteilyalusten sijainti. Sukulaiset haluavat usein tiet\u00e4\u00e4, sujuuko risteilyaluksen matka sujuvasti vai saapuuko alus satamaan tai m\u00e4\u00e4r\u00e4np\u00e4\u00e4h\u00e4n ajoissa. On tiettyj\u00e4 asioita, jotka sinun on tiedett\u00e4v\u00e4 risteilyst\u00e4\u2026&nbsp;<a href=\"https:\/\/ship-tracker.org\/fi\/cruise-ship-tracker\/\" rel=\"bookmark\">Lue lis\u00e4\u00e4 \u00bb<span class=\"screen-reader-text\">Risteilyalusten seurantalaite<\/span><\/a><\/p>","protected":false},"author":1,"featured_media":0,"parent":0,"menu_order":0,"comment_status":"closed","ping_status":"closed","template":"","meta":{"neve_meta_sidebar":"","neve_meta_container":"","neve_meta_enable_content_width":"","neve_meta_content_width":0,"neve_meta_title_alignment":"","neve_meta_author_avatar":"","neve_post_elements_order":"","neve_meta_disable_header":"","neve_meta_disable_footer":"","neve_meta_disable_title":"","neve_meta_reading_time":"","footnotes":""},"class_list":["post-745","page","type-page","status-publish","hentry"],"yoast_head":"<!-- This site is optimized with the Yoast SEO plugin v26.9 - https:\/\/yoast.com\/product\/yoast-seo-wordpress\/ -->\n<title>Cruise Ship Tracker\u2503Current position location and Specifications<\/title>\n<meta name=\"description\" content=\"Cruise Ship Tracker \u2693 Current position of All Cruise ships \u2713 Ship Tracker \u2713 Live Ship Tracker \u2713 Review and Specifications \u2713 Webcam\" \/>\n<meta name=\"robots\" content=\"index, follow, max-snippet:-1, max-image-preview:large, max-video-preview:-1\" \/>\n<link rel=\"canonical\" href=\"https:\/\/ship-tracker.org\/fi\/cruise-ship-tracker\/\" \/>\n<meta property=\"og:locale\" content=\"fi_FI\" \/>\n<meta property=\"og:type\" content=\"article\" \/>\n<meta property=\"og:title\" content=\"Cruise Ship Tracker\u2503Current position location and Specifications\" \/>\n<meta property=\"og:description\" content=\"Cruise Ship Tracker \u2693 Current position of All Cruise ships \u2713 Ship Tracker \u2713 Live Ship Tracker \u2713 Review and Specifications \u2713 Webcam\" \/>\n<meta property=\"og:url\" content=\"https:\/\/ship-tracker.org\/fi\/cruise-ship-tracker\/\" \/>\n<meta property=\"og:site_name\" content=\"Ship-tracker.org\" \/>\n<meta property=\"article:modified_time\" content=\"2021-11-08T20:05:13+00:00\" \/>\n<meta property=\"og:image\" content=\"https:\/\/ship-tracker.org\/wp-content\/uploads\/2020\/04\/karte-kreuzfahrt-kreuzfahrtschiff-schiffsposition-schiffsradar-768x388-1.jpg\" \/>\n<meta name=\"twitter:card\" content=\"summary_large_image\" \/>\n<meta name=\"twitter:label1\" content=\"Arvioitu lukuaika\" \/>\n\t<meta name=\"twitter:data1\" content=\"6 minuuttia\" \/>\n<script type=\"application\/ld+json\" class=\"yoast-schema-graph\">{\"@context\":\"https:\/\/schema.org\",\"@graph\":[{\"@type\":\"WebPage\",\"@id\":\"https:\/\/ship-tracker.org\/nl\/cruise-ship-tracker\/\",\"url\":\"https:\/\/ship-tracker.org\/nl\/cruise-ship-tracker\/\",\"name\":\"Cruise Ship Tracker\u2503Current position location and Specifications\",\"isPartOf\":{\"@id\":\"https:\/\/ship-tracker.org\/#website\"},\"primaryImageOfPage\":{\"@id\":\"https:\/\/ship-tracker.org\/nl\/cruise-ship-tracker\/#primaryimage\"},\"image\":{\"@id\":\"https:\/\/ship-tracker.org\/nl\/cruise-ship-tracker\/#primaryimage\"},\"thumbnailUrl\":\"https:\/\/ship-tracker.org\/wp-content\/uploads\/2020\/04\/karte-kreuzfahrt-kreuzfahrtschiff-schiffsposition-schiffsradar-768x388-1.jpg\",\"datePublished\":\"2019-03-28T15:16:09+00:00\",\"dateModified\":\"2021-11-08T20:05:13+00:00\",\"description\":\"Cruise Ship Tracker \u2693 Current position of All Cruise ships \u2713 Ship Tracker \u2713 Live Ship Tracker \u2713 Review and Specifications \u2713 Webcam\",\"breadcrumb\":{\"@id\":\"https:\/\/ship-tracker.org\/nl\/cruise-ship-tracker\/#breadcrumb\"},\"inLanguage\":\"fi\",\"potentialAction\":[{\"@type\":\"ReadAction\",\"target\":[\"https:\/\/ship-tracker.org\/nl\/cruise-ship-tracker\/\"]}]},{\"@type\":\"ImageObject\",\"inLanguage\":\"fi\",\"@id\":\"https:\/\/ship-tracker.org\/nl\/cruise-ship-tracker\/#primaryimage\",\"url\":\"https:\/\/ship-tracker.org\/wp-content\/uploads\/2020\/04\/karte-kreuzfahrt-kreuzfahrtschiff-schiffsposition-schiffsradar-768x388-1.jpg\",\"contentUrl\":\"https:\/\/ship-tracker.org\/wp-content\/uploads\/2020\/04\/karte-kreuzfahrt-kreuzfahrtschiff-schiffsposition-schiffsradar-768x388-1.jpg\"},{\"@type\":\"BreadcrumbList\",\"@id\":\"https:\/\/ship-tracker.org\/nl\/cruise-ship-tracker\/#breadcrumb\",\"itemListElement\":[{\"@type\":\"ListItem\",\"position\":1,\"name\":\"Startseite\",\"item\":\"https:\/\/ship-tracker.org\/\"},{\"@type\":\"ListItem\",\"position\":2,\"name\":\"Cruise Ship Tracker\"}]},{\"@type\":\"WebSite\",\"@id\":\"https:\/\/ship-tracker.org\/#website\",\"url\":\"https:\/\/ship-tracker.org\/\",\"name\":\"Ship-tracker.org\",\"description\":\"\",\"potentialAction\":[{\"@type\":\"SearchAction\",\"target\":{\"@type\":\"EntryPoint\",\"urlTemplate\":\"https:\/\/ship-tracker.org\/?s={search_term_string}\"},\"query-input\":{\"@type\":\"PropertyValueSpecification\",\"valueRequired\":true,\"valueName\":\"search_term_string\"}}],\"inLanguage\":\"fi\"}]}<\/script>\n<!-- \/ Yoast SEO plugin. -->","yoast_head_json":{"title":"Risteilylaivaseuranta\u2503Nykyinen sijainti ja tekniset tiedot","description":"Risteilyalusten seuranta \u2693 Kaikkien risteilyalusten nykyinen sijainti \u2713 Ship Tracker \u2713 Live Ship Tracker \u2713 Katsaus ja tekniset tiedot \u2713 Verkkokamera","robots":{"index":"index","follow":"follow","max-snippet":"max-snippet:-1","max-image-preview":"max-image-preview:large","max-video-preview":"max-video-preview:-1"},"canonical":"https:\/\/ship-tracker.org\/fi\/cruise-ship-tracker\/","og_locale":"fi_FI","og_type":"article","og_title":"Cruise Ship Tracker\u2503Current position location and Specifications","og_description":"Cruise Ship Tracker \u2693 Current position of All Cruise ships \u2713 Ship Tracker \u2713 Live Ship Tracker \u2713 Review and Specifications \u2713 Webcam","og_url":"https:\/\/ship-tracker.org\/fi\/cruise-ship-tracker\/","og_site_name":"Ship-tracker.org","article_modified_time":"2021-11-08T20:05:13+00:00","og_image":[{"url":"https:\/\/ship-tracker.org\/wp-content\/uploads\/2020\/04\/karte-kreuzfahrt-kreuzfahrtschiff-schiffsposition-schiffsradar-768x388-1.jpg","type":"","width":"","height":""}],"twitter_card":"summary_large_image","twitter_misc":{"Arvioitu lukuaika":"6 minuuttia"},"schema":{"@context":"https:\/\/schema.org","@graph":[{"@type":"WebPage","@id":"https:\/\/ship-tracker.org\/nl\/cruise-ship-tracker\/","url":"https:\/\/ship-tracker.org\/nl\/cruise-ship-tracker\/","name":"Risteilylaivaseuranta\u2503Nykyinen sijainti ja tekniset tiedot","isPartOf":{"@id":"https:\/\/ship-tracker.org\/#website"},"primaryImageOfPage":{"@id":"https:\/\/ship-tracker.org\/nl\/cruise-ship-tracker\/#primaryimage"},"image":{"@id":"https:\/\/ship-tracker.org\/nl\/cruise-ship-tracker\/#primaryimage"},"thumbnailUrl":"https:\/\/ship-tracker.org\/wp-content\/uploads\/2020\/04\/karte-kreuzfahrt-kreuzfahrtschiff-schiffsposition-schiffsradar-768x388-1.jpg","datePublished":"2019-03-28T15:16:09+00:00","dateModified":"2021-11-08T20:05:13+00:00","description":"Risteilyalusten seuranta \u2693 Kaikkien risteilyalusten nykyinen sijainti \u2713 Ship Tracker \u2713 Live Ship Tracker \u2713 Katsaus ja tekniset tiedot \u2713 Verkkokamera","breadcrumb":{"@id":"https:\/\/ship-tracker.org\/nl\/cruise-ship-tracker\/#breadcrumb"},"inLanguage":"fi","potentialAction":[{"@type":"ReadAction","target":["https:\/\/ship-tracker.org\/nl\/cruise-ship-tracker\/"]}]},{"@type":"ImageObject","inLanguage":"fi","@id":"https:\/\/ship-tracker.org\/nl\/cruise-ship-tracker\/#primaryimage","url":"https:\/\/ship-tracker.org\/wp-content\/uploads\/2020\/04\/karte-kreuzfahrt-kreuzfahrtschiff-schiffsposition-schiffsradar-768x388-1.jpg","contentUrl":"https:\/\/ship-tracker.org\/wp-content\/uploads\/2020\/04\/karte-kreuzfahrt-kreuzfahrtschiff-schiffsposition-schiffsradar-768x388-1.jpg"},{"@type":"BreadcrumbList","@id":"https:\/\/ship-tracker.org\/nl\/cruise-ship-tracker\/#breadcrumb","itemListElement":[{"@type":"ListItem","position":1,"name":"Startseite","item":"https:\/\/ship-tracker.org\/"},{"@type":"ListItem","position":2,"name":"Cruise Ship Tracker"}]},{"@type":"WebSite","@id":"https:\/\/ship-tracker.org\/#website","url":"https:\/\/ship-tracker.org\/","name":"Ship-tracker.org","description":"","potentialAction":[{"@type":"SearchAction","target":{"@type":"EntryPoint","urlTemplate":"https:\/\/ship-tracker.org\/?s={search_term_string}"},"query-input":{"@type":"PropertyValueSpecification","valueRequired":true,"valueName":"search_term_string"}}],"inLanguage":"fi"}]}},"_links":{"self":[{"href":"https:\/\/ship-tracker.org\/fi\/wp-json\/wp\/v2\/pages\/745","targetHints":{"allow":["GET"]}}],"collection":[{"href":"https:\/\/ship-tracker.org\/fi\/wp-json\/wp\/v2\/pages"}],"about":[{"href":"https:\/\/ship-tracker.org\/fi\/wp-json\/wp\/v2\/types\/page"}],"author":[{"embeddable":true,"href":"https:\/\/ship-tracker.org\/fi\/wp-json\/wp\/v2\/users\/1"}],"replies":[{"embeddable":true,"href":"https:\/\/ship-tracker.org\/fi\/wp-json\/wp\/v2\/comments?post=745"}],"version-history":[{"count":10,"href":"https:\/\/ship-tracker.org\/fi\/wp-json\/wp\/v2\/pages\/745\/revisions"}],"predecessor-version":[{"id":2026,"href":"https:\/\/ship-tracker.org\/fi\/wp-json\/wp\/v2\/pages\/745\/revisions\/2026"}],"wp:attachment":[{"href":"https:\/\/ship-tracker.org\/fi\/wp-json\/wp\/v2\/media?parent=745"}],"curies":[{"name":"wp","href":"https:\/\/api.w.org\/{rel}","templated":true}]}}