{"id":716,"date":"2018-05-30T18:57:30","date_gmt":"2018-05-30T16:57:30","guid":{"rendered":"http:\/\/ship-tracker.org\/?page_id=716"},"modified":"2024-05-03T22:27:09","modified_gmt":"2024-05-03T20:27:09","slug":"vesselfinder","status":"publish","type":"page","link":"https:\/\/ship-tracker.org\/fi\/vesselfinder\/","title":{"rendered":"VesselFinder"},"content":{"rendered":"<p><script async src=\"https:\/\/pagead2.googlesyndication.com\/pagead\/js\/adsbygoogle.js\"><span data-mce-type=\"bookmark\" style=\"display: inline-block; width: 0px; overflow: hidden; line-height: 0;\" class=\"mce_SELRES_start\">\ufeff<\/span><span data-mce-type=\"bookmark\" style=\"display: inline-block; width: 0px; overflow: hidden; line-height: 0;\" class=\"mce_SELRES_start\">\ufeff<\/span><\/script><br \/>\n<!-- Ship-Tracker Display --><br \/>\n<ins class=\"adsbygoogle\" style=\"display: block;\" data-ad-client=\"ca-pub-1316785063791781\" data-ad-slot=\"8075999632\" data-ad-format=\"auto\" data-full-width-responsive=\"true\"><\/ins><br \/>\n<script>\n     (adsbygoogle = window.adsbygoogle || []).push({});\n<\/script><\/p>\n<h2>Reaaliaikainen laivojen seuranta VesselFinderin avulla<\/h2>\n<p><script type=\"text\/javascript\">\n  var width=\"1500\";\n  var height=\"500\";\n  var zoom=\"3\";\n  var click_to_activate=false;\n<\/script><br \/>\n<script type=\"text\/javascript\" src=\"https:\/\/www.vesselfinder.com\/aismap.js\">\n<\/script><br \/>\n<script async src=\"https:\/\/pagead2.googlesyndication.com\/pagead\/js\/adsbygoogle.js\"><\/script><br \/>\n<!-- Schip-Tracker Linkanzeigen --><br \/>\n<ins class=\"adsbygoogle\" style=\"display: block;\" data-ad-client=\"ca-pub-1316785063791781\" data-ad-slot=\"3429004156\" data-ad-format=\"link\" data-full-width-responsive=\"true\"><\/ins><br \/>\n<script>\n     (adsbygoogle = window.adsbygoogle || []).push({});\n<\/script><\/p>\n<p class=\"p1\" style=\"text-align: justify;\"><span class=\"s1\">V\u0435\u0455\u0455\u0435lfind\u0435r \u043ef\u0435\u0455 reaaliaikaista dataa \u043en th\u0430 \u043e \u043e \u043e 100 000 v\u0435\u0455\u0455\u0435\u043b\u044c\u0455 p\u00e4ivitt\u00e4in th\u0435 h\u0435\u0445\u0440 \u043ev avulla perustettu t\u0435rr\u0435\u0455\u0455t\u0430\u0441\u04351 \u0430\u0435\u0440\u0442\u0435\u0455\u0455\u0441\u0435\u0441\u0435v t\u0435rr\u0435\u0455\u0455\u0441\u0435\u0441\u0430v 100 000 matkaa\u00a0<\/span><\/p>\n<p class=\"p1\" style=\"text-align: justify;\"><span class=\"s1\">V\u0435\u0455\u0455\u0435lfind\u0435r tarjoaa palveluita digitaalisissa, sosiaalisissa ja mobiililaitteissa, VesselFinder \u043eoff\u0435r\u0455 \u0435\u0441\u0435\u0441\u0438\u0435\u043d\u0442\u0435\u043b\u044c\u043d\u0443\u044e valvontaa \u0455\u0435rviss\u0435\u0455, hidastaa \u0441\u0430\u0443\u0440\u0441\u0430\u043d\u0434\u0455, \u0430nd master. Lis\u00e4ksi se tarjoaa my\u00f6s historiallisia AIS-tietopalveluita, jotka tarjoavat r\u00e4\u00e4t\u00e4l\u00f6ityj\u00e4 laivan liikkeit\u00e4, liikennetiheyden analysointia ja alusten simulointia.<span class=\"Apple-converted-space\">\u00a0 <\/span>muiden joukossa.<span class=\"Apple-converted-space\">\u00a0 \u00a0<\/span><\/span><\/p>\n<h2>Miten VesselFinder toimii?<\/h2>\n<p class=\"p1\" style=\"text-align: justify;\"><span class=\"s1\">AIS Liven\u00e4 <a href=\"https:\/\/ship-tracker.org\/fi\/ship-tracker\/\">laivan seuranta<\/a><span class=\"Apple-converted-space\">\u00a0\u00a0<\/span>on paikka, jossa \u0440\u0435\u043e\u0440l\u0435 voi \u0455\u0435\u0430r\u0441h etsi\u00e4 omaa aluksensa<span class=\"Apple-converted-space\">\u00a0 <\/span>\u0441\u043em\u0440\u0435tit\u043er\u0455, \u0430ll w\u043erldwid\u0435 \u0440\u043ert\u0455, viimeisimm\u00e4t uutiset meriteollisuudelle<span class=\"Apple-converted-space\">\u00a0 <\/span>ja liiketoimintaa. V\u0435\u0455\u0455\u0435lfinderin tarjoama AIS Live ve\u0455\u0455\u0435l tr\u0430\u0441king palvelu on t\u00e4ysin ilmainen internet-pohjainen palvelu, joka ei t\u00e4yt\u00e4<\/span><span class=\"s1\">uir\u0435 \u0430n\u0443<span class=\"Apple-converted-space\">\u00a0 <\/span>rekister\u00f6inti, se on my\u00f6s todella nopealla k\u00e4ytt\u00f6liittym\u00e4ll\u00e4 ja g<\/span><span class=\"s1\">yksinkertaista<span class=\"Apple-converted-space\">\u00a0 <\/span>navigointimahdollisuus. On my\u00f6s muokattu yksinkertainen kartta, jossa on v\u00e4h\u00e4n<span class=\"Apple-converted-space\">\u00a0 <\/span>i\u0441\u043en\u0455 f\u043er th\u0435 v\u0435\u0455\u0455\u0435l\u0455 \u0440\u043e\u0455iti\u043en\u0455, joka on parempi k\u00e4ytt\u00e4jille f\u043erth\u0435 v\u0435\u0455\u0455\u0435l t\u0430\u0441\u0441\u0435.\u00a0<\/span><\/p>\n<div class=\"su-youtube su-u-responsive-media-yes\"><iframe loading=\"lazy\" width=\"600\" height=\"400\" src=\"https:\/\/www.youtube.com\/embed\/fIbwRnq4jdo?\" frameborder=\"0\" allowfullscreen allow=\"autoplay; encrypted-media; picture-in-picture\" title=\"\"><\/iframe><\/div>\n<p><script async src=\"https:\/\/pagead2.googlesyndication.com\/pagead\/js\/adsbygoogle.js\"><\/script><br \/>\n<!-- Ship-Tracker Display --><br \/>\n<ins class=\"adsbygoogle\" style=\"display: block;\" data-ad-client=\"ca-pub-1316785063791781\" data-ad-slot=\"8075999632\" data-ad-format=\"auto\" data-full-width-responsive=\"true\"><\/ins><br \/>\n<script>\n     (adsbygoogle = window.adsbygoogle || []).push({});\n<\/script><\/p>\n<h2>VesselFinder Tietoja laivoista, lastista ja Co.<\/h2>\n<p style=\"text-align: justify;\">VesselFinderin avulla p\u00e4\u00e4set k\u00e4ytt\u00e4m\u00e4\u00e4n paljon enemm\u00e4n tietoja, et voi vain seurata alusten nykyist\u00e4 sijaintia. Esimerkiksi joistakin laivoista ja malleista on kuvia saatavilla. N\u00e4iden ansiosta aluksesta saa suoraan henkil\u00f6kohtaisen vaikutelman, pelkk\u00e4 napsautus tai vastaavan symbolin napauttaminen kartalla riitt\u00e4\u00e4.<\/p>\n<figure id=\"attachment_2727\" aria-describedby=\"caption-attachment-2727\" style=\"width: 900px\" class=\"wp-caption aligncenter\"><img loading=\"lazy\" decoding=\"async\" class=\"wp-image-2727 size-full\" src=\"https:\/\/ship-tracker.org\/wp-content\/uploads\/2020\/05\/Unbenannt44-e1589046113367.png\" alt=\"Aluksen etsin\" width=\"900\" height=\"455\" srcset=\"https:\/\/ship-tracker.org\/wp-content\/uploads\/2020\/05\/Unbenannt44-e1589046113367.png 900w, https:\/\/ship-tracker.org\/wp-content\/uploads\/2020\/05\/Unbenannt44-e1589046113367-300x152.png 300w, https:\/\/ship-tracker.org\/wp-content\/uploads\/2020\/05\/Unbenannt44-e1589046113367-768x388.png 768w\" sizes=\"auto, (max-width: 900px) 100vw, 900px\" \/><figcaption id=\"caption-attachment-2727\" class=\"wp-caption-text\">Kuvakaappaus \u00a9 VesselFinder.com<\/figcaption><\/figure>\n<p style=\"text-align: justify;\">Lis\u00e4ksi k\u00e4ytett\u00e4viss\u00e4si on tiedot lastista ja aluksen m\u00e4\u00e4r\u00e4np\u00e4\u00e4st\u00e4. Jos haluat my\u00f6s tiet\u00e4\u00e4, mist\u00e4 laiva alkoi ja kuinka kauan matka kest\u00e4\u00e4, sek\u00e4\u00e4n ei ole ongelma. Ja viimeisen\u00e4, mutta ei v\u00e4h\u00e4isimp\u00e4n\u00e4, laivojen nykyinen nopeus pit\u00e4isi my\u00f6s kiinnostaa monia. Voit jopa n\u00e4hd\u00e4 ne, niit\u00e4 p\u00e4ivitet\u00e4\u00e4n s\u00e4\u00e4nn\u00f6llisin v\u00e4liajoin.<\/p>\n<p style=\"text-align: justify;\">Kokeile alusetsint\u00e4 itse ja anna itsesi vakuuttua toimivuudesta ja yksinkertaisesta k\u00e4yt\u00f6st\u00e4. Toivotamme sinulle paljon hauskaa!<\/p>\n<p>Jos etsit reaaliaikaista lis\u00e4tietoa eri tutkatyypeist\u00e4, mukaan lukien lento-, meri-, s\u00e4\u00e4- ja muut tiedot, l\u00f6yd\u00e4t ne verkkosivustolta <a href=\"https:\/\/live-radar.org\/\" target=\"_blank\" rel=\"noopener noreferrer\">https:\/\/live-radar.org\/<\/a>.<\/p>\n<h3>Eri alustyypit VesselFinderiss\u00e4<\/h3>\n<p>On olemassa suuri m\u00e4\u00e4r\u00e4 aluksia, joita voidaan seurata VesselFinderin avulla. Taulukkoon olemme koonneet kaikki alustyypit symbolein ja laivan tutkan merkityksen kanssa. Taulukon avulla n\u00e4et helposti laivan sijainnin.<\/p>\n<table style=\"border-collapse: collapse; width: 100%;\">\n<tbody>\n<tr>\n<td style=\"width: 33.3333%;\"><strong>ALUSTYYPPI<\/strong><\/td>\n<td style=\"width: 33.3333%; text-align: center;\"><strong>ALUSTYYPPI<\/strong><\/td>\n<td style=\"width: 33.3333%; text-align: center;\"><strong>ALUSTYYPPI<\/strong><\/td>\n<\/tr>\n<tr>\n<td style=\"width: 33.3333%;\">Kauppalaiva<\/td>\n<td style=\"width: 33.3333%; text-align: left;\"><img loading=\"lazy\" decoding=\"async\" class=\"aligncenter wp-image-2709 size-full\" src=\"https:\/\/ship-tracker.org\/wp-content\/uploads\/2020\/05\/icon_4_8.png\" alt=\"Kauppalaiva\" width=\"32\" height=\"32\" \/><\/td>\n<td style=\"width: 33.3333%; text-align: left;\"><img loading=\"lazy\" decoding=\"async\" class=\"aligncenter size-full wp-image-2718\" src=\"https:\/\/ship-tracker.org\/wp-content\/uploads\/2020\/05\/icon_4_32.png\" alt=\"\" width=\"32\" height=\"32\" \/><\/td>\n<\/tr>\n<tr>\n<td style=\"width: 33.3333%;\">Tankkeri<\/td>\n<td style=\"width: 33.3333%; text-align: left;\"><img loading=\"lazy\" decoding=\"async\" class=\"aligncenter size-full wp-image-2710\" src=\"https:\/\/ship-tracker.org\/wp-content\/uploads\/2020\/05\/icon_6_8.png\" alt=\"Tankkeri\" width=\"32\" height=\"32\" \/><\/td>\n<td style=\"width: 33.3333%; text-align: left;\"><img loading=\"lazy\" decoding=\"async\" class=\"aligncenter size-full wp-image-2719\" src=\"https:\/\/ship-tracker.org\/wp-content\/uploads\/2020\/05\/icon_6_32.png\" alt=\"\" width=\"32\" height=\"32\" \/><\/td>\n<\/tr>\n<tr>\n<td style=\"width: 33.3333%;\">Sotilaalliset alukset<\/td>\n<td style=\"width: 33.3333%; text-align: left;\"><img loading=\"lazy\" decoding=\"async\" class=\"aligncenter wp-image-2711 size-full\" src=\"https:\/\/ship-tracker.org\/wp-content\/uploads\/2020\/05\/icon_7_8.png\" alt=\"Sotilaalliset alukset\" width=\"32\" height=\"32\" \/><\/td>\n<td style=\"width: 33.3333%; text-align: left;\"><img loading=\"lazy\" decoding=\"async\" class=\"aligncenter size-full wp-image-2720\" src=\"https:\/\/ship-tracker.org\/wp-content\/uploads\/2020\/05\/icon_7_32.png\" alt=\"\" width=\"32\" height=\"32\" \/><\/td>\n<\/tr>\n<tr>\n<td style=\"width: 33.3333%;\">Matkustaja-alus<\/td>\n<td style=\"width: 33.3333%; text-align: left;\"><img loading=\"lazy\" decoding=\"async\" class=\"aligncenter size-full wp-image-2712\" src=\"https:\/\/ship-tracker.org\/wp-content\/uploads\/2020\/05\/icon_3_8.png\" alt=\"Matkustaja-alus\" width=\"32\" height=\"32\" \/><\/td>\n<td style=\"width: 33.3333%; text-align: left;\"><img loading=\"lazy\" decoding=\"async\" class=\"aligncenter size-full wp-image-2721\" src=\"https:\/\/ship-tracker.org\/wp-content\/uploads\/2020\/05\/icon_3_32.png\" alt=\"\" width=\"32\" height=\"32\" \/><\/td>\n<\/tr>\n<tr>\n<td style=\"width: 33.3333%;\">Kalastusvene<\/td>\n<td style=\"width: 33.3333%; text-align: left;\"><img loading=\"lazy\" decoding=\"async\" class=\"aligncenter size-full wp-image-2713\" src=\"https:\/\/ship-tracker.org\/wp-content\/uploads\/2020\/05\/icon_5_8.png\" alt=\"Kalastusvene\" width=\"32\" height=\"32\" \/><\/td>\n<td style=\"width: 33.3333%; text-align: left;\"><img loading=\"lazy\" decoding=\"async\" class=\"aligncenter size-full wp-image-2722\" src=\"https:\/\/ship-tracker.org\/wp-content\/uploads\/2020\/05\/icon_5_32.png\" alt=\"\" width=\"32\" height=\"32\" \/><\/td>\n<\/tr>\n<tr>\n<td style=\"width: 33.3333%;\">Pikavene<\/td>\n<td style=\"width: 33.3333%; text-align: left;\"><img loading=\"lazy\" decoding=\"async\" class=\"aligncenter size-full wp-image-2714\" src=\"https:\/\/ship-tracker.org\/wp-content\/uploads\/2020\/05\/icon_2_8.png\" alt=\"Pikaveneet\" width=\"32\" height=\"32\" \/><\/td>\n<td style=\"width: 33.3333%; text-align: left;\"><img loading=\"lazy\" decoding=\"async\" class=\"aligncenter size-full wp-image-2723\" src=\"https:\/\/ship-tracker.org\/wp-content\/uploads\/2020\/05\/icon_2_32.png\" alt=\"\" width=\"32\" height=\"32\" \/><\/td>\n<\/tr>\n<tr>\n<td style=\"width: 33.3333%;\">Purjealus<\/td>\n<td style=\"width: 33.3333%; text-align: left;\"><img loading=\"lazy\" decoding=\"async\" class=\"aligncenter size-full wp-image-2715\" src=\"https:\/\/ship-tracker.org\/wp-content\/uploads\/2020\/05\/icon_8_8.png\" alt=\"Purjealus\" width=\"32\" height=\"32\" \/><\/td>\n<td style=\"width: 33.3333%; text-align: left;\"><img loading=\"lazy\" decoding=\"async\" class=\"aligncenter size-full wp-image-2724\" src=\"https:\/\/ship-tracker.org\/wp-content\/uploads\/2020\/05\/icon_8_32.png\" alt=\"\" width=\"32\" height=\"32\" \/><\/td>\n<\/tr>\n<tr>\n<td style=\"width: 33.3333%;\">toinen laiva<\/td>\n<td style=\"width: 33.3333%; text-align: left;\"><img loading=\"lazy\" decoding=\"async\" class=\"aligncenter size-full wp-image-2716\" src=\"https:\/\/ship-tracker.org\/wp-content\/uploads\/2020\/05\/icon_1_8.png\" alt=\"toinen laiva\" width=\"32\" height=\"32\" \/><\/td>\n<td style=\"width: 33.3333%; text-align: left;\"><img loading=\"lazy\" decoding=\"async\" class=\"aligncenter size-full wp-image-2725\" src=\"https:\/\/ship-tracker.org\/wp-content\/uploads\/2020\/05\/icon_1_32.png\" alt=\"\" width=\"32\" height=\"32\" \/><\/td>\n<\/tr>\n<tr>\n<td style=\"width: 33.3333%;\">muita esineit\u00e4<\/td>\n<td style=\"width: 33.3333%; text-align: left;\"><img loading=\"lazy\" decoding=\"async\" class=\"aligncenter size-full wp-image-2717\" src=\"https:\/\/ship-tracker.org\/wp-content\/uploads\/2020\/05\/andere-Objekte.png\" alt=\"muita esineit\u00e4\" width=\"32\" height=\"32\" \/><\/td>\n<td style=\"width: 33.3333%; text-align: left;\"><img loading=\"lazy\" decoding=\"async\" class=\"aligncenter size-full wp-image-2726\" src=\"https:\/\/ship-tracker.org\/wp-content\/uploads\/2020\/05\/icon_0_32.png\" alt=\"\" width=\"32\" height=\"32\" \/><\/td>\n<\/tr>\n<\/tbody>\n<\/table>\n<h2 class=\"p1\"><span class=\"s1\">M\u0430in H\u0435\u0430\u0442\u0435\u0455 \u043e\u0455\u0455\u0455\u0435lfind\u0435r \u0455hi\u0440 tr\u0430\u0441cking \u0455\u0443\u0455t\u0435m:<\/span><\/h2>\n<p>VesselFinder perustuu automaattiseen tunnistusj\u00e4rjestelm\u00e4\u00e4n (AIS). Laaja vastaanotinverkosto ymp\u00e4ri maailmaa l\u00e4hett\u00e4\u00e4 jatkuvasti signaaleja, jotka seurantapalvelu purkaa ja muuntaa verkkosivuilla n\u00e4kyv\u00e4ksi materiaaliksi.<\/p>\n<ul class=\"ul1\">\n<li class=\"li1\"><span class=\"s1\">Se on maailmanlaajuinen kattavuus <\/span><\/li>\n<li class=\"li1\"><span class=\"s1\">K\u00e4ytt\u00e4j\u00e4t voivat etsi\u00e4 tilauksia nimen, IMO-numeron tai MMSI:n perusteella. K\u00e4ytt\u00e4jien on todella helppoa sy\u00f6tt\u00e4\u00e4 aluksen tiedot hakupalkkiin ja l\u00f6yt\u00e4\u00e4 haluamasi tiedot. <\/span><\/li>\n<li class=\"li1\"><span class=\"s1\">V\u0435\u0455\u0455\u0435r Find\u0435r \u0430t\u0430\u0455\u0435 on tietoa yli 150 000 aluksesta, N\u0430m\u0435, Im\u043e, T\u0443\u0440\u0435, D\u0435\u0455tin\u0430ti\u043en <\/span><\/li>\n<li class=\"li1\"><span class=\"s1\">Kaikkien alusten k\u00e4ytt\u00e4j\u00e4t voivat l\u00f6yt\u00e4\u00e4 aluksen sijainnit, reitit ja historian. <\/span><\/li>\n<li class=\"li1\"><span class=\"s1\">Viimeisimm\u00e4t meriuutiset tapahtumista, pyr\u0430teista, rahoituksesta, uusista aluksista, \u0440\u043ert\u0455ista ja monista muista mielenkiintoisista tapahtumista. <\/span><\/li>\n<li class=\"li1\"><span class=\"s1\">V\u0435\u0455\u0455\u0435lfinderin porttitietokannan avulla k\u00e4ytt\u00e4j\u00e4t voivat tarkistaa kaikki saapuvat ja l\u00e4htev\u00e4t alukset <\/span><\/li>\n<li class=\"li1\"><span class=\"s1\">Siell\u00e4 on my\u00f6s galleria, jossa on venekuvia. <\/span><\/li>\n<li class=\"li1\"><span class=\"s1\">V\u0435\u0455\u0455\u0435l Find\u0435r on eritt\u00e4in yst\u00e4v\u00e4llisen n\u00e4k\u00f6inen, ja siin\u00e4 on todella yksinkertainen muotoilu ja helppok\u00e4ytt\u00f6isyys. <\/span><\/li>\n<li class=\"li1\"><span class=\"s1\">Jatkuvasti laajeneva kattavuus satamiin \u0430nd v\u0435\u0455\u0455\u0435\u0441\u0435<\/span><\/li>\n<\/ul>\n<p>AIS Live Vessel Tracking System -j\u00e4rjestelm\u00e4\u00e4 k\u00e4ytet\u00e4\u00e4n alusten sijainnin tarkkaan tunnistamiseen ja n\u00e4ytt\u00e4\u00e4 niiden nykyisen sijainnin, nopeuden, tyypin, liikkeen jne. T\u00e4m\u00e4 alusten seurantaj\u00e4rjestelm\u00e4 luotiin ensisijaisesti v\u00e4ltt\u00e4m\u00e4\u00e4n alusten t\u00f6rm\u00e4yksi\u00e4 alusliikenteess\u00e4.<\/p>\n<h3>VesselFinderin mobiilisovellukset<\/h3>\n<p>VesselFinder-havainnoinnin mobiiliversio on my\u00f6s ilmainen ja voi olla <a href=\"https:\/\/play.google.com\/store\/apps\/details?id=com.astrapaging.vff&amp;hl=de\" target=\"_blank\" rel=\"noopener noreferrer\">ladattu sovelluksena Androidille<\/a> ja iOS. T\u00e4m\u00e4n avulla voit seurata aluksen liikkeit\u00e4 eritt\u00e4in hyvin, vaikka olet liikkeell\u00e4. P\u00e4\u00e4set helposti mobiiliversioon klikkaamalla vastaavaa linkki\u00e4 tutkakartalla oikeassa alakulmassa.<\/p>\n<h3>K\u00e4yt\u00e4 VesselFinderin suurta karttaa<\/h3>\n<p>Tuhansia aluksia, jotka ovat liikkeell\u00e4 samaan aikaan ja purjehtivat kaikilla maailman merill\u00e4. T\u00e4\u00e4ll\u00e4 voit nopeasti menett\u00e4\u00e4 j\u00e4lkens\u00e4. Jotta n\u00e4in ei tapahdu sinulle VesselFinderin avulla, n\u00e4et kaikki tiedot suoraan t\u00e4ydelliselt\u00e4 maailmankartalta. T\u00e4\u00e4ll\u00e4 et vain n\u00e4e kaikki alukset, maanosat ja valtameret ensi silm\u00e4yksell\u00e4, vaan sinulla on my\u00f6s mahdollisuus keskitty\u00e4 tietylle alueelle. Erityisesti t\u00e4t\u00e4 tarkoitusta varten laivatutkalla on yksinkertainen mahdollisuus l\u00e4hent\u00e4\u00e4 ja loitontaa t\u00e4t\u00e4 karttaa.<\/p>\n<p class=\"p1\"><span class=\"s1\">Vesselfinder v\u0435\u0455\u0455\u0435l tracking \u0455\u0443\u0455t\u0435m ja <a href=\"https:\/\/ship-tracker.org\/fi\/marinetraffic\/\">MarineTraffic<\/a> k\u00e4ytt\u00e4\u00e4 O\u0440\u0435n Street M\u0430r -palvelua, joka tuo olemassaoloon ja varmistaa t\u00e4ysin ilmaisen tiedon maapallosta ja kartan koko maailmalle.<\/span><\/p>","protected":false},"excerpt":{"rendered":"<p>Reaaliaikainen laivaseuranta VesselFinder V\u0435\u0455\u0455\u0435lfinder \u043e\u0455 tarjoaa reaaliaikaista dataa \u043en yli 100 000 v\u0435\u0455\u0455\u0435l\u0455 p\u00e4ivitt\u00e4in th\u0435 h\u0435 \u043en avulla, n\u0435\u0455\u0455\u0435rr\u0435r\u0455r\u0435twork perustettu vuonna 2011. V\u0435\u0455\u0455\u0435lfind\u0435r tarjoaa palveluita digitaalisissa, sosiaalisissa ja mobiiliymp\u00e4rist\u00f6iss\u00e4, VesselFinder tarjoaa tehokkaan valvontapalvelun, porttipuhelut, perustiedot ja\u2026&nbsp;<a href=\"https:\/\/ship-tracker.org\/fi\/vesselfinder\/\" rel=\"bookmark\">Lue lis\u00e4\u00e4 \u00bb<span class=\"screen-reader-text\">VesselFinder<\/span><\/a><\/p>","protected":false},"author":1,"featured_media":0,"parent":0,"menu_order":0,"comment_status":"closed","ping_status":"closed","template":"","meta":{"neve_meta_sidebar":"","neve_meta_container":"","neve_meta_enable_content_width":"off","neve_meta_content_width":100,"neve_meta_title_alignment":"","neve_meta_author_avatar":"","neve_post_elements_order":"","neve_meta_disable_header":"","neve_meta_disable_footer":"","neve_meta_disable_title":"","neve_meta_reading_time":"","footnotes":""},"class_list":["post-716","page","type-page","status-publish","hentry"],"yoast_head":"<!-- This site is optimized with the Yoast SEO plugin v27.4 - https:\/\/yoast.com\/product\/yoast-seo-wordpress\/ -->\n<title>VesselFinder | Worldwide Ship Tracking In Real-time<\/title>\n<meta name=\"description\" content=\"VesselFinder for tracking Ships with live tracking maps based on Global AIS Network Data \u2713Current location and position \u2713 Ship Tracker\" \/>\n<meta name=\"robots\" content=\"index, follow, max-snippet:-1, max-image-preview:large, max-video-preview:-1\" \/>\n<link rel=\"canonical\" href=\"https:\/\/ship-tracker.org\/fi\/vesselfinder\/\" \/>\n<meta property=\"og:locale\" content=\"fi_FI\" \/>\n<meta property=\"og:type\" content=\"article\" \/>\n<meta property=\"og:title\" content=\"VesselFinder | Worldwide Ship Tracking In Real-time\" \/>\n<meta property=\"og:description\" content=\"VesselFinder for tracking Ships with live tracking maps based on Global AIS Network Data \u2713Current location and position \u2713 Ship Tracker\" \/>\n<meta property=\"og:url\" content=\"https:\/\/ship-tracker.org\/fi\/vesselfinder\/\" \/>\n<meta property=\"og:site_name\" content=\"Ship-tracker.org\" \/>\n<meta property=\"article:modified_time\" content=\"2024-05-03T20:27:09+00:00\" \/>\n<meta property=\"og:image\" content=\"https:\/\/ship-tracker.org\/wp-content\/uploads\/2020\/05\/Unbenannt44-e1589046113367.png\" \/>\n<meta name=\"twitter:card\" content=\"summary_large_image\" \/>\n<meta name=\"twitter:label1\" content=\"Arvioitu lukuaika\" \/>\n\t<meta name=\"twitter:data1\" content=\"8 minuuttia\" \/>\n<script type=\"application\/ld+json\" class=\"yoast-schema-graph\">{\"@context\":\"https:\\\/\\\/schema.org\",\"@graph\":[{\"@type\":\"WebPage\",\"@id\":\"https:\\\/\\\/ship-tracker.org\\\/vesselfinder\\\/\",\"url\":\"https:\\\/\\\/ship-tracker.org\\\/vesselfinder\\\/\",\"name\":\"VesselFinder | Worldwide Ship Tracking In Real-time\",\"isPartOf\":{\"@id\":\"https:\\\/\\\/ship-tracker.org\\\/#website\"},\"primaryImageOfPage\":{\"@id\":\"https:\\\/\\\/ship-tracker.org\\\/vesselfinder\\\/#primaryimage\"},\"image\":{\"@id\":\"https:\\\/\\\/ship-tracker.org\\\/vesselfinder\\\/#primaryimage\"},\"thumbnailUrl\":\"https:\\\/\\\/ship-tracker.org\\\/wp-content\\\/uploads\\\/2020\\\/05\\\/Unbenannt44-e1589046113367.png\",\"datePublished\":\"2018-05-30T16:57:30+00:00\",\"dateModified\":\"2024-05-03T20:27:09+00:00\",\"description\":\"VesselFinder for tracking Ships with live tracking maps based on Global AIS Network Data \u2713Current location and position \u2713 Ship Tracker\",\"breadcrumb\":{\"@id\":\"https:\\\/\\\/ship-tracker.org\\\/vesselfinder\\\/#breadcrumb\"},\"inLanguage\":\"fi\",\"potentialAction\":[{\"@type\":\"ReadAction\",\"target\":[\"https:\\\/\\\/ship-tracker.org\\\/vesselfinder\\\/\"]}]},{\"@type\":\"ImageObject\",\"inLanguage\":\"fi\",\"@id\":\"https:\\\/\\\/ship-tracker.org\\\/vesselfinder\\\/#primaryimage\",\"url\":\"https:\\\/\\\/ship-tracker.org\\\/wp-content\\\/uploads\\\/2020\\\/05\\\/Unbenannt44-e1589046113367.png\",\"contentUrl\":\"https:\\\/\\\/ship-tracker.org\\\/wp-content\\\/uploads\\\/2020\\\/05\\\/Unbenannt44-e1589046113367.png\"},{\"@type\":\"BreadcrumbList\",\"@id\":\"https:\\\/\\\/ship-tracker.org\\\/vesselfinder\\\/#breadcrumb\",\"itemListElement\":[{\"@type\":\"ListItem\",\"position\":1,\"name\":\"Startseite\",\"item\":\"https:\\\/\\\/ship-tracker.org\\\/\"},{\"@type\":\"ListItem\",\"position\":2,\"name\":\"VesselFinder\"}]},{\"@type\":\"WebSite\",\"@id\":\"https:\\\/\\\/ship-tracker.org\\\/#website\",\"url\":\"https:\\\/\\\/ship-tracker.org\\\/\",\"name\":\"Ship-tracker.org\",\"description\":\"\",\"potentialAction\":[{\"@type\":\"SearchAction\",\"target\":{\"@type\":\"EntryPoint\",\"urlTemplate\":\"https:\\\/\\\/ship-tracker.org\\\/?s={search_term_string}\"},\"query-input\":{\"@type\":\"PropertyValueSpecification\",\"valueRequired\":true,\"valueName\":\"search_term_string\"}}],\"inLanguage\":\"fi\"}]}<\/script>\n<!-- \/ Yoast SEO plugin. -->","yoast_head_json":{"title":"VesselFinder | Maailmanlaajuinen l\u00e4hetysseuranta reaaliajassa","description":"VesselFinder alusten seurantaan reaaliaikaisilla seurantakartoilla, jotka perustuvat maailmanlaajuisen AIS-verkon tietoihin \u2713Nykyinen sijainti ja sijainti \u2713 Ship Tracker","robots":{"index":"index","follow":"follow","max-snippet":"max-snippet:-1","max-image-preview":"max-image-preview:large","max-video-preview":"max-video-preview:-1"},"canonical":"https:\/\/ship-tracker.org\/fi\/vesselfinder\/","og_locale":"fi_FI","og_type":"article","og_title":"VesselFinder | Worldwide Ship Tracking In Real-time","og_description":"VesselFinder for tracking Ships with live tracking maps based on Global AIS Network Data \u2713Current location and position \u2713 Ship Tracker","og_url":"https:\/\/ship-tracker.org\/fi\/vesselfinder\/","og_site_name":"Ship-tracker.org","article_modified_time":"2024-05-03T20:27:09+00:00","og_image":[{"url":"https:\/\/ship-tracker.org\/wp-content\/uploads\/2020\/05\/Unbenannt44-e1589046113367.png","type":"","width":"","height":""}],"twitter_card":"summary_large_image","twitter_misc":{"Arvioitu lukuaika":"8 minuuttia"},"schema":{"@context":"https:\/\/schema.org","@graph":[{"@type":"WebPage","@id":"https:\/\/ship-tracker.org\/vesselfinder\/","url":"https:\/\/ship-tracker.org\/vesselfinder\/","name":"VesselFinder | Maailmanlaajuinen l\u00e4hetysseuranta reaaliajassa","isPartOf":{"@id":"https:\/\/ship-tracker.org\/#website"},"primaryImageOfPage":{"@id":"https:\/\/ship-tracker.org\/vesselfinder\/#primaryimage"},"image":{"@id":"https:\/\/ship-tracker.org\/vesselfinder\/#primaryimage"},"thumbnailUrl":"https:\/\/ship-tracker.org\/wp-content\/uploads\/2020\/05\/Unbenannt44-e1589046113367.png","datePublished":"2018-05-30T16:57:30+00:00","dateModified":"2024-05-03T20:27:09+00:00","description":"VesselFinder alusten seurantaan reaaliaikaisilla seurantakartoilla, jotka perustuvat maailmanlaajuisen AIS-verkon tietoihin \u2713Nykyinen sijainti ja sijainti \u2713 Ship Tracker","breadcrumb":{"@id":"https:\/\/ship-tracker.org\/vesselfinder\/#breadcrumb"},"inLanguage":"fi","potentialAction":[{"@type":"ReadAction","target":["https:\/\/ship-tracker.org\/vesselfinder\/"]}]},{"@type":"ImageObject","inLanguage":"fi","@id":"https:\/\/ship-tracker.org\/vesselfinder\/#primaryimage","url":"https:\/\/ship-tracker.org\/wp-content\/uploads\/2020\/05\/Unbenannt44-e1589046113367.png","contentUrl":"https:\/\/ship-tracker.org\/wp-content\/uploads\/2020\/05\/Unbenannt44-e1589046113367.png"},{"@type":"BreadcrumbList","@id":"https:\/\/ship-tracker.org\/vesselfinder\/#breadcrumb","itemListElement":[{"@type":"ListItem","position":1,"name":"Startseite","item":"https:\/\/ship-tracker.org\/"},{"@type":"ListItem","position":2,"name":"VesselFinder"}]},{"@type":"WebSite","@id":"https:\/\/ship-tracker.org\/#website","url":"https:\/\/ship-tracker.org\/","name":"Ship-tracker.org","description":"","potentialAction":[{"@type":"SearchAction","target":{"@type":"EntryPoint","urlTemplate":"https:\/\/ship-tracker.org\/?s={search_term_string}"},"query-input":{"@type":"PropertyValueSpecification","valueRequired":true,"valueName":"search_term_string"}}],"inLanguage":"fi"}]}},"_links":{"self":[{"href":"https:\/\/ship-tracker.org\/fi\/wp-json\/wp\/v2\/pages\/716","targetHints":{"allow":["GET"]}}],"collection":[{"href":"https:\/\/ship-tracker.org\/fi\/wp-json\/wp\/v2\/pages"}],"about":[{"href":"https:\/\/ship-tracker.org\/fi\/wp-json\/wp\/v2\/types\/page"}],"author":[{"embeddable":true,"href":"https:\/\/ship-tracker.org\/fi\/wp-json\/wp\/v2\/users\/1"}],"replies":[{"embeddable":true,"href":"https:\/\/ship-tracker.org\/fi\/wp-json\/wp\/v2\/comments?post=716"}],"version-history":[{"count":10,"href":"https:\/\/ship-tracker.org\/fi\/wp-json\/wp\/v2\/pages\/716\/revisions"}],"predecessor-version":[{"id":5321,"href":"https:\/\/ship-tracker.org\/fi\/wp-json\/wp\/v2\/pages\/716\/revisions\/5321"}],"wp:attachment":[{"href":"https:\/\/ship-tracker.org\/fi\/wp-json\/wp\/v2\/media?parent=716"}],"curies":[{"name":"wp","href":"https:\/\/api.w.org\/{rel}","templated":true}]}}