{"id":6,"date":"2017-09-13T13:59:08","date_gmt":"2017-09-13T11:59:08","guid":{"rendered":"http:\/\/ship-tracker.org\/?page_id=6"},"modified":"2017-09-14T16:43:07","modified_gmt":"2017-09-14T14:43:07","slug":"disclaimer","status":"publish","type":"page","link":"https:\/\/ship-tracker.org\/fi\/disclaimer\/","title":{"rendered":"Vastuuvapauslauseke"},"content":{"rendered":"<p style=\"text-align: justify;\"><span style=\"font-family: georgia, palatino, serif;\"><span style=\"font-family: helvetica, arial, sans-serif;\">ship-tracker.org-verkkosivusto (&quot;Sivusto&quot;) on online-tietopalvelu. &quot;Ship-tracker.org&quot; edellytt\u00e4en, ett\u00e4 noudatat alla olevia ehtoja.<\/span>\u00a0<span style=\"font-family: helvetica, arial, sans-serif;\"><strong>LUE T\u00c4M\u00c4 ASIAKIRJA HUOLELLISESTI ENNEN SIVUSTON K\u00c4YTT\u00d6\u00c4 TAI K\u00c4YTT\u00d6\u00c4. K\u00c4YTT\u00c4M\u00c4LL\u00c4 SIVUA TAI K\u00c4YTT\u00c4M\u00c4LL\u00c4 HYV\u00c4KSYT ALLA ESITETTYJ\u00c4 EHTOJA. JOS ET HALUA SITOUTTUA N\u00c4IHIN EHTOIHIN, ET VOI P\u00c4\u00c4SY TAI K\u00c4YTT\u00c4\u00c4 SIVUA. Ship-tracker.org VOI MUUTTAA T\u00c4T\u00c4 SOPIMUSTA MILLOIN hyv\u00e4ns\u00e4, JA T\u00c4LLAINEN MUUTOKSET OVAT VOIMASSA V\u00c4LITT\u00d6M\u00c4LL\u00c4, KUN MUUTETTU SOPIMUS L\u00c4HETET\u00c4\u00c4N SIVUSTOLLA. HYV\u00c4KSYT SOPIMUKSEN TARKASTAMISTA S\u00c4\u00c4NT\u00c4V\u00c4LL\u00c4 OLLAKSI TIETOISISTA T\u00c4LLAISISTA MUUTOKSEISTA, JA JATKUVASI SIVUSTON K\u00c4YTT\u00d6\u00c4SI TAI K\u00c4YTT\u00d6\u00c4 K\u00c4YTET\u00c4\u00c4N MUUTETUN SOPIMUKSEN LOPPUKSEN HYV\u00c4KSYMISEKSI.<\/strong><\/span><\/span><\/p>\n<p style=\"text-align: justify;\"><span style=\"font-family: helvetica, arial, sans-serif;\"><strong>1. Tekij\u00e4noikeus, lisenssit ja ideaehdotukset.<\/strong><\/span><\/p>\n<p style=\"text-align: justify;\"><span style=\"font-family: helvetica, arial, sans-serif;\">Sivuston koko sis\u00e4lt\u00f6 on suojattu kansainv\u00e4lisill\u00e4 tekij\u00e4noikeus- ja tavaramerkkilailla. Tekij\u00e4noikeuksien ja tavaramerkkien omistajat ovat Ship-tracker.org, sen tyt\u00e4ryhti\u00f6t tai muut kolmannen osapuolen lisenssinantajat.\u00a0<strong>ET SAA MUUTA, KOPIOINTI, TOISTAA, JULKAISTAA, LADATA, L\u00c4HET\u00c4, L\u00c4HETT\u00c4\u00c4 TAI JAKELUA MISS\u00c4\u00c4N TOIMINTA SIVUSTON MATERIAALIA, MUKAAN lukien TEKSTI, GRAFIIKKA, KOODI JA\/TAI OHJELMISTO.<\/strong>\u00a0Voit tulostaa ja ladata osia materiaalista Sivuston eri osista vain omaan ei-kaupalliseen k\u00e4ytt\u00f6\u00f6n edellytt\u00e4en, ett\u00e4 suostut olemaan muuttamatta tai poistamatta mit\u00e4\u00e4n tekij\u00e4noikeus- tai omistusoikeusilmoituksia materiaaleista. Sitoudut my\u00f6nt\u00e4m\u00e4\u00e4n Ship-tracker.org:lle ei-yksinomaisen, rojaltivapaan, maailmanlaajuisen, pysyv\u00e4n lisenssin, jolla on oikeus alilisensointiin, j\u00e4ljent\u00e4\u00e4, levitt\u00e4\u00e4, l\u00e4hett\u00e4\u00e4, luoda johdannaisteoksia, julkisesti n\u00e4ytt\u00e4\u00e4 ja julkisesti esitt\u00e4\u00e4 mit\u00e4 tahansa materiaalit ja muut tiedot (mukaan lukien rajoituksetta niiden sis\u00e4lt\u00e4m\u00e4t ideat uusista tai parannetuista tuotteista ja palveluista), jotka l\u00e4het\u00e4t Sivuston mille tahansa julkiselle alueelle (kuten ilmoitustauluille, foorumeille ja uutisryhmille) tai s\u00e4hk\u00f6postitse Ship-trackerille. org kaikin keinoin ja miss\u00e4 tahansa nyt tunnetussa tai my\u00f6hemmin kehitetyss\u00e4 mediassa. My\u00f6nn\u00e4t my\u00f6s Ship-tracker.org:lle oikeuden k\u00e4ytt\u00e4\u00e4 nime\u00e4si l\u00e4hetettyjen materiaalien ja muiden tietojen yhteydess\u00e4 sek\u00e4 kaiken niihin liittyv\u00e4n mainonnan, markkinoinnin ja myynninedist\u00e4mismateriaalin yhteydess\u00e4. Hyv\u00e4ksyt, ett\u00e4 et voi vedota Ship-tracker.org:ia vastaan v\u00e4itetyist\u00e4 tai todellisista omistusoikeuden loukkauksista tai v\u00e4\u00e4rink\u00e4yt\u00f6ksist\u00e4 Ship-tracker.org-viestinn\u00e4ss\u00e4.\u00a0<strong>TAVARAMERKIT.<\/strong>Julkaisut, tuotteet, sis\u00e4lt\u00f6 tai palvelut, joihin t\u00e4ss\u00e4 tai Sivustolla viitataan, ovat Ship-tracker.org:n yksinomaisia tavaramerkkej\u00e4 tai palvelumerkkej\u00e4. Muut sivustolla mainitut tuotteiden ja yritysten nimet voivat olla omistajiensa tavaramerkkej\u00e4.<\/span><\/p>\n<p style=\"text-align: justify;\"><span style=\"font-family: helvetica, arial, sans-serif;\"><strong>2. Sivuston k\u00e4ytt\u00f6.<\/strong><\/span><\/p>\n<p style=\"text-align: justify;\"><span style=\"font-family: helvetica, arial, sans-serif;\">Ymm\u00e4rr\u00e4t, ett\u00e4 lukuun ottamatta tietoja, tuotteita tai palveluita, jotka on selv\u00e4sti tunnistettu Ship-tracker.org:n toimittamiksi, Ship-tracker.org ei hallinnoi, hallitse tai tue mit\u00e4\u00e4n Internetiss\u00e4 olevia tietoja, tuotteita tai palveluita mill\u00e4\u00e4n tavalla. Ship-tracker.orgin tunnistamia tietoja, tuotteita tai palveluita lukuun ottamatta kaikki Sivuston kautta tai Internetiss\u00e4 tarjottavat tiedot, tuotteet ja palvelut ovat yleens\u00e4 kolmansien osapuolien tarjoamia, jotka eiv\u00e4t ole sidoksissa Ship-tracker.org:iin. Ymm\u00e4rr\u00e4t my\u00f6s, ett\u00e4 Ship-tracker.org ei voi eik\u00e4 takaa tai takaa, ett\u00e4 Sivuston kautta ladattavissa olevat tiedostot ovat vapaita tartunnoista tai viruksista, matoista, troijalaisista tai muusta koodista, jolla on saastuttavia tai tuhoisia ominaisuuksia. Olet vastuussa riitt\u00e4vien menettelyjen ja tarkistuspisteiden toteuttamisesta, jotta ne t\u00e4ytt\u00e4v\u00e4t erityiset tiedonsy\u00f6t\u00f6n ja -tulostuksen tarkkuutta koskevat vaatimukset, sek\u00e4 Sivuston ulkopuolisten keinojen yll\u00e4pit\u00e4minen kadonneiden tietojen palauttamiseksi.<\/span><\/p>\n<p style=\"text-align: justify;\"><span style=\"font-family: helvetica, arial, sans-serif;\">OTAUT KOKONAISVASTUUN JA RISKIN SIVUSTON JA INTERNETIN K\u00c4YT\u00d6ST\u00c4. Ship-tracker.org TARJOAA SIVUSTON JA SIIHEN LIITTYV\u00c4T TIEDOT &quot;SELLAISENAAN&quot; EIK\u00c4 ANNA MIT\u00c4\u00c4N NIMENOMAISTA TAI OLUETTUA TAKUITA, ESITYKSI\u00c4 TAI SUOSITUKSIA MIT\u00c4k\u00e4\u00e4n (mukaan lukien ILMAN RAJOITUKSET OSAPUOLTEN TAI OIKEUSOIKEUKSIEN TAKUUT TARKOITUS) PALVELUN, TUOTETIETOJEN TAI PALVELUN KAUTTA TAI YLEISS\u00c4 INTERNETISS\u00c4 TARJOTTUVIEN PALVELUJEN KOSKEESSA, JA Ship-tracker.org EI OLE VASTUUSSA MISS\u00c4\u00c4N KULUISTA TAI VAHINGOISTA, JOKA SYNTYY JOKO SUORAAN TAI SUORAAN KAUTTA. ON AINOASTAAN SINULLA VASTUULLISUUS ARVIOIDA KAIKKIEN PALVELUN KAUTTA TAI YLEISS\u00c4 INTERNETISS\u00c4 TOIMITETTUJEN MIELIPITEIDEN, NEUVOJEN, PALVELUJEN, TUOTTEIDEN JA MUIDEN TIETOJEN TARKKUUS, T\u00c4YDELLISYYS JA HY\u00d6DYLLISYYS. Ship-tracker.org EI TAKAA, ETT\u00c4 PALVELU ON KESKEYTT\u00d6\u00d6N TAI VIRHEETT\u00d6M\u00c4N TAI ETT\u00c4 PALVELUN VIRHEET KORJAETAAN.<\/span><\/p>\n<p style=\"text-align: justify;\"><span style=\"font-family: helvetica, arial, sans-serif;\">YMM\u00c4RR\u00c4T LIS\u00c4KSI, ETT\u00c4 INTERNETIN PUHDAS LUONNE SIS\u00c4LT\u00c4\u00c4 MUOKKAAMATONA MATERIAALIA, JOTKA OSAKIN OVAT SEKSUAALISESTI TAI VOI OLLA LOUKKAAVIA SINUA. K\u00c4YTT\u00d6\u00d6NOTTO T\u00c4LLAISEEN MATERIAALIIN ON OMALLA VASTUULLASI. Ship-tracker.org EI OLE HALLINTAAN T\u00c4LLAISESTA MATERIAALISTA EIK\u00c4 HYV\u00c4KSY MIT\u00c4\u00c4N VASTUUTA.<\/span><\/p>\n<p style=\"text-align: justify;\"><span style=\"font-family: helvetica, arial, sans-serif;\"><strong>VASTUUN RAJOITUS<\/strong><\/span><\/p>\n<p style=\"text-align: justify;\"><span style=\"font-family: helvetica, arial, sans-serif;\">MISS\u00c4\u00c4N TAPAUKSESSA Ship-tracker.org EI OLE VASTUUSSA (I) MISS\u00c4\u00c4N SATUNNAISISTA, SEURALLISISTA TAI V\u00c4LLISIST\u00c4 VAHINGOISTA (MUKAANMUKAAN MUKAAN MUKAAN MUUTTA RAJOITTAMISTA VAHINGOISTA, JOTKA SYNTYV\u00c4T VOITON, LIIKETOIMINNAN KESKEYTYKSEST\u00c4, TAI OHJELMAN TIETOJEN MENETTYMISEST\u00c4), PALVELUN K\u00c4YTT\u00d6\u00d6N TAI K\u00c4YTT\u00d6KYVYTYM\u00c4ST\u00c4 TAI MIT\u00c4 tahansa PALVELUA TAI TAPAHTUMAT TAI TIEDOT TAI TAPAHTUMAT TAI PALVELUSTA LADATTU TAI T\u00c4LLAISTEN TIETOJEN TAI PALVELUN VIIVEIST\u00c4. VAIKKA OSALLE Ship-tracker.org TAI SEN VALTUUTETTUILLE EDUSTAJILLE ON ILMOITETTU T\u00c4NALLISTEN VAHINGON MAHDOLLISUUDESTA TAI (II) MIKKI VAATIMUKSET, JOTKA ON JOHDANTO PALVELUJEN VIRHEIDEN, PUITTEISTEN TAI MUISTA PALVELUJEN MUISTOJEN EP\u00c4TARKKUUKSISTA. KOSKA JOTKUT OSAVALTIOT EIV\u00c4T SALLI VASTUUN POISTAMISTA TAI RAJOITTAMISTA V\u00c4LILLISIIST\u00c4 TAI SATUNNAISISTA VAHINGOISTA, EDELLINEN RAJOITUS EI EHK\u00c4 KOSKE SINUA. T\u00c4LL\u00c4 TILANTEISSA Ship-tracker.org:n VASTUU RAJOITETTU LAIN SALLIMAA SUURIMMAAN RAJOITUKSEEN.<\/span><\/p>\n<p style=\"text-align: justify;\"><span style=\"font-family: helvetica, arial, sans-serif;\">Ship-tracker.org ei ota kantaa mist\u00e4\u00e4n muusta verkkosivustosta, johon voit p\u00e4\u00e4st\u00e4 t\u00e4m\u00e4n sivuston kautta tai jotka voivat linkitt\u00e4\u00e4 t\u00e4lle sivustolle. Kun k\u00e4yt\u00e4t muuta kuin Ship-tracker.org-verkkosivustoa, ymm\u00e4rr\u00e4, ett\u00e4 se on riippumaton Ship-tracker.org:sta ja ett\u00e4 Ship-tracker.org ei voi hallita kyseisen verkkosivuston sis\u00e4lt\u00f6\u00e4. Lis\u00e4ksi linkki Ship-tracker.org-verkkosivustolle ei tarkoita, ett\u00e4 Ship-tracker.org hyv\u00e4ksyy tai ottaa vastuun t\u00e4llaisen verkkosivuston sis\u00e4ll\u00f6st\u00e4 tai k\u00e4yt\u00f6st\u00e4.<\/span><\/p>\n<p style=\"text-align: justify;\"><span style=\"font-family: helvetica, arial, sans-serif;\"><strong>3. Korvaus.<\/strong><\/span><\/p>\n<p style=\"text-align: justify;\"><span style=\"font-family: helvetica, arial, sans-serif;\">Sitoudut korvaamaan, puolustamaan ja pit\u00e4m\u00e4\u00e4n Ship-tracker.orgin, sen virkailijoiden, johtajien, ty\u00f6ntekij\u00f6iden, agenttien, lisenssinantajien, tavarantoimittajien ja kolmansien osapuolien tiedon tarjoajien vahingonkorvauksen kaikista tappioista, kuluista, vahingoista ja kustannuksista, mukaan lukien kohtuulliset asianajopalkkiot, jotka johtuvat t\u00e4m\u00e4n Sopimuksen rikkomisesta (mukaan lukien huolimattomuudesta tai lainvastaisesta toiminnasta) sinun tai muun Palvelua k\u00e4ytt\u00e4v\u00e4n henkil\u00f6n toimesta.<\/span><\/p>\n<p style=\"text-align: justify;\"><span style=\"font-family: helvetica, arial, sans-serif;\"><strong>4. Kolmannen osapuolen oikeudet.<\/strong><\/span><\/p>\n<p style=\"text-align: justify;\"><span style=\"font-family: helvetica, arial, sans-serif;\">Kohtien 2 (Palvelun k\u00e4ytt\u00f6) ja 3 (Vahingonkorvaus) m\u00e4\u00e4r\u00e4ykset ovat Ship-tracker.org:n ja sen virkamiesten, johtajien, ty\u00f6ntekij\u00f6iden, agenttien, lisenssinantajien, tavarantoimittajien ja kaikkien Palvelun kolmansien osapuolien tiedontarjoajien eduksi. . Jokaisella n\u00e4ist\u00e4 henkil\u00f6ist\u00e4 tai yhteis\u00f6ist\u00e4 on oikeus vaatia ja panna t\u00e4yt\u00e4nt\u00f6\u00f6n n\u00e4m\u00e4 m\u00e4\u00e4r\u00e4ykset suoraan sinua vastaan omasta puolestaan.<\/span><\/p>\n<p style=\"text-align: justify;\"><span style=\"font-family: helvetica, arial, sans-serif;\"><strong>5. Termi; Irtisanominen.<\/strong><\/span><\/p>\n<p style=\"text-align: justify;\"><span style=\"font-family: helvetica, arial, sans-serif;\">Kumpi tahansa osapuoli voi irtisanoa t\u00e4m\u00e4n sopimuksen milloin tahansa mist\u00e4 tahansa syyst\u00e4 ilman ennakkoilmoitusta. Kohtien 1 (Tekij\u00e4noikeudet, lisenssit ja ideoiden l\u00e4hett\u00e4minen), 2 (Palvelun k\u00e4ytt\u00f6), 3 (Vahingonkorvaus), 4 (Kolmannen osapuolen oikeudet) ja 6 (Sekalaista) m\u00e4\u00e4r\u00e4ykset pysyv\u00e4t voimassa t\u00e4m\u00e4n sopimuksen p\u00e4\u00e4ttymisen j\u00e4lkeen.<\/span><\/p>\n<p style=\"text-align: justify;\"><span style=\"font-family: helvetica, arial, sans-serif;\"><strong>6. Muuta.<\/strong><\/span><\/p>\n<p style=\"text-align: justify;\"><span style=\"font-family: helvetica, arial, sans-serif;\">T\u00e4t\u00e4 sopimusta s\u00e4\u00e4nnell\u00e4\u00e4n ja tulkitaan Bulgarian lakien mukaisesti, jota sovelletaan Bulgariassa tehtyihin ja suoritettaviin sopimuksiin. Hyv\u00e4ksyt, ett\u00e4 kaikki Ship-tracker.org.org:n ja sinun v\u00e4liset oikeudelliset toimet tai menettelyt, jotka liittyv\u00e4t t\u00e4h\u00e4n sopimukseen tai osapuolten t\u00e4m\u00e4n sopimuksen mukaisiin velvoitteisiin, pannaan yksinomaan liittovaltion tai osavaltion toimivaltaisen laink\u00e4ytt\u00f6alueen tuomioistuimeen, joka istuu Bulgariassa . Kaikki Palveluun liittyv\u00e4t kanneperusteet tai vaatimukset on aloitettava yhden (1) vuoden kuluessa kanteen tai kanneperusteen syntymisest\u00e4 tai t\u00e4llaisen vaatimuksen tai kanneperusteen vanhentumisesta. Sit\u00e4, ett\u00e4 Ship-tracker.org ei vaadi tai pakota noudattamaan tiukkaa t\u00e4m\u00e4n sopimuksen ehtoa, ei pidet\u00e4 mist\u00e4\u00e4n m\u00e4\u00e4r\u00e4yksest\u00e4 tai oikeudesta luopumisena. Osapuolten v\u00e4linen toimintatapa tai kauppak\u00e4yt\u00e4nt\u00f6 eiv\u00e4t muuta t\u00e4m\u00e4n sopimuksen m\u00e4\u00e4r\u00e4yksi\u00e4. Ship-tracker.org voi siirt\u00e4\u00e4 t\u00e4m\u00e4n sopimuksen mukaiset oikeutensa ja velvollisuutensa mille tahansa osapuolelle milloin tahansa ilmoittamatta siit\u00e4 sinulle. Kaikki oikeudet, joita ei ole nimenomaisesti my\u00f6nnetty t\u00e4ss\u00e4, pid\u00e4tet\u00e4\u00e4n.<\/span><\/p>","protected":false},"excerpt":{"rendered":"<p>ship-tracker.org-verkkosivusto (\u201dSivusto\u201d) on verkossa toimiva tietopalvelu. \u201dShip-tracker.org\u201d, edellytt\u00e4en, ett\u00e4 noudatat alla esitettyj\u00e4 ehtoja. LUE T\u00c4M\u00c4 ASIAKIRJA HUOLELLISESTI ENNEN SIVUSTON K\u00c4YTT\u00d6\u00c4. K\u00c4YTT\u00c4M\u00c4LL\u00c4 SIVUSTOA HYV\u00c4KSYT ALLA ESITETTYJ\u00c4 EHDOT. JOS\u2026&nbsp;<a href=\"https:\/\/ship-tracker.org\/fi\/disclaimer\/\" rel=\"bookmark\">Lue lis\u00e4\u00e4 \u00bb<span class=\"screen-reader-text\">Vastuuvapauslauseke<\/span><\/a><\/p>","protected":false},"author":1,"featured_media":0,"parent":0,"menu_order":0,"comment_status":"closed","ping_status":"closed","template":"","meta":{"neve_meta_sidebar":"","neve_meta_container":"","neve_meta_enable_content_width":"","neve_meta_content_width":0,"neve_meta_title_alignment":"","neve_meta_author_avatar":"","neve_post_elements_order":"","neve_meta_disable_header":"","neve_meta_disable_footer":"","neve_meta_disable_title":"","neve_meta_reading_time":"","footnotes":""},"class_list":["post-6","page","type-page","status-publish","hentry"],"yoast_head":"<!-- This site is optimized with the Yoast SEO plugin v27.4 - https:\/\/yoast.com\/product\/yoast-seo-wordpress\/ -->\n<title>Disclaimer - Ship-tracker.org<\/title>\n<meta name=\"robots\" content=\"noindex, follow\" \/>\n<meta property=\"og:locale\" content=\"fi_FI\" \/>\n<meta property=\"og:type\" content=\"article\" \/>\n<meta property=\"og:title\" content=\"Disclaimer - Ship-tracker.org\" \/>\n<meta property=\"og:description\" content=\"The ship-tracker.org\u00a0Web Site (the &#8220;Site&#8221;) is an online information service . &#8220;Ship-tracker.org &#8220;, subject to your compliance with the terms and conditions set forth below.\u00a0PLEASE READ THIS DOCUMENT CAREFULLY BEFORE ACCESSING OR USING THE SITE. BY ACCESSING OR USING THE SITE, YOU AGREE TO BE BOUND BY THE TERMS AND CONDITIONS SET FORTH BELOW. IF&hellip;&nbsp;Read More &raquo;Disclaimer\" \/>\n<meta property=\"og:url\" content=\"https:\/\/ship-tracker.org\/fi\/disclaimer\/\" \/>\n<meta property=\"og:site_name\" content=\"Ship-tracker.org\" \/>\n<meta property=\"article:modified_time\" content=\"2017-09-14T14:43:07+00:00\" \/>\n<meta name=\"twitter:card\" content=\"summary_large_image\" \/>\n<meta name=\"twitter:label1\" content=\"Arvioitu lukuaika\" \/>\n\t<meta name=\"twitter:data1\" content=\"7 minuuttia\" \/>\n<script type=\"application\/ld+json\" class=\"yoast-schema-graph\">{\"@context\":\"https:\\\/\\\/schema.org\",\"@graph\":[{\"@type\":\"WebPage\",\"@id\":\"https:\\\/\\\/ship-tracker.org\\\/it\\\/disclaimer\\\/\",\"url\":\"https:\\\/\\\/ship-tracker.org\\\/it\\\/disclaimer\\\/\",\"name\":\"Disclaimer - Ship-tracker.org\",\"isPartOf\":{\"@id\":\"https:\\\/\\\/ship-tracker.org\\\/#website\"},\"datePublished\":\"2017-09-13T11:59:08+00:00\",\"dateModified\":\"2017-09-14T14:43:07+00:00\",\"breadcrumb\":{\"@id\":\"https:\\\/\\\/ship-tracker.org\\\/it\\\/disclaimer\\\/#breadcrumb\"},\"inLanguage\":\"fi\",\"potentialAction\":[{\"@type\":\"ReadAction\",\"target\":[\"https:\\\/\\\/ship-tracker.org\\\/it\\\/disclaimer\\\/\"]}]},{\"@type\":\"BreadcrumbList\",\"@id\":\"https:\\\/\\\/ship-tracker.org\\\/it\\\/disclaimer\\\/#breadcrumb\",\"itemListElement\":[{\"@type\":\"ListItem\",\"position\":1,\"name\":\"Startseite\",\"item\":\"https:\\\/\\\/ship-tracker.org\\\/\"},{\"@type\":\"ListItem\",\"position\":2,\"name\":\"Disclaimer\"}]},{\"@type\":\"WebSite\",\"@id\":\"https:\\\/\\\/ship-tracker.org\\\/#website\",\"url\":\"https:\\\/\\\/ship-tracker.org\\\/\",\"name\":\"Ship-tracker.org\",\"description\":\"\",\"potentialAction\":[{\"@type\":\"SearchAction\",\"target\":{\"@type\":\"EntryPoint\",\"urlTemplate\":\"https:\\\/\\\/ship-tracker.org\\\/?s={search_term_string}\"},\"query-input\":{\"@type\":\"PropertyValueSpecification\",\"valueRequired\":true,\"valueName\":\"search_term_string\"}}],\"inLanguage\":\"fi\"}]}<\/script>\n<!-- \/ Yoast SEO plugin. -->","yoast_head_json":{"title":"Vastuuvapauslauseke - Ship-tracker.org","robots":{"index":"noindex","follow":"follow"},"og_locale":"fi_FI","og_type":"article","og_title":"Disclaimer - Ship-tracker.org","og_description":"The ship-tracker.org\u00a0Web Site (the &#8220;Site&#8221;) is an online information service . &#8220;Ship-tracker.org &#8220;, subject to your compliance with the terms and conditions set forth below.\u00a0PLEASE READ THIS DOCUMENT CAREFULLY BEFORE ACCESSING OR USING THE SITE. BY ACCESSING OR USING THE SITE, YOU AGREE TO BE BOUND BY THE TERMS AND CONDITIONS SET FORTH BELOW. IF&hellip;&nbsp;Read More &raquo;Disclaimer","og_url":"https:\/\/ship-tracker.org\/fi\/disclaimer\/","og_site_name":"Ship-tracker.org","article_modified_time":"2017-09-14T14:43:07+00:00","twitter_card":"summary_large_image","twitter_misc":{"Arvioitu lukuaika":"7 minuuttia"},"schema":{"@context":"https:\/\/schema.org","@graph":[{"@type":"WebPage","@id":"https:\/\/ship-tracker.org\/it\/disclaimer\/","url":"https:\/\/ship-tracker.org\/it\/disclaimer\/","name":"Vastuuvapauslauseke - Ship-tracker.org","isPartOf":{"@id":"https:\/\/ship-tracker.org\/#website"},"datePublished":"2017-09-13T11:59:08+00:00","dateModified":"2017-09-14T14:43:07+00:00","breadcrumb":{"@id":"https:\/\/ship-tracker.org\/it\/disclaimer\/#breadcrumb"},"inLanguage":"fi","potentialAction":[{"@type":"ReadAction","target":["https:\/\/ship-tracker.org\/it\/disclaimer\/"]}]},{"@type":"BreadcrumbList","@id":"https:\/\/ship-tracker.org\/it\/disclaimer\/#breadcrumb","itemListElement":[{"@type":"ListItem","position":1,"name":"Startseite","item":"https:\/\/ship-tracker.org\/"},{"@type":"ListItem","position":2,"name":"Disclaimer"}]},{"@type":"WebSite","@id":"https:\/\/ship-tracker.org\/#website","url":"https:\/\/ship-tracker.org\/","name":"Ship-tracker.org","description":"","potentialAction":[{"@type":"SearchAction","target":{"@type":"EntryPoint","urlTemplate":"https:\/\/ship-tracker.org\/?s={search_term_string}"},"query-input":{"@type":"PropertyValueSpecification","valueRequired":true,"valueName":"search_term_string"}}],"inLanguage":"fi"}]}},"_links":{"self":[{"href":"https:\/\/ship-tracker.org\/fi\/wp-json\/wp\/v2\/pages\/6","targetHints":{"allow":["GET"]}}],"collection":[{"href":"https:\/\/ship-tracker.org\/fi\/wp-json\/wp\/v2\/pages"}],"about":[{"href":"https:\/\/ship-tracker.org\/fi\/wp-json\/wp\/v2\/types\/page"}],"author":[{"embeddable":true,"href":"https:\/\/ship-tracker.org\/fi\/wp-json\/wp\/v2\/users\/1"}],"replies":[{"embeddable":true,"href":"https:\/\/ship-tracker.org\/fi\/wp-json\/wp\/v2\/comments?post=6"}],"version-history":[{"count":3,"href":"https:\/\/ship-tracker.org\/fi\/wp-json\/wp\/v2\/pages\/6\/revisions"}],"predecessor-version":[{"id":9,"href":"https:\/\/ship-tracker.org\/fi\/wp-json\/wp\/v2\/pages\/6\/revisions\/9"}],"wp:attachment":[{"href":"https:\/\/ship-tracker.org\/fi\/wp-json\/wp\/v2\/media?parent=6"}],"curies":[{"name":"wp","href":"https:\/\/api.w.org\/{rel}","templated":true}]}}