{"id":48,"date":"2017-09-13T14:46:27","date_gmt":"2017-09-13T12:46:27","guid":{"rendered":"http:\/\/ship-tracker.org\/?page_id=48"},"modified":"2023-08-13T03:04:30","modified_gmt":"2023-08-13T01:04:30","slug":"adventure-of-the-seas","status":"publish","type":"page","link":"https:\/\/ship-tracker.org\/fi\/adventure-of-the-seas\/","title":{"rendered":"Meren seikkailu"},"content":{"rendered":"<h2><span style=\"color: #000000;\">Nykyinen sijainti ja <\/span><span style=\"color: #000000;\">Adventure Of The Seasin asema<\/span><\/h2>\n<p>Miss\u00e4 Adventure Of The Seas on t\u00e4ll\u00e4 hetkell\u00e4?<\/p>\n<p><script type=\"text\/javascript\">\n  var width=\"1500\";\n  var height=\"500\";\n  var click_to_activate=false;\n  var default_maptype=2;\n  var imo=9167227;\n<\/script><br \/>\n<script type=\"text\/javascript\" src=\"https:\/\/www.vesselfinder.com\/aismap.js\">\n<\/script><\/p>\n<p>N\u00e4yt\u00e4 Adventure Of The Seas nykyinen sijainti. Adventure Of The Seasin sijainti voidaan m\u00e4\u00e4ritt\u00e4\u00e4 tarkasti VesselFinderin ja MarineTrafficin karttojen avulla. Joten olet aina hyvin perill\u00e4, miss\u00e4 suosikkilaivasi on t\u00e4ll\u00e4 hetkell\u00e4.<\/p>\n<h2 class=\"title\"><span style=\"color: #000000;\">Adventure Of The Seas -katsaus ja tekniset tiedot<\/span><\/h2>\n<table style=\"height: 299px;\" width=\"400\">\n<tbody>\n<tr>\n<td style=\"width: 192px;\"><span style=\"color: #000000;\"><strong>Lippuvaltio<\/strong><\/span><\/td>\n<td style=\"width: 192px;\"><span style=\"color: #000000;\">Bahama<\/span><\/td>\n<\/tr>\n<tr>\n<td style=\"width: 192px;\"><span style=\"color: #000000;\"><strong>Valmistusvuosi<\/strong><\/span><\/td>\n<td style=\"width: 192px;\"><span style=\"color: #000000;\">2001\u00a0<\/span><\/td>\n<\/tr>\n<tr>\n<td style=\"width: 192px;\"><span style=\"color: #000000;\"><strong>Rakentaja<\/strong><\/span><\/td>\n<td style=\"width: 192px;\"><span style=\"color: #000000;\">Turku, STX Suomi<\/span><\/td>\n<\/tr>\n<tr>\n<td style=\"width: 192px;\"><span style=\"color: #000000;\"><strong>Pituus<\/strong><\/span><\/td>\n<td style=\"width: 192px;\"><span style=\"color: #000000;\">311<span class=\"specificationUnit\">\u00a0m<\/span><\/span><\/td>\n<\/tr>\n<tr>\n<td style=\"width: 192px;\"><span style=\"color: #000000;\"><strong>S\u00e4de<\/strong><\/span><\/td>\n<td style=\"width: 192px;\"><span style=\"color: #000000;\">47<span class=\"specificationUnit\">\u00a0m<\/span><\/span><\/td>\n<\/tr>\n<tr>\n<td style=\"width: 192px;\"><span style=\"color: #000000;\"><strong>Bruttovetoisuus<\/strong><\/span><\/td>\n<td style=\"width: 192px;\"><span style=\"color: #000000;\">137276<span class=\"specificationUnit\">\u00a0gt<\/span><\/span><\/td>\n<\/tr>\n<tr>\n<td style=\"width: 192px;\"><span style=\"color: #000000;\"><strong>Matkustajat<\/strong><\/span><\/td>\n<td style=\"width: 192px;\"><span style=\"color: #000000;\">3130\u20133756<\/span><\/td>\n<\/tr>\n<tr>\n<td style=\"width: 192px;\"><span style=\"color: #000000;\"><strong>Miehist\u00f6<\/strong><\/span><\/td>\n<td style=\"width: 192px;\"><span style=\"color: #000000;\">1180<\/span><\/td>\n<\/tr>\n<tr>\n<td style=\"width: 192px;\"><span style=\"color: #000000;\"><strong>Kannet<\/strong><\/span><\/td>\n<td style=\"width: 192px;\"><span style=\"color: #000000;\">15<\/span><\/td>\n<\/tr>\n<tr>\n<td style=\"width: 192px;\"><span style=\"color: #000000;\"><strong>Nopeus<\/strong><\/span><\/td>\n<td style=\"width: 192px;\"><span style=\"color: #000000;\">23<span class=\"specificationUnit\">\u00a0kn<\/span>\u00a0<\/span><\/td>\n<\/tr>\n<tr>\n<td style=\"width: 192px;\"><span style=\"color: #000000;\"><strong><b>Rekisterin satama<\/b><\/strong><\/span><\/td>\n<td style=\"width: 192px;\"><span style=\"color: #000000;\">Nassau<\/span><\/td>\n<\/tr>\n<tr>\n<td style=\"width: 192px;\"><span style=\"color: #000000;\"><strong><b>Propulsio<\/b><\/strong><\/span><\/td>\n<td style=\"width: 192px;\"><span style=\"color: #000000;\">Diesel-s\u00e4hk\u00f6<\/span><\/td>\n<\/tr>\n<tr>\n<td style=\"width: 192px;\"><span style=\"color: #000000;\"><strong><b>Omistaja<\/b><\/strong><\/span><\/td>\n<td style=\"width: 192px;\"><a href=\"https:\/\/ship-tracker.org\/fi\/royal-caribbean\/\" rel=\"noopener noreferrer\">Royal Caribbean<\/a><\/td>\n<\/tr>\n<\/tbody>\n<\/table>\n<figure id=\"attachment_49\" aria-describedby=\"caption-attachment-49\" style=\"width: 1000px\" class=\"wp-caption alignnone\"><img loading=\"lazy\" decoding=\"async\" class=\"wp-image-49 size-full\" src=\"https:\/\/ship-tracker.org\/wp-content\/uploads\/2017\/09\/533-large-df877f3865752637daa540ea9cbc474f.jpg\" alt=\"Meren seikkailu\" width=\"1000\" height=\"500\" srcset=\"https:\/\/ship-tracker.org\/wp-content\/uploads\/2017\/09\/533-large-df877f3865752637daa540ea9cbc474f.jpg 1000w, https:\/\/ship-tracker.org\/wp-content\/uploads\/2017\/09\/533-large-df877f3865752637daa540ea9cbc474f-300x150.jpg 300w, https:\/\/ship-tracker.org\/wp-content\/uploads\/2017\/09\/533-large-df877f3865752637daa540ea9cbc474f-768x384.jpg 768w\" sizes=\"auto, (max-width: 1000px) 100vw, 1000px\" \/><figcaption id=\"caption-attachment-49\" class=\"wp-caption-text\">Meren seikkailu \u00a9 Royal Caribbean Cruises Ltd<\/figcaption><\/figure>\n<h3 class=\"title\">Royal Caribbean laivasto<\/h3>\n<ul>\n<li><a href=\"https:\/\/ship-tracker.org\/fi\/odyssey-of-the-seas\/\">Odyssey of the Seas<\/a><\/li>\n<li><a href=\"https:\/\/ship-tracker.org\/fi\/spectrum-of-the-seas\/\">Merien kirjo<\/a><\/li>\n<li><a href=\"https:\/\/ship-tracker.org\/fi\/symphony-of-the-seas\/\">Meren sinfonia<\/a><\/li>\n<li><a href=\"https:\/\/ship-tracker.org\/fi\/ovation-of-the-seas\/\">Ovation Of The Seas<\/a><\/li>\n<li><a href=\"https:\/\/ship-tracker.org\/fi\/harmony-of-the-seas\/\">Harmony Of The Seas<\/a><\/li>\n<li><a href=\"https:\/\/ship-tracker.org\/fi\/anthem-of-the-seas\/\">Merien hymni<\/a><\/li>\n<li><a href=\"https:\/\/ship-tracker.org\/fi\/quantum-of-the-seas\/\">Quantum Of The Seas<\/a><\/li>\n<li><a href=\"https:\/\/ship-tracker.org\/fi\/allure-of-the-seas\/\">Merten vetovoima<\/a><\/li>\n<li><a href=\"https:\/\/ship-tracker.org\/fi\/oasis-of-the-seas\/\">Oasis Of The Seas<\/a><\/li>\n<li><a href=\"https:\/\/ship-tracker.org\/fi\/independence-of-the-seas\/\">Merien itsen\u00e4isyys<\/a><\/li>\n<li><a href=\"https:\/\/ship-tracker.org\/fi\/liberty-of-the-seas\/\">Liberty Of The Seas<\/a><\/li>\n<li><a href=\"https:\/\/ship-tracker.org\/fi\/freedom-of-the-seas\/\">Meren vapaus<\/a><\/li>\n<li><a href=\"https:\/\/ship-tracker.org\/fi\/jewel-of-the-seas\/\">Meren helmi<\/a><\/li>\n<li><a href=\"https:\/\/ship-tracker.org\/fi\/serenade-of-the-seas\/\">Serenade Of The Seas<\/a><\/li>\n<li><a href=\"https:\/\/ship-tracker.org\/fi\/mariner-of-the-seas\/\">Mariner Of The Seas<\/a><\/li>\n<li><a href=\"https:\/\/ship-tracker.org\/fi\/navigator-of-the-seas\/\">Navigator Of The Seas<\/a><\/li>\n<li><a href=\"https:\/\/ship-tracker.org\/fi\/brilliance-of-the-seas\/\">Brilliance Of The Seas<\/a><\/li>\n<li><a href=\"https:\/\/ship-tracker.org\/fi\/radiance-of-the-seas\/\">Meren s\u00e4teily\u00e4<\/a><\/li>\n<li><a href=\"https:\/\/ship-tracker.org\/fi\/explorer-of-the-seas\/\">Meren tutkimusmatkailija<\/a><\/li>\n<li><a href=\"https:\/\/ship-tracker.org\/fi\/voyager-of-the-seas\/\">Voyager Of The Seas<\/a><\/li>\n<li><a href=\"https:\/\/ship-tracker.org\/fi\/vision-of-the-seas\/\">Visio of the Seas<\/a><\/li>\n<li><a href=\"https:\/\/ship-tracker.org\/fi\/enchantment-of-the-seas\/\">Meren Lumous<\/a><\/li>\n<li><a href=\"https:\/\/ship-tracker.org\/fi\/rhapsody-of-the-seas\/\">Rhapsody Of The Seas<\/a><\/li>\n<li><a href=\"https:\/\/ship-tracker.org\/fi\/grandeur-of-the-seas\/\">Meren loisto<\/a><\/li>\n<li><a href=\"https:\/\/ship-tracker.org\/fi\/wonder-of-the-seas\/\">Meren ihme<\/a><\/li>\n<li><a href=\"https:\/\/ship-tracker.org\/fi\/icon-of-the-seas\/\">Merien ikoni<\/a><\/li>\n<li><a href=\"https:\/\/ship-tracker.org\/fi\/utopia-of-the-seas\/\">Meren Utopia<\/a><\/li>\n<\/ul>","protected":false},"excerpt":{"rendered":"<p>Adventure Of The Seasin nykyinen sijainti ja sijainti Miss\u00e4 Adventure Of The Seasin nykyinen sijainti on t\u00e4ll\u00e4 hetkell\u00e4? N\u00e4yt\u00e4 Adventure Of The Seas nykyinen sijainti. Adventure Of The Seasin sijainti voidaan m\u00e4\u00e4ritt\u00e4\u00e4 tarkasti VesselFinderin ja MarineTrafficin karttojen avulla. Joten olet aina hyvin perill\u00e4, miss\u00e4 suosikkilaivasi on\u2026&nbsp;<a href=\"https:\/\/ship-tracker.org\/fi\/adventure-of-the-seas\/\" rel=\"bookmark\">Lue lis\u00e4\u00e4 \u00bb<span class=\"screen-reader-text\">Meren seikkailu<\/span><\/a><\/p>","protected":false},"author":1,"featured_media":0,"parent":0,"menu_order":0,"comment_status":"closed","ping_status":"closed","template":"","meta":{"neve_meta_sidebar":"","neve_meta_container":"","neve_meta_enable_content_width":"off","neve_meta_content_width":100,"neve_meta_title_alignment":"","neve_meta_author_avatar":"","neve_post_elements_order":"","neve_meta_disable_header":"","neve_meta_disable_footer":"","neve_meta_disable_title":"","neve_meta_reading_time":"","footnotes":""},"class_list":["post-48","page","type-page","status-publish","hentry"],"yoast_head":"<!-- This site is optimized with the Yoast SEO plugin v26.9 - https:\/\/yoast.com\/product\/yoast-seo-wordpress\/ -->\n<title>Adventure Of The Seas \u2503 Current location and position<\/title>\n<meta name=\"description\" content=\"Adventure Of The Seas \u2693 Current position of Adventure Of The Seas \u2713 Cruise Ship Tracker \u2713 Live Ship Tracker \u2503Webcam\" \/>\n<meta name=\"robots\" content=\"index, follow, max-snippet:-1, max-image-preview:large, max-video-preview:-1\" \/>\n<link rel=\"canonical\" href=\"https:\/\/ship-tracker.org\/fi\/adventure-of-the-seas\/\" \/>\n<meta property=\"og:locale\" content=\"fi_FI\" \/>\n<meta property=\"og:type\" content=\"article\" \/>\n<meta property=\"og:title\" content=\"Adventure Of The Seas \u2503 Current location and position\" \/>\n<meta property=\"og:description\" content=\"Adventure Of The Seas \u2693 Current position of Adventure Of The Seas \u2713 Cruise Ship Tracker \u2713 Live Ship Tracker \u2503Webcam\" \/>\n<meta property=\"og:url\" content=\"https:\/\/ship-tracker.org\/fi\/adventure-of-the-seas\/\" \/>\n<meta property=\"og:site_name\" content=\"Ship-tracker.org\" \/>\n<meta property=\"article:modified_time\" content=\"2023-08-13T01:04:30+00:00\" \/>\n<meta property=\"og:image\" content=\"https:\/\/ship-tracker.org\/wp-content\/uploads\/2017\/09\/533-large-df877f3865752637daa540ea9cbc474f.jpg\" \/>\n<meta name=\"twitter:card\" content=\"summary_large_image\" \/>\n<meta name=\"twitter:label1\" content=\"Arvioitu lukuaika\" \/>\n\t<meta name=\"twitter:data1\" content=\"2 minuuttia\" \/>\n<script type=\"application\/ld+json\" class=\"yoast-schema-graph\">{\"@context\":\"https:\/\/schema.org\",\"@graph\":[{\"@type\":\"WebPage\",\"@id\":\"https:\/\/ship-tracker.org\/adventure-of-the-seas\/\",\"url\":\"https:\/\/ship-tracker.org\/adventure-of-the-seas\/\",\"name\":\"Adventure Of The Seas \u2503 Current location and position\",\"isPartOf\":{\"@id\":\"https:\/\/ship-tracker.org\/#website\"},\"primaryImageOfPage\":{\"@id\":\"https:\/\/ship-tracker.org\/adventure-of-the-seas\/#primaryimage\"},\"image\":{\"@id\":\"https:\/\/ship-tracker.org\/adventure-of-the-seas\/#primaryimage\"},\"thumbnailUrl\":\"https:\/\/ship-tracker.org\/wp-content\/uploads\/2017\/09\/533-large-df877f3865752637daa540ea9cbc474f.jpg\",\"datePublished\":\"2017-09-13T12:46:27+00:00\",\"dateModified\":\"2023-08-13T01:04:30+00:00\",\"description\":\"Adventure Of The Seas \u2693 Current position of Adventure Of The Seas \u2713 Cruise Ship Tracker \u2713 Live Ship Tracker \u2503Webcam\",\"breadcrumb\":{\"@id\":\"https:\/\/ship-tracker.org\/adventure-of-the-seas\/#breadcrumb\"},\"inLanguage\":\"fi\",\"potentialAction\":[{\"@type\":\"ReadAction\",\"target\":[\"https:\/\/ship-tracker.org\/adventure-of-the-seas\/\"]}]},{\"@type\":\"ImageObject\",\"inLanguage\":\"fi\",\"@id\":\"https:\/\/ship-tracker.org\/adventure-of-the-seas\/#primaryimage\",\"url\":\"https:\/\/ship-tracker.org\/wp-content\/uploads\/2017\/09\/533-large-df877f3865752637daa540ea9cbc474f.jpg\",\"contentUrl\":\"https:\/\/ship-tracker.org\/wp-content\/uploads\/2017\/09\/533-large-df877f3865752637daa540ea9cbc474f.jpg\"},{\"@type\":\"BreadcrumbList\",\"@id\":\"https:\/\/ship-tracker.org\/adventure-of-the-seas\/#breadcrumb\",\"itemListElement\":[{\"@type\":\"ListItem\",\"position\":1,\"name\":\"Startseite\",\"item\":\"https:\/\/ship-tracker.org\/\"},{\"@type\":\"ListItem\",\"position\":2,\"name\":\"Adventure Of The Seas\"}]},{\"@type\":\"WebSite\",\"@id\":\"https:\/\/ship-tracker.org\/#website\",\"url\":\"https:\/\/ship-tracker.org\/\",\"name\":\"Ship-tracker.org\",\"description\":\"\",\"potentialAction\":[{\"@type\":\"SearchAction\",\"target\":{\"@type\":\"EntryPoint\",\"urlTemplate\":\"https:\/\/ship-tracker.org\/?s={search_term_string}\"},\"query-input\":{\"@type\":\"PropertyValueSpecification\",\"valueRequired\":true,\"valueName\":\"search_term_string\"}}],\"inLanguage\":\"fi\"}]}<\/script>\n<!-- \/ Yoast SEO plugin. -->","yoast_head_json":{"title":"Adventure Of The Seas \u2503 Nykyinen sijainti ja sijainti","description":"Adventure Of The Seas \u2693 Adventure Of The Seasin nykyinen sijainti \u2713 Risteilyalusten seuranta \u2713 Live Ship Tracker \u2503 Verkkokamera","robots":{"index":"index","follow":"follow","max-snippet":"max-snippet:-1","max-image-preview":"max-image-preview:large","max-video-preview":"max-video-preview:-1"},"canonical":"https:\/\/ship-tracker.org\/fi\/adventure-of-the-seas\/","og_locale":"fi_FI","og_type":"article","og_title":"Adventure Of The Seas \u2503 Current location and position","og_description":"Adventure Of The Seas \u2693 Current position of Adventure Of The Seas \u2713 Cruise Ship Tracker \u2713 Live Ship Tracker \u2503Webcam","og_url":"https:\/\/ship-tracker.org\/fi\/adventure-of-the-seas\/","og_site_name":"Ship-tracker.org","article_modified_time":"2023-08-13T01:04:30+00:00","og_image":[{"url":"https:\/\/ship-tracker.org\/wp-content\/uploads\/2017\/09\/533-large-df877f3865752637daa540ea9cbc474f.jpg","type":"","width":"","height":""}],"twitter_card":"summary_large_image","twitter_misc":{"Arvioitu lukuaika":"2 minuuttia"},"schema":{"@context":"https:\/\/schema.org","@graph":[{"@type":"WebPage","@id":"https:\/\/ship-tracker.org\/adventure-of-the-seas\/","url":"https:\/\/ship-tracker.org\/adventure-of-the-seas\/","name":"Adventure Of The Seas \u2503 Nykyinen sijainti ja sijainti","isPartOf":{"@id":"https:\/\/ship-tracker.org\/#website"},"primaryImageOfPage":{"@id":"https:\/\/ship-tracker.org\/adventure-of-the-seas\/#primaryimage"},"image":{"@id":"https:\/\/ship-tracker.org\/adventure-of-the-seas\/#primaryimage"},"thumbnailUrl":"https:\/\/ship-tracker.org\/wp-content\/uploads\/2017\/09\/533-large-df877f3865752637daa540ea9cbc474f.jpg","datePublished":"2017-09-13T12:46:27+00:00","dateModified":"2023-08-13T01:04:30+00:00","description":"Adventure Of The Seas \u2693 Adventure Of The Seasin nykyinen sijainti \u2713 Risteilyalusten seuranta \u2713 Live Ship Tracker \u2503 Verkkokamera","breadcrumb":{"@id":"https:\/\/ship-tracker.org\/adventure-of-the-seas\/#breadcrumb"},"inLanguage":"fi","potentialAction":[{"@type":"ReadAction","target":["https:\/\/ship-tracker.org\/adventure-of-the-seas\/"]}]},{"@type":"ImageObject","inLanguage":"fi","@id":"https:\/\/ship-tracker.org\/adventure-of-the-seas\/#primaryimage","url":"https:\/\/ship-tracker.org\/wp-content\/uploads\/2017\/09\/533-large-df877f3865752637daa540ea9cbc474f.jpg","contentUrl":"https:\/\/ship-tracker.org\/wp-content\/uploads\/2017\/09\/533-large-df877f3865752637daa540ea9cbc474f.jpg"},{"@type":"BreadcrumbList","@id":"https:\/\/ship-tracker.org\/adventure-of-the-seas\/#breadcrumb","itemListElement":[{"@type":"ListItem","position":1,"name":"Startseite","item":"https:\/\/ship-tracker.org\/"},{"@type":"ListItem","position":2,"name":"Adventure Of The Seas"}]},{"@type":"WebSite","@id":"https:\/\/ship-tracker.org\/#website","url":"https:\/\/ship-tracker.org\/","name":"Ship-tracker.org","description":"","potentialAction":[{"@type":"SearchAction","target":{"@type":"EntryPoint","urlTemplate":"https:\/\/ship-tracker.org\/?s={search_term_string}"},"query-input":{"@type":"PropertyValueSpecification","valueRequired":true,"valueName":"search_term_string"}}],"inLanguage":"fi"}]}},"_links":{"self":[{"href":"https:\/\/ship-tracker.org\/fi\/wp-json\/wp\/v2\/pages\/48","targetHints":{"allow":["GET"]}}],"collection":[{"href":"https:\/\/ship-tracker.org\/fi\/wp-json\/wp\/v2\/pages"}],"about":[{"href":"https:\/\/ship-tracker.org\/fi\/wp-json\/wp\/v2\/types\/page"}],"author":[{"embeddable":true,"href":"https:\/\/ship-tracker.org\/fi\/wp-json\/wp\/v2\/users\/1"}],"replies":[{"embeddable":true,"href":"https:\/\/ship-tracker.org\/fi\/wp-json\/wp\/v2\/comments?post=48"}],"version-history":[{"count":10,"href":"https:\/\/ship-tracker.org\/fi\/wp-json\/wp\/v2\/pages\/48\/revisions"}],"predecessor-version":[{"id":4499,"href":"https:\/\/ship-tracker.org\/fi\/wp-json\/wp\/v2\/pages\/48\/revisions\/4499"}],"wp:attachment":[{"href":"https:\/\/ship-tracker.org\/fi\/wp-json\/wp\/v2\/media?parent=48"}],"curies":[{"name":"wp","href":"https:\/\/api.w.org\/{rel}","templated":true}]}}