{"id":4458,"date":"2023-08-13T02:23:48","date_gmt":"2023-08-13T00:23:48","guid":{"rendered":"https:\/\/ship-tracker.org\/?page_id=4458"},"modified":"2024-02-03T18:58:06","modified_gmt":"2024-02-03T17:58:06","slug":"icon-of-the-seas","status":"publish","type":"page","link":"https:\/\/ship-tracker.org\/fi\/icon-of-the-seas\/","title":{"rendered":"Merien ikoni"},"content":{"rendered":"<h2><span style=\"color: #000000;\">Nykyinen sijainti ja <\/span><span style=\"color: #000000;\">Icon Of The Seasin sijainti<\/span><\/h2>\n<p>Miss\u00e4 Icon Of The Seas on t\u00e4ll\u00e4 hetkell\u00e4?<\/p>\n<p><script type=\"text\/javascript\">\n  var width=\"100%\";var height=\"400\";\n  var mmsi=311001178;\n<\/script><script type=\"text\/javascript\" src=\"https:\/\/www.vesselfinder.com\/aismap.js\"><\/script><\/p>\n<p>N\u00e4yt\u00e4 Icon Of The Seas nykyinen sijainti. Icon Of The Seasin sijainti voidaan m\u00e4\u00e4ritt\u00e4\u00e4 tarkasti VesselFinderin ja MarineTrafficin karttojen avulla. Joten olet aina hyvin perill\u00e4, miss\u00e4 suosikkilaivasi on t\u00e4ll\u00e4 hetkell\u00e4.<\/p>\n<h2 class=\"title\"><span style=\"color: #000000;\">Icon Of The Seas -katsaus ja tekniset tiedot<\/span><\/h2>\n<table>\n<tbody>\n<tr style=\"height: 24px;\">\n<td style=\"width: 192px; height: 24px;\"><strong><span style=\"color: #000000;\">Valmistusvuosi<\/span><\/strong><\/td>\n<td style=\"width: 192px; height: 24px;\">2023<\/td>\n<\/tr>\n<tr style=\"height: 24px;\">\n<td style=\"width: 192px; height: 24px;\"><strong><span style=\"color: #000000;\">Rakentaja<\/span><\/strong><\/td>\n<td style=\"width: 192px; height: 24px;\"><span style=\"color: #000000;\">Meyer Werft Turku\u00a0<\/span><\/td>\n<\/tr>\n<tr>\n<td style=\"width: 192px;\"><strong>Laivan tyyppi<span style=\"color: #000000;\"><br \/>\n<\/span><\/strong><\/td>\n<td style=\"width: 192px;\"><span style=\"color: #000000;\">Matkustaja-alus (risteily).<\/span><\/td>\n<\/tr>\n<tr style=\"height: 24px;\">\n<td style=\"width: 192px; height: 24px;\"><strong><span style=\"color: #000000;\">Luokka<\/span><\/strong><\/td>\n<td style=\"width: 192px; height: 24px;\"><span style=\"color: #000000;\">RCI-KUVAKE<\/span><\/td>\n<\/tr>\n<tr>\n<td style=\"width: 192px;\"><strong>Kutsumerkki<span style=\"color: #000000;\"><br \/>\n<\/span><\/strong><\/td>\n<td style=\"width: 192px;\"><span style=\"color: #000000;\">C6FU5<\/span><\/td>\n<\/tr>\n<tr>\n<td style=\"width: 192px;\"><strong><span style=\"color: #000000;\">Lippu<\/span><\/strong><\/td>\n<td style=\"width: 192px;\"><span style=\"color: #000000;\">Bahama<\/span><\/td>\n<\/tr>\n<tr style=\"height: 24px;\">\n<td style=\"width: 192px; height: 24px;\"><strong><span style=\"color: #000000;\">Bruttovetoisuus<\/span><\/strong><\/td>\n<td style=\"width: 192px; height: 24px;\"><span style=\"color: #000000;\"><span class=\"specificationUnit\">250800 gt<\/span><\/span><\/td>\n<\/tr>\n<tr style=\"height: 24px;\">\n<td style=\"width: 192px; height: 24px;\"><strong><span style=\"color: #000000;\">Matkustajat<\/span><\/strong><\/td>\n<td style=\"width: 192px; height: 24px;\">7600<\/td>\n<\/tr>\n<tr style=\"height: 24px;\">\n<td style=\"width: 192px; height: 24px;\"><strong><span style=\"color: #000000;\">Miehist\u00f6<\/span><\/strong><\/td>\n<td style=\"width: 192px; height: 24px;\">2805<\/td>\n<\/tr>\n<tr>\n<td style=\"width: 192px;\"><strong><span style=\"color: #000000;\">M\u00f6kit <\/span><\/strong><\/td>\n<td style=\"width: 192px;\">2805<\/td>\n<\/tr>\n<tr>\n<td style=\"width: 192px;\"><strong><span style=\"color: #000000;\">Kannet hyteill\u00e4<\/span><\/strong><\/td>\n<td style=\"width: 192px;\">12<\/td>\n<\/tr>\n<tr style=\"height: 24px;\">\n<td style=\"width: 192px; height: 24px;\"><strong><span style=\"color: #000000;\">Kannet<\/span><\/strong><\/td>\n<td style=\"width: 192px; height: 24px;\"><span style=\"color: #000000;\">19<\/span><\/td>\n<\/tr>\n<tr style=\"height: 24px;\">\n<td style=\"width: 192px; height: 24px;\"><strong><span style=\"color: #000000;\">Nopeus<\/span><\/strong><\/td>\n<td style=\"width: 192px; height: 24px;\"><span style=\"color: #000000;\">22<span class=\"specificationUnit\">\u00a0kn<\/span><\/span><\/td>\n<\/tr>\n<tr style=\"height: 24px;\">\n<td style=\"width: 192px; height: 24px;\"><strong><span style=\"color: #000000;\">Pituus<\/span><\/strong><\/td>\n<td style=\"width: 192px; height: 24px;\"><span style=\"color: #000000;\"><span class=\"specificationUnit\">365 m<\/span><\/span><\/td>\n<\/tr>\n<tr style=\"height: 24px;\">\n<td style=\"width: 192px; height: 24px;\"><strong><span style=\"color: #000000;\">S\u00e4de<\/span><\/strong><\/td>\n<td style=\"width: 192px; height: 24px;\"><span style=\"color: #000000;\">65 m<\/span><\/td>\n<\/tr>\n<tr style=\"height: 24px;\">\n<td style=\"width: 192px; height: 24px;\"><span style=\"color: #000000;\"><strong><b>Omistaja<\/b><\/strong><\/span><\/td>\n<td style=\"width: 192px; height: 24px;\"><a href=\"https:\/\/ship-tracker.org\/fi\/royal-caribbean\/\">Royal Caribbean\u00a0<\/a><\/td>\n<\/tr>\n<tr>\n<td style=\"width: 192px;\"><span style=\"color: #000000;\"><strong><b>IMO<\/b><\/strong><\/span><\/td>\n<td style=\"width: 192px;\">9829930<\/td>\n<\/tr>\n<tr>\n<td style=\"width: 192px;\"><span style=\"color: #000000;\"><strong><b>MMSI<\/b><\/strong><\/span><\/td>\n<td style=\"width: 192px;\">311001178<\/td>\n<\/tr>\n<\/tbody>\n<\/table>\n<figure id=\"attachment_16882\" aria-describedby=\"caption-attachment-16882\" style=\"width: 1024px\" class=\"wp-caption aligncenter\"><img loading=\"lazy\" decoding=\"async\" class=\"wp-image-16882 size-full\" src=\"https:\/\/schiffsradar.org\/wp-content\/uploads\/2020\/02\/wonder-of-the-seas-name-reveal-asset-1024x683-1.jpg\" alt=\"Merien ikoni\" width=\"1024\" height=\"683\" \/><figcaption id=\"caption-attachment-16882\" class=\"wp-caption-text\">\u00a9 Royal Caribbean<\/figcaption><\/figure>\n<h3 class=\"title\">Royal Caribbean laivasto<\/h3>\n<ul>\n<li><a href=\"https:\/\/ship-tracker.org\/fi\/odyssey-of-the-seas\/\">Odyssey of the Seas<\/a><\/li>\n<li><a href=\"https:\/\/ship-tracker.org\/fi\/spectrum-of-the-seas\/\">Merien kirjo<\/a><\/li>\n<li><a href=\"https:\/\/ship-tracker.org\/fi\/symphony-of-the-seas\/\">Meren sinfonia<\/a><\/li>\n<li><a href=\"https:\/\/ship-tracker.org\/fi\/ovation-of-the-seas\/\">Ovation Of The Seas<\/a><\/li>\n<li><a href=\"https:\/\/ship-tracker.org\/fi\/harmony-of-the-seas\/\">Harmony Of The Seas<\/a><\/li>\n<li><a href=\"https:\/\/ship-tracker.org\/fi\/anthem-of-the-seas\/\">Merien hymni<\/a><\/li>\n<li><a href=\"https:\/\/ship-tracker.org\/fi\/quantum-of-the-seas\/\">Quantum Of The Seas<\/a><\/li>\n<li><a href=\"https:\/\/ship-tracker.org\/fi\/allure-of-the-seas\/\">Merten vetovoima<\/a><\/li>\n<li><a href=\"https:\/\/ship-tracker.org\/fi\/oasis-of-the-seas\/\">Oasis Of The Seas<\/a><\/li>\n<li><a href=\"https:\/\/ship-tracker.org\/fi\/independence-of-the-seas\/\">Merien itsen\u00e4isyys<\/a><\/li>\n<li><a href=\"https:\/\/ship-tracker.org\/fi\/liberty-of-the-seas\/\">Liberty Of The Seas<\/a><\/li>\n<li><a href=\"https:\/\/ship-tracker.org\/fi\/freedom-of-the-seas\/\">Meren vapaus<\/a><\/li>\n<li><a href=\"https:\/\/ship-tracker.org\/fi\/jewel-of-the-seas\/\">Meren helmi<\/a><\/li>\n<li><a href=\"https:\/\/ship-tracker.org\/fi\/serenade-of-the-seas\/\">Serenade Of The Seas<\/a><\/li>\n<li><a href=\"https:\/\/ship-tracker.org\/fi\/mariner-of-the-seas\/\">Mariner Of The Seas<\/a><\/li>\n<li><a href=\"https:\/\/ship-tracker.org\/fi\/navigator-of-the-seas\/\">Navigator Of The Seas<\/a><\/li>\n<li><a href=\"https:\/\/ship-tracker.org\/fi\/brilliance-of-the-seas\/\">Brilliance Of The Seas<\/a><\/li>\n<li><a href=\"https:\/\/ship-tracker.org\/fi\/adventure-of-the-seas\/\">Meren seikkailu<\/a><\/li>\n<li><a href=\"https:\/\/ship-tracker.org\/fi\/radiance-of-the-seas\/\">Meren s\u00e4teily\u00e4<\/a><\/li>\n<li><a href=\"https:\/\/ship-tracker.org\/fi\/explorer-of-the-seas\/\">Meren tutkimusmatkailija<\/a><\/li>\n<li><a href=\"https:\/\/ship-tracker.org\/fi\/voyager-of-the-seas\/\">Voyager Of The Seas<\/a><\/li>\n<li><a href=\"https:\/\/ship-tracker.org\/fi\/vision-of-the-seas\/\">Visio of the Seas<\/a><\/li>\n<li><a href=\"https:\/\/ship-tracker.org\/fi\/enchantment-of-the-seas\/\">Meren Lumous<\/a><\/li>\n<li><a href=\"https:\/\/ship-tracker.org\/fi\/rhapsody-of-the-seas\/\">Rhapsody Of The Seas<\/a><\/li>\n<li><a href=\"https:\/\/ship-tracker.org\/fi\/grandeur-of-the-seas\/\">Meren loisto<\/a><\/li>\n<li><a href=\"https:\/\/ship-tracker.org\/fi\/wonder-of-the-seas\/\">Meren ihme<\/a><\/li>\n<li><a href=\"https:\/\/ship-tracker.org\/fi\/utopia-of-the-seas\/\">Meren Utopia<\/a><\/li>\n<\/ul>","protected":false},"excerpt":{"rendered":"<p>Icon Of The Seasin nykyinen sijainti ja asento Miss\u00e4 Icon Of The Seas on t\u00e4ll\u00e4 hetkell\u00e4? N\u00e4yt\u00e4 Icon Of The Seasin nykyinen sijainti. Icon Of The Seasin sijainti voidaan m\u00e4\u00e4ritt\u00e4\u00e4 tarkasti VesselFinderin ja MarineTrafficin kartoilla. Joten olet aina hyvin perill\u00e4 siit\u00e4, miss\u00e4 suosikkialuksesi\u2026&nbsp;<a href=\"https:\/\/ship-tracker.org\/fi\/icon-of-the-seas\/\" rel=\"bookmark\">Lue lis\u00e4\u00e4 \u00bb<span class=\"screen-reader-text\">Merien ikoni<\/span><\/a><\/p>","protected":false},"author":1,"featured_media":4459,"parent":0,"menu_order":0,"comment_status":"closed","ping_status":"closed","template":"","meta":{"neve_meta_sidebar":"","neve_meta_container":"","neve_meta_enable_content_width":"off","neve_meta_content_width":100,"neve_meta_title_alignment":"","neve_meta_author_avatar":"","neve_post_elements_order":"","neve_meta_disable_header":"","neve_meta_disable_footer":"","neve_meta_disable_title":"","neve_meta_reading_time":"","footnotes":""},"class_list":["post-4458","page","type-page","status-publish","has-post-thumbnail","hentry"],"yoast_head":"<!-- This site is optimized with the Yoast SEO plugin v26.9 - https:\/\/yoast.com\/product\/yoast-seo-wordpress\/ -->\n<title>Icon Of The Seas\u2503Current location and position<\/title>\n<meta name=\"description\" content=\"Icon Of The Seas \u2693 Current location and position of Icon Of The Seas \u2713 Cruise Ship Tracker \u2713 Live Ship Tracker\" \/>\n<meta name=\"robots\" content=\"index, follow, max-snippet:-1, max-image-preview:large, max-video-preview:-1\" \/>\n<link rel=\"canonical\" href=\"https:\/\/ship-tracker.org\/fi\/icon-of-the-seas\/\" \/>\n<meta property=\"og:locale\" content=\"fi_FI\" \/>\n<meta property=\"og:type\" content=\"article\" \/>\n<meta property=\"og:title\" content=\"Icon Of The Seas\u2503Current location and position\" \/>\n<meta property=\"og:description\" content=\"Icon Of The Seas \u2693 Current location and position of Icon Of The Seas \u2713 Cruise Ship Tracker \u2713 Live Ship Tracker\" \/>\n<meta property=\"og:url\" content=\"https:\/\/ship-tracker.org\/fi\/icon-of-the-seas\/\" \/>\n<meta property=\"og:site_name\" content=\"Ship-tracker.org\" \/>\n<meta property=\"article:modified_time\" content=\"2024-02-03T17:58:06+00:00\" \/>\n<meta property=\"og:image\" content=\"https:\/\/ship-tracker.org\/wp-content\/uploads\/2023\/08\/wonder-of-the-seas-name-reveal-asset-1024x683-1.webp\" \/>\n\t<meta property=\"og:image:width\" content=\"1024\" \/>\n\t<meta property=\"og:image:height\" content=\"683\" \/>\n\t<meta property=\"og:image:type\" content=\"image\/webp\" \/>\n<meta name=\"twitter:card\" content=\"summary_large_image\" \/>\n<meta name=\"twitter:label1\" content=\"Arvioitu lukuaika\" \/>\n\t<meta name=\"twitter:data1\" content=\"2 minuuttia\" \/>\n<script type=\"application\/ld+json\" class=\"yoast-schema-graph\">{\"@context\":\"https:\/\/schema.org\",\"@graph\":[{\"@type\":\"WebPage\",\"@id\":\"https:\/\/ship-tracker.org\/icon-of-the-seas\/\",\"url\":\"https:\/\/ship-tracker.org\/icon-of-the-seas\/\",\"name\":\"Icon Of The Seas\u2503Current location and position\",\"isPartOf\":{\"@id\":\"https:\/\/ship-tracker.org\/#website\"},\"primaryImageOfPage\":{\"@id\":\"https:\/\/ship-tracker.org\/icon-of-the-seas\/#primaryimage\"},\"image\":{\"@id\":\"https:\/\/ship-tracker.org\/icon-of-the-seas\/#primaryimage\"},\"thumbnailUrl\":\"https:\/\/ship-tracker.org\/wp-content\/uploads\/2023\/08\/wonder-of-the-seas-name-reveal-asset-1024x683-1.webp\",\"datePublished\":\"2023-08-13T00:23:48+00:00\",\"dateModified\":\"2024-02-03T17:58:06+00:00\",\"description\":\"Icon Of The Seas \u2693 Current location and position of Icon Of The Seas \u2713 Cruise Ship Tracker \u2713 Live Ship Tracker\",\"breadcrumb\":{\"@id\":\"https:\/\/ship-tracker.org\/icon-of-the-seas\/#breadcrumb\"},\"inLanguage\":\"fi\",\"potentialAction\":[{\"@type\":\"ReadAction\",\"target\":[\"https:\/\/ship-tracker.org\/icon-of-the-seas\/\"]}]},{\"@type\":\"ImageObject\",\"inLanguage\":\"fi\",\"@id\":\"https:\/\/ship-tracker.org\/icon-of-the-seas\/#primaryimage\",\"url\":\"https:\/\/ship-tracker.org\/wp-content\/uploads\/2023\/08\/wonder-of-the-seas-name-reveal-asset-1024x683-1.webp\",\"contentUrl\":\"https:\/\/ship-tracker.org\/wp-content\/uploads\/2023\/08\/wonder-of-the-seas-name-reveal-asset-1024x683-1.webp\",\"width\":1024,\"height\":683,\"caption\":\"\u00a9 Royal Caribbean\"},{\"@type\":\"BreadcrumbList\",\"@id\":\"https:\/\/ship-tracker.org\/icon-of-the-seas\/#breadcrumb\",\"itemListElement\":[{\"@type\":\"ListItem\",\"position\":1,\"name\":\"Startseite\",\"item\":\"https:\/\/ship-tracker.org\/\"},{\"@type\":\"ListItem\",\"position\":2,\"name\":\"Icon Of The Seas\"}]},{\"@type\":\"WebSite\",\"@id\":\"https:\/\/ship-tracker.org\/#website\",\"url\":\"https:\/\/ship-tracker.org\/\",\"name\":\"Ship-tracker.org\",\"description\":\"\",\"potentialAction\":[{\"@type\":\"SearchAction\",\"target\":{\"@type\":\"EntryPoint\",\"urlTemplate\":\"https:\/\/ship-tracker.org\/?s={search_term_string}\"},\"query-input\":{\"@type\":\"PropertyValueSpecification\",\"valueRequired\":true,\"valueName\":\"search_term_string\"}}],\"inLanguage\":\"fi\"}]}<\/script>\n<!-- \/ Yoast SEO plugin. -->","yoast_head_json":{"title":"Icon Of The Seas\u2503Nykyinen sijainti ja sijainti","description":"Icon Of The Seas \u2693 Icon Of The Seasin nykyinen sijainti ja sijainti \u2713 Risteilyalusten seuranta \u2713 Live Ship Tracker","robots":{"index":"index","follow":"follow","max-snippet":"max-snippet:-1","max-image-preview":"max-image-preview:large","max-video-preview":"max-video-preview:-1"},"canonical":"https:\/\/ship-tracker.org\/fi\/icon-of-the-seas\/","og_locale":"fi_FI","og_type":"article","og_title":"Icon Of The Seas\u2503Current location and position","og_description":"Icon Of The Seas \u2693 Current location and position of Icon Of The Seas \u2713 Cruise Ship Tracker \u2713 Live Ship Tracker","og_url":"https:\/\/ship-tracker.org\/fi\/icon-of-the-seas\/","og_site_name":"Ship-tracker.org","article_modified_time":"2024-02-03T17:58:06+00:00","og_image":[{"width":1024,"height":683,"url":"https:\/\/ship-tracker.org\/wp-content\/uploads\/2023\/08\/wonder-of-the-seas-name-reveal-asset-1024x683-1.webp","type":"image\/webp"}],"twitter_card":"summary_large_image","twitter_misc":{"Arvioitu lukuaika":"2 minuuttia"},"schema":{"@context":"https:\/\/schema.org","@graph":[{"@type":"WebPage","@id":"https:\/\/ship-tracker.org\/icon-of-the-seas\/","url":"https:\/\/ship-tracker.org\/icon-of-the-seas\/","name":"Icon Of The Seas\u2503Nykyinen sijainti ja sijainti","isPartOf":{"@id":"https:\/\/ship-tracker.org\/#website"},"primaryImageOfPage":{"@id":"https:\/\/ship-tracker.org\/icon-of-the-seas\/#primaryimage"},"image":{"@id":"https:\/\/ship-tracker.org\/icon-of-the-seas\/#primaryimage"},"thumbnailUrl":"https:\/\/ship-tracker.org\/wp-content\/uploads\/2023\/08\/wonder-of-the-seas-name-reveal-asset-1024x683-1.webp","datePublished":"2023-08-13T00:23:48+00:00","dateModified":"2024-02-03T17:58:06+00:00","description":"Icon Of The Seas \u2693 Icon Of The Seasin nykyinen sijainti ja sijainti \u2713 Risteilyalusten seuranta \u2713 Live Ship Tracker","breadcrumb":{"@id":"https:\/\/ship-tracker.org\/icon-of-the-seas\/#breadcrumb"},"inLanguage":"fi","potentialAction":[{"@type":"ReadAction","target":["https:\/\/ship-tracker.org\/icon-of-the-seas\/"]}]},{"@type":"ImageObject","inLanguage":"fi","@id":"https:\/\/ship-tracker.org\/icon-of-the-seas\/#primaryimage","url":"https:\/\/ship-tracker.org\/wp-content\/uploads\/2023\/08\/wonder-of-the-seas-name-reveal-asset-1024x683-1.webp","contentUrl":"https:\/\/ship-tracker.org\/wp-content\/uploads\/2023\/08\/wonder-of-the-seas-name-reveal-asset-1024x683-1.webp","width":1024,"height":683,"caption":"\u00a9 Royal Caribbean"},{"@type":"BreadcrumbList","@id":"https:\/\/ship-tracker.org\/icon-of-the-seas\/#breadcrumb","itemListElement":[{"@type":"ListItem","position":1,"name":"Startseite","item":"https:\/\/ship-tracker.org\/"},{"@type":"ListItem","position":2,"name":"Icon Of The Seas"}]},{"@type":"WebSite","@id":"https:\/\/ship-tracker.org\/#website","url":"https:\/\/ship-tracker.org\/","name":"Ship-tracker.org","description":"","potentialAction":[{"@type":"SearchAction","target":{"@type":"EntryPoint","urlTemplate":"https:\/\/ship-tracker.org\/?s={search_term_string}"},"query-input":{"@type":"PropertyValueSpecification","valueRequired":true,"valueName":"search_term_string"}}],"inLanguage":"fi"}]}},"_links":{"self":[{"href":"https:\/\/ship-tracker.org\/fi\/wp-json\/wp\/v2\/pages\/4458","targetHints":{"allow":["GET"]}}],"collection":[{"href":"https:\/\/ship-tracker.org\/fi\/wp-json\/wp\/v2\/pages"}],"about":[{"href":"https:\/\/ship-tracker.org\/fi\/wp-json\/wp\/v2\/types\/page"}],"author":[{"embeddable":true,"href":"https:\/\/ship-tracker.org\/fi\/wp-json\/wp\/v2\/users\/1"}],"replies":[{"embeddable":true,"href":"https:\/\/ship-tracker.org\/fi\/wp-json\/wp\/v2\/comments?post=4458"}],"version-history":[{"count":5,"href":"https:\/\/ship-tracker.org\/fi\/wp-json\/wp\/v2\/pages\/4458\/revisions"}],"predecessor-version":[{"id":5318,"href":"https:\/\/ship-tracker.org\/fi\/wp-json\/wp\/v2\/pages\/4458\/revisions\/5318"}],"wp:featuredmedia":[{"embeddable":true,"href":"https:\/\/ship-tracker.org\/fi\/wp-json\/wp\/v2\/media\/4459"}],"wp:attachment":[{"href":"https:\/\/ship-tracker.org\/fi\/wp-json\/wp\/v2\/media?parent=4458"}],"curies":[{"name":"wp","href":"https:\/\/api.w.org\/{rel}","templated":true}]}}