{"id":4365,"date":"2023-07-05T19:04:45","date_gmt":"2023-07-05T17:04:45","guid":{"rendered":"https:\/\/ship-tracker.org\/?page_id=4365"},"modified":"2023-07-05T19:04:45","modified_gmt":"2023-07-05T17:04:45","slug":"josephine-maersk","status":"publish","type":"page","link":"https:\/\/ship-tracker.org\/fi\/josephine-maersk\/","title":{"rendered":"JOSEPHINE MAERSK"},"content":{"rendered":"<h2><span style=\"color: #000000;\">Nykyinen sijainti ja <\/span><span style=\"color: #000000;\">JOSEPHINE MAERSKin asema<\/span><\/h2>\n<p>Miss\u00e4 JOSEPHINE MAERSKin nykyinen sijainti on t\u00e4ll\u00e4 hetkell\u00e4?<br \/>\n<script type=\"text\/javascript\">\n  var width=\"100%\";var height=\"400\";\n  var mmsi=220008000;\n<\/script><script type=\"text\/javascript\" src=\"https:\/\/www.vesselfinder.com\/aismap.js\"><\/script><\/p>\n<p>JOSEPHINE MAERSK, Tanskan lipun alla rekister\u00f6ity rahtilaiva, purjehtii parhaillaan merill\u00e4. Laiva, jonka IMO-numero on 9215191 ja MMSI-numero 220008000, on 216 metri\u00e4 pitk\u00e4 ja 32 metri\u00e4 leve\u00e4. Alla olevissa kartoissa on yksityiskohtaisia tietoja matkasta, mukaan lukien aluksen nykyinen sijainti, sen seuraava aikataulutettu k\u00e4yntisatama, arvioitu saapumisaika (ETA), arvioitu saapumisaika (PTA), nopeus, kurssi ja syv\u00e4ys. Tarjolla on my\u00f6s lis\u00e4resursseja, kuten valokuvia, videoita, paikallista aikaa ja UTC-aikaa.<\/p>\n<h2 class=\"pageTitle shipItemTitle\"><span style=\"color: #000000;\">JOSEPHINE MAERSK Katsaus ja tekniset tiedot<\/span><\/h2>\n<table>\n<tbody>\n<tr style=\"height: 23px;\">\n<td style=\"width: 192px; height: 23px;\">Lippuvaltio<\/td>\n<td style=\"width: 192px; height: 23px;\">Tanska<\/td>\n<\/tr>\n<tr style=\"height: 23px;\">\n<td style=\"width: 192px; height: 23px;\">Rakennusvuosi<strong><br \/>\n<\/strong><\/td>\n<td style=\"width: 192px; height: 23px;\">2002<\/td>\n<\/tr>\n<tr style=\"height: 23px;\">\n<td style=\"width: 192px; height: 23px;\">Laivan tyyppi<\/td>\n<td style=\"width: 192px; height: 23px;\">Rahtialus<\/td>\n<\/tr>\n<tr style=\"height: 23px;\">\n<td style=\"width: 192px; height: 23px;\">Kutsumerkki<\/td>\n<td style=\"width: 192px; height: 23px;\">OWKF2<\/td>\n<\/tr>\n<tr style=\"height: 23px;\">\n<td style=\"width: 192px; height: 23px;\">Bruttovetoisuus<\/td>\n<td style=\"width: 192px; height: 23px;\">30166<\/td>\n<\/tr>\n<tr style=\"height: 23px;\">\n<td style=\"width: 192px; height: 23px;\">Summer Deadweight<\/td>\n<td style=\"width: 192px; height: 23px;\">35082<\/td>\n<\/tr>\n<tr style=\"height: 23px;\">\n<td style=\"width: 192px; height: 23px;\">Pituus<\/td>\n<td style=\"width: 192px; height: 23px;\"><span class=\"specificationUnit\">216 m<\/span><\/td>\n<\/tr>\n<tr style=\"height: 23px;\">\n<td style=\"width: 192px; height: 23px;\">S\u00e4de<\/td>\n<td style=\"width: 192px; height: 23px;\"><span class=\"specificationUnit\">32 m<\/span><\/td>\n<\/tr>\n<tr style=\"height: 23px;\">\n<td style=\"width: 192px; height: 23px;\">IMO<\/td>\n<td style=\"width: 192px; height: 23px;\">9215191<\/td>\n<\/tr>\n<tr style=\"height: 23px;\">\n<td style=\"width: 192px; height: 23px;\">MMSI<\/td>\n<td style=\"width: 192px; height: 23px;\">220008000<\/td>\n<\/tr>\n<tr style=\"height: 23px;\">\n<td style=\"width: 192px; height: 23px;\">Omistaja<\/td>\n<td style=\"width: 192px; height: 23px;\"><a href=\"https:\/\/ship-tracker.org\/fi\/maersk\/\">Maersk<\/a><\/td>\n<\/tr>\n<\/tbody>\n<\/table>","protected":false},"excerpt":{"rendered":"<p>Current location and position of JOSEPHINE MAERSK Where is the current location of JOSEPHINE MAERSK presently? The JOSEPHINE MAERSK, a cargo vessel registered under the flag of Denmark, is currently navigating the seas. The ship, bearing IMO number 9215191 and MMSI number 220008000, measures 216 meters in length and 32 meters in beam. The maps&hellip;&nbsp;<a href=\"https:\/\/ship-tracker.org\/fi\/josephine-maersk\/\" rel=\"bookmark\">Lue lis\u00e4\u00e4 \u00bb<span class=\"screen-reader-text\">JOSEPHINE MAERSK<\/span><\/a><\/p>","protected":false},"author":1,"featured_media":3637,"parent":0,"menu_order":0,"comment_status":"closed","ping_status":"closed","template":"","meta":{"neve_meta_sidebar":"","neve_meta_container":"","neve_meta_enable_content_width":"off","neve_meta_content_width":100,"neve_meta_title_alignment":"","neve_meta_author_avatar":"","neve_post_elements_order":"","neve_meta_disable_header":"","neve_meta_disable_footer":"","neve_meta_disable_title":"","neve_meta_reading_time":"","footnotes":""},"class_list":["post-4365","page","type-page","status-publish","has-post-thumbnail","hentry"],"yoast_head":"<!-- This site is optimized with the Yoast SEO plugin v27.4 - https:\/\/yoast.com\/product\/yoast-seo-wordpress\/ -->\n<title>JOSEPHINE MAERSK\u2503Current location and position (cargo ship)<\/title>\n<meta name=\"description\" content=\"JOSEPHINE MAERSK \u2693 Current location and position of MAERSK Vessel \u2713 Maersk container tracking \u2713 Live Ship Tracker \u2713 Container ship\" \/>\n<meta name=\"robots\" content=\"index, follow, max-snippet:-1, max-image-preview:large, max-video-preview:-1\" \/>\n<link rel=\"canonical\" href=\"https:\/\/ship-tracker.org\/fi\/josephine-maersk\/\" \/>\n<meta property=\"og:locale\" content=\"fi_FI\" \/>\n<meta property=\"og:type\" content=\"article\" \/>\n<meta property=\"og:title\" content=\"JOSEPHINE MAERSK\u2503Current location and position (cargo ship)\" \/>\n<meta property=\"og:description\" content=\"JOSEPHINE MAERSK \u2693 Current location and position of MAERSK Vessel \u2713 Maersk container tracking \u2713 Live Ship Tracker \u2713 Container ship\" \/>\n<meta property=\"og:url\" content=\"https:\/\/ship-tracker.org\/fi\/josephine-maersk\/\" \/>\n<meta property=\"og:site_name\" content=\"Ship-tracker.org\" \/>\n<meta property=\"og:image\" content=\"https:\/\/ship-tracker.org\/wp-content\/uploads\/2023\/06\/maersk-tanjong-g275700498_640.jpg\" \/>\n\t<meta property=\"og:image:width\" content=\"640\" \/>\n\t<meta property=\"og:image:height\" content=\"446\" \/>\n\t<meta property=\"og:image:type\" content=\"image\/jpeg\" \/>\n<meta name=\"twitter:card\" content=\"summary_large_image\" \/>\n<meta name=\"twitter:label1\" content=\"Arvioitu lukuaika\" \/>\n\t<meta name=\"twitter:data1\" content=\"1 minuutti\" \/>\n<script type=\"application\/ld+json\" class=\"yoast-schema-graph\">{\"@context\":\"https:\\\/\\\/schema.org\",\"@graph\":[{\"@type\":\"WebPage\",\"@id\":\"https:\\\/\\\/ship-tracker.org\\\/josephine-maersk\\\/\",\"url\":\"https:\\\/\\\/ship-tracker.org\\\/josephine-maersk\\\/\",\"name\":\"JOSEPHINE MAERSK\u2503Current location and position (cargo ship)\",\"isPartOf\":{\"@id\":\"https:\\\/\\\/ship-tracker.org\\\/#website\"},\"primaryImageOfPage\":{\"@id\":\"https:\\\/\\\/ship-tracker.org\\\/josephine-maersk\\\/#primaryimage\"},\"image\":{\"@id\":\"https:\\\/\\\/ship-tracker.org\\\/josephine-maersk\\\/#primaryimage\"},\"thumbnailUrl\":\"https:\\\/\\\/ship-tracker.org\\\/wp-content\\\/uploads\\\/2023\\\/06\\\/maersk-tanjong-g275700498_640.jpg\",\"datePublished\":\"2023-07-05T17:04:45+00:00\",\"description\":\"JOSEPHINE MAERSK \u2693 Current location and position of MAERSK Vessel \u2713 Maersk container tracking \u2713 Live Ship Tracker \u2713 Container ship\",\"breadcrumb\":{\"@id\":\"https:\\\/\\\/ship-tracker.org\\\/josephine-maersk\\\/#breadcrumb\"},\"inLanguage\":\"fi\",\"potentialAction\":[{\"@type\":\"ReadAction\",\"target\":[\"https:\\\/\\\/ship-tracker.org\\\/josephine-maersk\\\/\"]}]},{\"@type\":\"ImageObject\",\"inLanguage\":\"fi\",\"@id\":\"https:\\\/\\\/ship-tracker.org\\\/josephine-maersk\\\/#primaryimage\",\"url\":\"https:\\\/\\\/ship-tracker.org\\\/wp-content\\\/uploads\\\/2023\\\/06\\\/maersk-tanjong-g275700498_640.jpg\",\"contentUrl\":\"https:\\\/\\\/ship-tracker.org\\\/wp-content\\\/uploads\\\/2023\\\/06\\\/maersk-tanjong-g275700498_640.jpg\",\"width\":640,\"height\":446,\"caption\":\"MAERSK ABERDEEN\"},{\"@type\":\"BreadcrumbList\",\"@id\":\"https:\\\/\\\/ship-tracker.org\\\/josephine-maersk\\\/#breadcrumb\",\"itemListElement\":[{\"@type\":\"ListItem\",\"position\":1,\"name\":\"Startseite\",\"item\":\"https:\\\/\\\/ship-tracker.org\\\/\"},{\"@type\":\"ListItem\",\"position\":2,\"name\":\"JOSEPHINE MAERSK\"}]},{\"@type\":\"WebSite\",\"@id\":\"https:\\\/\\\/ship-tracker.org\\\/#website\",\"url\":\"https:\\\/\\\/ship-tracker.org\\\/\",\"name\":\"Ship-tracker.org\",\"description\":\"\",\"potentialAction\":[{\"@type\":\"SearchAction\",\"target\":{\"@type\":\"EntryPoint\",\"urlTemplate\":\"https:\\\/\\\/ship-tracker.org\\\/?s={search_term_string}\"},\"query-input\":{\"@type\":\"PropertyValueSpecification\",\"valueRequired\":true,\"valueName\":\"search_term_string\"}}],\"inLanguage\":\"fi\"}]}<\/script>\n<!-- \/ Yoast SEO plugin. -->","yoast_head_json":{"title":"JOSEPHINE MAERSK\u2503Nykyinen sijainti ja sijainti (rahtilaiva)","description":"JOSEPHINE MAERSK \u2693 MAERSK-aluksen nykyinen sijainti ja sijainti \u2713 Maersk-konttiseuranta \u2713 Live Ship Tracker \u2713 Konttilaiva","robots":{"index":"index","follow":"follow","max-snippet":"max-snippet:-1","max-image-preview":"max-image-preview:large","max-video-preview":"max-video-preview:-1"},"canonical":"https:\/\/ship-tracker.org\/fi\/josephine-maersk\/","og_locale":"fi_FI","og_type":"article","og_title":"JOSEPHINE MAERSK\u2503Current location and position (cargo ship)","og_description":"JOSEPHINE MAERSK \u2693 Current location and position of MAERSK Vessel \u2713 Maersk container tracking \u2713 Live Ship Tracker \u2713 Container ship","og_url":"https:\/\/ship-tracker.org\/fi\/josephine-maersk\/","og_site_name":"Ship-tracker.org","og_image":[{"width":640,"height":446,"url":"https:\/\/ship-tracker.org\/wp-content\/uploads\/2023\/06\/maersk-tanjong-g275700498_640.jpg","type":"image\/jpeg"}],"twitter_card":"summary_large_image","twitter_misc":{"Arvioitu lukuaika":"1 minuutti"},"schema":{"@context":"https:\/\/schema.org","@graph":[{"@type":"WebPage","@id":"https:\/\/ship-tracker.org\/josephine-maersk\/","url":"https:\/\/ship-tracker.org\/josephine-maersk\/","name":"JOSEPHINE MAERSK\u2503Nykyinen sijainti ja sijainti (rahtilaiva)","isPartOf":{"@id":"https:\/\/ship-tracker.org\/#website"},"primaryImageOfPage":{"@id":"https:\/\/ship-tracker.org\/josephine-maersk\/#primaryimage"},"image":{"@id":"https:\/\/ship-tracker.org\/josephine-maersk\/#primaryimage"},"thumbnailUrl":"https:\/\/ship-tracker.org\/wp-content\/uploads\/2023\/06\/maersk-tanjong-g275700498_640.jpg","datePublished":"2023-07-05T17:04:45+00:00","description":"JOSEPHINE MAERSK \u2693 MAERSK-aluksen nykyinen sijainti ja sijainti \u2713 Maersk-konttiseuranta \u2713 Live Ship Tracker \u2713 Konttilaiva","breadcrumb":{"@id":"https:\/\/ship-tracker.org\/josephine-maersk\/#breadcrumb"},"inLanguage":"fi","potentialAction":[{"@type":"ReadAction","target":["https:\/\/ship-tracker.org\/josephine-maersk\/"]}]},{"@type":"ImageObject","inLanguage":"fi","@id":"https:\/\/ship-tracker.org\/josephine-maersk\/#primaryimage","url":"https:\/\/ship-tracker.org\/wp-content\/uploads\/2023\/06\/maersk-tanjong-g275700498_640.jpg","contentUrl":"https:\/\/ship-tracker.org\/wp-content\/uploads\/2023\/06\/maersk-tanjong-g275700498_640.jpg","width":640,"height":446,"caption":"MAERSK ABERDEEN"},{"@type":"BreadcrumbList","@id":"https:\/\/ship-tracker.org\/josephine-maersk\/#breadcrumb","itemListElement":[{"@type":"ListItem","position":1,"name":"Startseite","item":"https:\/\/ship-tracker.org\/"},{"@type":"ListItem","position":2,"name":"JOSEPHINE MAERSK"}]},{"@type":"WebSite","@id":"https:\/\/ship-tracker.org\/#website","url":"https:\/\/ship-tracker.org\/","name":"Ship-tracker.org","description":"","potentialAction":[{"@type":"SearchAction","target":{"@type":"EntryPoint","urlTemplate":"https:\/\/ship-tracker.org\/?s={search_term_string}"},"query-input":{"@type":"PropertyValueSpecification","valueRequired":true,"valueName":"search_term_string"}}],"inLanguage":"fi"}]}},"_links":{"self":[{"href":"https:\/\/ship-tracker.org\/fi\/wp-json\/wp\/v2\/pages\/4365","targetHints":{"allow":["GET"]}}],"collection":[{"href":"https:\/\/ship-tracker.org\/fi\/wp-json\/wp\/v2\/pages"}],"about":[{"href":"https:\/\/ship-tracker.org\/fi\/wp-json\/wp\/v2\/types\/page"}],"author":[{"embeddable":true,"href":"https:\/\/ship-tracker.org\/fi\/wp-json\/wp\/v2\/users\/1"}],"replies":[{"embeddable":true,"href":"https:\/\/ship-tracker.org\/fi\/wp-json\/wp\/v2\/comments?post=4365"}],"version-history":[{"count":1,"href":"https:\/\/ship-tracker.org\/fi\/wp-json\/wp\/v2\/pages\/4365\/revisions"}],"predecessor-version":[{"id":4366,"href":"https:\/\/ship-tracker.org\/fi\/wp-json\/wp\/v2\/pages\/4365\/revisions\/4366"}],"wp:featuredmedia":[{"embeddable":true,"href":"https:\/\/ship-tracker.org\/fi\/wp-json\/wp\/v2\/media\/3637"}],"wp:attachment":[{"href":"https:\/\/ship-tracker.org\/fi\/wp-json\/wp\/v2\/media?parent=4365"}],"curies":[{"name":"wp","href":"https:\/\/api.w.org\/{rel}","templated":true}]}}