{"id":4074,"date":"2023-06-29T17:22:54","date_gmt":"2023-06-29T15:22:54","guid":{"rendered":"https:\/\/ship-tracker.org\/?page_id=4074"},"modified":"2023-07-04T16:15:08","modified_gmt":"2023-07-04T14:15:08","slug":"maersk-buton","status":"publish","type":"page","link":"https:\/\/ship-tracker.org\/fi\/maersk-buton\/","title":{"rendered":"MAERSK-PAINIKE"},"content":{"rendered":"<h2><span style=\"color: #000000;\">Nykyinen sijainti ja <\/span><span style=\"color: #000000;\">MAERSK BUTONin asema<\/span><\/h2>\n<p>Miss\u00e4 MAERSK BUTONin nykyinen sijainti on t\u00e4ll\u00e4 hetkell\u00e4?<br \/>\n<script type=\"text\/javascript\">\n  var width=\"100%\";var height=\"400\";\n  var mmsi=565971000;\n<\/script><script type=\"text\/javascript\" src=\"https:\/\/www.vesselfinder.com\/aismap.js\"><\/script><\/p>\n<p>Singaporen lipun alla rekister\u00f6ity rahtialus MAERSK BUTON purjehtii parhaillaan merill\u00e4. Laiva, jonka IMO-numero on 9392925 ja MMSI-numero 565971000, on 223 metri\u00e4 pitk\u00e4 ja 32 metri\u00e4 leve\u00e4. Alla olevissa kartoissa on yksityiskohtaisia tietoja matkasta, mukaan lukien aluksen nykyinen sijainti, sen seuraava aikataulutettu k\u00e4yntisatama, arvioitu saapumisaika (ETA), arvioitu saapumisaika (PTA), nopeus, kurssi ja syv\u00e4ys. Tarjolla on my\u00f6s lis\u00e4resursseja, kuten valokuvia, videoita, paikallista aikaa ja UTC-aikaa.<\/p>\n<h2 class=\"pageTitle shipItemTitle\"><span style=\"color: #000000;\">MAERSK BUTON Katsaus ja tekniset tiedot<\/span><\/h2>\n<table style=\"responsive\">\n<tbody>\n<tr>\n<td style=\"width: 192px;\">Lippuvaltio<\/td>\n<td style=\"width: 192px;\">Singapore<\/td>\n<\/tr>\n<tr>\n<td style=\"width: 192px;\">Rakennusvuosi<strong><br \/>\n<\/strong><\/td>\n<td style=\"width: 192px;\">2008<\/td>\n<\/tr>\n<tr>\n<td style=\"width: 192px;\">Laivan tyyppi<\/td>\n<td style=\"width: 192px;\">Rahtialus<\/td>\n<\/tr>\n<tr>\n<td style=\"width: 192px;\">Kutsumerkki<\/td>\n<td style=\"width: 192px;\">9V7498<\/td>\n<\/tr>\n<tr>\n<td style=\"width: 192px;\">Bruttovetoisuus<\/td>\n<td style=\"width: 192px;\">35835<\/td>\n<\/tr>\n<tr>\n<td style=\"width: 192px;\">Summer Deadweight<\/td>\n<td style=\"width: 192px;\">43123<\/td>\n<\/tr>\n<tr>\n<td style=\"width: 192px;\">Pituus<\/td>\n<td style=\"width: 192px;\"><span class=\"specificationUnit\">223 m<\/span><\/td>\n<\/tr>\n<tr>\n<td style=\"width: 192px;\">S\u00e4de<\/td>\n<td style=\"width: 192px;\"><span class=\"specificationUnit\">32 m<\/span><\/td>\n<\/tr>\n<tr>\n<td style=\"width: 192px;\">IMO<\/td>\n<td style=\"width: 192px;\">9392925<\/td>\n<\/tr>\n<tr>\n<td style=\"width: 192px;\">MMSI<\/td>\n<td style=\"width: 192px;\">565971000<\/td>\n<\/tr>\n<tr>\n<td style=\"width: 192px;\">Omistaja<\/td>\n<td style=\"width: 192px;\"><a href=\"https:\/\/ship-tracker.org\/fi\/maersk\/\">Maersk<\/a><\/td>\n<\/tr>\n<\/tbody>\n<\/table>","protected":false},"excerpt":{"rendered":"<p>Current location and position of MAERSK BUTON Where is the current location of MAERSK BUTON presently? The MAERSK BUTON, a cargo vessel registered under the flag of Singapore, is currently navigating the seas. The ship, bearing IMO number 9392925 and MMSI number 565971000, measures 223 meters in length and 32 meters in beam. The maps&hellip;&nbsp;<a href=\"https:\/\/ship-tracker.org\/fi\/maersk-buton\/\" rel=\"bookmark\">Lue lis\u00e4\u00e4 \u00bb<span class=\"screen-reader-text\">MAERSK-PAINIKE<\/span><\/a><\/p>","protected":false},"author":1,"featured_media":3637,"parent":0,"menu_order":0,"comment_status":"closed","ping_status":"closed","template":"","meta":{"neve_meta_sidebar":"","neve_meta_container":"","neve_meta_enable_content_width":"off","neve_meta_content_width":100,"neve_meta_title_alignment":"","neve_meta_author_avatar":"","neve_post_elements_order":"","neve_meta_disable_header":"","neve_meta_disable_footer":"","neve_meta_disable_title":"","neve_meta_reading_time":"","footnotes":""},"class_list":["post-4074","page","type-page","status-publish","has-post-thumbnail","hentry"],"yoast_head":"<!-- This site is optimized with the Yoast SEO plugin v27.4 - https:\/\/yoast.com\/product\/yoast-seo-wordpress\/ -->\n<title>MAERSK BUTON\u2503Current location and position (cargo ship)<\/title>\n<meta name=\"description\" content=\"MAERSK BUTON \u2693 Current location and position of MAERSK Vessel \u2713 Maersk container tracking \u2713 Live Ship Tracker \u2713 Container ship\" \/>\n<meta name=\"robots\" content=\"index, follow, max-snippet:-1, max-image-preview:large, max-video-preview:-1\" \/>\n<link rel=\"canonical\" href=\"https:\/\/ship-tracker.org\/fi\/maersk-buton\/\" \/>\n<meta property=\"og:locale\" content=\"fi_FI\" \/>\n<meta property=\"og:type\" content=\"article\" \/>\n<meta property=\"og:title\" content=\"MAERSK BUTON\u2503Current location and position (cargo ship)\" \/>\n<meta property=\"og:description\" content=\"MAERSK BUTON \u2693 Current location and position of MAERSK Vessel \u2713 Maersk container tracking \u2713 Live Ship Tracker \u2713 Container ship\" \/>\n<meta property=\"og:url\" content=\"https:\/\/ship-tracker.org\/fi\/maersk-buton\/\" \/>\n<meta property=\"og:site_name\" content=\"Ship-tracker.org\" \/>\n<meta property=\"article:modified_time\" content=\"2023-07-04T14:15:08+00:00\" \/>\n<meta property=\"og:image\" content=\"https:\/\/ship-tracker.org\/wp-content\/uploads\/2023\/06\/maersk-tanjong-g275700498_640.jpg\" \/>\n\t<meta property=\"og:image:width\" content=\"640\" \/>\n\t<meta property=\"og:image:height\" content=\"446\" \/>\n\t<meta property=\"og:image:type\" content=\"image\/jpeg\" \/>\n<meta name=\"twitter:card\" content=\"summary_large_image\" \/>\n<meta name=\"twitter:label1\" content=\"Arvioitu lukuaika\" \/>\n\t<meta name=\"twitter:data1\" content=\"1 minuutti\" \/>\n<script type=\"application\/ld+json\" class=\"yoast-schema-graph\">{\"@context\":\"https:\\\/\\\/schema.org\",\"@graph\":[{\"@type\":\"WebPage\",\"@id\":\"https:\\\/\\\/ship-tracker.org\\\/maersk-buton\\\/\",\"url\":\"https:\\\/\\\/ship-tracker.org\\\/maersk-buton\\\/\",\"name\":\"MAERSK BUTON\u2503Current location and position (cargo ship)\",\"isPartOf\":{\"@id\":\"https:\\\/\\\/ship-tracker.org\\\/#website\"},\"primaryImageOfPage\":{\"@id\":\"https:\\\/\\\/ship-tracker.org\\\/maersk-buton\\\/#primaryimage\"},\"image\":{\"@id\":\"https:\\\/\\\/ship-tracker.org\\\/maersk-buton\\\/#primaryimage\"},\"thumbnailUrl\":\"https:\\\/\\\/ship-tracker.org\\\/wp-content\\\/uploads\\\/2023\\\/06\\\/maersk-tanjong-g275700498_640.jpg\",\"datePublished\":\"2023-06-29T15:22:54+00:00\",\"dateModified\":\"2023-07-04T14:15:08+00:00\",\"description\":\"MAERSK BUTON \u2693 Current location and position of MAERSK Vessel \u2713 Maersk container tracking \u2713 Live Ship Tracker \u2713 Container ship\",\"breadcrumb\":{\"@id\":\"https:\\\/\\\/ship-tracker.org\\\/maersk-buton\\\/#breadcrumb\"},\"inLanguage\":\"fi\",\"potentialAction\":[{\"@type\":\"ReadAction\",\"target\":[\"https:\\\/\\\/ship-tracker.org\\\/maersk-buton\\\/\"]}]},{\"@type\":\"ImageObject\",\"inLanguage\":\"fi\",\"@id\":\"https:\\\/\\\/ship-tracker.org\\\/maersk-buton\\\/#primaryimage\",\"url\":\"https:\\\/\\\/ship-tracker.org\\\/wp-content\\\/uploads\\\/2023\\\/06\\\/maersk-tanjong-g275700498_640.jpg\",\"contentUrl\":\"https:\\\/\\\/ship-tracker.org\\\/wp-content\\\/uploads\\\/2023\\\/06\\\/maersk-tanjong-g275700498_640.jpg\",\"width\":640,\"height\":446,\"caption\":\"MAERSK ABERDEEN\"},{\"@type\":\"BreadcrumbList\",\"@id\":\"https:\\\/\\\/ship-tracker.org\\\/maersk-buton\\\/#breadcrumb\",\"itemListElement\":[{\"@type\":\"ListItem\",\"position\":1,\"name\":\"Startseite\",\"item\":\"https:\\\/\\\/ship-tracker.org\\\/\"},{\"@type\":\"ListItem\",\"position\":2,\"name\":\"MAERSK BUTON\"}]},{\"@type\":\"WebSite\",\"@id\":\"https:\\\/\\\/ship-tracker.org\\\/#website\",\"url\":\"https:\\\/\\\/ship-tracker.org\\\/\",\"name\":\"Ship-tracker.org\",\"description\":\"\",\"potentialAction\":[{\"@type\":\"SearchAction\",\"target\":{\"@type\":\"EntryPoint\",\"urlTemplate\":\"https:\\\/\\\/ship-tracker.org\\\/?s={search_term_string}\"},\"query-input\":{\"@type\":\"PropertyValueSpecification\",\"valueRequired\":true,\"valueName\":\"search_term_string\"}}],\"inLanguage\":\"fi\"}]}<\/script>\n<!-- \/ Yoast SEO plugin. -->","yoast_head_json":{"title":"MAERSK BUTON\u2503Nykyinen sijainti ja sijainti (rahtilaiva)","description":"MAERSK-PAINIKE \u2693 MAERSK-aluksen nykyinen sijainti ja sijainti \u2713 Maersk-konttiseuranta \u2713 Live Ship Tracker \u2713 Konttilaiva","robots":{"index":"index","follow":"follow","max-snippet":"max-snippet:-1","max-image-preview":"max-image-preview:large","max-video-preview":"max-video-preview:-1"},"canonical":"https:\/\/ship-tracker.org\/fi\/maersk-buton\/","og_locale":"fi_FI","og_type":"article","og_title":"MAERSK BUTON\u2503Current location and position (cargo ship)","og_description":"MAERSK BUTON \u2693 Current location and position of MAERSK Vessel \u2713 Maersk container tracking \u2713 Live Ship Tracker \u2713 Container ship","og_url":"https:\/\/ship-tracker.org\/fi\/maersk-buton\/","og_site_name":"Ship-tracker.org","article_modified_time":"2023-07-04T14:15:08+00:00","og_image":[{"width":640,"height":446,"url":"https:\/\/ship-tracker.org\/wp-content\/uploads\/2023\/06\/maersk-tanjong-g275700498_640.jpg","type":"image\/jpeg"}],"twitter_card":"summary_large_image","twitter_misc":{"Arvioitu lukuaika":"1 minuutti"},"schema":{"@context":"https:\/\/schema.org","@graph":[{"@type":"WebPage","@id":"https:\/\/ship-tracker.org\/maersk-buton\/","url":"https:\/\/ship-tracker.org\/maersk-buton\/","name":"MAERSK BUTON\u2503Nykyinen sijainti ja sijainti (rahtilaiva)","isPartOf":{"@id":"https:\/\/ship-tracker.org\/#website"},"primaryImageOfPage":{"@id":"https:\/\/ship-tracker.org\/maersk-buton\/#primaryimage"},"image":{"@id":"https:\/\/ship-tracker.org\/maersk-buton\/#primaryimage"},"thumbnailUrl":"https:\/\/ship-tracker.org\/wp-content\/uploads\/2023\/06\/maersk-tanjong-g275700498_640.jpg","datePublished":"2023-06-29T15:22:54+00:00","dateModified":"2023-07-04T14:15:08+00:00","description":"MAERSK-PAINIKE \u2693 MAERSK-aluksen nykyinen sijainti ja sijainti \u2713 Maersk-konttiseuranta \u2713 Live Ship Tracker \u2713 Konttilaiva","breadcrumb":{"@id":"https:\/\/ship-tracker.org\/maersk-buton\/#breadcrumb"},"inLanguage":"fi","potentialAction":[{"@type":"ReadAction","target":["https:\/\/ship-tracker.org\/maersk-buton\/"]}]},{"@type":"ImageObject","inLanguage":"fi","@id":"https:\/\/ship-tracker.org\/maersk-buton\/#primaryimage","url":"https:\/\/ship-tracker.org\/wp-content\/uploads\/2023\/06\/maersk-tanjong-g275700498_640.jpg","contentUrl":"https:\/\/ship-tracker.org\/wp-content\/uploads\/2023\/06\/maersk-tanjong-g275700498_640.jpg","width":640,"height":446,"caption":"MAERSK ABERDEEN"},{"@type":"BreadcrumbList","@id":"https:\/\/ship-tracker.org\/maersk-buton\/#breadcrumb","itemListElement":[{"@type":"ListItem","position":1,"name":"Startseite","item":"https:\/\/ship-tracker.org\/"},{"@type":"ListItem","position":2,"name":"MAERSK BUTON"}]},{"@type":"WebSite","@id":"https:\/\/ship-tracker.org\/#website","url":"https:\/\/ship-tracker.org\/","name":"Ship-tracker.org","description":"","potentialAction":[{"@type":"SearchAction","target":{"@type":"EntryPoint","urlTemplate":"https:\/\/ship-tracker.org\/?s={search_term_string}"},"query-input":{"@type":"PropertyValueSpecification","valueRequired":true,"valueName":"search_term_string"}}],"inLanguage":"fi"}]}},"_links":{"self":[{"href":"https:\/\/ship-tracker.org\/fi\/wp-json\/wp\/v2\/pages\/4074","targetHints":{"allow":["GET"]}}],"collection":[{"href":"https:\/\/ship-tracker.org\/fi\/wp-json\/wp\/v2\/pages"}],"about":[{"href":"https:\/\/ship-tracker.org\/fi\/wp-json\/wp\/v2\/types\/page"}],"author":[{"embeddable":true,"href":"https:\/\/ship-tracker.org\/fi\/wp-json\/wp\/v2\/users\/1"}],"replies":[{"embeddable":true,"href":"https:\/\/ship-tracker.org\/fi\/wp-json\/wp\/v2\/comments?post=4074"}],"version-history":[{"count":2,"href":"https:\/\/ship-tracker.org\/fi\/wp-json\/wp\/v2\/pages\/4074\/revisions"}],"predecessor-version":[{"id":4142,"href":"https:\/\/ship-tracker.org\/fi\/wp-json\/wp\/v2\/pages\/4074\/revisions\/4142"}],"wp:featuredmedia":[{"embeddable":true,"href":"https:\/\/ship-tracker.org\/fi\/wp-json\/wp\/v2\/media\/3637"}],"wp:attachment":[{"href":"https:\/\/ship-tracker.org\/fi\/wp-json\/wp\/v2\/media?parent=4074"}],"curies":[{"name":"wp","href":"https:\/\/api.w.org\/{rel}","templated":true}]}}