{"id":400,"date":"2017-09-15T22:26:10","date_gmt":"2017-09-15T20:26:10","guid":{"rendered":"http:\/\/ship-tracker.org\/?page_id=400"},"modified":"2021-11-08T21:04:41","modified_gmt":"2021-11-08T20:04:41","slug":"ship-tracker","status":"publish","type":"page","link":"https:\/\/ship-tracker.org\/fi\/","title":{"rendered":"Laivan seuranta"},"content":{"rendered":"<p><script async src=\"https:\/\/pagead2.googlesyndication.com\/pagead\/js\/adsbygoogle.js\"><\/script><br \/>\n<!-- Ship-Tracker Display --><br \/>\n<ins class=\"adsbygoogle\" style=\"display: block;\" data-ad-client=\"ca-pub-1316785063791781\" data-ad-slot=\"8075999632\" data-ad-format=\"auto\" data-full-width-responsive=\"true\"><\/ins><br \/>\n<script>\n     (adsbygoogle = window.adsbygoogle || []).push({});\n<\/script><\/p>\n<h2>Laivojen seuranta \u2013 Miten alusten ja alusten seuranta toimii?<\/h2>\n<p><script type=\"text\/javascript\">\nwidth='100%';\nheight='450';\n<\/script><br \/>\n<script type=\"text\/javascript\" src=\"\/\/www.marinetraffic.com\/js\/embed.js\"><\/script><br \/>\n<script async src=\"https:\/\/pagead2.googlesyndication.com\/pagead\/js\/adsbygoogle.js\"><\/script><br \/>\n<!-- Schip-Tracker Linkanzeigen --><br \/>\n<ins class=\"adsbygoogle\" style=\"display: block;\" data-ad-client=\"ca-pub-1316785063791781\" data-ad-slot=\"3429004156\" data-ad-format=\"link\" data-full-width-responsive=\"true\"><\/ins><br \/>\n<script>\n     (adsbygoogle = window.adsbygoogle || []).push({});\n<\/script><\/p>\n<p class=\"p1\" style=\"text-align: justify;\"><span class=\"s1\">Seuranta toimitetaan hiiren napsautuksella \u2013 Internetin ansiosta t\u00e4m\u00e4 on todellisuutta. Mutta kuinka voit seurata suuria aluksia ja kaikentyyppisi\u00e4 aluksia? Kuinka voit k\u00e4ytt\u00e4\u00e4 oikeita alustoja eduksesi ja miten voit m\u00e4\u00e4ritt\u00e4\u00e4, mink\u00e4 tyyppisen laivan juuri valitsit? T\u00e4\u00e4lt\u00e4 l\u00f6yd\u00e4t kaikki tiedot laivan seurannasta ja mahdollisimman paljon tietoa valitsemastasi aluksesta!<\/span><\/p>\n<h2 class=\"p1\"><span class=\"s1\">Miten laivanseurantalaite toimii?<\/span><\/h2>\n<p class=\"p1\" style=\"text-align: justify;\"><span class=\"s1\">Tuhansia suuria laivoja risteilyt valtamerill\u00e4 joka p\u00e4iv\u00e4. Jokainen n\u00e4ist\u00e4 aluksista k\u00e4ytt\u00e4\u00e4 seurantaa nimelt\u00e4 &quot;Automatic Identification System&quot;. T\u00e4m\u00e4 alusten seurantaohjelma auttaa v\u00e4ltt\u00e4m\u00e4\u00e4n t\u00f6rm\u00e4yksi\u00e4 ja toimii my\u00f6s keinona l\u00f6yt\u00e4\u00e4 laivoja nopeasti h\u00e4t\u00e4tilanteissa. Muutama yritys on keskittynyt tarjoamaan tarkkaa reaaliaikaista alusten seurantaa verkossa. He k\u00e4ytt\u00e4v\u00e4t alusten seurantatietoja ja AIS-seurantaa ja tarjoavat verkossa karttoja, jotka kuvaavat aluksia ja aluksia reaaliajassa. AIS on kiehtova tekniikka, joka s\u00e4\u00e4st\u00e4\u00e4 ihmishenki\u00e4 ja helpottaa paljon merikuljetuksia, mutta tarjoaa my\u00f6s arvokkaita n\u00e4kemyksi\u00e4 meriteollisuudesta maailmanlaajuisesti.<\/span><\/p>\n<h2 class=\"p1\"><span class=\"s1\">Mit\u00e4 AIS-viesti sis\u00e4lt\u00e4\u00e4?<\/span><\/h2>\n<p class=\"p1\" style=\"text-align: justify;\"><span class=\"s1\">&quot;Automaattinen tunnistusj\u00e4rjestelm\u00e4&quot; tarjoaa paljon tietoa. Jokainen viesti n\u00e4ytt\u00e4\u00e4 l\u00e4hett\u00e4j\u00e4n GPS-sijainnin. Lis\u00e4ksi se sis\u00e4lt\u00e4\u00e4 Speed Over Ground (&quot;SOG&quot;) - karkeasti sanoen aluksen todellisen nopeuden. Lis\u00e4ksi AIS tarjoaa Course Over Ground (\u201cCOG\u201d). Tied\u00e4t siis my\u00f6s suunnan, johon alus on menossa. Koska saat my\u00f6s aluksen yksil\u00f6llisen alustunnuksen, l\u00f6yd\u00e4t yleens\u00e4 lis\u00e4tietoja tarkastelemastasi veneest\u00e4. T\u00e4st\u00e4 syyst\u00e4 ilmaiset laivaseurantasivustot pystyv\u00e4t tarjoamaan niin suuren m\u00e4\u00e4r\u00e4n tietoa.<\/span><\/p>\n<h2 class=\"p1\"><span class=\"s1\">Mit\u00e4 laivaseurantasivustolta l\u00f6ytyy helposti?<\/span><\/h2>\n<p class=\"p1\" style=\"text-align: justify;\"><span class=\"s1\">Live-alusten seuranta ilmainen ei rajoitu nykyiseen sijaintiin, kuten edellisess\u00e4 kappaleessa totesimme. Se tarjoaa itse asiassa paljon enemm\u00e4n. Esimerkkin\u00e4 verkkosivusto <a href=\"https:\/\/www.marinetraffic.com\/\" target=\"_blank\" rel=\"noopener noreferrer\"><span class=\"s2\">MarineTraffic<\/span><\/a> tarjoaa paljon tietoa. L\u00f6yd\u00e4t seuraavat tiedot:<\/span><\/p>\n<ul class=\"ul1\">\n<li class=\"li1\"><span class=\"s1\">aluksen syv\u00e4ys<\/span><\/li>\n<li class=\"li1\"><span class=\"s1\">pituus ja leveys<\/span><\/li>\n<li class=\"li1\"><span class=\"s1\">aluksen &quot;kansalaisuus&quot; \u2013 mist\u00e4 alus sai lisenssin?<\/span><\/li>\n<li class=\"li1\"><span class=\"s1\">m\u00e4\u00e4r\u00e4np\u00e4\u00e4h\u00e4n<\/span><\/li>\n<li class=\"li1\"><span class=\"s1\">keskinopeus solmuina<\/span><\/li>\n<li class=\"li1\"><span class=\"s1\">suurin nopeus solmuina<\/span><\/li>\n<li class=\"li1\"><span class=\"s1\">nykyinen kurssi (kulma)<\/span><\/li>\n<li class=\"li1\"><span class=\"s1\">arvioitu saapumisaika (&quot;ETA&quot;)<\/span><\/li>\n<li class=\"li1\"><span class=\"s1\">todellinen l\u00e4ht\u00f6aika (&quot;ATD&quot;)<\/span><\/li>\n<\/ul>\n<figure id=\"attachment_2025\" aria-describedby=\"caption-attachment-2025\" style=\"width: 768px\" class=\"wp-caption aligncenter\"><img loading=\"lazy\" decoding=\"async\" class=\"wp-image-2025 size-full\" src=\"https:\/\/ship-tracker.org\/wp-content\/uploads\/2020\/04\/karte-kreuzfahrt-kreuzfahrtschiff-schiffsposition-schiffsradar-768x388-1.jpg\" alt=\"Meriliikenne\" width=\"768\" height=\"388\" srcset=\"https:\/\/ship-tracker.org\/wp-content\/uploads\/2020\/04\/karte-kreuzfahrt-kreuzfahrtschiff-schiffsposition-schiffsradar-768x388-1.jpg 768w, https:\/\/ship-tracker.org\/wp-content\/uploads\/2020\/04\/karte-kreuzfahrt-kreuzfahrtschiff-schiffsposition-schiffsradar-768x388-1-300x152.jpg 300w\" sizes=\"auto, (max-width: 768px) 100vw, 768px\" \/><figcaption id=\"caption-attachment-2025\" class=\"wp-caption-text\">Kuvakaappaus \u00a9 Marinetraffic.com<\/figcaption><\/figure>\n<p class=\"p1\"><span class=\"s1\">Sivustolta l\u00f6ytyy paljon muutakin dataa. Tarkempia tietoja varten sinun on maksettava saadaksesi kaikki oivallukset.<\/span><\/p>\n<h3 class=\"p1\"><span class=\"s1\">Vesselfinder \u2013 houkutteleva vaihtoehto MarineTrafficille<\/span><\/h3>\n<p class=\"p1\" style=\"text-align: justify;\"><span class=\"s1\">Et tietenk\u00e4\u00e4n v\u00e4ltt\u00e4m\u00e4tt\u00e4 halua maksaa premium-j\u00e4senyydest\u00e4. Siksi sivusto <a href=\"http:\/\/www.vesselfinder.com\" target=\"_blank\" rel=\"noopener noreferrer\"><span class=\"s2\">VesselFinder<\/span><\/a> sopii erinomaisesti vaihtoehdoksi. Vaikka molemmilla sivustoilla on melko samanlainen live-kartta kaikista kaupallisista aluksista maailmanlaajuisesti, on joitain eroja. P\u00e4\u00e4asiassa saat yksinkertaisesti paljon enemm\u00e4n tietoa jokaisesta t\u00e4ll\u00e4 hetkell\u00e4 purjehtivasta laivasta.<\/span><\/p>\n<figure id=\"attachment_2727\" aria-describedby=\"caption-attachment-2727\" style=\"width: 900px\" class=\"wp-caption aligncenter\"><img loading=\"lazy\" decoding=\"async\" class=\"wp-image-2727 size-full\" src=\"https:\/\/ship-tracker.org\/wp-content\/uploads\/2020\/05\/Unbenannt44-e1589046113367.png\" alt=\"Aluksen etsin\" width=\"900\" height=\"455\" srcset=\"https:\/\/ship-tracker.org\/wp-content\/uploads\/2020\/05\/Unbenannt44-e1589046113367.png 900w, https:\/\/ship-tracker.org\/wp-content\/uploads\/2020\/05\/Unbenannt44-e1589046113367-300x152.png 300w, https:\/\/ship-tracker.org\/wp-content\/uploads\/2020\/05\/Unbenannt44-e1589046113367-768x388.png 768w\" sizes=\"auto, (max-width: 900px) 100vw, 900px\" \/><figcaption id=\"caption-attachment-2727\" class=\"wp-caption-text\">Kuvakaappaus \u00a9 Vesselfinder.com<\/figcaption><\/figure>\n<p class=\"p1\" style=\"text-align: justify;\"><span class=\"s1\">Voit esimerkiksi selvitt\u00e4\u00e4, miss\u00e4 valitsemasi laiva j\u00e4i viimeiseksi. Oliko se Hampurin paratiisi vai esimerkiksi Bremerhaven? Saat sen selville klikkaamalla laivaa. L\u00f6yd\u00e4t paljon muuta tietoa vain saatavilla ilmaiseksi ilman j\u00e4senyytt\u00e4.<\/span><\/p>\n<h3 class=\"p1\"><span class=\"s1\">Kuinka voit hy\u00f6dynt\u00e4\u00e4 ilmaista laivaseurantaa?<\/span><\/h3>\n<p class=\"p1\" style=\"text-align: justify;\"><span class=\"s1\">Ensinn\u00e4kin se yksinkertaisesti kiinnostaa monia ihmisi\u00e4 siell\u00e4. Merenkulkuala on kiehtonut vuosisatoja, ja kiinnostus on jatkunut t\u00e4h\u00e4n p\u00e4iv\u00e4\u00e4n asti. Siksi useimmat ihmiset tarkistavat laivanseurantalaitteen harrastuksena ja kiinnostuksen kohteina, sill\u00e4 laivoista l\u00f6ytyy paljon tietoa. Se on tietoa, jota muilla ihmisill\u00e4, jotka eiv\u00e4t tunne laivanseurantaajatusta, ei ehk\u00e4 ole.<\/span><\/p>\n<p class=\"p1\" style=\"text-align: justify;\"><span class=\"s1\">Mutta tietysti voit k\u00e4ytt\u00e4\u00e4 laivaseurantaa my\u00f6s k\u00e4yt\u00e4nn\u00f6llisen\u00e4 tapana hankkia lis\u00e4\u00e4 tietoa ymm\u00e4rt\u00e4\u00e4ksesi paremmin arkea. Voit esimerkiksi seurata kauppalaivojen polkua Kiinasta Eurooppaan. Voit seurata heid\u00e4n reittej\u00e4\u00e4n ja tarkistaa itse, kuinka pitk\u00e4lle he kulkevat. T\u00e4m\u00e4 saattaa olla kiinnostavaa sinulle, jos olet intohimoinen saaste ja ilmastonmuutos.<\/span><\/p>\n<h2 class=\"p1\"><span class=\"s1\">Laivaseurantalaitteen k\u00e4yt\u00e4nn\u00f6llinen k\u00e4ytt\u00f6<\/span><\/h2>\n<p class=\"p1\" style=\"text-align: justify;\"><span class=\"s1\">On selv\u00e4\u00e4, ett\u00e4 laivaseurantasivustoja, kuten VesselFinder ja MarineTraffic, ei ole tehty vain ihmisille, jotka ovat vain uteliaita meress\u00e4 olevista aluksista. N\u00e4m\u00e4 alusten seurantasivustot tarjoavat k\u00e4yt\u00e4nn\u00f6n k\u00e4ytt\u00f6\u00e4 monille ihmisille ymp\u00e4ri maailmaa.<\/span><\/p>\n<p class=\"p1\" style=\"text-align: justify;\"><span class=\"s1\">Voit esimerkiksi hy\u00f6ty\u00e4 paljon laivojen j\u00e4ljitt\u00e4jist\u00e4, jos p\u00e4\u00e4t\u00e4t menn\u00e4 merenkulkualan opiskeluihin finaalin j\u00e4lkeen. Esimerkiksi, jos p\u00e4\u00e4t\u00e4t opiskella merioikeutta, saatat oppia paljon tarkistamalla laillisia tietoja aluksista ja aluksista, jotka purjehtivat juuri nyt. Mink\u00e4 lippujen alla suurin osa laivoista purjehtii maailmassa? Purjehtivatko kaikki alukset maailmanlaajuisesti laillisesti vai onko laivoja, jotka eiv\u00e4t noudata lakia \u2013 esimerkiksi kun kyse on enimm\u00e4iskapasiteetista tai ISO-standardeista (yleiset s\u00e4\u00e4nn\u00f6t kaikille konttialuksille).<\/span><\/p>\n<h3 class=\"p1\"><span class=\"s1\">Muita ideoita laivanseurantalaitteiden k\u00e4ytt\u00f6\u00f6n<\/span><\/h3>\n<p class=\"p1\" style=\"text-align: justify;\"><span class=\"s1\">On olemassa monia vaihtoehtoja, joiden avulla voit saada lis\u00e4tietoja meriymp\u00e4rist\u00f6st\u00e4si. Voit esimerkiksi ottaa esimerkiksi &quot;Portit Near Me&quot; -vaihtoehdon. N\u00e4in voit l\u00f6yt\u00e4\u00e4 satamat, jotka ovat l\u00e4hell\u00e4 kotikaupunkiasi, jos asut l\u00e4hell\u00e4 merta. Laivojen seurantasivustot, kuten MarineTraffic, ovat my\u00f6s eritt\u00e4in hy\u00f6dyllisi\u00e4, kun olet lomalla ja haluat ehk\u00e4 viett\u00e4\u00e4 aikaa paikallisissa satamissa. Merikulttuurissa ja satamien ymp\u00e4rist\u00f6ss\u00e4 on yleens\u00e4 aina ainutlaatuinen tunnelma. Se on erilainen jokaisessa maassa, joten se on sinulle uusi kokemus \u2013 olitpa t\u00e4ll\u00e4 hetkell\u00e4 Shanghaissa, Kiinassa tai Hampurissa, Saksassa.<\/span><\/p>\n<h2 class=\"p1\"><span class=\"s1\">Kuinka saan lis\u00e4tietoja laivanseurantalaitteen toiminnasta?<\/span><\/h2>\n<p class=\"p1\" style=\"text-align: justify;\"><span class=\"s1\">Laivaseurantalaitteella ja AIS:ll\u00e4 on valtava rooli merenkulun maailmassa. Siksi voit l\u00f6yt\u00e4\u00e4 tonnia tietoa Internetist\u00e4. Nettisivut, kuten <a href=\"http:\/\/www.marineinsight.com\" target=\"_blank\" rel=\"noopener noreferrer\"><span class=\"s2\">www.marineinsight.com<\/span><\/a> tarjota erilaisia artikkeleita eri aiheista, jotka auttavat sinua ymm\u00e4rt\u00e4m\u00e4\u00e4n t\u00e4ysin merenkulun maailmaa. Ne kattavat my\u00f6s artikkelit ja uutiset AIS:st\u00e4 ja muista j\u00e4rjestelmist\u00e4. <\/span><\/p>\n<h3 class=\"p1\"><span class=\"s1\">Yhteenveto \u2013 Miksi alusten seurannan pit\u00e4isi olla sinulle tuttua<\/span><\/h3>\n<p class=\"p1\" style=\"text-align: justify;\"><span class=\"s1\">Suurten tavaram\u00e4\u00e4rien kuljettaminen valtameren yli valtavilla konttialuksilla vaikutti olennaisesti korkeaan elintasoamme ja vaurauteen. Se on valtavan halpa ja luotettava kuljetusmuoto, jota on optimoitu valtavasti viime vuosikymmenin\u00e4. Laivaseurantalaitteen avulla l\u00f6yd\u00e4t vain muutamalla hiiren napsautuksella jokaisen aluksen ja jokaisen kauppa-aluksen, jolla on yksil\u00f6llinen alustunnus. Se ei ole vain mielenkiintoista tarkistaa se \u2013 viett\u00e4m\u00e4ll\u00e4 aikaa siihen rikastuttaa n\u00e4kemyst\u00e4si maailmankaupasta ja monista muista n\u00e4k\u00f6kohdista.<\/span><\/p>\n<p><script async src=\"https:\/\/pagead2.googlesyndication.com\/pagead\/js\/adsbygoogle.js\"><\/script><br \/>\n<!-- Ship-Tracker Display --><br \/>\n<ins class=\"adsbygoogle\" style=\"display: block;\" data-ad-client=\"ca-pub-1316785063791781\" data-ad-slot=\"8075999632\" data-ad-format=\"auto\" data-full-width-responsive=\"true\"><\/ins><br \/>\n<script>\n     (adsbygoogle = window.adsbygoogle || []).push({});\n<\/script><\/p>\n<p>N\u00e4yt\u00e4 kaikki <a href=\"https:\/\/ship-tracker.org\/fi\/cruise-ship-tracker\/\">Risteilyalusten nykyinen sijainti.<\/a> Risteilyalusten sijainti voidaan m\u00e4\u00e4ritt\u00e4\u00e4 tarkasti karttojen perusteella <a href=\"https:\/\/ship-tracker.org\/fi\/vesselfinder\/\">VesselFinder<\/a> ja <a href=\"https:\/\/ship-tracker.org\/fi\/marinetraffic\/\">MarineTraffic<\/a>. Joten olet aina hyvin perill\u00e4, miss\u00e4 suosikkilaivasi on t\u00e4ll\u00e4 hetkell\u00e4.<\/p>\n<p>&nbsp;<\/p>","protected":false},"excerpt":{"rendered":"<p>Laivojen seuranta \u2013 Miten alusten ja alusten seuranta toimii? Seuranta toimitetaan hiiren napsautuksella \u2013 Internetin ansiosta t\u00e4m\u00e4 on todellisuutta. Mutta kuinka voit itse seurata suuria aluksia ja kaikentyyppisi\u00e4 aluksia? Kuinka voit k\u00e4ytt\u00e4\u00e4 oikeita alustoja eduksesi ja miten voit m\u00e4\u00e4ritt\u00e4\u00e4\u2026&nbsp;<a href=\"https:\/\/ship-tracker.org\/fi\/\" rel=\"bookmark\">Lue lis\u00e4\u00e4 \u00bb<span class=\"screen-reader-text\">Laivan seuranta<\/span><\/a><\/p>","protected":false},"author":1,"featured_media":2025,"parent":0,"menu_order":0,"comment_status":"closed","ping_status":"closed","template":"","meta":{"neve_meta_sidebar":"","neve_meta_container":"","neve_meta_enable_content_width":"","neve_meta_content_width":0,"neve_meta_title_alignment":"","neve_meta_author_avatar":"","neve_post_elements_order":"","neve_meta_disable_header":"","neve_meta_disable_footer":"","neve_meta_disable_title":"","neve_meta_reading_time":"","footnotes":""},"class_list":["post-400","page","type-page","status-publish","has-post-thumbnail","hentry"],"yoast_head":"<!-- This site is optimized with the Yoast SEO plugin v27.4 - https:\/\/yoast.com\/product\/yoast-seo-wordpress\/ -->\n<title>Ship Tracker \u2503How does tracking vessels and ships work?<\/title>\n<meta name=\"description\" content=\"Ship Tracker \u2693 Current position of All Cruise-ships \u2713 Live Ship Tracker \u2713 Review and Specifications \u2713 Webcam \u2713 Ship Tracking\" \/>\n<meta name=\"robots\" content=\"index, follow, max-snippet:-1, max-image-preview:large, max-video-preview:-1\" \/>\n<link rel=\"canonical\" href=\"https:\/\/ship-tracker.org\/fi\/\" \/>\n<meta property=\"og:locale\" content=\"fi_FI\" \/>\n<meta property=\"og:type\" content=\"article\" \/>\n<meta property=\"og:title\" content=\"Ship Tracker \u2503How does tracking vessels and ships work?\" \/>\n<meta property=\"og:description\" content=\"Ship Tracker \u2693 Current position of All Cruise-ships \u2713 Live Ship Tracker \u2713 Review and Specifications \u2713 Webcam \u2713 Ship Tracking\" \/>\n<meta property=\"og:url\" content=\"https:\/\/ship-tracker.org\/fi\/\" \/>\n<meta property=\"og:site_name\" content=\"Ship-tracker.org\" \/>\n<meta property=\"article:modified_time\" content=\"2021-11-08T20:04:41+00:00\" \/>\n<meta property=\"og:image\" content=\"https:\/\/ship-tracker.org\/wp-content\/uploads\/2020\/04\/karte-kreuzfahrt-kreuzfahrtschiff-schiffsposition-schiffsradar-768x388-1.jpg\" \/>\n\t<meta property=\"og:image:width\" content=\"768\" \/>\n\t<meta property=\"og:image:height\" content=\"388\" \/>\n\t<meta property=\"og:image:type\" content=\"image\/jpeg\" \/>\n<meta name=\"twitter:card\" content=\"summary_large_image\" \/>\n<meta name=\"twitter:label1\" content=\"Arvioitu lukuaika\" \/>\n\t<meta name=\"twitter:data1\" content=\"6 minuuttia\" \/>\n<script type=\"application\/ld+json\" class=\"yoast-schema-graph\">{\"@context\":\"https:\\\/\\\/schema.org\",\"@graph\":[{\"@type\":\"WebPage\",\"@id\":\"https:\\\/\\\/ship-tracker.org\\\/\",\"url\":\"https:\\\/\\\/ship-tracker.org\\\/\",\"name\":\"Ship Tracker \u2503How does tracking vessels and ships work?\",\"isPartOf\":{\"@id\":\"https:\\\/\\\/ship-tracker.org\\\/#website\"},\"primaryImageOfPage\":{\"@id\":\"https:\\\/\\\/ship-tracker.org\\\/#primaryimage\"},\"image\":{\"@id\":\"https:\\\/\\\/ship-tracker.org\\\/#primaryimage\"},\"thumbnailUrl\":\"https:\\\/\\\/ship-tracker.org\\\/wp-content\\\/uploads\\\/2020\\\/04\\\/karte-kreuzfahrt-kreuzfahrtschiff-schiffsposition-schiffsradar-768x388-1.jpg\",\"datePublished\":\"2017-09-15T20:26:10+00:00\",\"dateModified\":\"2021-11-08T20:04:41+00:00\",\"description\":\"Ship Tracker \u2693 Current position of All Cruise-ships \u2713 Live Ship Tracker \u2713 Review and Specifications \u2713 Webcam \u2713 Ship Tracking\",\"breadcrumb\":{\"@id\":\"https:\\\/\\\/ship-tracker.org\\\/#breadcrumb\"},\"inLanguage\":\"fi\",\"potentialAction\":[{\"@type\":\"ReadAction\",\"target\":[\"https:\\\/\\\/ship-tracker.org\\\/\"]}]},{\"@type\":\"ImageObject\",\"inLanguage\":\"fi\",\"@id\":\"https:\\\/\\\/ship-tracker.org\\\/#primaryimage\",\"url\":\"https:\\\/\\\/ship-tracker.org\\\/wp-content\\\/uploads\\\/2020\\\/04\\\/karte-kreuzfahrt-kreuzfahrtschiff-schiffsposition-schiffsradar-768x388-1.jpg\",\"contentUrl\":\"https:\\\/\\\/ship-tracker.org\\\/wp-content\\\/uploads\\\/2020\\\/04\\\/karte-kreuzfahrt-kreuzfahrtschiff-schiffsposition-schiffsradar-768x388-1.jpg\",\"width\":768,\"height\":388,\"caption\":\"MarineTraffic\"},{\"@type\":\"BreadcrumbList\",\"@id\":\"https:\\\/\\\/ship-tracker.org\\\/#breadcrumb\",\"itemListElement\":[{\"@type\":\"ListItem\",\"position\":1,\"name\":\"Startseite\",\"item\":\"https:\\\/\\\/ship-tracker.org\\\/\"},{\"@type\":\"ListItem\",\"position\":2,\"name\":\"Ship Tracker\"}]},{\"@type\":\"WebSite\",\"@id\":\"https:\\\/\\\/ship-tracker.org\\\/#website\",\"url\":\"https:\\\/\\\/ship-tracker.org\\\/\",\"name\":\"Ship-tracker.org\",\"description\":\"\",\"potentialAction\":[{\"@type\":\"SearchAction\",\"target\":{\"@type\":\"EntryPoint\",\"urlTemplate\":\"https:\\\/\\\/ship-tracker.org\\\/?s={search_term_string}\"},\"query-input\":{\"@type\":\"PropertyValueSpecification\",\"valueRequired\":true,\"valueName\":\"search_term_string\"}}],\"inLanguage\":\"fi\"}]}<\/script>\n<!-- \/ Yoast SEO plugin. -->","yoast_head_json":{"title":"Ship Tracker \u2503Kuinka alusten ja alusten seuranta toimii?","description":"Laivaseuranta \u2693 Kaikkien risteilyalusten nykyinen sijainti \u2713 Live Ship Tracker \u2713 Katsaus ja tekniset tiedot \u2713 Verkkokamera \u2713 Laivojen seuranta","robots":{"index":"index","follow":"follow","max-snippet":"max-snippet:-1","max-image-preview":"max-image-preview:large","max-video-preview":"max-video-preview:-1"},"canonical":"https:\/\/ship-tracker.org\/fi\/","og_locale":"fi_FI","og_type":"article","og_title":"Ship Tracker \u2503How does tracking vessels and ships work?","og_description":"Ship Tracker \u2693 Current position of All Cruise-ships \u2713 Live Ship Tracker \u2713 Review and Specifications \u2713 Webcam \u2713 Ship Tracking","og_url":"https:\/\/ship-tracker.org\/fi\/","og_site_name":"Ship-tracker.org","article_modified_time":"2021-11-08T20:04:41+00:00","og_image":[{"width":768,"height":388,"url":"https:\/\/ship-tracker.org\/wp-content\/uploads\/2020\/04\/karte-kreuzfahrt-kreuzfahrtschiff-schiffsposition-schiffsradar-768x388-1.jpg","type":"image\/jpeg"}],"twitter_card":"summary_large_image","twitter_misc":{"Arvioitu lukuaika":"6 minuuttia"},"schema":{"@context":"https:\/\/schema.org","@graph":[{"@type":"WebPage","@id":"https:\/\/ship-tracker.org\/","url":"https:\/\/ship-tracker.org\/","name":"Ship Tracker \u2503Kuinka alusten ja alusten seuranta toimii?","isPartOf":{"@id":"https:\/\/ship-tracker.org\/#website"},"primaryImageOfPage":{"@id":"https:\/\/ship-tracker.org\/#primaryimage"},"image":{"@id":"https:\/\/ship-tracker.org\/#primaryimage"},"thumbnailUrl":"https:\/\/ship-tracker.org\/wp-content\/uploads\/2020\/04\/karte-kreuzfahrt-kreuzfahrtschiff-schiffsposition-schiffsradar-768x388-1.jpg","datePublished":"2017-09-15T20:26:10+00:00","dateModified":"2021-11-08T20:04:41+00:00","description":"Laivaseuranta \u2693 Kaikkien risteilyalusten nykyinen sijainti \u2713 Live Ship Tracker \u2713 Katsaus ja tekniset tiedot \u2713 Verkkokamera \u2713 Laivojen seuranta","breadcrumb":{"@id":"https:\/\/ship-tracker.org\/#breadcrumb"},"inLanguage":"fi","potentialAction":[{"@type":"ReadAction","target":["https:\/\/ship-tracker.org\/"]}]},{"@type":"ImageObject","inLanguage":"fi","@id":"https:\/\/ship-tracker.org\/#primaryimage","url":"https:\/\/ship-tracker.org\/wp-content\/uploads\/2020\/04\/karte-kreuzfahrt-kreuzfahrtschiff-schiffsposition-schiffsradar-768x388-1.jpg","contentUrl":"https:\/\/ship-tracker.org\/wp-content\/uploads\/2020\/04\/karte-kreuzfahrt-kreuzfahrtschiff-schiffsposition-schiffsradar-768x388-1.jpg","width":768,"height":388,"caption":"MarineTraffic"},{"@type":"BreadcrumbList","@id":"https:\/\/ship-tracker.org\/#breadcrumb","itemListElement":[{"@type":"ListItem","position":1,"name":"Startseite","item":"https:\/\/ship-tracker.org\/"},{"@type":"ListItem","position":2,"name":"Ship Tracker"}]},{"@type":"WebSite","@id":"https:\/\/ship-tracker.org\/#website","url":"https:\/\/ship-tracker.org\/","name":"Ship-tracker.org","description":"","potentialAction":[{"@type":"SearchAction","target":{"@type":"EntryPoint","urlTemplate":"https:\/\/ship-tracker.org\/?s={search_term_string}"},"query-input":{"@type":"PropertyValueSpecification","valueRequired":true,"valueName":"search_term_string"}}],"inLanguage":"fi"}]}},"_links":{"self":[{"href":"https:\/\/ship-tracker.org\/fi\/wp-json\/wp\/v2\/pages\/400","targetHints":{"allow":["GET"]}}],"collection":[{"href":"https:\/\/ship-tracker.org\/fi\/wp-json\/wp\/v2\/pages"}],"about":[{"href":"https:\/\/ship-tracker.org\/fi\/wp-json\/wp\/v2\/types\/page"}],"author":[{"embeddable":true,"href":"https:\/\/ship-tracker.org\/fi\/wp-json\/wp\/v2\/users\/1"}],"replies":[{"embeddable":true,"href":"https:\/\/ship-tracker.org\/fi\/wp-json\/wp\/v2\/comments?post=400"}],"version-history":[{"count":10,"href":"https:\/\/ship-tracker.org\/fi\/wp-json\/wp\/v2\/pages\/400\/revisions"}],"predecessor-version":[{"id":3281,"href":"https:\/\/ship-tracker.org\/fi\/wp-json\/wp\/v2\/pages\/400\/revisions\/3281"}],"wp:featuredmedia":[{"embeddable":true,"href":"https:\/\/ship-tracker.org\/fi\/wp-json\/wp\/v2\/media\/2025"}],"wp:attachment":[{"href":"https:\/\/ship-tracker.org\/fi\/wp-json\/wp\/v2\/media?parent=400"}],"curies":[{"name":"wp","href":"https:\/\/api.w.org\/{rel}","templated":true}]}}