{"id":3660,"date":"2023-06-20T00:49:46","date_gmt":"2023-06-19T22:49:46","guid":{"rendered":"https:\/\/ship-tracker.org\/?page_id=3660"},"modified":"2023-06-20T00:49:46","modified_gmt":"2023-06-19T22:49:46","slug":"maersk-campton","status":"publish","type":"page","link":"https:\/\/ship-tracker.org\/fi\/maersk-campton\/","title":{"rendered":"MAERSK CAMPTON\u00a0"},"content":{"rendered":"<h2><span style=\"color: #000000;\">Nykyinen sijainti ja <\/span><span style=\"color: #000000;\">MAERSK CAMPTONin asema<\/span><\/h2>\n<p>Miss\u00e4 MAERSK CAMPTONin nykyinen sijainti on t\u00e4ll\u00e4 hetkell\u00e4?<br \/>\n<script type=\"text\/javascript\">\n  var width=\"100%\";var height=\"400\";\n  var mmsi=232043368;\n<\/script><script type=\"text\/javascript\" src=\"https:\/\/www.vesselfinder.com\/aismap.js\"><\/script><\/p>\n<p>Yhdistyneen kuningaskunnan lipun alla rekister\u00f6ity rahtialus MAERSK CAMPTON purjehtii parhaillaan merill\u00e4. Laiva, jonka IMO-numero on 9924211 ja MMSI-numero 232043367, mittaa <span class=\"specificationUnit\">366<\/span> metri\u00e4 pitk\u00e4 ja 51 metri\u00e4 s\u00e4de. Alla olevissa kartoissa on yksityiskohtaisia tietoja matkasta, mukaan lukien aluksen nykyinen sijainti, sen seuraava aikataulutettu k\u00e4yntisatama, arvioitu saapumisaika (ETA), arvioitu saapumisaika (PTA), nopeus, kurssi ja syv\u00e4ys. Tarjolla on my\u00f6s lis\u00e4resursseja, kuten valokuvia, videoita, paikallista aikaa ja UTC-aikaa.<\/p>\n<h2 class=\"pageTitle shipItemTitle\"><span style=\"color: #000000;\">MAERSK CAMPTON Katsaus ja tekniset tiedot<\/span><\/h2>\n<table>\n<tbody>\n<tr>\n<td style=\"width: 192px;\">Lippuvaltio<\/td>\n<td style=\"width: 192px;\">Yhdistynyt kuningaskunta (UK)<\/td>\n<\/tr>\n<tr>\n<td style=\"width: 192px;\">Rakennusvuosi<strong><br \/>\n<\/strong><\/td>\n<td style=\"width: 192px;\">2022<\/td>\n<\/tr>\n<tr>\n<td style=\"width: 192px;\">Laivan tyyppi<\/td>\n<td style=\"width: 192px;\">Rahtialus<\/td>\n<\/tr>\n<tr>\n<td style=\"width: 192px;\">Kutsumerkki<\/td>\n<td style=\"width: 192px;\">MMBQ4<\/td>\n<\/tr>\n<tr>\n<td style=\"width: 192px;\">Bruttovetoisuus<\/td>\n<td style=\"width: 192px;\">149944<\/td>\n<\/tr>\n<tr>\n<td style=\"width: 192px;\">Summer Deadweight<\/td>\n<td style=\"width: 192px;\">175897<\/td>\n<\/tr>\n<tr>\n<td style=\"width: 192px;\">Pituus<\/td>\n<td style=\"width: 192px;\"><span class=\"specificationUnit\">366 m<\/span><\/td>\n<\/tr>\n<tr>\n<td style=\"width: 192px;\">S\u00e4de<\/td>\n<td style=\"width: 192px;\"><span class=\"specificationUnit\">51 m<\/span><\/td>\n<\/tr>\n<tr>\n<td style=\"width: 192px;\">IMO<\/td>\n<td style=\"width: 192px;\">9924211<\/td>\n<\/tr>\n<tr>\n<td style=\"width: 192px;\">MMSI<\/td>\n<td style=\"width: 192px;\">232043367<\/td>\n<\/tr>\n<tr>\n<td style=\"width: 192px;\">Omistaja<\/td>\n<td style=\"width: 192px;\"><a href=\"https:\/\/ship-tracker.org\/fi\/maersk\/\">Maersk<\/a><\/td>\n<\/tr>\n<\/tbody>\n<\/table>","protected":false},"excerpt":{"rendered":"<p>MAERSK CAMPTONin nykyinen sijainti ja asema Miss\u00e4 MAERSK CAMPTON on t\u00e4ll\u00e4 hetkell\u00e4? MAERSK CAMPTON, Yhdistyneen kuningaskunnan lipun alle rekister\u00f6ity rahtialus, liikenn\u00f6i parhaillaan merill\u00e4. Aluksen IMO-numero on 9924211 ja MMSI-numero 232043367, pituus on 366 metri\u00e4 ja leveys 51 metri\u00e4. ...&nbsp;<a href=\"https:\/\/ship-tracker.org\/fi\/maersk-campton\/\" rel=\"bookmark\">Lue lis\u00e4\u00e4 \u00bb<span class=\"screen-reader-text\">MAERSK CAMPTON\u00a0<\/span><\/a><\/p>","protected":false},"author":1,"featured_media":3637,"parent":0,"menu_order":0,"comment_status":"closed","ping_status":"closed","template":"","meta":{"neve_meta_sidebar":"","neve_meta_container":"","neve_meta_enable_content_width":"","neve_meta_content_width":0,"neve_meta_title_alignment":"","neve_meta_author_avatar":"","neve_post_elements_order":"","neve_meta_disable_header":"","neve_meta_disable_footer":"","neve_meta_disable_title":"","neve_meta_reading_time":"","footnotes":""},"class_list":["post-3660","page","type-page","status-publish","has-post-thumbnail","hentry"],"yoast_head":"<!-- This site is optimized with the Yoast SEO plugin v26.9 - https:\/\/yoast.com\/product\/yoast-seo-wordpress\/ -->\n<title>MAERSK CAMPTON \u2503 Current location and position<\/title>\n<meta name=\"description\" content=\"MAERSK CAMPTON \u2693 Current location and position of MAERSK Vessel \u2713 Maersk container tracking \u2713 Live Ship Tracker \u2713 cargo ship\" \/>\n<meta name=\"robots\" content=\"index, follow, max-snippet:-1, max-image-preview:large, max-video-preview:-1\" \/>\n<link rel=\"canonical\" href=\"https:\/\/ship-tracker.org\/fi\/maersk-campton\/\" \/>\n<meta property=\"og:locale\" content=\"fi_FI\" \/>\n<meta property=\"og:type\" content=\"article\" \/>\n<meta property=\"og:title\" content=\"MAERSK CAMPTON \u2503 Current location and position\" \/>\n<meta property=\"og:description\" content=\"MAERSK CAMPTON \u2693 Current location and position of MAERSK Vessel \u2713 Maersk container tracking \u2713 Live Ship Tracker \u2713 cargo ship\" \/>\n<meta property=\"og:url\" content=\"https:\/\/ship-tracker.org\/fi\/maersk-campton\/\" \/>\n<meta property=\"og:site_name\" content=\"Ship-tracker.org\" \/>\n<meta property=\"og:image\" content=\"https:\/\/ship-tracker.org\/wp-content\/uploads\/2023\/06\/maersk-tanjong-g275700498_640.jpg\" \/>\n\t<meta property=\"og:image:width\" content=\"640\" \/>\n\t<meta property=\"og:image:height\" content=\"446\" \/>\n\t<meta property=\"og:image:type\" content=\"image\/jpeg\" \/>\n<meta name=\"twitter:card\" content=\"summary_large_image\" \/>\n<meta name=\"twitter:label1\" content=\"Arvioitu lukuaika\" \/>\n\t<meta name=\"twitter:data1\" content=\"1 minuutti\" \/>\n<script type=\"application\/ld+json\" class=\"yoast-schema-graph\">{\"@context\":\"https:\/\/schema.org\",\"@graph\":[{\"@type\":\"WebPage\",\"@id\":\"https:\/\/ship-tracker.org\/maersk-campton\/\",\"url\":\"https:\/\/ship-tracker.org\/maersk-campton\/\",\"name\":\"MAERSK CAMPTON \u2503 Current location and position\",\"isPartOf\":{\"@id\":\"https:\/\/ship-tracker.org\/#website\"},\"primaryImageOfPage\":{\"@id\":\"https:\/\/ship-tracker.org\/maersk-campton\/#primaryimage\"},\"image\":{\"@id\":\"https:\/\/ship-tracker.org\/maersk-campton\/#primaryimage\"},\"thumbnailUrl\":\"https:\/\/ship-tracker.org\/wp-content\/uploads\/2023\/06\/maersk-tanjong-g275700498_640.jpg\",\"datePublished\":\"2023-06-19T22:49:46+00:00\",\"description\":\"MAERSK CAMPTON \u2693 Current location and position of MAERSK Vessel \u2713 Maersk container tracking \u2713 Live Ship Tracker \u2713 cargo ship\",\"breadcrumb\":{\"@id\":\"https:\/\/ship-tracker.org\/maersk-campton\/#breadcrumb\"},\"inLanguage\":\"fi\",\"potentialAction\":[{\"@type\":\"ReadAction\",\"target\":[\"https:\/\/ship-tracker.org\/maersk-campton\/\"]}]},{\"@type\":\"ImageObject\",\"inLanguage\":\"fi\",\"@id\":\"https:\/\/ship-tracker.org\/maersk-campton\/#primaryimage\",\"url\":\"https:\/\/ship-tracker.org\/wp-content\/uploads\/2023\/06\/maersk-tanjong-g275700498_640.jpg\",\"contentUrl\":\"https:\/\/ship-tracker.org\/wp-content\/uploads\/2023\/06\/maersk-tanjong-g275700498_640.jpg\",\"width\":640,\"height\":446,\"caption\":\"MAERSK ABERDEEN\"},{\"@type\":\"BreadcrumbList\",\"@id\":\"https:\/\/ship-tracker.org\/maersk-campton\/#breadcrumb\",\"itemListElement\":[{\"@type\":\"ListItem\",\"position\":1,\"name\":\"Startseite\",\"item\":\"https:\/\/ship-tracker.org\/\"},{\"@type\":\"ListItem\",\"position\":2,\"name\":\"MAERSK CAMPTON\u00a0\"}]},{\"@type\":\"WebSite\",\"@id\":\"https:\/\/ship-tracker.org\/#website\",\"url\":\"https:\/\/ship-tracker.org\/\",\"name\":\"Ship-tracker.org\",\"description\":\"\",\"potentialAction\":[{\"@type\":\"SearchAction\",\"target\":{\"@type\":\"EntryPoint\",\"urlTemplate\":\"https:\/\/ship-tracker.org\/?s={search_term_string}\"},\"query-input\":{\"@type\":\"PropertyValueSpecification\",\"valueRequired\":true,\"valueName\":\"search_term_string\"}}],\"inLanguage\":\"fi\"}]}<\/script>\n<!-- \/ Yoast SEO plugin. -->","yoast_head_json":{"title":"MAERSK CAMPTON \u2503 Nykyinen sijainti ja sijainti","description":"MAERSK CAMPTON \u2693 MAERSK-aluksen nykyinen sijainti ja sijainti \u2713 Maersk-konttiseuranta \u2713 Live Ship Tracker \u2713 rahtilaiva","robots":{"index":"index","follow":"follow","max-snippet":"max-snippet:-1","max-image-preview":"max-image-preview:large","max-video-preview":"max-video-preview:-1"},"canonical":"https:\/\/ship-tracker.org\/fi\/maersk-campton\/","og_locale":"fi_FI","og_type":"article","og_title":"MAERSK CAMPTON \u2503 Current location and position","og_description":"MAERSK CAMPTON \u2693 Current location and position of MAERSK Vessel \u2713 Maersk container tracking \u2713 Live Ship Tracker \u2713 cargo ship","og_url":"https:\/\/ship-tracker.org\/fi\/maersk-campton\/","og_site_name":"Ship-tracker.org","og_image":[{"width":640,"height":446,"url":"https:\/\/ship-tracker.org\/wp-content\/uploads\/2023\/06\/maersk-tanjong-g275700498_640.jpg","type":"image\/jpeg"}],"twitter_card":"summary_large_image","twitter_misc":{"Arvioitu lukuaika":"1 minuutti"},"schema":{"@context":"https:\/\/schema.org","@graph":[{"@type":"WebPage","@id":"https:\/\/ship-tracker.org\/maersk-campton\/","url":"https:\/\/ship-tracker.org\/maersk-campton\/","name":"MAERSK CAMPTON \u2503 Nykyinen sijainti ja sijainti","isPartOf":{"@id":"https:\/\/ship-tracker.org\/#website"},"primaryImageOfPage":{"@id":"https:\/\/ship-tracker.org\/maersk-campton\/#primaryimage"},"image":{"@id":"https:\/\/ship-tracker.org\/maersk-campton\/#primaryimage"},"thumbnailUrl":"https:\/\/ship-tracker.org\/wp-content\/uploads\/2023\/06\/maersk-tanjong-g275700498_640.jpg","datePublished":"2023-06-19T22:49:46+00:00","description":"MAERSK CAMPTON \u2693 MAERSK-aluksen nykyinen sijainti ja sijainti \u2713 Maersk-konttiseuranta \u2713 Live Ship Tracker \u2713 rahtilaiva","breadcrumb":{"@id":"https:\/\/ship-tracker.org\/maersk-campton\/#breadcrumb"},"inLanguage":"fi","potentialAction":[{"@type":"ReadAction","target":["https:\/\/ship-tracker.org\/maersk-campton\/"]}]},{"@type":"ImageObject","inLanguage":"fi","@id":"https:\/\/ship-tracker.org\/maersk-campton\/#primaryimage","url":"https:\/\/ship-tracker.org\/wp-content\/uploads\/2023\/06\/maersk-tanjong-g275700498_640.jpg","contentUrl":"https:\/\/ship-tracker.org\/wp-content\/uploads\/2023\/06\/maersk-tanjong-g275700498_640.jpg","width":640,"height":446,"caption":"MAERSK ABERDEEN"},{"@type":"BreadcrumbList","@id":"https:\/\/ship-tracker.org\/maersk-campton\/#breadcrumb","itemListElement":[{"@type":"ListItem","position":1,"name":"Startseite","item":"https:\/\/ship-tracker.org\/"},{"@type":"ListItem","position":2,"name":"MAERSK CAMPTON\u00a0"}]},{"@type":"WebSite","@id":"https:\/\/ship-tracker.org\/#website","url":"https:\/\/ship-tracker.org\/","name":"Ship-tracker.org","description":"","potentialAction":[{"@type":"SearchAction","target":{"@type":"EntryPoint","urlTemplate":"https:\/\/ship-tracker.org\/?s={search_term_string}"},"query-input":{"@type":"PropertyValueSpecification","valueRequired":true,"valueName":"search_term_string"}}],"inLanguage":"fi"}]}},"_links":{"self":[{"href":"https:\/\/ship-tracker.org\/fi\/wp-json\/wp\/v2\/pages\/3660","targetHints":{"allow":["GET"]}}],"collection":[{"href":"https:\/\/ship-tracker.org\/fi\/wp-json\/wp\/v2\/pages"}],"about":[{"href":"https:\/\/ship-tracker.org\/fi\/wp-json\/wp\/v2\/types\/page"}],"author":[{"embeddable":true,"href":"https:\/\/ship-tracker.org\/fi\/wp-json\/wp\/v2\/users\/1"}],"replies":[{"embeddable":true,"href":"https:\/\/ship-tracker.org\/fi\/wp-json\/wp\/v2\/comments?post=3660"}],"version-history":[{"count":1,"href":"https:\/\/ship-tracker.org\/fi\/wp-json\/wp\/v2\/pages\/3660\/revisions"}],"predecessor-version":[{"id":3661,"href":"https:\/\/ship-tracker.org\/fi\/wp-json\/wp\/v2\/pages\/3660\/revisions\/3661"}],"wp:featuredmedia":[{"embeddable":true,"href":"https:\/\/ship-tracker.org\/fi\/wp-json\/wp\/v2\/media\/3637"}],"wp:attachment":[{"href":"https:\/\/ship-tracker.org\/fi\/wp-json\/wp\/v2\/media?parent=3660"}],"curies":[{"name":"wp","href":"https:\/\/api.w.org\/{rel}","templated":true}]}}