{"id":3597,"date":"2023-06-14T15:13:28","date_gmt":"2023-06-14T13:13:28","guid":{"rendered":"https:\/\/ship-tracker.org\/?page_id=3597"},"modified":"2024-11-10T22:20:54","modified_gmt":"2024-11-10T21:20:54","slug":"military-ship-tracker","status":"publish","type":"page","link":"https:\/\/ship-tracker.org\/fi\/military-ship-tracker\/","title":{"rendered":"Sotilaslaivojen seurantalaite"},"content":{"rendered":"<p>Seuraa kaikkia sota-aluksia maailmanlaajuisesti sotilaslaivaseurantalaitteellamme 24\/7 reaaliajassa! Saat erilaisia lis\u00e4tietoja napsauttamalla laivan kuvaketta kartalla.<\/p>\n<h2>Global Warships Live Map<\/h2>\n<p><iframe loading=\"lazy\" id=\"vesselfinder\" src=\"https:\/\/www.vesselfinder.com\/aismap?zoom=undefined&amp;lat=49&amp;lon=6.3&amp;width=100%25&amp;height=736&amp;names=true&amp;track=false&amp;fleet=&amp;fleet_name=false&amp;fleet_hide_old_positions=false&amp;clicktoact=false&amp;store_pos=true&amp;fil=4&amp;ra=https%3A%2F%2Fwww.marinevesseltraffic.com%2F2013%2F02%2Fmilitary-ship-track.html%3Ffull_screen%3Dyes\" name=\"vesselfinder\" width=\"100%\" height=\"736\" frameborder=\"0\" data-dashlane-frameid=\"382\">Selain ei tue upotettuja objekteja.<br \/>\nVieraile suoraan <a href=\"https:\/\/www.vesselfinder.com\" target=\"_blank\" rel=\"noopener\">www.vesselfinder.com<\/a><\/iframe><br \/>\nSotilaslaivojen j\u00e4ljityksell\u00e4 on kriittinen rooli merivoimien strategisissa toimissa maailmanlaajuisesti. Sen avulla laivastot voivat seurata alusten sijaintia, parantaa toiminnan tehokkuutta ja varmistaa merenkulun turvallisuuden.<\/p>\n<h2>Sotilaslaivojen seurannan merkitys<\/h2>\n<p>Laivojen seuranta sotilaallisessa kontekstissa on elint\u00e4rke\u00e4\u00e4 useista syist\u00e4:<\/p>\n<ol>\n<li><strong>Taktinen tietoisuus:<\/strong> Reaaliaikainen seuranta antaa merivoimille tarkan kuvan resurssien sijainnista, mik\u00e4 parantaa taktista tietoisuutta ja p\u00e4\u00e4t\u00f6ksentekoa.<\/li>\n<li><strong>Toiminnallinen tehokkuus:<\/strong> Se auttaa optimoimaan laivaston alusten k\u00e4ytt\u00f6\u00f6noton ja reitityksen, mik\u00e4 lis\u00e4\u00e4 toiminnan tehokkuutta ja s\u00e4\u00e4st\u00e4\u00e4 resursseja.<\/li>\n<li><strong>Turvallisuus:<\/strong> Seuranta voi auttaa est\u00e4m\u00e4\u00e4n onnettomuuksia tunnistamalla mahdolliset t\u00f6rm\u00e4yskurssit. Se my\u00f6s parantaa turvallisuutta varoittamalla komentokeskuksia suunnittelemattomista poikkeamista, jotka voivat viitata mahdolliseen uhkaan tai h\u00e4t\u00e4tilanteeseen.<\/li>\n<\/ol>\n<h2>Tekniikka<\/h2>\n<p>Useat tekniikat mahdollistavat sotilaslaivojen seurannan:<\/p>\n<ol>\n<li><strong>Tutkaj\u00e4rjestelm\u00e4t:<\/strong> Tutkaj\u00e4rjestelmi\u00e4, kuten automaattista tunnistusj\u00e4rjestelm\u00e4\u00e4 (AIS, Automatic Identification System), k\u00e4ytet\u00e4\u00e4n yleisesti alusten j\u00e4ljitt\u00e4miseen. Sotilasalukset kuitenkin usein sammuttavat AIS-transponderinsa turvallisuussyist\u00e4, koska my\u00f6s vastustajat voivat havaita sen.<\/li>\n<li><strong>Satelliittivalvonta:<\/strong> Satelliitit tarjoavat maailmanlaajuisen n\u00e4kym\u00e4n valtameriin, jolloin armeijat voivat tarkkailla aluksiaan erityisesti syrj\u00e4isill\u00e4 alueilla.<\/li>\n<li><strong>Luotainj\u00e4rjestelm\u00e4t:<\/strong> Vedenalaiset luotainj\u00e4rjestelm\u00e4t voivat j\u00e4ljitt\u00e4\u00e4 sukellusveneit\u00e4 ja muita vedenalaisia sotilasvarusteita.<\/li>\n<\/ol>\n<p>Haasteet ja tulevaisuuden kehitys:<\/p>\n<p>Vaikka sotilaslaivojen seuranta tarjoaa lukuisia etuja, se sis\u00e4lt\u00e4\u00e4 my\u00f6s haasteita. Strategiset tiedot tekev\u00e4t turvallisuudesta etusijalla. Edistynyt salaus ja muut kyberturvallisuustoimenpiteet ovat tarpeen, jotta vastustajat eiv\u00e4t sieppaa seurantatietoja.<\/p>\n<p>Lis\u00e4ksi seuranta syrj\u00e4isill\u00e4 alueilla, kuten arktisella alueella, voi olla haastavaa infrastruktuurin puutteen ja ankarien ymp\u00e4rist\u00f6olosuhteiden vuoksi. Uusien teknologioiden, kuten miehitt\u00e4m\u00e4tt\u00f6mien droonien ja teko\u00e4lyn, odotetaan parantavan seurantaominaisuuksia t\u00e4llaisilla alueilla.<\/p>\n<h3>Johtop\u00e4\u00e4t\u00f6s<\/h3>\n<p>Armeija <a href=\"https:\/\/ship-tracker.org\/fi\/\">laivan seurantalaite<\/a> on strateginen v\u00e4ltt\u00e4m\u00e4tt\u00f6myys, joka edist\u00e4\u00e4 merkitt\u00e4v\u00e4sti laivaston toiminnan tehokkuutta, turvallisuutta ja turvallisuutta. Teknologisen kehityksen jatkuessa seurantaj\u00e4rjestelmist\u00e4 tulee entist\u00e4 tarkempia, luotettavampia ja turvallisempia, mik\u00e4 lis\u00e4\u00e4 entisest\u00e4\u00e4n niiden strategista arvoa merenkulun toiminnassa.<\/p>","protected":false},"excerpt":{"rendered":"<p>Seuraa kaikkia sota-aluksia maailmanlaajuisesti sotilaslaivaseurantalaitteellamme 24\/7 reaaliajassa! Saat erilaisia lis\u00e4tietoja napsauttamalla laivan kuvaketta kartalla. Global Warships Live Map Browser ei tue upotettuja objekteja. Vieraile suoraan www.vesselfinder.com Sotilaslaivojen j\u00e4ljityksell\u00e4 on ratkaiseva rooli merivoimien strategisissa toimissa maailmanlaajuisesti. Se mahdollistaa\u2026&nbsp;<a href=\"https:\/\/ship-tracker.org\/fi\/military-ship-tracker\/\" rel=\"bookmark\">Lue lis\u00e4\u00e4 \u00bb<span class=\"screen-reader-text\">Sotilaslaivojen seurantalaite<\/span><\/a><\/p>","protected":false},"author":1,"featured_media":3599,"parent":0,"menu_order":0,"comment_status":"closed","ping_status":"closed","template":"","meta":{"neve_meta_sidebar":"","neve_meta_container":"","neve_meta_enable_content_width":"off","neve_meta_content_width":100,"neve_meta_title_alignment":"","neve_meta_author_avatar":"","neve_post_elements_order":"","neve_meta_disable_header":"","neve_meta_disable_footer":"","neve_meta_disable_title":"","neve_meta_reading_time":"","footnotes":""},"class_list":["post-3597","page","type-page","status-publish","has-post-thumbnail","hentry"],"yoast_head":"<!-- This site is optimized with the Yoast SEO plugin v26.9 - https:\/\/yoast.com\/product\/yoast-seo-wordpress\/ -->\n<title>Military Ship Tracker - Ship-tracker.org<\/title>\n<meta name=\"description\" content=\"Military Ship Tracker \u2693 Current position of All warships \u2713 Live Ship Tracker \u2713 IMO, MMSI and Specifications \u2713 Live Map by country\" \/>\n<meta name=\"robots\" content=\"index, follow, max-snippet:-1, max-image-preview:large, max-video-preview:-1\" \/>\n<link rel=\"canonical\" href=\"https:\/\/ship-tracker.org\/fi\/military-ship-tracker\/\" \/>\n<meta property=\"og:locale\" content=\"fi_FI\" \/>\n<meta property=\"og:type\" content=\"article\" \/>\n<meta property=\"og:title\" content=\"Military Ship Tracker - Ship-tracker.org\" \/>\n<meta property=\"og:description\" content=\"Military Ship Tracker \u2693 Current position of All warships \u2713 Live Ship Tracker \u2713 IMO, MMSI and Specifications \u2713 Live Map by country\" \/>\n<meta property=\"og:url\" content=\"https:\/\/ship-tracker.org\/fi\/military-ship-tracker\/\" \/>\n<meta property=\"og:site_name\" content=\"Ship-tracker.org\" \/>\n<meta property=\"article:modified_time\" content=\"2024-11-10T21:20:54+00:00\" \/>\n<meta property=\"og:image\" content=\"https:\/\/ship-tracker.org\/wp-content\/uploads\/2023\/06\/ships-g5e179667c_640.jpg\" \/>\n\t<meta property=\"og:image:width\" content=\"640\" \/>\n\t<meta property=\"og:image:height\" content=\"420\" \/>\n\t<meta property=\"og:image:type\" content=\"image\/jpeg\" \/>\n<meta name=\"twitter:card\" content=\"summary_large_image\" \/>\n<meta name=\"twitter:label1\" content=\"Arvioitu lukuaika\" \/>\n\t<meta name=\"twitter:data1\" content=\"2 minuuttia\" \/>\n<script type=\"application\/ld+json\" class=\"yoast-schema-graph\">{\"@context\":\"https:\/\/schema.org\",\"@graph\":[{\"@type\":\"WebPage\",\"@id\":\"https:\/\/ship-tracker.org\/military-ship-tracker\/\",\"url\":\"https:\/\/ship-tracker.org\/military-ship-tracker\/\",\"name\":\"Military Ship Tracker - Ship-tracker.org\",\"isPartOf\":{\"@id\":\"https:\/\/ship-tracker.org\/#website\"},\"primaryImageOfPage\":{\"@id\":\"https:\/\/ship-tracker.org\/military-ship-tracker\/#primaryimage\"},\"image\":{\"@id\":\"https:\/\/ship-tracker.org\/military-ship-tracker\/#primaryimage\"},\"thumbnailUrl\":\"https:\/\/ship-tracker.org\/wp-content\/uploads\/2023\/06\/ships-g5e179667c_640.jpg\",\"datePublished\":\"2023-06-14T13:13:28+00:00\",\"dateModified\":\"2024-11-10T21:20:54+00:00\",\"description\":\"Military Ship Tracker \u2693 Current position of All warships \u2713 Live Ship Tracker \u2713 IMO, MMSI and Specifications \u2713 Live Map by country\",\"breadcrumb\":{\"@id\":\"https:\/\/ship-tracker.org\/military-ship-tracker\/#breadcrumb\"},\"inLanguage\":\"fi\",\"potentialAction\":[{\"@type\":\"ReadAction\",\"target\":[\"https:\/\/ship-tracker.org\/military-ship-tracker\/\"]}]},{\"@type\":\"ImageObject\",\"inLanguage\":\"fi\",\"@id\":\"https:\/\/ship-tracker.org\/military-ship-tracker\/#primaryimage\",\"url\":\"https:\/\/ship-tracker.org\/wp-content\/uploads\/2023\/06\/ships-g5e179667c_640.jpg\",\"contentUrl\":\"https:\/\/ship-tracker.org\/wp-content\/uploads\/2023\/06\/ships-g5e179667c_640.jpg\",\"width\":640,\"height\":420,\"caption\":\"Military Ship Tracker\"},{\"@type\":\"BreadcrumbList\",\"@id\":\"https:\/\/ship-tracker.org\/military-ship-tracker\/#breadcrumb\",\"itemListElement\":[{\"@type\":\"ListItem\",\"position\":1,\"name\":\"Startseite\",\"item\":\"https:\/\/ship-tracker.org\/\"},{\"@type\":\"ListItem\",\"position\":2,\"name\":\"Military Ship Tracker\"}]},{\"@type\":\"WebSite\",\"@id\":\"https:\/\/ship-tracker.org\/#website\",\"url\":\"https:\/\/ship-tracker.org\/\",\"name\":\"Ship-tracker.org\",\"description\":\"\",\"potentialAction\":[{\"@type\":\"SearchAction\",\"target\":{\"@type\":\"EntryPoint\",\"urlTemplate\":\"https:\/\/ship-tracker.org\/?s={search_term_string}\"},\"query-input\":{\"@type\":\"PropertyValueSpecification\",\"valueRequired\":true,\"valueName\":\"search_term_string\"}}],\"inLanguage\":\"fi\"}]}<\/script>\n<!-- \/ Yoast SEO plugin. -->","yoast_head_json":{"title":"Military Ship Tracker - Ship-tracker.org","description":"Military Ship Tracker \u2693 Kaikkien sotalaivojen nykyinen sijainti \u2713 Live Ship Tracker \u2713 IMO, MMSI ja tekniset tiedot \u2713 Live Map maittain","robots":{"index":"index","follow":"follow","max-snippet":"max-snippet:-1","max-image-preview":"max-image-preview:large","max-video-preview":"max-video-preview:-1"},"canonical":"https:\/\/ship-tracker.org\/fi\/military-ship-tracker\/","og_locale":"fi_FI","og_type":"article","og_title":"Military Ship Tracker - Ship-tracker.org","og_description":"Military Ship Tracker \u2693 Current position of All warships \u2713 Live Ship Tracker \u2713 IMO, MMSI and Specifications \u2713 Live Map by country","og_url":"https:\/\/ship-tracker.org\/fi\/military-ship-tracker\/","og_site_name":"Ship-tracker.org","article_modified_time":"2024-11-10T21:20:54+00:00","og_image":[{"width":640,"height":420,"url":"https:\/\/ship-tracker.org\/wp-content\/uploads\/2023\/06\/ships-g5e179667c_640.jpg","type":"image\/jpeg"}],"twitter_card":"summary_large_image","twitter_misc":{"Arvioitu lukuaika":"2 minuuttia"},"schema":{"@context":"https:\/\/schema.org","@graph":[{"@type":"WebPage","@id":"https:\/\/ship-tracker.org\/military-ship-tracker\/","url":"https:\/\/ship-tracker.org\/military-ship-tracker\/","name":"Military Ship Tracker - Ship-tracker.org","isPartOf":{"@id":"https:\/\/ship-tracker.org\/#website"},"primaryImageOfPage":{"@id":"https:\/\/ship-tracker.org\/military-ship-tracker\/#primaryimage"},"image":{"@id":"https:\/\/ship-tracker.org\/military-ship-tracker\/#primaryimage"},"thumbnailUrl":"https:\/\/ship-tracker.org\/wp-content\/uploads\/2023\/06\/ships-g5e179667c_640.jpg","datePublished":"2023-06-14T13:13:28+00:00","dateModified":"2024-11-10T21:20:54+00:00","description":"Military Ship Tracker \u2693 Kaikkien sotalaivojen nykyinen sijainti \u2713 Live Ship Tracker \u2713 IMO, MMSI ja tekniset tiedot \u2713 Live Map maittain","breadcrumb":{"@id":"https:\/\/ship-tracker.org\/military-ship-tracker\/#breadcrumb"},"inLanguage":"fi","potentialAction":[{"@type":"ReadAction","target":["https:\/\/ship-tracker.org\/military-ship-tracker\/"]}]},{"@type":"ImageObject","inLanguage":"fi","@id":"https:\/\/ship-tracker.org\/military-ship-tracker\/#primaryimage","url":"https:\/\/ship-tracker.org\/wp-content\/uploads\/2023\/06\/ships-g5e179667c_640.jpg","contentUrl":"https:\/\/ship-tracker.org\/wp-content\/uploads\/2023\/06\/ships-g5e179667c_640.jpg","width":640,"height":420,"caption":"Military Ship Tracker"},{"@type":"BreadcrumbList","@id":"https:\/\/ship-tracker.org\/military-ship-tracker\/#breadcrumb","itemListElement":[{"@type":"ListItem","position":1,"name":"Startseite","item":"https:\/\/ship-tracker.org\/"},{"@type":"ListItem","position":2,"name":"Military Ship Tracker"}]},{"@type":"WebSite","@id":"https:\/\/ship-tracker.org\/#website","url":"https:\/\/ship-tracker.org\/","name":"Ship-tracker.org","description":"","potentialAction":[{"@type":"SearchAction","target":{"@type":"EntryPoint","urlTemplate":"https:\/\/ship-tracker.org\/?s={search_term_string}"},"query-input":{"@type":"PropertyValueSpecification","valueRequired":true,"valueName":"search_term_string"}}],"inLanguage":"fi"}]}},"_links":{"self":[{"href":"https:\/\/ship-tracker.org\/fi\/wp-json\/wp\/v2\/pages\/3597","targetHints":{"allow":["GET"]}}],"collection":[{"href":"https:\/\/ship-tracker.org\/fi\/wp-json\/wp\/v2\/pages"}],"about":[{"href":"https:\/\/ship-tracker.org\/fi\/wp-json\/wp\/v2\/types\/page"}],"author":[{"embeddable":true,"href":"https:\/\/ship-tracker.org\/fi\/wp-json\/wp\/v2\/users\/1"}],"replies":[{"embeddable":true,"href":"https:\/\/ship-tracker.org\/fi\/wp-json\/wp\/v2\/comments?post=3597"}],"version-history":[{"count":6,"href":"https:\/\/ship-tracker.org\/fi\/wp-json\/wp\/v2\/pages\/3597\/revisions"}],"predecessor-version":[{"id":5369,"href":"https:\/\/ship-tracker.org\/fi\/wp-json\/wp\/v2\/pages\/3597\/revisions\/5369"}],"wp:featuredmedia":[{"embeddable":true,"href":"https:\/\/ship-tracker.org\/fi\/wp-json\/wp\/v2\/media\/3599"}],"wp:attachment":[{"href":"https:\/\/ship-tracker.org\/fi\/wp-json\/wp\/v2\/media?parent=3597"}],"curies":[{"name":"wp","href":"https:\/\/api.w.org\/{rel}","templated":true}]}}