{"id":3583,"date":"2023-06-14T14:44:14","date_gmt":"2023-06-14T12:44:14","guid":{"rendered":"https:\/\/ship-tracker.org\/?page_id=3583"},"modified":"2023-06-14T14:44:14","modified_gmt":"2023-06-14T12:44:14","slug":"tracking-ship-container","status":"publish","type":"page","link":"https:\/\/ship-tracker.org\/fi\/tracking-ship-container\/","title":{"rendered":"Laivakontin seuranta"},"content":{"rendered":"<p><strong>Live Container Tracker sis\u00e4lt\u00e4\u00e4 lentorahdin, kuriiripaketit ja postin<\/strong><\/p>\n<p>Sy\u00f6t\u00e4 l\u00e4hetysnumero, jota haluat seurata:<br \/>\n<iframe loading=\"lazy\" class=\"tracking-form\" src=\"https:\/\/os.freightamigo.com\/wp\/v2\/tracking\" width=\"100%\" height=\"600px\" data-dashlane-rid=\"169e7ea8ce2cc400\" data-form-type=\"other\" data-dashlane-frameid=\"20497\"><\/iframe><\/p>\n<p><a href=\"https:\/\/ship-tracker.org\/fi\/\">Laivan seuranta<\/a> kontit ovat t\u00e4rke\u00e4 osa maailmanlaajuista kauppaa ja logistiikkaa. Kun tavarat kulkevat valtamerien ja maanosien halki, mahdollisuus seurata niiden matkaa reaaliajassa tarjoaa etuja kaikille sidosryhmille \u2013 laivayhti\u00f6ist\u00e4 loppukuluttajiin.<\/p>\n<h2>Tekniikka<\/h2>\n<p>Nykyaikainen konttiseuranta hy\u00f6dynt\u00e4\u00e4 erilaisia teknologioita, mukaan lukien satelliitti-GPS, RFID-tunnisteet ja IoT-laitteet. N\u00e4m\u00e4 tekniikat tarjoavat reaaliaikaista tietoa kontin sijainnista, ymp\u00e4rist\u00f6olosuhteista ja jopa kontin turvallisuustilasta.<\/p>\n<ol>\n<li><strong>GPS-seuranta:<\/strong> Global Positioning System (GPS) on yksi yleisimmin k\u00e4ytetyist\u00e4 kontinseurantatekniikoista. Asentamalla kontteihin GPS-laitteita varustamot voivat seurata konttien sijaintia reaaliajassa kaikkialla maailmassa.<\/li>\n<li><strong>RFID-tunnisteet:<\/strong> Radiotaajuustunnistus (RFID) -tunnisteet ovat toinen suosittu tekniikka. N\u00e4m\u00e4 tunnisteet voivat tallentaa yksityiskohtaista tietoa s\u00e4il\u00f6st\u00e4 ja sen sis\u00e4ll\u00f6st\u00e4. Toimitusketjun eri kohtiin, kuten satamiin ja jakelukeskuksiin, asennetut RFID-lukijat voivat nopeasti skannata n\u00e4m\u00e4 tunnisteet ja p\u00e4ivitt\u00e4\u00e4 s\u00e4ili\u00f6n tilan.<\/li>\n<li><strong>IoT-laitteet:<\/strong> Internet of Things (IoT) -laitteet tarjoavat edistyneit\u00e4 seurantaominaisuuksia. Ne voivat valvoa kontin sijainnin lis\u00e4ksi my\u00f6s ymp\u00e4rist\u00f6olosuhteita, kuten l\u00e4mp\u00f6tilaa ja kosteutta, mik\u00e4 tekee niist\u00e4 v\u00e4ltt\u00e4m\u00e4tt\u00f6mi\u00e4 herkkien tavaroiden, kuten elintarvikkeiden tai l\u00e4\u00e4kkeiden, kuljetuksessa.<\/li>\n<\/ol>\n<h2>Edut<\/h2>\n<p>Reaaliaikainen konttiseuranta tarjoaa lukuisia etuja.<\/p>\n<ol>\n<li><strong>N\u00e4kyvyys:<\/strong> Seuranta tarjoaa t\u00e4yden n\u00e4kyvyyden l\u00e4hetysprosessiin, jolloin varustamot ja asiakkaat voivat tiet\u00e4\u00e4, miss\u00e4 tavarat kulloinkin ovat. T\u00e4m\u00e4 l\u00e4pin\u00e4kyvyys voi v\u00e4hent\u00e4\u00e4 ep\u00e4varmuutta ja parantaa suunnittelua.<\/li>\n<li><strong>Tehokkuus:<\/strong> Reaaliaikainen seuranta voi tunnistaa pullonkaulat ja tehottomuudet toimitusprosessissa, mik\u00e4 johtaa parannuksiin reitityksess\u00e4 ja k\u00e4sittelyss\u00e4 ja lopulta v\u00e4hent\u00e4\u00e4 kustannuksia.<\/li>\n<li><strong>Turvallisuus:<\/strong> Seurantalaitteet voivat varoittaa yrityksi\u00e4 luvattomasta p\u00e4\u00e4syst\u00e4 kontteihin, mik\u00e4 parantaa sis\u00e4ll\u00e4 olevien tavaroiden turvallisuutta.<\/li>\n<\/ol>\n<h3>S\u00e4il\u00f6n seurannan tulevaisuus:<\/h3>\n<p>Konttien seurannan tulevaisuus tulee todenn\u00e4k\u00f6isesti muovautumaan tekniikan kehittymisen my\u00f6t\u00e4. Esimerkiksi Blockchain-teknologia voi lis\u00e4t\u00e4 kontin seurannan l\u00e4pin\u00e4kyvyytt\u00e4 ja turvallisuutta. Se voi luoda muuttumattoman tietueen jokaisen kontin matkasta, joka on kaikkien sidosryhmien saatavilla.<\/p>\n<p>Teko\u00e4ly ja koneoppiminen voivat analysoida seurantatietoja ennakoidakseen viiveit\u00e4 ja optimoidakseen reittej\u00e4. Lis\u00e4ksi IoT-laitteiden edistyminen voi tarjota entist\u00e4 yksityiskohtaisempaa reaaliaikaista tietoa konteista ja niiden sis\u00e4ll\u00f6st\u00e4.<\/p>\n<h3>Johtop\u00e4\u00e4t\u00f6s<\/h3>\n<p>Konttien seuranta on globaalin kaupan digitaalisen vallankumouksen ytimess\u00e4. Teknologian kehittyess\u00e4 se tuo ep\u00e4ilem\u00e4tt\u00e4 entist\u00e4 merkitt\u00e4v\u00e4mpi\u00e4 parannuksia tapaamme seurata ja hallita miljardeja kontteja, jotka ylitt\u00e4v\u00e4t valtamerimme joka vuosi, mik\u00e4 tekee maailmanlaajuisesta kaupasta tehokkaampaa, turvallisempaa ja l\u00e4pin\u00e4kyv\u00e4mp\u00e4\u00e4.<\/p>","protected":false},"excerpt":{"rendered":"<p>Live Container Tracker sis\u00e4lt\u00e4\u00e4 lentorahdin, kuriiripaketit ja postin Anna l\u00e4hetyksen numero, jota haluat seurata: Laivojen konttien seuranta on t\u00e4rke\u00e4 osa maailmanlaajuista kauppaa ja logistiikkaa. Kun tavarat kulkevat valtamerien ja maanosien halki, mahdollisuus seurata niiden matkaa reaaliajassa tarjoaa etuja kaikille sidosryhmille \u2013 laivayhti\u00f6ist\u00e4\u2026&nbsp;<a href=\"https:\/\/ship-tracker.org\/fi\/tracking-ship-container\/\" rel=\"bookmark\">Lue lis\u00e4\u00e4 \u00bb<span class=\"screen-reader-text\">Laivakontin seuranta<\/span><\/a><\/p>","protected":false},"author":1,"featured_media":3594,"parent":0,"menu_order":0,"comment_status":"closed","ping_status":"closed","template":"","meta":{"neve_meta_sidebar":"","neve_meta_container":"","neve_meta_enable_content_width":"","neve_meta_content_width":0,"neve_meta_title_alignment":"","neve_meta_author_avatar":"","neve_post_elements_order":"","neve_meta_disable_header":"","neve_meta_disable_footer":"","neve_meta_disable_title":"","neve_meta_reading_time":"","footnotes":""},"class_list":["post-3583","page","type-page","status-publish","has-post-thumbnail","hentry"],"yoast_head":"<!-- This site is optimized with the Yoast SEO plugin v26.9 - https:\/\/yoast.com\/product\/yoast-seo-wordpress\/ -->\n<title>Tracking Ship Container - Ship-tracker.org<\/title>\n<meta name=\"description\" content=\"Explore the revolution in global trade with real-time ship container tracking. Dive into the technologies enabling transparency.\" \/>\n<meta name=\"robots\" content=\"index, follow, max-snippet:-1, max-image-preview:large, max-video-preview:-1\" \/>\n<link rel=\"canonical\" href=\"https:\/\/ship-tracker.org\/fi\/tracking-ship-container\/\" \/>\n<meta property=\"og:locale\" content=\"fi_FI\" \/>\n<meta property=\"og:type\" content=\"article\" \/>\n<meta property=\"og:title\" content=\"Tracking Ship Container - Ship-tracker.org\" \/>\n<meta property=\"og:description\" content=\"Explore the revolution in global trade with real-time ship container tracking. Dive into the technologies enabling transparency.\" \/>\n<meta property=\"og:url\" content=\"https:\/\/ship-tracker.org\/fi\/tracking-ship-container\/\" \/>\n<meta property=\"og:site_name\" content=\"Ship-tracker.org\" \/>\n<meta property=\"og:image\" content=\"https:\/\/ship-tracker.org\/wp-content\/uploads\/2023\/06\/container-ship-g9d93bfd74_640.jpg\" \/>\n\t<meta property=\"og:image:width\" content=\"640\" \/>\n\t<meta property=\"og:image:height\" content=\"427\" \/>\n\t<meta property=\"og:image:type\" content=\"image\/jpeg\" \/>\n<meta name=\"twitter:card\" content=\"summary_large_image\" \/>\n<meta name=\"twitter:label1\" content=\"Arvioitu lukuaika\" \/>\n\t<meta name=\"twitter:data1\" content=\"2 minuuttia\" \/>\n<script type=\"application\/ld+json\" class=\"yoast-schema-graph\">{\"@context\":\"https:\/\/schema.org\",\"@graph\":[{\"@type\":\"WebPage\",\"@id\":\"https:\/\/ship-tracker.org\/tracking-ship-container\/\",\"url\":\"https:\/\/ship-tracker.org\/tracking-ship-container\/\",\"name\":\"Tracking Ship Container - Ship-tracker.org\",\"isPartOf\":{\"@id\":\"https:\/\/ship-tracker.org\/#website\"},\"primaryImageOfPage\":{\"@id\":\"https:\/\/ship-tracker.org\/tracking-ship-container\/#primaryimage\"},\"image\":{\"@id\":\"https:\/\/ship-tracker.org\/tracking-ship-container\/#primaryimage\"},\"thumbnailUrl\":\"https:\/\/ship-tracker.org\/wp-content\/uploads\/2023\/06\/container-ship-g9d93bfd74_640.jpg\",\"datePublished\":\"2023-06-14T12:44:14+00:00\",\"description\":\"Explore the revolution in global trade with real-time ship container tracking. Dive into the technologies enabling transparency.\",\"breadcrumb\":{\"@id\":\"https:\/\/ship-tracker.org\/tracking-ship-container\/#breadcrumb\"},\"inLanguage\":\"fi\",\"potentialAction\":[{\"@type\":\"ReadAction\",\"target\":[\"https:\/\/ship-tracker.org\/tracking-ship-container\/\"]}]},{\"@type\":\"ImageObject\",\"inLanguage\":\"fi\",\"@id\":\"https:\/\/ship-tracker.org\/tracking-ship-container\/#primaryimage\",\"url\":\"https:\/\/ship-tracker.org\/wp-content\/uploads\/2023\/06\/container-ship-g9d93bfd74_640.jpg\",\"contentUrl\":\"https:\/\/ship-tracker.org\/wp-content\/uploads\/2023\/06\/container-ship-g9d93bfd74_640.jpg\",\"width\":640,\"height\":427,\"caption\":\"Tracking Ship Container\"},{\"@type\":\"BreadcrumbList\",\"@id\":\"https:\/\/ship-tracker.org\/tracking-ship-container\/#breadcrumb\",\"itemListElement\":[{\"@type\":\"ListItem\",\"position\":1,\"name\":\"Startseite\",\"item\":\"https:\/\/ship-tracker.org\/\"},{\"@type\":\"ListItem\",\"position\":2,\"name\":\"Tracking Ship Container\"}]},{\"@type\":\"WebSite\",\"@id\":\"https:\/\/ship-tracker.org\/#website\",\"url\":\"https:\/\/ship-tracker.org\/\",\"name\":\"Ship-tracker.org\",\"description\":\"\",\"potentialAction\":[{\"@type\":\"SearchAction\",\"target\":{\"@type\":\"EntryPoint\",\"urlTemplate\":\"https:\/\/ship-tracker.org\/?s={search_term_string}\"},\"query-input\":{\"@type\":\"PropertyValueSpecification\",\"valueRequired\":true,\"valueName\":\"search_term_string\"}}],\"inLanguage\":\"fi\"}]}<\/script>\n<!-- \/ Yoast SEO plugin. -->","yoast_head_json":{"title":"Laivakontin seuranta - Ship-tracker.org","description":"Tutustu maailmanlaajuisen kaupan vallankumoukseen reaaliaikaisen laivojen konttiseurannan avulla. Sukella l\u00e4pin\u00e4kyvyytt\u00e4 mahdollistaviin teknologioihin.","robots":{"index":"index","follow":"follow","max-snippet":"max-snippet:-1","max-image-preview":"max-image-preview:large","max-video-preview":"max-video-preview:-1"},"canonical":"https:\/\/ship-tracker.org\/fi\/tracking-ship-container\/","og_locale":"fi_FI","og_type":"article","og_title":"Tracking Ship Container - Ship-tracker.org","og_description":"Explore the revolution in global trade with real-time ship container tracking. Dive into the technologies enabling transparency.","og_url":"https:\/\/ship-tracker.org\/fi\/tracking-ship-container\/","og_site_name":"Ship-tracker.org","og_image":[{"width":640,"height":427,"url":"https:\/\/ship-tracker.org\/wp-content\/uploads\/2023\/06\/container-ship-g9d93bfd74_640.jpg","type":"image\/jpeg"}],"twitter_card":"summary_large_image","twitter_misc":{"Arvioitu lukuaika":"2 minuuttia"},"schema":{"@context":"https:\/\/schema.org","@graph":[{"@type":"WebPage","@id":"https:\/\/ship-tracker.org\/tracking-ship-container\/","url":"https:\/\/ship-tracker.org\/tracking-ship-container\/","name":"Laivakontin seuranta - Ship-tracker.org","isPartOf":{"@id":"https:\/\/ship-tracker.org\/#website"},"primaryImageOfPage":{"@id":"https:\/\/ship-tracker.org\/tracking-ship-container\/#primaryimage"},"image":{"@id":"https:\/\/ship-tracker.org\/tracking-ship-container\/#primaryimage"},"thumbnailUrl":"https:\/\/ship-tracker.org\/wp-content\/uploads\/2023\/06\/container-ship-g9d93bfd74_640.jpg","datePublished":"2023-06-14T12:44:14+00:00","description":"Tutustu maailmanlaajuisen kaupan vallankumoukseen reaaliaikaisen laivojen konttiseurannan avulla. Sukella l\u00e4pin\u00e4kyvyytt\u00e4 mahdollistaviin teknologioihin.","breadcrumb":{"@id":"https:\/\/ship-tracker.org\/tracking-ship-container\/#breadcrumb"},"inLanguage":"fi","potentialAction":[{"@type":"ReadAction","target":["https:\/\/ship-tracker.org\/tracking-ship-container\/"]}]},{"@type":"ImageObject","inLanguage":"fi","@id":"https:\/\/ship-tracker.org\/tracking-ship-container\/#primaryimage","url":"https:\/\/ship-tracker.org\/wp-content\/uploads\/2023\/06\/container-ship-g9d93bfd74_640.jpg","contentUrl":"https:\/\/ship-tracker.org\/wp-content\/uploads\/2023\/06\/container-ship-g9d93bfd74_640.jpg","width":640,"height":427,"caption":"Tracking Ship Container"},{"@type":"BreadcrumbList","@id":"https:\/\/ship-tracker.org\/tracking-ship-container\/#breadcrumb","itemListElement":[{"@type":"ListItem","position":1,"name":"Startseite","item":"https:\/\/ship-tracker.org\/"},{"@type":"ListItem","position":2,"name":"Tracking Ship Container"}]},{"@type":"WebSite","@id":"https:\/\/ship-tracker.org\/#website","url":"https:\/\/ship-tracker.org\/","name":"Ship-tracker.org","description":"","potentialAction":[{"@type":"SearchAction","target":{"@type":"EntryPoint","urlTemplate":"https:\/\/ship-tracker.org\/?s={search_term_string}"},"query-input":{"@type":"PropertyValueSpecification","valueRequired":true,"valueName":"search_term_string"}}],"inLanguage":"fi"}]}},"_links":{"self":[{"href":"https:\/\/ship-tracker.org\/fi\/wp-json\/wp\/v2\/pages\/3583","targetHints":{"allow":["GET"]}}],"collection":[{"href":"https:\/\/ship-tracker.org\/fi\/wp-json\/wp\/v2\/pages"}],"about":[{"href":"https:\/\/ship-tracker.org\/fi\/wp-json\/wp\/v2\/types\/page"}],"author":[{"embeddable":true,"href":"https:\/\/ship-tracker.org\/fi\/wp-json\/wp\/v2\/users\/1"}],"replies":[{"embeddable":true,"href":"https:\/\/ship-tracker.org\/fi\/wp-json\/wp\/v2\/comments?post=3583"}],"version-history":[{"count":10,"href":"https:\/\/ship-tracker.org\/fi\/wp-json\/wp\/v2\/pages\/3583\/revisions"}],"predecessor-version":[{"id":3595,"href":"https:\/\/ship-tracker.org\/fi\/wp-json\/wp\/v2\/pages\/3583\/revisions\/3595"}],"wp:featuredmedia":[{"embeddable":true,"href":"https:\/\/ship-tracker.org\/fi\/wp-json\/wp\/v2\/media\/3594"}],"wp:attachment":[{"href":"https:\/\/ship-tracker.org\/fi\/wp-json\/wp\/v2\/media?parent=3583"}],"curies":[{"name":"wp","href":"https:\/\/api.w.org\/{rel}","templated":true}]}}