{"id":3448,"date":"2022-02-06T19:31:16","date_gmt":"2022-02-06T18:31:16","guid":{"rendered":"https:\/\/ship-tracker.org\/?page_id=3448"},"modified":"2022-02-06T19:31:16","modified_gmt":"2022-02-06T18:31:16","slug":"melbourne-star","status":"publish","type":"page","link":"https:\/\/ship-tracker.org\/fi\/melbourne-star\/","title":{"rendered":"MELBOURNE T\u00c4HTI"},"content":{"rendered":"<p><strong>MELBOURNE T\u00c4HTI<\/strong> (IMO: 7108162) purjehtii t\u00e4ll\u00e4 hetkell\u00e4 lipun alla <strong>Yhdistynyt kuningaskunta<\/strong>. Alus MELBOURNE STAR on a <strong>Rahtialus<\/strong> sis\u00e4\u00e4nrakennettu <strong>1971<\/strong>. H\u00e4nen kokonaispituus (LOA) on <strong>217.25<\/strong>\u00a0m, palkki on <strong>29.04<\/strong>\u00a0metri\u00e4.<strong> MELBOURNE T\u00c4HTI<\/strong> kontin kapasiteetti on <strong>1294<\/strong>\u00a0<strong>TEU<\/strong>.<\/p>\n<h2>MELBOURNE STARin (IMO 7108162) nykyinen sijainti ja sijainti \u2013 konttilaiva<\/h2>\n<p>Miss\u00e4 MELBOURNE STARin nykyinen sijainti on t\u00e4ll\u00e4 hetkell\u00e4?<\/p>\n<p><script type=\"text\/javascript\">\n  var width=\"1500\";\n  var height=\"500\";\n  var zoom=\"3\";\n  var click_to_activate=false;\n<\/script><br \/>\n<script type=\"text\/javascript\" src=\"https:\/\/www.vesselfinder.com\/aismap.js\">\n<\/script><\/p>\n<p>N\u00e4yt\u00e4 MELBOURNE STAR nykyinen sijainti. MELBOURNE STARin sijainti voidaan m\u00e4\u00e4ritt\u00e4\u00e4 tarkasti VesselFinderin ja MarineTrafficin karttojen avulla. Joten olet aina hyvin perill\u00e4, miss\u00e4 suosikkilaivasi on t\u00e4ll\u00e4 hetkell\u00e4.<\/p>\n<h2>SEAGO ISTANBULin aluksen tiedot<\/h2>\n<table>\n<tbody>\n<tr>\n<td style=\"width: 50%;\"><strong>Aluksen tiedot<\/strong><\/td>\n<td style=\"width: 50%;\"><strong>Arvo<\/strong><\/td>\n<\/tr>\n<tr>\n<td style=\"width: 50%;\">Aluksen nimi<\/td>\n<td style=\"width: 50%;\">MELBOURNE T\u00c4HTI<\/td>\n<\/tr>\n<tr>\n<td style=\"width: 50%;\">Laivan tyyppi<\/td>\n<td style=\"width: 50%;\">Rahtialus<\/td>\n<\/tr>\n<tr>\n<td style=\"width: 50%;\">IMO<\/td>\n<td style=\"width: 50%;\">Ei k\u00e4yt\u00f6ss\u00e4<\/td>\n<\/tr>\n<tr>\n<td style=\"width: 50%;\">MMSI<\/td>\n<td style=\"width: 50%;\">Ei k\u00e4yt\u00f6ss\u00e4<\/td>\n<\/tr>\n<tr>\n<td style=\"width: 50%;\">Kutsumerkki<\/td>\n<td style=\"width: 50%;\">OXVE2<\/td>\n<\/tr>\n<tr>\n<td style=\"width: 50%;\">Lippu<\/td>\n<td style=\"width: 50%;\">Yhdistynyt kuningaskunta<\/td>\n<\/tr>\n<tr>\n<td style=\"width: 50%;\">Bruttovetoisuus<\/td>\n<td style=\"width: 50%;\">24907<\/td>\n<\/tr>\n<tr>\n<td style=\"width: 50%;\">Kuollut paino<\/td>\n<td style=\"width: 50%;\">27905<\/td>\n<\/tr>\n<tr>\n<td style=\"width: 50%;\">Pituus<\/td>\n<td style=\"width: 50%;\">217,25 m<\/td>\n<\/tr>\n<tr>\n<td style=\"width: 50%;\">S\u00e4de<\/td>\n<td style=\"width: 50%;\">29,04 m<\/td>\n<\/tr>\n<tr>\n<td style=\"width: 50%;\">Rakennusvuosi<\/td>\n<td style=\"width: 50%;\">1971<\/td>\n<\/tr>\n<tr>\n<td style=\"width: 50%;\">Rakentaja<\/td>\n<td style=\"width: 50%;\">BREMER VULKAN<\/td>\n<\/tr>\n<tr>\n<td style=\"width: 50%;\">Piha<\/td>\n<td style=\"width: 50%;\">BREMER<\/td>\n<\/tr>\n<tr>\n<td style=\"width: 50%;\">TEU<\/td>\n<td style=\"width: 50%;\">1294<\/td>\n<\/tr>\n<tr>\n<td style=\"width: 50%;\">Laivan operaattori<\/td>\n<td style=\"width: 50%;\"><a href=\"https:\/\/ship-tracker.org\/fi\/maersk-line\/\">Maersk Line<\/a><\/td>\n<\/tr>\n<\/tbody>\n<\/table>\n<p>Kaikki tiedot ovat tiedoksi, eik\u00e4 ship-tracker.org ole vastuussa tietoarvojen tarkkuudesta ja luotettavuudesta.<\/p>","protected":false},"excerpt":{"rendered":"<p>MELBOURNE STAR (IMO: 7108162) purjehtii t\u00e4ll\u00e4 hetkell\u00e4 Yhdistyneen kuningaskunnan lipun alla. Alus MELBOURNE STAR on vuonna 1971 rakennettu konttialus. Sen kokonaispituus (LOA) on 217,25 m ja leveys 29,04 metri\u00e4. MELBOURNE STARin konttikapasiteetti on 1294 TEU. MELBOURNE STARin (IMO 7108162) nykyinen sijainti ja asema \u2013 Konttialus Miss\u00e4 on nykyinen\u2026&nbsp;<a href=\"https:\/\/ship-tracker.org\/fi\/melbourne-star\/\" rel=\"bookmark\">Lue lis\u00e4\u00e4 \u00bb<span class=\"screen-reader-text\">MELBOURNE T\u00c4HTI<\/span><\/a><\/p>","protected":false},"author":1,"featured_media":0,"parent":0,"menu_order":0,"comment_status":"closed","ping_status":"closed","template":"","meta":{"neve_meta_sidebar":"","neve_meta_container":"","neve_meta_enable_content_width":"","neve_meta_content_width":0,"neve_meta_title_alignment":"","neve_meta_author_avatar":"","neve_post_elements_order":"","neve_meta_disable_header":"","neve_meta_disable_footer":"","neve_meta_disable_title":"","neve_meta_reading_time":"","footnotes":""},"class_list":["post-3448","page","type-page","status-publish","hentry"],"yoast_head":"<!-- This site is optimized with the Yoast SEO plugin v26.9 - https:\/\/yoast.com\/product\/yoast-seo-wordpress\/ -->\n<title>MELBOURNE STAR - Container Ship, IMO 7108162 - Current location<\/title>\n<meta name=\"description\" content=\"Track current location and position of MELBOURNE STAR Container Ship on Live Map - IMO: 7108162 \u2713 Container Ship Tracking\" \/>\n<meta name=\"robots\" content=\"index, follow, max-snippet:-1, max-image-preview:large, max-video-preview:-1\" \/>\n<link rel=\"canonical\" href=\"https:\/\/ship-tracker.org\/fi\/melbourne-star\/\" \/>\n<meta property=\"og:locale\" content=\"fi_FI\" \/>\n<meta property=\"og:type\" content=\"article\" \/>\n<meta property=\"og:title\" content=\"MELBOURNE STAR - Container Ship, IMO 7108162 - Current location\" \/>\n<meta property=\"og:description\" content=\"Track current location and position of MELBOURNE STAR Container Ship on Live Map - IMO: 7108162 \u2713 Container Ship Tracking\" \/>\n<meta property=\"og:url\" content=\"https:\/\/ship-tracker.org\/fi\/melbourne-star\/\" \/>\n<meta property=\"og:site_name\" content=\"Ship-tracker.org\" \/>\n<meta name=\"twitter:card\" content=\"summary_large_image\" \/>\n<meta name=\"twitter:label1\" content=\"Arvioitu lukuaika\" \/>\n\t<meta name=\"twitter:data1\" content=\"1 minuutti\" \/>\n<script type=\"application\/ld+json\" class=\"yoast-schema-graph\">{\"@context\":\"https:\/\/schema.org\",\"@graph\":[{\"@type\":\"WebPage\",\"@id\":\"https:\/\/ship-tracker.org\/melbourne-star\/\",\"url\":\"https:\/\/ship-tracker.org\/melbourne-star\/\",\"name\":\"MELBOURNE STAR - Container Ship, IMO 7108162 - Current location\",\"isPartOf\":{\"@id\":\"https:\/\/ship-tracker.org\/#website\"},\"datePublished\":\"2022-02-06T18:31:16+00:00\",\"description\":\"Track current location and position of MELBOURNE STAR Container Ship on Live Map - IMO: 7108162 \u2713 Container Ship Tracking\",\"breadcrumb\":{\"@id\":\"https:\/\/ship-tracker.org\/melbourne-star\/#breadcrumb\"},\"inLanguage\":\"fi\",\"potentialAction\":[{\"@type\":\"ReadAction\",\"target\":[\"https:\/\/ship-tracker.org\/melbourne-star\/\"]}]},{\"@type\":\"BreadcrumbList\",\"@id\":\"https:\/\/ship-tracker.org\/melbourne-star\/#breadcrumb\",\"itemListElement\":[{\"@type\":\"ListItem\",\"position\":1,\"name\":\"Startseite\",\"item\":\"https:\/\/ship-tracker.org\/\"},{\"@type\":\"ListItem\",\"position\":2,\"name\":\"MELBOURNE STAR\"}]},{\"@type\":\"WebSite\",\"@id\":\"https:\/\/ship-tracker.org\/#website\",\"url\":\"https:\/\/ship-tracker.org\/\",\"name\":\"Ship-tracker.org\",\"description\":\"\",\"potentialAction\":[{\"@type\":\"SearchAction\",\"target\":{\"@type\":\"EntryPoint\",\"urlTemplate\":\"https:\/\/ship-tracker.org\/?s={search_term_string}\"},\"query-input\":{\"@type\":\"PropertyValueSpecification\",\"valueRequired\":true,\"valueName\":\"search_term_string\"}}],\"inLanguage\":\"fi\"}]}<\/script>\n<!-- \/ Yoast SEO plugin. -->","yoast_head_json":{"title":"MELBOURNE STAR - Konttilaiva, IMO 7108162 - Nykyinen sijainti","description":"Seuraa MELBOURNE STAR -konttilaivan nykyist\u00e4 sijaintia ja sijaintia live-kartalla - IMO: 7108162 \u2713 Konttilaivan seuranta","robots":{"index":"index","follow":"follow","max-snippet":"max-snippet:-1","max-image-preview":"max-image-preview:large","max-video-preview":"max-video-preview:-1"},"canonical":"https:\/\/ship-tracker.org\/fi\/melbourne-star\/","og_locale":"fi_FI","og_type":"article","og_title":"MELBOURNE STAR - Container Ship, IMO 7108162 - Current location","og_description":"Track current location and position of MELBOURNE STAR Container Ship on Live Map - IMO: 7108162 \u2713 Container Ship Tracking","og_url":"https:\/\/ship-tracker.org\/fi\/melbourne-star\/","og_site_name":"Ship-tracker.org","twitter_card":"summary_large_image","twitter_misc":{"Arvioitu lukuaika":"1 minuutti"},"schema":{"@context":"https:\/\/schema.org","@graph":[{"@type":"WebPage","@id":"https:\/\/ship-tracker.org\/melbourne-star\/","url":"https:\/\/ship-tracker.org\/melbourne-star\/","name":"MELBOURNE STAR - Konttilaiva, IMO 7108162 - Nykyinen sijainti","isPartOf":{"@id":"https:\/\/ship-tracker.org\/#website"},"datePublished":"2022-02-06T18:31:16+00:00","description":"Seuraa MELBOURNE STAR -konttilaivan nykyist\u00e4 sijaintia ja sijaintia live-kartalla - IMO: 7108162 \u2713 Konttilaivan seuranta","breadcrumb":{"@id":"https:\/\/ship-tracker.org\/melbourne-star\/#breadcrumb"},"inLanguage":"fi","potentialAction":[{"@type":"ReadAction","target":["https:\/\/ship-tracker.org\/melbourne-star\/"]}]},{"@type":"BreadcrumbList","@id":"https:\/\/ship-tracker.org\/melbourne-star\/#breadcrumb","itemListElement":[{"@type":"ListItem","position":1,"name":"Startseite","item":"https:\/\/ship-tracker.org\/"},{"@type":"ListItem","position":2,"name":"MELBOURNE STAR"}]},{"@type":"WebSite","@id":"https:\/\/ship-tracker.org\/#website","url":"https:\/\/ship-tracker.org\/","name":"Ship-tracker.org","description":"","potentialAction":[{"@type":"SearchAction","target":{"@type":"EntryPoint","urlTemplate":"https:\/\/ship-tracker.org\/?s={search_term_string}"},"query-input":{"@type":"PropertyValueSpecification","valueRequired":true,"valueName":"search_term_string"}}],"inLanguage":"fi"}]}},"_links":{"self":[{"href":"https:\/\/ship-tracker.org\/fi\/wp-json\/wp\/v2\/pages\/3448","targetHints":{"allow":["GET"]}}],"collection":[{"href":"https:\/\/ship-tracker.org\/fi\/wp-json\/wp\/v2\/pages"}],"about":[{"href":"https:\/\/ship-tracker.org\/fi\/wp-json\/wp\/v2\/types\/page"}],"author":[{"embeddable":true,"href":"https:\/\/ship-tracker.org\/fi\/wp-json\/wp\/v2\/users\/1"}],"replies":[{"embeddable":true,"href":"https:\/\/ship-tracker.org\/fi\/wp-json\/wp\/v2\/comments?post=3448"}],"version-history":[{"count":1,"href":"https:\/\/ship-tracker.org\/fi\/wp-json\/wp\/v2\/pages\/3448\/revisions"}],"predecessor-version":[{"id":3449,"href":"https:\/\/ship-tracker.org\/fi\/wp-json\/wp\/v2\/pages\/3448\/revisions\/3449"}],"wp:attachment":[{"href":"https:\/\/ship-tracker.org\/fi\/wp-json\/wp\/v2\/media?parent=3448"}],"curies":[{"name":"wp","href":"https:\/\/api.w.org\/{rel}","templated":true}]}}