{"id":3446,"date":"2022-02-06T19:26:19","date_gmt":"2022-02-06T18:26:19","guid":{"rendered":"https:\/\/ship-tracker.org\/?page_id=3446"},"modified":"2022-02-06T19:26:19","modified_gmt":"2022-02-06T18:26:19","slug":"po-nedlloyd-luanda","status":"publish","type":"page","link":"https:\/\/ship-tracker.org\/fi\/po-nedlloyd-luanda\/","title":{"rendered":"P&amp;O NEDLLOYD LUANDA"},"content":{"rendered":"<p><strong>P&amp;O NEDLLOYD LUANDA<\/strong> (IMO: 7817115) purjehtii t\u00e4ll\u00e4 hetkell\u00e4 lipun alla <strong>Bahama<\/strong>. Alus P&amp;O NEDLLOYD LUANDA on a <strong>Rahtialus<\/strong> sis\u00e4\u00e4nrakennettu <strong>1980<\/strong>. H\u00e4nen kokonaispituus (LOA) on <strong>169.4<\/strong>\u00a0m, palkki on <strong>27.84<\/strong>\u00a0metri\u00e4.<strong> P&amp;O NEDLLOYD LUANDA<\/strong> kontin kapasiteetti on <strong>852<\/strong>\u00a0<strong>TEU<\/strong>.<\/p>\n<h2>P&amp;O NEDLLOYD LUANDA (IMO 7817115) nykyinen sijainti ja sijainti \u2013 konttilaiva<\/h2>\n<p>Miss\u00e4 P&amp;O NEDLLOYD LUANDAn nykyinen asema on t\u00e4ll\u00e4 hetkell\u00e4?<\/p>\n<p><script type=\"text\/javascript\">\n  var width=\"1500\";\n  var height=\"500\";\n  var zoom=\"3\";\n  var click_to_activate=false;\n<\/script><br \/>\n<script type=\"text\/javascript\" src=\"https:\/\/www.vesselfinder.com\/aismap.js\">\n<\/script><\/p>\n<p>N\u00e4yt\u00e4 P&amp;O NEDLLOYD LUANDA nykyinen sijainti. P&amp;O NEDLLOYD LUANDAn sijainti voidaan m\u00e4\u00e4ritt\u00e4\u00e4 tarkasti VesselFinderin ja MarineTrafficin karttojen avulla. Joten olet aina hyvin perill\u00e4, miss\u00e4 suosikkilaivasi on t\u00e4ll\u00e4 hetkell\u00e4.<\/p>\n<h2>P&amp;O NEDLLOYD LUANDA:n aluksen tiedot<\/h2>\n<table>\n<tbody>\n<tr>\n<td style=\"width: 50%;\"><strong>Aluksen tiedot<\/strong><\/td>\n<td style=\"width: 50%;\"><strong>Arvo<\/strong><\/td>\n<\/tr>\n<tr>\n<td style=\"width: 50%;\">Aluksen nimi<\/td>\n<td style=\"width: 50%;\">P&amp;O NEDLLOYD LUANDA<\/td>\n<\/tr>\n<tr>\n<td style=\"width: 50%;\">Laivan tyyppi<\/td>\n<td style=\"width: 50%;\">Rahtialus<\/td>\n<\/tr>\n<tr>\n<td style=\"width: 50%;\">IMO<\/td>\n<td style=\"width: 50%;\">7817115<\/td>\n<\/tr>\n<tr>\n<td style=\"width: 50%;\">MMSI<\/td>\n<td style=\"width: 50%;\">Ei k\u00e4yt\u00f6ss\u00e4<\/td>\n<\/tr>\n<tr>\n<td style=\"width: 50%;\">Kutsumerkki<\/td>\n<td style=\"width: 50%;\">Ei k\u00e4yt\u00f6ss\u00e4<\/td>\n<\/tr>\n<tr>\n<td style=\"width: 50%;\">Lippu<\/td>\n<td style=\"width: 50%;\">Bahama<\/td>\n<\/tr>\n<tr>\n<td style=\"width: 50%;\">Bruttovetoisuus<\/td>\n<td style=\"width: 50%;\">19636<\/td>\n<\/tr>\n<tr>\n<td style=\"width: 50%;\">Kuollut paino<\/td>\n<td style=\"width: 50%;\">18250<\/td>\n<\/tr>\n<tr>\n<td style=\"width: 50%;\">Pituus<\/td>\n<td style=\"width: 50%;\">169,4 m<\/td>\n<\/tr>\n<tr>\n<td style=\"width: 50%;\">S\u00e4de<\/td>\n<td style=\"width: 50%;\">27,84 m<\/td>\n<\/tr>\n<tr>\n<td style=\"width: 50%;\">Rakennusvuosi<\/td>\n<td style=\"width: 50%;\">1980<\/td>\n<\/tr>\n<tr>\n<td style=\"width: 50%;\">Rakentaja<\/td>\n<td style=\"width: 50%;\">BREMER VULKAN<\/td>\n<\/tr>\n<tr>\n<td style=\"width: 50%;\">Piha<\/td>\n<td style=\"width: 50%;\">BREMER<\/td>\n<\/tr>\n<tr>\n<td style=\"width: 50%;\">TEU<\/td>\n<td style=\"width: 50%;\">852<\/td>\n<\/tr>\n<tr>\n<td style=\"width: 50%;\">Laivan operaattori<\/td>\n<td style=\"width: 50%;\"><a href=\"https:\/\/ship-tracker.org\/fi\/maersk-line\/\">Maersk Line<\/a><\/td>\n<\/tr>\n<\/tbody>\n<\/table>\n<p>Kaikki tiedot ovat tiedoksi, eik\u00e4 ship-tracker.org ole vastuussa tietoarvojen tarkkuudesta ja luotettavuudesta.<\/p>","protected":false},"excerpt":{"rendered":"<p>P&amp;O NEDLLOYD LUANDA (IMO: 7817115) purjehtii t\u00e4ll\u00e4 hetkell\u00e4 Bahaman lipun alla. Alus P&amp;O NEDLLOYD LUANDA on vuonna 1980 rakennettu konttialus. Sen kokonaispituus (LOA) on 169,4 m ja leveys 27,84 metri\u00e4. P&amp;O NEDLLOYD LUANDAN konttikapasiteetti on 852 TEU:ta. P&amp;O NEDLLOYD LUANDAN (IMO 7817115) nykyinen sijainti \u2013 Konttialus Miss\u00e4\u2026&nbsp;<a href=\"https:\/\/ship-tracker.org\/fi\/po-nedlloyd-luanda\/\" rel=\"bookmark\">Lue lis\u00e4\u00e4 \u00bb<span class=\"screen-reader-text\">P&amp;O NEDLLOYD LUANDA<\/span><\/a><\/p>","protected":false},"author":1,"featured_media":0,"parent":0,"menu_order":0,"comment_status":"closed","ping_status":"closed","template":"","meta":{"neve_meta_sidebar":"","neve_meta_container":"","neve_meta_enable_content_width":"","neve_meta_content_width":0,"neve_meta_title_alignment":"","neve_meta_author_avatar":"","neve_post_elements_order":"","neve_meta_disable_header":"","neve_meta_disable_footer":"","neve_meta_disable_title":"","neve_meta_reading_time":"","footnotes":""},"class_list":["post-3446","page","type-page","status-publish","hentry"],"yoast_head":"<!-- This site is optimized with the Yoast SEO plugin v26.9 - https:\/\/yoast.com\/product\/yoast-seo-wordpress\/ -->\n<title>P&amp;O NEDLLOYD LUANDA - Container Ship, IMO 7817115<\/title>\n<meta name=\"description\" content=\"Track current location and position of P&amp;O NEDLLOYD LUANDA Container Ship on Live Map - IMO: 7817115 \u2713 Container Ship Tracking\" \/>\n<meta name=\"robots\" content=\"index, follow, max-snippet:-1, max-image-preview:large, max-video-preview:-1\" \/>\n<link rel=\"canonical\" href=\"https:\/\/ship-tracker.org\/fi\/po-nedlloyd-luanda\/\" \/>\n<meta property=\"og:locale\" content=\"fi_FI\" \/>\n<meta property=\"og:type\" content=\"article\" \/>\n<meta property=\"og:title\" content=\"P&amp;O NEDLLOYD LUANDA - Container Ship, IMO 7817115\" \/>\n<meta property=\"og:description\" content=\"Track current location and position of P&amp;O NEDLLOYD LUANDA Container Ship on Live Map - IMO: 7817115 \u2713 Container Ship Tracking\" \/>\n<meta property=\"og:url\" content=\"https:\/\/ship-tracker.org\/fi\/po-nedlloyd-luanda\/\" \/>\n<meta property=\"og:site_name\" content=\"Ship-tracker.org\" \/>\n<meta name=\"twitter:card\" content=\"summary_large_image\" \/>\n<meta name=\"twitter:label1\" content=\"Arvioitu lukuaika\" \/>\n\t<meta name=\"twitter:data1\" content=\"1 minuutti\" \/>\n<script type=\"application\/ld+json\" class=\"yoast-schema-graph\">{\"@context\":\"https:\/\/schema.org\",\"@graph\":[{\"@type\":\"WebPage\",\"@id\":\"https:\/\/ship-tracker.org\/po-nedlloyd-luanda\/\",\"url\":\"https:\/\/ship-tracker.org\/po-nedlloyd-luanda\/\",\"name\":\"P&O NEDLLOYD LUANDA - Container Ship, IMO 7817115\",\"isPartOf\":{\"@id\":\"https:\/\/ship-tracker.org\/#website\"},\"datePublished\":\"2022-02-06T18:26:19+00:00\",\"description\":\"Track current location and position of P&O NEDLLOYD LUANDA Container Ship on Live Map - IMO: 7817115 \u2713 Container Ship Tracking\",\"breadcrumb\":{\"@id\":\"https:\/\/ship-tracker.org\/po-nedlloyd-luanda\/#breadcrumb\"},\"inLanguage\":\"fi\",\"potentialAction\":[{\"@type\":\"ReadAction\",\"target\":[\"https:\/\/ship-tracker.org\/po-nedlloyd-luanda\/\"]}]},{\"@type\":\"BreadcrumbList\",\"@id\":\"https:\/\/ship-tracker.org\/po-nedlloyd-luanda\/#breadcrumb\",\"itemListElement\":[{\"@type\":\"ListItem\",\"position\":1,\"name\":\"Startseite\",\"item\":\"https:\/\/ship-tracker.org\/\"},{\"@type\":\"ListItem\",\"position\":2,\"name\":\"P&#038;O NEDLLOYD LUANDA\"}]},{\"@type\":\"WebSite\",\"@id\":\"https:\/\/ship-tracker.org\/#website\",\"url\":\"https:\/\/ship-tracker.org\/\",\"name\":\"Ship-tracker.org\",\"description\":\"\",\"potentialAction\":[{\"@type\":\"SearchAction\",\"target\":{\"@type\":\"EntryPoint\",\"urlTemplate\":\"https:\/\/ship-tracker.org\/?s={search_term_string}\"},\"query-input\":{\"@type\":\"PropertyValueSpecification\",\"valueRequired\":true,\"valueName\":\"search_term_string\"}}],\"inLanguage\":\"fi\"}]}<\/script>\n<!-- \/ Yoast SEO plugin. -->","yoast_head_json":{"title":"P&amp;O NEDLLOYD LUANDA - Konttilaiva, IMO 7817115","description":"Seuraa P&amp;O NEDLLOYD LUANDA Container Ship -konttialuksen nykyist\u00e4 sijaintia ja sijaintia live-kartalla - IMO: 7817115 \u2713 Konttilaivan seuranta","robots":{"index":"index","follow":"follow","max-snippet":"max-snippet:-1","max-image-preview":"max-image-preview:large","max-video-preview":"max-video-preview:-1"},"canonical":"https:\/\/ship-tracker.org\/fi\/po-nedlloyd-luanda\/","og_locale":"fi_FI","og_type":"article","og_title":"P&O NEDLLOYD LUANDA - Container Ship, IMO 7817115","og_description":"Track current location and position of P&O NEDLLOYD LUANDA Container Ship on Live Map - IMO: 7817115 \u2713 Container Ship Tracking","og_url":"https:\/\/ship-tracker.org\/fi\/po-nedlloyd-luanda\/","og_site_name":"Ship-tracker.org","twitter_card":"summary_large_image","twitter_misc":{"Arvioitu lukuaika":"1 minuutti"},"schema":{"@context":"https:\/\/schema.org","@graph":[{"@type":"WebPage","@id":"https:\/\/ship-tracker.org\/po-nedlloyd-luanda\/","url":"https:\/\/ship-tracker.org\/po-nedlloyd-luanda\/","name":"P&amp;O NEDLLOYD LUANDA - Konttilaiva, IMO 7817115","isPartOf":{"@id":"https:\/\/ship-tracker.org\/#website"},"datePublished":"2022-02-06T18:26:19+00:00","description":"Seuraa P&amp;O NEDLLOYD LUANDA Container Ship -konttialuksen nykyist\u00e4 sijaintia ja sijaintia live-kartalla - IMO: 7817115 \u2713 Konttilaivan seuranta","breadcrumb":{"@id":"https:\/\/ship-tracker.org\/po-nedlloyd-luanda\/#breadcrumb"},"inLanguage":"fi","potentialAction":[{"@type":"ReadAction","target":["https:\/\/ship-tracker.org\/po-nedlloyd-luanda\/"]}]},{"@type":"BreadcrumbList","@id":"https:\/\/ship-tracker.org\/po-nedlloyd-luanda\/#breadcrumb","itemListElement":[{"@type":"ListItem","position":1,"name":"Startseite","item":"https:\/\/ship-tracker.org\/"},{"@type":"ListItem","position":2,"name":"P&#038;O NEDLLOYD LUANDA"}]},{"@type":"WebSite","@id":"https:\/\/ship-tracker.org\/#website","url":"https:\/\/ship-tracker.org\/","name":"Ship-tracker.org","description":"","potentialAction":[{"@type":"SearchAction","target":{"@type":"EntryPoint","urlTemplate":"https:\/\/ship-tracker.org\/?s={search_term_string}"},"query-input":{"@type":"PropertyValueSpecification","valueRequired":true,"valueName":"search_term_string"}}],"inLanguage":"fi"}]}},"_links":{"self":[{"href":"https:\/\/ship-tracker.org\/fi\/wp-json\/wp\/v2\/pages\/3446","targetHints":{"allow":["GET"]}}],"collection":[{"href":"https:\/\/ship-tracker.org\/fi\/wp-json\/wp\/v2\/pages"}],"about":[{"href":"https:\/\/ship-tracker.org\/fi\/wp-json\/wp\/v2\/types\/page"}],"author":[{"embeddable":true,"href":"https:\/\/ship-tracker.org\/fi\/wp-json\/wp\/v2\/users\/1"}],"replies":[{"embeddable":true,"href":"https:\/\/ship-tracker.org\/fi\/wp-json\/wp\/v2\/comments?post=3446"}],"version-history":[{"count":1,"href":"https:\/\/ship-tracker.org\/fi\/wp-json\/wp\/v2\/pages\/3446\/revisions"}],"predecessor-version":[{"id":3447,"href":"https:\/\/ship-tracker.org\/fi\/wp-json\/wp\/v2\/pages\/3446\/revisions\/3447"}],"wp:attachment":[{"href":"https:\/\/ship-tracker.org\/fi\/wp-json\/wp\/v2\/media?parent=3446"}],"curies":[{"name":"wp","href":"https:\/\/api.w.org\/{rel}","templated":true}]}}