{"id":3427,"date":"2022-02-06T18:35:52","date_gmt":"2022-02-06T17:35:52","guid":{"rendered":"https:\/\/ship-tracker.org\/?page_id=3427"},"modified":"2022-02-06T18:35:52","modified_gmt":"2022-02-06T17:35:52","slug":"seago-bremerhaven","status":"publish","type":"page","link":"https:\/\/ship-tracker.org\/fi\/seago-bremerhaven\/","title":{"rendered":"SEAGO BREMERHAVEN"},"content":{"rendered":"<p><strong>SEAGO BREMERHAVEN<\/strong> (IMO: 9313967, MMSI 219118000) purjehtii t\u00e4ll\u00e4 hetkell\u00e4 lipun alla <strong>Tanska<\/strong>. Alus SEAGO BREMERHAVEN on a <strong>Rahtialus<\/strong> sis\u00e4\u00e4nrakennettu <strong>2007<\/strong>. H\u00e4nen kokonaispituus (LOA) on <strong>293.83<\/strong>\u00a0m, palkki on <strong>32.18<\/strong>\u00a0metri\u00e4.<strong> SEAGO BREMERHAVEN<\/strong> kontin kapasiteetti on <strong>4196<\/strong>\u00a0<strong>TEU<\/strong>.<\/p>\n<h2>SEAGO BREMERHAVENin (IMO 9313967) nykyinen sijainti ja sijainti \u2013 konttilaiva<\/h2>\n<p>Miss\u00e4 SEAGO BREMERHAVENin nykyinen sijainti on t\u00e4ll\u00e4 hetkell\u00e4?<\/p>\n<p><script type=\"text\/javascript\">\n  var width=\"100%\";var height=\"400\";\n  var mmsi=219118000;\n<\/script><script type=\"text\/javascript\" src=\"https:\/\/www.vesselfinder.com\/aismap.js\"><\/script><\/p>\n<p>N\u00e4yt\u00e4 SEAGO BREMERHAVEN nykyinen sijainti. SEAGO BREMERHAVENin sijainti voidaan m\u00e4\u00e4ritt\u00e4\u00e4 tarkasti VesselFinderin ja MarineTrafficin karttojen avulla. Joten olet aina hyvin perill\u00e4, miss\u00e4 suosikkilaivasi on t\u00e4ll\u00e4 hetkell\u00e4.<\/p>\n<h2>SEAGO BREMERHAVENin aluksen tiedot<\/h2>\n<table>\n<tbody>\n<tr>\n<td style=\"width: 50%;\"><strong>Aluksen tiedot<\/strong><\/td>\n<td style=\"width: 50%;\"><strong>Arvo<\/strong><\/td>\n<\/tr>\n<tr>\n<td style=\"width: 50%;\">Aluksen nimi<\/td>\n<td style=\"width: 50%;\">SEAGO BREMERHAVEN<\/td>\n<\/tr>\n<tr>\n<td style=\"width: 50%;\">Laivan tyyppi<\/td>\n<td style=\"width: 50%;\">Rahtialus<\/td>\n<\/tr>\n<tr>\n<td style=\"width: 50%;\">IMO<\/td>\n<td style=\"width: 50%;\">9313967<\/td>\n<\/tr>\n<tr>\n<td style=\"width: 50%;\">MMSI<\/td>\n<td style=\"width: 50%;\">219118000<\/td>\n<\/tr>\n<tr>\n<td style=\"width: 50%;\">Kutsumerkki<\/td>\n<td style=\"width: 50%;\">OXVA2<\/td>\n<\/tr>\n<tr>\n<td style=\"width: 50%;\">Lippu<\/td>\n<td style=\"width: 50%;\">Tanska<\/td>\n<\/tr>\n<tr>\n<td style=\"width: 50%;\">Bruttovetoisuus<\/td>\n<td style=\"width: 50%;\">48788<\/td>\n<\/tr>\n<tr>\n<td style=\"width: 50%;\">Kuollut paino<\/td>\n<td style=\"width: 50%;\">53890<\/td>\n<\/tr>\n<tr>\n<td style=\"width: 50%;\">Pituus<\/td>\n<td style=\"width: 50%;\">293,83 m<\/td>\n<\/tr>\n<tr>\n<td style=\"width: 50%;\">S\u00e4de<\/td>\n<td style=\"width: 50%;\">32,18 m<\/td>\n<\/tr>\n<tr>\n<td style=\"width: 50%;\">Rakennusvuosi<\/td>\n<td style=\"width: 50%;\">2007<\/td>\n<\/tr>\n<tr>\n<td style=\"width: 50%;\">Rakentaja<\/td>\n<td style=\"width: 50%;\">PS WERFTEN STRALSUND<\/td>\n<\/tr>\n<tr>\n<td style=\"width: 50%;\">Piha<\/td>\n<td style=\"width: 50%;\">STRALSUND<\/td>\n<\/tr>\n<tr>\n<td style=\"width: 50%;\">TEU<\/td>\n<td style=\"width: 50%;\">4196<\/td>\n<\/tr>\n<tr>\n<td style=\"width: 50%;\">Laivan operaattori<\/td>\n<td style=\"width: 50%;\"><a href=\"https:\/\/ship-tracker.org\/fi\/maersk-line\/\">Maersk Line<\/a><\/td>\n<\/tr>\n<\/tbody>\n<\/table>\n<p>Kaikki tiedot ovat tiedoksi, eik\u00e4 ship-tracker.org ole vastuussa tietoarvojen tarkkuudesta ja luotettavuudesta.<\/p>","protected":false},"excerpt":{"rendered":"<p>SEAGO BREMERHAVEN (IMO: 9313967, MMSI 219118000) purjehtii t\u00e4ll\u00e4 hetkell\u00e4 Tanskan lipun alla. Alus SEAGO BREMERHAVEN on vuonna 2007 rakennettu konttialus. Sen kokonaispituus (LOA) on 293,83 m ja leveys 32,18 metri\u00e4. SEAGO BREMERHAVENin konttikapasiteetti on 4196 TEU. SEAGO BREMERHAVENin (IMO 9313967) nykyinen sijainti ja asema \u2013 Konttialus Miss\u00e4 on\u2026&nbsp;<a href=\"https:\/\/ship-tracker.org\/fi\/seago-bremerhaven\/\" rel=\"bookmark\">Lue lis\u00e4\u00e4 \u00bb<span class=\"screen-reader-text\">SEAGO BREMERHAVEN<\/span><\/a><\/p>","protected":false},"author":1,"featured_media":0,"parent":0,"menu_order":0,"comment_status":"closed","ping_status":"closed","template":"","meta":{"neve_meta_sidebar":"","neve_meta_container":"","neve_meta_enable_content_width":"","neve_meta_content_width":0,"neve_meta_title_alignment":"","neve_meta_author_avatar":"","neve_post_elements_order":"","neve_meta_disable_header":"","neve_meta_disable_footer":"","neve_meta_disable_title":"","neve_meta_reading_time":"","footnotes":""},"class_list":["post-3427","page","type-page","status-publish","hentry"],"yoast_head":"<!-- This site is optimized with the Yoast SEO plugin v27.4 - https:\/\/yoast.com\/product\/yoast-seo-wordpress\/ -->\n<title>SEAGO BREMERHAVEN - Container Ship, IMO 9313967 - Current location<\/title>\n<meta name=\"description\" content=\"Track current location and position of SEAGO BREMERHAVEN Container Ship on Live Map - IMO: 9313967 \u2713 Container Ship Tracking\" \/>\n<meta name=\"robots\" content=\"index, follow, max-snippet:-1, max-image-preview:large, max-video-preview:-1\" \/>\n<link rel=\"canonical\" href=\"https:\/\/ship-tracker.org\/fi\/seago-bremerhaven\/\" \/>\n<meta property=\"og:locale\" content=\"fi_FI\" \/>\n<meta property=\"og:type\" content=\"article\" \/>\n<meta property=\"og:title\" content=\"SEAGO BREMERHAVEN - Container Ship, IMO 9313967 - Current location\" \/>\n<meta property=\"og:description\" content=\"Track current location and position of SEAGO BREMERHAVEN Container Ship on Live Map - IMO: 9313967 \u2713 Container Ship Tracking\" \/>\n<meta property=\"og:url\" content=\"https:\/\/ship-tracker.org\/fi\/seago-bremerhaven\/\" \/>\n<meta property=\"og:site_name\" content=\"Ship-tracker.org\" \/>\n<meta name=\"twitter:card\" content=\"summary_large_image\" \/>\n<meta name=\"twitter:label1\" content=\"Arvioitu lukuaika\" \/>\n\t<meta name=\"twitter:data1\" content=\"1 minuutti\" \/>\n<script type=\"application\/ld+json\" class=\"yoast-schema-graph\">{\"@context\":\"https:\\\/\\\/schema.org\",\"@graph\":[{\"@type\":\"WebPage\",\"@id\":\"https:\\\/\\\/ship-tracker.org\\\/seago-bremerhaven\\\/\",\"url\":\"https:\\\/\\\/ship-tracker.org\\\/seago-bremerhaven\\\/\",\"name\":\"SEAGO BREMERHAVEN - Container Ship, IMO 9313967 - Current location\",\"isPartOf\":{\"@id\":\"https:\\\/\\\/ship-tracker.org\\\/#website\"},\"datePublished\":\"2022-02-06T17:35:52+00:00\",\"description\":\"Track current location and position of SEAGO BREMERHAVEN Container Ship on Live Map - IMO: 9313967 \u2713 Container Ship Tracking\",\"breadcrumb\":{\"@id\":\"https:\\\/\\\/ship-tracker.org\\\/seago-bremerhaven\\\/#breadcrumb\"},\"inLanguage\":\"fi\",\"potentialAction\":[{\"@type\":\"ReadAction\",\"target\":[\"https:\\\/\\\/ship-tracker.org\\\/seago-bremerhaven\\\/\"]}]},{\"@type\":\"BreadcrumbList\",\"@id\":\"https:\\\/\\\/ship-tracker.org\\\/seago-bremerhaven\\\/#breadcrumb\",\"itemListElement\":[{\"@type\":\"ListItem\",\"position\":1,\"name\":\"Startseite\",\"item\":\"https:\\\/\\\/ship-tracker.org\\\/\"},{\"@type\":\"ListItem\",\"position\":2,\"name\":\"SEAGO BREMERHAVEN\"}]},{\"@type\":\"WebSite\",\"@id\":\"https:\\\/\\\/ship-tracker.org\\\/#website\",\"url\":\"https:\\\/\\\/ship-tracker.org\\\/\",\"name\":\"Ship-tracker.org\",\"description\":\"\",\"potentialAction\":[{\"@type\":\"SearchAction\",\"target\":{\"@type\":\"EntryPoint\",\"urlTemplate\":\"https:\\\/\\\/ship-tracker.org\\\/?s={search_term_string}\"},\"query-input\":{\"@type\":\"PropertyValueSpecification\",\"valueRequired\":true,\"valueName\":\"search_term_string\"}}],\"inLanguage\":\"fi\"}]}<\/script>\n<!-- \/ Yoast SEO plugin. -->","yoast_head_json":{"title":"SEAGO BREMERHAVEN - Konttilaiva, IMO 9313967 - Nykyinen sijainti","description":"Seuraa SEAGO BREMERHAVEN -konttilaivan nykyist\u00e4 sijaintia ja sijaintia live-kartalla - IMO: 9313967 \u2713 Konttilaivan seuranta","robots":{"index":"index","follow":"follow","max-snippet":"max-snippet:-1","max-image-preview":"max-image-preview:large","max-video-preview":"max-video-preview:-1"},"canonical":"https:\/\/ship-tracker.org\/fi\/seago-bremerhaven\/","og_locale":"fi_FI","og_type":"article","og_title":"SEAGO BREMERHAVEN - Container Ship, IMO 9313967 - Current location","og_description":"Track current location and position of SEAGO BREMERHAVEN Container Ship on Live Map - IMO: 9313967 \u2713 Container Ship Tracking","og_url":"https:\/\/ship-tracker.org\/fi\/seago-bremerhaven\/","og_site_name":"Ship-tracker.org","twitter_card":"summary_large_image","twitter_misc":{"Arvioitu lukuaika":"1 minuutti"},"schema":{"@context":"https:\/\/schema.org","@graph":[{"@type":"WebPage","@id":"https:\/\/ship-tracker.org\/seago-bremerhaven\/","url":"https:\/\/ship-tracker.org\/seago-bremerhaven\/","name":"SEAGO BREMERHAVEN - Konttilaiva, IMO 9313967 - Nykyinen sijainti","isPartOf":{"@id":"https:\/\/ship-tracker.org\/#website"},"datePublished":"2022-02-06T17:35:52+00:00","description":"Seuraa SEAGO BREMERHAVEN -konttilaivan nykyist\u00e4 sijaintia ja sijaintia live-kartalla - IMO: 9313967 \u2713 Konttilaivan seuranta","breadcrumb":{"@id":"https:\/\/ship-tracker.org\/seago-bremerhaven\/#breadcrumb"},"inLanguage":"fi","potentialAction":[{"@type":"ReadAction","target":["https:\/\/ship-tracker.org\/seago-bremerhaven\/"]}]},{"@type":"BreadcrumbList","@id":"https:\/\/ship-tracker.org\/seago-bremerhaven\/#breadcrumb","itemListElement":[{"@type":"ListItem","position":1,"name":"Startseite","item":"https:\/\/ship-tracker.org\/"},{"@type":"ListItem","position":2,"name":"SEAGO BREMERHAVEN"}]},{"@type":"WebSite","@id":"https:\/\/ship-tracker.org\/#website","url":"https:\/\/ship-tracker.org\/","name":"Ship-tracker.org","description":"","potentialAction":[{"@type":"SearchAction","target":{"@type":"EntryPoint","urlTemplate":"https:\/\/ship-tracker.org\/?s={search_term_string}"},"query-input":{"@type":"PropertyValueSpecification","valueRequired":true,"valueName":"search_term_string"}}],"inLanguage":"fi"}]}},"_links":{"self":[{"href":"https:\/\/ship-tracker.org\/fi\/wp-json\/wp\/v2\/pages\/3427","targetHints":{"allow":["GET"]}}],"collection":[{"href":"https:\/\/ship-tracker.org\/fi\/wp-json\/wp\/v2\/pages"}],"about":[{"href":"https:\/\/ship-tracker.org\/fi\/wp-json\/wp\/v2\/types\/page"}],"author":[{"embeddable":true,"href":"https:\/\/ship-tracker.org\/fi\/wp-json\/wp\/v2\/users\/1"}],"replies":[{"embeddable":true,"href":"https:\/\/ship-tracker.org\/fi\/wp-json\/wp\/v2\/comments?post=3427"}],"version-history":[{"count":3,"href":"https:\/\/ship-tracker.org\/fi\/wp-json\/wp\/v2\/pages\/3427\/revisions"}],"predecessor-version":[{"id":3430,"href":"https:\/\/ship-tracker.org\/fi\/wp-json\/wp\/v2\/pages\/3427\/revisions\/3430"}],"wp:attachment":[{"href":"https:\/\/ship-tracker.org\/fi\/wp-json\/wp\/v2\/media?parent=3427"}],"curies":[{"name":"wp","href":"https:\/\/api.w.org\/{rel}","templated":true}]}}