{"id":3400,"date":"2022-02-06T13:07:07","date_gmt":"2022-02-06T12:07:07","guid":{"rendered":"https:\/\/ship-tracker.org\/?page_id=3400"},"modified":"2023-06-20T16:13:31","modified_gmt":"2023-06-20T14:13:31","slug":"mumbai-maersk","status":"publish","type":"page","link":"https:\/\/ship-tracker.org\/fi\/mumbai-maersk\/","title":{"rendered":"MUMBAI MAERSK"},"content":{"rendered":"<p><strong>MUMBAI MAERSK<\/strong> (IMO: 9780471, MMSI 219039000) purjehtii t\u00e4ll\u00e4 hetkell\u00e4 lipun alla <strong>Tanska<\/strong>. Alus MUMBAI MAERSK on a <strong>Rahtialus<\/strong> rakennettu vuonna 2018. H\u00e4nen kokonaispituus (LOA) on <strong>399<\/strong> m, palkki on <strong>58.6<\/strong> metri\u00e4. MUMBAI MAERSK kontin kapasiteetti on <strong>19630 TEU<\/strong>.<\/p>\n<h2>MUMBAI MAERSKin (IMO 9780471) nykyinen sijainti ja sijainti \u2013 konttilaiva<\/h2>\n<p>Miss\u00e4 MUMBAI MAERSKin nykyinen asema on t\u00e4ll\u00e4 hetkell\u00e4?<\/p>\n<p><script type=\"text\/javascript\">\n  var width=\"100%\";var height=\"400\";\n  var mmsi=219039000;\n<\/script><script type=\"text\/javascript\" src=\"https:\/\/www.vesselfinder.com\/aismap.js\"><\/script><\/p>\n<p>N\u00e4yt\u00e4 MUMBAI MAERSK nykyinen sijainti. MUMBAI MAERSKin sijainti voidaan m\u00e4\u00e4ritt\u00e4\u00e4 tarkasti VesselFinderin ja MarineTrafficin karttojen avulla. Joten olet aina hyvin perill\u00e4, miss\u00e4 suosikkilaivasi on t\u00e4ll\u00e4 hetkell\u00e4.<\/p>\n<h2>MUMBAI MAERSKin aluksen tiedot<\/h2>\n<table>\n<tbody>\n<tr>\n<td style=\"width: 50%;\"><strong>Aluksen tiedot<\/strong><\/td>\n<td style=\"width: 50%;\"><strong>Arvo<\/strong><\/td>\n<\/tr>\n<tr>\n<td style=\"width: 50%;\">Aluksen nimi<\/td>\n<td style=\"width: 50%;\">MUMBAI MAERSK<\/td>\n<\/tr>\n<tr>\n<td style=\"width: 50%;\">Laivan tyyppi<\/td>\n<td style=\"width: 50%;\">Rahtialus<\/td>\n<\/tr>\n<tr>\n<td style=\"width: 50%;\">IMO<\/td>\n<td style=\"width: 50%;\">9780471<\/td>\n<\/tr>\n<tr>\n<td style=\"width: 50%;\">MMSI<\/td>\n<td style=\"width: 50%;\">219039000<\/td>\n<\/tr>\n<tr>\n<td style=\"width: 50%;\">Kutsumerkki<\/td>\n<td style=\"width: 50%;\">OWNQ2<\/td>\n<\/tr>\n<tr>\n<td style=\"width: 50%;\">Lippu<\/td>\n<td style=\"width: 50%;\">Tanska<\/td>\n<\/tr>\n<tr>\n<td style=\"width: 50%;\">Bruttovetoisuus<\/td>\n<td style=\"width: 50%;\">214286<\/td>\n<\/tr>\n<tr>\n<td style=\"width: 50%;\">Kuollut paino<\/td>\n<td style=\"width: 50%;\">190326<\/td>\n<\/tr>\n<tr>\n<td style=\"width: 50%;\">Pituus<\/td>\n<td style=\"width: 50%;\">399 m<\/td>\n<\/tr>\n<tr>\n<td style=\"width: 50%;\">S\u00e4de<\/td>\n<td style=\"width: 50%;\">58,6 m<\/td>\n<\/tr>\n<tr>\n<td style=\"width: 50%;\">Rakennusvuosi<\/td>\n<td style=\"width: 50%;\">2018<\/td>\n<\/tr>\n<tr>\n<td style=\"width: 50%;\">Rakentaja<\/td>\n<td style=\"width: 50%;\">DAEWOO SB &amp; ME CO<\/td>\n<\/tr>\n<tr>\n<td style=\"width: 50%;\">Piha<\/td>\n<td style=\"width: 50%;\">OKPO<\/td>\n<\/tr>\n<tr>\n<td style=\"width: 50%;\">TEU<\/td>\n<td style=\"width: 50%;\">19630<\/td>\n<\/tr>\n<tr>\n<td style=\"width: 50%;\">Laivan operaattori<\/td>\n<td style=\"width: 50%;\"><a href=\"https:\/\/ship-tracker.org\/fi\/maersk-line\/\">Maersk Line<\/a><\/td>\n<\/tr>\n<\/tbody>\n<\/table>\n<p>Kaikki tiedot ovat tiedoksi, eik\u00e4 ship-tracker.org ole vastuussa tietoarvojen tarkkuudesta ja luotettavuudesta.<\/p>","protected":false},"excerpt":{"rendered":"<p>MUMBAI MAERSK (IMO: 9780471, MMSI 219039000) purjehtii t\u00e4ll\u00e4 hetkell\u00e4 Tanskan lipun alla. Alus MUMBAI MAERSK on vuonna 2018 rakennettu konttialus. Sen kokonaispituus (LOA) on 399 metri\u00e4 ja leveys 58,6 metri\u00e4. MUMBAI MAERSKin konttikapasiteetti on 19630 TEU:ta. MUMBAI MAERSKin (IMO 9780471) nykyinen sijainti \u2013 Konttialus, jossa\u2026&nbsp;<a href=\"https:\/\/ship-tracker.org\/fi\/mumbai-maersk\/\" rel=\"bookmark\">Lue lis\u00e4\u00e4 \u00bb<span class=\"screen-reader-text\">MUMBAI MAERSK<\/span><\/a><\/p>","protected":false},"author":1,"featured_media":3637,"parent":0,"menu_order":0,"comment_status":"closed","ping_status":"closed","template":"","meta":{"neve_meta_sidebar":"","neve_meta_container":"","neve_meta_enable_content_width":"off","neve_meta_content_width":100,"neve_meta_title_alignment":"","neve_meta_author_avatar":"","neve_post_elements_order":"","neve_meta_disable_header":"","neve_meta_disable_footer":"","neve_meta_disable_title":"","neve_meta_reading_time":"","footnotes":""},"class_list":["post-3400","page","type-page","status-publish","has-post-thumbnail","hentry"],"yoast_head":"<!-- This site is optimized with the Yoast SEO plugin v26.9 - https:\/\/yoast.com\/product\/yoast-seo-wordpress\/ -->\n<title>MUMBAI MAERSK - Container Ship, IMO 9780471 - Current location<\/title>\n<meta name=\"description\" content=\"Track current location and position of MUMBAI MAERSK Container Ship on Live Map - IMO: 9780471 \u2713 Container Ship Tracking\" \/>\n<meta name=\"robots\" content=\"index, follow, max-snippet:-1, max-image-preview:large, max-video-preview:-1\" \/>\n<link rel=\"canonical\" href=\"https:\/\/ship-tracker.org\/fi\/mumbai-maersk\/\" \/>\n<meta property=\"og:locale\" content=\"fi_FI\" \/>\n<meta property=\"og:type\" content=\"article\" \/>\n<meta property=\"og:title\" content=\"MUMBAI MAERSK - Container Ship, IMO 9780471 - Current location\" \/>\n<meta property=\"og:description\" content=\"Track current location and position of MUMBAI MAERSK Container Ship on Live Map - IMO: 9780471 \u2713 Container Ship Tracking\" \/>\n<meta property=\"og:url\" content=\"https:\/\/ship-tracker.org\/fi\/mumbai-maersk\/\" \/>\n<meta property=\"og:site_name\" content=\"Ship-tracker.org\" \/>\n<meta property=\"article:modified_time\" content=\"2023-06-20T14:13:31+00:00\" \/>\n<meta property=\"og:image\" content=\"https:\/\/ship-tracker.org\/wp-content\/uploads\/2023\/06\/maersk-tanjong-g275700498_640.jpg\" \/>\n\t<meta property=\"og:image:width\" content=\"640\" \/>\n\t<meta property=\"og:image:height\" content=\"446\" \/>\n\t<meta property=\"og:image:type\" content=\"image\/jpeg\" \/>\n<meta name=\"twitter:card\" content=\"summary_large_image\" \/>\n<meta name=\"twitter:label1\" content=\"Arvioitu lukuaika\" \/>\n\t<meta name=\"twitter:data1\" content=\"1 minuutti\" \/>\n<script type=\"application\/ld+json\" class=\"yoast-schema-graph\">{\"@context\":\"https:\/\/schema.org\",\"@graph\":[{\"@type\":\"WebPage\",\"@id\":\"https:\/\/ship-tracker.org\/mumbai-maersk\/\",\"url\":\"https:\/\/ship-tracker.org\/mumbai-maersk\/\",\"name\":\"MUMBAI MAERSK - Container Ship, IMO 9780471 - Current location\",\"isPartOf\":{\"@id\":\"https:\/\/ship-tracker.org\/#website\"},\"primaryImageOfPage\":{\"@id\":\"https:\/\/ship-tracker.org\/mumbai-maersk\/#primaryimage\"},\"image\":{\"@id\":\"https:\/\/ship-tracker.org\/mumbai-maersk\/#primaryimage\"},\"thumbnailUrl\":\"https:\/\/ship-tracker.org\/wp-content\/uploads\/2023\/06\/maersk-tanjong-g275700498_640.jpg\",\"datePublished\":\"2022-02-06T12:07:07+00:00\",\"dateModified\":\"2023-06-20T14:13:31+00:00\",\"description\":\"Track current location and position of MUMBAI MAERSK Container Ship on Live Map - IMO: 9780471 \u2713 Container Ship Tracking\",\"breadcrumb\":{\"@id\":\"https:\/\/ship-tracker.org\/mumbai-maersk\/#breadcrumb\"},\"inLanguage\":\"fi\",\"potentialAction\":[{\"@type\":\"ReadAction\",\"target\":[\"https:\/\/ship-tracker.org\/mumbai-maersk\/\"]}]},{\"@type\":\"ImageObject\",\"inLanguage\":\"fi\",\"@id\":\"https:\/\/ship-tracker.org\/mumbai-maersk\/#primaryimage\",\"url\":\"https:\/\/ship-tracker.org\/wp-content\/uploads\/2023\/06\/maersk-tanjong-g275700498_640.jpg\",\"contentUrl\":\"https:\/\/ship-tracker.org\/wp-content\/uploads\/2023\/06\/maersk-tanjong-g275700498_640.jpg\",\"width\":640,\"height\":446,\"caption\":\"MAERSK ABERDEEN\"},{\"@type\":\"BreadcrumbList\",\"@id\":\"https:\/\/ship-tracker.org\/mumbai-maersk\/#breadcrumb\",\"itemListElement\":[{\"@type\":\"ListItem\",\"position\":1,\"name\":\"Startseite\",\"item\":\"https:\/\/ship-tracker.org\/\"},{\"@type\":\"ListItem\",\"position\":2,\"name\":\"MUMBAI MAERSK\"}]},{\"@type\":\"WebSite\",\"@id\":\"https:\/\/ship-tracker.org\/#website\",\"url\":\"https:\/\/ship-tracker.org\/\",\"name\":\"Ship-tracker.org\",\"description\":\"\",\"potentialAction\":[{\"@type\":\"SearchAction\",\"target\":{\"@type\":\"EntryPoint\",\"urlTemplate\":\"https:\/\/ship-tracker.org\/?s={search_term_string}\"},\"query-input\":{\"@type\":\"PropertyValueSpecification\",\"valueRequired\":true,\"valueName\":\"search_term_string\"}}],\"inLanguage\":\"fi\"}]}<\/script>\n<!-- \/ Yoast SEO plugin. -->","yoast_head_json":{"title":"MUMBAI MAERSK - Konttilaiva, IMO 9780471 - Nykyinen sijainti","description":"Seuraa MUMBAI MAERSK-konttialuksen nykyist\u00e4 sijaintia ja sijaintia live-kartalla - IMO: 9780471 \u2713 Konttilaivan seuranta","robots":{"index":"index","follow":"follow","max-snippet":"max-snippet:-1","max-image-preview":"max-image-preview:large","max-video-preview":"max-video-preview:-1"},"canonical":"https:\/\/ship-tracker.org\/fi\/mumbai-maersk\/","og_locale":"fi_FI","og_type":"article","og_title":"MUMBAI MAERSK - Container Ship, IMO 9780471 - Current location","og_description":"Track current location and position of MUMBAI MAERSK Container Ship on Live Map - IMO: 9780471 \u2713 Container Ship Tracking","og_url":"https:\/\/ship-tracker.org\/fi\/mumbai-maersk\/","og_site_name":"Ship-tracker.org","article_modified_time":"2023-06-20T14:13:31+00:00","og_image":[{"width":640,"height":446,"url":"https:\/\/ship-tracker.org\/wp-content\/uploads\/2023\/06\/maersk-tanjong-g275700498_640.jpg","type":"image\/jpeg"}],"twitter_card":"summary_large_image","twitter_misc":{"Arvioitu lukuaika":"1 minuutti"},"schema":{"@context":"https:\/\/schema.org","@graph":[{"@type":"WebPage","@id":"https:\/\/ship-tracker.org\/mumbai-maersk\/","url":"https:\/\/ship-tracker.org\/mumbai-maersk\/","name":"MUMBAI MAERSK - Konttilaiva, IMO 9780471 - Nykyinen sijainti","isPartOf":{"@id":"https:\/\/ship-tracker.org\/#website"},"primaryImageOfPage":{"@id":"https:\/\/ship-tracker.org\/mumbai-maersk\/#primaryimage"},"image":{"@id":"https:\/\/ship-tracker.org\/mumbai-maersk\/#primaryimage"},"thumbnailUrl":"https:\/\/ship-tracker.org\/wp-content\/uploads\/2023\/06\/maersk-tanjong-g275700498_640.jpg","datePublished":"2022-02-06T12:07:07+00:00","dateModified":"2023-06-20T14:13:31+00:00","description":"Seuraa MUMBAI MAERSK-konttialuksen nykyist\u00e4 sijaintia ja sijaintia live-kartalla - IMO: 9780471 \u2713 Konttilaivan seuranta","breadcrumb":{"@id":"https:\/\/ship-tracker.org\/mumbai-maersk\/#breadcrumb"},"inLanguage":"fi","potentialAction":[{"@type":"ReadAction","target":["https:\/\/ship-tracker.org\/mumbai-maersk\/"]}]},{"@type":"ImageObject","inLanguage":"fi","@id":"https:\/\/ship-tracker.org\/mumbai-maersk\/#primaryimage","url":"https:\/\/ship-tracker.org\/wp-content\/uploads\/2023\/06\/maersk-tanjong-g275700498_640.jpg","contentUrl":"https:\/\/ship-tracker.org\/wp-content\/uploads\/2023\/06\/maersk-tanjong-g275700498_640.jpg","width":640,"height":446,"caption":"MAERSK ABERDEEN"},{"@type":"BreadcrumbList","@id":"https:\/\/ship-tracker.org\/mumbai-maersk\/#breadcrumb","itemListElement":[{"@type":"ListItem","position":1,"name":"Startseite","item":"https:\/\/ship-tracker.org\/"},{"@type":"ListItem","position":2,"name":"MUMBAI MAERSK"}]},{"@type":"WebSite","@id":"https:\/\/ship-tracker.org\/#website","url":"https:\/\/ship-tracker.org\/","name":"Ship-tracker.org","description":"","potentialAction":[{"@type":"SearchAction","target":{"@type":"EntryPoint","urlTemplate":"https:\/\/ship-tracker.org\/?s={search_term_string}"},"query-input":{"@type":"PropertyValueSpecification","valueRequired":true,"valueName":"search_term_string"}}],"inLanguage":"fi"}]}},"_links":{"self":[{"href":"https:\/\/ship-tracker.org\/fi\/wp-json\/wp\/v2\/pages\/3400","targetHints":{"allow":["GET"]}}],"collection":[{"href":"https:\/\/ship-tracker.org\/fi\/wp-json\/wp\/v2\/pages"}],"about":[{"href":"https:\/\/ship-tracker.org\/fi\/wp-json\/wp\/v2\/types\/page"}],"author":[{"embeddable":true,"href":"https:\/\/ship-tracker.org\/fi\/wp-json\/wp\/v2\/users\/1"}],"replies":[{"embeddable":true,"href":"https:\/\/ship-tracker.org\/fi\/wp-json\/wp\/v2\/comments?post=3400"}],"version-history":[{"count":10,"href":"https:\/\/ship-tracker.org\/fi\/wp-json\/wp\/v2\/pages\/3400\/revisions"}],"predecessor-version":[{"id":3423,"href":"https:\/\/ship-tracker.org\/fi\/wp-json\/wp\/v2\/pages\/3400\/revisions\/3423"}],"wp:featuredmedia":[{"embeddable":true,"href":"https:\/\/ship-tracker.org\/fi\/wp-json\/wp\/v2\/media\/3637"}],"wp:attachment":[{"href":"https:\/\/ship-tracker.org\/fi\/wp-json\/wp\/v2\/media?parent=3400"}],"curies":[{"name":"wp","href":"https:\/\/api.w.org\/{rel}","templated":true}]}}