{"id":3052,"date":"2020-05-12T20:11:49","date_gmt":"2020-05-12T18:11:49","guid":{"rendered":"https:\/\/ship-tracker.org\/?page_id=3052"},"modified":"2022-10-27T16:24:41","modified_gmt":"2022-10-27T14:24:41","slug":"spirit-of-britain","status":"publish","type":"page","link":"https:\/\/ship-tracker.org\/fi\/spirit-of-britain\/","title":{"rendered":"Britannian henki"},"content":{"rendered":"<p><script async src=\"https:\/\/pagead2.googlesyndication.com\/pagead\/js\/adsbygoogle.js\"><span data-mce-type=\"bookmark\" style=\"display: inline-block; width: 0px; overflow: hidden; line-height: 0;\" class=\"mce_SELRES_start\">\ufeff<\/span><span data-mce-type=\"bookmark\" style=\"display: inline-block; width: 0px; overflow: hidden; line-height: 0;\" class=\"mce_SELRES_start\">\ufeff<\/span><span data-mce-type=\"bookmark\" style=\"display: inline-block; width: 0px; overflow: hidden; line-height: 0;\" class=\"mce_SELRES_start\">\ufeff<\/span><\/script><br \/>\n<!-- Ship-Tracker Display --><br \/>\n<ins class=\"adsbygoogle\" style=\"display: block;\" data-ad-client=\"ca-pub-1316785063791781\" data-ad-slot=\"8075999632\" data-ad-format=\"auto\" data-full-width-responsive=\"true\"><\/ins><br \/>\n<script>\n     (adsbygoogle = window.adsbygoogle || []).push({});\n<\/script><\/p>\n<h2><span style=\"color: #000000;\">Nykyinen sijainti ja <\/span><span style=\"color: #000000;\">Spirit of Britainin asema<\/span><\/h2>\n<p>Miss\u00e4 Spirit of Britainin nykyinen asema on t\u00e4ll\u00e4 hetkell\u00e4?<br \/>\n<script async src=\"https:\/\/pagead2.googlesyndication.com\/pagead\/js\/adsbygoogle.js\"><\/script><br \/>\n<!-- Schip-Tracker Linkanzeigen --><br \/>\n<ins class=\"adsbygoogle\" style=\"display: block;\" data-ad-client=\"ca-pub-1316785063791781\" data-ad-slot=\"3429004156\" data-ad-format=\"link\" data-full-width-responsive=\"true\"><\/ins><br \/>\n<script>\n     (adsbygoogle = window.adsbygoogle || []).push({});\n<\/script><br \/>\n<script type=\"text\/javascript\">\n  var width=\"100%\";var height=\"400\";\n  var mmsi=209479000;\n<\/script><script type=\"text\/javascript\" src=\"https:\/\/www.vesselfinder.com\/aismap.js\"><\/script><br \/>\n<script async src=\"https:\/\/pagead2.googlesyndication.com\/pagead\/js\/adsbygoogle.js\"><\/script><br \/>\n<!-- Ship-Tracker Display --><br \/>\n<ins class=\"adsbygoogle\" style=\"display: block;\" data-ad-client=\"ca-pub-1316785063791781\" data-ad-slot=\"8075999632\" data-ad-format=\"auto\" data-full-width-responsive=\"true\"><\/ins><br \/>\n<script>\n     (adsbygoogle = window.adsbygoogle || []).push({});\n<\/script><\/p>\n<p>N\u00e4yt\u00e4 Spirit of Britain nykyinen sijainti. Spirit of Britainin sijainti voidaan m\u00e4\u00e4ritt\u00e4\u00e4 tarkasti VesselFinderin ja MarineTrafficin karttojen avulla. Joten olet aina hyvin perill\u00e4, miss\u00e4 suosikkilaivasi on t\u00e4ll\u00e4 hetkell\u00e4.<\/p>\n<h2 class=\"title\"><span style=\"color: #000000;\">Spirit of Britain -katsaus ja tekniset tiedot<\/span><\/h2>\n<table>\n<tbody>\n<tr>\n<td style=\"width: 192px;\"><span style=\"color: #000000;\"><strong>Lippuvaltio<\/strong><\/span><\/td>\n<td style=\"width: 192px;\"><span style=\"color: #000000;\">Kypros<\/span><\/td>\n<\/tr>\n<tr>\n<td style=\"width: 192px;\"><span style=\"color: #000000;\"><strong>Valmistusvuosi<\/strong><\/span><\/td>\n<td style=\"width: 192px;\"><span style=\"color: #000000;\">2011 \u00a0<\/span><\/td>\n<\/tr>\n<tr>\n<td style=\"width: 192px;\"><span style=\"color: #000000;\"><strong>Rakentaja<\/strong><\/span><\/td>\n<td style=\"width: 192px;\"><span style=\"color: #000000;\">Aker Yards<\/span><\/td>\n<\/tr>\n<tr>\n<td style=\"width: 192px;\"><span style=\"color: #000000;\"><strong>Pituus<\/strong><\/span><\/td>\n<td style=\"width: 192px;\"><span style=\"color: #000000;\"><span class=\"specificationUnit\">212 m<\/span><\/span><\/td>\n<\/tr>\n<tr>\n<td style=\"width: 192px;\"><span style=\"color: #000000;\"><strong>S\u00e4de<\/strong><\/span><\/td>\n<td style=\"width: 192px;\"><span style=\"color: #000000;\"><span class=\"specificationUnit\">31 m<\/span><\/span><\/td>\n<\/tr>\n<tr>\n<td style=\"width: 192px;\"><span style=\"color: #000000;\"><strong>Bruttovetoisuus<\/strong><\/span><\/td>\n<td style=\"width: 192px;\"><span style=\"color: #000000;\"><span class=\"specificationUnit\">47592 gt<\/span><\/span><\/td>\n<\/tr>\n<tr>\n<td style=\"width: 192px;\"><span style=\"color: #000000;\"><strong>Matkustajat<\/strong><\/span><\/td>\n<td style=\"width: 192px;\"><span style=\"color: #000000;\">1750\u20132000<\/span><\/td>\n<\/tr>\n<tr>\n<td style=\"width: 192px;\"><span style=\"color: #000000;\"><strong>Miehist\u00f6<\/strong><\/span><\/td>\n<td style=\"width: 192px;\"><span style=\"color: #000000;\">200<\/span><\/td>\n<\/tr>\n<tr>\n<td style=\"width: 192px;\"><span style=\"color: #000000;\"><strong>Nopeus<\/strong><\/span><\/td>\n<td style=\"width: 192px;\"><span style=\"color: #000000;\"><span class=\"specificationUnit\">22 kn<\/span><\/span><\/td>\n<\/tr>\n<tr>\n<td style=\"width: 192px;\"><span style=\"color: #000000;\"><strong><b>Autot<\/b><\/strong><\/span><\/td>\n<td style=\"width: 192px;\"><span style=\"color: #000000;\">1059<\/span><\/td>\n<\/tr>\n<tr>\n<td style=\"width: 192px;\"><span style=\"color: #000000;\"><strong><b>Omistaja<\/b><\/strong><\/span><\/td>\n<td style=\"width: 192px;\"><a href=\"https:\/\/ship-tracker.org\/fi\/po-ferries\/\"><span style=\"color: #000000;\">P&amp;O:n lautat<\/span><\/a><\/td>\n<\/tr>\n<\/tbody>\n<\/table>\n<h3 class=\"title\">P&amp;O Ferriesin laivasto<\/h3>\n<ul>\n<li><a href=\"https:\/\/ship-tracker.org\/fi\/pride-of-burgundy\/\">Burgundin ylpeys<\/a><\/li>\n<li><a href=\"https:\/\/ship-tracker.org\/fi\/pride-of-kent\/\">Kentin ylpeys<\/a><\/li>\n<li><a href=\"https:\/\/ship-tracker.org\/fi\/pride-of-canterbury\/\">Canterburyn ylpeys<\/a><\/li>\n<li><a href=\"https:\/\/ship-tracker.org\/fi\/spirit-of-france\/\">Ranskan henki<\/a><\/li>\n<li><a href=\"https:\/\/ship-tracker.org\/fi\/pride-of-bruges\/\">Bruggen ylpeys<\/a><\/li>\n<li><a href=\"https:\/\/ship-tracker.org\/fi\/pride-of-york\/\">Yorkin ylpeys<\/a><\/li>\n<li><a href=\"https:\/\/ship-tracker.org\/fi\/pride-of-hull\/\">Hullin ylpeys<\/a><\/li>\n<li><a href=\"https:\/\/ship-tracker.org\/fi\/pride-of-rotterdam\/\">Rotterdamin ylpeys<\/a><\/li>\n<li><a href=\"https:\/\/ship-tracker.org\/fi\/norbank\/\">Norbank<\/a><\/li>\n<li><a href=\"https:\/\/ship-tracker.org\/fi\/norbay\/\">Norbay<\/a><\/li>\n<li><a href=\"https:\/\/ship-tracker.org\/fi\/european-highlander\/\">Eurooppalainen Highlander<\/a><\/li>\n<li><a href=\"https:\/\/ship-tracker.org\/fi\/european-causeway\/\">European Causeway<\/a><\/li>\n<\/ul>\n<p><script async src=\"https:\/\/pagead2.googlesyndication.com\/pagead\/js\/adsbygoogle.js\"><\/script><br \/>\n<!-- Schip-Tracker Linkanzeigen --><br \/>\n<ins class=\"adsbygoogle\" style=\"display: block;\" data-ad-client=\"ca-pub-1316785063791781\" data-ad-slot=\"3429004156\" data-ad-format=\"link\" data-full-width-responsive=\"true\"><\/ins><br \/>\n<script>\n     (adsbygoogle = window.adsbygoogle || []).push({});\n<\/script><\/p>\n<h4><span style=\"color: #000000;\">Spirit of Britain -video<\/span><\/h4>\n<div class=\"su-youtube su-u-responsive-media-yes\"><iframe loading=\"lazy\" width=\"600\" height=\"400\" src=\"https:\/\/www.youtube.com\/embed\/_zIdDNR4Bvk?\" frameborder=\"0\" allowfullscreen allow=\"autoplay; encrypted-media; picture-in-picture\" title=\"\"><\/iframe><\/div>","protected":false},"excerpt":{"rendered":"<p>Spirit of Britainin nykyinen sijainti ja asento Miss\u00e4 Spirit of Britain on t\u00e4ll\u00e4 hetkell\u00e4? N\u00e4yt\u00e4 Spirit of Britainin nykyinen sijainti. Spirit of Britainin sijainti voidaan m\u00e4\u00e4ritt\u00e4\u00e4 tarkasti VesselFinderin ja MarineTrafficin kartoilla. Joten olet aina hyvin perill\u00e4 siit\u00e4, miss\u00e4 suosikkialuksesi on t\u00e4ll\u00e4 hetkell\u00e4. Spirit of\u2026&nbsp;<a href=\"https:\/\/ship-tracker.org\/fi\/spirit-of-britain\/\" rel=\"bookmark\">Lue lis\u00e4\u00e4 \u00bb<span class=\"screen-reader-text\">Britannian henki<\/span><\/a><\/p>","protected":false},"author":1,"featured_media":3031,"parent":0,"menu_order":0,"comment_status":"closed","ping_status":"closed","template":"","meta":{"neve_meta_sidebar":"","neve_meta_container":"","neve_meta_enable_content_width":"","neve_meta_content_width":0,"neve_meta_title_alignment":"","neve_meta_author_avatar":"","neve_post_elements_order":"","neve_meta_disable_header":"","neve_meta_disable_footer":"","neve_meta_disable_title":"","neve_meta_reading_time":"","footnotes":""},"class_list":["post-3052","page","type-page","status-publish","has-post-thumbnail","hentry"],"yoast_head":"<!-- This site is optimized with the Yoast SEO plugin v26.9 - https:\/\/yoast.com\/product\/yoast-seo-wordpress\/ -->\n<title>Spirit of Britain\u2503Current location and position of P&amp;O Ferries<\/title>\n<meta name=\"description\" content=\"Spirit of Britain \u2693 Current location and position of Spirit of Britain \u2713 Cruise Ship Tracker \u2713 Live Ship Tracker \u2503P&amp;O Ferries\" \/>\n<meta name=\"robots\" content=\"index, follow, max-snippet:-1, max-image-preview:large, max-video-preview:-1\" \/>\n<link rel=\"canonical\" href=\"https:\/\/ship-tracker.org\/fi\/spirit-of-britain\/\" \/>\n<meta property=\"og:locale\" content=\"fi_FI\" \/>\n<meta property=\"og:type\" content=\"article\" \/>\n<meta property=\"og:title\" content=\"Spirit of Britain\u2503Current location and position of P&amp;O Ferries\" \/>\n<meta property=\"og:description\" content=\"Spirit of Britain \u2693 Current location and position of Spirit of Britain \u2713 Cruise Ship Tracker \u2713 Live Ship Tracker \u2503P&amp;O Ferries\" \/>\n<meta property=\"og:url\" content=\"https:\/\/ship-tracker.org\/fi\/spirit-of-britain\/\" \/>\n<meta property=\"og:site_name\" content=\"Ship-tracker.org\" \/>\n<meta property=\"article:modified_time\" content=\"2022-10-27T14:24:41+00:00\" \/>\n<meta property=\"og:image\" content=\"https:\/\/ship-tracker.org\/wp-content\/uploads\/2020\/05\/po_irish_sea_european_causeway.jpg\" \/>\n\t<meta property=\"og:image:width\" content=\"360\" \/>\n\t<meta property=\"og:image:height\" content=\"250\" \/>\n\t<meta property=\"og:image:type\" content=\"image\/jpeg\" \/>\n<meta name=\"twitter:card\" content=\"summary_large_image\" \/>\n<meta name=\"twitter:label1\" content=\"Arvioitu lukuaika\" \/>\n\t<meta name=\"twitter:data1\" content=\"1 minuutti\" \/>\n<script type=\"application\/ld+json\" class=\"yoast-schema-graph\">{\"@context\":\"https:\/\/schema.org\",\"@graph\":[{\"@type\":\"WebPage\",\"@id\":\"https:\/\/ship-tracker.org\/spirit-of-britain\/\",\"url\":\"https:\/\/ship-tracker.org\/spirit-of-britain\/\",\"name\":\"Spirit of Britain\u2503Current location and position of P&O Ferries\",\"isPartOf\":{\"@id\":\"https:\/\/ship-tracker.org\/#website\"},\"primaryImageOfPage\":{\"@id\":\"https:\/\/ship-tracker.org\/spirit-of-britain\/#primaryimage\"},\"image\":{\"@id\":\"https:\/\/ship-tracker.org\/spirit-of-britain\/#primaryimage\"},\"thumbnailUrl\":\"https:\/\/ship-tracker.org\/wp-content\/uploads\/2020\/05\/po_irish_sea_european_causeway.jpg\",\"datePublished\":\"2020-05-12T18:11:49+00:00\",\"dateModified\":\"2022-10-27T14:24:41+00:00\",\"description\":\"Spirit of Britain \u2693 Current location and position of Spirit of Britain \u2713 Cruise Ship Tracker \u2713 Live Ship Tracker \u2503P&O Ferries\",\"breadcrumb\":{\"@id\":\"https:\/\/ship-tracker.org\/spirit-of-britain\/#breadcrumb\"},\"inLanguage\":\"fi\",\"potentialAction\":[{\"@type\":\"ReadAction\",\"target\":[\"https:\/\/ship-tracker.org\/spirit-of-britain\/\"]}]},{\"@type\":\"ImageObject\",\"inLanguage\":\"fi\",\"@id\":\"https:\/\/ship-tracker.org\/spirit-of-britain\/#primaryimage\",\"url\":\"https:\/\/ship-tracker.org\/wp-content\/uploads\/2020\/05\/po_irish_sea_european_causeway.jpg\",\"contentUrl\":\"https:\/\/ship-tracker.org\/wp-content\/uploads\/2020\/05\/po_irish_sea_european_causeway.jpg\",\"width\":360,\"height\":250,\"caption\":\"Pride of Burgundy\"},{\"@type\":\"BreadcrumbList\",\"@id\":\"https:\/\/ship-tracker.org\/spirit-of-britain\/#breadcrumb\",\"itemListElement\":[{\"@type\":\"ListItem\",\"position\":1,\"name\":\"Startseite\",\"item\":\"https:\/\/ship-tracker.org\/\"},{\"@type\":\"ListItem\",\"position\":2,\"name\":\"Spirit of Britain\"}]},{\"@type\":\"WebSite\",\"@id\":\"https:\/\/ship-tracker.org\/#website\",\"url\":\"https:\/\/ship-tracker.org\/\",\"name\":\"Ship-tracker.org\",\"description\":\"\",\"potentialAction\":[{\"@type\":\"SearchAction\",\"target\":{\"@type\":\"EntryPoint\",\"urlTemplate\":\"https:\/\/ship-tracker.org\/?s={search_term_string}\"},\"query-input\":{\"@type\":\"PropertyValueSpecification\",\"valueRequired\":true,\"valueName\":\"search_term_string\"}}],\"inLanguage\":\"fi\"}]}<\/script>\n<!-- \/ Yoast SEO plugin. -->","yoast_head_json":{"title":"Spirit of Britain\u2503P&amp;O Ferriesin nykyinen sijainti ja sijainti","description":"Spirit of Britain \u2693 Spirit of Britainin nykyinen sijainti ja sijainti \u2713 Risteilyalusten seuranta \u2713 Live Ship Tracker \u2503P&amp;O Ferries","robots":{"index":"index","follow":"follow","max-snippet":"max-snippet:-1","max-image-preview":"max-image-preview:large","max-video-preview":"max-video-preview:-1"},"canonical":"https:\/\/ship-tracker.org\/fi\/spirit-of-britain\/","og_locale":"fi_FI","og_type":"article","og_title":"Spirit of Britain\u2503Current location and position of P&O Ferries","og_description":"Spirit of Britain \u2693 Current location and position of Spirit of Britain \u2713 Cruise Ship Tracker \u2713 Live Ship Tracker \u2503P&O Ferries","og_url":"https:\/\/ship-tracker.org\/fi\/spirit-of-britain\/","og_site_name":"Ship-tracker.org","article_modified_time":"2022-10-27T14:24:41+00:00","og_image":[{"width":360,"height":250,"url":"https:\/\/ship-tracker.org\/wp-content\/uploads\/2020\/05\/po_irish_sea_european_causeway.jpg","type":"image\/jpeg"}],"twitter_card":"summary_large_image","twitter_misc":{"Arvioitu lukuaika":"1 minuutti"},"schema":{"@context":"https:\/\/schema.org","@graph":[{"@type":"WebPage","@id":"https:\/\/ship-tracker.org\/spirit-of-britain\/","url":"https:\/\/ship-tracker.org\/spirit-of-britain\/","name":"Spirit of Britain\u2503P&amp;O Ferriesin nykyinen sijainti ja sijainti","isPartOf":{"@id":"https:\/\/ship-tracker.org\/#website"},"primaryImageOfPage":{"@id":"https:\/\/ship-tracker.org\/spirit-of-britain\/#primaryimage"},"image":{"@id":"https:\/\/ship-tracker.org\/spirit-of-britain\/#primaryimage"},"thumbnailUrl":"https:\/\/ship-tracker.org\/wp-content\/uploads\/2020\/05\/po_irish_sea_european_causeway.jpg","datePublished":"2020-05-12T18:11:49+00:00","dateModified":"2022-10-27T14:24:41+00:00","description":"Spirit of Britain \u2693 Spirit of Britainin nykyinen sijainti ja sijainti \u2713 Risteilyalusten seuranta \u2713 Live Ship Tracker \u2503P&amp;O Ferries","breadcrumb":{"@id":"https:\/\/ship-tracker.org\/spirit-of-britain\/#breadcrumb"},"inLanguage":"fi","potentialAction":[{"@type":"ReadAction","target":["https:\/\/ship-tracker.org\/spirit-of-britain\/"]}]},{"@type":"ImageObject","inLanguage":"fi","@id":"https:\/\/ship-tracker.org\/spirit-of-britain\/#primaryimage","url":"https:\/\/ship-tracker.org\/wp-content\/uploads\/2020\/05\/po_irish_sea_european_causeway.jpg","contentUrl":"https:\/\/ship-tracker.org\/wp-content\/uploads\/2020\/05\/po_irish_sea_european_causeway.jpg","width":360,"height":250,"caption":"Pride of Burgundy"},{"@type":"BreadcrumbList","@id":"https:\/\/ship-tracker.org\/spirit-of-britain\/#breadcrumb","itemListElement":[{"@type":"ListItem","position":1,"name":"Startseite","item":"https:\/\/ship-tracker.org\/"},{"@type":"ListItem","position":2,"name":"Spirit of Britain"}]},{"@type":"WebSite","@id":"https:\/\/ship-tracker.org\/#website","url":"https:\/\/ship-tracker.org\/","name":"Ship-tracker.org","description":"","potentialAction":[{"@type":"SearchAction","target":{"@type":"EntryPoint","urlTemplate":"https:\/\/ship-tracker.org\/?s={search_term_string}"},"query-input":{"@type":"PropertyValueSpecification","valueRequired":true,"valueName":"search_term_string"}}],"inLanguage":"fi"}]}},"_links":{"self":[{"href":"https:\/\/ship-tracker.org\/fi\/wp-json\/wp\/v2\/pages\/3052","targetHints":{"allow":["GET"]}}],"collection":[{"href":"https:\/\/ship-tracker.org\/fi\/wp-json\/wp\/v2\/pages"}],"about":[{"href":"https:\/\/ship-tracker.org\/fi\/wp-json\/wp\/v2\/types\/page"}],"author":[{"embeddable":true,"href":"https:\/\/ship-tracker.org\/fi\/wp-json\/wp\/v2\/users\/1"}],"replies":[{"embeddable":true,"href":"https:\/\/ship-tracker.org\/fi\/wp-json\/wp\/v2\/comments?post=3052"}],"version-history":[{"count":4,"href":"https:\/\/ship-tracker.org\/fi\/wp-json\/wp\/v2\/pages\/3052\/revisions"}],"predecessor-version":[{"id":3095,"href":"https:\/\/ship-tracker.org\/fi\/wp-json\/wp\/v2\/pages\/3052\/revisions\/3095"}],"wp:featuredmedia":[{"embeddable":true,"href":"https:\/\/ship-tracker.org\/fi\/wp-json\/wp\/v2\/media\/3031"}],"wp:attachment":[{"href":"https:\/\/ship-tracker.org\/fi\/wp-json\/wp\/v2\/media?parent=3052"}],"curies":[{"name":"wp","href":"https:\/\/api.w.org\/{rel}","templated":true}]}}