{"id":2784,"date":"2020-05-10T13:50:20","date_gmt":"2020-05-10T11:50:20","guid":{"rendered":"https:\/\/ship-tracker.org\/?page_id=2784"},"modified":"2022-10-27T15:43:56","modified_gmt":"2022-10-27T13:43:56","slug":"superstar-gemini","status":"publish","type":"page","link":"https:\/\/ship-tracker.org\/fi\/superstar-gemini\/","title":{"rendered":"Supert\u00e4hti Kaksoset"},"content":{"rendered":"<p><script async src=\"https:\/\/pagead2.googlesyndication.com\/pagead\/js\/adsbygoogle.js\"><span data-mce-type=\"bookmark\" style=\"display: inline-block; width: 0px; overflow: hidden; line-height: 0;\" class=\"mce_SELRES_start\">\ufeff<\/span><\/script><br \/>\n<!-- Ship-Tracker Display --><br \/>\n<ins class=\"adsbygoogle\" style=\"display: block;\" data-ad-client=\"ca-pub-1316785063791781\" data-ad-slot=\"8075999632\" data-ad-format=\"auto\" data-full-width-responsive=\"true\"><\/ins><br \/>\n<script>\n     (adsbygoogle = window.adsbygoogle || []).push({});\n<\/script><\/p>\n<h2><span style=\"color: #000000;\">Nykyinen sijainti ja <\/span><span style=\"color: #000000;\">SuperStar Geminin asema<\/span><\/h2>\n<p>Miss\u00e4 SuperStar Geminin nykyinen asema on t\u00e4ll\u00e4 hetkell\u00e4?<br \/>\n<script async src=\"https:\/\/pagead2.googlesyndication.com\/pagead\/js\/adsbygoogle.js\"><\/script><br \/>\n<!-- Schip-Tracker Linkanzeigen --><br \/>\n<ins class=\"adsbygoogle\" style=\"display: block;\" data-ad-client=\"ca-pub-1316785063791781\" data-ad-slot=\"3429004156\" data-ad-format=\"link\" data-full-width-responsive=\"true\"><\/ins><br \/>\n<script>\n     (adsbygoogle = window.adsbygoogle || []).push({});\n<\/script><br \/>\n<script type=\"text\/javascript\">\n  var width=\"100%\";var height=\"400\";\n  var mmsi=308272000;\n<\/script><script type=\"text\/javascript\" src=\"https:\/\/www.vesselfinder.com\/aismap.js\"><\/script><br \/>\n<script async src=\"https:\/\/pagead2.googlesyndication.com\/pagead\/js\/adsbygoogle.js\"><\/script><br \/>\n<!-- Ship-Tracker Display --><br \/>\n<ins class=\"adsbygoogle\" style=\"display: block;\" data-ad-client=\"ca-pub-1316785063791781\" data-ad-slot=\"8075999632\" data-ad-format=\"auto\" data-full-width-responsive=\"true\"><\/ins><br \/>\n<script>\n     (adsbygoogle = window.adsbygoogle || []).push({});\n<\/script><\/p>\n<p>N\u00e4yt\u00e4 SuperStar Gemini nykyinen sijainti. SuperStar Geminin sijainti voidaan m\u00e4\u00e4ritt\u00e4\u00e4 tarkasti VesselFinderin ja MarineTrafficin karttojen avulla. Joten olet aina hyvin perill\u00e4, miss\u00e4 suosikkilaivasi on t\u00e4ll\u00e4 hetkell\u00e4.<\/p>\n<h2 class=\"title\"><span style=\"color: #000000;\">SuperStar Gemini -katsaus ja tekniset tiedot<\/span><\/h2>\n<table style=\"height: 294px;\" width=\"400\">\n<tbody>\n<tr>\n<td style=\"width: 192px;\"><span style=\"color: #000000;\"><strong>Lippuvaltio<\/strong><\/span><\/td>\n<td style=\"width: 192px;\"><span style=\"color: #000000;\">Bahama<\/span><\/td>\n<\/tr>\n<tr>\n<td style=\"width: 192px;\"><span style=\"color: #000000;\"><strong>Valmistusvuosi<\/strong><\/span><\/td>\n<td style=\"width: 192px;\"><span style=\"color: #000000;\">1992 \u00a0<\/span><\/td>\n<\/tr>\n<tr>\n<td style=\"width: 192px;\"><span style=\"color: #000000;\"><strong>Rakentaja<\/strong><\/span><\/td>\n<td style=\"width: 192px;\"><span style=\"color: #000000;\">Chantiers de l&#039;Atlantique<\/span><\/td>\n<\/tr>\n<tr>\n<td style=\"width: 192px;\"><span style=\"color: #000000;\"><strong>Pituus<\/strong><\/span><\/td>\n<td style=\"width: 192px;\"><span style=\"color: #000000;\"><span class=\"specificationUnit\">229 m<\/span><\/span><\/td>\n<\/tr>\n<tr>\n<td style=\"width: 192px;\"><span style=\"color: #000000;\"><strong>S\u00e4de<\/strong><\/span><\/td>\n<td style=\"width: 192px;\"><span style=\"color: #000000;\"><span class=\"specificationUnit\">32 m<\/span><\/span><\/td>\n<\/tr>\n<tr>\n<td style=\"width: 192px;\"><span style=\"color: #000000;\"><strong>Bruttovetoisuus<\/strong><\/span><\/td>\n<td style=\"width: 192px;\"><span style=\"color: #000000;\"><span class=\"specificationUnit\">50764 gt<\/span><\/span><\/td>\n<\/tr>\n<tr>\n<td style=\"width: 192px;\"><span style=\"color: #000000;\"><strong>Matkustajat<\/strong><\/span><\/td>\n<td style=\"width: 192px;\"><span style=\"color: #000000;\">1750\u20132150<\/span><\/td>\n<\/tr>\n<tr>\n<td style=\"width: 192px;\"><span style=\"color: #000000;\"><strong>Miehist\u00f6<\/strong><\/span><\/td>\n<td style=\"width: 192px;\"><span style=\"color: #000000;\">700<\/span><\/td>\n<\/tr>\n<tr>\n<td style=\"width: 192px;\"><span style=\"color: #000000;\"><strong>Kannet<\/strong>\u00a0<\/span><\/td>\n<td style=\"width: 192px;\"><span style=\"color: #000000;\">10<\/span><\/td>\n<\/tr>\n<tr>\n<td style=\"width: 192px;\"><span style=\"color: #000000;\"><strong>Nopeus<\/strong><\/span><\/td>\n<td style=\"width: 192px;\"><span style=\"color: #000000;\"><span class=\"specificationUnit\">21 kn<\/span><\/span><\/td>\n<\/tr>\n<tr>\n<td style=\"width: 192px;\"><span style=\"color: #000000;\"><strong><b>Omistaja<\/b><\/strong><\/span><\/td>\n<td style=\"width: 192px;\"><a href=\"https:\/\/ship-tracker.org\/fi\/star-cruises\/\"><span style=\"color: #000000;\">T\u00e4htien risteilyt<\/span><\/a><\/td>\n<\/tr>\n<\/tbody>\n<\/table>\n<p>&nbsp;<\/p>\n<h3 class=\"title\">Star Cruisesin laivasto<\/h3>\n<ul>\n<li><a href=\"https:\/\/ship-tracker.org\/fi\/superstar-aquarius\/\">Supert\u00e4hti Vesimies<\/a><\/li>\n<li><a href=\"https:\/\/ship-tracker.org\/fi\/star-pisces\/\">T\u00e4hti Kalat<\/a><\/li>\n<li><a href=\"https:\/\/ship-tracker.org\/fi\/superstar-libra\/\">Supert\u00e4hti Vaaka<\/a><\/li>\n<\/ul>\n<p><script async src=\"https:\/\/pagead2.googlesyndication.com\/pagead\/js\/adsbygoogle.js\"><\/script><br \/>\n<!-- Schip-Tracker Linkanzeigen --><br \/>\n<ins class=\"adsbygoogle\" style=\"display: block;\" data-ad-client=\"ca-pub-1316785063791781\" data-ad-slot=\"3429004156\" data-ad-format=\"link\" data-full-width-responsive=\"true\"><\/ins><br \/>\n<script>\n     (adsbygoogle = window.adsbygoogle || []).push({});\n<\/script><\/p>\n<h4><span style=\"color: #000000;\">SuperStar Gemini -video<\/span><\/h4>\n<div class=\"su-youtube su-u-responsive-media-yes\"><iframe loading=\"lazy\" width=\"600\" height=\"400\" src=\"https:\/\/www.youtube.com\/embed\/nyzhm46mgqA?\" frameborder=\"0\" allowfullscreen allow=\"autoplay; encrypted-media; picture-in-picture\" title=\"\"><\/iframe><\/div>","protected":false},"excerpt":{"rendered":"<p>SuperStar Geminin nykyinen sijainti ja asento Miss\u00e4 SuperStar Geminin nykyinen sijainti on t\u00e4ll\u00e4 hetkell\u00e4? N\u00e4yt\u00e4 SuperStar Geminin nykyinen sijainti. SuperStar Geminin sijainti voidaan m\u00e4\u00e4ritt\u00e4\u00e4 tarkasti VesselFinderin ja MarineTrafficin kartoilla. Joten olet aina hyvin perill\u00e4 siit\u00e4, miss\u00e4 suosikkialuksesi on t\u00e4ll\u00e4 hetkell\u00e4. SuperStar Geminin arvostelu ja tekniset tiedot Ilmoita\u2026&nbsp;<a href=\"https:\/\/ship-tracker.org\/fi\/superstar-gemini\/\" rel=\"bookmark\">Lue lis\u00e4\u00e4 \u00bb<span class=\"screen-reader-text\">Supert\u00e4hti Kaksoset<\/span><\/a><\/p>","protected":false},"author":1,"featured_media":746,"parent":0,"menu_order":0,"comment_status":"closed","ping_status":"closed","template":"","meta":{"neve_meta_sidebar":"","neve_meta_container":"","neve_meta_enable_content_width":"","neve_meta_content_width":0,"neve_meta_title_alignment":"","neve_meta_author_avatar":"","neve_post_elements_order":"","neve_meta_disable_header":"","neve_meta_disable_footer":"","neve_meta_disable_title":"","neve_meta_reading_time":"","footnotes":""},"class_list":["post-2784","page","type-page","status-publish","has-post-thumbnail","hentry"],"yoast_head":"<!-- This site is optimized with the Yoast SEO plugin v26.9 - https:\/\/yoast.com\/product\/yoast-seo-wordpress\/ -->\n<title>SuperStar Gemini\u2503Current location and position of Star Cruises<\/title>\n<meta name=\"description\" content=\"SuperStar Gemini \u2693 Current location and position of SuperStar Gemini \u2713 Cruise Ship Tracker \u2713 Live Ship Tracker \u2503Star Cruises\" \/>\n<meta name=\"robots\" content=\"index, follow, max-snippet:-1, max-image-preview:large, max-video-preview:-1\" \/>\n<link rel=\"canonical\" href=\"https:\/\/ship-tracker.org\/fi\/superstar-gemini\/\" \/>\n<meta property=\"og:locale\" content=\"fi_FI\" \/>\n<meta property=\"og:type\" content=\"article\" \/>\n<meta property=\"og:title\" content=\"SuperStar Gemini\u2503Current location and position of Star Cruises\" \/>\n<meta property=\"og:description\" content=\"SuperStar Gemini \u2693 Current location and position of SuperStar Gemini \u2713 Cruise Ship Tracker \u2713 Live Ship Tracker \u2503Star Cruises\" \/>\n<meta property=\"og:url\" content=\"https:\/\/ship-tracker.org\/fi\/superstar-gemini\/\" \/>\n<meta property=\"og:site_name\" content=\"Ship-tracker.org\" \/>\n<meta property=\"article:modified_time\" content=\"2022-10-27T13:43:56+00:00\" \/>\n<meta property=\"og:image\" content=\"https:\/\/ship-tracker.org\/wp-content\/uploads\/2019\/03\/cruise-ship-615116_640-1.jpg\" \/>\n\t<meta property=\"og:image:width\" content=\"640\" \/>\n\t<meta property=\"og:image:height\" content=\"357\" \/>\n\t<meta property=\"og:image:type\" content=\"image\/jpeg\" \/>\n<meta name=\"twitter:card\" content=\"summary_large_image\" \/>\n<meta name=\"twitter:label1\" content=\"Arvioitu lukuaika\" \/>\n\t<meta name=\"twitter:data1\" content=\"1 minuutti\" \/>\n<script type=\"application\/ld+json\" class=\"yoast-schema-graph\">{\"@context\":\"https:\/\/schema.org\",\"@graph\":[{\"@type\":\"WebPage\",\"@id\":\"https:\/\/ship-tracker.org\/superstar-gemini\/\",\"url\":\"https:\/\/ship-tracker.org\/superstar-gemini\/\",\"name\":\"SuperStar Gemini\u2503Current location and position of Star Cruises\",\"isPartOf\":{\"@id\":\"https:\/\/ship-tracker.org\/#website\"},\"primaryImageOfPage\":{\"@id\":\"https:\/\/ship-tracker.org\/superstar-gemini\/#primaryimage\"},\"image\":{\"@id\":\"https:\/\/ship-tracker.org\/superstar-gemini\/#primaryimage\"},\"thumbnailUrl\":\"https:\/\/ship-tracker.org\/wp-content\/uploads\/2019\/03\/cruise-ship-615116_640-1.jpg\",\"datePublished\":\"2020-05-10T11:50:20+00:00\",\"dateModified\":\"2022-10-27T13:43:56+00:00\",\"description\":\"SuperStar Gemini \u2693 Current location and position of SuperStar Gemini \u2713 Cruise Ship Tracker \u2713 Live Ship Tracker \u2503Star Cruises\",\"breadcrumb\":{\"@id\":\"https:\/\/ship-tracker.org\/superstar-gemini\/#breadcrumb\"},\"inLanguage\":\"fi\",\"potentialAction\":[{\"@type\":\"ReadAction\",\"target\":[\"https:\/\/ship-tracker.org\/superstar-gemini\/\"]}]},{\"@type\":\"ImageObject\",\"inLanguage\":\"fi\",\"@id\":\"https:\/\/ship-tracker.org\/superstar-gemini\/#primaryimage\",\"url\":\"https:\/\/ship-tracker.org\/wp-content\/uploads\/2019\/03\/cruise-ship-615116_640-1.jpg\",\"contentUrl\":\"https:\/\/ship-tracker.org\/wp-content\/uploads\/2019\/03\/cruise-ship-615116_640-1.jpg\",\"width\":640,\"height\":357,\"caption\":\"EVER GIVEN\"},{\"@type\":\"BreadcrumbList\",\"@id\":\"https:\/\/ship-tracker.org\/superstar-gemini\/#breadcrumb\",\"itemListElement\":[{\"@type\":\"ListItem\",\"position\":1,\"name\":\"Startseite\",\"item\":\"https:\/\/ship-tracker.org\/\"},{\"@type\":\"ListItem\",\"position\":2,\"name\":\"SuperStar Gemini\"}]},{\"@type\":\"WebSite\",\"@id\":\"https:\/\/ship-tracker.org\/#website\",\"url\":\"https:\/\/ship-tracker.org\/\",\"name\":\"Ship-tracker.org\",\"description\":\"\",\"potentialAction\":[{\"@type\":\"SearchAction\",\"target\":{\"@type\":\"EntryPoint\",\"urlTemplate\":\"https:\/\/ship-tracker.org\/?s={search_term_string}\"},\"query-input\":{\"@type\":\"PropertyValueSpecification\",\"valueRequired\":true,\"valueName\":\"search_term_string\"}}],\"inLanguage\":\"fi\"}]}<\/script>\n<!-- \/ Yoast SEO plugin. -->","yoast_head_json":{"title":"SuperStar Gemini\u2503Star Cruisesin nykyinen sijainti ja sijainti","description":"SuperStar Gemini \u2693 SuperStar Geminin nykyinen sijainti ja sijainti \u2713 Risteilylaivaseuranta \u2713 Live Ship Tracker \u2503T\u00e4htiristeilyt","robots":{"index":"index","follow":"follow","max-snippet":"max-snippet:-1","max-image-preview":"max-image-preview:large","max-video-preview":"max-video-preview:-1"},"canonical":"https:\/\/ship-tracker.org\/fi\/superstar-gemini\/","og_locale":"fi_FI","og_type":"article","og_title":"SuperStar Gemini\u2503Current location and position of Star Cruises","og_description":"SuperStar Gemini \u2693 Current location and position of SuperStar Gemini \u2713 Cruise Ship Tracker \u2713 Live Ship Tracker \u2503Star Cruises","og_url":"https:\/\/ship-tracker.org\/fi\/superstar-gemini\/","og_site_name":"Ship-tracker.org","article_modified_time":"2022-10-27T13:43:56+00:00","og_image":[{"width":640,"height":357,"url":"https:\/\/ship-tracker.org\/wp-content\/uploads\/2019\/03\/cruise-ship-615116_640-1.jpg","type":"image\/jpeg"}],"twitter_card":"summary_large_image","twitter_misc":{"Arvioitu lukuaika":"1 minuutti"},"schema":{"@context":"https:\/\/schema.org","@graph":[{"@type":"WebPage","@id":"https:\/\/ship-tracker.org\/superstar-gemini\/","url":"https:\/\/ship-tracker.org\/superstar-gemini\/","name":"SuperStar Gemini\u2503Star Cruisesin nykyinen sijainti ja sijainti","isPartOf":{"@id":"https:\/\/ship-tracker.org\/#website"},"primaryImageOfPage":{"@id":"https:\/\/ship-tracker.org\/superstar-gemini\/#primaryimage"},"image":{"@id":"https:\/\/ship-tracker.org\/superstar-gemini\/#primaryimage"},"thumbnailUrl":"https:\/\/ship-tracker.org\/wp-content\/uploads\/2019\/03\/cruise-ship-615116_640-1.jpg","datePublished":"2020-05-10T11:50:20+00:00","dateModified":"2022-10-27T13:43:56+00:00","description":"SuperStar Gemini \u2693 SuperStar Geminin nykyinen sijainti ja sijainti \u2713 Risteilylaivaseuranta \u2713 Live Ship Tracker \u2503T\u00e4htiristeilyt","breadcrumb":{"@id":"https:\/\/ship-tracker.org\/superstar-gemini\/#breadcrumb"},"inLanguage":"fi","potentialAction":[{"@type":"ReadAction","target":["https:\/\/ship-tracker.org\/superstar-gemini\/"]}]},{"@type":"ImageObject","inLanguage":"fi","@id":"https:\/\/ship-tracker.org\/superstar-gemini\/#primaryimage","url":"https:\/\/ship-tracker.org\/wp-content\/uploads\/2019\/03\/cruise-ship-615116_640-1.jpg","contentUrl":"https:\/\/ship-tracker.org\/wp-content\/uploads\/2019\/03\/cruise-ship-615116_640-1.jpg","width":640,"height":357,"caption":"EVER GIVEN"},{"@type":"BreadcrumbList","@id":"https:\/\/ship-tracker.org\/superstar-gemini\/#breadcrumb","itemListElement":[{"@type":"ListItem","position":1,"name":"Startseite","item":"https:\/\/ship-tracker.org\/"},{"@type":"ListItem","position":2,"name":"SuperStar Gemini"}]},{"@type":"WebSite","@id":"https:\/\/ship-tracker.org\/#website","url":"https:\/\/ship-tracker.org\/","name":"Ship-tracker.org","description":"","potentialAction":[{"@type":"SearchAction","target":{"@type":"EntryPoint","urlTemplate":"https:\/\/ship-tracker.org\/?s={search_term_string}"},"query-input":{"@type":"PropertyValueSpecification","valueRequired":true,"valueName":"search_term_string"}}],"inLanguage":"fi"}]}},"_links":{"self":[{"href":"https:\/\/ship-tracker.org\/fi\/wp-json\/wp\/v2\/pages\/2784","targetHints":{"allow":["GET"]}}],"collection":[{"href":"https:\/\/ship-tracker.org\/fi\/wp-json\/wp\/v2\/pages"}],"about":[{"href":"https:\/\/ship-tracker.org\/fi\/wp-json\/wp\/v2\/types\/page"}],"author":[{"embeddable":true,"href":"https:\/\/ship-tracker.org\/fi\/wp-json\/wp\/v2\/users\/1"}],"replies":[{"embeddable":true,"href":"https:\/\/ship-tracker.org\/fi\/wp-json\/wp\/v2\/comments?post=2784"}],"version-history":[{"count":3,"href":"https:\/\/ship-tracker.org\/fi\/wp-json\/wp\/v2\/pages\/2784\/revisions"}],"predecessor-version":[{"id":2836,"href":"https:\/\/ship-tracker.org\/fi\/wp-json\/wp\/v2\/pages\/2784\/revisions\/2836"}],"wp:featuredmedia":[{"embeddable":true,"href":"https:\/\/ship-tracker.org\/fi\/wp-json\/wp\/v2\/media\/746"}],"wp:attachment":[{"href":"https:\/\/ship-tracker.org\/fi\/wp-json\/wp\/v2\/media?parent=2784"}],"curies":[{"name":"wp","href":"https:\/\/api.w.org\/{rel}","templated":true}]}}