{"id":2571,"date":"2020-05-09T13:38:06","date_gmt":"2020-05-09T11:38:06","guid":{"rendered":"https:\/\/ship-tracker.org\/?page_id=2571"},"modified":"2022-10-27T15:28:06","modified_gmt":"2022-10-27T13:28:06","slug":"ms-bremen","status":"publish","type":"page","link":"https:\/\/ship-tracker.org\/fi\/ms-bremen\/","title":{"rendered":"MS Bremen"},"content":{"rendered":"<p><script async src=\"https:\/\/pagead2.googlesyndication.com\/pagead\/js\/adsbygoogle.js\"><span data-mce-type=\"bookmark\" style=\"display: inline-block; width: 0px; overflow: hidden; line-height: 0;\" class=\"mce_SELRES_start\">\ufeff<\/span><\/script><br \/>\n<!-- Ship-Tracker Display --><br \/>\n<ins class=\"adsbygoogle\" style=\"display: block;\" data-ad-client=\"ca-pub-1316785063791781\" data-ad-slot=\"8075999632\" data-ad-format=\"auto\" data-full-width-responsive=\"true\"><\/ins><br \/>\n<script>\n     (adsbygoogle = window.adsbygoogle || []).push({});\n<\/script><\/p>\n<h2><span style=\"color: #000000;\">Nykyinen sijainti ja <\/span><span style=\"color: #000000;\">MS Bremenin asema<\/span><\/h2>\n<p>Miss\u00e4 MS Bremenin nykyinen asema on t\u00e4ll\u00e4 hetkell\u00e4?<br \/>\n<script async src=\"https:\/\/pagead2.googlesyndication.com\/pagead\/js\/adsbygoogle.js\"><\/script><br \/>\n<!-- Schip-Tracker Linkanzeigen --><br \/>\n<ins class=\"adsbygoogle\" style=\"display: block;\" data-ad-client=\"ca-pub-1316785063791781\" data-ad-slot=\"3429004156\" data-ad-format=\"link\" data-full-width-responsive=\"true\"><\/ins><br \/>\n<script>\n     (adsbygoogle = window.adsbygoogle || []).push({});\n<\/script><br \/>\n<script type=\"text\/javascript\">\n  var width=\"100%\";var height=\"400\";\n  var mmsi=308429000;\n<\/script><script type=\"text\/javascript\" src=\"https:\/\/www.vesselfinder.com\/aismap.js\"><\/script><br \/>\n<script async src=\"https:\/\/pagead2.googlesyndication.com\/pagead\/js\/adsbygoogle.js\"><\/script><br \/>\n<!-- Ship-Tracker Display --><br \/>\n<ins class=\"adsbygoogle\" style=\"display: block;\" data-ad-client=\"ca-pub-1316785063791781\" data-ad-slot=\"8075999632\" data-ad-format=\"auto\" data-full-width-responsive=\"true\"><\/ins><br \/>\n<script>\n     (adsbygoogle = window.adsbygoogle || []).push({});\n<\/script><\/p>\n<p>N\u00e4yt\u00e4 MS Bremen nykyinen sijainti. MS Bremenin sijainti voidaan m\u00e4\u00e4ritt\u00e4\u00e4 tarkasti VesselFinderin ja MarineTrafficin karttojen avulla. Joten olet aina hyvin perill\u00e4, miss\u00e4 suosikkilaivasi on t\u00e4ll\u00e4 hetkell\u00e4.<\/p>\n<h2 class=\"title\"><span style=\"color: #000000;\">MS Bremen -katsaus ja tekniset tiedot<\/span><\/h2>\n<table style=\"height: 294px;\" width=\"400\">\n<tbody>\n<tr>\n<td style=\"width: 192px;\"><span style=\"color: #000000;\"><strong>Lippuvaltio<\/strong><\/span><\/td>\n<td style=\"width: 192px;\"><span style=\"color: #000000;\">Bahama<\/span><\/td>\n<\/tr>\n<tr>\n<td style=\"width: 192px;\"><span style=\"color: #000000;\"><strong>Valmistusvuosi<\/strong><\/span><\/td>\n<td style=\"width: 192px;\"><span style=\"color: #000000;\">1990 \u00a0<\/span><\/td>\n<\/tr>\n<tr>\n<td style=\"width: 192px;\"><span style=\"color: #000000;\"><strong>Rakentaja<\/strong><\/span><\/td>\n<td style=\"width: 192px;\"><span style=\"color: #000000;\">Mitsubishi Heavy Industries<\/span><\/td>\n<\/tr>\n<tr>\n<td style=\"width: 192px;\"><span style=\"color: #000000;\"><strong>Pituus<\/strong><\/span><\/td>\n<td style=\"width: 192px;\"><span style=\"color: #000000;\"><span class=\"specificationUnit\">111 m<\/span><\/span><\/td>\n<\/tr>\n<tr>\n<td style=\"width: 192px;\"><span style=\"color: #000000;\"><strong>S\u00e4de<\/strong><\/span><\/td>\n<td style=\"width: 192px;\"><span style=\"color: #000000;\"><span class=\"specificationUnit\">17 m<\/span><\/span><\/td>\n<\/tr>\n<tr>\n<td style=\"width: 192px;\"><span style=\"color: #000000;\"><strong>Bruttovetoisuus<\/strong><\/span><\/td>\n<td style=\"width: 192px;\"><span style=\"color: #000000;\"><span class=\"specificationUnit\">6752 gt<\/span><\/span><\/td>\n<\/tr>\n<tr>\n<td style=\"width: 192px;\"><span style=\"color: #000000;\"><strong>Matkustajat<\/strong><\/span><\/td>\n<td style=\"width: 192px;\"><span style=\"color: #000000;\">155<\/span><\/td>\n<\/tr>\n<tr>\n<td style=\"width: 192px;\"><span style=\"color: #000000;\"><strong>Miehist\u00f6<\/strong><\/span><\/td>\n<td style=\"width: 192px;\"><span style=\"color: #000000;\">100<\/span><\/td>\n<\/tr>\n<tr>\n<td style=\"width: 192px;\"><span style=\"color: #000000;\"><strong>Kannet<\/strong>\u00a0<\/span><\/td>\n<td style=\"width: 192px;\"><span style=\"color: #000000;\">7<\/span><\/td>\n<\/tr>\n<tr>\n<td style=\"width: 192px;\"><span style=\"color: #000000;\"><strong>Nopeus<\/strong><\/span><\/td>\n<td style=\"width: 192px;\"><span style=\"color: #000000;\"><span class=\"specificationUnit\">16 kn<\/span><\/span><\/td>\n<\/tr>\n<tr>\n<td style=\"width: 192px;\"><span style=\"color: #000000;\"><strong><b>Propulsio<\/b><\/strong><\/span><\/td>\n<td style=\"width: 192px;\"><span style=\"color: #000000;\">Diesel-s\u00e4hk\u00f6<\/span><\/td>\n<\/tr>\n<tr>\n<td style=\"width: 192px;\"><span style=\"color: #000000;\"><strong><b>Omistaja<\/b><\/strong><\/span><\/td>\n<td style=\"width: 192px;\"><a href=\"https:\/\/ship-tracker.org\/fi\/hapag-lloyd-cruises\/\"><span style=\"color: #000000;\">Hapag-Lloyd -risteilyt<\/span><\/a><\/td>\n<\/tr>\n<\/tbody>\n<\/table>\n<p><img loading=\"lazy\" decoding=\"async\" class=\"aligncenter wp-image-382 size-full\" src=\"https:\/\/ship-tracker.org\/wp-content\/uploads\/2017\/09\/cruise-1419799_640.jpg\" alt=\"MS Bremen\" width=\"640\" height=\"283\" srcset=\"https:\/\/ship-tracker.org\/wp-content\/uploads\/2017\/09\/cruise-1419799_640.jpg 640w, https:\/\/ship-tracker.org\/wp-content\/uploads\/2017\/09\/cruise-1419799_640-300x133.jpg 300w\" sizes=\"auto, (max-width: 640px) 100vw, 640px\" \/><\/p>\n<h3 class=\"title\">Hapag-Lloyd Cruises -laivasto<\/h3>\n<ul>\n<li><a href=\"https:\/\/ship-tracker.org\/fi\/hanseatic-spirit\/\">Hansalainen henki<\/a><\/li>\n<li><a href=\"https:\/\/ship-tracker.org\/fi\/hanseatic-inspiration\/\">Hansalainen inspiraatio<\/a><\/li>\n<li><a href=\"https:\/\/ship-tracker.org\/fi\/hanseatic-nature\/\">Hansalainen luonto<\/a><\/li>\n<li><a href=\"https:\/\/ship-tracker.org\/fi\/ms-europa\/\">MS Europa\u00a0<\/a><\/li>\n<li><a href=\"https:\/\/ship-tracker.org\/fi\/ms-europa-2\/\">MS Europa 2<\/a><\/li>\n<\/ul>\n<p><script async src=\"https:\/\/pagead2.googlesyndication.com\/pagead\/js\/adsbygoogle.js\"><\/script><br \/>\n<!-- Schip-Tracker Linkanzeigen --><br \/>\n<ins class=\"adsbygoogle\" style=\"display: block;\" data-ad-client=\"ca-pub-1316785063791781\" data-ad-slot=\"3429004156\" data-ad-format=\"link\" data-full-width-responsive=\"true\"><\/ins><br \/>\n<script>\n     (adsbygoogle = window.adsbygoogle || []).push({});\n<\/script><\/p>\n<h4><span style=\"color: #000000;\">MS Bremen video<\/span><\/h4>\n<div class=\"su-youtube su-u-responsive-media-yes\"><iframe loading=\"lazy\" width=\"600\" height=\"400\" src=\"https:\/\/www.youtube.com\/embed\/yoMgGCTKvxA?\" frameborder=\"0\" allowfullscreen allow=\"autoplay; encrypted-media; picture-in-picture\" title=\"\"><\/iframe><\/div>","protected":false},"excerpt":{"rendered":"<p>MS Bremenin nykyinen sijainti ja asento Miss\u00e4 MS Bremen on t\u00e4ll\u00e4 hetkell\u00e4? N\u00e4yt\u00e4 MS Bremenin nykyinen sijainti. MS Bremenin sijainti voidaan m\u00e4\u00e4ritt\u00e4\u00e4 tarkasti VesselFinderin ja MarineTrafficin kartoilla. Joten olet aina hyvin perill\u00e4 siit\u00e4, miss\u00e4 suosikkialuksesi on t\u00e4ll\u00e4 hetkell\u00e4. MS Bremenin arvostelu ja tekniset tiedot Ilmoita\u2026&nbsp;<a href=\"https:\/\/ship-tracker.org\/fi\/ms-bremen\/\" rel=\"bookmark\">Lue lis\u00e4\u00e4 \u00bb<span class=\"screen-reader-text\">MS Bremen<\/span><\/a><\/p>","protected":false},"author":1,"featured_media":0,"parent":0,"menu_order":0,"comment_status":"closed","ping_status":"closed","template":"","meta":{"neve_meta_sidebar":"","neve_meta_container":"","neve_meta_enable_content_width":"","neve_meta_content_width":0,"neve_meta_title_alignment":"","neve_meta_author_avatar":"","neve_post_elements_order":"","neve_meta_disable_header":"","neve_meta_disable_footer":"","neve_meta_disable_title":"","neve_meta_reading_time":"","footnotes":""},"class_list":["post-2571","page","type-page","status-publish","hentry"],"yoast_head":"<!-- This site is optimized with the Yoast SEO plugin v27.4 - https:\/\/yoast.com\/product\/yoast-seo-wordpress\/ -->\n<title>MS Bremen\u2503Current location and position of Hapag-Lloyd Cruises<\/title>\n<meta name=\"description\" content=\"MS Bremen \u2693 Current location and position of MS Bremen \u2713 Cruise Ship Tracker \u2713 Live Ship Tracker \u2713 Hapag-Lloyd Cruises\" \/>\n<meta name=\"robots\" content=\"index, follow, max-snippet:-1, max-image-preview:large, max-video-preview:-1\" \/>\n<link rel=\"canonical\" href=\"https:\/\/ship-tracker.org\/fi\/ms-bremen\/\" \/>\n<meta property=\"og:locale\" content=\"fi_FI\" \/>\n<meta property=\"og:type\" content=\"article\" \/>\n<meta property=\"og:title\" content=\"MS Bremen\u2503Current location and position of Hapag-Lloyd Cruises\" \/>\n<meta property=\"og:description\" content=\"MS Bremen \u2693 Current location and position of MS Bremen \u2713 Cruise Ship Tracker \u2713 Live Ship Tracker \u2713 Hapag-Lloyd Cruises\" \/>\n<meta property=\"og:url\" content=\"https:\/\/ship-tracker.org\/fi\/ms-bremen\/\" \/>\n<meta property=\"og:site_name\" content=\"Ship-tracker.org\" \/>\n<meta property=\"article:modified_time\" content=\"2022-10-27T13:28:06+00:00\" \/>\n<meta property=\"og:image\" content=\"https:\/\/ship-tracker.org\/wp-content\/uploads\/2017\/09\/cruise-1419799_640.jpg\" \/>\n<meta name=\"twitter:card\" content=\"summary_large_image\" \/>\n<meta name=\"twitter:label1\" content=\"Arvioitu lukuaika\" \/>\n\t<meta name=\"twitter:data1\" content=\"1 minuutti\" \/>\n<script type=\"application\/ld+json\" class=\"yoast-schema-graph\">{\"@context\":\"https:\\\/\\\/schema.org\",\"@graph\":[{\"@type\":\"WebPage\",\"@id\":\"https:\\\/\\\/ship-tracker.org\\\/ms-bremen\\\/\",\"url\":\"https:\\\/\\\/ship-tracker.org\\\/ms-bremen\\\/\",\"name\":\"MS Bremen\u2503Current location and position of Hapag-Lloyd Cruises\",\"isPartOf\":{\"@id\":\"https:\\\/\\\/ship-tracker.org\\\/#website\"},\"primaryImageOfPage\":{\"@id\":\"https:\\\/\\\/ship-tracker.org\\\/ms-bremen\\\/#primaryimage\"},\"image\":{\"@id\":\"https:\\\/\\\/ship-tracker.org\\\/ms-bremen\\\/#primaryimage\"},\"thumbnailUrl\":\"https:\\\/\\\/ship-tracker.org\\\/wp-content\\\/uploads\\\/2017\\\/09\\\/cruise-1419799_640.jpg\",\"datePublished\":\"2020-05-09T11:38:06+00:00\",\"dateModified\":\"2022-10-27T13:28:06+00:00\",\"description\":\"MS Bremen \u2693 Current location and position of MS Bremen \u2713 Cruise Ship Tracker \u2713 Live Ship Tracker \u2713 Hapag-Lloyd Cruises\",\"breadcrumb\":{\"@id\":\"https:\\\/\\\/ship-tracker.org\\\/ms-bremen\\\/#breadcrumb\"},\"inLanguage\":\"fi\",\"potentialAction\":[{\"@type\":\"ReadAction\",\"target\":[\"https:\\\/\\\/ship-tracker.org\\\/ms-bremen\\\/\"]}]},{\"@type\":\"ImageObject\",\"inLanguage\":\"fi\",\"@id\":\"https:\\\/\\\/ship-tracker.org\\\/ms-bremen\\\/#primaryimage\",\"url\":\"https:\\\/\\\/ship-tracker.org\\\/wp-content\\\/uploads\\\/2017\\\/09\\\/cruise-1419799_640.jpg\",\"contentUrl\":\"https:\\\/\\\/ship-tracker.org\\\/wp-content\\\/uploads\\\/2017\\\/09\\\/cruise-1419799_640.jpg\"},{\"@type\":\"BreadcrumbList\",\"@id\":\"https:\\\/\\\/ship-tracker.org\\\/ms-bremen\\\/#breadcrumb\",\"itemListElement\":[{\"@type\":\"ListItem\",\"position\":1,\"name\":\"Startseite\",\"item\":\"https:\\\/\\\/ship-tracker.org\\\/\"},{\"@type\":\"ListItem\",\"position\":2,\"name\":\"MS Bremen\"}]},{\"@type\":\"WebSite\",\"@id\":\"https:\\\/\\\/ship-tracker.org\\\/#website\",\"url\":\"https:\\\/\\\/ship-tracker.org\\\/\",\"name\":\"Ship-tracker.org\",\"description\":\"\",\"potentialAction\":[{\"@type\":\"SearchAction\",\"target\":{\"@type\":\"EntryPoint\",\"urlTemplate\":\"https:\\\/\\\/ship-tracker.org\\\/?s={search_term_string}\"},\"query-input\":{\"@type\":\"PropertyValueSpecification\",\"valueRequired\":true,\"valueName\":\"search_term_string\"}}],\"inLanguage\":\"fi\"}]}<\/script>\n<!-- \/ Yoast SEO plugin. -->","yoast_head_json":{"title":"MS Bremen\u2503Hapag-Lloyd Cruisesin nykyinen sijainti ja sijainti","description":"MS Bremen \u2693 MS Bremenin nykyinen sijainti ja sijainti \u2713 Risteilylaivaseuranta \u2713 Live Ship Tracker \u2713 Hapag-Lloyd Cruises","robots":{"index":"index","follow":"follow","max-snippet":"max-snippet:-1","max-image-preview":"max-image-preview:large","max-video-preview":"max-video-preview:-1"},"canonical":"https:\/\/ship-tracker.org\/fi\/ms-bremen\/","og_locale":"fi_FI","og_type":"article","og_title":"MS Bremen\u2503Current location and position of Hapag-Lloyd Cruises","og_description":"MS Bremen \u2693 Current location and position of MS Bremen \u2713 Cruise Ship Tracker \u2713 Live Ship Tracker \u2713 Hapag-Lloyd Cruises","og_url":"https:\/\/ship-tracker.org\/fi\/ms-bremen\/","og_site_name":"Ship-tracker.org","article_modified_time":"2022-10-27T13:28:06+00:00","og_image":[{"url":"https:\/\/ship-tracker.org\/wp-content\/uploads\/2017\/09\/cruise-1419799_640.jpg","type":"","width":"","height":""}],"twitter_card":"summary_large_image","twitter_misc":{"Arvioitu lukuaika":"1 minuutti"},"schema":{"@context":"https:\/\/schema.org","@graph":[{"@type":"WebPage","@id":"https:\/\/ship-tracker.org\/ms-bremen\/","url":"https:\/\/ship-tracker.org\/ms-bremen\/","name":"MS Bremen\u2503Hapag-Lloyd Cruisesin nykyinen sijainti ja sijainti","isPartOf":{"@id":"https:\/\/ship-tracker.org\/#website"},"primaryImageOfPage":{"@id":"https:\/\/ship-tracker.org\/ms-bremen\/#primaryimage"},"image":{"@id":"https:\/\/ship-tracker.org\/ms-bremen\/#primaryimage"},"thumbnailUrl":"https:\/\/ship-tracker.org\/wp-content\/uploads\/2017\/09\/cruise-1419799_640.jpg","datePublished":"2020-05-09T11:38:06+00:00","dateModified":"2022-10-27T13:28:06+00:00","description":"MS Bremen \u2693 MS Bremenin nykyinen sijainti ja sijainti \u2713 Risteilylaivaseuranta \u2713 Live Ship Tracker \u2713 Hapag-Lloyd Cruises","breadcrumb":{"@id":"https:\/\/ship-tracker.org\/ms-bremen\/#breadcrumb"},"inLanguage":"fi","potentialAction":[{"@type":"ReadAction","target":["https:\/\/ship-tracker.org\/ms-bremen\/"]}]},{"@type":"ImageObject","inLanguage":"fi","@id":"https:\/\/ship-tracker.org\/ms-bremen\/#primaryimage","url":"https:\/\/ship-tracker.org\/wp-content\/uploads\/2017\/09\/cruise-1419799_640.jpg","contentUrl":"https:\/\/ship-tracker.org\/wp-content\/uploads\/2017\/09\/cruise-1419799_640.jpg"},{"@type":"BreadcrumbList","@id":"https:\/\/ship-tracker.org\/ms-bremen\/#breadcrumb","itemListElement":[{"@type":"ListItem","position":1,"name":"Startseite","item":"https:\/\/ship-tracker.org\/"},{"@type":"ListItem","position":2,"name":"MS Bremen"}]},{"@type":"WebSite","@id":"https:\/\/ship-tracker.org\/#website","url":"https:\/\/ship-tracker.org\/","name":"Ship-tracker.org","description":"","potentialAction":[{"@type":"SearchAction","target":{"@type":"EntryPoint","urlTemplate":"https:\/\/ship-tracker.org\/?s={search_term_string}"},"query-input":{"@type":"PropertyValueSpecification","valueRequired":true,"valueName":"search_term_string"}}],"inLanguage":"fi"}]}},"_links":{"self":[{"href":"https:\/\/ship-tracker.org\/fi\/wp-json\/wp\/v2\/pages\/2571","targetHints":{"allow":["GET"]}}],"collection":[{"href":"https:\/\/ship-tracker.org\/fi\/wp-json\/wp\/v2\/pages"}],"about":[{"href":"https:\/\/ship-tracker.org\/fi\/wp-json\/wp\/v2\/types\/page"}],"author":[{"embeddable":true,"href":"https:\/\/ship-tracker.org\/fi\/wp-json\/wp\/v2\/users\/1"}],"replies":[{"embeddable":true,"href":"https:\/\/ship-tracker.org\/fi\/wp-json\/wp\/v2\/comments?post=2571"}],"version-history":[{"count":4,"href":"https:\/\/ship-tracker.org\/fi\/wp-json\/wp\/v2\/pages\/2571\/revisions"}],"predecessor-version":[{"id":2609,"href":"https:\/\/ship-tracker.org\/fi\/wp-json\/wp\/v2\/pages\/2571\/revisions\/2609"}],"wp:attachment":[{"href":"https:\/\/ship-tracker.org\/fi\/wp-json\/wp\/v2\/media?parent=2571"}],"curies":[{"name":"wp","href":"https:\/\/api.w.org\/{rel}","templated":true}]}}