{"id":2129,"date":"2020-04-29T14:18:01","date_gmt":"2020-04-29T12:18:01","guid":{"rendered":"https:\/\/ship-tracker.org\/?page_id=2129"},"modified":"2022-10-27T16:01:30","modified_gmt":"2022-10-27T14:01:30","slug":"tui-cruises","status":"publish","type":"page","link":"https:\/\/ship-tracker.org\/fi\/tui-cruises\/","title":{"rendered":"TUI-risteilyt"},"content":{"rendered":"<h2>TUI Cruises Fleet Location Alukset, IMO-numerot, MMSI, web-kamerat<\/h2>\n<p>Miss\u00e4 TUI Cruises Fleetin nykyinen sijainti on t\u00e4ll\u00e4 hetkell\u00e4?<\/p>\n<table>\n<tbody>\n<tr style=\"height: 24px;\">\n<td style=\"width: 457px; height: 24px;\"><span style=\"color: #1f405b;\"><strong>Alus<\/strong><\/span><\/td>\n<td style=\"width: 456px; height: 24px;\"><span style=\"color: #1f405b;\"><strong>IMO<\/strong><\/span><\/td>\n<td style=\"width: 456px; height: 24px;\"><span style=\"color: #1f405b;\"><strong>MMSI<\/strong><\/span><\/td>\n<\/tr>\n<tr style=\"height: 24px;\">\n<td style=\"width: 457px; height: 24px;\"><a href=\"https:\/\/ship-tracker.org\/fi\/neue-mein-schiff-1\/\">Mein Schiff 1<\/a><\/td>\n<td style=\"width: 456px; height: 24px;\">9783564<\/td>\n<td style=\"width: 456px; height: 24px;\">248513000<\/td>\n<\/tr>\n<tr style=\"height: 24px;\">\n<td style=\"width: 457px; height: 24px;\"><a href=\"https:\/\/ship-tracker.org\/fi\/mein-schiff-2\/\">Mein Schiff 2<\/a><\/td>\n<td style=\"width: 456px; height: 24px;\">9106302<\/td>\n<td style=\"width: 456px; height: 24px;\">249053000<\/td>\n<\/tr>\n<tr style=\"height: 24px;\">\n<td style=\"width: 457px; height: 24px;\"><a href=\"https:\/\/ship-tracker.org\/fi\/mein-schiff-3\/\">Mein Schiff 3<\/a><\/td>\n<td style=\"width: 456px; height: 24px;\">9641730<\/td>\n<td style=\"width: 456px; height: 24px;\">229090000<\/td>\n<\/tr>\n<tr style=\"height: 24px;\">\n<td style=\"width: 457px; height: 24px;\"><a href=\"https:\/\/ship-tracker.org\/fi\/mein-schiff-4\/\">Mein Schiff 4<\/a><\/td>\n<td style=\"width: 456px; height: 24px;\">9678408<\/td>\n<td style=\"width: 456px; height: 24px;\">229678000<\/td>\n<\/tr>\n<tr style=\"height: 24px;\">\n<td style=\"width: 457px; height: 24px;\"><a href=\"https:\/\/ship-tracker.org\/fi\/mein-schiff-5\/\">Mein Schiff 5<\/a><\/td>\n<td style=\"width: 456px; height: 24px;\">9112789<\/td>\n<td style=\"width: 456px; height: 24px;\">247117300<\/td>\n<\/tr>\n<tr style=\"height: 24px;\">\n<td style=\"width: 457px; height: 24px;\"><a href=\"https:\/\/ship-tracker.org\/fi\/mein-schiff-6\/\">Mein Schiff 6<\/a><\/td>\n<td style=\"width: 456px; height: 24px;\">9753208<\/td>\n<td style=\"width: 456px; height: 24px;\">249660000<\/td>\n<\/tr>\n<tr style=\"height: 24px;\">\n<td style=\"width: 457px; height: 24px;\">Mein Schiff 7<\/td>\n<td style=\"width: 456px; height: 24px;\">2023<\/td>\n<td style=\"width: 456px; height: 24px;\">uusi laiva<\/td>\n<\/tr>\n<tr style=\"height: 24px;\">\n<td style=\"width: 457px; height: 24px;\">Mein Schiff 8<\/td>\n<td style=\"width: 456px; height: 24px;\">2024<\/td>\n<td style=\"width: 456px; height: 24px;\">uusi laiva<\/td>\n<\/tr>\n<\/tbody>\n<\/table>\n<h2>Tietoja TUI Cruisesista<\/h2>\n<p>TUI Cruises on yksi laivayhti\u00f6ist\u00e4, joka on noussut sen ajan suosituimpien joukkoon. Siit\u00e4 huolimatta se on yksi nuorimmista saksankielisist\u00e4 br\u00e4ndeist\u00e4 risteilyille. Kuten AIDA, kohteet kattavat koko maailman. &quot;Mein Schiffe&quot; -laivalla sen sijaan vallitsee yhten\u00e4inen all inclusive -konsepti, joka sis\u00e4lt\u00e4\u00e4 monia premium-palveluita.<\/p>\n<p>TUI Cruises edustaa terveellist\u00e4 yhdistelm\u00e4\u00e4 perinteisi\u00e4 risteilyj\u00e4 ja mahtavia klubitarjouksia. T\u00e4\u00e4ll\u00e4kin keskityt\u00e4\u00e4n aina yhten\u00e4iseen kokonaisvaltaiseen hyv\u00e4nolon pakettiin ja tietysti runsaaseen lepoon ja rentoutumiseen. Laivalla on lukuisia pakopaikkoja ja mahdollisuuksia antaa sielusi roikkua. Valtavat noin 1 700 neli\u00f6metrin spa- ja wellness-alueet tarjoavat upean loman. Hyv\u00e4ntunto-konsepti on tarttumassa, sill\u00e4 monet lomailijat ovat innostuneita TUI-risteilyist\u00e4.<\/p>\n<p>Hyv\u00e4 fiilis n\u00e4kyy ehdottomasti premium-all-inclusive-konseptissa. Ymp\u00e4ri vuorokauden matkustajat voivat auttaa itse\u00e4\u00e4n ravintoloissa ja baareissa ja nauttia risteilyst\u00e4\u00e4n. Ja kaikki t\u00e4m\u00e4 erilaisissa lounge-tiloissa ja viihtyisiss\u00e4 baareissa, jotka on suunniteltu modernisti ja vieh\u00e4tt\u00e4v\u00e4sti. Sek\u00e4 monet kalustetut luku- ja ty\u00f6nurkkaukset. Useimmissa ravintoloissa ei my\u00f6sk\u00e4\u00e4n ole p\u00f6yt\u00e4aikoja, joten illallisen aikana ei ole aikapainetta tai ruuhkaisia p\u00f6yti\u00e4. Erinomainen laatu aluksella vakuuttaa lomailijat.<\/p>\n<p>TUI Cruises on osa Royal Caribbean Cruises Ltd:n ja TUI AG:n v\u00e4list\u00e4 liittoumaa. Yritys perustettiin Hampurissa vuonna 2008 ja alusta alkaen TUI on tarjonnut asiakkailleen all inclusive -ohjelmaa laivoilleen. Kaikki kalustot ovat nimelt\u00e4\u00e4n &quot;Mein Schiff&quot;, ja ne kaikki edustavat erinomaista palvelua ja yksil\u00f6llisi\u00e4 tarjouksia.<\/p>","protected":false},"excerpt":{"rendered":"<p>TUI Cruises Fleet Sijainti Alukset, IMO-numerot, MMSI, Web-kamerat Miss\u00e4 TUI Cruises Fleetin nykyinen sijainti on t\u00e4ll\u00e4 hetkell\u00e4? Laiva IMO MMSI Mein Schiff 1 9783564 248513000 Mein Schiff 2 9106302 249053000 Mein Schiff 3 9641730 229090000 Mein Schiff 4 96728400 Mein Schiff 4 96728408 247117300 Mein Schiff 6 9753208 249660000 Mein Schiff 7\u2026&nbsp;<a href=\"https:\/\/ship-tracker.org\/fi\/tui-cruises\/\" rel=\"bookmark\">Lue lis\u00e4\u00e4 \u00bb<span class=\"screen-reader-text\">TUI-risteilyt<\/span><\/a><\/p>","protected":false},"author":1,"featured_media":2130,"parent":0,"menu_order":0,"comment_status":"closed","ping_status":"closed","template":"","meta":{"neve_meta_sidebar":"","neve_meta_container":"","neve_meta_enable_content_width":"","neve_meta_content_width":0,"neve_meta_title_alignment":"","neve_meta_author_avatar":"","neve_post_elements_order":"","neve_meta_disable_header":"","neve_meta_disable_footer":"","neve_meta_disable_title":"","neve_meta_reading_time":"","footnotes":""},"class_list":["post-2129","page","type-page","status-publish","has-post-thumbnail","hentry"],"yoast_head":"<!-- This site is optimized with the Yoast SEO plugin v26.9 - https:\/\/yoast.com\/product\/yoast-seo-wordpress\/ -->\n<title>Track TUI Cruises | Cruise Ships | Marine Vessel | Ship Tracker<\/title>\n<meta name=\"description\" content=\"TUI Cruises Fleet Location | Current Positions of TUI Cruises Ships, IMO numbers, MMSI, Webcam | Live Fleet Maps | Live Ship Tracker\" \/>\n<meta name=\"robots\" content=\"index, follow, max-snippet:-1, max-image-preview:large, max-video-preview:-1\" \/>\n<link rel=\"canonical\" href=\"https:\/\/ship-tracker.org\/fi\/tui-cruises\/\" \/>\n<meta property=\"og:locale\" content=\"fi_FI\" \/>\n<meta property=\"og:type\" content=\"article\" \/>\n<meta property=\"og:title\" content=\"Track TUI Cruises | Cruise Ships | Marine Vessel | Ship Tracker\" \/>\n<meta property=\"og:description\" content=\"TUI Cruises Fleet Location | Current Positions of TUI Cruises Ships, IMO numbers, MMSI, Webcam | Live Fleet Maps | Live Ship Tracker\" \/>\n<meta property=\"og:url\" content=\"https:\/\/ship-tracker.org\/fi\/tui-cruises\/\" \/>\n<meta property=\"og:site_name\" content=\"Ship-tracker.org\" \/>\n<meta property=\"article:modified_time\" content=\"2022-10-27T14:01:30+00:00\" \/>\n<meta property=\"og:image\" content=\"https:\/\/ship-tracker.org\/wp-content\/uploads\/2020\/04\/tui-cruises-logo4.jpg\" \/>\n\t<meta property=\"og:image:width\" content=\"461\" \/>\n\t<meta property=\"og:image:height\" content=\"405\" \/>\n\t<meta property=\"og:image:type\" content=\"image\/jpeg\" \/>\n<meta name=\"twitter:card\" content=\"summary_large_image\" \/>\n<meta name=\"twitter:label1\" content=\"Arvioitu lukuaika\" \/>\n\t<meta name=\"twitter:data1\" content=\"2 minuuttia\" \/>\n<script type=\"application\/ld+json\" class=\"yoast-schema-graph\">{\"@context\":\"https:\/\/schema.org\",\"@graph\":[{\"@type\":\"WebPage\",\"@id\":\"https:\/\/ship-tracker.org\/tui-cruises\/\",\"url\":\"https:\/\/ship-tracker.org\/tui-cruises\/\",\"name\":\"Track TUI Cruises | Cruise Ships | Marine Vessel | Ship Tracker\",\"isPartOf\":{\"@id\":\"https:\/\/ship-tracker.org\/#website\"},\"primaryImageOfPage\":{\"@id\":\"https:\/\/ship-tracker.org\/tui-cruises\/#primaryimage\"},\"image\":{\"@id\":\"https:\/\/ship-tracker.org\/tui-cruises\/#primaryimage\"},\"thumbnailUrl\":\"https:\/\/ship-tracker.org\/wp-content\/uploads\/2020\/04\/tui-cruises-logo4.jpg\",\"datePublished\":\"2020-04-29T12:18:01+00:00\",\"dateModified\":\"2022-10-27T14:01:30+00:00\",\"description\":\"TUI Cruises Fleet Location | Current Positions of TUI Cruises Ships, IMO numbers, MMSI, Webcam | Live Fleet Maps | Live Ship Tracker\",\"breadcrumb\":{\"@id\":\"https:\/\/ship-tracker.org\/tui-cruises\/#breadcrumb\"},\"inLanguage\":\"fi\",\"potentialAction\":[{\"@type\":\"ReadAction\",\"target\":[\"https:\/\/ship-tracker.org\/tui-cruises\/\"]}]},{\"@type\":\"ImageObject\",\"inLanguage\":\"fi\",\"@id\":\"https:\/\/ship-tracker.org\/tui-cruises\/#primaryimage\",\"url\":\"https:\/\/ship-tracker.org\/wp-content\/uploads\/2020\/04\/tui-cruises-logo4.jpg\",\"contentUrl\":\"https:\/\/ship-tracker.org\/wp-content\/uploads\/2020\/04\/tui-cruises-logo4.jpg\",\"width\":461,\"height\":405,\"caption\":\"TUI Cruises\"},{\"@type\":\"BreadcrumbList\",\"@id\":\"https:\/\/ship-tracker.org\/tui-cruises\/#breadcrumb\",\"itemListElement\":[{\"@type\":\"ListItem\",\"position\":1,\"name\":\"Startseite\",\"item\":\"https:\/\/ship-tracker.org\/\"},{\"@type\":\"ListItem\",\"position\":2,\"name\":\"TUI Cruises\"}]},{\"@type\":\"WebSite\",\"@id\":\"https:\/\/ship-tracker.org\/#website\",\"url\":\"https:\/\/ship-tracker.org\/\",\"name\":\"Ship-tracker.org\",\"description\":\"\",\"potentialAction\":[{\"@type\":\"SearchAction\",\"target\":{\"@type\":\"EntryPoint\",\"urlTemplate\":\"https:\/\/ship-tracker.org\/?s={search_term_string}\"},\"query-input\":{\"@type\":\"PropertyValueSpecification\",\"valueRequired\":true,\"valueName\":\"search_term_string\"}}],\"inLanguage\":\"fi\"}]}<\/script>\n<!-- \/ Yoast SEO plugin. -->","yoast_head_json":{"title":"Seuraa TUI-risteilyj\u00e4 | Risteilyalukset | Merialus | Laivan seuranta","description":"TUI Cruises Fleet Sijainti | TUI Cruises -alusten nykyiset sijainnit, IMO-numerot, MMSI, verkkokamera | Live-laivastokartat | Live Ship Tracker","robots":{"index":"index","follow":"follow","max-snippet":"max-snippet:-1","max-image-preview":"max-image-preview:large","max-video-preview":"max-video-preview:-1"},"canonical":"https:\/\/ship-tracker.org\/fi\/tui-cruises\/","og_locale":"fi_FI","og_type":"article","og_title":"Track TUI Cruises | Cruise Ships | Marine Vessel | Ship Tracker","og_description":"TUI Cruises Fleet Location | Current Positions of TUI Cruises Ships, IMO numbers, MMSI, Webcam | Live Fleet Maps | Live Ship Tracker","og_url":"https:\/\/ship-tracker.org\/fi\/tui-cruises\/","og_site_name":"Ship-tracker.org","article_modified_time":"2022-10-27T14:01:30+00:00","og_image":[{"width":461,"height":405,"url":"https:\/\/ship-tracker.org\/wp-content\/uploads\/2020\/04\/tui-cruises-logo4.jpg","type":"image\/jpeg"}],"twitter_card":"summary_large_image","twitter_misc":{"Arvioitu lukuaika":"2 minuuttia"},"schema":{"@context":"https:\/\/schema.org","@graph":[{"@type":"WebPage","@id":"https:\/\/ship-tracker.org\/tui-cruises\/","url":"https:\/\/ship-tracker.org\/tui-cruises\/","name":"Seuraa TUI-risteilyj\u00e4 | Risteilyalukset | Merialus | Laivan seuranta","isPartOf":{"@id":"https:\/\/ship-tracker.org\/#website"},"primaryImageOfPage":{"@id":"https:\/\/ship-tracker.org\/tui-cruises\/#primaryimage"},"image":{"@id":"https:\/\/ship-tracker.org\/tui-cruises\/#primaryimage"},"thumbnailUrl":"https:\/\/ship-tracker.org\/wp-content\/uploads\/2020\/04\/tui-cruises-logo4.jpg","datePublished":"2020-04-29T12:18:01+00:00","dateModified":"2022-10-27T14:01:30+00:00","description":"TUI Cruises Fleet Sijainti | TUI Cruises -alusten nykyiset sijainnit, IMO-numerot, MMSI, verkkokamera | Live-laivastokartat | Live Ship Tracker","breadcrumb":{"@id":"https:\/\/ship-tracker.org\/tui-cruises\/#breadcrumb"},"inLanguage":"fi","potentialAction":[{"@type":"ReadAction","target":["https:\/\/ship-tracker.org\/tui-cruises\/"]}]},{"@type":"ImageObject","inLanguage":"fi","@id":"https:\/\/ship-tracker.org\/tui-cruises\/#primaryimage","url":"https:\/\/ship-tracker.org\/wp-content\/uploads\/2020\/04\/tui-cruises-logo4.jpg","contentUrl":"https:\/\/ship-tracker.org\/wp-content\/uploads\/2020\/04\/tui-cruises-logo4.jpg","width":461,"height":405,"caption":"TUI Cruises"},{"@type":"BreadcrumbList","@id":"https:\/\/ship-tracker.org\/tui-cruises\/#breadcrumb","itemListElement":[{"@type":"ListItem","position":1,"name":"Startseite","item":"https:\/\/ship-tracker.org\/"},{"@type":"ListItem","position":2,"name":"TUI Cruises"}]},{"@type":"WebSite","@id":"https:\/\/ship-tracker.org\/#website","url":"https:\/\/ship-tracker.org\/","name":"Ship-tracker.org","description":"","potentialAction":[{"@type":"SearchAction","target":{"@type":"EntryPoint","urlTemplate":"https:\/\/ship-tracker.org\/?s={search_term_string}"},"query-input":{"@type":"PropertyValueSpecification","valueRequired":true,"valueName":"search_term_string"}}],"inLanguage":"fi"}]}},"_links":{"self":[{"href":"https:\/\/ship-tracker.org\/fi\/wp-json\/wp\/v2\/pages\/2129","targetHints":{"allow":["GET"]}}],"collection":[{"href":"https:\/\/ship-tracker.org\/fi\/wp-json\/wp\/v2\/pages"}],"about":[{"href":"https:\/\/ship-tracker.org\/fi\/wp-json\/wp\/v2\/types\/page"}],"author":[{"embeddable":true,"href":"https:\/\/ship-tracker.org\/fi\/wp-json\/wp\/v2\/users\/1"}],"replies":[{"embeddable":true,"href":"https:\/\/ship-tracker.org\/fi\/wp-json\/wp\/v2\/comments?post=2129"}],"version-history":[{"count":4,"href":"https:\/\/ship-tracker.org\/fi\/wp-json\/wp\/v2\/pages\/2129\/revisions"}],"predecessor-version":[{"id":3491,"href":"https:\/\/ship-tracker.org\/fi\/wp-json\/wp\/v2\/pages\/2129\/revisions\/3491"}],"wp:featuredmedia":[{"embeddable":true,"href":"https:\/\/ship-tracker.org\/fi\/wp-json\/wp\/v2\/media\/2130"}],"wp:attachment":[{"href":"https:\/\/ship-tracker.org\/fi\/wp-json\/wp\/v2\/media?parent=2129"}],"curies":[{"name":"wp","href":"https:\/\/api.w.org\/{rel}","templated":true}]}}