{"id":2126,"date":"2020-04-29T14:19:16","date_gmt":"2020-04-29T12:19:16","guid":{"rendered":"https:\/\/ship-tracker.org\/?page_id=2126"},"modified":"2022-10-27T16:01:01","modified_gmt":"2022-10-27T14:01:01","slug":"aida-cruises","status":"publish","type":"page","link":"https:\/\/ship-tracker.org\/fi\/aida-cruises\/","title":{"rendered":"AIDA risteilyt"},"content":{"rendered":"<h2>AIDA Cruises Fleet Location Alukset, IMO-numerot, MMSI, web-kamerat<\/h2>\n<p>Miss\u00e4 AIDA Cruises Fleetin nykyinen sijainti on t\u00e4ll\u00e4 hetkell\u00e4?<\/p>\n<table>\n<tbody>\n<tr style=\"height: 24px;\">\n<td style=\"width: 457px; height: 24px;\"><span style=\"color: #1f405b;\"><strong>Alus<\/strong><\/span><\/td>\n<td style=\"width: 456px; height: 24px;\"><span style=\"color: #1f405b;\"><strong>IMO<\/strong><\/span><\/td>\n<td style=\"width: 456px; height: 24px;\"><span style=\"color: #1f405b;\"><strong>MMSI<\/strong><\/span><\/td>\n<\/tr>\n<tr style=\"height: 24px;\">\n<td style=\"width: 457px; height: 24px;\"><a href=\"https:\/\/ship-tracker.org\/fi\/aidanova\/\">AIDAnova<\/a><\/td>\n<td style=\"width: 456px; height: 24px;\">9781865<\/td>\n<td style=\"width: 456px; height: 24px;\">247389200<\/td>\n<\/tr>\n<tr style=\"height: 24px;\">\n<td style=\"width: 457px; height: 24px;\"><a href=\"https:\/\/ship-tracker.org\/fi\/aidaperla\/\">AIDAperla<\/a><\/td>\n<td style=\"width: 456px; height: 24px;\">9636967<\/td>\n<td style=\"width: 456px; height: 24px;\">247385300<\/td>\n<\/tr>\n<tr style=\"height: 24px;\">\n<td style=\"width: 457px; height: 24px;\"><a href=\"https:\/\/ship-tracker.org\/fi\/aidaprima\/\">AIDAprima<\/a><\/td>\n<td style=\"width: 456px; height: 24px;\">9636955<\/td>\n<td style=\"width: 456px; height: 24px;\">247353800<\/td>\n<\/tr>\n<tr style=\"height: 24px;\">\n<td style=\"width: 457px; height: 24px;\"><a href=\"https:\/\/ship-tracker.org\/fi\/aidastella\/\">AIDAstella<\/a><\/td>\n<td style=\"width: 456px; height: 24px;\">9601132<\/td>\n<td style=\"width: 456px; height: 24px;\">247322800<\/td>\n<\/tr>\n<tr style=\"height: 24px;\">\n<td style=\"width: 457px; height: 24px;\"><a href=\"https:\/\/ship-tracker.org\/fi\/aidamar\/\">AIDAmar<\/a><\/td>\n<td style=\"width: 456px; height: 24px;\">9490052<\/td>\n<td style=\"width: 456px; height: 24px;\">247312900<\/td>\n<\/tr>\n<tr style=\"height: 24px;\">\n<td style=\"width: 457px; height: 24px;\"><a href=\"https:\/\/ship-tracker.org\/fi\/aidasol\/\">AIDAsol<\/a><\/td>\n<td style=\"width: 456px; height: 24px;\">9490040<\/td>\n<td style=\"width: 456px; height: 24px;\">247302900<\/td>\n<\/tr>\n<tr style=\"height: 24px;\">\n<td style=\"width: 457px; height: 24px;\"><a href=\"https:\/\/ship-tracker.org\/fi\/aidablu\/\">AIDAblu<\/a><\/td>\n<td style=\"width: 456px; height: 24px;\">9398888<\/td>\n<td style=\"width: 456px; height: 24px;\">247282500<\/td>\n<\/tr>\n<tr style=\"height: 24px;\">\n<td style=\"width: 457px; height: 24px;\"><a href=\"https:\/\/ship-tracker.org\/fi\/aidaluna\/\">AIDAluna<\/a><\/td>\n<td style=\"width: 456px; height: 24px;\">9334868<\/td>\n<td style=\"width: 456px; height: 24px;\">247255400<\/td>\n<\/tr>\n<tr style=\"height: 24px;\">\n<td style=\"width: 457px; height: 24px;\"><a href=\"https:\/\/ship-tracker.org\/fi\/aidabella\/\">AIDAbella<\/a><\/td>\n<td style=\"width: 456px; height: 24px;\">9362542<\/td>\n<td style=\"width: 456px; height: 24px;\">247229700<\/td>\n<\/tr>\n<tr style=\"height: 24px;\">\n<td style=\"width: 457px; height: 24px;\"><a href=\"https:\/\/ship-tracker.org\/fi\/aidadiva\/\">AIDAdiva<\/a><\/td>\n<td style=\"width: 456px; height: 24px;\">9334856<\/td>\n<td style=\"width: 456px; height: 24px;\">247187700<\/td>\n<\/tr>\n<tr style=\"height: 24px;\">\n<td style=\"width: 457px; height: 24px;\"><a href=\"https:\/\/ship-tracker.org\/fi\/aidaaura\/\">AIDAaura<\/a><\/td>\n<td style=\"width: 456px; height: 24px;\">9221566<\/td>\n<td style=\"width: 456px; height: 24px;\">247117400<\/td>\n<\/tr>\n<tr style=\"height: 24px;\">\n<td style=\"width: 457px; height: 24px;\"><a href=\"https:\/\/ship-tracker.org\/fi\/aidavita\/\">AIDAvita<\/a><\/td>\n<td style=\"width: 456px; height: 24px;\">9221554<\/td>\n<td style=\"width: 456px; height: 24px;\">247114900<\/td>\n<\/tr>\n<tr style=\"height: 24px;\">\n<td style=\"width: 457px; height: 24px;\"><a href=\"https:\/\/ship-tracker.org\/fi\/aidamira\/\">AIDAmira<\/a><\/td>\n<td style=\"width: 456px; height: 24px;\">9172777<\/td>\n<td style=\"width: 456px; height: 24px;\">247325300<\/td>\n<\/tr>\n<tr style=\"height: 24px;\">\n<td style=\"width: 457px; height: 24px;\"><a href=\"https:\/\/ship-tracker.org\/fi\/aidacara\/\">AIDAcara<\/a><\/td>\n<td style=\"width: 456px; height: 24px;\">9112789<\/td>\n<td style=\"width: 456px; height: 24px;\">247117300<\/td>\n<\/tr>\n<tr style=\"height: 24px;\">\n<td style=\"width: 457px; height: 24px;\"><a href=\"https:\/\/ship-tracker.org\/fi\/aidacosma\/\">AIDAcosma<\/a><\/td>\n<td style=\"width: 456px; height: 24px;\">9781877<\/td>\n<td style=\"width: 456px; height: 24px;\">247435300<\/td>\n<\/tr>\n<\/tbody>\n<\/table>\n<h2>Tietoja AIDA Cruisesista<\/h2>\n<p>AIDA Cruises on varustamo, jonka p\u00e4\u00e4konttori on Rostockissa ja markkinajohtaja Saksan risteilymarkkinoilla. Menestystarina alkoi vuonna 1996 nykyisest\u00e4 AIDAcarasta. 1999 aloitti AIDA-varustamon historian, tuolloin viel\u00e4 nimell\u00e4 Seetours. Vain viisi vuotta my\u00f6hemmin AIDA sai nykyisen tuotemerkkins\u00e4 ja on siit\u00e4 l\u00e4htien risteilyt Italian lipun alla. T\u00e4ll\u00e4 v\u00e4lin AIDA Cruises on jopa nimetty tai se kuuluu maailman risteilyjen markkinajohtajaan. Vuonna 1996 Deutsche Reederei tuli markkinoille ensimm\u00e4ist\u00e4 kertaa AIDA Caralla. Sen p\u00e4\u00e4konttori sijaitsee Rostockissa ja l\u00e4hes 8 000 ty\u00f6ntekij\u00e4\u00e4 ty\u00f6skentelee t\u00e4ll\u00e4 hetkell\u00e4 AIDA-risteilyaluksilla.<\/p>\n<p>T\u00e4ll\u00e4 v\u00e4lin AIDA:lle kuuluu lukemattomia aluksia. Heti alussa AIDAcara oli ensimm\u00e4inen alus, joka oli valmis kuljettamaan vieraita meren yli. Sen j\u00e4lkeen AIDA on ottanut k\u00e4ytt\u00f6\u00f6n 11 muuta alusta, kuten AIDAvita tai AIDAaura. Eik\u00e4 siin\u00e4 viel\u00e4 kaikki, sill\u00e4 tulevaisuudessa useita AIDA-aluksia lasketaan vesille. Viimeksi AIDAnova sai esitell\u00e4 uuden sukupolven. Voimme siis olla uteliaita, mit\u00e4 AIDA suunnittelee vierailleen merell\u00e4 tulevina vuosina.<\/p>\n<p>AIDA tarkoittaa monipuolisuutta ja edustaa erinomaista laatua ja ennen kaikkea monimuotoisuutta. Joten se ei ole miss\u00e4\u00e4n nimess\u00e4 tyls\u00e4\u00e4 AIDA-risteilyll\u00e4. Seikkailu ja rentoutuminen, kaksi k\u00e4sitett\u00e4, jotka toimivat t\u00e4ydellisesti yhdess\u00e4. Muutaman viime vuoden aikana AIDA on onnistunut luomaan aluksella aivan erityisen tunnelman. Varustamo sai jo vuonna 2014 palkinnon ja Saksan risteilypalkinnon &quot;parhaasta perhetuotteesta&quot; ja parhaasta &quot;palvelun laadusta&quot;. Tietenk\u00e4\u00e4n ei ole poissuljettua, ett\u00e4 muita palkintoja ja kunnianosoituksia seuraa.<\/p>\n<p>Saksasta tuleville matkustajille AIDA:ssa on aina saatavilla saksankielisi\u00e4 miehist\u00f6n j\u00e4seni\u00e4, joten kielin\u00e4k\u00f6kulmasta ei tarvitse huolehtia. Ty\u00f6ntekij\u00f6ille m\u00e4\u00e4r\u00e4t\u00e4\u00e4n my\u00f6s pukukoodi, jotta voit aina tunnistaa yhteyshenkil\u00f6si. AIDA:n risteilyalukset liikenn\u00f6iv\u00e4t yleens\u00e4 y\u00f6ll\u00e4, joten kohteisiin p\u00e4\u00e4see tutustumaan ja kokemaan p\u00e4iv\u00e4ll\u00e4kin.<\/p>","protected":false},"excerpt":{"rendered":"<p>AIDA Cruises Fleet Sijainti Alukset, IMO-numerot, MMSI, Web-kamerat Miss\u00e4 AIDA Cruises Fleetin nykyinen sijainti on t\u00e4ll\u00e4 hetkell\u00e4? Laiva IMO MMSI AIDAnova 9781865 247389200 AIDAperla 9636967 247385300 AIDAprima 9636955 247353800 AIDAstella 9601132 247322032 24732028 2904 AIDAperla DAsol 9490040 247302900 AIDAblu 9398888 247282500 AIDAluna 9334868 247255400 AIDAbella 9362542 247229700 AIDAblu 247229700 AIDAblu 247229700 247229700 AIDAblu 2727481 9398481 939848 6 247117400\u2026&nbsp;<a href=\"https:\/\/ship-tracker.org\/fi\/aida-cruises\/\" rel=\"bookmark\">Lue lis\u00e4\u00e4 \u00bb<span class=\"screen-reader-text\">AIDA risteilyt<\/span><\/a><\/p>","protected":false},"author":1,"featured_media":2127,"parent":0,"menu_order":0,"comment_status":"closed","ping_status":"closed","template":"","meta":{"neve_meta_sidebar":"","neve_meta_container":"","neve_meta_enable_content_width":"","neve_meta_content_width":0,"neve_meta_title_alignment":"","neve_meta_author_avatar":"","neve_post_elements_order":"","neve_meta_disable_header":"","neve_meta_disable_footer":"","neve_meta_disable_title":"","neve_meta_reading_time":"","footnotes":""},"class_list":["post-2126","page","type-page","status-publish","has-post-thumbnail","hentry"],"yoast_head":"<!-- This site is optimized with the Yoast SEO plugin v27.4 - https:\/\/yoast.com\/product\/yoast-seo-wordpress\/ -->\n<title>Track AIDA Cruises Fleet | Cruise Ships | Marine Vessel<\/title>\n<meta name=\"description\" content=\"AIDA Cruises Fleet Location | Current Positions of AIDA Cruises Ships, IMO numbers, MMSI, Webcam | Live Fleet Maps | Live Ship Tracker\" \/>\n<meta name=\"robots\" content=\"index, follow, max-snippet:-1, max-image-preview:large, max-video-preview:-1\" \/>\n<link rel=\"canonical\" href=\"https:\/\/ship-tracker.org\/fi\/aida-cruises\/\" \/>\n<meta property=\"og:locale\" content=\"fi_FI\" \/>\n<meta property=\"og:type\" content=\"article\" \/>\n<meta property=\"og:title\" content=\"Track AIDA Cruises Fleet | Cruise Ships | Marine Vessel\" \/>\n<meta property=\"og:description\" content=\"AIDA Cruises Fleet Location | Current Positions of AIDA Cruises Ships, IMO numbers, MMSI, Webcam | Live Fleet Maps | Live Ship Tracker\" \/>\n<meta property=\"og:url\" content=\"https:\/\/ship-tracker.org\/fi\/aida-cruises\/\" \/>\n<meta property=\"og:site_name\" content=\"Ship-tracker.org\" \/>\n<meta property=\"article:modified_time\" content=\"2022-10-27T14:01:01+00:00\" \/>\n<meta property=\"og:image\" content=\"https:\/\/ship-tracker.org\/wp-content\/uploads\/2020\/04\/aida-cruises-logo.jpg\" \/>\n\t<meta property=\"og:image:width\" content=\"461\" \/>\n\t<meta property=\"og:image:height\" content=\"405\" \/>\n\t<meta property=\"og:image:type\" content=\"image\/jpeg\" \/>\n<meta name=\"twitter:card\" content=\"summary_large_image\" \/>\n<meta name=\"twitter:label1\" content=\"Arvioitu lukuaika\" \/>\n\t<meta name=\"twitter:data1\" content=\"2 minuuttia\" \/>\n<script type=\"application\/ld+json\" class=\"yoast-schema-graph\">{\"@context\":\"https:\\\/\\\/schema.org\",\"@graph\":[{\"@type\":\"WebPage\",\"@id\":\"https:\\\/\\\/ship-tracker.org\\\/aida-cruises\\\/\",\"url\":\"https:\\\/\\\/ship-tracker.org\\\/aida-cruises\\\/\",\"name\":\"Track AIDA Cruises Fleet | Cruise Ships | Marine Vessel\",\"isPartOf\":{\"@id\":\"https:\\\/\\\/ship-tracker.org\\\/#website\"},\"primaryImageOfPage\":{\"@id\":\"https:\\\/\\\/ship-tracker.org\\\/aida-cruises\\\/#primaryimage\"},\"image\":{\"@id\":\"https:\\\/\\\/ship-tracker.org\\\/aida-cruises\\\/#primaryimage\"},\"thumbnailUrl\":\"https:\\\/\\\/ship-tracker.org\\\/wp-content\\\/uploads\\\/2020\\\/04\\\/aida-cruises-logo.jpg\",\"datePublished\":\"2020-04-29T12:19:16+00:00\",\"dateModified\":\"2022-10-27T14:01:01+00:00\",\"description\":\"AIDA Cruises Fleet Location | Current Positions of AIDA Cruises Ships, IMO numbers, MMSI, Webcam | Live Fleet Maps | Live Ship Tracker\",\"breadcrumb\":{\"@id\":\"https:\\\/\\\/ship-tracker.org\\\/aida-cruises\\\/#breadcrumb\"},\"inLanguage\":\"fi\",\"potentialAction\":[{\"@type\":\"ReadAction\",\"target\":[\"https:\\\/\\\/ship-tracker.org\\\/aida-cruises\\\/\"]}]},{\"@type\":\"ImageObject\",\"inLanguage\":\"fi\",\"@id\":\"https:\\\/\\\/ship-tracker.org\\\/aida-cruises\\\/#primaryimage\",\"url\":\"https:\\\/\\\/ship-tracker.org\\\/wp-content\\\/uploads\\\/2020\\\/04\\\/aida-cruises-logo.jpg\",\"contentUrl\":\"https:\\\/\\\/ship-tracker.org\\\/wp-content\\\/uploads\\\/2020\\\/04\\\/aida-cruises-logo.jpg\",\"width\":461,\"height\":405,\"caption\":\"AIDA Cruises\"},{\"@type\":\"BreadcrumbList\",\"@id\":\"https:\\\/\\\/ship-tracker.org\\\/aida-cruises\\\/#breadcrumb\",\"itemListElement\":[{\"@type\":\"ListItem\",\"position\":1,\"name\":\"Startseite\",\"item\":\"https:\\\/\\\/ship-tracker.org\\\/\"},{\"@type\":\"ListItem\",\"position\":2,\"name\":\"AIDA Cruises\"}]},{\"@type\":\"WebSite\",\"@id\":\"https:\\\/\\\/ship-tracker.org\\\/#website\",\"url\":\"https:\\\/\\\/ship-tracker.org\\\/\",\"name\":\"Ship-tracker.org\",\"description\":\"\",\"potentialAction\":[{\"@type\":\"SearchAction\",\"target\":{\"@type\":\"EntryPoint\",\"urlTemplate\":\"https:\\\/\\\/ship-tracker.org\\\/?s={search_term_string}\"},\"query-input\":{\"@type\":\"PropertyValueSpecification\",\"valueRequired\":true,\"valueName\":\"search_term_string\"}}],\"inLanguage\":\"fi\"}]}<\/script>\n<!-- \/ Yoast SEO plugin. -->","yoast_head_json":{"title":"Seuraa AIDA Cruises -laivastoa | Risteilyalukset | Meri-alus","description":"AIDA Cruises Fleet Sijainti | AIDA Cruises -alusten nykyiset sijainnit, IMO-numerot, MMSI, verkkokamera | Live-laivastokartat | Live Ship Tracker","robots":{"index":"index","follow":"follow","max-snippet":"max-snippet:-1","max-image-preview":"max-image-preview:large","max-video-preview":"max-video-preview:-1"},"canonical":"https:\/\/ship-tracker.org\/fi\/aida-cruises\/","og_locale":"fi_FI","og_type":"article","og_title":"Track AIDA Cruises Fleet | Cruise Ships | Marine Vessel","og_description":"AIDA Cruises Fleet Location | Current Positions of AIDA Cruises Ships, IMO numbers, MMSI, Webcam | Live Fleet Maps | Live Ship Tracker","og_url":"https:\/\/ship-tracker.org\/fi\/aida-cruises\/","og_site_name":"Ship-tracker.org","article_modified_time":"2022-10-27T14:01:01+00:00","og_image":[{"width":461,"height":405,"url":"https:\/\/ship-tracker.org\/wp-content\/uploads\/2020\/04\/aida-cruises-logo.jpg","type":"image\/jpeg"}],"twitter_card":"summary_large_image","twitter_misc":{"Arvioitu lukuaika":"2 minuuttia"},"schema":{"@context":"https:\/\/schema.org","@graph":[{"@type":"WebPage","@id":"https:\/\/ship-tracker.org\/aida-cruises\/","url":"https:\/\/ship-tracker.org\/aida-cruises\/","name":"Seuraa AIDA Cruises -laivastoa | Risteilyalukset | Meri-alus","isPartOf":{"@id":"https:\/\/ship-tracker.org\/#website"},"primaryImageOfPage":{"@id":"https:\/\/ship-tracker.org\/aida-cruises\/#primaryimage"},"image":{"@id":"https:\/\/ship-tracker.org\/aida-cruises\/#primaryimage"},"thumbnailUrl":"https:\/\/ship-tracker.org\/wp-content\/uploads\/2020\/04\/aida-cruises-logo.jpg","datePublished":"2020-04-29T12:19:16+00:00","dateModified":"2022-10-27T14:01:01+00:00","description":"AIDA Cruises Fleet Sijainti | AIDA Cruises -alusten nykyiset sijainnit, IMO-numerot, MMSI, verkkokamera | Live-laivastokartat | Live Ship Tracker","breadcrumb":{"@id":"https:\/\/ship-tracker.org\/aida-cruises\/#breadcrumb"},"inLanguage":"fi","potentialAction":[{"@type":"ReadAction","target":["https:\/\/ship-tracker.org\/aida-cruises\/"]}]},{"@type":"ImageObject","inLanguage":"fi","@id":"https:\/\/ship-tracker.org\/aida-cruises\/#primaryimage","url":"https:\/\/ship-tracker.org\/wp-content\/uploads\/2020\/04\/aida-cruises-logo.jpg","contentUrl":"https:\/\/ship-tracker.org\/wp-content\/uploads\/2020\/04\/aida-cruises-logo.jpg","width":461,"height":405,"caption":"AIDA Cruises"},{"@type":"BreadcrumbList","@id":"https:\/\/ship-tracker.org\/aida-cruises\/#breadcrumb","itemListElement":[{"@type":"ListItem","position":1,"name":"Startseite","item":"https:\/\/ship-tracker.org\/"},{"@type":"ListItem","position":2,"name":"AIDA Cruises"}]},{"@type":"WebSite","@id":"https:\/\/ship-tracker.org\/#website","url":"https:\/\/ship-tracker.org\/","name":"Ship-tracker.org","description":"","potentialAction":[{"@type":"SearchAction","target":{"@type":"EntryPoint","urlTemplate":"https:\/\/ship-tracker.org\/?s={search_term_string}"},"query-input":{"@type":"PropertyValueSpecification","valueRequired":true,"valueName":"search_term_string"}}],"inLanguage":"fi"}]}},"_links":{"self":[{"href":"https:\/\/ship-tracker.org\/fi\/wp-json\/wp\/v2\/pages\/2126","targetHints":{"allow":["GET"]}}],"collection":[{"href":"https:\/\/ship-tracker.org\/fi\/wp-json\/wp\/v2\/pages"}],"about":[{"href":"https:\/\/ship-tracker.org\/fi\/wp-json\/wp\/v2\/types\/page"}],"author":[{"embeddable":true,"href":"https:\/\/ship-tracker.org\/fi\/wp-json\/wp\/v2\/users\/1"}],"replies":[{"embeddable":true,"href":"https:\/\/ship-tracker.org\/fi\/wp-json\/wp\/v2\/comments?post=2126"}],"version-history":[{"count":6,"href":"https:\/\/ship-tracker.org\/fi\/wp-json\/wp\/v2\/pages\/2126\/revisions"}],"predecessor-version":[{"id":3489,"href":"https:\/\/ship-tracker.org\/fi\/wp-json\/wp\/v2\/pages\/2126\/revisions\/3489"}],"wp:featuredmedia":[{"embeddable":true,"href":"https:\/\/ship-tracker.org\/fi\/wp-json\/wp\/v2\/media\/2127"}],"wp:attachment":[{"href":"https:\/\/ship-tracker.org\/fi\/wp-json\/wp\/v2\/media?parent=2126"}],"curies":[{"name":"wp","href":"https:\/\/api.w.org\/{rel}","templated":true}]}}