{"id":2123,"date":"2020-04-29T14:20:25","date_gmt":"2020-04-29T12:20:25","guid":{"rendered":"https:\/\/ship-tracker.org\/?page_id=2123"},"modified":"2022-10-27T15:58:51","modified_gmt":"2022-10-27T13:58:51","slug":"disney-cruise-line","status":"publish","type":"page","link":"https:\/\/ship-tracker.org\/fi\/disney-cruise-line\/","title":{"rendered":"Disney Cruise Line"},"content":{"rendered":"<h2>Disney Cruise Line -laivaston sijaintialukset, IMO-numerot, MMSI, verkkokamerat<\/h2>\n<p>Miss\u00e4 Disney Cruise Line Fleetin nykyinen sijainti on t\u00e4ll\u00e4 hetkell\u00e4?<\/p>\n<table>\n<tbody>\n<tr style=\"height: 24px;\">\n<td style=\"width: 457px; height: 24px;\"><span style=\"color: #1f405b;\"><strong>Alus<\/strong><\/span><\/td>\n<td style=\"width: 456px; height: 24px;\"><span style=\"color: #1f405b;\"><strong>IMO<\/strong><\/span><\/td>\n<td style=\"width: 456px; height: 24px;\"><span style=\"color: #1f405b;\"><strong>MMSI<\/strong><\/span><\/td>\n<\/tr>\n<tr style=\"height: 24px;\">\n<td style=\"width: 457px; height: 24px;\"><a href=\"https:\/\/ship-tracker.org\/fi\/disney-fantasy\/\">Disneyn fantasia<\/a><\/td>\n<td style=\"width: 456px; height: 24px;\">9434254<\/td>\n<td style=\"width: 456px; height: 24px;\">311042900<\/td>\n<\/tr>\n<tr style=\"height: 24px;\">\n<td style=\"width: 457px; height: 24px;\"><a href=\"https:\/\/ship-tracker.org\/fi\/disney-dream\/\">Disneyn unelma<\/a><\/td>\n<td style=\"width: 456px; height: 24px;\">9434254<\/td>\n<td style=\"width: 456px; height: 24px;\">311042900<\/td>\n<\/tr>\n<tr style=\"height: 24px;\">\n<td style=\"width: 457px; height: 24px;\"><a href=\"https:\/\/ship-tracker.org\/fi\/disney-wonder\/\">Disney Wonder<\/a><\/td>\n<td style=\"width: 456px; height: 24px;\">9126819<\/td>\n<td style=\"width: 456px; height: 24px;\">308457000<\/td>\n<\/tr>\n<tr style=\"height: 24px;\">\n<td style=\"width: 457px; height: 24px;\"><a href=\"https:\/\/ship-tracker.org\/fi\/disney-magic\/\">Disney Magic<\/a><\/td>\n<td style=\"width: 456px; height: 24px;\">9126807<\/td>\n<td style=\"width: 456px; height: 24px;\">308516000<\/td>\n<\/tr>\n<tr style=\"height: 24px;\">\n<td style=\"width: 457px; height: 24px;\"><a href=\"https:\/\/ship-tracker.org\/fi\/disney-wish\/\">Disneyn toive<\/a><\/td>\n<td style=\"width: 456px; height: 24px;\">9834739<\/td>\n<td style=\"width: 456px; height: 24px;\">311001098<\/td>\n<\/tr>\n<\/tbody>\n<\/table>\n<h2>Tietoja Disney Cruise Linesta<\/h2>\n<p>Floridassa sijaitsevalla Disney Cruise Linell\u00e4 on nyt nelj\u00e4 risteilyalusta ja yksityinen saari Bahamalla. Sek\u00e4 laivoilla ett\u00e4 mailla Castaway Cayssa yritys on t\u00e4ysin suunnattu perheiden tarpeisiin. Valokuvaus Pluton kanssa tai Aku Ankan ja Hessun vierailusta nauttiminen p\u00e4iv\u00e4llisell\u00e4 \u2013 n\u00e4m\u00e4 ovat hetki\u00e4, jotka saavat lasten syd\u00e4met ly\u00f6m\u00e4\u00e4n nopeammin, jopa kauan sitten t\u00e4ysi-ik\u00e4isten lasten syd\u00e4met. Vaikka Disney Cruise Line ei olisikaan keksinyt risteily\u00e4 uudelleen, t\u00e4llaisia kokemuksia ja hetki\u00e4 voi kokea vain Disney-aluksilla ja tehd\u00e4 risteilyst\u00e4 ainutlaatuisen ja unohtumattoman kokemuksen.<\/p>\n<p>Vaikka Disney Cruise Linen risteilyalukset ovatkin kohde sin\u00e4ns\u00e4, niiden palvelemat kohteet ovat yht\u00e4 vaikuttavia. Vaikka risteilyt Euroopassa, sek\u00e4 pohjoisessa ett\u00e4 V\u00e4limerell\u00e4, ovat melko v\u00e4hemmist\u00f6ss\u00e4 ja siksi nauttivat suuresta suosiosta, meille Disney Cruise Line vierailee ymp\u00e4ri vuoden eksoottisempia kohteita. Erityisen suosittuja ovat tietysti Bahama, jossa Disney Cruise Linell\u00e4 on jopa oma yksityinen saari Castaway Cay.<\/p>","protected":false},"excerpt":{"rendered":"<p>Disney Cruise Line Fleet Sijainti Alukset, IMO-numerot, MMSI, Web-kamerat Miss\u00e4 Disney Cruise Line Fleetin nykyinen sijainti on t\u00e4ll\u00e4 hetkell\u00e4? Laiva IMO MMSI Disney Fantasy 9434254 311042900 Disney Dream 9434254 311042900 Disney Wonder 9126819 308457000 Disney Magic 9126807 308516000 Disney7 308516000 308516000 Disney1 Cr01 Cr0183 Disney1 Cr01 ise Line, joka sijaitsee Floridassa, nyt\u2026&nbsp;<a href=\"https:\/\/ship-tracker.org\/fi\/disney-cruise-line\/\" rel=\"bookmark\">Lue lis\u00e4\u00e4 \u00bb<span class=\"screen-reader-text\">Disney Cruise Line<\/span><\/a><\/p>","protected":false},"author":1,"featured_media":2124,"parent":0,"menu_order":0,"comment_status":"closed","ping_status":"closed","template":"","meta":{"neve_meta_sidebar":"","neve_meta_container":"","neve_meta_enable_content_width":"","neve_meta_content_width":0,"neve_meta_title_alignment":"","neve_meta_author_avatar":"","neve_post_elements_order":"","neve_meta_disable_header":"","neve_meta_disable_footer":"","neve_meta_disable_title":"","neve_meta_reading_time":"","footnotes":""},"class_list":["post-2123","page","type-page","status-publish","has-post-thumbnail","hentry"],"yoast_head":"<!-- This site is optimized with the Yoast SEO plugin v27.4 - https:\/\/yoast.com\/product\/yoast-seo-wordpress\/ -->\n<title>Track Disney Cruise Line Fleet | Cruise Ships | Marine Vessel<\/title>\n<meta name=\"description\" content=\"Disney Cruise Line Fleet Location | Current Positions of Disney Cruise Line Ships, IMO numbers, MMSI, Webcam | Live Fleet Maps | Ship Tracker\" \/>\n<meta name=\"robots\" content=\"index, follow, max-snippet:-1, max-image-preview:large, max-video-preview:-1\" \/>\n<link rel=\"canonical\" href=\"https:\/\/ship-tracker.org\/fi\/disney-cruise-line\/\" \/>\n<meta property=\"og:locale\" content=\"fi_FI\" \/>\n<meta property=\"og:type\" content=\"article\" \/>\n<meta property=\"og:title\" content=\"Track Disney Cruise Line Fleet | Cruise Ships | Marine Vessel\" \/>\n<meta property=\"og:description\" content=\"Disney Cruise Line Fleet Location | Current Positions of Disney Cruise Line Ships, IMO numbers, MMSI, Webcam | Live Fleet Maps | Ship Tracker\" \/>\n<meta property=\"og:url\" content=\"https:\/\/ship-tracker.org\/fi\/disney-cruise-line\/\" \/>\n<meta property=\"og:site_name\" content=\"Ship-tracker.org\" \/>\n<meta property=\"article:modified_time\" content=\"2022-10-27T13:58:51+00:00\" \/>\n<meta property=\"og:image\" content=\"https:\/\/ship-tracker.org\/wp-content\/uploads\/2020\/04\/disney-cruise-line-web.jpg\" \/>\n\t<meta property=\"og:image:width\" content=\"1000\" \/>\n\t<meta property=\"og:image:height\" content=\"682\" \/>\n\t<meta property=\"og:image:type\" content=\"image\/jpeg\" \/>\n<meta name=\"twitter:card\" content=\"summary_large_image\" \/>\n<meta name=\"twitter:label1\" content=\"Arvioitu lukuaika\" \/>\n\t<meta name=\"twitter:data1\" content=\"2 minuuttia\" \/>\n<script type=\"application\/ld+json\" class=\"yoast-schema-graph\">{\"@context\":\"https:\\\/\\\/schema.org\",\"@graph\":[{\"@type\":\"WebPage\",\"@id\":\"https:\\\/\\\/ship-tracker.org\\\/disney-cruise-line\\\/\",\"url\":\"https:\\\/\\\/ship-tracker.org\\\/disney-cruise-line\\\/\",\"name\":\"Track Disney Cruise Line Fleet | Cruise Ships | Marine Vessel\",\"isPartOf\":{\"@id\":\"https:\\\/\\\/ship-tracker.org\\\/#website\"},\"primaryImageOfPage\":{\"@id\":\"https:\\\/\\\/ship-tracker.org\\\/disney-cruise-line\\\/#primaryimage\"},\"image\":{\"@id\":\"https:\\\/\\\/ship-tracker.org\\\/disney-cruise-line\\\/#primaryimage\"},\"thumbnailUrl\":\"https:\\\/\\\/ship-tracker.org\\\/wp-content\\\/uploads\\\/2020\\\/04\\\/disney-cruise-line-web.jpg\",\"datePublished\":\"2020-04-29T12:20:25+00:00\",\"dateModified\":\"2022-10-27T13:58:51+00:00\",\"description\":\"Disney Cruise Line Fleet Location | Current Positions of Disney Cruise Line Ships, IMO numbers, MMSI, Webcam | Live Fleet Maps | Ship Tracker\",\"breadcrumb\":{\"@id\":\"https:\\\/\\\/ship-tracker.org\\\/disney-cruise-line\\\/#breadcrumb\"},\"inLanguage\":\"fi\",\"potentialAction\":[{\"@type\":\"ReadAction\",\"target\":[\"https:\\\/\\\/ship-tracker.org\\\/disney-cruise-line\\\/\"]}]},{\"@type\":\"ImageObject\",\"inLanguage\":\"fi\",\"@id\":\"https:\\\/\\\/ship-tracker.org\\\/disney-cruise-line\\\/#primaryimage\",\"url\":\"https:\\\/\\\/ship-tracker.org\\\/wp-content\\\/uploads\\\/2020\\\/04\\\/disney-cruise-line-web.jpg\",\"contentUrl\":\"https:\\\/\\\/ship-tracker.org\\\/wp-content\\\/uploads\\\/2020\\\/04\\\/disney-cruise-line-web.jpg\",\"width\":1000,\"height\":682,\"caption\":\"Disney Cruise Line\"},{\"@type\":\"BreadcrumbList\",\"@id\":\"https:\\\/\\\/ship-tracker.org\\\/disney-cruise-line\\\/#breadcrumb\",\"itemListElement\":[{\"@type\":\"ListItem\",\"position\":1,\"name\":\"Startseite\",\"item\":\"https:\\\/\\\/ship-tracker.org\\\/\"},{\"@type\":\"ListItem\",\"position\":2,\"name\":\"Disney Cruise Line\"}]},{\"@type\":\"WebSite\",\"@id\":\"https:\\\/\\\/ship-tracker.org\\\/#website\",\"url\":\"https:\\\/\\\/ship-tracker.org\\\/\",\"name\":\"Ship-tracker.org\",\"description\":\"\",\"potentialAction\":[{\"@type\":\"SearchAction\",\"target\":{\"@type\":\"EntryPoint\",\"urlTemplate\":\"https:\\\/\\\/ship-tracker.org\\\/?s={search_term_string}\"},\"query-input\":{\"@type\":\"PropertyValueSpecification\",\"valueRequired\":true,\"valueName\":\"search_term_string\"}}],\"inLanguage\":\"fi\"}]}<\/script>\n<!-- \/ Yoast SEO plugin. -->","yoast_head_json":{"title":"Seuraa Disney Cruise Linen laivasto | Risteilyalukset | Meri-alus","description":"Disney Cruise Line Fleet Sijainti | Disney Cruise Line -alusten nykyiset sijainnit, IMO-numerot, MMSI, verkkokamera | Live-laivastokartat | Ship Tracker","robots":{"index":"index","follow":"follow","max-snippet":"max-snippet:-1","max-image-preview":"max-image-preview:large","max-video-preview":"max-video-preview:-1"},"canonical":"https:\/\/ship-tracker.org\/fi\/disney-cruise-line\/","og_locale":"fi_FI","og_type":"article","og_title":"Track Disney Cruise Line Fleet | Cruise Ships | Marine Vessel","og_description":"Disney Cruise Line Fleet Location | Current Positions of Disney Cruise Line Ships, IMO numbers, MMSI, Webcam | Live Fleet Maps | Ship Tracker","og_url":"https:\/\/ship-tracker.org\/fi\/disney-cruise-line\/","og_site_name":"Ship-tracker.org","article_modified_time":"2022-10-27T13:58:51+00:00","og_image":[{"width":1000,"height":682,"url":"https:\/\/ship-tracker.org\/wp-content\/uploads\/2020\/04\/disney-cruise-line-web.jpg","type":"image\/jpeg"}],"twitter_card":"summary_large_image","twitter_misc":{"Arvioitu lukuaika":"2 minuuttia"},"schema":{"@context":"https:\/\/schema.org","@graph":[{"@type":"WebPage","@id":"https:\/\/ship-tracker.org\/disney-cruise-line\/","url":"https:\/\/ship-tracker.org\/disney-cruise-line\/","name":"Seuraa Disney Cruise Linen laivasto | Risteilyalukset | Meri-alus","isPartOf":{"@id":"https:\/\/ship-tracker.org\/#website"},"primaryImageOfPage":{"@id":"https:\/\/ship-tracker.org\/disney-cruise-line\/#primaryimage"},"image":{"@id":"https:\/\/ship-tracker.org\/disney-cruise-line\/#primaryimage"},"thumbnailUrl":"https:\/\/ship-tracker.org\/wp-content\/uploads\/2020\/04\/disney-cruise-line-web.jpg","datePublished":"2020-04-29T12:20:25+00:00","dateModified":"2022-10-27T13:58:51+00:00","description":"Disney Cruise Line Fleet Sijainti | Disney Cruise Line -alusten nykyiset sijainnit, IMO-numerot, MMSI, verkkokamera | Live-laivastokartat | Ship Tracker","breadcrumb":{"@id":"https:\/\/ship-tracker.org\/disney-cruise-line\/#breadcrumb"},"inLanguage":"fi","potentialAction":[{"@type":"ReadAction","target":["https:\/\/ship-tracker.org\/disney-cruise-line\/"]}]},{"@type":"ImageObject","inLanguage":"fi","@id":"https:\/\/ship-tracker.org\/disney-cruise-line\/#primaryimage","url":"https:\/\/ship-tracker.org\/wp-content\/uploads\/2020\/04\/disney-cruise-line-web.jpg","contentUrl":"https:\/\/ship-tracker.org\/wp-content\/uploads\/2020\/04\/disney-cruise-line-web.jpg","width":1000,"height":682,"caption":"Disney Cruise Line"},{"@type":"BreadcrumbList","@id":"https:\/\/ship-tracker.org\/disney-cruise-line\/#breadcrumb","itemListElement":[{"@type":"ListItem","position":1,"name":"Startseite","item":"https:\/\/ship-tracker.org\/"},{"@type":"ListItem","position":2,"name":"Disney Cruise Line"}]},{"@type":"WebSite","@id":"https:\/\/ship-tracker.org\/#website","url":"https:\/\/ship-tracker.org\/","name":"Ship-tracker.org","description":"","potentialAction":[{"@type":"SearchAction","target":{"@type":"EntryPoint","urlTemplate":"https:\/\/ship-tracker.org\/?s={search_term_string}"},"query-input":{"@type":"PropertyValueSpecification","valueRequired":true,"valueName":"search_term_string"}}],"inLanguage":"fi"}]}},"_links":{"self":[{"href":"https:\/\/ship-tracker.org\/fi\/wp-json\/wp\/v2\/pages\/2123","targetHints":{"allow":["GET"]}}],"collection":[{"href":"https:\/\/ship-tracker.org\/fi\/wp-json\/wp\/v2\/pages"}],"about":[{"href":"https:\/\/ship-tracker.org\/fi\/wp-json\/wp\/v2\/types\/page"}],"author":[{"embeddable":true,"href":"https:\/\/ship-tracker.org\/fi\/wp-json\/wp\/v2\/users\/1"}],"replies":[{"embeddable":true,"href":"https:\/\/ship-tracker.org\/fi\/wp-json\/wp\/v2\/comments?post=2123"}],"version-history":[{"count":5,"href":"https:\/\/ship-tracker.org\/fi\/wp-json\/wp\/v2\/pages\/2123\/revisions"}],"predecessor-version":[{"id":3480,"href":"https:\/\/ship-tracker.org\/fi\/wp-json\/wp\/v2\/pages\/2123\/revisions\/3480"}],"wp:featuredmedia":[{"embeddable":true,"href":"https:\/\/ship-tracker.org\/fi\/wp-json\/wp\/v2\/media\/2124"}],"wp:attachment":[{"href":"https:\/\/ship-tracker.org\/fi\/wp-json\/wp\/v2\/media?parent=2123"}],"curies":[{"name":"wp","href":"https:\/\/api.w.org\/{rel}","templated":true}]}}