{"id":2120,"date":"2020-04-29T14:21:26","date_gmt":"2020-04-29T12:21:26","guid":{"rendered":"https:\/\/ship-tracker.org\/?page_id=2120"},"modified":"2022-10-27T16:02:03","modified_gmt":"2022-10-27T14:02:03","slug":"celestyal-cruises","status":"publish","type":"page","link":"https:\/\/ship-tracker.org\/fi\/celestyal-cruises\/","title":{"rendered":"Celestyal-risteilyt"},"content":{"rendered":"<h2>Celestyal Cruises -laivaston sijaintialukset, IMO-numerot, MMSI, verkkokamerat<\/h2>\n<p>Miss\u00e4 Celestyal Cruises Fleetin nykyinen sijainti on t\u00e4ll\u00e4 hetkell\u00e4?<\/p>\n<table>\n<tbody>\n<tr style=\"height: 24px;\">\n<td style=\"width: 457px; height: 24px;\"><span style=\"color: #1f405b;\"><strong>Alus<\/strong><\/span><\/td>\n<td style=\"width: 456px; height: 24px;\"><span style=\"color: #1f405b;\"><strong>IMO<\/strong><\/span><\/td>\n<td style=\"width: 456px; height: 24px;\"><span style=\"color: #1f405b;\"><strong>MMSI<\/strong><\/span><\/td>\n<\/tr>\n<tr style=\"height: 24px;\">\n<td style=\"width: 457px; height: 24px;\"><a href=\"https:\/\/ship-tracker.org\/fi\/celestyal-olympia\/\">Celestyal Olympia<\/a><\/td>\n<td style=\"width: 456px; height: 24px;\">7927984<\/td>\n<td style=\"width: 456px; height: 24px;\">229051000<\/td>\n<\/tr>\n<tr style=\"height: 24px;\">\n<td style=\"width: 457px; height: 24px;\"><a href=\"https:\/\/ship-tracker.org\/fi\/celestyal-crystal\/\">Celestyal Crystal<\/a><\/td>\n<td style=\"width: 456px; height: 24px;\">7827213<\/td>\n<td style=\"width: 456px; height: 24px;\">229001000<\/td>\n<\/tr>\n<\/tbody>\n<\/table>\n<h2>Tietoja Celestyal Cruisesista<\/h2>\n<p>Celestyal Cruises on \u00e4skett\u00e4in perustettu laivayhti\u00f6 Kreikassa. T\u00e4ll\u00e4 hetkell\u00e4 sill\u00e4 on kolme risteilyalusta, joista kaksi on Louis Cruisesilta, Louis Crystal ja Louis Olympia. Molemmat alukset on nimetty uudelleen. Tilaussopimus on tehty my\u00f6s MS Voyagerista, jota viimeksi k\u00e4ytettiin Semester at Sea -ohjelmassa. Aluksen nimi on Celestyal Odyssey. Olipa kyseess\u00e4 suuri tai pieni, Celestyal Cruisesilla on lukuisia tarjouksia, jotka takaavat upean matkan. Ensimm\u00e4iset ohjelmat alkavat aikaisin aamulla ja ovat saatavilla my\u00f6h\u00e4\u00e4n iltaan asti. Jos haluat nyt pelata lautapelej\u00e4 lasten kanssa tai mieluummin tehd\u00e4 jotain itsellesi kuntosalilla, tarjolla on viihdepisteit\u00e4 ja aktiviteetteja jokaiseen tarpeeseen. Tietokilpailut, tanssitunnit, erilaiset urheilulajit, konsertit, ruoanlaittokurssit \u2013 kaikkea t\u00e4t\u00e4 ja paljon muuta on tarjolla t\u00e4\u00e4ll\u00e4.<\/p>","protected":false},"excerpt":{"rendered":"<p>Celestyal Cruises -laivaston sijainti Alukset, IMO-numerot, MMSI, verkkokamerat Miss\u00e4 Celestyal Cruises Fleetin nykyinen sijainti on t\u00e4ll\u00e4 hetkell\u00e4? Laiva IMO MMSI Celestyal Olympia 7927984 229051000 Celestyal Crystal 7827213 229001000 Tietoja Celestyal Cruisesista Celestyal Cruises on \u00e4skett\u00e4in perustettu laivayhti\u00f6 Kreikassa. Sill\u00e4 on t\u00e4ll\u00e4 hetkell\u00e4 kolme risteilyalusta, joista kaksi on Louis Cruisesilta, Louis\u2026&nbsp;<a href=\"https:\/\/ship-tracker.org\/fi\/celestyal-cruises\/\" rel=\"bookmark\">Lue lis\u00e4\u00e4 \u00bb<span class=\"screen-reader-text\">Celestyal-risteilyt<\/span><\/a><\/p>","protected":false},"author":1,"featured_media":2121,"parent":0,"menu_order":0,"comment_status":"closed","ping_status":"closed","template":"","meta":{"neve_meta_sidebar":"","neve_meta_container":"","neve_meta_enable_content_width":"","neve_meta_content_width":0,"neve_meta_title_alignment":"","neve_meta_author_avatar":"","neve_post_elements_order":"","neve_meta_disable_header":"","neve_meta_disable_footer":"","neve_meta_disable_title":"","neve_meta_reading_time":"","footnotes":""},"class_list":["post-2120","page","type-page","status-publish","has-post-thumbnail","hentry"],"yoast_head":"<!-- This site is optimized with the Yoast SEO plugin v26.9 - https:\/\/yoast.com\/product\/yoast-seo-wordpress\/ -->\n<title>Track Celestyal Cruises Fleet | Cruise Ships | Marine Vessel<\/title>\n<meta name=\"description\" content=\"Celestyal Cruises Fleet Location | Current Positions of Celestyal Cruises Ships, IMO numbers, MMSI, Webcam | Live Fleet Maps | Ship Tracker\" \/>\n<meta name=\"robots\" content=\"index, follow, max-snippet:-1, max-image-preview:large, max-video-preview:-1\" \/>\n<link rel=\"canonical\" href=\"https:\/\/ship-tracker.org\/fi\/celestyal-cruises\/\" \/>\n<meta property=\"og:locale\" content=\"fi_FI\" \/>\n<meta property=\"og:type\" content=\"article\" \/>\n<meta property=\"og:title\" content=\"Track Celestyal Cruises Fleet | Cruise Ships | Marine Vessel\" \/>\n<meta property=\"og:description\" content=\"Celestyal Cruises Fleet Location | Current Positions of Celestyal Cruises Ships, IMO numbers, MMSI, Webcam | Live Fleet Maps | Ship Tracker\" \/>\n<meta property=\"og:url\" content=\"https:\/\/ship-tracker.org\/fi\/celestyal-cruises\/\" \/>\n<meta property=\"og:site_name\" content=\"Ship-tracker.org\" \/>\n<meta property=\"article:modified_time\" content=\"2022-10-27T14:02:03+00:00\" \/>\n<meta property=\"og:image\" content=\"https:\/\/ship-tracker.org\/wp-content\/uploads\/2020\/04\/company-logos-celestyal-354962.jpg\" \/>\n\t<meta property=\"og:image:width\" content=\"600\" \/>\n\t<meta property=\"og:image:height\" content=\"352\" \/>\n\t<meta property=\"og:image:type\" content=\"image\/jpeg\" \/>\n<meta name=\"twitter:card\" content=\"summary_large_image\" \/>\n<meta name=\"twitter:label1\" content=\"Arvioitu lukuaika\" \/>\n\t<meta name=\"twitter:data1\" content=\"1 minuutti\" \/>\n<script type=\"application\/ld+json\" class=\"yoast-schema-graph\">{\"@context\":\"https:\/\/schema.org\",\"@graph\":[{\"@type\":\"WebPage\",\"@id\":\"https:\/\/ship-tracker.org\/celestyal-cruises\/\",\"url\":\"https:\/\/ship-tracker.org\/celestyal-cruises\/\",\"name\":\"Track Celestyal Cruises Fleet | Cruise Ships | Marine Vessel\",\"isPartOf\":{\"@id\":\"https:\/\/ship-tracker.org\/#website\"},\"primaryImageOfPage\":{\"@id\":\"https:\/\/ship-tracker.org\/celestyal-cruises\/#primaryimage\"},\"image\":{\"@id\":\"https:\/\/ship-tracker.org\/celestyal-cruises\/#primaryimage\"},\"thumbnailUrl\":\"https:\/\/ship-tracker.org\/wp-content\/uploads\/2020\/04\/company-logos-celestyal-354962.jpg\",\"datePublished\":\"2020-04-29T12:21:26+00:00\",\"dateModified\":\"2022-10-27T14:02:03+00:00\",\"description\":\"Celestyal Cruises Fleet Location | Current Positions of Celestyal Cruises Ships, IMO numbers, MMSI, Webcam | Live Fleet Maps | Ship Tracker\",\"breadcrumb\":{\"@id\":\"https:\/\/ship-tracker.org\/celestyal-cruises\/#breadcrumb\"},\"inLanguage\":\"fi\",\"potentialAction\":[{\"@type\":\"ReadAction\",\"target\":[\"https:\/\/ship-tracker.org\/celestyal-cruises\/\"]}]},{\"@type\":\"ImageObject\",\"inLanguage\":\"fi\",\"@id\":\"https:\/\/ship-tracker.org\/celestyal-cruises\/#primaryimage\",\"url\":\"https:\/\/ship-tracker.org\/wp-content\/uploads\/2020\/04\/company-logos-celestyal-354962.jpg\",\"contentUrl\":\"https:\/\/ship-tracker.org\/wp-content\/uploads\/2020\/04\/company-logos-celestyal-354962.jpg\",\"width\":600,\"height\":352,\"caption\":\"Celestyal Cruises\"},{\"@type\":\"BreadcrumbList\",\"@id\":\"https:\/\/ship-tracker.org\/celestyal-cruises\/#breadcrumb\",\"itemListElement\":[{\"@type\":\"ListItem\",\"position\":1,\"name\":\"Startseite\",\"item\":\"https:\/\/ship-tracker.org\/\"},{\"@type\":\"ListItem\",\"position\":2,\"name\":\"Celestyal Cruises\"}]},{\"@type\":\"WebSite\",\"@id\":\"https:\/\/ship-tracker.org\/#website\",\"url\":\"https:\/\/ship-tracker.org\/\",\"name\":\"Ship-tracker.org\",\"description\":\"\",\"potentialAction\":[{\"@type\":\"SearchAction\",\"target\":{\"@type\":\"EntryPoint\",\"urlTemplate\":\"https:\/\/ship-tracker.org\/?s={search_term_string}\"},\"query-input\":{\"@type\":\"PropertyValueSpecification\",\"valueRequired\":true,\"valueName\":\"search_term_string\"}}],\"inLanguage\":\"fi\"}]}<\/script>\n<!-- \/ Yoast SEO plugin. -->","yoast_head_json":{"title":"Track Celestyal Cruises Fleet | Risteilyalukset | Meri-alus","description":"Celestyal Cruises Fleet Sijainti | Celestyal Cruises -alusten nykyiset sijainnit, IMO-numerot, MMSI, verkkokamera | Live-laivastokartat | Ship Tracker","robots":{"index":"index","follow":"follow","max-snippet":"max-snippet:-1","max-image-preview":"max-image-preview:large","max-video-preview":"max-video-preview:-1"},"canonical":"https:\/\/ship-tracker.org\/fi\/celestyal-cruises\/","og_locale":"fi_FI","og_type":"article","og_title":"Track Celestyal Cruises Fleet | Cruise Ships | Marine Vessel","og_description":"Celestyal Cruises Fleet Location | Current Positions of Celestyal Cruises Ships, IMO numbers, MMSI, Webcam | Live Fleet Maps | Ship Tracker","og_url":"https:\/\/ship-tracker.org\/fi\/celestyal-cruises\/","og_site_name":"Ship-tracker.org","article_modified_time":"2022-10-27T14:02:03+00:00","og_image":[{"width":600,"height":352,"url":"https:\/\/ship-tracker.org\/wp-content\/uploads\/2020\/04\/company-logos-celestyal-354962.jpg","type":"image\/jpeg"}],"twitter_card":"summary_large_image","twitter_misc":{"Arvioitu lukuaika":"1 minuutti"},"schema":{"@context":"https:\/\/schema.org","@graph":[{"@type":"WebPage","@id":"https:\/\/ship-tracker.org\/celestyal-cruises\/","url":"https:\/\/ship-tracker.org\/celestyal-cruises\/","name":"Track Celestyal Cruises Fleet | Risteilyalukset | Meri-alus","isPartOf":{"@id":"https:\/\/ship-tracker.org\/#website"},"primaryImageOfPage":{"@id":"https:\/\/ship-tracker.org\/celestyal-cruises\/#primaryimage"},"image":{"@id":"https:\/\/ship-tracker.org\/celestyal-cruises\/#primaryimage"},"thumbnailUrl":"https:\/\/ship-tracker.org\/wp-content\/uploads\/2020\/04\/company-logos-celestyal-354962.jpg","datePublished":"2020-04-29T12:21:26+00:00","dateModified":"2022-10-27T14:02:03+00:00","description":"Celestyal Cruises Fleet Sijainti | Celestyal Cruises -alusten nykyiset sijainnit, IMO-numerot, MMSI, verkkokamera | Live-laivastokartat | Ship Tracker","breadcrumb":{"@id":"https:\/\/ship-tracker.org\/celestyal-cruises\/#breadcrumb"},"inLanguage":"fi","potentialAction":[{"@type":"ReadAction","target":["https:\/\/ship-tracker.org\/celestyal-cruises\/"]}]},{"@type":"ImageObject","inLanguage":"fi","@id":"https:\/\/ship-tracker.org\/celestyal-cruises\/#primaryimage","url":"https:\/\/ship-tracker.org\/wp-content\/uploads\/2020\/04\/company-logos-celestyal-354962.jpg","contentUrl":"https:\/\/ship-tracker.org\/wp-content\/uploads\/2020\/04\/company-logos-celestyal-354962.jpg","width":600,"height":352,"caption":"Celestyal Cruises"},{"@type":"BreadcrumbList","@id":"https:\/\/ship-tracker.org\/celestyal-cruises\/#breadcrumb","itemListElement":[{"@type":"ListItem","position":1,"name":"Startseite","item":"https:\/\/ship-tracker.org\/"},{"@type":"ListItem","position":2,"name":"Celestyal Cruises"}]},{"@type":"WebSite","@id":"https:\/\/ship-tracker.org\/#website","url":"https:\/\/ship-tracker.org\/","name":"Ship-tracker.org","description":"","potentialAction":[{"@type":"SearchAction","target":{"@type":"EntryPoint","urlTemplate":"https:\/\/ship-tracker.org\/?s={search_term_string}"},"query-input":{"@type":"PropertyValueSpecification","valueRequired":true,"valueName":"search_term_string"}}],"inLanguage":"fi"}]}},"_links":{"self":[{"href":"https:\/\/ship-tracker.org\/fi\/wp-json\/wp\/v2\/pages\/2120","targetHints":{"allow":["GET"]}}],"collection":[{"href":"https:\/\/ship-tracker.org\/fi\/wp-json\/wp\/v2\/pages"}],"about":[{"href":"https:\/\/ship-tracker.org\/fi\/wp-json\/wp\/v2\/types\/page"}],"author":[{"embeddable":true,"href":"https:\/\/ship-tracker.org\/fi\/wp-json\/wp\/v2\/users\/1"}],"replies":[{"embeddable":true,"href":"https:\/\/ship-tracker.org\/fi\/wp-json\/wp\/v2\/comments?post=2120"}],"version-history":[{"count":5,"href":"https:\/\/ship-tracker.org\/fi\/wp-json\/wp\/v2\/pages\/2120\/revisions"}],"predecessor-version":[{"id":3492,"href":"https:\/\/ship-tracker.org\/fi\/wp-json\/wp\/v2\/pages\/2120\/revisions\/3492"}],"wp:featuredmedia":[{"embeddable":true,"href":"https:\/\/ship-tracker.org\/fi\/wp-json\/wp\/v2\/media\/2121"}],"wp:attachment":[{"href":"https:\/\/ship-tracker.org\/fi\/wp-json\/wp\/v2\/media?parent=2120"}],"curies":[{"name":"wp","href":"https:\/\/api.w.org\/{rel}","templated":true}]}}