{"id":2107,"date":"2020-04-29T14:25:32","date_gmt":"2020-04-29T12:25:32","guid":{"rendered":"https:\/\/ship-tracker.org\/?page_id=2107"},"modified":"2022-11-01T13:13:23","modified_gmt":"2022-11-01T12:13:23","slug":"holland-america-line","status":"publish","type":"page","link":"https:\/\/ship-tracker.org\/fi\/holland-america-line\/","title":{"rendered":"Holland America Line"},"content":{"rendered":"<h2>Holland America Line Fleet Sijainti Alukset, IMO-numerot, MMSI, Web-kamerat<\/h2>\n<p>Miss\u00e4 Holland America Line Fleetin nykyinen sijainti on t\u00e4ll\u00e4 hetkell\u00e4?<\/p>\n<table style=\"border-collapse: collapse; width: 100%; height: 384px;\">\n<tbody>\n<tr style=\"height: 24px;\">\n<td style=\"width: 33.3333%; height: 24px;\"><span style=\"color: #1f405b;\"><strong>Alus<\/strong><\/span><\/td>\n<td style=\"width: 33.3333%; height: 24px;\"><span style=\"color: #1f405b;\"><strong>IMO<\/strong><\/span><\/td>\n<td style=\"width: 33.3333%; height: 24px;\"><span style=\"color: #1f405b;\"><strong>MMSI<\/strong><\/span><\/td>\n<\/tr>\n<tr style=\"height: 24px;\">\n<td style=\"width: 33.3333%; height: 24px;\"><a href=\"https:\/\/ship-tracker.org\/fi\/ms-nieuw-statendam\/\">MS Nieuw Statendam<\/a><\/td>\n<td style=\"width: 33.3333%; height: 24px;\">9767106<\/td>\n<td style=\"width: 33.3333%; height: 24px;\">244140580<\/td>\n<\/tr>\n<tr style=\"height: 24px;\">\n<td style=\"width: 33.3333%; height: 24px;\"><a href=\"https:\/\/ship-tracker.org\/fi\/ms-koningsdam\/\">MS Koningsdam<\/a><\/td>\n<td style=\"width: 33.3333%; height: 24px;\">9692557<\/td>\n<td style=\"width: 33.3333%; height: 24px;\">244830547<\/td>\n<\/tr>\n<tr style=\"height: 24px;\">\n<td style=\"width: 33.3333%; height: 24px;\"><a href=\"https:\/\/ship-tracker.org\/fi\/ms-nieuw-amsterdam\/\">MS Nieuw Amsterdam<\/a><\/td>\n<td style=\"width: 33.3333%; height: 24px;\">9378450<\/td>\n<td style=\"width: 33.3333%; height: 24px;\">246648000<\/td>\n<\/tr>\n<tr style=\"height: 24px;\">\n<td style=\"width: 33.3333%; height: 24px;\"><a href=\"https:\/\/ship-tracker.org\/fi\/ms-eurodam\/\">MS Eurodam<\/a><\/td>\n<td style=\"width: 33.3333%; height: 24px;\">9378448<\/td>\n<td style=\"width: 33.3333%; height: 24px;\">245206000<\/td>\n<\/tr>\n<tr style=\"height: 24px;\">\n<td style=\"width: 33.3333%; height: 24px;\"><a href=\"https:\/\/ship-tracker.org\/fi\/ms-noordam\/\">MS Noordam<\/a><\/td>\n<td style=\"width: 33.3333%; height: 24px;\">9230115<\/td>\n<td style=\"width: 33.3333%; height: 24px;\">246028000<\/td>\n<\/tr>\n<tr style=\"height: 24px;\">\n<td style=\"width: 33.3333%; height: 24px;\"><a href=\"https:\/\/ship-tracker.org\/fi\/ms-westerdam\/\">MS Westerdam<\/a><\/td>\n<td style=\"width: 33.3333%; height: 24px;\">9226891<\/td>\n<td style=\"width: 33.3333%; height: 24px;\">244128000<\/td>\n<\/tr>\n<tr style=\"height: 24px;\">\n<td style=\"width: 33.3333%; height: 24px;\"><a href=\"https:\/\/ship-tracker.org\/fi\/ms-oosterdam\/\">MS Oosterdam<\/a><\/td>\n<td style=\"width: 33.3333%; height: 24px;\">9221281<\/td>\n<td style=\"width: 33.3333%; height: 24px;\">245417000<\/td>\n<\/tr>\n<tr class=\"alt\" style=\"height: 24px;\">\n<td style=\"width: 33.3333%; height: 24px;\"><a href=\"https:\/\/ship-tracker.org\/fi\/ms-zuiderdam\/\">MS Zuiderdam<\/a><\/td>\n<td style=\"width: 33.3333%; height: 24px;\">9221279<\/td>\n<td style=\"width: 33.3333%; height: 24px;\">245304000<\/td>\n<\/tr>\n<tr style=\"height: 24px;\">\n<td style=\"width: 33.3333%; height: 24px;\"><a href=\"https:\/\/ship-tracker.org\/fi\/ms-amsterdam\/\">MS Amsterdam<\/a><\/td>\n<td style=\"width: 33.3333%; height: 24px;\">9188037<\/td>\n<td style=\"width: 33.3333%; height: 24px;\">244370000<\/td>\n<\/tr>\n<tr style=\"height: 24px;\">\n<td style=\"width: 33.3333%; height: 24px;\"><a href=\"https:\/\/ship-tracker.org\/fi\/ms-zaandam\/\">MS Zaandam<\/a><\/td>\n<td style=\"width: 33.3333%; height: 24px;\">9156527<\/td>\n<td style=\"width: 33.3333%; height: 24px;\">246442000<\/td>\n<\/tr>\n<tr style=\"height: 24px;\">\n<td style=\"width: 33.3333%; height: 24px;\"><a href=\"https:\/\/ship-tracker.org\/fi\/ms-volendam\/\">MS Volendam<\/a><\/td>\n<td style=\"width: 33.3333%; height: 24px;\">9156515<\/td>\n<td style=\"width: 33.3333%; height: 24px;\">245968000<\/td>\n<\/tr>\n<tr style=\"height: 24px;\">\n<td style=\"width: 33.3333%; height: 24px;\"><a href=\"https:\/\/ship-tracker.org\/fi\/ms-rotterdam\/\">MS Rotterdam<\/a><\/td>\n<td style=\"width: 33.3333%; height: 24px;\">9122552<\/td>\n<td style=\"width: 33.3333%; height: 24px;\">246167000<\/td>\n<\/tr>\n<tr style=\"height: 24px;\">\n<td style=\"width: 33.3333%; height: 24px;\"><a href=\"https:\/\/ship-tracker.org\/fi\/ms-veendam\/\">MS Veendam<\/a><\/td>\n<td style=\"width: 33.3333%; height: 24px;\">9102992<\/td>\n<td style=\"width: 33.3333%; height: 24px;\">246506000<\/td>\n<\/tr>\n<tr style=\"height: 24px;\">\n<td style=\"width: 33.3333%; height: 24px;\"><a href=\"https:\/\/ship-tracker.org\/fi\/ms-maasdam\/\">MS Maasdam<\/a><\/td>\n<td style=\"width: 33.3333%; height: 24px;\">8919257<\/td>\n<td style=\"width: 33.3333%; height: 24px;\">244958000<\/td>\n<\/tr>\n<\/tbody>\n<\/table>\n<h2>Tietoja Holland America Linesta<\/h2>\n<p>Holland America Line (HAL) perustettiin 130 vuotta sitten Rotterdamissa, ja se liikenn\u00f6i aluksi s\u00e4\u00e4nn\u00f6llisen\u00e4 Alankomaiden ja Amerikan v\u00e4lill\u00e4. T\u00e4ll\u00e4 v\u00e4lin varustamo sijaitsee Yhdysvalloissa ja on tarjonnut risteilyj\u00e4 yksinomaan luksussegmentiss\u00e4 l\u00e4hes 50 vuoden ajan. Siit\u00e4 l\u00e4htien se on saavuttanut erinomaisen maineen. Holland America Line \u2013 se tarkoittaa mukavia risteilyaluksia, j\u00e4nnitt\u00e4vi\u00e4 kohteita ja ensiluokkaista palvelua.<\/p>\n<p>Useimmat Holland America Linen laivoista on varustettu merin\u00e4k\u00f6alahyteill\u00e4, joista monissa on oma parveke tai veranta. Ylim\u00e4\u00e4r\u00e4inen kohokohta on parvekkeissa ja verannoissa k\u00e4ytetty tiikkipuu, joka antaa vieraille ylim\u00e4\u00e4r\u00e4isen merellisen tunnelman. T\u00e4\u00e4ll\u00e4, kaukana aurinkokannen h\u00e4lin\u00e4st\u00e4, matkustajat voivat paitsi ottaa aurinkoa rauhassa, my\u00f6s nauttia aterian tai juoman raikkaassa meri-ilmassa. Holland America Linen laivojen erikoisuus on se, ett\u00e4 niill\u00e4 kaikilla on oikeat mitat Panaman kanavalle, mik\u00e4 tekee sen l\u00e4pikulkusta erityisen kohokohdan varustamolle.<\/p>","protected":false},"excerpt":{"rendered":"<p>Holland America Line Fleetin sijainti Alukset, IMO-numerot, MMSI, Web-kamerat Miss\u00e4 Holland America Line Fleetin nykyinen sijainti on t\u00e4ll\u00e4 hetkell\u00e4? Laiva IMO MMSI MS Nieuw Statendam 9767106 244140580 MS Koningsdam 9692557 244830547 MS Nieuw Amsterdam 9378450 246648000 MS Eurodam 2 MS Eurodam 2 MS 2 MS 201 209 209 209 201 2045 028000 MS Westerdam 9226891 244128000 MS Oosterdam 9221281 245417000 MS\u2026&nbsp;<a href=\"https:\/\/ship-tracker.org\/fi\/holland-america-line\/\" rel=\"bookmark\">Lue lis\u00e4\u00e4 \u00bb<span class=\"screen-reader-text\">Holland America Line<\/span><\/a><\/p>","protected":false},"author":1,"featured_media":2108,"parent":0,"menu_order":0,"comment_status":"closed","ping_status":"closed","template":"","meta":{"neve_meta_sidebar":"","neve_meta_container":"","neve_meta_enable_content_width":"","neve_meta_content_width":0,"neve_meta_title_alignment":"","neve_meta_author_avatar":"","neve_post_elements_order":"","neve_meta_disable_header":"","neve_meta_disable_footer":"","neve_meta_disable_title":"","neve_meta_reading_time":"","footnotes":""},"class_list":["post-2107","page","type-page","status-publish","has-post-thumbnail","hentry"],"yoast_head":"<!-- This site is optimized with the Yoast SEO plugin v26.9 - https:\/\/yoast.com\/product\/yoast-seo-wordpress\/ -->\n<title>Track Holland America Line Fleet | Cruise Ships | Marine Vessel<\/title>\n<meta name=\"description\" content=\"Holland America Line Fleet Location | Current Positions of Holland America Line Ships, IMO numbers, MMSI, Webcam | Live Fleet Maps\" \/>\n<meta name=\"robots\" content=\"index, follow, max-snippet:-1, max-image-preview:large, max-video-preview:-1\" \/>\n<link rel=\"canonical\" href=\"https:\/\/ship-tracker.org\/fi\/holland-america-line\/\" \/>\n<meta property=\"og:locale\" content=\"fi_FI\" \/>\n<meta property=\"og:type\" content=\"article\" \/>\n<meta property=\"og:title\" content=\"Track Holland America Line Fleet | Cruise Ships | Marine Vessel\" \/>\n<meta property=\"og:description\" content=\"Holland America Line Fleet Location | Current Positions of Holland America Line Ships, IMO numbers, MMSI, Webcam | Live Fleet Maps\" \/>\n<meta property=\"og:url\" content=\"https:\/\/ship-tracker.org\/fi\/holland-america-line\/\" \/>\n<meta property=\"og:site_name\" content=\"Ship-tracker.org\" \/>\n<meta property=\"article:modified_time\" content=\"2022-11-01T12:13:23+00:00\" \/>\n<meta property=\"og:image\" content=\"https:\/\/ship-tracker.org\/wp-content\/uploads\/2020\/04\/holland-america-case-study-1200x800-1.jpg\" \/>\n\t<meta property=\"og:image:width\" content=\"1200\" \/>\n\t<meta property=\"og:image:height\" content=\"800\" \/>\n\t<meta property=\"og:image:type\" content=\"image\/jpeg\" \/>\n<meta name=\"twitter:card\" content=\"summary_large_image\" \/>\n<meta name=\"twitter:label1\" content=\"Arvioitu lukuaika\" \/>\n\t<meta name=\"twitter:data1\" content=\"2 minuuttia\" \/>\n<script type=\"application\/ld+json\" class=\"yoast-schema-graph\">{\"@context\":\"https:\/\/schema.org\",\"@graph\":[{\"@type\":\"WebPage\",\"@id\":\"https:\/\/ship-tracker.org\/holland-america-line\/\",\"url\":\"https:\/\/ship-tracker.org\/holland-america-line\/\",\"name\":\"Track Holland America Line Fleet | Cruise Ships | Marine Vessel\",\"isPartOf\":{\"@id\":\"https:\/\/ship-tracker.org\/#website\"},\"primaryImageOfPage\":{\"@id\":\"https:\/\/ship-tracker.org\/holland-america-line\/#primaryimage\"},\"image\":{\"@id\":\"https:\/\/ship-tracker.org\/holland-america-line\/#primaryimage\"},\"thumbnailUrl\":\"https:\/\/ship-tracker.org\/wp-content\/uploads\/2020\/04\/holland-america-case-study-1200x800-1.jpg\",\"datePublished\":\"2020-04-29T12:25:32+00:00\",\"dateModified\":\"2022-11-01T12:13:23+00:00\",\"description\":\"Holland America Line Fleet Location | Current Positions of Holland America Line Ships, IMO numbers, MMSI, Webcam | Live Fleet Maps\",\"breadcrumb\":{\"@id\":\"https:\/\/ship-tracker.org\/holland-america-line\/#breadcrumb\"},\"inLanguage\":\"fi\",\"potentialAction\":[{\"@type\":\"ReadAction\",\"target\":[\"https:\/\/ship-tracker.org\/holland-america-line\/\"]}]},{\"@type\":\"ImageObject\",\"inLanguage\":\"fi\",\"@id\":\"https:\/\/ship-tracker.org\/holland-america-line\/#primaryimage\",\"url\":\"https:\/\/ship-tracker.org\/wp-content\/uploads\/2020\/04\/holland-america-case-study-1200x800-1.jpg\",\"contentUrl\":\"https:\/\/ship-tracker.org\/wp-content\/uploads\/2020\/04\/holland-america-case-study-1200x800-1.jpg\",\"width\":1200,\"height\":800,\"caption\":\"Holland America Line\"},{\"@type\":\"BreadcrumbList\",\"@id\":\"https:\/\/ship-tracker.org\/holland-america-line\/#breadcrumb\",\"itemListElement\":[{\"@type\":\"ListItem\",\"position\":1,\"name\":\"Startseite\",\"item\":\"https:\/\/ship-tracker.org\/\"},{\"@type\":\"ListItem\",\"position\":2,\"name\":\"Holland America Line\"}]},{\"@type\":\"WebSite\",\"@id\":\"https:\/\/ship-tracker.org\/#website\",\"url\":\"https:\/\/ship-tracker.org\/\",\"name\":\"Ship-tracker.org\",\"description\":\"\",\"potentialAction\":[{\"@type\":\"SearchAction\",\"target\":{\"@type\":\"EntryPoint\",\"urlTemplate\":\"https:\/\/ship-tracker.org\/?s={search_term_string}\"},\"query-input\":{\"@type\":\"PropertyValueSpecification\",\"valueRequired\":true,\"valueName\":\"search_term_string\"}}],\"inLanguage\":\"fi\"}]}<\/script>\n<!-- \/ Yoast SEO plugin. -->","yoast_head_json":{"title":"Track Holland America Line Fleet | Risteilyalukset | Meri-alus","description":"Holland America Line Fleet Sijainti | Holland America Line -alusten nykyiset sijainnit, IMO-numerot, MMSI, verkkokamera | Live-laivastokartat","robots":{"index":"index","follow":"follow","max-snippet":"max-snippet:-1","max-image-preview":"max-image-preview:large","max-video-preview":"max-video-preview:-1"},"canonical":"https:\/\/ship-tracker.org\/fi\/holland-america-line\/","og_locale":"fi_FI","og_type":"article","og_title":"Track Holland America Line Fleet | Cruise Ships | Marine Vessel","og_description":"Holland America Line Fleet Location | Current Positions of Holland America Line Ships, IMO numbers, MMSI, Webcam | Live Fleet Maps","og_url":"https:\/\/ship-tracker.org\/fi\/holland-america-line\/","og_site_name":"Ship-tracker.org","article_modified_time":"2022-11-01T12:13:23+00:00","og_image":[{"width":1200,"height":800,"url":"https:\/\/ship-tracker.org\/wp-content\/uploads\/2020\/04\/holland-america-case-study-1200x800-1.jpg","type":"image\/jpeg"}],"twitter_card":"summary_large_image","twitter_misc":{"Arvioitu lukuaika":"2 minuuttia"},"schema":{"@context":"https:\/\/schema.org","@graph":[{"@type":"WebPage","@id":"https:\/\/ship-tracker.org\/holland-america-line\/","url":"https:\/\/ship-tracker.org\/holland-america-line\/","name":"Track Holland America Line Fleet | Risteilyalukset | Meri-alus","isPartOf":{"@id":"https:\/\/ship-tracker.org\/#website"},"primaryImageOfPage":{"@id":"https:\/\/ship-tracker.org\/holland-america-line\/#primaryimage"},"image":{"@id":"https:\/\/ship-tracker.org\/holland-america-line\/#primaryimage"},"thumbnailUrl":"https:\/\/ship-tracker.org\/wp-content\/uploads\/2020\/04\/holland-america-case-study-1200x800-1.jpg","datePublished":"2020-04-29T12:25:32+00:00","dateModified":"2022-11-01T12:13:23+00:00","description":"Holland America Line Fleet Sijainti | Holland America Line -alusten nykyiset sijainnit, IMO-numerot, MMSI, verkkokamera | Live-laivastokartat","breadcrumb":{"@id":"https:\/\/ship-tracker.org\/holland-america-line\/#breadcrumb"},"inLanguage":"fi","potentialAction":[{"@type":"ReadAction","target":["https:\/\/ship-tracker.org\/holland-america-line\/"]}]},{"@type":"ImageObject","inLanguage":"fi","@id":"https:\/\/ship-tracker.org\/holland-america-line\/#primaryimage","url":"https:\/\/ship-tracker.org\/wp-content\/uploads\/2020\/04\/holland-america-case-study-1200x800-1.jpg","contentUrl":"https:\/\/ship-tracker.org\/wp-content\/uploads\/2020\/04\/holland-america-case-study-1200x800-1.jpg","width":1200,"height":800,"caption":"Holland America Line"},{"@type":"BreadcrumbList","@id":"https:\/\/ship-tracker.org\/holland-america-line\/#breadcrumb","itemListElement":[{"@type":"ListItem","position":1,"name":"Startseite","item":"https:\/\/ship-tracker.org\/"},{"@type":"ListItem","position":2,"name":"Holland America Line"}]},{"@type":"WebSite","@id":"https:\/\/ship-tracker.org\/#website","url":"https:\/\/ship-tracker.org\/","name":"Ship-tracker.org","description":"","potentialAction":[{"@type":"SearchAction","target":{"@type":"EntryPoint","urlTemplate":"https:\/\/ship-tracker.org\/?s={search_term_string}"},"query-input":{"@type":"PropertyValueSpecification","valueRequired":true,"valueName":"search_term_string"}}],"inLanguage":"fi"}]}},"_links":{"self":[{"href":"https:\/\/ship-tracker.org\/fi\/wp-json\/wp\/v2\/pages\/2107","targetHints":{"allow":["GET"]}}],"collection":[{"href":"https:\/\/ship-tracker.org\/fi\/wp-json\/wp\/v2\/pages"}],"about":[{"href":"https:\/\/ship-tracker.org\/fi\/wp-json\/wp\/v2\/types\/page"}],"author":[{"embeddable":true,"href":"https:\/\/ship-tracker.org\/fi\/wp-json\/wp\/v2\/users\/1"}],"replies":[{"embeddable":true,"href":"https:\/\/ship-tracker.org\/fi\/wp-json\/wp\/v2\/comments?post=2107"}],"version-history":[{"count":7,"href":"https:\/\/ship-tracker.org\/fi\/wp-json\/wp\/v2\/pages\/2107\/revisions"}],"predecessor-version":[{"id":3525,"href":"https:\/\/ship-tracker.org\/fi\/wp-json\/wp\/v2\/pages\/2107\/revisions\/3525"}],"wp:featuredmedia":[{"embeddable":true,"href":"https:\/\/ship-tracker.org\/fi\/wp-json\/wp\/v2\/media\/2108"}],"wp:attachment":[{"href":"https:\/\/ship-tracker.org\/fi\/wp-json\/wp\/v2\/media?parent=2107"}],"curies":[{"name":"wp","href":"https:\/\/api.w.org\/{rel}","templated":true}]}}