{"id":2103,"date":"2020-04-29T14:27:18","date_gmt":"2020-04-29T12:27:18","guid":{"rendered":"https:\/\/ship-tracker.org\/?page_id=2103"},"modified":"2024-09-20T14:35:09","modified_gmt":"2024-09-20T12:35:09","slug":"norwegian-cruise-line","status":"publish","type":"page","link":"https:\/\/ship-tracker.org\/fi\/norwegian-cruise-line\/","title":{"rendered":"Norwegian Cruise Line"},"content":{"rendered":"<h2>Norwegian Cruise Linen laivaston sijaintialukset, IMO-numerot, MMSI, verkkokamerat<\/h2>\n<p>Miss\u00e4 Norwegian Cruise Line Fleetin nykyinen sijainti on t\u00e4ll\u00e4 hetkell\u00e4?<\/p>\n<table style=\"border-collapse: collapse; width: 100%; height: 432px;\">\n<tbody>\n<tr style=\"height: 24px;\">\n<td style=\"width: 33.3333%; height: 24px;\"><span style=\"color: #1f405b;\"><strong>Alus<\/strong><\/span><\/td>\n<td style=\"width: 33.3333%; height: 24px;\"><span style=\"color: #1f405b;\"><strong>IMO<\/strong><\/span><\/td>\n<td style=\"width: 33.3333%; height: 24px;\"><span style=\"color: #1f405b;\"><strong>MMSI<\/strong><\/span><\/td>\n<\/tr>\n<tr style=\"height: 24px;\">\n<td style=\"width: 33.3333%; height: 24px;\"><a href=\"https:\/\/ship-tracker.org\/fi\/norwegian-encore\/\">Norja Encore<\/a><\/td>\n<td style=\"width: 33.3333%; height: 24px;\">9751511<\/td>\n<td style=\"width: 33.3333%; height: 24px;\">311000879<\/td>\n<\/tr>\n<tr style=\"height: 24px;\">\n<td style=\"width: 33.3333%; height: 24px;\"><a href=\"https:\/\/ship-tracker.org\/fi\/norwegian-bliss\/\">Norjan autuus<\/a><\/td>\n<td style=\"width: 33.3333%; height: 24px;\">9751509<\/td>\n<td style=\"width: 33.3333%; height: 24px;\">311000710<\/td>\n<\/tr>\n<tr style=\"height: 24px;\">\n<td style=\"width: 33.3333%; height: 24px;\"><a href=\"https:\/\/ship-tracker.org\/fi\/norwegian-joy\/\">Norjalainen ilo<\/a><\/td>\n<td style=\"width: 33.3333%; height: 24px;\">9703796<\/td>\n<td style=\"width: 33.3333%; height: 24px;\">311000599<\/td>\n<\/tr>\n<tr style=\"height: 24px;\">\n<td style=\"width: 33.3333%; height: 24px;\"><a href=\"https:\/\/ship-tracker.org\/fi\/norwegian-escape\/\">Norjan pako<\/a><\/td>\n<td style=\"width: 33.3333%; height: 24px;\">9677076<\/td>\n<td style=\"width: 33.3333%; height: 24px;\">311000341<\/td>\n<\/tr>\n<tr style=\"height: 24px;\">\n<td style=\"width: 33.3333%; height: 24px;\"><a href=\"https:\/\/ship-tracker.org\/fi\/norwegian-getaway\/\">Norjan pakopaikka<\/a><\/td>\n<td style=\"width: 33.3333%; height: 24px;\">9606924<\/td>\n<td style=\"width: 33.3333%; height: 24px;\">311050900<\/td>\n<\/tr>\n<tr style=\"height: 24px;\">\n<td style=\"width: 33.3333%; height: 24px;\"><a href=\"https:\/\/ship-tracker.org\/fi\/norwegian-breakaway\/\">Norwegian Breakaway<\/a><\/td>\n<td style=\"width: 33.3333%; height: 24px;\">9606912<\/td>\n<td style=\"width: 33.3333%; height: 24px;\">311050800<\/td>\n<\/tr>\n<tr style=\"height: 24px;\">\n<td style=\"width: 33.3333%; height: 24px;\"><a href=\"https:\/\/ship-tracker.org\/fi\/norwegian-epic\/\">Norjan eepos<\/a><\/td>\n<td style=\"width: 33.3333%; height: 24px;\">9410569<\/td>\n<td style=\"width: 33.3333%; height: 24px;\">311018500<\/td>\n<\/tr>\n<tr style=\"height: 24px;\">\n<td style=\"width: 33.3333%; height: 24px;\"><a href=\"https:\/\/ship-tracker.org\/fi\/norwegian-gem\/\">Norjan helmi<\/a><\/td>\n<td style=\"width: 33.3333%; height: 24px;\">9355733<\/td>\n<td style=\"width: 33.3333%; height: 24px;\">309951000<\/td>\n<\/tr>\n<tr class=\"alt\" style=\"height: 24px;\">\n<td style=\"width: 33.3333%; height: 24px;\"><a href=\"https:\/\/ship-tracker.org\/fi\/norwegian-jade\/\">Norjalainen Jade<\/a><\/td>\n<td style=\"width: 33.3333%; height: 24px;\">9304057<\/td>\n<td style=\"width: 33.3333%; height: 24px;\">308416000<\/td>\n<\/tr>\n<tr style=\"height: 24px;\">\n<td style=\"width: 33.3333%; height: 24px;\"><a href=\"https:\/\/ship-tracker.org\/fi\/norwegian-pearl\/\">Norjan helmi<\/a><\/td>\n<td style=\"width: 33.3333%; height: 24px;\">9342281<\/td>\n<td style=\"width: 33.3333%; height: 24px;\">309653000<\/td>\n<\/tr>\n<tr style=\"height: 24px;\">\n<td style=\"width: 33.3333%; height: 24px;\"><a href=\"https:\/\/ship-tracker.org\/fi\/norwegian-jewel\/\">Norjan jalokivi<\/a><\/td>\n<td style=\"width: 33.3333%; height: 24px;\">9304045<\/td>\n<td style=\"width: 33.3333%; height: 24px;\">311827000<\/td>\n<\/tr>\n<tr style=\"height: 24px;\">\n<td style=\"width: 33.3333%; height: 24px;\"><a href=\"https:\/\/ship-tracker.org\/fi\/pride-of-america\/\">Amerikan ylpeys<\/a><\/td>\n<td style=\"width: 33.3333%; height: 24px;\">9209221<\/td>\n<td style=\"width: 33.3333%; height: 24px;\">366994450<\/td>\n<\/tr>\n<tr style=\"height: 24px;\">\n<td style=\"width: 33.3333%; height: 24px;\"><a href=\"https:\/\/ship-tracker.org\/fi\/norwegian-dawn\/\">Norjan aamunkoitto<\/a><\/td>\n<td style=\"width: 33.3333%; height: 24px;\">9195169<\/td>\n<td style=\"width: 33.3333%; height: 24px;\">311307000<\/td>\n<\/tr>\n<tr style=\"height: 24px;\">\n<td style=\"width: 33.3333%; height: 24px;\"><a href=\"https:\/\/ship-tracker.org\/fi\/norwegian-star\/\">Norjan t\u00e4hti<\/a><\/td>\n<td style=\"width: 33.3333%; height: 24px;\">9195157<\/td>\n<td style=\"width: 33.3333%; height: 24px;\">311082000<\/td>\n<\/tr>\n<tr style=\"height: 24px;\">\n<td style=\"width: 33.3333%; height: 24px;\"><a href=\"https:\/\/ship-tracker.org\/fi\/norwegian-sun\/\">Norjan aurinko<\/a><\/td>\n<td style=\"width: 33.3333%; height: 24px;\">9218131<\/td>\n<td style=\"width: 33.3333%; height: 24px;\">311109000<\/td>\n<\/tr>\n<tr style=\"height: 24px;\">\n<td style=\"width: 33.3333%; height: 24px;\"><a href=\"https:\/\/ship-tracker.org\/fi\/norwegian-sky\/\">Norjan taivas<\/a><\/td>\n<td style=\"width: 33.3333%; height: 24px;\">9128532<\/td>\n<td style=\"width: 33.3333%; height: 24px;\">308865000<\/td>\n<\/tr>\n<tr style=\"height: 24px;\">\n<td style=\"width: 33.3333%; height: 24px;\"><a href=\"https:\/\/ship-tracker.org\/fi\/norwegian-spirit\/\">Norjan henki<\/a><\/td>\n<td style=\"width: 33.3333%; height: 24px;\">9141065<\/td>\n<td style=\"width: 33.3333%; height: 24px;\">311746000<\/td>\n<\/tr>\n<tr>\n<td style=\"width: 33.3333%;\"><a href=\"https:\/\/ship-tracker.org\/fi\/norwegian-prima\/\">Norjan Prima<\/a><\/td>\n<td style=\"width: 33.3333%;\">9823986<\/td>\n<td style=\"width: 33.3333%;\">311001059<\/td>\n<\/tr>\n<tr>\n<td style=\"width: 33.3333%;\"><a href=\"https:\/\/ship-tracker.org\/fi\/norwegian-viva\/\">Norjalainen Viva<\/a><\/td>\n<td style=\"width: 33.3333%;\">9823998<\/td>\n<td style=\"width: 33.3333%;\">311001127<\/td>\n<\/tr>\n<tr>\n<td style=\"width: 33.3333%;\"><a href=\"https:\/\/ship-tracker.org\/fi\/norwegian-aqua\/\">Norjalainen Aqua<\/a><\/td>\n<td style=\"width: 33.3333%;\">9824007<\/td>\n<td style=\"width: 33.3333%;\"><\/td>\n<\/tr>\n<tr>\n<td style=\"width: 33.3333%;\"><a href=\"https:\/\/ship-tracker.org\/fi\/norwegian-luna\/\">Norjalainen Luna<\/a><\/td>\n<td style=\"width: 33.3333%;\">9824019<\/td>\n<td style=\"width: 33.3333%;\"><\/td>\n<\/tr>\n<\/tbody>\n<\/table>\n<h2>Tietoja Norwegian Cruise Linesta<\/h2>\n<p>Norwegian Cruise Line on uudistettu yhti\u00f6, jolla on 14 aluksen laivasto Miamissa, Floridassa. Yrityksemme on useiden Norwegian Cruise Linen \u2013 NCL:n yksityisomistuksessa olevien yritysten fuusio. Toisin kuin klassinen risteilytila, tarjoamme ohjelman, joka on mukautettu nykyaikaisen matkustajan tarpeisiin ja jota voidaan muuttaa risteilyn aikana. Matkustajille tarjotaan rentoa lomaa, joka on samanlainen kuin lomakeskuksessa y\u00f6pyminen huomaamattomasti korkeatasoisella tarjouksella. Ei kiinteit\u00e4 illallisaikoja tai pukukoodia.<\/p>\n<p>Nauti rennosta ilmapiirist\u00e4 ja mukavuudesta matkustaessasi kauneimpiin paikkoihin. Tylsyys on vieras sana Norwegian Cruise Linen laivalla. Viihde on etusijalla: piditp\u00e4 sitten Broadway-esityksist\u00e4 tai illallisesityksist\u00e4, koet fantastisia hetki\u00e4 kaikkialla \u2013 ja t\u00e4m\u00e4 koskee my\u00f6s lapsiasi. Uima-altaat liukum\u00e4ill\u00e4, lasten disko, p\u00f6yt\u00e4tennis tai kiipeilysein\u00e4t: kaikki sis\u00e4ltyy hintaan. Norwegian Cruise Linen kautta jopa laskeutuminen on mahdollista! Kaikki on suunnattu luovaan ja aktiiviseen toimintaan. Urheilu, laulaminen, tanssiminen allasjuhlissa ja elokuvien katselu ovat vain osa tarjolla olevista aktiviteeteista.<\/p>\n<p>Hemmottele itse\u00e4si valtavan monipuolisella kulinaarisella tarjouksella. Tapaksista teppanyakiin ja sushibaarista pihviravintolaan. Vai olisitko mieluummin ranskalainen bistro? Majoitukseen kuuluvien ravintoloiden ja lis\u00e4maksullisten ravintoloiden v\u00e4lill\u00e4 on aina tasapainoinen jakautuminen. Tiukkaa pukeutumissuositusta ei ole, joten smokki tai iltapuku voi j\u00e4tt\u00e4\u00e4 kotiin. Voit tehd\u00e4 mit\u00e4 haluat, se on loppujen lopuksi sinun lomasi. Maailman nuorimman laivaston ansiosta et kyll\u00e4sty hetke\u00e4k\u00e4\u00e4n.<\/p>","protected":false},"excerpt":{"rendered":"<p>Norwegian Cruise Line Fleet Sijainti Alukset, IMO-numerot, MMSI, Web-kamerat Miss\u00e4 Norwegian Cruise Line Fleetin nykyinen sijainti on t\u00e4ll\u00e4 hetkell\u00e4? L\u00e4hetys IMO MMSI Norwegian Encore 9751511 311000879 Norwegian Bliss 9751509 311000710 Norwegian Joy 9703796 311000599 Norwegian Escape 96710076 3671076 36149 3614 1050900 Norwegian Breakaway 9606912 311050800 Norwegian Epic 9410569 311018500 Norwegian Gem 9355733\u2026&nbsp;<a href=\"https:\/\/ship-tracker.org\/fi\/norwegian-cruise-line\/\" rel=\"bookmark\">Lue lis\u00e4\u00e4 \u00bb<span class=\"screen-reader-text\">Norwegian Cruise Line<\/span><\/a><\/p>","protected":false},"author":1,"featured_media":2105,"parent":0,"menu_order":0,"comment_status":"closed","ping_status":"closed","template":"","meta":{"neve_meta_sidebar":"","neve_meta_container":"","neve_meta_enable_content_width":"off","neve_meta_content_width":100,"neve_meta_title_alignment":"","neve_meta_author_avatar":"","neve_post_elements_order":"","neve_meta_disable_header":"","neve_meta_disable_footer":"","neve_meta_disable_title":"","neve_meta_reading_time":"","footnotes":""},"class_list":["post-2103","page","type-page","status-publish","has-post-thumbnail","hentry"],"yoast_head":"<!-- This site is optimized with the Yoast SEO plugin v26.9 - https:\/\/yoast.com\/product\/yoast-seo-wordpress\/ -->\n<title>Track Norwegian Cruise Line Fleet | Cruise Ships | Marine Vessel<\/title>\n<meta name=\"description\" content=\"Norwegian Cruise Line Fleet Location | Current Positions of Norwegian Cruise Line Ships, IMO numbers, MMSI, Webcam | Live Fleet Maps\" \/>\n<meta name=\"robots\" content=\"index, follow, max-snippet:-1, max-image-preview:large, max-video-preview:-1\" \/>\n<link rel=\"canonical\" href=\"https:\/\/ship-tracker.org\/fi\/norwegian-cruise-line\/\" \/>\n<meta property=\"og:locale\" content=\"fi_FI\" \/>\n<meta property=\"og:type\" content=\"article\" \/>\n<meta property=\"og:title\" content=\"Track Norwegian Cruise Line Fleet | Cruise Ships | Marine Vessel\" \/>\n<meta property=\"og:description\" content=\"Norwegian Cruise Line Fleet Location | Current Positions of Norwegian Cruise Line Ships, IMO numbers, MMSI, Webcam | Live Fleet Maps\" \/>\n<meta property=\"og:url\" content=\"https:\/\/ship-tracker.org\/fi\/norwegian-cruise-line\/\" \/>\n<meta property=\"og:site_name\" content=\"Ship-tracker.org\" \/>\n<meta property=\"article:modified_time\" content=\"2024-09-20T12:35:09+00:00\" \/>\n<meta property=\"og:image\" content=\"https:\/\/ship-tracker.org\/wp-content\/uploads\/2020\/04\/reederei-norwegian.jpg\" \/>\n\t<meta property=\"og:image:width\" content=\"325\" \/>\n\t<meta property=\"og:image:height\" content=\"245\" \/>\n\t<meta property=\"og:image:type\" content=\"image\/jpeg\" \/>\n<meta name=\"twitter:card\" content=\"summary_large_image\" \/>\n<meta name=\"twitter:label1\" content=\"Arvioitu lukuaika\" \/>\n\t<meta name=\"twitter:data1\" content=\"2 minuuttia\" \/>\n<script type=\"application\/ld+json\" class=\"yoast-schema-graph\">{\"@context\":\"https:\/\/schema.org\",\"@graph\":[{\"@type\":\"WebPage\",\"@id\":\"https:\/\/ship-tracker.org\/norwegian-cruise-line\/\",\"url\":\"https:\/\/ship-tracker.org\/norwegian-cruise-line\/\",\"name\":\"Track Norwegian Cruise Line Fleet | Cruise Ships | Marine Vessel\",\"isPartOf\":{\"@id\":\"https:\/\/ship-tracker.org\/#website\"},\"primaryImageOfPage\":{\"@id\":\"https:\/\/ship-tracker.org\/norwegian-cruise-line\/#primaryimage\"},\"image\":{\"@id\":\"https:\/\/ship-tracker.org\/norwegian-cruise-line\/#primaryimage\"},\"thumbnailUrl\":\"https:\/\/ship-tracker.org\/wp-content\/uploads\/2020\/04\/reederei-norwegian.jpg\",\"datePublished\":\"2020-04-29T12:27:18+00:00\",\"dateModified\":\"2024-09-20T12:35:09+00:00\",\"description\":\"Norwegian Cruise Line Fleet Location | Current Positions of Norwegian Cruise Line Ships, IMO numbers, MMSI, Webcam | Live Fleet Maps\",\"breadcrumb\":{\"@id\":\"https:\/\/ship-tracker.org\/norwegian-cruise-line\/#breadcrumb\"},\"inLanguage\":\"fi\",\"potentialAction\":[{\"@type\":\"ReadAction\",\"target\":[\"https:\/\/ship-tracker.org\/norwegian-cruise-line\/\"]}]},{\"@type\":\"ImageObject\",\"inLanguage\":\"fi\",\"@id\":\"https:\/\/ship-tracker.org\/norwegian-cruise-line\/#primaryimage\",\"url\":\"https:\/\/ship-tracker.org\/wp-content\/uploads\/2020\/04\/reederei-norwegian.jpg\",\"contentUrl\":\"https:\/\/ship-tracker.org\/wp-content\/uploads\/2020\/04\/reederei-norwegian.jpg\",\"width\":325,\"height\":245,\"caption\":\"Norwegian Cruise Line\"},{\"@type\":\"BreadcrumbList\",\"@id\":\"https:\/\/ship-tracker.org\/norwegian-cruise-line\/#breadcrumb\",\"itemListElement\":[{\"@type\":\"ListItem\",\"position\":1,\"name\":\"Startseite\",\"item\":\"https:\/\/ship-tracker.org\/\"},{\"@type\":\"ListItem\",\"position\":2,\"name\":\"Norwegian Cruise Line\"}]},{\"@type\":\"WebSite\",\"@id\":\"https:\/\/ship-tracker.org\/#website\",\"url\":\"https:\/\/ship-tracker.org\/\",\"name\":\"Ship-tracker.org\",\"description\":\"\",\"potentialAction\":[{\"@type\":\"SearchAction\",\"target\":{\"@type\":\"EntryPoint\",\"urlTemplate\":\"https:\/\/ship-tracker.org\/?s={search_term_string}\"},\"query-input\":{\"@type\":\"PropertyValueSpecification\",\"valueRequired\":true,\"valueName\":\"search_term_string\"}}],\"inLanguage\":\"fi\"}]}<\/script>\n<!-- \/ Yoast SEO plugin. -->","yoast_head_json":{"title":"Track Norwegian Cruise Linen laivasto | Risteilyalukset | Meri-alus","description":"Norwegian Cruise Line Fleet Sijainti | Norjan risteilyalusten nykyiset sijainnit, IMO-numerot, MMSI, verkkokamera | Live-laivastokartat","robots":{"index":"index","follow":"follow","max-snippet":"max-snippet:-1","max-image-preview":"max-image-preview:large","max-video-preview":"max-video-preview:-1"},"canonical":"https:\/\/ship-tracker.org\/fi\/norwegian-cruise-line\/","og_locale":"fi_FI","og_type":"article","og_title":"Track Norwegian Cruise Line Fleet | Cruise Ships | Marine Vessel","og_description":"Norwegian Cruise Line Fleet Location | Current Positions of Norwegian Cruise Line Ships, IMO numbers, MMSI, Webcam | Live Fleet Maps","og_url":"https:\/\/ship-tracker.org\/fi\/norwegian-cruise-line\/","og_site_name":"Ship-tracker.org","article_modified_time":"2024-09-20T12:35:09+00:00","og_image":[{"width":325,"height":245,"url":"https:\/\/ship-tracker.org\/wp-content\/uploads\/2020\/04\/reederei-norwegian.jpg","type":"image\/jpeg"}],"twitter_card":"summary_large_image","twitter_misc":{"Arvioitu lukuaika":"2 minuuttia"},"schema":{"@context":"https:\/\/schema.org","@graph":[{"@type":"WebPage","@id":"https:\/\/ship-tracker.org\/norwegian-cruise-line\/","url":"https:\/\/ship-tracker.org\/norwegian-cruise-line\/","name":"Track Norwegian Cruise Linen laivasto | Risteilyalukset | Meri-alus","isPartOf":{"@id":"https:\/\/ship-tracker.org\/#website"},"primaryImageOfPage":{"@id":"https:\/\/ship-tracker.org\/norwegian-cruise-line\/#primaryimage"},"image":{"@id":"https:\/\/ship-tracker.org\/norwegian-cruise-line\/#primaryimage"},"thumbnailUrl":"https:\/\/ship-tracker.org\/wp-content\/uploads\/2020\/04\/reederei-norwegian.jpg","datePublished":"2020-04-29T12:27:18+00:00","dateModified":"2024-09-20T12:35:09+00:00","description":"Norwegian Cruise Line Fleet Sijainti | Norjan risteilyalusten nykyiset sijainnit, IMO-numerot, MMSI, verkkokamera | Live-laivastokartat","breadcrumb":{"@id":"https:\/\/ship-tracker.org\/norwegian-cruise-line\/#breadcrumb"},"inLanguage":"fi","potentialAction":[{"@type":"ReadAction","target":["https:\/\/ship-tracker.org\/norwegian-cruise-line\/"]}]},{"@type":"ImageObject","inLanguage":"fi","@id":"https:\/\/ship-tracker.org\/norwegian-cruise-line\/#primaryimage","url":"https:\/\/ship-tracker.org\/wp-content\/uploads\/2020\/04\/reederei-norwegian.jpg","contentUrl":"https:\/\/ship-tracker.org\/wp-content\/uploads\/2020\/04\/reederei-norwegian.jpg","width":325,"height":245,"caption":"Norwegian Cruise Line"},{"@type":"BreadcrumbList","@id":"https:\/\/ship-tracker.org\/norwegian-cruise-line\/#breadcrumb","itemListElement":[{"@type":"ListItem","position":1,"name":"Startseite","item":"https:\/\/ship-tracker.org\/"},{"@type":"ListItem","position":2,"name":"Norwegian Cruise Line"}]},{"@type":"WebSite","@id":"https:\/\/ship-tracker.org\/#website","url":"https:\/\/ship-tracker.org\/","name":"Ship-tracker.org","description":"","potentialAction":[{"@type":"SearchAction","target":{"@type":"EntryPoint","urlTemplate":"https:\/\/ship-tracker.org\/?s={search_term_string}"},"query-input":{"@type":"PropertyValueSpecification","valueRequired":true,"valueName":"search_term_string"}}],"inLanguage":"fi"}]}},"_links":{"self":[{"href":"https:\/\/ship-tracker.org\/fi\/wp-json\/wp\/v2\/pages\/2103","targetHints":{"allow":["GET"]}}],"collection":[{"href":"https:\/\/ship-tracker.org\/fi\/wp-json\/wp\/v2\/pages"}],"about":[{"href":"https:\/\/ship-tracker.org\/fi\/wp-json\/wp\/v2\/types\/page"}],"author":[{"embeddable":true,"href":"https:\/\/ship-tracker.org\/fi\/wp-json\/wp\/v2\/users\/1"}],"replies":[{"embeddable":true,"href":"https:\/\/ship-tracker.org\/fi\/wp-json\/wp\/v2\/comments?post=2103"}],"version-history":[{"count":8,"href":"https:\/\/ship-tracker.org\/fi\/wp-json\/wp\/v2\/pages\/2103\/revisions"}],"predecessor-version":[{"id":5334,"href":"https:\/\/ship-tracker.org\/fi\/wp-json\/wp\/v2\/pages\/2103\/revisions\/5334"}],"wp:featuredmedia":[{"embeddable":true,"href":"https:\/\/ship-tracker.org\/fi\/wp-json\/wp\/v2\/media\/2105"}],"wp:attachment":[{"href":"https:\/\/ship-tracker.org\/fi\/wp-json\/wp\/v2\/media?parent=2103"}],"curies":[{"name":"wp","href":"https:\/\/api.w.org\/{rel}","templated":true}]}}