{"id":2089,"date":"2020-04-29T14:28:30","date_gmt":"2020-04-29T12:28:30","guid":{"rendered":"https:\/\/ship-tracker.org\/?page_id=2089"},"modified":"2022-10-27T16:00:42","modified_gmt":"2022-10-27T14:00:42","slug":"crystal-cruises","status":"publish","type":"page","link":"https:\/\/ship-tracker.org\/fi\/crystal-cruises\/","title":{"rendered":"Crystal risteilyt"},"content":{"rendered":"<h2>Crystal Cruises Fleet Location -alukset, IMO-numerot, MMSI, verkkokamerat<\/h2>\n<p>Miss\u00e4 Crystal Cruises Fleetin nykyinen sijainti on t\u00e4ll\u00e4 hetkell\u00e4?<\/p>\n<table style=\"border-collapse: collapse; width: 100%; height: 240px;\">\n<tbody>\n<tr style=\"height: 24px;\">\n<td style=\"width: 33.3333%; height: 24px;\"><span style=\"color: #1f405b;\"><strong>Alus<\/strong><\/span><\/td>\n<td style=\"width: 33.3333%; height: 24px;\"><span style=\"color: #1f405b;\"><strong>IMO<\/strong><\/span><\/td>\n<td style=\"width: 33.3333%; height: 24px;\"><span style=\"color: #1f405b;\"><strong>MMSI<\/strong><\/span><\/td>\n<\/tr>\n<tr style=\"height: 24px;\">\n<td style=\"width: 33.3333%; height: 24px;\"><a href=\"https:\/\/ship-tracker.org\/fi\/crystal-endeavor\/\">Crystal Endeavour<\/a><\/td>\n<td style=\"width: 33.3333%; height: 24px;\">9821873<\/td>\n<td style=\"width: 33.3333%; height: 24px;\"><\/td>\n<\/tr>\n<tr style=\"height: 24px;\">\n<td style=\"width: 33.3333%; height: 24px;\"><a href=\"https:\/\/ship-tracker.org\/fi\/crystal-serenity\/\">Crystal Serenity<\/a><\/td>\n<td style=\"width: 33.3333%; height: 24px;\">9243667<\/td>\n<td style=\"width: 33.3333%; height: 24px;\">311536000<\/td>\n<\/tr>\n<tr style=\"height: 24px;\">\n<td style=\"width: 33.3333%; height: 24px;\"><a href=\"https:\/\/ship-tracker.org\/fi\/crystal-symphony\/\">Kristalli sinfonia<\/a><\/td>\n<td style=\"width: 33.3333%; height: 24px;\">9066667<\/td>\n<td style=\"width: 33.3333%; height: 24px;\">309168000<\/td>\n<\/tr>\n<tr style=\"height: 24px;\">\n<td style=\"width: 33.3333%; height: 24px;\"><a href=\"https:\/\/ship-tracker.org\/fi\/crystal-esprit\/\">Crystal Esprit<\/a><\/td>\n<td style=\"width: 33.3333%; height: 24px;\">8705266<\/td>\n<td style=\"width: 33.3333%; height: 24px;\">311000506<\/td>\n<\/tr>\n<tr style=\"height: 24px;\">\n<td style=\"width: 33.3333%; height: 24px;\"><a href=\"https:\/\/ship-tracker.org\/fi\/crystal-debussy\/\">Crystal Debussy<\/a><\/td>\n<td style=\"width: 33.3333%; height: 24px;\"><\/td>\n<td style=\"width: 33.3333%; height: 24px;\">248366000<\/td>\n<\/tr>\n<tr style=\"height: 24px;\">\n<td style=\"width: 33.3333%; height: 24px;\"><a href=\"https:\/\/ship-tracker.org\/fi\/crystal-ravel\/\">Crystal Ravel<\/a><\/td>\n<td style=\"width: 33.3333%; height: 24px;\"><\/td>\n<td style=\"width: 33.3333%; height: 24px;\">248377000<\/td>\n<\/tr>\n<tr style=\"height: 24px;\">\n<td style=\"width: 33.3333%; height: 24px;\"><a href=\"https:\/\/ship-tracker.org\/fi\/crystal-bach\/\">Kristalli Bach<\/a><\/td>\n<td style=\"width: 33.3333%; height: 24px;\"><\/td>\n<td style=\"width: 33.3333%; height: 24px;\">248308000<\/td>\n<\/tr>\n<tr style=\"height: 24px;\">\n<td style=\"width: 33.3333%; height: 24px;\"><a href=\"https:\/\/ship-tracker.org\/fi\/crystal-mahler\/\">Kristalli Mahler<\/a><\/td>\n<td style=\"width: 33.3333%; height: 24px;\"><\/td>\n<td style=\"width: 33.3333%; height: 24px;\">248380000<\/td>\n<\/tr>\n<tr class=\"alt\" style=\"height: 24px;\">\n<td style=\"width: 33.3333%; height: 24px;\"><a href=\"https:\/\/ship-tracker.org\/fi\/crystal-mozart\/\">Kristalli Mozart<\/a><\/td>\n<td style=\"width: 33.3333%; height: 24px;\"><\/td>\n<td style=\"width: 33.3333%; height: 24px;\">248309000<\/td>\n<\/tr>\n<\/tbody>\n<\/table>\n<h2>Tietoja Crystal Cruisesista<\/h2>\n<p>Crystal Cruises on vuonna 1998 perustettu luksusristeilyyritys, jonka kotipaikka on Century City Los Angeles (USA). Crystal Serenityn ja Crystal Symphonyn kanssa Crystal Cruises operoi t\u00e4ll\u00e4 hetkell\u00e4 kahta eritt\u00e4in ylellist\u00e4 alusta. Risteilyalukset purjehtivat Bahaman lipun alla. Crystal on japanilaisen Nippon Yusen Kaishan tyt\u00e4ryhti\u00f6, joka perustettiin vuonna 1885 ja on nyky\u00e4\u00e4n yksi maailman suurimmista varustamoista.<\/p>\n<p>On toinenkin Crystal Symphonyn sisaralus, Crystal Harmony, joka kuului Crystal Cruises -laivastoon kes\u00e4kuusta 1990 helmikuuhun 2006. Vuonna 2006 t\u00e4m\u00e4 risteilyalus luovutettiin emoyhti\u00f6lle ja on siit\u00e4 l\u00e4htien purjehtinut nimell\u00e4 Asuka 2 varustamo Asuka Cruisesin kanssa. Matkastasi riippuen voit menn\u00e4 Crystal Cruisesin kautta Kapkaupunkiin, Venetsiaan, Barcelonaan tai moniin muihin mahtaviin kohteisiin!<\/p>\n<p>&nbsp;<\/p>","protected":false},"excerpt":{"rendered":"<p>Crystal Cruises Fleet Sijainti Alukset, IMO-numerot, MMSI, Web-kamerat Miss\u00e4 Crystal Cruises Fleetin nykyinen sijainti on t\u00e4ll\u00e4 hetkell\u00e4? Toimita IMO MMSI Crystal Endeavour 9821873 Crystal Serenity 9243667 311536000 Crystal Symphony 9066667 309168000 Crystal Esprit 8705266 311000506 Crystal 2608 Crystal 77000 Crystal Bach 248308000 Crystal Mahler 248380000 Crystal Mozart 248309000 Tietoja Crystal Cruisesista\u2026&nbsp;<a href=\"https:\/\/ship-tracker.org\/fi\/crystal-cruises\/\" rel=\"bookmark\">Lue lis\u00e4\u00e4 \u00bb<span class=\"screen-reader-text\">Crystal risteilyt<\/span><\/a><\/p>","protected":false},"author":1,"featured_media":2099,"parent":0,"menu_order":0,"comment_status":"closed","ping_status":"closed","template":"","meta":{"neve_meta_sidebar":"","neve_meta_container":"","neve_meta_enable_content_width":"","neve_meta_content_width":0,"neve_meta_title_alignment":"","neve_meta_author_avatar":"","neve_post_elements_order":"","neve_meta_disable_header":"","neve_meta_disable_footer":"","neve_meta_disable_title":"","neve_meta_reading_time":"","footnotes":""},"class_list":["post-2089","page","type-page","status-publish","has-post-thumbnail","hentry"],"yoast_head":"<!-- This site is optimized with the Yoast SEO plugin v27.4 - https:\/\/yoast.com\/product\/yoast-seo-wordpress\/ -->\n<title>Track Crystal Cruises Fleet | Cruise Ships | Marine Vessel<\/title>\n<meta name=\"description\" content=\"Crystal Cruises Fleet Location | Current Positions of Crystal Cruises Ships, IMO numbers, MMSI, Webcam | Live Fleet Maps | Live Ship Tracker\" \/>\n<meta name=\"robots\" content=\"index, follow, max-snippet:-1, max-image-preview:large, max-video-preview:-1\" \/>\n<link rel=\"canonical\" href=\"https:\/\/ship-tracker.org\/fi\/crystal-cruises\/\" \/>\n<meta property=\"og:locale\" content=\"fi_FI\" \/>\n<meta property=\"og:type\" content=\"article\" \/>\n<meta property=\"og:title\" content=\"Track Crystal Cruises Fleet | Cruise Ships | Marine Vessel\" \/>\n<meta property=\"og:description\" content=\"Crystal Cruises Fleet Location | Current Positions of Crystal Cruises Ships, IMO numbers, MMSI, Webcam | Live Fleet Maps | Live Ship Tracker\" \/>\n<meta property=\"og:url\" content=\"https:\/\/ship-tracker.org\/fi\/crystal-cruises\/\" \/>\n<meta property=\"og:site_name\" content=\"Ship-tracker.org\" \/>\n<meta property=\"article:modified_time\" content=\"2022-10-27T14:00:42+00:00\" \/>\n<meta property=\"og:image\" content=\"https:\/\/ship-tracker.org\/wp-content\/uploads\/2020\/04\/17.jpg\" \/>\n\t<meta property=\"og:image:width\" content=\"800\" \/>\n\t<meta property=\"og:image:height\" content=\"600\" \/>\n\t<meta property=\"og:image:type\" content=\"image\/jpeg\" \/>\n<meta name=\"twitter:card\" content=\"summary_large_image\" \/>\n<meta name=\"twitter:label1\" content=\"Arvioitu lukuaika\" \/>\n\t<meta name=\"twitter:data1\" content=\"1 minuutti\" \/>\n<script type=\"application\/ld+json\" class=\"yoast-schema-graph\">{\"@context\":\"https:\\\/\\\/schema.org\",\"@graph\":[{\"@type\":\"WebPage\",\"@id\":\"https:\\\/\\\/ship-tracker.org\\\/crystal-cruises\\\/\",\"url\":\"https:\\\/\\\/ship-tracker.org\\\/crystal-cruises\\\/\",\"name\":\"Track Crystal Cruises Fleet | Cruise Ships | Marine Vessel\",\"isPartOf\":{\"@id\":\"https:\\\/\\\/ship-tracker.org\\\/#website\"},\"primaryImageOfPage\":{\"@id\":\"https:\\\/\\\/ship-tracker.org\\\/crystal-cruises\\\/#primaryimage\"},\"image\":{\"@id\":\"https:\\\/\\\/ship-tracker.org\\\/crystal-cruises\\\/#primaryimage\"},\"thumbnailUrl\":\"https:\\\/\\\/ship-tracker.org\\\/wp-content\\\/uploads\\\/2020\\\/04\\\/17.jpg\",\"datePublished\":\"2020-04-29T12:28:30+00:00\",\"dateModified\":\"2022-10-27T14:00:42+00:00\",\"description\":\"Crystal Cruises Fleet Location | Current Positions of Crystal Cruises Ships, IMO numbers, MMSI, Webcam | Live Fleet Maps | Live Ship Tracker\",\"breadcrumb\":{\"@id\":\"https:\\\/\\\/ship-tracker.org\\\/crystal-cruises\\\/#breadcrumb\"},\"inLanguage\":\"fi\",\"potentialAction\":[{\"@type\":\"ReadAction\",\"target\":[\"https:\\\/\\\/ship-tracker.org\\\/crystal-cruises\\\/\"]}]},{\"@type\":\"ImageObject\",\"inLanguage\":\"fi\",\"@id\":\"https:\\\/\\\/ship-tracker.org\\\/crystal-cruises\\\/#primaryimage\",\"url\":\"https:\\\/\\\/ship-tracker.org\\\/wp-content\\\/uploads\\\/2020\\\/04\\\/17.jpg\",\"contentUrl\":\"https:\\\/\\\/ship-tracker.org\\\/wp-content\\\/uploads\\\/2020\\\/04\\\/17.jpg\",\"width\":800,\"height\":600,\"caption\":\"Crystal Cruises\"},{\"@type\":\"BreadcrumbList\",\"@id\":\"https:\\\/\\\/ship-tracker.org\\\/crystal-cruises\\\/#breadcrumb\",\"itemListElement\":[{\"@type\":\"ListItem\",\"position\":1,\"name\":\"Startseite\",\"item\":\"https:\\\/\\\/ship-tracker.org\\\/\"},{\"@type\":\"ListItem\",\"position\":2,\"name\":\"Crystal Cruises\"}]},{\"@type\":\"WebSite\",\"@id\":\"https:\\\/\\\/ship-tracker.org\\\/#website\",\"url\":\"https:\\\/\\\/ship-tracker.org\\\/\",\"name\":\"Ship-tracker.org\",\"description\":\"\",\"potentialAction\":[{\"@type\":\"SearchAction\",\"target\":{\"@type\":\"EntryPoint\",\"urlTemplate\":\"https:\\\/\\\/ship-tracker.org\\\/?s={search_term_string}\"},\"query-input\":{\"@type\":\"PropertyValueSpecification\",\"valueRequired\":true,\"valueName\":\"search_term_string\"}}],\"inLanguage\":\"fi\"}]}<\/script>\n<!-- \/ Yoast SEO plugin. -->","yoast_head_json":{"title":"Track Crystal Cruises Fleet | Risteilyalukset | Meri-alus","description":"Crystal Cruises Fleet Sijainti | Crystal Cruises -alusten nykyiset sijainnit, IMO-numerot, MMSI, verkkokamera | Live-laivastokartat | Live Ship Tracker","robots":{"index":"index","follow":"follow","max-snippet":"max-snippet:-1","max-image-preview":"max-image-preview:large","max-video-preview":"max-video-preview:-1"},"canonical":"https:\/\/ship-tracker.org\/fi\/crystal-cruises\/","og_locale":"fi_FI","og_type":"article","og_title":"Track Crystal Cruises Fleet | Cruise Ships | Marine Vessel","og_description":"Crystal Cruises Fleet Location | Current Positions of Crystal Cruises Ships, IMO numbers, MMSI, Webcam | Live Fleet Maps | Live Ship Tracker","og_url":"https:\/\/ship-tracker.org\/fi\/crystal-cruises\/","og_site_name":"Ship-tracker.org","article_modified_time":"2022-10-27T14:00:42+00:00","og_image":[{"width":800,"height":600,"url":"https:\/\/ship-tracker.org\/wp-content\/uploads\/2020\/04\/17.jpg","type":"image\/jpeg"}],"twitter_card":"summary_large_image","twitter_misc":{"Arvioitu lukuaika":"1 minuutti"},"schema":{"@context":"https:\/\/schema.org","@graph":[{"@type":"WebPage","@id":"https:\/\/ship-tracker.org\/crystal-cruises\/","url":"https:\/\/ship-tracker.org\/crystal-cruises\/","name":"Track Crystal Cruises Fleet | Risteilyalukset | Meri-alus","isPartOf":{"@id":"https:\/\/ship-tracker.org\/#website"},"primaryImageOfPage":{"@id":"https:\/\/ship-tracker.org\/crystal-cruises\/#primaryimage"},"image":{"@id":"https:\/\/ship-tracker.org\/crystal-cruises\/#primaryimage"},"thumbnailUrl":"https:\/\/ship-tracker.org\/wp-content\/uploads\/2020\/04\/17.jpg","datePublished":"2020-04-29T12:28:30+00:00","dateModified":"2022-10-27T14:00:42+00:00","description":"Crystal Cruises Fleet Sijainti | Crystal Cruises -alusten nykyiset sijainnit, IMO-numerot, MMSI, verkkokamera | Live-laivastokartat | Live Ship Tracker","breadcrumb":{"@id":"https:\/\/ship-tracker.org\/crystal-cruises\/#breadcrumb"},"inLanguage":"fi","potentialAction":[{"@type":"ReadAction","target":["https:\/\/ship-tracker.org\/crystal-cruises\/"]}]},{"@type":"ImageObject","inLanguage":"fi","@id":"https:\/\/ship-tracker.org\/crystal-cruises\/#primaryimage","url":"https:\/\/ship-tracker.org\/wp-content\/uploads\/2020\/04\/17.jpg","contentUrl":"https:\/\/ship-tracker.org\/wp-content\/uploads\/2020\/04\/17.jpg","width":800,"height":600,"caption":"Crystal Cruises"},{"@type":"BreadcrumbList","@id":"https:\/\/ship-tracker.org\/crystal-cruises\/#breadcrumb","itemListElement":[{"@type":"ListItem","position":1,"name":"Startseite","item":"https:\/\/ship-tracker.org\/"},{"@type":"ListItem","position":2,"name":"Crystal Cruises"}]},{"@type":"WebSite","@id":"https:\/\/ship-tracker.org\/#website","url":"https:\/\/ship-tracker.org\/","name":"Ship-tracker.org","description":"","potentialAction":[{"@type":"SearchAction","target":{"@type":"EntryPoint","urlTemplate":"https:\/\/ship-tracker.org\/?s={search_term_string}"},"query-input":{"@type":"PropertyValueSpecification","valueRequired":true,"valueName":"search_term_string"}}],"inLanguage":"fi"}]}},"_links":{"self":[{"href":"https:\/\/ship-tracker.org\/fi\/wp-json\/wp\/v2\/pages\/2089","targetHints":{"allow":["GET"]}}],"collection":[{"href":"https:\/\/ship-tracker.org\/fi\/wp-json\/wp\/v2\/pages"}],"about":[{"href":"https:\/\/ship-tracker.org\/fi\/wp-json\/wp\/v2\/types\/page"}],"author":[{"embeddable":true,"href":"https:\/\/ship-tracker.org\/fi\/wp-json\/wp\/v2\/users\/1"}],"replies":[{"embeddable":true,"href":"https:\/\/ship-tracker.org\/fi\/wp-json\/wp\/v2\/comments?post=2089"}],"version-history":[{"count":5,"href":"https:\/\/ship-tracker.org\/fi\/wp-json\/wp\/v2\/pages\/2089\/revisions"}],"predecessor-version":[{"id":2477,"href":"https:\/\/ship-tracker.org\/fi\/wp-json\/wp\/v2\/pages\/2089\/revisions\/2477"}],"wp:featuredmedia":[{"embeddable":true,"href":"https:\/\/ship-tracker.org\/fi\/wp-json\/wp\/v2\/media\/2099"}],"wp:attachment":[{"href":"https:\/\/ship-tracker.org\/fi\/wp-json\/wp\/v2\/media?parent=2089"}],"curies":[{"name":"wp","href":"https:\/\/api.w.org\/{rel}","templated":true}]}}