{"id":2086,"date":"2020-04-29T14:39:32","date_gmt":"2020-04-29T12:39:32","guid":{"rendered":"https:\/\/ship-tracker.org\/?page_id=2086"},"modified":"2023-06-03T12:24:30","modified_gmt":"2023-06-03T10:24:30","slug":"msc-cruises","status":"publish","type":"page","link":"https:\/\/ship-tracker.org\/fi\/msc-cruises\/","title":{"rendered":"MSC risteilyt"},"content":{"rendered":"<h2>MSC Cruises Fleet Location Alukset, IMO-numerot, MMSI, verkkokamerat<\/h2>\n<p>Miss\u00e4 MSC Cruises Fleetin nykyinen sijainti on t\u00e4ll\u00e4 hetkell\u00e4?<\/p>\n<table style=\"border-collapse: collapse; width: 100%; height: 504px;\">\n<tbody>\n<tr style=\"height: 24px;\">\n<td style=\"width: 33.3333%; height: 24px;\"><span style=\"color: #1f405b;\"><strong>Alus<\/strong><\/span><\/td>\n<td style=\"width: 33.3333%; height: 24px;\"><span style=\"color: #1f405b;\"><strong>IMO<\/strong><\/span><\/td>\n<td style=\"width: 33.3333%; height: 24px;\"><span style=\"color: #1f405b;\"><strong>MMSI<\/strong><\/span><\/td>\n<\/tr>\n<tr style=\"height: 24px;\">\n<td style=\"width: 33.3333%; height: 24px;\"><a href=\"https:\/\/ship-tracker.org\/fi\/msc-preziosa\/\">MSC Preziosa<\/a><\/td>\n<td style=\"width: 33.3333%; height: 24px;\">9595321<\/td>\n<td style=\"width: 33.3333%; height: 24px;\">371861000<\/td>\n<\/tr>\n<tr style=\"height: 24px;\">\n<td style=\"width: 33.3333%; height: 24px;\"><a href=\"https:\/\/ship-tracker.org\/fi\/msc-sinfonia\/\">MSC Sinfonia<\/a><\/td>\n<td style=\"width: 33.3333%; height: 24px;\">9210153<\/td>\n<td style=\"width: 33.3333%; height: 24px;\">356716000<\/td>\n<\/tr>\n<tr style=\"height: 24px;\">\n<td style=\"width: 33.3333%; height: 24px;\"><a href=\"https:\/\/ship-tracker.org\/fi\/msc-poesia\/\">MSC Poesia<\/a><\/td>\n<td style=\"width: 33.3333%; height: 24px;\">9387073<\/td>\n<td style=\"width: 33.3333%; height: 24px;\">355931000<\/td>\n<\/tr>\n<tr style=\"height: 24px;\">\n<td style=\"width: 33.3333%; height: 24px;\"><a href=\"https:\/\/ship-tracker.org\/fi\/msc-orchestra\/\">MSC Orkesteri<\/a><\/td>\n<td style=\"width: 33.3333%; height: 24px;\">9320099<\/td>\n<td style=\"width: 33.3333%; height: 24px;\">372497000<\/td>\n<\/tr>\n<tr style=\"height: 24px;\">\n<td style=\"width: 33.3333%; height: 24px;\"><a href=\"https:\/\/ship-tracker.org\/fi\/msc-opera\/\">MSC Opera<\/a><\/td>\n<td style=\"width: 33.3333%; height: 24px;\">9250464<\/td>\n<td style=\"width: 33.3333%; height: 24px;\">357627000<\/td>\n<\/tr>\n<tr style=\"height: 24px;\">\n<td style=\"width: 33.3333%; height: 24px;\"><a href=\"https:\/\/ship-tracker.org\/fi\/msc-musica\/\">MSC Musica<\/a><\/td>\n<td style=\"width: 33.3333%; height: 24px;\">9320087<\/td>\n<td style=\"width: 33.3333%; height: 24px;\">352003000<\/td>\n<\/tr>\n<tr style=\"height: 24px;\">\n<td style=\"width: 33.3333%; height: 24px;\"><a href=\"https:\/\/ship-tracker.org\/fi\/msc-magnifica\/\">MSC Magnifica<\/a><\/td>\n<td style=\"width: 33.3333%; height: 24px;\">9387085<\/td>\n<td style=\"width: 33.3333%; height: 24px;\">352594000<\/td>\n<\/tr>\n<tr style=\"height: 24px;\">\n<td style=\"width: 33.3333%; height: 24px;\"><a href=\"https:\/\/ship-tracker.org\/fi\/msc-lirica\/\">MSC Lirica<\/a><\/td>\n<td style=\"width: 33.3333%; height: 24px;\">9246102<\/td>\n<td style=\"width: 33.3333%; height: 24px;\">356042000<\/td>\n<\/tr>\n<tr class=\"alt\" style=\"height: 24px;\">\n<td style=\"width: 33.3333%; height: 24px;\"><a href=\"https:\/\/ship-tracker.org\/fi\/msc-fantasia\/\">MSC Fantasia<\/a><\/td>\n<td style=\"width: 33.3333%; height: 24px;\">9359791<\/td>\n<td style=\"width: 33.3333%; height: 24px;\">370648000<\/td>\n<\/tr>\n<tr style=\"height: 24px;\">\n<td style=\"width: 33.3333%; height: 24px;\"><a href=\"https:\/\/ship-tracker.org\/fi\/msc-divina\/\">MSC Divina<\/a><\/td>\n<td style=\"width: 33.3333%; height: 24px;\">9585285<\/td>\n<td style=\"width: 33.3333%; height: 24px;\">373178000<\/td>\n<\/tr>\n<tr style=\"height: 24px;\">\n<td style=\"width: 33.3333%; height: 24px;\"><a href=\"https:\/\/ship-tracker.org\/fi\/msc-armonia\/\">MSC Armonia<\/a><\/td>\n<td style=\"width: 33.3333%; height: 24px;\">9210141<\/td>\n<td style=\"width: 33.3333%; height: 24px;\">357281000<\/td>\n<\/tr>\n<tr style=\"height: 24px;\">\n<td style=\"width: 33.3333%; height: 24px;\"><a href=\"https:\/\/ship-tracker.org\/fi\/msc-splendida\/\">MSC Splendida<\/a><\/td>\n<td style=\"width: 33.3333%; height: 24px;\">9359806<\/td>\n<td style=\"width: 33.3333%; height: 24px;\">357698000<\/td>\n<\/tr>\n<tr class=\"alt\" style=\"height: 24px;\">\n<td style=\"width: 33.3333%; height: 24px;\"><a href=\"https:\/\/ship-tracker.org\/fi\/msc-meraviglia\/\">MSC Meraviglia<\/a><\/td>\n<td style=\"width: 33.3333%; height: 24px;\">9760512<\/td>\n<td style=\"width: 33.3333%; height: 24px;\">249973000<\/td>\n<\/tr>\n<tr style=\"height: 24px;\">\n<td style=\"width: 33.3333%; height: 24px;\"><a href=\"https:\/\/ship-tracker.org\/fi\/msc-seaview\/\">MSC Seaview<\/a><\/td>\n<td style=\"width: 33.3333%; height: 24px;\">9745378<\/td>\n<td style=\"width: 33.3333%; height: 24px;\">248717000<\/td>\n<\/tr>\n<tr style=\"height: 24px;\">\n<td style=\"width: 33.3333%; height: 24px;\"><a href=\"https:\/\/ship-tracker.org\/fi\/msc-seaside\/\">MSC Seaside<\/a><\/td>\n<td style=\"width: 33.3333%; height: 24px;\">9745366<\/td>\n<td style=\"width: 33.3333%; height: 24px;\">248392000<\/td>\n<\/tr>\n<tr style=\"height: 24px;\">\n<td style=\"width: 33.3333%; height: 24px;\"><a href=\"https:\/\/ship-tracker.org\/fi\/msc-bellissima\/\">MSC Bellissima<\/a><\/td>\n<td style=\"width: 33.3333%; height: 24px;\">9760524<\/td>\n<td style=\"width: 33.3333%; height: 24px;\">248992000<\/td>\n<\/tr>\n<tr style=\"height: 24px;\">\n<td style=\"width: 33.3333%; height: 24px;\"><a href=\"https:\/\/ship-tracker.org\/fi\/msc-grandiosa\/\">MSC Grandiosa<\/a><\/td>\n<td style=\"width: 33.3333%; height: 24px;\">9803613<\/td>\n<td style=\"width: 33.3333%; height: 24px;\">215325000<\/td>\n<\/tr>\n<tr style=\"height: 24px;\">\n<td style=\"width: 33.3333%; height: 24px;\"><a href=\"https:\/\/ship-tracker.org\/fi\/msc-virtuosa\/\">MSC Virtuosa<\/a><\/td>\n<td style=\"width: 33.3333%; height: 24px;\">9803625<\/td>\n<td style=\"width: 33.3333%; height: 24px;\">215610000<\/td>\n<\/tr>\n<tr style=\"height: 24px;\">\n<td style=\"width: 33.3333%; height: 24px;\"><a href=\"https:\/\/ship-tracker.org\/fi\/msc-seashore\/\">MSC Seashore<\/a><\/td>\n<td style=\"width: 33.3333%; height: 24px;\">9843792<\/td>\n<td style=\"width: 33.3333%; height: 24px;\">215920000<\/td>\n<\/tr>\n<tr>\n<td style=\"width: 33.3333%;\"><a href=\"https:\/\/ship-tracker.org\/fi\/msc-seascape\/\">MSC Seascape<\/a><\/td>\n<td style=\"width: 33.3333%;\">9843807<\/td>\n<td style=\"width: 33.3333%;\">247474400<\/td>\n<\/tr>\n<tr style=\"height: 24px;\">\n<td style=\"width: 33.3333%; height: 24px;\"><a href=\"https:\/\/ship-tracker.org\/fi\/msc-europa\/\">MSC World Europa<\/a><\/td>\n<td style=\"width: 33.3333%; height: 24px;\">9837420<\/td>\n<td style=\"width: 33.3333%; height: 24px;\">256070000<\/td>\n<\/tr>\n<tr>\n<td style=\"width: 33.3333%;\"><a href=\"https:\/\/ship-tracker.org\/fi\/msc-euribia\/\">MSC Euribia<\/a><\/td>\n<td style=\"width: 33.3333%;\">9901544<\/td>\n<td style=\"width: 33.3333%;\">256281000<\/td>\n<\/tr>\n<tr>\n<td style=\"width: 33.3333%;\">MSC World America<\/td>\n<td style=\"width: 33.3333%;\">2025<\/td>\n<td style=\"width: 33.3333%;\"><\/td>\n<\/tr>\n<\/tbody>\n<\/table>\n<h2>Tietoja MSC Cruisesista<\/h2>\n<p>MSC Cruises tarkoittaa hauskaa ja nautintoa. Luksusristeilymme ovat 5 t\u00e4hden hotelleja veden p\u00e4\u00e4ll\u00e4 ja paras tapa vierailla useissa halutuissa kohteissa ja p\u00e4\u00e4st\u00e4 sinne mukavasti ja tyylikk\u00e4\u00e4sti. MSC Cruisesista on tullut V\u00e4limeren risteilymarkkinoiden johtaja. Ainutlaatuisen laivastorakenteen ansiosta meill\u00e4 on nyt yksi maailman moderneimmista laivastoista. Viime vuosien merkitt\u00e4v\u00e4n kasvun mukaisesti MSC Cruises on vakiinnuttanut johtavan aseman V\u00e4limerell\u00e4, Etel\u00e4-Afrikassa ja Brasiliassa. Yrityksemme on t\u00e4ysin eurooppalainen. Ty\u00f6llist\u00e4mme maailmanlaajuisesti 12 000 henkil\u00f6\u00e4 ja yhti\u00f6 on edustettuna 45 maassa.<\/p>\n<p>Nykyaikainen 11 aluksen laivasto kuljettaa 1,2 miljoonaa matkustajaa. MSC Cruises on l\u00e4sn\u00e4 V\u00e4limerell\u00e4 ymp\u00e4ri vuoden ja tarjoaa laajan valikoiman kausiluonteisia reittej\u00e4 Pohjois-Eurooppaan, Atlantille, Karibialle ja Antilleille, Etel\u00e4-Amerikkaan, Intian valtamerelle, Etel\u00e4- ja L\u00e4nsi-Afrikkaan sek\u00e4 Yhdistyneisiin arabiemiirikuntiin.<\/p>\n<p>Jokainen risteily on suunniteltu siten, ett\u00e4 voit kokea valitun m\u00e4\u00e4r\u00e4np\u00e4\u00e4n t\u00e4ydellisesti. Klassisen V\u00e4limeren historiallisista monumenteista Baltian maihin, Afrikan monimuotoisuudesta vapautuneisiin Karibian rytmeihin ja Etel\u00e4-Amerikan karnevaalien eksoottiseen tunnelmaan jokainen risteily on unohtumaton seikkailu. Voit nauttia unelmalomastasi kohtuuhintaan ja valita laajasta valikoimasta kohteita, kuten aurinkoiset Kreikan saaret, kauniit Norjan vuonot, turkoosi Karibianmeri ja paljon muuta. MSC Cruisesin avulla voit vierailla useissa kohteissa yhdell\u00e4 matkalla!<\/p>\n<p>Palvelun ja mukavuuden osalta MSC Cruises asettaa edelleen standardeja luksusristeilyille. T\u00e4m\u00e4n vahvistavat MSC Aurea Spa, ylellinen wellness-keskus ja MSC Yacht Club. Skydome-liukukatolla varustetussa Top Sail Lounge Barissa voit nauttia gastronomisista erikoisuuksista t\u00e4htien alla. Voit my\u00f6s hy\u00f6dynt\u00e4\u00e4 MSC Aurea Spata.<\/p>","protected":false},"excerpt":{"rendered":"<p>MSC Cruises Fleet Sijainti Alukset, IMO-numerot, MMSI, Web-kamerat Miss\u00e4 on MSC Cruises Fleetin nykyinen sijainti t\u00e4ll\u00e4 hetkell\u00e4? Laiva IMO MMSI MSC Preziosa 9595321 371861000 MSC Sinfonia 9210153 356716000 MSC Poesia 9387073 355931000 MSC Orchestra 9320099 MSC Orchestra 9320099 MSC Orchestra 9320099 3702497 Musiikki a 9320087 352003000 MSC Magnifica 9387085 352594000 MSC Lirica 9246102 356042000 MSC\u2026&nbsp;<a href=\"https:\/\/ship-tracker.org\/fi\/msc-cruises\/\" rel=\"bookmark\">Lue lis\u00e4\u00e4 \u00bb<span class=\"screen-reader-text\">MSC risteilyt<\/span><\/a><\/p>","protected":false},"author":1,"featured_media":2087,"parent":0,"menu_order":0,"comment_status":"closed","ping_status":"closed","template":"","meta":{"neve_meta_sidebar":"","neve_meta_container":"","neve_meta_enable_content_width":"","neve_meta_content_width":0,"neve_meta_title_alignment":"","neve_meta_author_avatar":"","neve_post_elements_order":"","neve_meta_disable_header":"","neve_meta_disable_footer":"","neve_meta_disable_title":"","neve_meta_reading_time":"","footnotes":""},"class_list":["post-2086","page","type-page","status-publish","has-post-thumbnail","hentry"],"yoast_head":"<!-- This site is optimized with the Yoast SEO plugin v27.4 - https:\/\/yoast.com\/product\/yoast-seo-wordpress\/ -->\n<title>Track MSC Cruises Fleet | Cruise Ships | Marine Vessel | Live Map<\/title>\n<meta name=\"description\" content=\"MSC Cruises Fleet Location | Current Positions of MSC Cruises Ships, IMO numbers, MMSI, Webcam | Live Fleet Maps | Live Ship Tracker\" \/>\n<meta name=\"robots\" content=\"index, follow, max-snippet:-1, max-image-preview:large, max-video-preview:-1\" \/>\n<link rel=\"canonical\" href=\"https:\/\/ship-tracker.org\/fi\/msc-cruises\/\" \/>\n<meta property=\"og:locale\" content=\"fi_FI\" \/>\n<meta property=\"og:type\" content=\"article\" \/>\n<meta property=\"og:title\" content=\"Track MSC Cruises Fleet | Cruise Ships | Marine Vessel | Live Map\" \/>\n<meta property=\"og:description\" content=\"MSC Cruises Fleet Location | Current Positions of MSC Cruises Ships, IMO numbers, MMSI, Webcam | Live Fleet Maps | Live Ship Tracker\" \/>\n<meta property=\"og:url\" content=\"https:\/\/ship-tracker.org\/fi\/msc-cruises\/\" \/>\n<meta property=\"og:site_name\" content=\"Ship-tracker.org\" \/>\n<meta property=\"article:modified_time\" content=\"2023-06-03T10:24:30+00:00\" \/>\n<meta property=\"og:image\" content=\"https:\/\/ship-tracker.org\/wp-content\/uploads\/2020\/04\/reederei-msc.jpg\" \/>\n\t<meta property=\"og:image:width\" content=\"325\" \/>\n\t<meta property=\"og:image:height\" content=\"245\" \/>\n\t<meta property=\"og:image:type\" content=\"image\/jpeg\" \/>\n<meta name=\"twitter:card\" content=\"summary_large_image\" \/>\n<meta name=\"twitter:label1\" content=\"Arvioitu lukuaika\" \/>\n\t<meta name=\"twitter:data1\" content=\"2 minuuttia\" \/>\n<script type=\"application\/ld+json\" class=\"yoast-schema-graph\">{\"@context\":\"https:\\\/\\\/schema.org\",\"@graph\":[{\"@type\":\"WebPage\",\"@id\":\"https:\\\/\\\/ship-tracker.org\\\/msc-cruises\\\/\",\"url\":\"https:\\\/\\\/ship-tracker.org\\\/msc-cruises\\\/\",\"name\":\"Track MSC Cruises Fleet | Cruise Ships | Marine Vessel | Live Map\",\"isPartOf\":{\"@id\":\"https:\\\/\\\/ship-tracker.org\\\/#website\"},\"primaryImageOfPage\":{\"@id\":\"https:\\\/\\\/ship-tracker.org\\\/msc-cruises\\\/#primaryimage\"},\"image\":{\"@id\":\"https:\\\/\\\/ship-tracker.org\\\/msc-cruises\\\/#primaryimage\"},\"thumbnailUrl\":\"https:\\\/\\\/ship-tracker.org\\\/wp-content\\\/uploads\\\/2020\\\/04\\\/reederei-msc.jpg\",\"datePublished\":\"2020-04-29T12:39:32+00:00\",\"dateModified\":\"2023-06-03T10:24:30+00:00\",\"description\":\"MSC Cruises Fleet Location | Current Positions of MSC Cruises Ships, IMO numbers, MMSI, Webcam | Live Fleet Maps | Live Ship Tracker\",\"breadcrumb\":{\"@id\":\"https:\\\/\\\/ship-tracker.org\\\/msc-cruises\\\/#breadcrumb\"},\"inLanguage\":\"fi\",\"potentialAction\":[{\"@type\":\"ReadAction\",\"target\":[\"https:\\\/\\\/ship-tracker.org\\\/msc-cruises\\\/\"]}]},{\"@type\":\"ImageObject\",\"inLanguage\":\"fi\",\"@id\":\"https:\\\/\\\/ship-tracker.org\\\/msc-cruises\\\/#primaryimage\",\"url\":\"https:\\\/\\\/ship-tracker.org\\\/wp-content\\\/uploads\\\/2020\\\/04\\\/reederei-msc.jpg\",\"contentUrl\":\"https:\\\/\\\/ship-tracker.org\\\/wp-content\\\/uploads\\\/2020\\\/04\\\/reederei-msc.jpg\",\"width\":325,\"height\":245,\"caption\":\"MSC Cruises\"},{\"@type\":\"BreadcrumbList\",\"@id\":\"https:\\\/\\\/ship-tracker.org\\\/msc-cruises\\\/#breadcrumb\",\"itemListElement\":[{\"@type\":\"ListItem\",\"position\":1,\"name\":\"Startseite\",\"item\":\"https:\\\/\\\/ship-tracker.org\\\/\"},{\"@type\":\"ListItem\",\"position\":2,\"name\":\"MSC Cruises\"}]},{\"@type\":\"WebSite\",\"@id\":\"https:\\\/\\\/ship-tracker.org\\\/#website\",\"url\":\"https:\\\/\\\/ship-tracker.org\\\/\",\"name\":\"Ship-tracker.org\",\"description\":\"\",\"potentialAction\":[{\"@type\":\"SearchAction\",\"target\":{\"@type\":\"EntryPoint\",\"urlTemplate\":\"https:\\\/\\\/ship-tracker.org\\\/?s={search_term_string}\"},\"query-input\":{\"@type\":\"PropertyValueSpecification\",\"valueRequired\":true,\"valueName\":\"search_term_string\"}}],\"inLanguage\":\"fi\"}]}<\/script>\n<!-- \/ Yoast SEO plugin. -->","yoast_head_json":{"title":"Seuraa MSC Cruises Fleet | Risteilyalukset | Merialus | Live-kartta","description":"MSC Cruises Fleet Sijainti | MSC Cruises -alusten nykyiset sijainnit, IMO-numerot, MMSI, verkkokamera | Live-laivastokartat | Live Ship Tracker","robots":{"index":"index","follow":"follow","max-snippet":"max-snippet:-1","max-image-preview":"max-image-preview:large","max-video-preview":"max-video-preview:-1"},"canonical":"https:\/\/ship-tracker.org\/fi\/msc-cruises\/","og_locale":"fi_FI","og_type":"article","og_title":"Track MSC Cruises Fleet | Cruise Ships | Marine Vessel | Live Map","og_description":"MSC Cruises Fleet Location | Current Positions of MSC Cruises Ships, IMO numbers, MMSI, Webcam | Live Fleet Maps | Live Ship Tracker","og_url":"https:\/\/ship-tracker.org\/fi\/msc-cruises\/","og_site_name":"Ship-tracker.org","article_modified_time":"2023-06-03T10:24:30+00:00","og_image":[{"width":325,"height":245,"url":"https:\/\/ship-tracker.org\/wp-content\/uploads\/2020\/04\/reederei-msc.jpg","type":"image\/jpeg"}],"twitter_card":"summary_large_image","twitter_misc":{"Arvioitu lukuaika":"2 minuuttia"},"schema":{"@context":"https:\/\/schema.org","@graph":[{"@type":"WebPage","@id":"https:\/\/ship-tracker.org\/msc-cruises\/","url":"https:\/\/ship-tracker.org\/msc-cruises\/","name":"Seuraa MSC Cruises Fleet | Risteilyalukset | Merialus | Live-kartta","isPartOf":{"@id":"https:\/\/ship-tracker.org\/#website"},"primaryImageOfPage":{"@id":"https:\/\/ship-tracker.org\/msc-cruises\/#primaryimage"},"image":{"@id":"https:\/\/ship-tracker.org\/msc-cruises\/#primaryimage"},"thumbnailUrl":"https:\/\/ship-tracker.org\/wp-content\/uploads\/2020\/04\/reederei-msc.jpg","datePublished":"2020-04-29T12:39:32+00:00","dateModified":"2023-06-03T10:24:30+00:00","description":"MSC Cruises Fleet Sijainti | MSC Cruises -alusten nykyiset sijainnit, IMO-numerot, MMSI, verkkokamera | Live-laivastokartat | Live Ship Tracker","breadcrumb":{"@id":"https:\/\/ship-tracker.org\/msc-cruises\/#breadcrumb"},"inLanguage":"fi","potentialAction":[{"@type":"ReadAction","target":["https:\/\/ship-tracker.org\/msc-cruises\/"]}]},{"@type":"ImageObject","inLanguage":"fi","@id":"https:\/\/ship-tracker.org\/msc-cruises\/#primaryimage","url":"https:\/\/ship-tracker.org\/wp-content\/uploads\/2020\/04\/reederei-msc.jpg","contentUrl":"https:\/\/ship-tracker.org\/wp-content\/uploads\/2020\/04\/reederei-msc.jpg","width":325,"height":245,"caption":"MSC Cruises"},{"@type":"BreadcrumbList","@id":"https:\/\/ship-tracker.org\/msc-cruises\/#breadcrumb","itemListElement":[{"@type":"ListItem","position":1,"name":"Startseite","item":"https:\/\/ship-tracker.org\/"},{"@type":"ListItem","position":2,"name":"MSC Cruises"}]},{"@type":"WebSite","@id":"https:\/\/ship-tracker.org\/#website","url":"https:\/\/ship-tracker.org\/","name":"Ship-tracker.org","description":"","potentialAction":[{"@type":"SearchAction","target":{"@type":"EntryPoint","urlTemplate":"https:\/\/ship-tracker.org\/?s={search_term_string}"},"query-input":{"@type":"PropertyValueSpecification","valueRequired":true,"valueName":"search_term_string"}}],"inLanguage":"fi"}]}},"_links":{"self":[{"href":"https:\/\/ship-tracker.org\/fi\/wp-json\/wp\/v2\/pages\/2086","targetHints":{"allow":["GET"]}}],"collection":[{"href":"https:\/\/ship-tracker.org\/fi\/wp-json\/wp\/v2\/pages"}],"about":[{"href":"https:\/\/ship-tracker.org\/fi\/wp-json\/wp\/v2\/types\/page"}],"author":[{"embeddable":true,"href":"https:\/\/ship-tracker.org\/fi\/wp-json\/wp\/v2\/users\/1"}],"replies":[{"embeddable":true,"href":"https:\/\/ship-tracker.org\/fi\/wp-json\/wp\/v2\/comments?post=2086"}],"version-history":[{"count":9,"href":"https:\/\/ship-tracker.org\/fi\/wp-json\/wp\/v2\/pages\/2086\/revisions"}],"predecessor-version":[{"id":3572,"href":"https:\/\/ship-tracker.org\/fi\/wp-json\/wp\/v2\/pages\/2086\/revisions\/3572"}],"wp:featuredmedia":[{"embeddable":true,"href":"https:\/\/ship-tracker.org\/fi\/wp-json\/wp\/v2\/media\/2087"}],"wp:attachment":[{"href":"https:\/\/ship-tracker.org\/fi\/wp-json\/wp\/v2\/media?parent=2086"}],"curies":[{"name":"wp","href":"https:\/\/api.w.org\/{rel}","templated":true}]}}