{"id":2081,"date":"2020-04-29T14:37:25","date_gmt":"2020-04-29T12:37:25","guid":{"rendered":"https:\/\/ship-tracker.org\/?page_id=2081"},"modified":"2022-10-27T16:00:06","modified_gmt":"2022-10-27T14:00:06","slug":"costa-cruises","status":"publish","type":"page","link":"https:\/\/ship-tracker.org\/fi\/costa-cruises\/","title":{"rendered":"Costa risteilyt"},"content":{"rendered":"<h2>Costa Cruises -laivaston sijaintialukset, IMO-numerot, MMSI, verkkokamerat<\/h2>\n<p>Miss\u00e4 Costa Cruises Fleetin nykyinen sijainti on t\u00e4ll\u00e4 hetkell\u00e4?<\/p>\n<table style=\"border-collapse: collapse; width: 100%; height: 480px;\">\n<tbody>\n<tr style=\"height: 24px;\">\n<td style=\"width: 33.3333%; height: 24px;\"><span style=\"color: #1f405b;\"><strong>Alus<\/strong><\/span><\/td>\n<td style=\"width: 33.3333%; height: 24px;\"><span style=\"color: #1f405b;\"><strong>IMO<\/strong><\/span><\/td>\n<td style=\"width: 33.3333%; height: 24px;\"><span style=\"color: #1f405b;\"><strong>MMSI<\/strong><\/span><\/td>\n<\/tr>\n<tr style=\"height: 24px;\">\n<td style=\"width: 33.3333%; height: 24px;\"><a href=\"https:\/\/ship-tracker.org\/fi\/costa-deliziosa\/\">Costa Deliziosa<\/a><\/td>\n<td style=\"width: 33.3333%; height: 24px;\">9398917<\/td>\n<td style=\"width: 33.3333%; height: 24px;\">247282900<\/td>\n<\/tr>\n<tr style=\"height: 24px;\">\n<td style=\"width: 33.3333%; height: 24px;\"><a href=\"https:\/\/ship-tracker.org\/fi\/costa-diadema\/\">Costa Diadema<\/a><\/td>\n<td style=\"width: 33.3333%; height: 24px;\">9636888<\/td>\n<td style=\"width: 33.3333%; height: 24px;\">247353700<\/td>\n<\/tr>\n<tr style=\"height: 24px;\">\n<td style=\"width: 33.3333%; height: 24px;\"><a href=\"https:\/\/ship-tracker.org\/fi\/costa-fascinosa\/\">Costa Fascinosa<\/a><\/td>\n<td style=\"width: 33.3333%; height: 24px;\">9479864<\/td>\n<td style=\"width: 33.3333%; height: 24px;\">247313500<\/td>\n<\/tr>\n<tr style=\"height: 24px;\">\n<td style=\"width: 33.3333%; height: 24px;\"><a href=\"https:\/\/ship-tracker.org\/fi\/costa-favolosa\/\">Costa Favolosa<\/a><\/td>\n<td style=\"width: 33.3333%; height: 24px;\">9479852<\/td>\n<td style=\"width: 33.3333%; height: 24px;\">247311100<\/td>\n<\/tr>\n<tr style=\"height: 24px;\">\n<td style=\"width: 33.3333%; height: 24px;\"><a href=\"https:\/\/ship-tracker.org\/fi\/costa-fortuna\/\">Costa Fortuna<\/a><\/td>\n<td style=\"width: 33.3333%; height: 24px;\">9239783<\/td>\n<td style=\"width: 33.3333%; height: 24px;\">247094800<\/td>\n<\/tr>\n<tr style=\"height: 24px;\">\n<td style=\"width: 33.3333%; height: 24px;\"><a href=\"https:\/\/ship-tracker.org\/fi\/costa-luminosa\/\">Costa Luminosa<\/a><\/td>\n<td style=\"width: 33.3333%; height: 24px;\">9172777<\/td>\n<td style=\"width: 33.3333%; height: 24px;\">247325300<\/td>\n<\/tr>\n<tr style=\"height: 24px;\">\n<td style=\"width: 33.3333%; height: 24px;\"><a href=\"https:\/\/ship-tracker.org\/fi\/costa-magica\/\">Costa Magica<\/a><\/td>\n<td style=\"width: 33.3333%; height: 24px;\">9239795<\/td>\n<td style=\"width: 33.3333%; height: 24px;\">247113300<\/td>\n<\/tr>\n<tr class=\"alt\" style=\"height: 24px;\">\n<td style=\"width: 33.3333%; height: 24px;\"><a href=\"https:\/\/ship-tracker.org\/fi\/costa-mediterranea\/\">Costa Mediterranea<\/a><\/td>\n<td style=\"width: 33.3333%; height: 24px;\">9237345<\/td>\n<td style=\"width: 33.3333%; height: 24px;\">247088200<\/td>\n<\/tr>\n<tr style=\"height: 24px;\">\n<td style=\"width: 33.3333%; height: 24px;\"><a href=\"https:\/\/ship-tracker.org\/fi\/costa-pacifica\/\">Costa Pacifica<\/a><\/td>\n<td style=\"width: 33.3333%; height: 24px;\">9378498<\/td>\n<td style=\"width: 33.3333%; height: 24px;\">247258100<\/td>\n<\/tr>\n<tr style=\"height: 24px;\">\n<td style=\"width: 33.3333%; height: 24px;\"><a href=\"https:\/\/ship-tracker.org\/fi\/costa-serena\/\">Costa Serena<\/a><\/td>\n<td style=\"width: 33.3333%; height: 24px;\">9343132<\/td>\n<td style=\"width: 33.3333%; height: 24px;\">247187600<\/td>\n<\/tr>\n<tr style=\"height: 24px;\">\n<td style=\"width: 33.3333%; height: 24px;\"><a href=\"https:\/\/ship-tracker.org\/fi\/costa-smeralda\/\">Costa Smeralda<\/a><\/td>\n<td style=\"width: 33.3333%; height: 24px;\">9781889<\/td>\n<td style=\"width: 33.3333%; height: 24px;\">247391900<\/td>\n<\/tr>\n<tr style=\"height: 24px;\">\n<td style=\"width: 33.3333%; height: 24px;\"><a href=\"https:\/\/ship-tracker.org\/fi\/costa-venezia\/\">Costa Venezia<\/a><\/td>\n<td style=\"width: 33.3333%; height: 24px;\">9801689<\/td>\n<td style=\"width: 33.3333%; height: 24px;\">247391100<\/td>\n<\/tr>\n<tr style=\"height: 24px;\">\n<td style=\"width: 33.3333%; height: 24px;\"><a href=\"https:\/\/ship-tracker.org\/fi\/costa-firenze\/\">Costa Firenze<\/a><\/td>\n<td style=\"width: 33.3333%; height: 24px;\">9801691<\/td>\n<td style=\"width: 33.3333%; height: 24px;\">247431800<\/td>\n<\/tr>\n<tr style=\"height: 24px;\">\n<td style=\"width: 33.3333%; height: 24px;\"><a href=\"https:\/\/ship-tracker.org\/fi\/costa-toscana\/\">Costa Toscana<\/a><\/td>\n<td style=\"width: 33.3333%; height: 24px;\">9781891<\/td>\n<td style=\"width: 33.3333%; height: 24px;\">247431200<\/td>\n<\/tr>\n<\/tbody>\n<\/table>\n<h2>Tietoja Costa Cruisesista<\/h2>\n<p>Costa Crociere on Euroopan suurin risteilyyhti\u00f6 ja tarjoaa laajan valikoiman risteilyj\u00e4 ja erilaisia ohjelmia. Jokaisessa veneess\u00e4 yhdistyv\u00e4t mukavuus, hauskuus ja nautinto erehtym\u00e4tt\u00f6m\u00e4ll\u00e4 italialaisella tavalla. Siit\u00e4 hetkest\u00e4 l\u00e4htien, kun astut alukseen, huomaat, ett\u00e4 risteily Costa Crocieren kanssa on unohtumaton.<\/p>\n<p>Jokainen Costa-risteily tarjoaa niin paljon erilaisia sis\u00e4lt\u00f6j\u00e4 ja nautintoja. Sinun ei tarvitse edes poistua laivalta, sill\u00e4 laivalta l\u00f6ytyy my\u00f6s erilaisia aktiviteetteja jokaiseen tunnelmaan ja makuun. Costan moderneissa laivoissa on kaikki mit\u00e4 tarvitset all-inclusive-lomaan. Kaiken eri makuun ja el\u00e4m\u00e4ntyyliin sopivan toiminnan vuoksi emme voi puhua tyypillisest\u00e4 risteilyaluksesta. Yst\u00e4v\u00e4llinen ja p\u00e4tev\u00e4 toimistohenkil\u00f6kuntamme auttaa sinua aina risteilyn valinnassa.<\/p>\n<p>Purjehdi unelmiesi matkalle! Suurin valikoima yksil\u00f6- ja ryhm\u00e4risteilyj\u00e4 luksusaluksille Euroopassa, V\u00e4limerell\u00e4, Aasiassa, Karibialla ja Alaskassa hemmottelee sinua mukavuudella ja glamourilla sek\u00e4 erilaisilla aktiviteetteilla. Costa Cruise -risteily sis\u00e4lt\u00e4\u00e4 kaikki ateriat, veneilytoiminnot, viihteen ja risteilyt kohteiden v\u00e4lill\u00e4. T\u00e4llaiset risteilyt ovat eritt\u00e4in miellytt\u00e4v\u00e4 tapa matkustaa, sill\u00e4 sinun ei tarvitse mietti\u00e4, p\u00e4\u00e4setk\u00f6 seuraavalle lennolle seuraavaan kohteeseen. Tulet huomaamaan, ett\u00e4 laivamme ovat kelluvia lomakohteita, jotka tarjoavat korkeimman mukavuuden ja kaiken mit\u00e4 voit kuvitella. Siksi ei ole ihme, ett\u00e4 yh\u00e4 useammat ihmiset valitsevat risteilyt lomalleen.<\/p>\n<p>Lis\u00e4ksi risteilyill\u00e4mme on eniten tyytyv\u00e4isi\u00e4 matkustajia muihin matkustustyyppeihin verrattuna. Risteile Costa Crocieren kanssa aurinkoisesta id\u00e4st\u00e4 aurinkoiseen l\u00e4nteen ja tutustu moniin eri kohteisiin. Tai yksinkertaisesti rentoutua jollain veneen kannella ja nauttia auringosta ja meren tuoksusta. Yksi asia on varma: Costa Crocieren kanssa et koskaan kyll\u00e4sty. Enemm\u00e4n kuin koskaan ennen matkustajat l\u00f6yt\u00e4v\u00e4t risteilyjen edut ja nautinnot parhaalla vastineella rahalle.<\/p>","protected":false},"excerpt":{"rendered":"<p>Costa Cruises Fleet Sijainti Alukset, IMO-numerot, MMSI, Web-kamerat Miss\u00e4 Costa Cruises Fleetin nykyinen sijainti on t\u00e4ll\u00e4 hetkell\u00e4? Laiva IMO MMSI Costa Deliziosa 9398917 247282900 Costa Diadema 9636888 247353700 Costa Fascinosa 9479864 247313500 Costa Favolosa 9479852 tonnikala 9479852 24073888 Costa Luminosa 9172777 247325300 Costa Magica 9239795 247113300 Costa Mediterranea 9237345 247088200 Costa Pacifica\u2026&nbsp;<a href=\"https:\/\/ship-tracker.org\/fi\/costa-cruises\/\" rel=\"bookmark\">Lue lis\u00e4\u00e4 \u00bb<span class=\"screen-reader-text\">Costa risteilyt<\/span><\/a><\/p>","protected":false},"author":1,"featured_media":2083,"parent":0,"menu_order":0,"comment_status":"closed","ping_status":"closed","template":"","meta":{"neve_meta_sidebar":"","neve_meta_container":"","neve_meta_enable_content_width":"","neve_meta_content_width":0,"neve_meta_title_alignment":"","neve_meta_author_avatar":"","neve_post_elements_order":"","neve_meta_disable_header":"","neve_meta_disable_footer":"","neve_meta_disable_title":"","neve_meta_reading_time":"","footnotes":""},"class_list":["post-2081","page","type-page","status-publish","has-post-thumbnail","hentry"],"yoast_head":"<!-- This site is optimized with the Yoast SEO plugin v26.9 - https:\/\/yoast.com\/product\/yoast-seo-wordpress\/ -->\n<title>Track Costa Cruises Fleet | Cruise Ships | Marine Vessel<\/title>\n<meta name=\"description\" content=\"Costa Cruises Fleet Location | Current Positions of Costa Cruises Ships, IMO numbers, MMSI, Webcam | Live Fleet Maps | Live Ship Tracker\" \/>\n<meta name=\"robots\" content=\"index, follow, max-snippet:-1, max-image-preview:large, max-video-preview:-1\" \/>\n<link rel=\"canonical\" href=\"https:\/\/ship-tracker.org\/fi\/costa-cruises\/\" \/>\n<meta property=\"og:locale\" content=\"fi_FI\" \/>\n<meta property=\"og:type\" content=\"article\" \/>\n<meta property=\"og:title\" content=\"Track Costa Cruises Fleet | Cruise Ships | Marine Vessel\" \/>\n<meta property=\"og:description\" content=\"Costa Cruises Fleet Location | Current Positions of Costa Cruises Ships, IMO numbers, MMSI, Webcam | Live Fleet Maps | Live Ship Tracker\" \/>\n<meta property=\"og:url\" content=\"https:\/\/ship-tracker.org\/fi\/costa-cruises\/\" \/>\n<meta property=\"og:site_name\" content=\"Ship-tracker.org\" \/>\n<meta property=\"article:modified_time\" content=\"2022-10-27T14:00:06+00:00\" \/>\n<meta property=\"og:image\" content=\"https:\/\/ship-tracker.org\/wp-content\/uploads\/2020\/04\/Costa_Logo4c_Positiv-1080x675-1.jpg\" \/>\n\t<meta property=\"og:image:width\" content=\"1080\" \/>\n\t<meta property=\"og:image:height\" content=\"675\" \/>\n\t<meta property=\"og:image:type\" content=\"image\/jpeg\" \/>\n<meta name=\"twitter:card\" content=\"summary_large_image\" \/>\n<meta name=\"twitter:label1\" content=\"Arvioitu lukuaika\" \/>\n\t<meta name=\"twitter:data1\" content=\"2 minuuttia\" \/>\n<script type=\"application\/ld+json\" class=\"yoast-schema-graph\">{\"@context\":\"https:\/\/schema.org\",\"@graph\":[{\"@type\":\"WebPage\",\"@id\":\"https:\/\/ship-tracker.org\/costa-cruises\/\",\"url\":\"https:\/\/ship-tracker.org\/costa-cruises\/\",\"name\":\"Track Costa Cruises Fleet | Cruise Ships | Marine Vessel\",\"isPartOf\":{\"@id\":\"https:\/\/ship-tracker.org\/#website\"},\"primaryImageOfPage\":{\"@id\":\"https:\/\/ship-tracker.org\/costa-cruises\/#primaryimage\"},\"image\":{\"@id\":\"https:\/\/ship-tracker.org\/costa-cruises\/#primaryimage\"},\"thumbnailUrl\":\"https:\/\/ship-tracker.org\/wp-content\/uploads\/2020\/04\/Costa_Logo4c_Positiv-1080x675-1.jpg\",\"datePublished\":\"2020-04-29T12:37:25+00:00\",\"dateModified\":\"2022-10-27T14:00:06+00:00\",\"description\":\"Costa Cruises Fleet Location | Current Positions of Costa Cruises Ships, IMO numbers, MMSI, Webcam | Live Fleet Maps | Live Ship Tracker\",\"breadcrumb\":{\"@id\":\"https:\/\/ship-tracker.org\/costa-cruises\/#breadcrumb\"},\"inLanguage\":\"fi\",\"potentialAction\":[{\"@type\":\"ReadAction\",\"target\":[\"https:\/\/ship-tracker.org\/costa-cruises\/\"]}]},{\"@type\":\"ImageObject\",\"inLanguage\":\"fi\",\"@id\":\"https:\/\/ship-tracker.org\/costa-cruises\/#primaryimage\",\"url\":\"https:\/\/ship-tracker.org\/wp-content\/uploads\/2020\/04\/Costa_Logo4c_Positiv-1080x675-1.jpg\",\"contentUrl\":\"https:\/\/ship-tracker.org\/wp-content\/uploads\/2020\/04\/Costa_Logo4c_Positiv-1080x675-1.jpg\",\"width\":1080,\"height\":675,\"caption\":\"Costa Cruises\"},{\"@type\":\"BreadcrumbList\",\"@id\":\"https:\/\/ship-tracker.org\/costa-cruises\/#breadcrumb\",\"itemListElement\":[{\"@type\":\"ListItem\",\"position\":1,\"name\":\"Startseite\",\"item\":\"https:\/\/ship-tracker.org\/\"},{\"@type\":\"ListItem\",\"position\":2,\"name\":\"Costa Cruises\"}]},{\"@type\":\"WebSite\",\"@id\":\"https:\/\/ship-tracker.org\/#website\",\"url\":\"https:\/\/ship-tracker.org\/\",\"name\":\"Ship-tracker.org\",\"description\":\"\",\"potentialAction\":[{\"@type\":\"SearchAction\",\"target\":{\"@type\":\"EntryPoint\",\"urlTemplate\":\"https:\/\/ship-tracker.org\/?s={search_term_string}\"},\"query-input\":{\"@type\":\"PropertyValueSpecification\",\"valueRequired\":true,\"valueName\":\"search_term_string\"}}],\"inLanguage\":\"fi\"}]}<\/script>\n<!-- \/ Yoast SEO plugin. -->","yoast_head_json":{"title":"Seuraa Costa Cruises -laivastoa | Risteilyalukset | Meri-alus","description":"Costa Cruises Fleet Sijainti | Costa Cruises -alusten nykyiset sijainnit, IMO-numerot, MMSI, verkkokamera | Live-laivastokartat | Live Ship Tracker","robots":{"index":"index","follow":"follow","max-snippet":"max-snippet:-1","max-image-preview":"max-image-preview:large","max-video-preview":"max-video-preview:-1"},"canonical":"https:\/\/ship-tracker.org\/fi\/costa-cruises\/","og_locale":"fi_FI","og_type":"article","og_title":"Track Costa Cruises Fleet | Cruise Ships | Marine Vessel","og_description":"Costa Cruises Fleet Location | Current Positions of Costa Cruises Ships, IMO numbers, MMSI, Webcam | Live Fleet Maps | Live Ship Tracker","og_url":"https:\/\/ship-tracker.org\/fi\/costa-cruises\/","og_site_name":"Ship-tracker.org","article_modified_time":"2022-10-27T14:00:06+00:00","og_image":[{"width":1080,"height":675,"url":"https:\/\/ship-tracker.org\/wp-content\/uploads\/2020\/04\/Costa_Logo4c_Positiv-1080x675-1.jpg","type":"image\/jpeg"}],"twitter_card":"summary_large_image","twitter_misc":{"Arvioitu lukuaika":"2 minuuttia"},"schema":{"@context":"https:\/\/schema.org","@graph":[{"@type":"WebPage","@id":"https:\/\/ship-tracker.org\/costa-cruises\/","url":"https:\/\/ship-tracker.org\/costa-cruises\/","name":"Seuraa Costa Cruises -laivastoa | Risteilyalukset | Meri-alus","isPartOf":{"@id":"https:\/\/ship-tracker.org\/#website"},"primaryImageOfPage":{"@id":"https:\/\/ship-tracker.org\/costa-cruises\/#primaryimage"},"image":{"@id":"https:\/\/ship-tracker.org\/costa-cruises\/#primaryimage"},"thumbnailUrl":"https:\/\/ship-tracker.org\/wp-content\/uploads\/2020\/04\/Costa_Logo4c_Positiv-1080x675-1.jpg","datePublished":"2020-04-29T12:37:25+00:00","dateModified":"2022-10-27T14:00:06+00:00","description":"Costa Cruises Fleet Sijainti | Costa Cruises -alusten nykyiset sijainnit, IMO-numerot, MMSI, verkkokamera | Live-laivastokartat | Live Ship Tracker","breadcrumb":{"@id":"https:\/\/ship-tracker.org\/costa-cruises\/#breadcrumb"},"inLanguage":"fi","potentialAction":[{"@type":"ReadAction","target":["https:\/\/ship-tracker.org\/costa-cruises\/"]}]},{"@type":"ImageObject","inLanguage":"fi","@id":"https:\/\/ship-tracker.org\/costa-cruises\/#primaryimage","url":"https:\/\/ship-tracker.org\/wp-content\/uploads\/2020\/04\/Costa_Logo4c_Positiv-1080x675-1.jpg","contentUrl":"https:\/\/ship-tracker.org\/wp-content\/uploads\/2020\/04\/Costa_Logo4c_Positiv-1080x675-1.jpg","width":1080,"height":675,"caption":"Costa Cruises"},{"@type":"BreadcrumbList","@id":"https:\/\/ship-tracker.org\/costa-cruises\/#breadcrumb","itemListElement":[{"@type":"ListItem","position":1,"name":"Startseite","item":"https:\/\/ship-tracker.org\/"},{"@type":"ListItem","position":2,"name":"Costa Cruises"}]},{"@type":"WebSite","@id":"https:\/\/ship-tracker.org\/#website","url":"https:\/\/ship-tracker.org\/","name":"Ship-tracker.org","description":"","potentialAction":[{"@type":"SearchAction","target":{"@type":"EntryPoint","urlTemplate":"https:\/\/ship-tracker.org\/?s={search_term_string}"},"query-input":{"@type":"PropertyValueSpecification","valueRequired":true,"valueName":"search_term_string"}}],"inLanguage":"fi"}]}},"_links":{"self":[{"href":"https:\/\/ship-tracker.org\/fi\/wp-json\/wp\/v2\/pages\/2081","targetHints":{"allow":["GET"]}}],"collection":[{"href":"https:\/\/ship-tracker.org\/fi\/wp-json\/wp\/v2\/pages"}],"about":[{"href":"https:\/\/ship-tracker.org\/fi\/wp-json\/wp\/v2\/types\/page"}],"author":[{"embeddable":true,"href":"https:\/\/ship-tracker.org\/fi\/wp-json\/wp\/v2\/users\/1"}],"replies":[{"embeddable":true,"href":"https:\/\/ship-tracker.org\/fi\/wp-json\/wp\/v2\/comments?post=2081"}],"version-history":[{"count":6,"href":"https:\/\/ship-tracker.org\/fi\/wp-json\/wp\/v2\/pages\/2081\/revisions"}],"predecessor-version":[{"id":3488,"href":"https:\/\/ship-tracker.org\/fi\/wp-json\/wp\/v2\/pages\/2081\/revisions\/3488"}],"wp:featuredmedia":[{"embeddable":true,"href":"https:\/\/ship-tracker.org\/fi\/wp-json\/wp\/v2\/media\/2083"}],"wp:attachment":[{"href":"https:\/\/ship-tracker.org\/fi\/wp-json\/wp\/v2\/media?parent=2081"}],"curies":[{"name":"wp","href":"https:\/\/api.w.org\/{rel}","templated":true}]}}