{"id":2075,"date":"2020-04-29T14:36:23","date_gmt":"2020-04-29T12:36:23","guid":{"rendered":"https:\/\/ship-tracker.org\/?page_id=2075"},"modified":"2021-11-08T21:44:48","modified_gmt":"2021-11-08T20:44:48","slug":"princes-cruises","status":"publish","type":"page","link":"https:\/\/ship-tracker.org\/fi\/princes-cruises\/","title":{"rendered":"Prinssien risteilyt"},"content":{"rendered":"<h2>Princes Cruises -laivaston sijainti Alukset, IMO-numerot, MMSI, verkkokamerat<\/h2>\n<p>Miss\u00e4 Princes Cruises Fleetin nykyinen sijainti on t\u00e4ll\u00e4 hetkell\u00e4?<\/p>\n<table style=\"border-collapse: collapse; width: 100%; height: 480px;\">\n<tbody>\n<tr style=\"height: 24px;\">\n<td style=\"width: 33.3333%; height: 24px;\"><span style=\"color: #1f405b;\"><strong>Alus<\/strong><\/span><\/td>\n<td style=\"width: 33.3333%; height: 24px;\"><span style=\"color: #1f405b;\"><strong>IMO<\/strong><\/span><\/td>\n<td style=\"width: 33.3333%; height: 24px;\"><span style=\"color: #1f405b;\"><strong>MMSI<\/strong><\/span><\/td>\n<\/tr>\n<tr style=\"height: 24px;\">\n<td style=\"width: 33.3333%; height: 24px;\"><a href=\"https:\/\/ship-tracker.org\/fi\/majestic-princess\/\">Majesteettinen prinsessa<\/a><\/td>\n<td style=\"width: 33.3333%; height: 24px;\">9614141<\/td>\n<td style=\"width: 33.3333%; height: 24px;\">232002990<\/td>\n<\/tr>\n<tr style=\"height: 24px;\">\n<td style=\"width: 33.3333%; height: 24px;\"><a href=\"https:\/\/ship-tracker.org\/fi\/regal-princess\/\">Kuningas prinsessa<\/a><\/td>\n<td style=\"width: 33.3333%; height: 24px;\">9584724<\/td>\n<td style=\"width: 33.3333%; height: 24px;\">310674000<\/td>\n<\/tr>\n<tr style=\"height: 24px;\">\n<td style=\"width: 33.3333%; height: 24px;\"><a href=\"https:\/\/ship-tracker.org\/fi\/royal-princess\/\">Kuninkaallinen prinsessa<\/a><\/td>\n<td style=\"width: 33.3333%; height: 24px;\">9584712<\/td>\n<td style=\"width: 33.3333%; height: 24px;\">310661000<\/td>\n<\/tr>\n<tr style=\"height: 24px;\">\n<td style=\"width: 33.3333%; height: 24px;\"><a href=\"https:\/\/ship-tracker.org\/fi\/ruby-princess\/\">Ruby prinsessa<\/a><\/td>\n<td style=\"width: 33.3333%; height: 24px;\">9378462<\/td>\n<td style=\"width: 33.3333%; height: 24px;\">310567000<\/td>\n<\/tr>\n<tr style=\"height: 24px;\">\n<td style=\"width: 33.3333%; height: 24px;\"><a href=\"https:\/\/ship-tracker.org\/fi\/emerald-princess\/\">Smaragdiprinsessa<\/a><\/td>\n<td style=\"width: 33.3333%; height: 24px;\">9333151<\/td>\n<td style=\"width: 33.3333%; height: 24px;\">310531000<\/td>\n<\/tr>\n<tr style=\"height: 24px;\">\n<td style=\"width: 33.3333%; height: 24px;\"><a href=\"https:\/\/ship-tracker.org\/fi\/crown-princess\/\">Kruununprinsessa<\/a><\/td>\n<td style=\"width: 33.3333%; height: 24px;\">9293399<\/td>\n<td style=\"width: 33.3333%; height: 24px;\">310500000<\/td>\n<\/tr>\n<tr style=\"height: 24px;\">\n<td style=\"width: 33.3333%; height: 24px;\"><a href=\"https:\/\/ship-tracker.org\/fi\/island-princess\/\">Saaren prinsessa<\/a><\/td>\n<td style=\"width: 33.3333%; height: 24px;\">9230402<\/td>\n<td style=\"width: 33.3333%; height: 24px;\">310384000<\/td>\n<\/tr>\n<tr style=\"height: 24px;\">\n<td style=\"width: 33.3333%; height: 24px;\"><a href=\"https:\/\/ship-tracker.org\/fi\/coral-princess\/\">Koralliprinsessa<\/a><\/td>\n<td style=\"width: 33.3333%; height: 24px;\">9229659<\/td>\n<td style=\"width: 33.3333%; height: 24px;\">310376000<\/td>\n<\/tr>\n<tr class=\"alt\" style=\"height: 24px;\">\n<td style=\"width: 33.3333%; height: 24px;\"><a href=\"https:\/\/ship-tracker.org\/fi\/diamond-princess\/\">Timanttiprinsessa<\/a><\/td>\n<td style=\"width: 33.3333%; height: 24px;\">9228198<\/td>\n<td style=\"width: 33.3333%; height: 24px;\">235103359<\/td>\n<\/tr>\n<tr style=\"height: 24px;\">\n<td style=\"width: 33.3333%; height: 24px;\"><a href=\"https:\/\/ship-tracker.org\/fi\/sapphire-princess\/\">Safiirin prinsessa<\/a><\/td>\n<td style=\"width: 33.3333%; height: 24px;\">9228186<\/td>\n<td style=\"width: 33.3333%; height: 24px;\">235103357<\/td>\n<\/tr>\n<tr style=\"height: 24px;\">\n<td style=\"width: 33.3333%; height: 24px;\"><a href=\"https:\/\/ship-tracker.org\/fi\/caribbean-princess\/\">Karibian prinsessa<\/a><\/td>\n<td style=\"width: 33.3333%; height: 24px;\">9215490<\/td>\n<td style=\"width: 33.3333%; height: 24px;\">310423000<\/td>\n<\/tr>\n<tr style=\"height: 24px;\">\n<td style=\"width: 33.3333%; height: 24px;\"><a href=\"https:\/\/ship-tracker.org\/fi\/star-princess\/\">T\u00e4htiprinsessa<\/a><\/td>\n<td style=\"width: 33.3333%; height: 24px;\">9192363<\/td>\n<td style=\"width: 33.3333%; height: 24px;\">310361000<\/td>\n<\/tr>\n<tr style=\"height: 24px;\">\n<td style=\"width: 33.3333%; height: 24px;\"><a href=\"https:\/\/ship-tracker.org\/fi\/golden-princess\/\">Kultainen Prinsessa<\/a><\/td>\n<td style=\"width: 33.3333%; height: 24px;\">9192351<\/td>\n<td style=\"width: 33.3333%; height: 24px;\">235113472<\/td>\n<\/tr>\n<tr style=\"height: 24px;\">\n<td style=\"width: 33.3333%; height: 24px;\"><a href=\"https:\/\/ship-tracker.org\/fi\/pacific-princess\/\">Tyynenmeren prinsessa<\/a><\/td>\n<td style=\"width: 33.3333%; height: 24px;\">9187887<\/td>\n<td style=\"width: 33.3333%; height: 24px;\">310504000<\/td>\n<\/tr>\n<tr style=\"height: 24px;\">\n<td style=\"width: 33.3333%; height: 24px;\"><a href=\"https:\/\/ship-tracker.org\/fi\/sea-princess\/\">Meri prinsessa<\/a><\/td>\n<td style=\"width: 33.3333%; height: 24px;\">9150913<\/td>\n<td style=\"width: 33.3333%; height: 24px;\">310465000<\/td>\n<\/tr>\n<tr style=\"height: 24px;\">\n<td style=\"width: 33.3333%; height: 24px;\"><a href=\"https:\/\/ship-tracker.org\/fi\/grand-princess\/\">Suuri prinsessa<\/a><\/td>\n<td style=\"width: 33.3333%; height: 24px;\">9104005<\/td>\n<td style=\"width: 33.3333%; height: 24px;\">310327000<\/td>\n<\/tr>\n<tr style=\"height: 24px;\">\n<td style=\"width: 33.3333%; height: 24px;\"><a href=\"https:\/\/ship-tracker.org\/fi\/sun-princess\/\">Aurinko prinsessa<\/a><\/td>\n<td style=\"width: 33.3333%; height: 24px;\">9000259<\/td>\n<td style=\"width: 33.3333%; height: 24px;\">310438000<\/td>\n<\/tr>\n<tr style=\"height: 24px;\">\n<td style=\"width: 33.3333%; height: 24px;\"><a href=\"https:\/\/ship-tracker.org\/fi\/sky-princess\/\">Taivaan prinsessa<\/a><\/td>\n<td style=\"width: 33.3333%; height: 24px;\">9802396<\/td>\n<td style=\"width: 33.3333%; height: 24px;\">310780000<\/td>\n<\/tr>\n<tr style=\"height: 24px;\">\n<td style=\"width: 33.3333%; height: 24px;\"><a href=\"https:\/\/ship-tracker.org\/fi\/enchanted-princess\/\">Lumottu prinsessa<\/a><\/td>\n<td style=\"width: 33.3333%; height: 24px;\">9807126<\/td>\n<td style=\"width: 33.3333%; height: 24px;\">247431900<\/td>\n<\/tr>\n<\/tbody>\n<\/table>\n<h2>Tietoja Princes Cruisesista<\/h2>\n<p>Princess Cruises tarjoaa risteilyj\u00e4 kaikilla maailman valtamerill\u00e4 18 ensiluokkaisella aluksella (mukaan lukien uusi Sky Princess). Viimeiset 2 miljoonaa matkustajaa nauttivat suurimmasta mukavuudesta ja poikkeuksellisesta ilmapiirist\u00e4. Princess-laivasto koostuu moderneista aluksista, joiden kapasiteetti on 680\u20133 660 vierasta ja jotka k\u00e4yv\u00e4t 380 satamassa seitsem\u00e4ll\u00e4 mantereella yli 170 eri reitill\u00e4.<\/p>\n<p>Sky Princessin neitsytmatka on suunniteltu lokakuulle 2019. Uusissa Sky Suitesissa on meren suurimmat parvekkeet. Kes\u00e4kuussa 2020 ja 2022 seuraavat kaksi viimeist\u00e4 kuninkaallisen luokan uudisrakennusta Enchanted Princessin ja viel\u00e4 nimett\u00f6m\u00e4n laivan kanssa.<\/p>\n<p>Lis\u00e4ksi sopimukset on tehty kahdesta uuteen laituriin perustuvasta yksik\u00f6st\u00e4, jotka tarjoavat tilaa noin 4 300 matkustajalle ja on varustettu nesteytetyn maakaasun (LNG) moottoreilla. Niiden on tarkoitus ottaa k\u00e4ytt\u00f6\u00f6n vuonna 2023 ja 2025. Princess Cruises lis\u00e4\u00e4 siis laivastoonsa viisi uutta alusta vain kuudessa vuodessa.<\/p>","protected":false},"excerpt":{"rendered":"<p>Princes Cruises Fleetin sijainti Alukset, IMO-numerot, MMSI, Web-kamerat Miss\u00e4 Princes Cruises Fleetin nykyinen sijainti on t\u00e4ll\u00e4 hetkell\u00e4? Ship IMO MMSI Majestic Princess 9614141 232002990 Regal Princess 9584724 310674000 Royal Princess 9584712 310661000 Ruby Princess 9378462 31056307 31056307 Kruununprinsessa 9293399 310500000 Island Princess 9230402 310384000 Coral Princess 9229659 310376000 Diamond\u2026&nbsp;<a href=\"https:\/\/ship-tracker.org\/fi\/princes-cruises\/\" rel=\"bookmark\">Lue lis\u00e4\u00e4 \u00bb<span class=\"screen-reader-text\">Prinssien risteilyt<\/span><\/a><\/p>","protected":false},"author":1,"featured_media":2076,"parent":0,"menu_order":0,"comment_status":"closed","ping_status":"closed","template":"","meta":{"neve_meta_sidebar":"","neve_meta_container":"","neve_meta_enable_content_width":"","neve_meta_content_width":0,"neve_meta_title_alignment":"","neve_meta_author_avatar":"","neve_post_elements_order":"","neve_meta_disable_header":"","neve_meta_disable_footer":"","neve_meta_disable_title":"","neve_meta_reading_time":"","footnotes":""},"class_list":["post-2075","page","type-page","status-publish","has-post-thumbnail","hentry"],"yoast_head":"<!-- This site is optimized with the Yoast SEO plugin v26.9 - https:\/\/yoast.com\/product\/yoast-seo-wordpress\/ -->\n<title>Track Princes Cruises Fleet | Cruise Ships | Marine Vessel<\/title>\n<meta name=\"description\" content=\"Princes Cruises Fleet Location | Current Positions of Princes Cruises Ships, IMO numbers, MMSI, Webcam | Live Fleet Maps | Live Ship Tracker\" \/>\n<meta name=\"robots\" content=\"index, follow, max-snippet:-1, max-image-preview:large, max-video-preview:-1\" \/>\n<link rel=\"canonical\" href=\"https:\/\/ship-tracker.org\/fi\/princes-cruises\/\" \/>\n<meta property=\"og:locale\" content=\"fi_FI\" \/>\n<meta property=\"og:type\" content=\"article\" \/>\n<meta property=\"og:title\" content=\"Track Princes Cruises Fleet | Cruise Ships | Marine Vessel\" \/>\n<meta property=\"og:description\" content=\"Princes Cruises Fleet Location | Current Positions of Princes Cruises Ships, IMO numbers, MMSI, Webcam | Live Fleet Maps | Live Ship Tracker\" \/>\n<meta property=\"og:url\" content=\"https:\/\/ship-tracker.org\/fi\/princes-cruises\/\" \/>\n<meta property=\"og:site_name\" content=\"Ship-tracker.org\" \/>\n<meta property=\"article:modified_time\" content=\"2021-11-08T20:44:48+00:00\" \/>\n<meta property=\"og:image\" content=\"https:\/\/ship-tracker.org\/wp-content\/uploads\/2020\/04\/cache_35623044.jpg\" \/>\n\t<meta property=\"og:image:width\" content=\"345\" \/>\n\t<meta property=\"og:image:height\" content=\"258\" \/>\n\t<meta property=\"og:image:type\" content=\"image\/jpeg\" \/>\n<meta name=\"twitter:card\" content=\"summary_large_image\" \/>\n<meta name=\"twitter:label1\" content=\"Arvioitu lukuaika\" \/>\n\t<meta name=\"twitter:data1\" content=\"1 minuutti\" \/>\n<script type=\"application\/ld+json\" class=\"yoast-schema-graph\">{\"@context\":\"https:\/\/schema.org\",\"@graph\":[{\"@type\":\"WebPage\",\"@id\":\"https:\/\/ship-tracker.org\/pt\/princes-cruises\/\",\"url\":\"https:\/\/ship-tracker.org\/pt\/princes-cruises\/\",\"name\":\"Track Princes Cruises Fleet | Cruise Ships | Marine Vessel\",\"isPartOf\":{\"@id\":\"https:\/\/ship-tracker.org\/#website\"},\"primaryImageOfPage\":{\"@id\":\"https:\/\/ship-tracker.org\/pt\/princes-cruises\/#primaryimage\"},\"image\":{\"@id\":\"https:\/\/ship-tracker.org\/pt\/princes-cruises\/#primaryimage\"},\"thumbnailUrl\":\"https:\/\/ship-tracker.org\/wp-content\/uploads\/2020\/04\/cache_35623044.jpg\",\"datePublished\":\"2020-04-29T12:36:23+00:00\",\"dateModified\":\"2021-11-08T20:44:48+00:00\",\"description\":\"Princes Cruises Fleet Location | Current Positions of Princes Cruises Ships, IMO numbers, MMSI, Webcam | Live Fleet Maps | Live Ship Tracker\",\"breadcrumb\":{\"@id\":\"https:\/\/ship-tracker.org\/pt\/princes-cruises\/#breadcrumb\"},\"inLanguage\":\"fi\",\"potentialAction\":[{\"@type\":\"ReadAction\",\"target\":[\"https:\/\/ship-tracker.org\/pt\/princes-cruises\/\"]}]},{\"@type\":\"ImageObject\",\"inLanguage\":\"fi\",\"@id\":\"https:\/\/ship-tracker.org\/pt\/princes-cruises\/#primaryimage\",\"url\":\"https:\/\/ship-tracker.org\/wp-content\/uploads\/2020\/04\/cache_35623044.jpg\",\"contentUrl\":\"https:\/\/ship-tracker.org\/wp-content\/uploads\/2020\/04\/cache_35623044.jpg\",\"width\":345,\"height\":258,\"caption\":\"Princes Cruises\"},{\"@type\":\"BreadcrumbList\",\"@id\":\"https:\/\/ship-tracker.org\/pt\/princes-cruises\/#breadcrumb\",\"itemListElement\":[{\"@type\":\"ListItem\",\"position\":1,\"name\":\"Startseite\",\"item\":\"https:\/\/ship-tracker.org\/\"},{\"@type\":\"ListItem\",\"position\":2,\"name\":\"Princes Cruises\"}]},{\"@type\":\"WebSite\",\"@id\":\"https:\/\/ship-tracker.org\/#website\",\"url\":\"https:\/\/ship-tracker.org\/\",\"name\":\"Ship-tracker.org\",\"description\":\"\",\"potentialAction\":[{\"@type\":\"SearchAction\",\"target\":{\"@type\":\"EntryPoint\",\"urlTemplate\":\"https:\/\/ship-tracker.org\/?s={search_term_string}\"},\"query-input\":{\"@type\":\"PropertyValueSpecification\",\"valueRequired\":true,\"valueName\":\"search_term_string\"}}],\"inLanguage\":\"fi\"}]}<\/script>\n<!-- \/ Yoast SEO plugin. -->","yoast_head_json":{"title":"Track Princes Cruises Fleet | Risteilyalukset | Meri-alus","description":"Princes Cruises Fleet Sijainti | Princes Cruises -alusten nykyiset sijainnit, IMO-numerot, MMSI, verkkokamera | Live-laivastokartat | Live Ship Tracker","robots":{"index":"index","follow":"follow","max-snippet":"max-snippet:-1","max-image-preview":"max-image-preview:large","max-video-preview":"max-video-preview:-1"},"canonical":"https:\/\/ship-tracker.org\/fi\/princes-cruises\/","og_locale":"fi_FI","og_type":"article","og_title":"Track Princes Cruises Fleet | Cruise Ships | Marine Vessel","og_description":"Princes Cruises Fleet Location | Current Positions of Princes Cruises Ships, IMO numbers, MMSI, Webcam | Live Fleet Maps | Live Ship Tracker","og_url":"https:\/\/ship-tracker.org\/fi\/princes-cruises\/","og_site_name":"Ship-tracker.org","article_modified_time":"2021-11-08T20:44:48+00:00","og_image":[{"width":345,"height":258,"url":"https:\/\/ship-tracker.org\/wp-content\/uploads\/2020\/04\/cache_35623044.jpg","type":"image\/jpeg"}],"twitter_card":"summary_large_image","twitter_misc":{"Arvioitu lukuaika":"1 minuutti"},"schema":{"@context":"https:\/\/schema.org","@graph":[{"@type":"WebPage","@id":"https:\/\/ship-tracker.org\/pt\/princes-cruises\/","url":"https:\/\/ship-tracker.org\/pt\/princes-cruises\/","name":"Track Princes Cruises Fleet | Risteilyalukset | Meri-alus","isPartOf":{"@id":"https:\/\/ship-tracker.org\/#website"},"primaryImageOfPage":{"@id":"https:\/\/ship-tracker.org\/pt\/princes-cruises\/#primaryimage"},"image":{"@id":"https:\/\/ship-tracker.org\/pt\/princes-cruises\/#primaryimage"},"thumbnailUrl":"https:\/\/ship-tracker.org\/wp-content\/uploads\/2020\/04\/cache_35623044.jpg","datePublished":"2020-04-29T12:36:23+00:00","dateModified":"2021-11-08T20:44:48+00:00","description":"Princes Cruises Fleet Sijainti | Princes Cruises -alusten nykyiset sijainnit, IMO-numerot, MMSI, verkkokamera | Live-laivastokartat | Live Ship Tracker","breadcrumb":{"@id":"https:\/\/ship-tracker.org\/pt\/princes-cruises\/#breadcrumb"},"inLanguage":"fi","potentialAction":[{"@type":"ReadAction","target":["https:\/\/ship-tracker.org\/pt\/princes-cruises\/"]}]},{"@type":"ImageObject","inLanguage":"fi","@id":"https:\/\/ship-tracker.org\/pt\/princes-cruises\/#primaryimage","url":"https:\/\/ship-tracker.org\/wp-content\/uploads\/2020\/04\/cache_35623044.jpg","contentUrl":"https:\/\/ship-tracker.org\/wp-content\/uploads\/2020\/04\/cache_35623044.jpg","width":345,"height":258,"caption":"Princes Cruises"},{"@type":"BreadcrumbList","@id":"https:\/\/ship-tracker.org\/pt\/princes-cruises\/#breadcrumb","itemListElement":[{"@type":"ListItem","position":1,"name":"Startseite","item":"https:\/\/ship-tracker.org\/"},{"@type":"ListItem","position":2,"name":"Princes Cruises"}]},{"@type":"WebSite","@id":"https:\/\/ship-tracker.org\/#website","url":"https:\/\/ship-tracker.org\/","name":"Ship-tracker.org","description":"","potentialAction":[{"@type":"SearchAction","target":{"@type":"EntryPoint","urlTemplate":"https:\/\/ship-tracker.org\/?s={search_term_string}"},"query-input":{"@type":"PropertyValueSpecification","valueRequired":true,"valueName":"search_term_string"}}],"inLanguage":"fi"}]}},"_links":{"self":[{"href":"https:\/\/ship-tracker.org\/fi\/wp-json\/wp\/v2\/pages\/2075","targetHints":{"allow":["GET"]}}],"collection":[{"href":"https:\/\/ship-tracker.org\/fi\/wp-json\/wp\/v2\/pages"}],"about":[{"href":"https:\/\/ship-tracker.org\/fi\/wp-json\/wp\/v2\/types\/page"}],"author":[{"embeddable":true,"href":"https:\/\/ship-tracker.org\/fi\/wp-json\/wp\/v2\/users\/1"}],"replies":[{"embeddable":true,"href":"https:\/\/ship-tracker.org\/fi\/wp-json\/wp\/v2\/comments?post=2075"}],"version-history":[{"count":5,"href":"https:\/\/ship-tracker.org\/fi\/wp-json\/wp\/v2\/pages\/2075\/revisions"}],"predecessor-version":[{"id":2459,"href":"https:\/\/ship-tracker.org\/fi\/wp-json\/wp\/v2\/pages\/2075\/revisions\/2459"}],"wp:featuredmedia":[{"embeddable":true,"href":"https:\/\/ship-tracker.org\/fi\/wp-json\/wp\/v2\/media\/2076"}],"wp:attachment":[{"href":"https:\/\/ship-tracker.org\/fi\/wp-json\/wp\/v2\/media?parent=2075"}],"curies":[{"name":"wp","href":"https:\/\/api.w.org\/{rel}","templated":true}]}}