{"id":1894,"date":"2020-02-17T13:43:21","date_gmt":"2020-02-17T12:43:21","guid":{"rendered":"https:\/\/ship-tracker.org\/?page_id=1894"},"modified":"2022-10-27T15:03:04","modified_gmt":"2022-10-27T13:03:04","slug":"ms-nieuw-statendam","status":"publish","type":"page","link":"https:\/\/ship-tracker.org\/fi\/ms-nieuw-statendam\/","title":{"rendered":"MS Nieuw Statendam"},"content":{"rendered":"<p><script async=\"\" src=\"https:\/\/pagead2.googlesyndication.com\/pagead\/js\/adsbygoogle.js\"><\/script><br \/>\n<!-- Ship-Tracker Display --><br \/>\n<ins class=\"adsbygoogle\" style=\"display: block;\" data-ad-client=\"ca-pub-1316785063791781\" data-ad-slot=\"8075999632\" data-ad-format=\"auto\" data-full-width-responsive=\"true\"><\/ins><br \/>\n<script>\n     (adsbygoogle = window.adsbygoogle || []).push({});\n<\/script><\/p>\n<h2><span style=\"color: #000000;\">Nykyinen sijainti ja <\/span><span style=\"color: #000000;\">MS Nieuw Statendamin asema<\/span><\/h2>\n<p>Miss\u00e4 MS Nieuw Statendamin nykyinen asema on t\u00e4ll\u00e4 hetkell\u00e4?<br \/>\n<script async=\"\" src=\"https:\/\/pagead2.googlesyndication.com\/pagead\/js\/adsbygoogle.js\"><\/script><br \/>\n<!-- Schip-Tracker Linkanzeigen --><br \/>\n<ins class=\"adsbygoogle\" style=\"display: block;\" data-ad-client=\"ca-pub-1316785063791781\" data-ad-slot=\"3429004156\" data-ad-format=\"link\" data-full-width-responsive=\"true\"><\/ins><br \/>\n<script>\n     (adsbygoogle = window.adsbygoogle || []).push({});\n<\/script><br \/>\n<script type=\"text\/javascript\">  var width=\"100%\";var height=\"400\";  var mmsi=244140580;<\/script><script type=\"text\/javascript\" src=\"https:\/\/www.vesselfinder.com\/aismap.js\"><\/script><\/p>\n<p><script async=\"\" src=\"https:\/\/pagead2.googlesyndication.com\/pagead\/js\/adsbygoogle.js\"><\/script><br \/>\n<!-- Ship-Tracker Display --><br \/>\n<ins class=\"adsbygoogle\" style=\"display: block;\" data-ad-client=\"ca-pub-1316785063791781\" data-ad-slot=\"8075999632\" data-ad-format=\"auto\" data-full-width-responsive=\"true\"><\/ins><br \/>\n<script>\n     (adsbygoogle = window.adsbygoogle || []).push({});\n<\/script><\/p>\n<p>N\u00e4yt\u00e4 MS Nieuw Statendam nykyinen sijainti. MS Nieuw Statendamin sijainti voidaan m\u00e4\u00e4ritt\u00e4\u00e4 tarkasti VesselFinderin ja MarineTrafficin karttojen avulla. Joten olet aina hyvin perill\u00e4, miss\u00e4 suosikkilaivasi on t\u00e4ll\u00e4 hetkell\u00e4.<\/p>\n<h2 class=\"title\"><span style=\"color: #000000;\">MS Nieuw Statendam ja tekniset tiedot<\/span><\/h2>\n<table style=\"height: 294px;\" width=\"400\">\n<tbody>\n<tr>\n<td style=\"width: 192px;\"><strong><span style=\"color: #000000;\">Valmistusvuosi<\/span><\/strong><\/td>\n<td style=\"width: 192px;\"><span style=\"color: #000000;\">2018<\/span><\/td>\n<\/tr>\n<tr>\n<td style=\"width: 192px;\"><strong><span style=\"color: #000000;\">Rakentaja<\/span><\/strong><\/td>\n<td style=\"width: 192px;\"><span style=\"color: #000000;\">Fincantieri<\/span><\/td>\n<\/tr>\n<tr>\n<td style=\"width: 192px;\"><strong><span style=\"color: #000000;\">Pituus<\/span><\/strong><\/td>\n<td style=\"width: 192px;\"><span style=\"color: #000000;\"><span class=\"specificationUnit\">297 m<\/span><br \/>\n<\/span><\/td>\n<\/tr>\n<tr>\n<td style=\"width: 192px;\"><strong><span style=\"color: #000000;\">S\u00e4de<\/span><\/strong><\/td>\n<td style=\"width: 192px;\"><span style=\"color: #000000;\">34 m<\/span><\/td>\n<\/tr>\n<tr>\n<td style=\"width: 192px;\"><strong><span style=\"color: #000000;\">Luokka<\/span><\/strong><\/td>\n<td style=\"width: 192px;\"><span style=\"color: #000000;\">Huippu<\/span><\/td>\n<\/tr>\n<tr>\n<td style=\"width: 192px;\"><strong><span style=\"color: #000000;\">Bruttovetoisuus<\/span><\/strong><\/td>\n<td style=\"width: 192px;\"><span style=\"color: #000000;\">99500<span class=\"specificationUnit\">\u00a0gt<\/span><\/span><\/td>\n<\/tr>\n<tr>\n<td style=\"width: 192px;\"><strong><span style=\"color: #000000;\">Matkustajat<\/span><\/strong><\/td>\n<td style=\"width: 192px;\"><span style=\"color: #000000;\">3200<\/span><\/td>\n<\/tr>\n<tr>\n<td style=\"width: 192px;\"><strong><span style=\"color: #000000;\">Miehist\u00f6<\/span><\/strong><\/td>\n<td style=\"width: 192px;\"><span style=\"color: #000000;\">1025<\/span><\/td>\n<\/tr>\n<tr>\n<td style=\"width: 192px;\"><strong><span style=\"color: #000000;\">Kannet\u00a0<\/span><\/strong><\/td>\n<td style=\"width: 192px;\"><span style=\"color: #000000;\">12<\/span><\/td>\n<\/tr>\n<tr>\n<td style=\"width: 192px;\"><strong><span style=\"color: #000000;\">M\u00f6kit<\/span><\/strong><\/td>\n<td style=\"width: 192px;\"><span style=\"color: #000000;\">1339<\/span><\/td>\n<\/tr>\n<tr>\n<td style=\"width: 192px;\"><span style=\"color: #000000;\"><strong><b>Omistaja<\/b><\/strong><\/span><\/td>\n<td style=\"width: 192px;\"><a href=\"https:\/\/ship-tracker.org\/fi\/holland-america-line\/\">Holland America Line<\/a><\/td>\n<\/tr>\n<\/tbody>\n<\/table>\n<p><img loading=\"lazy\" decoding=\"async\" class=\"aligncenter wp-image-382 size-full\" src=\"https:\/\/ship-tracker.org\/wp-content\/uploads\/2017\/09\/cruise-1419799_640.jpg\" alt=\"MS Nieuw Statendam\" width=\"640\" height=\"283\" srcset=\"https:\/\/ship-tracker.org\/wp-content\/uploads\/2017\/09\/cruise-1419799_640.jpg 640w, https:\/\/ship-tracker.org\/wp-content\/uploads\/2017\/09\/cruise-1419799_640-300x133.jpg 300w\" sizes=\"auto, (max-width: 640px) 100vw, 640px\" \/><\/p>\n<h3 class=\"title\">Holland America laivasto<\/h3>\n<ul>\n<li><a href=\"https:\/\/ship-tracker.org\/fi\/ms-nieuw-ryndam\/\">MS Nieuw Ryndam<\/a><\/li>\n<li><a href=\"https:\/\/ship-tracker.org\/fi\/ms-koningsdam\/\">MS Koningsdam<\/a><\/li>\n<li><a href=\"https:\/\/ship-tracker.org\/fi\/ms-nieuw-amsterdam\/\">MS Nieuw Amsterdam<\/a><\/li>\n<li><a href=\"https:\/\/ship-tracker.org\/fi\/ms-eurodam\/\">MS Eurodam<\/a><\/li>\n<li><a href=\"https:\/\/ship-tracker.org\/fi\/ms-noordam\/\">MS Noordam<\/a><\/li>\n<li><a href=\"https:\/\/ship-tracker.org\/fi\/ms-westerdam\/\">MS Westerdam<\/a><\/li>\n<li><a href=\"https:\/\/ship-tracker.org\/fi\/ms-oosterdam\/\">MS Oosterdam<\/a><\/li>\n<li><a href=\"https:\/\/ship-tracker.org\/fi\/ms-zuiderdam\/\">MS Zuiderdam<\/a><\/li>\n<li><a href=\"https:\/\/ship-tracker.org\/fi\/ms-amsterdam\/\">MS Amsterdam<\/a><\/li>\n<li><a href=\"https:\/\/ship-tracker.org\/fi\/ms-zaandam\/\">MS Zaandam<\/a><\/li>\n<li><a href=\"https:\/\/ship-tracker.org\/fi\/ms-volendam\/\">MS Volendam<\/a><\/li>\n<li><a href=\"https:\/\/ship-tracker.org\/fi\/ms-rotterdam\/\">MS Rotterdam<\/a><\/li>\n<li><a href=\"https:\/\/ship-tracker.org\/fi\/ms-veendam\/\">MS Veendam<\/a><\/li>\n<li><a href=\"https:\/\/ship-tracker.org\/fi\/ms-maasdam\/\">MS Maasdam<\/a><\/li>\n<\/ul>\n<p><script async=\"\" src=\"https:\/\/pagead2.googlesyndication.com\/pagead\/js\/adsbygoogle.js\"><\/script><br \/>\n<!-- Schip-Tracker Linkanzeigen --><br \/>\n<ins class=\"adsbygoogle\" style=\"display: block;\" data-ad-client=\"ca-pub-1316785063791781\" data-ad-slot=\"3429004156\" data-ad-format=\"link\" data-full-width-responsive=\"true\"><\/ins><br \/>\n<script>\n     (adsbygoogle = window.adsbygoogle || []).push({});\n<\/script><\/p>\n<h4><span style=\"color: #000000;\">MS Nieuw Statendam -video<\/span><\/h4>\n<div class=\"su-youtube su-u-responsive-media-yes\"><iframe loading=\"lazy\" width=\"600\" height=\"400\" src=\"https:\/\/www.youtube.com\/embed\/Kr9LGrrwBtk?\" frameborder=\"0\" allowfullscreen allow=\"autoplay; encrypted-media; picture-in-picture\" title=\"\"><\/iframe><\/div>","protected":false},"excerpt":{"rendered":"<p>MS Nieuw Statendamin nykyinen sijainti ja asento Miss\u00e4 MS Nieuw Statendam on t\u00e4ll\u00e4 hetkell\u00e4? N\u00e4yt\u00e4 MS Nieuw Statendamin nykyinen sijainti. MS Nieuw Statendamin sijainti voidaan m\u00e4\u00e4ritt\u00e4\u00e4 tarkasti VesselFinderin ja MarineTrafficin kartoilla. Joten olet aina hyvin perill\u00e4 siit\u00e4, miss\u00e4 suosikkialuksesi on t\u00e4ll\u00e4 hetkell\u00e4. MS Nieuw\u2026&nbsp;<a href=\"https:\/\/ship-tracker.org\/fi\/ms-nieuw-statendam\/\" rel=\"bookmark\">Lue lis\u00e4\u00e4 \u00bb<span class=\"screen-reader-text\">MS Nieuw Statendam<\/span><\/a><\/p>","protected":false},"author":1,"featured_media":0,"parent":0,"menu_order":0,"comment_status":"closed","ping_status":"closed","template":"","meta":{"neve_meta_sidebar":"","neve_meta_container":"","neve_meta_enable_content_width":"","neve_meta_content_width":0,"neve_meta_title_alignment":"","neve_meta_author_avatar":"","neve_post_elements_order":"","neve_meta_disable_header":"","neve_meta_disable_footer":"","neve_meta_disable_title":"","neve_meta_reading_time":"","footnotes":""},"class_list":["post-1894","page","type-page","status-publish","hentry"],"yoast_head":"<!-- This site is optimized with the Yoast SEO plugin v27.4 - https:\/\/yoast.com\/product\/yoast-seo-wordpress\/ -->\n<title>MS Nieuw Statendam\u2503Current location and position of Holland<\/title>\n<meta name=\"description\" content=\"MS Nieuw Statendam \u2693 Current location and position of MS Nieuw Statendam \u2713 Cruise Ship Tracker \u2713 Live Ship Tracker\" \/>\n<meta name=\"robots\" content=\"index, follow, max-snippet:-1, max-image-preview:large, max-video-preview:-1\" \/>\n<link rel=\"canonical\" href=\"https:\/\/ship-tracker.org\/fi\/ms-nieuw-statendam\/\" \/>\n<meta property=\"og:locale\" content=\"fi_FI\" \/>\n<meta property=\"og:type\" content=\"article\" \/>\n<meta property=\"og:title\" content=\"MS Nieuw Statendam\u2503Current location and position of Holland\" \/>\n<meta property=\"og:description\" content=\"MS Nieuw Statendam \u2693 Current location and position of MS Nieuw Statendam \u2713 Cruise Ship Tracker \u2713 Live Ship Tracker\" \/>\n<meta property=\"og:url\" content=\"https:\/\/ship-tracker.org\/fi\/ms-nieuw-statendam\/\" \/>\n<meta property=\"og:site_name\" content=\"Ship-tracker.org\" \/>\n<meta property=\"article:modified_time\" content=\"2022-10-27T13:03:04+00:00\" \/>\n<meta property=\"og:image\" content=\"https:\/\/ship-tracker.org\/wp-content\/uploads\/2017\/09\/cruise-1419799_640.jpg\" \/>\n<meta name=\"twitter:card\" content=\"summary_large_image\" \/>\n<meta name=\"twitter:label1\" content=\"Arvioitu lukuaika\" \/>\n\t<meta name=\"twitter:data1\" content=\"1 minuutti\" \/>\n<script type=\"application\/ld+json\" class=\"yoast-schema-graph\">{\"@context\":\"https:\\\/\\\/schema.org\",\"@graph\":[{\"@type\":\"WebPage\",\"@id\":\"https:\\\/\\\/ship-tracker.org\\\/ms-nieuw-statendam\\\/\",\"url\":\"https:\\\/\\\/ship-tracker.org\\\/ms-nieuw-statendam\\\/\",\"name\":\"MS Nieuw Statendam\u2503Current location and position of Holland\",\"isPartOf\":{\"@id\":\"https:\\\/\\\/ship-tracker.org\\\/#website\"},\"primaryImageOfPage\":{\"@id\":\"https:\\\/\\\/ship-tracker.org\\\/ms-nieuw-statendam\\\/#primaryimage\"},\"image\":{\"@id\":\"https:\\\/\\\/ship-tracker.org\\\/ms-nieuw-statendam\\\/#primaryimage\"},\"thumbnailUrl\":\"https:\\\/\\\/ship-tracker.org\\\/wp-content\\\/uploads\\\/2017\\\/09\\\/cruise-1419799_640.jpg\",\"datePublished\":\"2020-02-17T12:43:21+00:00\",\"dateModified\":\"2022-10-27T13:03:04+00:00\",\"description\":\"MS Nieuw Statendam \u2693 Current location and position of MS Nieuw Statendam \u2713 Cruise Ship Tracker \u2713 Live Ship Tracker\",\"breadcrumb\":{\"@id\":\"https:\\\/\\\/ship-tracker.org\\\/ms-nieuw-statendam\\\/#breadcrumb\"},\"inLanguage\":\"fi\",\"potentialAction\":[{\"@type\":\"ReadAction\",\"target\":[\"https:\\\/\\\/ship-tracker.org\\\/ms-nieuw-statendam\\\/\"]}]},{\"@type\":\"ImageObject\",\"inLanguage\":\"fi\",\"@id\":\"https:\\\/\\\/ship-tracker.org\\\/ms-nieuw-statendam\\\/#primaryimage\",\"url\":\"https:\\\/\\\/ship-tracker.org\\\/wp-content\\\/uploads\\\/2017\\\/09\\\/cruise-1419799_640.jpg\",\"contentUrl\":\"https:\\\/\\\/ship-tracker.org\\\/wp-content\\\/uploads\\\/2017\\\/09\\\/cruise-1419799_640.jpg\"},{\"@type\":\"BreadcrumbList\",\"@id\":\"https:\\\/\\\/ship-tracker.org\\\/ms-nieuw-statendam\\\/#breadcrumb\",\"itemListElement\":[{\"@type\":\"ListItem\",\"position\":1,\"name\":\"Startseite\",\"item\":\"https:\\\/\\\/ship-tracker.org\\\/\"},{\"@type\":\"ListItem\",\"position\":2,\"name\":\"MS Nieuw Statendam\"}]},{\"@type\":\"WebSite\",\"@id\":\"https:\\\/\\\/ship-tracker.org\\\/#website\",\"url\":\"https:\\\/\\\/ship-tracker.org\\\/\",\"name\":\"Ship-tracker.org\",\"description\":\"\",\"potentialAction\":[{\"@type\":\"SearchAction\",\"target\":{\"@type\":\"EntryPoint\",\"urlTemplate\":\"https:\\\/\\\/ship-tracker.org\\\/?s={search_term_string}\"},\"query-input\":{\"@type\":\"PropertyValueSpecification\",\"valueRequired\":true,\"valueName\":\"search_term_string\"}}],\"inLanguage\":\"fi\"}]}<\/script>\n<!-- \/ Yoast SEO plugin. -->","yoast_head_json":{"title":"MS Nieuw Statendam\u2503Hollannin nykyinen sijainti ja sijainti","description":"MS Nieuw Statendam \u2693 MS Nieuw Statendamin nykyinen sijainti ja sijainti \u2713 Risteilyalusten seuranta \u2713 Live Ship Tracker","robots":{"index":"index","follow":"follow","max-snippet":"max-snippet:-1","max-image-preview":"max-image-preview:large","max-video-preview":"max-video-preview:-1"},"canonical":"https:\/\/ship-tracker.org\/fi\/ms-nieuw-statendam\/","og_locale":"fi_FI","og_type":"article","og_title":"MS Nieuw Statendam\u2503Current location and position of Holland","og_description":"MS Nieuw Statendam \u2693 Current location and position of MS Nieuw Statendam \u2713 Cruise Ship Tracker \u2713 Live Ship Tracker","og_url":"https:\/\/ship-tracker.org\/fi\/ms-nieuw-statendam\/","og_site_name":"Ship-tracker.org","article_modified_time":"2022-10-27T13:03:04+00:00","og_image":[{"url":"https:\/\/ship-tracker.org\/wp-content\/uploads\/2017\/09\/cruise-1419799_640.jpg","type":"","width":"","height":""}],"twitter_card":"summary_large_image","twitter_misc":{"Arvioitu lukuaika":"1 minuutti"},"schema":{"@context":"https:\/\/schema.org","@graph":[{"@type":"WebPage","@id":"https:\/\/ship-tracker.org\/ms-nieuw-statendam\/","url":"https:\/\/ship-tracker.org\/ms-nieuw-statendam\/","name":"MS Nieuw Statendam\u2503Hollannin nykyinen sijainti ja sijainti","isPartOf":{"@id":"https:\/\/ship-tracker.org\/#website"},"primaryImageOfPage":{"@id":"https:\/\/ship-tracker.org\/ms-nieuw-statendam\/#primaryimage"},"image":{"@id":"https:\/\/ship-tracker.org\/ms-nieuw-statendam\/#primaryimage"},"thumbnailUrl":"https:\/\/ship-tracker.org\/wp-content\/uploads\/2017\/09\/cruise-1419799_640.jpg","datePublished":"2020-02-17T12:43:21+00:00","dateModified":"2022-10-27T13:03:04+00:00","description":"MS Nieuw Statendam \u2693 MS Nieuw Statendamin nykyinen sijainti ja sijainti \u2713 Risteilyalusten seuranta \u2713 Live Ship Tracker","breadcrumb":{"@id":"https:\/\/ship-tracker.org\/ms-nieuw-statendam\/#breadcrumb"},"inLanguage":"fi","potentialAction":[{"@type":"ReadAction","target":["https:\/\/ship-tracker.org\/ms-nieuw-statendam\/"]}]},{"@type":"ImageObject","inLanguage":"fi","@id":"https:\/\/ship-tracker.org\/ms-nieuw-statendam\/#primaryimage","url":"https:\/\/ship-tracker.org\/wp-content\/uploads\/2017\/09\/cruise-1419799_640.jpg","contentUrl":"https:\/\/ship-tracker.org\/wp-content\/uploads\/2017\/09\/cruise-1419799_640.jpg"},{"@type":"BreadcrumbList","@id":"https:\/\/ship-tracker.org\/ms-nieuw-statendam\/#breadcrumb","itemListElement":[{"@type":"ListItem","position":1,"name":"Startseite","item":"https:\/\/ship-tracker.org\/"},{"@type":"ListItem","position":2,"name":"MS Nieuw Statendam"}]},{"@type":"WebSite","@id":"https:\/\/ship-tracker.org\/#website","url":"https:\/\/ship-tracker.org\/","name":"Ship-tracker.org","description":"","potentialAction":[{"@type":"SearchAction","target":{"@type":"EntryPoint","urlTemplate":"https:\/\/ship-tracker.org\/?s={search_term_string}"},"query-input":{"@type":"PropertyValueSpecification","valueRequired":true,"valueName":"search_term_string"}}],"inLanguage":"fi"}]}},"_links":{"self":[{"href":"https:\/\/ship-tracker.org\/fi\/wp-json\/wp\/v2\/pages\/1894","targetHints":{"allow":["GET"]}}],"collection":[{"href":"https:\/\/ship-tracker.org\/fi\/wp-json\/wp\/v2\/pages"}],"about":[{"href":"https:\/\/ship-tracker.org\/fi\/wp-json\/wp\/v2\/types\/page"}],"author":[{"embeddable":true,"href":"https:\/\/ship-tracker.org\/fi\/wp-json\/wp\/v2\/users\/1"}],"replies":[{"embeddable":true,"href":"https:\/\/ship-tracker.org\/fi\/wp-json\/wp\/v2\/comments?post=1894"}],"version-history":[{"count":3,"href":"https:\/\/ship-tracker.org\/fi\/wp-json\/wp\/v2\/pages\/1894\/revisions"}],"predecessor-version":[{"id":2410,"href":"https:\/\/ship-tracker.org\/fi\/wp-json\/wp\/v2\/pages\/1894\/revisions\/2410"}],"wp:attachment":[{"href":"https:\/\/ship-tracker.org\/fi\/wp-json\/wp\/v2\/media?parent=1894"}],"curies":[{"name":"wp","href":"https:\/\/api.w.org\/{rel}","templated":true}]}}