{"id":1643,"date":"2020-02-14T11:09:29","date_gmt":"2020-02-14T10:09:29","guid":{"rendered":"https:\/\/ship-tracker.org\/?page_id=1643"},"modified":"2022-11-01T12:21:53","modified_gmt":"2022-11-01T11:21:53","slug":"carnival-sunrise","status":"publish","type":"page","link":"https:\/\/ship-tracker.org\/fi\/carnival-sunrise\/","title":{"rendered":"Karnevaali auringonnousu"},"content":{"rendered":"<h2><span style=\"color: #000000;\">Nykyinen sijainti ja <\/span><span style=\"color: #000000;\">Carnival Sunrisen asema<\/span><\/h2>\n<p>Miss\u00e4 Carnival Sunrisen nykyinen sijainti on t\u00e4ll\u00e4 hetkell\u00e4?<\/p>\n<p><script type=\"text\/javascript\">  var width=\"100%\";var height=\"400\";  var mmsi=308045000;<\/script><script type=\"text\/javascript\" src=\"https:\/\/www.vesselfinder.com\/aismap.js\"><\/script><\/p>\n<p>Katso Carnival Sunrisen nykyinen sijainti. Carnival Sunrisen sijainti voidaan m\u00e4\u00e4ritt\u00e4\u00e4 tarkasti VesselFinderin ja MarineTrafficin karttojen avulla. Joten olet aina hyvin perill\u00e4, miss\u00e4 suosikkilaivasi on t\u00e4ll\u00e4 hetkell\u00e4.<\/p>\n<h2 class=\"pageTitle shipItemTitle\"><span style=\"color: #000000;\">Carnival Sunrise -katsaus ja tekniset tiedot<\/span><\/h2>\n<table style=\"height: 294px;\" width=\"400\">\n<tbody>\n<tr>\n<td style=\"width: 192px;\"><strong><span style=\"color: #000000;\">Luokka<\/span><\/strong><\/td>\n<td style=\"width: 192px;\"><span style=\"color: #000000;\">Destiny-Auringonpaiste<\/span><\/td>\n<\/tr>\n<tr>\n<td style=\"width: 192px;\"><span style=\"color: #000000;\"><strong>Valmistusvuosi<\/strong><\/span><\/td>\n<td style=\"width: 192px;\"><span style=\"color: #000000;\">1999<\/span><\/td>\n<\/tr>\n<tr>\n<td style=\"width: 192px;\"><span style=\"color: #000000;\"><strong>Rakentaja<\/strong><\/span><\/td>\n<td style=\"width: 192px;\"><span style=\"color: #000000;\">Fincantieri<\/span><\/td>\n<\/tr>\n<tr>\n<td style=\"width: 192px;\"><span style=\"color: #000000;\"><strong>Pituus<\/strong><\/span><\/td>\n<td style=\"width: 192px;\"><span style=\"color: #000000;\">272<span class=\"specificationUnit\">\u00a0m<\/span><\/span><\/td>\n<\/tr>\n<tr>\n<td style=\"width: 192px;\"><span style=\"color: #000000;\"><strong>S\u00e4de<\/strong><\/span><\/td>\n<td style=\"width: 192px;\"><span style=\"color: #000000;\">38<span class=\"specificationUnit\">\u00a0m<\/span><\/span><\/td>\n<\/tr>\n<tr>\n<td style=\"width: 192px;\"><span style=\"color: #000000;\"><strong>Bruttovetoisuus<\/strong><\/span><\/td>\n<td style=\"width: 192px;\"><span style=\"color: #000000;\">101509<span class=\"specificationUnit\">\u00a0gt<\/span><\/span><\/td>\n<\/tr>\n<tr>\n<td style=\"width: 192px;\"><span style=\"color: #000000;\"><strong>Matkustajat<\/strong><\/span><\/td>\n<td style=\"width: 192px;\"><span style=\"color: #000000;\">3730<\/span><\/td>\n<\/tr>\n<tr>\n<td style=\"width: 192px;\"><span style=\"color: #000000;\"><strong>Miehist\u00f6<\/strong><\/span><\/td>\n<td style=\"width: 192px;\"><span style=\"color: #000000;\">1100<\/span><\/td>\n<\/tr>\n<tr>\n<td style=\"width: 192px;\"><span style=\"color: #000000;\"><strong>Kannet<\/strong>\u00a0<\/span><\/td>\n<td style=\"width: 192px;\"><span style=\"color: #000000;\">13<\/span><\/td>\n<\/tr>\n<tr>\n<td style=\"width: 192px;\"><span style=\"color: #000000;\"><strong>Nopeus<\/strong><\/span><\/td>\n<td style=\"width: 192px;\"><span style=\"color: #000000;\">21<span class=\"specificationUnit\">\u00a0kn<\/span><\/span><\/td>\n<\/tr>\n<tr>\n<td style=\"width: 192px;\"><span style=\"color: #000000;\"><strong><b>Propulsio<\/b><\/strong><\/span><\/td>\n<td style=\"width: 192px;\"><span style=\"color: #000000;\">Diesel-s\u00e4hk\u00f6<\/span><\/td>\n<\/tr>\n<tr>\n<td style=\"width: 192px;\"><span style=\"color: #000000;\"><strong><b>Omistaja<\/b><\/strong><\/span><\/td>\n<td style=\"width: 192px;\"><a href=\"http:\/\/www.carnivalcorp.com\/\" target=\"_blank\" rel=\"noopener noreferrer\">Carnival Corporation &amp; PLC<\/a><\/td>\n<\/tr>\n<\/tbody>\n<\/table>\n<p><img loading=\"lazy\" decoding=\"async\" class=\"aligncenter wp-image-382 size-full\" src=\"https:\/\/ship-tracker.org\/wp-content\/uploads\/2017\/09\/cruise-1419799_640.jpg\" alt=\"Karnevaali auringonnousu\" width=\"640\" height=\"283\" srcset=\"https:\/\/ship-tracker.org\/wp-content\/uploads\/2017\/09\/cruise-1419799_640.jpg 640w, https:\/\/ship-tracker.org\/wp-content\/uploads\/2017\/09\/cruise-1419799_640-300x133.jpg 300w\" sizes=\"auto, (max-width: 640px) 100vw, 640px\" \/><\/p>\n<h3 class=\"title\">Carnival Cruise Linen laivasto<\/h3>\n<ul>\n<li><a href=\"https:\/\/ship-tracker.org\/fi\/carnival-mardi-gras\/\">Karnevaali Mardi Gras<\/a><\/li>\n<li><a href=\"https:\/\/ship-tracker.org\/fi\/carnival-panorama\/\">Karnevaali Panoraama<\/a><\/li>\n<li><a href=\"https:\/\/ship-tracker.org\/fi\/carnival-horizon\/\">Karnevaali Horisontti<\/a><\/li>\n<li><a href=\"https:\/\/ship-tracker.org\/fi\/carnival-vista\/\">Karnevaali Vista<\/a><\/li>\n<li><a href=\"https:\/\/ship-tracker.org\/fi\/carnival-breeze\/\">Carnival Breeze<\/a><\/li>\n<li><a href=\"https:\/\/ship-tracker.org\/fi\/carnival-magic\/\">Carnival Magic<\/a><\/li>\n<li><a href=\"https:\/\/ship-tracker.org\/fi\/carnival-dream\/\">Karnevaali unelma<\/a><\/li>\n<li><a href=\"https:\/\/ship-tracker.org\/fi\/carnival-splendor\/\">Carnival Splendor<\/a><\/li>\n<li><a href=\"https:\/\/ship-tracker.org\/fi\/carnival-freedom\/\">Karnevaalin vapaus<\/a><\/li>\n<li><a href=\"https:\/\/ship-tracker.org\/fi\/carnival-liberty\/\">Carnival Liberty<\/a><\/li>\n<li><a href=\"https:\/\/ship-tracker.org\/fi\/carnival-valor\/\">Karnevaali Valor<\/a><\/li>\n<li><a href=\"https:\/\/ship-tracker.org\/fi\/carnival-miracle\/\">Karnevaalin ihme<\/a><\/li>\n<li><a href=\"https:\/\/ship-tracker.org\/fi\/carnival-glory\/\">Carnival Glory<\/a><\/li>\n<li><a href=\"https:\/\/ship-tracker.org\/fi\/carnival-legend\/\">Karnevaali legenda<\/a><\/li>\n<li><a href=\"https:\/\/ship-tracker.org\/fi\/carnival-conquest\/\">Karnevaalin valloitus<\/a><\/li>\n<li><a href=\"https:\/\/ship-tracker.org\/fi\/carnival-spirit\/\">Karnevaalin henki<\/a><\/li>\n<li><a href=\"https:\/\/ship-tracker.org\/fi\/carnival-pride\/\">Carnival Pride<\/a><\/li>\n<li><a href=\"https:\/\/ship-tracker.org\/fi\/carnival-radiance\/\">Carnival Radiance<\/a><\/li>\n<li><a href=\"https:\/\/ship-tracker.org\/fi\/carnival-elation\/\">Karnevaalin riemu<\/a><\/li>\n<li><a href=\"https:\/\/ship-tracker.org\/fi\/carnival-paradise\/\">Karnevaaliparatiisi<\/a><\/li>\n<li><a href=\"https:\/\/ship-tracker.org\/fi\/carnival-inspiration\/\">Karnevaaliinspiraatiota<\/a><\/li>\n<li><a href=\"https:\/\/ship-tracker.org\/fi\/carnival-sunshine\/\">Karnevaalin aurinko<\/a><\/li>\n<li><a href=\"https:\/\/ship-tracker.org\/fi\/carnival-imagination\/\">Karnevaalin mielikuvitus<\/a><\/li>\n<li><a href=\"https:\/\/ship-tracker.org\/fi\/carnival-fascination\/\">Karnevaalien lumoaminen<\/a><\/li>\n<li><a href=\"https:\/\/ship-tracker.org\/fi\/carnival-sensation\/\">Karnevaali Sensaatio<\/a><\/li>\n<li><a href=\"https:\/\/ship-tracker.org\/fi\/carnival-ecstasy\/\">Karnevaali ekstaasi<\/a><\/li>\n<li><a href=\"https:\/\/ship-tracker.org\/fi\/carnival-fantasy\/\">Karnevaali fantasia<\/a><\/li>\n<\/ul>\n<h4><span style=\"color: #000000;\">Karnevaali auringonnousu video<\/span><\/h4>\n<div class=\"su-youtube su-u-responsive-media-yes\"><iframe loading=\"lazy\" width=\"600\" height=\"400\" src=\"https:\/\/www.youtube.com\/embed\/kGRuUt4pCKY?\" frameborder=\"0\" allowfullscreen allow=\"autoplay; encrypted-media; picture-in-picture\" title=\"\"><\/iframe><\/div>\n<div id=\"gtx-trans\" style=\"position: absolute; left: 34px; top: 1778.63px;\">\n<div class=\"gtx-trans-icon\"><\/div>\n<\/div>","protected":false},"excerpt":{"rendered":"<p>Carnival Sunrisen nykyinen sijainti ja asento Miss\u00e4 Carnival Sunrisen nykyinen sijainti on t\u00e4ll\u00e4 hetkell\u00e4? Katso Carnival Sunrisen nykyinen sijainti. Carnival Sunrisen sijainti voidaan m\u00e4\u00e4ritt\u00e4\u00e4 tarkasti VesselFinderin ja MarineTrafficin kartoilla. Joten olet aina hyvin perill\u00e4 siit\u00e4, miss\u00e4 suosikkialuksesi on t\u00e4ll\u00e4 hetkell\u00e4. Carnival Sunrisen arvostelu ja tekniset tiedot\u2026&nbsp;<a href=\"https:\/\/ship-tracker.org\/fi\/carnival-sunrise\/\" rel=\"bookmark\">Lue lis\u00e4\u00e4 \u00bb<span class=\"screen-reader-text\">Karnevaali auringonnousu<\/span><\/a><\/p>","protected":false},"author":1,"featured_media":0,"parent":0,"menu_order":0,"comment_status":"closed","ping_status":"closed","template":"","meta":{"neve_meta_sidebar":"","neve_meta_container":"","neve_meta_enable_content_width":"","neve_meta_content_width":0,"neve_meta_title_alignment":"","neve_meta_author_avatar":"","neve_post_elements_order":"","neve_meta_disable_header":"","neve_meta_disable_footer":"","neve_meta_disable_title":"","neve_meta_reading_time":"","footnotes":""},"class_list":["post-1643","page","type-page","status-publish","hentry"],"yoast_head":"<!-- This site is optimized with the Yoast SEO plugin v26.9 - https:\/\/yoast.com\/product\/yoast-seo-wordpress\/ -->\n<title>Carnival Sunrise \u2503Current position and location of Carnival<\/title>\n<meta name=\"description\" content=\"Carnival Sunrise \u2693 Current position of Carnival Sunrise \u2713 Cruise Ship Tracker \u2713 Live Ship Tracker \u2503Review and Specifications\" \/>\n<meta name=\"robots\" content=\"index, follow, max-snippet:-1, max-image-preview:large, max-video-preview:-1\" \/>\n<link rel=\"canonical\" href=\"https:\/\/ship-tracker.org\/fi\/carnival-sunrise\/\" \/>\n<meta property=\"og:locale\" content=\"fi_FI\" \/>\n<meta property=\"og:type\" content=\"article\" \/>\n<meta property=\"og:title\" content=\"Carnival Sunrise \u2503Current position and location of Carnival\" \/>\n<meta property=\"og:description\" content=\"Carnival Sunrise \u2693 Current position of Carnival Sunrise \u2713 Cruise Ship Tracker \u2713 Live Ship Tracker \u2503Review and Specifications\" \/>\n<meta property=\"og:url\" content=\"https:\/\/ship-tracker.org\/fi\/carnival-sunrise\/\" \/>\n<meta property=\"og:site_name\" content=\"Ship-tracker.org\" \/>\n<meta property=\"article:modified_time\" content=\"2022-11-01T11:21:53+00:00\" \/>\n<meta property=\"og:image\" content=\"https:\/\/ship-tracker.org\/wp-content\/uploads\/2017\/09\/cruise-1419799_640.jpg\" \/>\n<meta name=\"twitter:card\" content=\"summary_large_image\" \/>\n<meta name=\"twitter:label1\" content=\"Arvioitu lukuaika\" \/>\n\t<meta name=\"twitter:data1\" content=\"1 minuutti\" \/>\n<script type=\"application\/ld+json\" class=\"yoast-schema-graph\">{\"@context\":\"https:\/\/schema.org\",\"@graph\":[{\"@type\":\"WebPage\",\"@id\":\"https:\/\/ship-tracker.org\/carnival-sunrise\/\",\"url\":\"https:\/\/ship-tracker.org\/carnival-sunrise\/\",\"name\":\"Carnival Sunrise \u2503Current position and location of Carnival\",\"isPartOf\":{\"@id\":\"https:\/\/ship-tracker.org\/#website\"},\"primaryImageOfPage\":{\"@id\":\"https:\/\/ship-tracker.org\/carnival-sunrise\/#primaryimage\"},\"image\":{\"@id\":\"https:\/\/ship-tracker.org\/carnival-sunrise\/#primaryimage\"},\"thumbnailUrl\":\"https:\/\/ship-tracker.org\/wp-content\/uploads\/2017\/09\/cruise-1419799_640.jpg\",\"datePublished\":\"2020-02-14T10:09:29+00:00\",\"dateModified\":\"2022-11-01T11:21:53+00:00\",\"description\":\"Carnival Sunrise \u2693 Current position of Carnival Sunrise \u2713 Cruise Ship Tracker \u2713 Live Ship Tracker \u2503Review and Specifications\",\"breadcrumb\":{\"@id\":\"https:\/\/ship-tracker.org\/carnival-sunrise\/#breadcrumb\"},\"inLanguage\":\"fi\",\"potentialAction\":[{\"@type\":\"ReadAction\",\"target\":[\"https:\/\/ship-tracker.org\/carnival-sunrise\/\"]}]},{\"@type\":\"ImageObject\",\"inLanguage\":\"fi\",\"@id\":\"https:\/\/ship-tracker.org\/carnival-sunrise\/#primaryimage\",\"url\":\"https:\/\/ship-tracker.org\/wp-content\/uploads\/2017\/09\/cruise-1419799_640.jpg\",\"contentUrl\":\"https:\/\/ship-tracker.org\/wp-content\/uploads\/2017\/09\/cruise-1419799_640.jpg\"},{\"@type\":\"BreadcrumbList\",\"@id\":\"https:\/\/ship-tracker.org\/carnival-sunrise\/#breadcrumb\",\"itemListElement\":[{\"@type\":\"ListItem\",\"position\":1,\"name\":\"Startseite\",\"item\":\"https:\/\/ship-tracker.org\/\"},{\"@type\":\"ListItem\",\"position\":2,\"name\":\"Carnival Sunrise\"}]},{\"@type\":\"WebSite\",\"@id\":\"https:\/\/ship-tracker.org\/#website\",\"url\":\"https:\/\/ship-tracker.org\/\",\"name\":\"Ship-tracker.org\",\"description\":\"\",\"potentialAction\":[{\"@type\":\"SearchAction\",\"target\":{\"@type\":\"EntryPoint\",\"urlTemplate\":\"https:\/\/ship-tracker.org\/?s={search_term_string}\"},\"query-input\":{\"@type\":\"PropertyValueSpecification\",\"valueRequired\":true,\"valueName\":\"search_term_string\"}}],\"inLanguage\":\"fi\"}]}<\/script>\n<!-- \/ Yoast SEO plugin. -->","yoast_head_json":{"title":"Carnival Sunrise \u2503 Carnivalin nykyinen sijainti ja sijainti","description":"Carnival Sunrise \u2693 Carnival Sunrisen nykyinen sijainti \u2713 Risteilylaivaseuranta \u2713 Live Ship Tracker \u2503Arvostelu ja tekniset tiedot","robots":{"index":"index","follow":"follow","max-snippet":"max-snippet:-1","max-image-preview":"max-image-preview:large","max-video-preview":"max-video-preview:-1"},"canonical":"https:\/\/ship-tracker.org\/fi\/carnival-sunrise\/","og_locale":"fi_FI","og_type":"article","og_title":"Carnival Sunrise \u2503Current position and location of Carnival","og_description":"Carnival Sunrise \u2693 Current position of Carnival Sunrise \u2713 Cruise Ship Tracker \u2713 Live Ship Tracker \u2503Review and Specifications","og_url":"https:\/\/ship-tracker.org\/fi\/carnival-sunrise\/","og_site_name":"Ship-tracker.org","article_modified_time":"2022-11-01T11:21:53+00:00","og_image":[{"url":"https:\/\/ship-tracker.org\/wp-content\/uploads\/2017\/09\/cruise-1419799_640.jpg","type":"","width":"","height":""}],"twitter_card":"summary_large_image","twitter_misc":{"Arvioitu lukuaika":"1 minuutti"},"schema":{"@context":"https:\/\/schema.org","@graph":[{"@type":"WebPage","@id":"https:\/\/ship-tracker.org\/carnival-sunrise\/","url":"https:\/\/ship-tracker.org\/carnival-sunrise\/","name":"Carnival Sunrise \u2503 Carnivalin nykyinen sijainti ja sijainti","isPartOf":{"@id":"https:\/\/ship-tracker.org\/#website"},"primaryImageOfPage":{"@id":"https:\/\/ship-tracker.org\/carnival-sunrise\/#primaryimage"},"image":{"@id":"https:\/\/ship-tracker.org\/carnival-sunrise\/#primaryimage"},"thumbnailUrl":"https:\/\/ship-tracker.org\/wp-content\/uploads\/2017\/09\/cruise-1419799_640.jpg","datePublished":"2020-02-14T10:09:29+00:00","dateModified":"2022-11-01T11:21:53+00:00","description":"Carnival Sunrise \u2693 Carnival Sunrisen nykyinen sijainti \u2713 Risteilylaivaseuranta \u2713 Live Ship Tracker \u2503Arvostelu ja tekniset tiedot","breadcrumb":{"@id":"https:\/\/ship-tracker.org\/carnival-sunrise\/#breadcrumb"},"inLanguage":"fi","potentialAction":[{"@type":"ReadAction","target":["https:\/\/ship-tracker.org\/carnival-sunrise\/"]}]},{"@type":"ImageObject","inLanguage":"fi","@id":"https:\/\/ship-tracker.org\/carnival-sunrise\/#primaryimage","url":"https:\/\/ship-tracker.org\/wp-content\/uploads\/2017\/09\/cruise-1419799_640.jpg","contentUrl":"https:\/\/ship-tracker.org\/wp-content\/uploads\/2017\/09\/cruise-1419799_640.jpg"},{"@type":"BreadcrumbList","@id":"https:\/\/ship-tracker.org\/carnival-sunrise\/#breadcrumb","itemListElement":[{"@type":"ListItem","position":1,"name":"Startseite","item":"https:\/\/ship-tracker.org\/"},{"@type":"ListItem","position":2,"name":"Carnival Sunrise"}]},{"@type":"WebSite","@id":"https:\/\/ship-tracker.org\/#website","url":"https:\/\/ship-tracker.org\/","name":"Ship-tracker.org","description":"","potentialAction":[{"@type":"SearchAction","target":{"@type":"EntryPoint","urlTemplate":"https:\/\/ship-tracker.org\/?s={search_term_string}"},"query-input":{"@type":"PropertyValueSpecification","valueRequired":true,"valueName":"search_term_string"}}],"inLanguage":"fi"}]}},"_links":{"self":[{"href":"https:\/\/ship-tracker.org\/fi\/wp-json\/wp\/v2\/pages\/1643","targetHints":{"allow":["GET"]}}],"collection":[{"href":"https:\/\/ship-tracker.org\/fi\/wp-json\/wp\/v2\/pages"}],"about":[{"href":"https:\/\/ship-tracker.org\/fi\/wp-json\/wp\/v2\/types\/page"}],"author":[{"embeddable":true,"href":"https:\/\/ship-tracker.org\/fi\/wp-json\/wp\/v2\/users\/1"}],"replies":[{"embeddable":true,"href":"https:\/\/ship-tracker.org\/fi\/wp-json\/wp\/v2\/comments?post=1643"}],"version-history":[{"count":4,"href":"https:\/\/ship-tracker.org\/fi\/wp-json\/wp\/v2\/pages\/1643\/revisions"}],"predecessor-version":[{"id":3505,"href":"https:\/\/ship-tracker.org\/fi\/wp-json\/wp\/v2\/pages\/1643\/revisions\/3505"}],"wp:attachment":[{"href":"https:\/\/ship-tracker.org\/fi\/wp-json\/wp\/v2\/media?parent=1643"}],"curies":[{"name":"wp","href":"https:\/\/api.w.org\/{rel}","templated":true}]}}