{"id":1551,"date":"2020-04-29T14:30:38","date_gmt":"2020-04-29T12:30:38","guid":{"rendered":"https:\/\/ship-tracker.org\/?page_id=1551"},"modified":"2022-11-01T12:53:43","modified_gmt":"2022-11-01T11:53:43","slug":"carnival-cruise-line","status":"publish","type":"page","link":"https:\/\/ship-tracker.org\/fi\/carnival-cruise-line\/","title":{"rendered":"Carnival Cruise Line"},"content":{"rendered":"<h2>Carnival Cruise Line -laivaston sijaintialukset, IMO-numerot, MMSI, verkkokamerat<\/h2>\n<p>Miss\u00e4 Carnival Cruise Line Fleetin nykyinen sijainti on t\u00e4ll\u00e4 hetkell\u00e4?<\/p>\n<table style=\"border-collapse: collapse; width: 100%; height: 783px;\">\n<tbody>\n<tr style=\"height: 24px;\">\n<td style=\"width: 33.3333%; height: 24px;\"><span style=\"color: #1f405b;\"><strong>Alus<\/strong><\/span><\/td>\n<td style=\"width: 33.3333%; height: 24px;\"><span style=\"color: #1f405b;\"><strong>IMO<\/strong><\/span><\/td>\n<td style=\"width: 33.3333%; height: 24px;\"><span style=\"color: #1f405b;\"><strong>MMSI<\/strong><\/span><\/td>\n<\/tr>\n<tr style=\"height: 24px;\">\n<td style=\"width: 33.3333%; height: 24px;\"><a href=\"https:\/\/ship-tracker.org\/fi\/carnival-inspiration\/\">Karnevaaliinspiraatiota<\/a><\/td>\n<td style=\"width: 33.3333%; height: 24px;\">9087489<\/td>\n<td style=\"width: 33.3333%; height: 24px;\">309484000<\/td>\n<\/tr>\n<tr style=\"height: 24px;\">\n<td style=\"width: 33.3333%; height: 24px;\"><a href=\"https:\/\/ship-tracker.org\/fi\/carnival-sunshine\/\">Karnevaalin aurinko<\/a><\/td>\n<td style=\"width: 33.3333%; height: 24px;\">9070058<\/td>\n<td style=\"width: 33.3333%; height: 24px;\">308017000<\/td>\n<\/tr>\n<tr style=\"height: 24px;\">\n<td style=\"width: 33.3333%; height: 24px;\"><a href=\"https:\/\/ship-tracker.org\/fi\/carnival-splendor\/\">Carnival Splendor<\/a><\/td>\n<td style=\"width: 33.3333%; height: 24px;\">9333163<\/td>\n<td style=\"width: 33.3333%; height: 24px;\">372808000<\/td>\n<\/tr>\n<tr style=\"height: 24px;\">\n<td style=\"width: 33.3333%; height: 24px;\"><a href=\"https:\/\/ship-tracker.org\/fi\/carnival-legend\/\">Karnevaali legenda<\/a><\/td>\n<td style=\"width: 33.3333%; height: 24px;\">9224726<\/td>\n<td style=\"width: 33.3333%; height: 24px;\">229857000<\/td>\n<\/tr>\n<tr style=\"height: 24px;\">\n<td style=\"width: 33.3333%; height: 24px;\"><a href=\"https:\/\/ship-tracker.org\/fi\/carnival-spirit\/\">Karnevaalin henki<\/a><\/td>\n<td style=\"width: 33.3333%; height: 24px;\">9188647<\/td>\n<td style=\"width: 33.3333%; height: 24px;\">229136000<\/td>\n<\/tr>\n<tr style=\"height: 24px;\">\n<td style=\"width: 33.3333%; height: 24px;\"><a href=\"https:\/\/ship-tracker.org\/fi\/carnival-triumph\/\">Karnevaalin voitto<\/a><\/td>\n<td style=\"width: 33.3333%; height: 24px;\">9138850<\/td>\n<td style=\"width: 33.3333%; height: 24px;\">308045000<\/td>\n<\/tr>\n<tr style=\"height: 24px;\">\n<td style=\"width: 33.3333%; height: 24px;\"><a href=\"https:\/\/ship-tracker.org\/fi\/carnival-liberty\/\">Carnival Liberty<\/a><\/td>\n<td style=\"width: 33.3333%; height: 24px;\">9278181<\/td>\n<td style=\"width: 33.3333%; height: 24px;\">371083000<\/td>\n<\/tr>\n<tr style=\"height: 24px;\">\n<td style=\"width: 33.3333%; height: 24px;\"><a href=\"https:\/\/ship-tracker.org\/fi\/carnival-elation\/\">Karnevaalin riemu<\/a><\/td>\n<td style=\"width: 33.3333%; height: 24px;\">9118721<\/td>\n<td style=\"width: 33.3333%; height: 24px;\">355831000<\/td>\n<\/tr>\n<tr class=\"alt\" style=\"height: 24px;\">\n<td style=\"width: 33.3333%; height: 24px;\"><a href=\"https:\/\/ship-tracker.org\/fi\/carnival-freedom\/\">Karnevaalin vapaus<\/a><\/td>\n<td style=\"width: 33.3333%; height: 24px;\">9333149<\/td>\n<td style=\"width: 33.3333%; height: 24px;\">371154000<\/td>\n<\/tr>\n<tr style=\"height: 24px;\">\n<td style=\"width: 33.3333%; height: 24px;\"><a href=\"https:\/\/ship-tracker.org\/fi\/carnival-ecstasy\/\">Karnevaali ekstaasi<\/a><\/td>\n<td style=\"width: 33.3333%; height: 24px;\">8711344<\/td>\n<td style=\"width: 33.3333%; height: 24px;\">353479000<\/td>\n<\/tr>\n<tr style=\"height: 24px;\">\n<td style=\"width: 33.3333%; height: 24px;\"><a href=\"https:\/\/ship-tracker.org\/fi\/carnival-fantasy\/\">Karnevaali fantasia<\/a><\/td>\n<td style=\"width: 33.3333%; height: 24px;\">8700773<\/td>\n<td style=\"width: 33.3333%; height: 24px;\">353486000<\/td>\n<\/tr>\n<tr style=\"height: 24px;\">\n<td style=\"width: 33.3333%; height: 24px;\"><a href=\"https:\/\/ship-tracker.org\/fi\/carnival-imagination\/\">Karnevaalin mielikuvitus<\/a><\/td>\n<td style=\"width: 33.3333%; height: 24px;\">9053878<\/td>\n<td style=\"width: 33.3333%; height: 24px;\">309933000<\/td>\n<\/tr>\n<tr style=\"height: 24px;\">\n<td style=\"width: 33.3333%; height: 24px;\"><a href=\"https:\/\/ship-tracker.org\/fi\/carnival-valor\/\">Karnevaali Valor<\/a><\/td>\n<td style=\"width: 33.3333%; height: 24px;\">9236389<\/td>\n<td style=\"width: 33.3333%; height: 24px;\">354298000<\/td>\n<\/tr>\n<tr style=\"height: 24px;\">\n<td style=\"width: 33.3333%; height: 24px;\"><a href=\"https:\/\/ship-tracker.org\/fi\/carnival-fascination\/\">Karnevaalien lumoaminen<\/a><\/td>\n<td style=\"width: 33.3333%; height: 24px;\">9041253<\/td>\n<td style=\"width: 33.3333%; height: 24px;\">309682000<\/td>\n<\/tr>\n<tr style=\"height: 24px;\">\n<td style=\"width: 33.3333%; height: 24px;\"><a href=\"https:\/\/ship-tracker.org\/fi\/carnival-conquest\/\">Karnevaalin valloitus<\/a><\/td>\n<td style=\"width: 33.3333%; height: 24px;\">9198355<\/td>\n<td style=\"width: 33.3333%; height: 24px;\">357657000<\/td>\n<\/tr>\n<tr style=\"height: 24px;\">\n<td style=\"width: 33.3333%; height: 24px;\"><a href=\"https:\/\/ship-tracker.org\/fi\/carnival-victory\/\">Karnevaalin voitto<\/a><\/td>\n<td style=\"width: 33.3333%; height: 24px;\">9172648<\/td>\n<td style=\"width: 33.3333%; height: 24px;\">355263000<\/td>\n<\/tr>\n<tr style=\"height: 24px;\">\n<td style=\"width: 33.3333%; height: 24px;\"><a href=\"https:\/\/ship-tracker.org\/fi\/carnival-pride\/\">Carnival Pride<\/a><\/td>\n<td style=\"width: 33.3333%; height: 24px;\">9223954<\/td>\n<td style=\"width: 33.3333%; height: 24px;\">354215000<\/td>\n<\/tr>\n<tr style=\"height: 24px;\">\n<td style=\"width: 33.3333%; height: 24px;\"><a href=\"https:\/\/ship-tracker.org\/fi\/carnival-dream\/\">Karnevaali unelma<\/a><\/td>\n<td style=\"width: 33.3333%; height: 24px;\">9378474<\/td>\n<td style=\"width: 33.3333%; height: 24px;\">370490000<\/td>\n<\/tr>\n<tr style=\"height: 24px;\">\n<td style=\"width: 33.3333%; height: 24px;\"><a href=\"https:\/\/ship-tracker.org\/fi\/carnival-magic\/\">Carnival Magic<\/a><\/td>\n<td style=\"width: 33.3333%; height: 24px;\">9378486<\/td>\n<td style=\"width: 33.3333%; height: 24px;\">370491000<\/td>\n<\/tr>\n<tr style=\"height: 19px;\">\n<td style=\"width: 33.3333%; height: 19px;\"><a href=\"https:\/\/ship-tracker.org\/fi\/carnival-sensation\/\">Karnevaali Sensaatio<\/a><\/td>\n<td style=\"width: 33.3333%; height: 19px;\">8711356<\/td>\n<td style=\"width: 33.3333%; height: 19px;\">309697000<\/td>\n<\/tr>\n<tr style=\"height: 24px;\">\n<td style=\"width: 33.3333%; height: 24px;\"><a href=\"https:\/\/ship-tracker.org\/fi\/carnival-vista\/\">Karnevaali Vista<\/a><\/td>\n<td style=\"width: 33.3333%; height: 24px;\">9692569<\/td>\n<td style=\"width: 33.3333%; height: 24px;\">356883000<\/td>\n<\/tr>\n<tr style=\"height: 24px;\">\n<td style=\"width: 33.3333%; height: 24px;\"><a href=\"https:\/\/ship-tracker.org\/fi\/carnival-paradise\/\">Karnevaaliparatiisi<\/a><\/td>\n<td style=\"width: 33.3333%; height: 24px;\">9120877<\/td>\n<td style=\"width: 33.3333%; height: 24px;\">355833000<\/td>\n<\/tr>\n<tr style=\"height: 24px;\">\n<td style=\"width: 33.3333%; height: 24px;\"><a href=\"https:\/\/ship-tracker.org\/fi\/carnival-breeze\/\">Carnival Breeze<\/a><\/td>\n<td style=\"width: 33.3333%; height: 24px;\">9555723<\/td>\n<td style=\"width: 33.3333%; height: 24px;\">354842000<\/td>\n<\/tr>\n<tr style=\"height: 24px;\">\n<td style=\"width: 33.3333%; height: 24px;\"><a href=\"https:\/\/ship-tracker.org\/fi\/carnival-glory\/\">Carnival Glory<\/a><\/td>\n<td style=\"width: 33.3333%; height: 24px;\">9198367<\/td>\n<td style=\"width: 33.3333%; height: 24px;\">357659000<\/td>\n<\/tr>\n<tr style=\"height: 24px;\">\n<td style=\"width: 33.3333%; height: 24px;\"><a href=\"https:\/\/ship-tracker.org\/fi\/carnival-miracle\/\">Karnevaalin ihme<\/a><\/td>\n<td style=\"width: 33.3333%; height: 24px;\">9237357<\/td>\n<td style=\"width: 33.3333%; height: 24px;\">354277000<\/td>\n<\/tr>\n<tr style=\"height: 24px;\">\n<td style=\"width: 33.3333%; height: 24px;\"><a href=\"https:\/\/ship-tracker.org\/fi\/carnival-horizon\/\">Karnevaali Horisontti<\/a><\/td>\n<td style=\"width: 33.3333%; height: 24px;\">9767091<\/td>\n<td style=\"width: 33.3333%; height: 24px;\">370039000<\/td>\n<\/tr>\n<tr style=\"height: 24px;\">\n<td style=\"width: 33.3333%; height: 24px;\"><a href=\"https:\/\/ship-tracker.org\/fi\/carnival-panorama\/\">Karnevaali Panoraama<\/a><\/td>\n<td style=\"width: 33.3333%; height: 24px;\">9802384<\/td>\n<td style=\"width: 33.3333%; height: 24px;\">374527000<\/td>\n<\/tr>\n<tr style=\"height: 24px;\">\n<td style=\"width: 33.3333%; height: 24px;\"><a href=\"https:\/\/ship-tracker.org\/fi\/carnival-mardi-gras\/\">Karnevaali Mardi Gras<\/a><\/td>\n<td style=\"width: 33.3333%; height: 24px;\">9837444<\/td>\n<td style=\"width: 33.3333%; height: 24px;\">311001049<\/td>\n<\/tr>\n<tr style=\"height: 23px;\">\n<td style=\"width: 33.3333%; height: 23px;\"><a href=\"https:\/\/ship-tracker.org\/fi\/carnival-radiance\/\">Carnival Radiance<\/a><\/td>\n<td style=\"width: 33.3333%; height: 23px;\">9172648<\/td>\n<td style=\"width: 33.3333%; height: 23px;\">355263000<\/td>\n<\/tr>\n<tr style=\"height: 23px;\">\n<td style=\"width: 33.3333%; height: 23px;\"><a href=\"https:\/\/ship-tracker.org\/fi\/carnival-sunrise\/\">Karnevaali auringonnousu<\/a><\/td>\n<td style=\"width: 33.3333%; height: 23px;\">9138850<\/td>\n<td style=\"width: 33.3333%; height: 23px;\">308045000<\/td>\n<\/tr>\n<tr style=\"height: 23px;\">\n<td style=\"width: 33.3333%; height: 23px;\"><a href=\"https:\/\/ship-tracker.org\/fi\/carnival-celebration\/\">Karnevaalin juhla<\/a><\/td>\n<td style=\"width: 33.3333%; height: 23px;\">9837456<\/td>\n<td style=\"width: 33.3333%; height: 23px;\">352898755<\/td>\n<\/tr>\n<tr style=\"height: 23px;\">\n<td style=\"width: 33.3333%; height: 23px;\"><a href=\"https:\/\/ship-tracker.org\/fi\/carnival-jubilee\/\">Karnevaalijuhla<\/a><\/td>\n<td style=\"width: 33.3333%; height: 23px;\">2023<\/td>\n<td style=\"width: 33.3333%; height: 23px;\"><\/td>\n<\/tr>\n<\/tbody>\n<\/table>\n<h2>Tietoja Carnival Cruise Linesta<\/h2>\n<p>Carnival Cruise Line on yksi maailman kahdesta suurimmasta risteilyyhti\u00f6st\u00e4 28 laivalla ja 5,2 miljoonalla matkustajalla vuosittain. Laivaston nuorin j\u00e4sen on Carnival Panorama (4 008 matkustajaa), joka aloittaa ensimm\u00e4iset risteilyns\u00e4 joulukuussa 2019 toisena Vista-luokan uudisrakennuksena.<\/p>\n<p>Sit\u00e4 seuraa elokuussa 2020 Mardi Gras, t\u00e4h\u00e4n menness\u00e4 suurin alus (5 200 vierasta) ja ensimm\u00e4inen nesteytetyll\u00e4 maakaasulla (LNG) liikenn\u00f6iv\u00e4 laiva. Toinen LNG-risteilij\u00e4 on tulossa vuonna 2022. Carnival Cruise Line on vuodesta 1993 l\u00e4htien ollut vain tuolloin perustetun Carnival Corporationin perustajayhti\u00f6, joka on edelleen sen lipun alla. Siit\u00e4 l\u00e4htien laivasto on kasvanut tasaisesti suosionsa kanssa. Samaan aikaan laivastossa on 26 alusta, eik\u00e4 loppua n\u00e4y. Vuoden 2018 uudisrakennuksen j\u00e4lkeen uusia aluksia lis\u00e4t\u00e4\u00e4n my\u00f6s vuosina 2020 ja 2022.<\/p>","protected":false},"excerpt":{"rendered":"<p>Carnival Cruise Line Fleet Sijainti Alukset, IMO-numerot, MMSI, Web-kamerat Miss\u00e4 Carnival Cruise Line Fleetin nykyinen sijainti on t\u00e4ll\u00e4 hetkell\u00e4? Ship IMO MMSI Carnival Inspiration 9087489 309484000 Carnival Sunshine 9070058 308017000 Carnival Splendor 9333163 372808000 Carnival Legend 9224726 Spirit 9224726 Spirit 9224726 Spirit 9224726 2092857 00 Carnival Triumph 9138850 308045000 Carnival Liberty 9278181 371083000 Carnival Elation 9118721\u2026&nbsp;<a href=\"https:\/\/ship-tracker.org\/fi\/carnival-cruise-line\/\" rel=\"bookmark\">Lue lis\u00e4\u00e4 \u00bb<span class=\"screen-reader-text\">Carnival Cruise Line<\/span><\/a><\/p>","protected":false},"author":1,"featured_media":2067,"parent":0,"menu_order":0,"comment_status":"closed","ping_status":"closed","template":"","meta":{"neve_meta_sidebar":"","neve_meta_container":"","neve_meta_enable_content_width":"","neve_meta_content_width":0,"neve_meta_title_alignment":"","neve_meta_author_avatar":"","neve_post_elements_order":"","neve_meta_disable_header":"","neve_meta_disable_footer":"","neve_meta_disable_title":"","neve_meta_reading_time":"","footnotes":""},"class_list":["post-1551","page","type-page","status-publish","has-post-thumbnail","hentry"],"yoast_head":"<!-- This site is optimized with the Yoast SEO plugin v27.4 - https:\/\/yoast.com\/product\/yoast-seo-wordpress\/ -->\n<title>Track Carnival Cruise Line Fleet | Cruise Ships | Marine Vessel<\/title>\n<meta name=\"description\" content=\"Carnival Cruise Line Fleet Location | Current Positions of Carnival Cruise Line Ships, IMO numbers, MMSI, Webcam | Live Fleet Maps\" \/>\n<meta name=\"robots\" content=\"index, follow, max-snippet:-1, max-image-preview:large, max-video-preview:-1\" \/>\n<link rel=\"canonical\" href=\"https:\/\/ship-tracker.org\/fi\/carnival-cruise-line\/\" \/>\n<meta property=\"og:locale\" content=\"fi_FI\" \/>\n<meta property=\"og:type\" content=\"article\" \/>\n<meta property=\"og:title\" content=\"Track Carnival Cruise Line Fleet | Cruise Ships | Marine Vessel\" \/>\n<meta property=\"og:description\" content=\"Carnival Cruise Line Fleet Location | Current Positions of Carnival Cruise Line Ships, IMO numbers, MMSI, Webcam | Live Fleet Maps\" \/>\n<meta property=\"og:url\" content=\"https:\/\/ship-tracker.org\/fi\/carnival-cruise-line\/\" \/>\n<meta property=\"og:site_name\" content=\"Ship-tracker.org\" \/>\n<meta property=\"article:modified_time\" content=\"2022-11-01T11:53:43+00:00\" \/>\n<meta property=\"og:image\" content=\"https:\/\/ship-tracker.org\/wp-content\/uploads\/2020\/04\/carnival-web-480x327-1.jpg\" \/>\n\t<meta property=\"og:image:width\" content=\"480\" \/>\n\t<meta property=\"og:image:height\" content=\"327\" \/>\n\t<meta property=\"og:image:type\" content=\"image\/jpeg\" \/>\n<meta name=\"twitter:card\" content=\"summary_large_image\" \/>\n<meta name=\"twitter:label1\" content=\"Arvioitu lukuaika\" \/>\n\t<meta name=\"twitter:data1\" content=\"2 minuuttia\" \/>\n<script type=\"application\/ld+json\" class=\"yoast-schema-graph\">{\"@context\":\"https:\\\/\\\/schema.org\",\"@graph\":[{\"@type\":\"WebPage\",\"@id\":\"https:\\\/\\\/ship-tracker.org\\\/carnival-cruise-line\\\/\",\"url\":\"https:\\\/\\\/ship-tracker.org\\\/carnival-cruise-line\\\/\",\"name\":\"Track Carnival Cruise Line Fleet | Cruise Ships | Marine Vessel\",\"isPartOf\":{\"@id\":\"https:\\\/\\\/ship-tracker.org\\\/#website\"},\"primaryImageOfPage\":{\"@id\":\"https:\\\/\\\/ship-tracker.org\\\/carnival-cruise-line\\\/#primaryimage\"},\"image\":{\"@id\":\"https:\\\/\\\/ship-tracker.org\\\/carnival-cruise-line\\\/#primaryimage\"},\"thumbnailUrl\":\"https:\\\/\\\/ship-tracker.org\\\/wp-content\\\/uploads\\\/2020\\\/04\\\/carnival-web-480x327-1.jpg\",\"datePublished\":\"2020-04-29T12:30:38+00:00\",\"dateModified\":\"2022-11-01T11:53:43+00:00\",\"description\":\"Carnival Cruise Line Fleet Location | Current Positions of Carnival Cruise Line Ships, IMO numbers, MMSI, Webcam | Live Fleet Maps\",\"breadcrumb\":{\"@id\":\"https:\\\/\\\/ship-tracker.org\\\/carnival-cruise-line\\\/#breadcrumb\"},\"inLanguage\":\"fi\",\"potentialAction\":[{\"@type\":\"ReadAction\",\"target\":[\"https:\\\/\\\/ship-tracker.org\\\/carnival-cruise-line\\\/\"]}]},{\"@type\":\"ImageObject\",\"inLanguage\":\"fi\",\"@id\":\"https:\\\/\\\/ship-tracker.org\\\/carnival-cruise-line\\\/#primaryimage\",\"url\":\"https:\\\/\\\/ship-tracker.org\\\/wp-content\\\/uploads\\\/2020\\\/04\\\/carnival-web-480x327-1.jpg\",\"contentUrl\":\"https:\\\/\\\/ship-tracker.org\\\/wp-content\\\/uploads\\\/2020\\\/04\\\/carnival-web-480x327-1.jpg\",\"width\":480,\"height\":327,\"caption\":\"Carnival Cruise Line\"},{\"@type\":\"BreadcrumbList\",\"@id\":\"https:\\\/\\\/ship-tracker.org\\\/carnival-cruise-line\\\/#breadcrumb\",\"itemListElement\":[{\"@type\":\"ListItem\",\"position\":1,\"name\":\"Startseite\",\"item\":\"https:\\\/\\\/ship-tracker.org\\\/\"},{\"@type\":\"ListItem\",\"position\":2,\"name\":\"Carnival Cruise Line\"}]},{\"@type\":\"WebSite\",\"@id\":\"https:\\\/\\\/ship-tracker.org\\\/#website\",\"url\":\"https:\\\/\\\/ship-tracker.org\\\/\",\"name\":\"Ship-tracker.org\",\"description\":\"\",\"potentialAction\":[{\"@type\":\"SearchAction\",\"target\":{\"@type\":\"EntryPoint\",\"urlTemplate\":\"https:\\\/\\\/ship-tracker.org\\\/?s={search_term_string}\"},\"query-input\":{\"@type\":\"PropertyValueSpecification\",\"valueRequired\":true,\"valueName\":\"search_term_string\"}}],\"inLanguage\":\"fi\"}]}<\/script>\n<!-- \/ Yoast SEO plugin. -->","yoast_head_json":{"title":"Track Carnival Cruise Line Fleet | Risteilyalukset | Meri-alus","description":"Carnival Cruise Line Fleet Sijainti | Carnival Cruise Line -alusten nykyiset sijainnit, IMO-numerot, MMSI, verkkokamera | Live-laivastokartat","robots":{"index":"index","follow":"follow","max-snippet":"max-snippet:-1","max-image-preview":"max-image-preview:large","max-video-preview":"max-video-preview:-1"},"canonical":"https:\/\/ship-tracker.org\/fi\/carnival-cruise-line\/","og_locale":"fi_FI","og_type":"article","og_title":"Track Carnival Cruise Line Fleet | Cruise Ships | Marine Vessel","og_description":"Carnival Cruise Line Fleet Location | Current Positions of Carnival Cruise Line Ships, IMO numbers, MMSI, Webcam | Live Fleet Maps","og_url":"https:\/\/ship-tracker.org\/fi\/carnival-cruise-line\/","og_site_name":"Ship-tracker.org","article_modified_time":"2022-11-01T11:53:43+00:00","og_image":[{"width":480,"height":327,"url":"https:\/\/ship-tracker.org\/wp-content\/uploads\/2020\/04\/carnival-web-480x327-1.jpg","type":"image\/jpeg"}],"twitter_card":"summary_large_image","twitter_misc":{"Arvioitu lukuaika":"2 minuuttia"},"schema":{"@context":"https:\/\/schema.org","@graph":[{"@type":"WebPage","@id":"https:\/\/ship-tracker.org\/carnival-cruise-line\/","url":"https:\/\/ship-tracker.org\/carnival-cruise-line\/","name":"Track Carnival Cruise Line Fleet | Risteilyalukset | Meri-alus","isPartOf":{"@id":"https:\/\/ship-tracker.org\/#website"},"primaryImageOfPage":{"@id":"https:\/\/ship-tracker.org\/carnival-cruise-line\/#primaryimage"},"image":{"@id":"https:\/\/ship-tracker.org\/carnival-cruise-line\/#primaryimage"},"thumbnailUrl":"https:\/\/ship-tracker.org\/wp-content\/uploads\/2020\/04\/carnival-web-480x327-1.jpg","datePublished":"2020-04-29T12:30:38+00:00","dateModified":"2022-11-01T11:53:43+00:00","description":"Carnival Cruise Line Fleet Sijainti | Carnival Cruise Line -alusten nykyiset sijainnit, IMO-numerot, MMSI, verkkokamera | Live-laivastokartat","breadcrumb":{"@id":"https:\/\/ship-tracker.org\/carnival-cruise-line\/#breadcrumb"},"inLanguage":"fi","potentialAction":[{"@type":"ReadAction","target":["https:\/\/ship-tracker.org\/carnival-cruise-line\/"]}]},{"@type":"ImageObject","inLanguage":"fi","@id":"https:\/\/ship-tracker.org\/carnival-cruise-line\/#primaryimage","url":"https:\/\/ship-tracker.org\/wp-content\/uploads\/2020\/04\/carnival-web-480x327-1.jpg","contentUrl":"https:\/\/ship-tracker.org\/wp-content\/uploads\/2020\/04\/carnival-web-480x327-1.jpg","width":480,"height":327,"caption":"Carnival Cruise Line"},{"@type":"BreadcrumbList","@id":"https:\/\/ship-tracker.org\/carnival-cruise-line\/#breadcrumb","itemListElement":[{"@type":"ListItem","position":1,"name":"Startseite","item":"https:\/\/ship-tracker.org\/"},{"@type":"ListItem","position":2,"name":"Carnival Cruise Line"}]},{"@type":"WebSite","@id":"https:\/\/ship-tracker.org\/#website","url":"https:\/\/ship-tracker.org\/","name":"Ship-tracker.org","description":"","potentialAction":[{"@type":"SearchAction","target":{"@type":"EntryPoint","urlTemplate":"https:\/\/ship-tracker.org\/?s={search_term_string}"},"query-input":{"@type":"PropertyValueSpecification","valueRequired":true,"valueName":"search_term_string"}}],"inLanguage":"fi"}]}},"_links":{"self":[{"href":"https:\/\/ship-tracker.org\/fi\/wp-json\/wp\/v2\/pages\/1551","targetHints":{"allow":["GET"]}}],"collection":[{"href":"https:\/\/ship-tracker.org\/fi\/wp-json\/wp\/v2\/pages"}],"about":[{"href":"https:\/\/ship-tracker.org\/fi\/wp-json\/wp\/v2\/types\/page"}],"author":[{"embeddable":true,"href":"https:\/\/ship-tracker.org\/fi\/wp-json\/wp\/v2\/users\/1"}],"replies":[{"embeddable":true,"href":"https:\/\/ship-tracker.org\/fi\/wp-json\/wp\/v2\/comments?post=1551"}],"version-history":[{"count":8,"href":"https:\/\/ship-tracker.org\/fi\/wp-json\/wp\/v2\/pages\/1551\/revisions"}],"predecessor-version":[{"id":3514,"href":"https:\/\/ship-tracker.org\/fi\/wp-json\/wp\/v2\/pages\/1551\/revisions\/3514"}],"wp:featuredmedia":[{"embeddable":true,"href":"https:\/\/ship-tracker.org\/fi\/wp-json\/wp\/v2\/media\/2067"}],"wp:attachment":[{"href":"https:\/\/ship-tracker.org\/fi\/wp-json\/wp\/v2\/media?parent=1551"}],"curies":[{"name":"wp","href":"https:\/\/api.w.org\/{rel}","templated":true}]}}