{"id":1534,"date":"2019-10-29T11:57:40","date_gmt":"2019-10-29T10:57:40","guid":{"rendered":"https:\/\/ship-tracker.org\/?page_id=1534"},"modified":"2022-09-07T17:10:58","modified_gmt":"2022-09-07T15:10:58","slug":"hurricane-tracker","status":"publish","type":"page","link":"https:\/\/ship-tracker.org\/fi\/hurricane-tracker\/","title":{"rendered":"Hurricane Tracker"},"content":{"rendered":"<h2 class=\"cruisin-style01\">Hurricane Trackerin live-kartta<\/h2>\n<p><script async src=\"https:\/\/pagead2.googlesyndication.com\/pagead\/js\/adsbygoogle.js\"><\/script><br \/>\n<!-- Ship-Tracker Display --><br \/>\n<ins class=\"adsbygoogle\" style=\"display: block;\" data-ad-client=\"ca-pub-1316785063791781\" data-ad-slot=\"8075999632\" data-ad-format=\"auto\" data-full-width-responsive=\"true\"><\/ins><br \/>\n<script>\n     (adsbygoogle = window.adsbygoogle || []).push({});\n<\/script><br \/>\nHurricane and Tropical Storm Tracker liven\u00e4. Sis\u00e4lt\u00e4\u00e4 seurantakartan, live-tutkan, ennustekartiot ja j\u00e4ljet, tuulen nopeus- ja painekaaviot.<\/p>\n<p>The <a href=\"https:\/\/weather-radar24.com\/hurricane-tracker\/\" target=\"_blank\" rel=\"noopener\">hurrikaanin seurantakartta<\/a> n\u00e4ytt\u00e4\u00e4 maailmanlaajuisesti ankarat myrskyt, hurrikaanin, tornadon, taifuunin ja salaman ja kerro kuinka myrsky liikkuu.<\/p>\n<p><strong>Siirr\u00e4 karttaa l\u00f6yt\u00e4\u00e4ksesi myrskyn, jota haluat seurata.<\/strong><br \/>\n<iframe loading=\"lazy\" src=\"https:\/\/embed.windy.com\/embed2.html?lat=34.778&amp;lon=-44.648&amp;zoom=4&amp;level=surface&amp;overlay=thunder&amp;menu=&amp;message=&amp;marker=&amp;calendar=&amp;pressure=&amp;type=map&amp;location=coordinates&amp;detail=&amp;detailLat=34.778&amp;detailLon=-44.648&amp;metricWind=default&amp;metricTemp=default&amp;radarRange=-1\" width=\"650\" height=\"450\" frameborder=\"0\"><\/iframe><\/p>\n<h2>Hurrikaanitutka \u2013 Tornado \u2013 Taifuuni, myrskykartta<\/h2>\n<p>Toistopainikkeella voi toistaa hurrikaanin kurssin viimeisen tunnin aikana. Karttaa voi l\u00e4hent\u00e4\u00e4 tai loitontaa ja vieritt\u00e4\u00e4 halutessaan. Kartan vaaleanharmaita alueita valvotaan mittausasemien avulla, joissa ankara s\u00e4\u00e4 voidaan tallentaa ja n\u00e4ytt\u00e4\u00e4. Tummanharmailla vy\u00f6hykkeill\u00e4 ei ole mittausasemia, joten siell\u00e4 ei voi n\u00e4ytt\u00e4\u00e4 ankaraa s\u00e4\u00e4t\u00e4. T\u00e4rkeimm\u00e4t alueet ovat Eurooppa, Yhdysvallat ja osa Aasiasta, Etel\u00e4-Amerikasta ja Australiasta.<\/p>\n<h3>Pahimmat hurrikaanit<\/h3>\n<ul>\n<li>Hurrikaani Karl - 2004<\/li>\n<li>Hurrikaani Nicole \u2013 2016<\/li>\n<li>Hurrikaani Lili - 1996<\/li>\n<li>Hurrikaani Igor - 2010<\/li>\n<li>Hurrikaani Sandy \u2013 2012<\/li>\n<li>Hurrikaani Olga - 2001<\/li>\n<li>Hurrikan Katrina \u2013 2005<\/li>\n<li>Hurrikaani Irma \u2013 2017<\/li>\n<li>Hurrikaani Florence \u2013 2018<\/li>\n<li>Taifuunivinkki \u2013 1979<\/li>\n<\/ul>\n<p><a href=\"https:\/\/ship-tracker.org\/fi\/thunderstorm-tracker\/\">Tarkista t\u00e4\u00e4lt\u00e4 ukkosmyrsky<\/a>.<\/p>\n<p><script async src=\"https:\/\/pagead2.googlesyndication.com\/pagead\/js\/adsbygoogle.js\"><\/script><br \/>\n<!-- Ship-Tracker Display --><br \/>\n<ins class=\"adsbygoogle\" style=\"display: block;\" data-ad-client=\"ca-pub-1316785063791781\" data-ad-slot=\"8075999632\" data-ad-format=\"auto\" data-full-width-responsive=\"true\"><\/ins><br \/>\n<script>\n     (adsbygoogle = window.adsbygoogle || []).push({});\n<\/script><\/p>\n<div id=\"gtx-trans\" style=\"position: absolute; left: 204px; top: 895.031px;\">\n<div class=\"gtx-trans-icon\"><\/div>\n<\/div>","protected":false},"excerpt":{"rendered":"<p>Hurricane Tracker Live Map Hurricane and Tropical Storm Tracker liven\u00e4. Sis\u00e4lt\u00e4\u00e4 seurantakartan, live-tutkan, ennustekartiot ja j\u00e4ljet, tuulen nopeus- ja painekaaviot. Hurrikaaniseurantakartta n\u00e4ytt\u00e4\u00e4 maailmanlaajuisesti ankarat myrskyt, hurrikaani, tornado, taifuuni ja salama ja kerro, miten myrsky liikkuu. Siirr\u00e4 karttaa l\u00f6yt\u00e4\u00e4ksesi myrskyn, jonka\u2026&nbsp;<a href=\"https:\/\/ship-tracker.org\/fi\/hurricane-tracker\/\" rel=\"bookmark\">Lue lis\u00e4\u00e4 \u00bb<span class=\"screen-reader-text\">Hurricane Tracker<\/span><\/a><\/p>","protected":false},"author":1,"featured_media":3265,"parent":0,"menu_order":0,"comment_status":"closed","ping_status":"closed","template":"","meta":{"neve_meta_sidebar":"","neve_meta_container":"","neve_meta_enable_content_width":"","neve_meta_content_width":0,"neve_meta_title_alignment":"","neve_meta_author_avatar":"","neve_post_elements_order":"","neve_meta_disable_header":"","neve_meta_disable_footer":"","neve_meta_disable_title":"","neve_meta_reading_time":"","footnotes":""},"class_list":["post-1534","page","type-page","status-publish","has-post-thumbnail","hentry"],"yoast_head":"<!-- This site is optimized with the Yoast SEO plugin v27.4 - https:\/\/yoast.com\/product\/yoast-seo-wordpress\/ -->\n<title>Hurricane Tracker - Tornado - Typhoon, Storm Map<\/title>\n<meta name=\"description\" content=\"Hurricane Tracker Live \u2713 Includes tracking map, live radar, forecast cones and tracks, wind speed and pressure charts \u2713 Tropical Storms\" \/>\n<meta name=\"robots\" content=\"index, follow, max-snippet:-1, max-image-preview:large, max-video-preview:-1\" \/>\n<link rel=\"canonical\" href=\"https:\/\/ship-tracker.org\/fi\/hurricane-tracker\/\" \/>\n<meta property=\"og:locale\" content=\"fi_FI\" \/>\n<meta property=\"og:type\" content=\"article\" \/>\n<meta property=\"og:title\" content=\"Hurricane Tracker - Tornado - Typhoon, Storm Map\" \/>\n<meta property=\"og:description\" content=\"Hurricane Tracker Live \u2713 Includes tracking map, live radar, forecast cones and tracks, wind speed and pressure charts \u2713 Tropical Storms\" \/>\n<meta property=\"og:url\" content=\"https:\/\/ship-tracker.org\/fi\/hurricane-tracker\/\" \/>\n<meta property=\"og:site_name\" content=\"Ship-tracker.org\" \/>\n<meta property=\"article:modified_time\" content=\"2022-09-07T15:10:58+00:00\" \/>\n<meta property=\"og:image\" content=\"https:\/\/ship-tracker.org\/wp-content\/uploads\/2020\/05\/hurricane-67581_640.jpg\" \/>\n\t<meta property=\"og:image:width\" content=\"640\" \/>\n\t<meta property=\"og:image:height\" content=\"476\" \/>\n\t<meta property=\"og:image:type\" content=\"image\/jpeg\" \/>\n<meta name=\"twitter:card\" content=\"summary_large_image\" \/>\n<meta name=\"twitter:label1\" content=\"Arvioitu lukuaika\" \/>\n\t<meta name=\"twitter:data1\" content=\"1 minuutti\" \/>\n<script type=\"application\/ld+json\" class=\"yoast-schema-graph\">{\"@context\":\"https:\\\/\\\/schema.org\",\"@graph\":[{\"@type\":\"WebPage\",\"@id\":\"https:\\\/\\\/ship-tracker.org\\\/hurricane-tracker\\\/\",\"url\":\"https:\\\/\\\/ship-tracker.org\\\/hurricane-tracker\\\/\",\"name\":\"Hurricane Tracker - Tornado - Typhoon, Storm Map\",\"isPartOf\":{\"@id\":\"https:\\\/\\\/ship-tracker.org\\\/#website\"},\"primaryImageOfPage\":{\"@id\":\"https:\\\/\\\/ship-tracker.org\\\/hurricane-tracker\\\/#primaryimage\"},\"image\":{\"@id\":\"https:\\\/\\\/ship-tracker.org\\\/hurricane-tracker\\\/#primaryimage\"},\"thumbnailUrl\":\"https:\\\/\\\/ship-tracker.org\\\/wp-content\\\/uploads\\\/2020\\\/05\\\/hurricane-67581_640.jpg\",\"datePublished\":\"2019-10-29T10:57:40+00:00\",\"dateModified\":\"2022-09-07T15:10:58+00:00\",\"description\":\"Hurricane Tracker Live \u2713 Includes tracking map, live radar, forecast cones and tracks, wind speed and pressure charts \u2713 Tropical Storms\",\"breadcrumb\":{\"@id\":\"https:\\\/\\\/ship-tracker.org\\\/hurricane-tracker\\\/#breadcrumb\"},\"inLanguage\":\"fi\",\"potentialAction\":[{\"@type\":\"ReadAction\",\"target\":[\"https:\\\/\\\/ship-tracker.org\\\/hurricane-tracker\\\/\"]}]},{\"@type\":\"ImageObject\",\"inLanguage\":\"fi\",\"@id\":\"https:\\\/\\\/ship-tracker.org\\\/hurricane-tracker\\\/#primaryimage\",\"url\":\"https:\\\/\\\/ship-tracker.org\\\/wp-content\\\/uploads\\\/2020\\\/05\\\/hurricane-67581_640.jpg\",\"contentUrl\":\"https:\\\/\\\/ship-tracker.org\\\/wp-content\\\/uploads\\\/2020\\\/05\\\/hurricane-67581_640.jpg\",\"width\":640,\"height\":476,\"caption\":\"Hurricane Tracker\"},{\"@type\":\"BreadcrumbList\",\"@id\":\"https:\\\/\\\/ship-tracker.org\\\/hurricane-tracker\\\/#breadcrumb\",\"itemListElement\":[{\"@type\":\"ListItem\",\"position\":1,\"name\":\"Startseite\",\"item\":\"https:\\\/\\\/ship-tracker.org\\\/\"},{\"@type\":\"ListItem\",\"position\":2,\"name\":\"Hurricane Tracker\"}]},{\"@type\":\"WebSite\",\"@id\":\"https:\\\/\\\/ship-tracker.org\\\/#website\",\"url\":\"https:\\\/\\\/ship-tracker.org\\\/\",\"name\":\"Ship-tracker.org\",\"description\":\"\",\"potentialAction\":[{\"@type\":\"SearchAction\",\"target\":{\"@type\":\"EntryPoint\",\"urlTemplate\":\"https:\\\/\\\/ship-tracker.org\\\/?s={search_term_string}\"},\"query-input\":{\"@type\":\"PropertyValueSpecification\",\"valueRequired\":true,\"valueName\":\"search_term_string\"}}],\"inLanguage\":\"fi\"}]}<\/script>\n<!-- \/ Yoast SEO plugin. -->","yoast_head_json":{"title":"Hurricane Tracker - Tornado - Typhoon, myrskykartta","description":"Hurricane Tracker Live \u2713 Sis\u00e4lt\u00e4\u00e4 seurantakartan, reaaliaikaisen tutkan, ennustekartiot ja j\u00e4ljet, tuulen nopeus- ja painekaaviot \u2713 Trooppiset myrskyt","robots":{"index":"index","follow":"follow","max-snippet":"max-snippet:-1","max-image-preview":"max-image-preview:large","max-video-preview":"max-video-preview:-1"},"canonical":"https:\/\/ship-tracker.org\/fi\/hurricane-tracker\/","og_locale":"fi_FI","og_type":"article","og_title":"Hurricane Tracker - Tornado - Typhoon, Storm Map","og_description":"Hurricane Tracker Live \u2713 Includes tracking map, live radar, forecast cones and tracks, wind speed and pressure charts \u2713 Tropical Storms","og_url":"https:\/\/ship-tracker.org\/fi\/hurricane-tracker\/","og_site_name":"Ship-tracker.org","article_modified_time":"2022-09-07T15:10:58+00:00","og_image":[{"width":640,"height":476,"url":"https:\/\/ship-tracker.org\/wp-content\/uploads\/2020\/05\/hurricane-67581_640.jpg","type":"image\/jpeg"}],"twitter_card":"summary_large_image","twitter_misc":{"Arvioitu lukuaika":"1 minuutti"},"schema":{"@context":"https:\/\/schema.org","@graph":[{"@type":"WebPage","@id":"https:\/\/ship-tracker.org\/hurricane-tracker\/","url":"https:\/\/ship-tracker.org\/hurricane-tracker\/","name":"Hurricane Tracker - Tornado - Typhoon, myrskykartta","isPartOf":{"@id":"https:\/\/ship-tracker.org\/#website"},"primaryImageOfPage":{"@id":"https:\/\/ship-tracker.org\/hurricane-tracker\/#primaryimage"},"image":{"@id":"https:\/\/ship-tracker.org\/hurricane-tracker\/#primaryimage"},"thumbnailUrl":"https:\/\/ship-tracker.org\/wp-content\/uploads\/2020\/05\/hurricane-67581_640.jpg","datePublished":"2019-10-29T10:57:40+00:00","dateModified":"2022-09-07T15:10:58+00:00","description":"Hurricane Tracker Live \u2713 Sis\u00e4lt\u00e4\u00e4 seurantakartan, reaaliaikaisen tutkan, ennustekartiot ja j\u00e4ljet, tuulen nopeus- ja painekaaviot \u2713 Trooppiset myrskyt","breadcrumb":{"@id":"https:\/\/ship-tracker.org\/hurricane-tracker\/#breadcrumb"},"inLanguage":"fi","potentialAction":[{"@type":"ReadAction","target":["https:\/\/ship-tracker.org\/hurricane-tracker\/"]}]},{"@type":"ImageObject","inLanguage":"fi","@id":"https:\/\/ship-tracker.org\/hurricane-tracker\/#primaryimage","url":"https:\/\/ship-tracker.org\/wp-content\/uploads\/2020\/05\/hurricane-67581_640.jpg","contentUrl":"https:\/\/ship-tracker.org\/wp-content\/uploads\/2020\/05\/hurricane-67581_640.jpg","width":640,"height":476,"caption":"Hurricane Tracker"},{"@type":"BreadcrumbList","@id":"https:\/\/ship-tracker.org\/hurricane-tracker\/#breadcrumb","itemListElement":[{"@type":"ListItem","position":1,"name":"Startseite","item":"https:\/\/ship-tracker.org\/"},{"@type":"ListItem","position":2,"name":"Hurricane Tracker"}]},{"@type":"WebSite","@id":"https:\/\/ship-tracker.org\/#website","url":"https:\/\/ship-tracker.org\/","name":"Ship-tracker.org","description":"","potentialAction":[{"@type":"SearchAction","target":{"@type":"EntryPoint","urlTemplate":"https:\/\/ship-tracker.org\/?s={search_term_string}"},"query-input":{"@type":"PropertyValueSpecification","valueRequired":true,"valueName":"search_term_string"}}],"inLanguage":"fi"}]}},"_links":{"self":[{"href":"https:\/\/ship-tracker.org\/fi\/wp-json\/wp\/v2\/pages\/1534","targetHints":{"allow":["GET"]}}],"collection":[{"href":"https:\/\/ship-tracker.org\/fi\/wp-json\/wp\/v2\/pages"}],"about":[{"href":"https:\/\/ship-tracker.org\/fi\/wp-json\/wp\/v2\/types\/page"}],"author":[{"embeddable":true,"href":"https:\/\/ship-tracker.org\/fi\/wp-json\/wp\/v2\/users\/1"}],"replies":[{"embeddable":true,"href":"https:\/\/ship-tracker.org\/fi\/wp-json\/wp\/v2\/comments?post=1534"}],"version-history":[{"count":9,"href":"https:\/\/ship-tracker.org\/fi\/wp-json\/wp\/v2\/pages\/1534\/revisions"}],"predecessor-version":[{"id":3471,"href":"https:\/\/ship-tracker.org\/fi\/wp-json\/wp\/v2\/pages\/1534\/revisions\/3471"}],"wp:featuredmedia":[{"embeddable":true,"href":"https:\/\/ship-tracker.org\/fi\/wp-json\/wp\/v2\/media\/3265"}],"wp:attachment":[{"href":"https:\/\/ship-tracker.org\/fi\/wp-json\/wp\/v2\/media?parent=1534"}],"curies":[{"name":"wp","href":"https:\/\/api.w.org\/{rel}","templated":true}]}}