{"id":745,"date":"2019-03-28T16:16:09","date_gmt":"2019-03-28T15:16:09","guid":{"rendered":"https:\/\/ship-tracker.org\/?page_id=745"},"modified":"2021-11-08T21:05:13","modified_gmt":"2021-11-08T20:05:13","slug":"cruise-ship-tracker","status":"publish","type":"page","link":"https:\/\/ship-tracker.org\/es\/cruise-ship-tracker\/","title":{"rendered":"Rastreador de cruceros"},"content":{"rendered":"<p><script async src=\"https:\/\/pagead2.googlesyndication.com\/pagead\/js\/adsbygoogle.js\"><span data-mce-type=\"bookmark\" style=\"display: inline-block; width: 0px; overflow: hidden; line-height: 0;\" class=\"mce_SELRES_start\">\ufeff<\/span><span data-mce-type=\"bookmark\" style=\"display: inline-block; width: 0px; overflow: hidden; line-height: 0;\" class=\"mce_SELRES_start\">\ufeff<\/span><\/script><br \/>\n<!-- Ship-Tracker Display --><br \/>\n<ins class=\"adsbygoogle\" style=\"display: block;\" data-ad-client=\"ca-pub-1316785063791781\" data-ad-slot=\"8075999632\" data-ad-format=\"auto\" data-full-width-responsive=\"true\"><\/ins><br \/>\n<script>\n     (adsbygoogle = window.adsbygoogle || []).push({});\n<\/script><\/p>\n<h2 class=\"p1\"><span class=\"s1\">Rastreador de cruceros - <\/span>Ubicaci\u00f3n del barco en tiempo real<\/h2>\n<p><script type=\"text\/javascript\">\nwidth='100%';\nheight='450';\n<\/script><br \/>\n<script type=\"text\/javascript\" src=\"\/\/www.marinetraffic.com\/js\/embed.js\"><\/script><\/p>\n<p><script async src=\"https:\/\/pagead2.googlesyndication.com\/pagead\/js\/adsbygoogle.js\"><\/script><br \/>\n<!-- Schip-Tracker Linkanzeigen --><br \/>\n<ins class=\"adsbygoogle\" style=\"display: block;\" data-ad-client=\"ca-pub-1316785063791781\" data-ad-slot=\"3429004156\" data-ad-format=\"link\" data-full-width-responsive=\"true\"><\/ins><br \/>\n<script>\n     (adsbygoogle = window.adsbygoogle || []).push({});\n<\/script><\/p>\n<p style=\"text-align: justify;\">El rastreo de embarcaciones es la ubicaci\u00f3n de cruceros m\u00e1s popular. Los familiares a menudo quieren saber si el viaje del crucero transcurre sin problemas o si el barco llegar\u00e1 al puerto o a su destino a tiempo.<\/p>\n<p class=\"p1\" style=\"text-align: justify;\"><span class=\"s1\">Hay ciertas cosas que necesita saber sobre el seguimiento de la flota de cruceros. No m\u00e1s de qu\u00e9 tipo de barco es lo que est\u00e1 manejando su compa\u00f1\u00eda, es importante saber que es seguro y fuera de su camino. Con la ayuda de un sistema AIS global, puede asegurarse de que sabe exactamente hacia d\u00f3nde se dirige su arma y que los conductores del barco tambi\u00e9n est\u00e1n seguros. <\/span><\/p>\n<p class=\"p1\" style=\"text-align: justify;\"><span class=\"s1\">Esta es la mayor\u00eda de las rutas eficaces porque es as\u00ed con el uso de santos y es incluso libre. Puede estar siempre en el trabajo y descargarlo en su tel\u00e9fono como una aplicaci\u00f3n, y verifique los detalles de sus consejos de crucero para asegurarse de que est\u00e1 funcionando a la vez.\u00a0<\/span><\/p>\n<h2>\u00bfC\u00f3mo ubicar los cruceros?<\/h2>\n<p style=\"text-align: justify;\">La posici\u00f3n de los cruceros es la m\u00e1s buscada. Los familiares a menudo quieren saber si el viaje del crucero transcurre sin problemas o si el barco llegar\u00e1 al puerto o a su destino a la hora prevista. Para ver la posici\u00f3n de un crucero espec\u00edfico, simplemente haga clic en el icono de lupa en la esquina superior izquierda. Luego puede ingresar el nombre del barco que est\u00e1 buscando. Luego, el barco se mostrar\u00e1 en su posici\u00f3n actual con toda la informaci\u00f3n.<\/p>\n<figure id=\"attachment_2025\" aria-describedby=\"caption-attachment-2025\" style=\"width: 768px\" class=\"wp-caption aligncenter\"><img loading=\"lazy\" decoding=\"async\" class=\"wp-image-2025 size-full\" src=\"https:\/\/ship-tracker.org\/wp-content\/uploads\/2020\/04\/karte-kreuzfahrt-kreuzfahrtschiff-schiffsposition-schiffsradar-768x388-1.jpg\" alt=\"\u00bfC\u00f3mo ubicar los cruceros?\" width=\"768\" height=\"388\" srcset=\"https:\/\/ship-tracker.org\/wp-content\/uploads\/2020\/04\/karte-kreuzfahrt-kreuzfahrtschiff-schiffsposition-schiffsradar-768x388-1.jpg 768w, https:\/\/ship-tracker.org\/wp-content\/uploads\/2020\/04\/karte-kreuzfahrt-kreuzfahrtschiff-schiffsposition-schiffsradar-768x388-1-300x152.jpg 300w\" sizes=\"auto, (max-width: 768px) 100vw, 768px\" \/><figcaption id=\"caption-attachment-2025\" class=\"wp-caption-text\">Captura de pantalla \u00a9 Marinetraffic.com<\/figcaption><\/figure>\n<p style=\"text-align: justify;\">En Marinetraffic, los barcos de pasajeros est\u00e1n representados por s\u00edmbolos azules. Aqu\u00ed todos los cruceros se pueden seleccionar f\u00e1cilmente para mantener una visi\u00f3n general y realizar b\u00fasquedas espec\u00edficas.<\/p>\n<h2>Ubicaci\u00f3n de cruceros en todo el mundo.<\/h2>\n<p style=\"text-align: justify;\">Especialmente con barcos grandes, es muy importante que se conozca la posici\u00f3n m\u00e1s actual en todo momento. Gracias a la tecnolog\u00eda moderna, esto ya no es un problema. Para este prop\u00f3sito, el llamado <a href=\"https:\/\/en.wikipedia.org\/wiki\/Automatic_identification_system\" target=\"_blank\" rel=\"noopener noreferrer\">Sistema de identificaci\u00f3n autom\u00e1tica<\/a> se utiliza, lo que env\u00eda permanentemente la ubicaci\u00f3n actual del barco a las estaciones base requeridas, que se distribuyen en todo el mundo. De hecho, existe una regulaci\u00f3n mundial sobre el equipamiento de los buques con este sistema.<\/p>\n<p style=\"text-align: justify;\">Por lo tanto, este sistema siempre debe estar a bordo y, por supuesto, activo. Los datos del sistema se eval\u00faan y procesan gr\u00e1ficamente para que est\u00e9n disponibles para usted.<\/p>\n<p>Desde el cl\u00e1sico crucero Mariner Of The Seas, en el que cientos de turistas toman el sol y se dejan mimar por el personal, hasta el gran barco de contenedores, en el que los productos se transportan a todos los pa\u00edses del mundo, la elecci\u00f3n de los barcos dif\u00edcilmente podr\u00eda ser mayor.<\/p>\n<h2>\u00bfC\u00f3mo se determina la posici\u00f3n del barco?<\/h2>\n<p style=\"text-align: justify;\">Si se pregunta c\u00f3mo funciona exactamente la investigaci\u00f3n sobre AIS, aqu\u00ed est\u00e1 la explicaci\u00f3n. AIS es la forma abreviada de Sistema de identificaci\u00f3n autom\u00e1tica. Es un sistema de radio utilizado para transmitir datos de barcos y navegaci\u00f3n. Permite identificar con precisi\u00f3n los barcos. Esta posibilidad aumenta enormemente la seguridad del barco. Los barcos transmiten datos estad\u00edsticos importantes y relacionados con el viaje a trav\u00e9s de AIS a intervalos regulares de 2 segundos a 3 minutos, todo a trav\u00e9s de transmisores y receptores especiales.<\/p>\n<h2>Este radar de crucero est\u00e1 a su disposici\u00f3n de forma gratuita.<\/h2>\n<p style=\"text-align: justify;\">Si est\u00e1 interesado en el seguimiento de cruceros y desea determinar una posici\u00f3n espec\u00edfica del barco, entonces est\u00e1 en el lugar correcto en las p\u00e1ginas Marinetraffic.com o Vesselfinder.com. Hoy en d\u00eda, todos los barcos est\u00e1n equipados con el llamado sistema AIS, que les permite transmitir continuamente su posici\u00f3n actual.<\/p>\n<p style=\"text-align: justify;\">Esto permite que los datos se ingresen en el mapa en tiempo real, para que pueda seguir la posici\u00f3n del barco en vivo desde su hogar, ya sea un crucero, un barco de contenedores, un remolcador o incluso un yate. Todos los barcos del mundo se pueden discutir en el mapa gracias al sistema AIS, ya sea que est\u00e9 buscando un barco espec\u00edfico o simplemente est\u00e9 interesado en el env\u00edo. Explorar los oc\u00e9anos es divertido, revela nuevos detalles todos los d\u00edas y tambi\u00e9n es totalmente gratuito para todos.<\/p>\n<p><script async src=\"https:\/\/pagead2.googlesyndication.com\/pagead\/js\/adsbygoogle.js\"><\/script><br \/>\n<!-- Ship-Tracker Display --><br \/>\n<ins class=\"adsbygoogle\" style=\"display: block;\" data-ad-client=\"ca-pub-1316785063791781\" data-ad-slot=\"8075999632\" data-ad-format=\"auto\" data-full-width-responsive=\"true\"><\/ins><br \/>\n<script>\n     (adsbygoogle = window.adsbygoogle || []).push({});\n<\/script><\/p>\n<h2 class=\"p1\"><span class=\"s1\">Seguridad a trav\u00e9s del crucero de cruceros\u00a0<\/span><\/h2>\n<p class=\"p1\" style=\"text-align: justify;\"><span class=\"s1\">El seguimiento de los modelos de entrenamiento es especialmente importante porque la seguridad de cada uno de ellos est\u00e1 en sus manos. El seguimiento de cruceros tambi\u00e9n es una obligaci\u00f3n legal; Hay procedimientos que se necesitaban para asegurarse de que todo funciona correctamente. Tratar de dar un buen ejemplo es tan importante como generar tr\u00e1fico, ya que se trata de la seguridad de las personas en las operaciones de bateo y de bateo.\u00a0<\/span><\/p>\n<p class=\"p1\" style=\"text-align: justify;\"><span class=\"s1\">Con actualizaciones sobre las condiciones clim\u00e1ticas, usted puede comunicarse con los conductores en el camino para darles una ayuda sobre la cual, posiblemente, evite viajar. Con la gran ayuda de los que escuchan, los trabajadores en el bote tambi\u00e9n sabr\u00e1n que evitan ciertas rutas debido a la gran cantidad de embarcaciones. Esto es gratis para usar y es una gran manera de asegurarse de que cada rutina se ejecute en la mayor\u00eda de los casos.<\/span><\/p>\n<h3 class=\"p1\"><span class=\"s1\">Ver la direcci\u00f3n\u00a0<\/span><\/h3>\n<p class=\"p1\" style=\"text-align: justify;\"><span class=\"s1\">No solo podr\u00e1 ver su propio estilo, pero la direcci\u00f3n de otros le rodear\u00e1. <a href=\"https:\/\/ship-tracker.org\/es\/vesselfinder\/\">Vesselfindrer<\/a> le notificar\u00e1 que hay otro barco cerca y que el suyo debe cambiar las direcciones de inmediato o tomar el otro consejo para asegurarse de que los caminos de cruce se hagan tan f\u00e1cilmente. Todos los m\u00e9todos que est\u00e1n teniendo \u00e9xito tambi\u00e9n tendr\u00e1n acceso a esto y podr\u00e1n ver a cada uno, seg\u00fan las condiciones, la velocidad y el tiempo que les llevar\u00e1 llegar a su destino. <\/span><\/p>\n<p class=\"p1\" style=\"text-align: justify;\"><span class=\"s1\">Este es un programa que no se va a dejar de fumar o trabajar de manera inconstante. Es muy consistente y muchas de ellas conf\u00edan en ellas para asegurarse de que est\u00e9n seguras o no en su elecci\u00f3n.\u00a0<\/span><\/p>\n<p><img loading=\"lazy\" decoding=\"async\" class=\"wp-image-746 size-full aligncenter\" src=\"https:\/\/ship-tracker.org\/wp-content\/uploads\/2019\/03\/cruise-ship-615116_640-1.jpg\" alt=\"Rastreador de cruceros\" width=\"640\" height=\"357\" srcset=\"https:\/\/ship-tracker.org\/wp-content\/uploads\/2019\/03\/cruise-ship-615116_640-1.jpg 640w, https:\/\/ship-tracker.org\/wp-content\/uploads\/2019\/03\/cruise-ship-615116_640-1-300x167.jpg 300w\" sizes=\"auto, (max-width: 640px) 100vw, 640px\" \/><\/p>","protected":false},"excerpt":{"rendered":"<p>Rastreador de cruceros: ubicaci\u00f3n del barco en tiempo real El seguimiento de barcos es la ubicaci\u00f3n de cruceros m\u00e1s popular. Los familiares a menudo quieren saber si el viaje del crucero transcurre sin problemas o si el barco llegar\u00e1 al puerto o a su destino a tiempo. Hay ciertas cosas que necesitas saber sobre los cruceros...&nbsp;<a href=\"https:\/\/ship-tracker.org\/es\/cruise-ship-tracker\/\" rel=\"bookmark\">Leer m\u00e1s &quot;<span class=\"screen-reader-text\">Rastreador de cruceros<\/span><\/a><\/p>","protected":false},"author":1,"featured_media":0,"parent":0,"menu_order":0,"comment_status":"closed","ping_status":"closed","template":"","meta":{"neve_meta_sidebar":"","neve_meta_container":"","neve_meta_enable_content_width":"","neve_meta_content_width":0,"neve_meta_title_alignment":"","neve_meta_author_avatar":"","neve_post_elements_order":"","neve_meta_disable_header":"","neve_meta_disable_footer":"","neve_meta_disable_title":"","neve_meta_reading_time":"","footnotes":""},"class_list":["post-745","page","type-page","status-publish","hentry"],"yoast_head":"<!-- This site is optimized with the Yoast SEO plugin v26.9 - https:\/\/yoast.com\/product\/yoast-seo-wordpress\/ -->\n<title>Cruise Ship Tracker\u2503Current position location and Specifications<\/title>\n<meta name=\"description\" content=\"Cruise Ship Tracker \u2693 Current position of All Cruise ships \u2713 Ship Tracker \u2713 Live Ship Tracker \u2713 Review and Specifications \u2713 Webcam\" \/>\n<meta name=\"robots\" content=\"index, follow, max-snippet:-1, max-image-preview:large, max-video-preview:-1\" \/>\n<link rel=\"canonical\" href=\"https:\/\/ship-tracker.org\/es\/cruise-ship-tracker\/\" \/>\n<meta property=\"og:locale\" content=\"es_ES\" \/>\n<meta property=\"og:type\" content=\"article\" \/>\n<meta property=\"og:title\" content=\"Cruise Ship Tracker\u2503Current position location and Specifications\" \/>\n<meta property=\"og:description\" content=\"Cruise Ship Tracker \u2693 Current position of All Cruise ships \u2713 Ship Tracker \u2713 Live Ship Tracker \u2713 Review and Specifications \u2713 Webcam\" \/>\n<meta property=\"og:url\" content=\"https:\/\/ship-tracker.org\/es\/cruise-ship-tracker\/\" \/>\n<meta property=\"og:site_name\" content=\"Ship-tracker.org\" \/>\n<meta property=\"article:modified_time\" content=\"2021-11-08T20:05:13+00:00\" \/>\n<meta property=\"og:image\" content=\"https:\/\/ship-tracker.org\/wp-content\/uploads\/2020\/04\/karte-kreuzfahrt-kreuzfahrtschiff-schiffsposition-schiffsradar-768x388-1.jpg\" \/>\n<meta name=\"twitter:card\" content=\"summary_large_image\" \/>\n<meta name=\"twitter:label1\" content=\"Tiempo de lectura\" \/>\n\t<meta name=\"twitter:data1\" content=\"6 minutos\" \/>\n<script type=\"application\/ld+json\" class=\"yoast-schema-graph\">{\"@context\":\"https:\/\/schema.org\",\"@graph\":[{\"@type\":\"WebPage\",\"@id\":\"https:\/\/ship-tracker.org\/nl\/cruise-ship-tracker\/\",\"url\":\"https:\/\/ship-tracker.org\/nl\/cruise-ship-tracker\/\",\"name\":\"Cruise Ship Tracker\u2503Current position location and Specifications\",\"isPartOf\":{\"@id\":\"https:\/\/ship-tracker.org\/#website\"},\"primaryImageOfPage\":{\"@id\":\"https:\/\/ship-tracker.org\/nl\/cruise-ship-tracker\/#primaryimage\"},\"image\":{\"@id\":\"https:\/\/ship-tracker.org\/nl\/cruise-ship-tracker\/#primaryimage\"},\"thumbnailUrl\":\"https:\/\/ship-tracker.org\/wp-content\/uploads\/2020\/04\/karte-kreuzfahrt-kreuzfahrtschiff-schiffsposition-schiffsradar-768x388-1.jpg\",\"datePublished\":\"2019-03-28T15:16:09+00:00\",\"dateModified\":\"2021-11-08T20:05:13+00:00\",\"description\":\"Cruise Ship Tracker \u2693 Current position of All Cruise ships \u2713 Ship Tracker \u2713 Live Ship Tracker \u2713 Review and Specifications \u2713 Webcam\",\"breadcrumb\":{\"@id\":\"https:\/\/ship-tracker.org\/nl\/cruise-ship-tracker\/#breadcrumb\"},\"inLanguage\":\"es\",\"potentialAction\":[{\"@type\":\"ReadAction\",\"target\":[\"https:\/\/ship-tracker.org\/nl\/cruise-ship-tracker\/\"]}]},{\"@type\":\"ImageObject\",\"inLanguage\":\"es\",\"@id\":\"https:\/\/ship-tracker.org\/nl\/cruise-ship-tracker\/#primaryimage\",\"url\":\"https:\/\/ship-tracker.org\/wp-content\/uploads\/2020\/04\/karte-kreuzfahrt-kreuzfahrtschiff-schiffsposition-schiffsradar-768x388-1.jpg\",\"contentUrl\":\"https:\/\/ship-tracker.org\/wp-content\/uploads\/2020\/04\/karte-kreuzfahrt-kreuzfahrtschiff-schiffsposition-schiffsradar-768x388-1.jpg\"},{\"@type\":\"BreadcrumbList\",\"@id\":\"https:\/\/ship-tracker.org\/nl\/cruise-ship-tracker\/#breadcrumb\",\"itemListElement\":[{\"@type\":\"ListItem\",\"position\":1,\"name\":\"Startseite\",\"item\":\"https:\/\/ship-tracker.org\/\"},{\"@type\":\"ListItem\",\"position\":2,\"name\":\"Cruise Ship Tracker\"}]},{\"@type\":\"WebSite\",\"@id\":\"https:\/\/ship-tracker.org\/#website\",\"url\":\"https:\/\/ship-tracker.org\/\",\"name\":\"Ship-tracker.org\",\"description\":\"\",\"potentialAction\":[{\"@type\":\"SearchAction\",\"target\":{\"@type\":\"EntryPoint\",\"urlTemplate\":\"https:\/\/ship-tracker.org\/?s={search_term_string}\"},\"query-input\":{\"@type\":\"PropertyValueSpecification\",\"valueRequired\":true,\"valueName\":\"search_term_string\"}}],\"inLanguage\":\"es\"}]}<\/script>\n<!-- \/ Yoast SEO plugin. -->","yoast_head_json":{"title":"Cruise Ship Tracker\u2503 Ubicaci\u00f3n actual de la posici\u00f3n y especificaciones","description":"Rastreador de cruceros \u2693 Posici\u00f3n actual de todos los cruceros \u2713 Rastreador de barcos \u2713 Rastreador de barcos en vivo \u2713 Revisi\u00f3n y especificaciones \u2713 C\u00e1mara web","robots":{"index":"index","follow":"follow","max-snippet":"max-snippet:-1","max-image-preview":"max-image-preview:large","max-video-preview":"max-video-preview:-1"},"canonical":"https:\/\/ship-tracker.org\/es\/cruise-ship-tracker\/","og_locale":"es_ES","og_type":"article","og_title":"Cruise Ship Tracker\u2503Current position location and Specifications","og_description":"Cruise Ship Tracker \u2693 Current position of All Cruise ships \u2713 Ship Tracker \u2713 Live Ship Tracker \u2713 Review and Specifications \u2713 Webcam","og_url":"https:\/\/ship-tracker.org\/es\/cruise-ship-tracker\/","og_site_name":"Ship-tracker.org","article_modified_time":"2021-11-08T20:05:13+00:00","og_image":[{"url":"https:\/\/ship-tracker.org\/wp-content\/uploads\/2020\/04\/karte-kreuzfahrt-kreuzfahrtschiff-schiffsposition-schiffsradar-768x388-1.jpg","type":"","width":"","height":""}],"twitter_card":"summary_large_image","twitter_misc":{"Tiempo de lectura":"6 minutos"},"schema":{"@context":"https:\/\/schema.org","@graph":[{"@type":"WebPage","@id":"https:\/\/ship-tracker.org\/nl\/cruise-ship-tracker\/","url":"https:\/\/ship-tracker.org\/nl\/cruise-ship-tracker\/","name":"Cruise Ship Tracker\u2503 Ubicaci\u00f3n actual de la posici\u00f3n y especificaciones","isPartOf":{"@id":"https:\/\/ship-tracker.org\/#website"},"primaryImageOfPage":{"@id":"https:\/\/ship-tracker.org\/nl\/cruise-ship-tracker\/#primaryimage"},"image":{"@id":"https:\/\/ship-tracker.org\/nl\/cruise-ship-tracker\/#primaryimage"},"thumbnailUrl":"https:\/\/ship-tracker.org\/wp-content\/uploads\/2020\/04\/karte-kreuzfahrt-kreuzfahrtschiff-schiffsposition-schiffsradar-768x388-1.jpg","datePublished":"2019-03-28T15:16:09+00:00","dateModified":"2021-11-08T20:05:13+00:00","description":"Rastreador de cruceros \u2693 Posici\u00f3n actual de todos los cruceros \u2713 Rastreador de barcos \u2713 Rastreador de barcos en vivo \u2713 Revisi\u00f3n y especificaciones \u2713 C\u00e1mara web","breadcrumb":{"@id":"https:\/\/ship-tracker.org\/nl\/cruise-ship-tracker\/#breadcrumb"},"inLanguage":"es","potentialAction":[{"@type":"ReadAction","target":["https:\/\/ship-tracker.org\/nl\/cruise-ship-tracker\/"]}]},{"@type":"ImageObject","inLanguage":"es","@id":"https:\/\/ship-tracker.org\/nl\/cruise-ship-tracker\/#primaryimage","url":"https:\/\/ship-tracker.org\/wp-content\/uploads\/2020\/04\/karte-kreuzfahrt-kreuzfahrtschiff-schiffsposition-schiffsradar-768x388-1.jpg","contentUrl":"https:\/\/ship-tracker.org\/wp-content\/uploads\/2020\/04\/karte-kreuzfahrt-kreuzfahrtschiff-schiffsposition-schiffsradar-768x388-1.jpg"},{"@type":"BreadcrumbList","@id":"https:\/\/ship-tracker.org\/nl\/cruise-ship-tracker\/#breadcrumb","itemListElement":[{"@type":"ListItem","position":1,"name":"Startseite","item":"https:\/\/ship-tracker.org\/"},{"@type":"ListItem","position":2,"name":"Cruise Ship Tracker"}]},{"@type":"WebSite","@id":"https:\/\/ship-tracker.org\/#website","url":"https:\/\/ship-tracker.org\/","name":"Ship-tracker.org","description":"","potentialAction":[{"@type":"SearchAction","target":{"@type":"EntryPoint","urlTemplate":"https:\/\/ship-tracker.org\/?s={search_term_string}"},"query-input":{"@type":"PropertyValueSpecification","valueRequired":true,"valueName":"search_term_string"}}],"inLanguage":"es"}]}},"_links":{"self":[{"href":"https:\/\/ship-tracker.org\/es\/wp-json\/wp\/v2\/pages\/745","targetHints":{"allow":["GET"]}}],"collection":[{"href":"https:\/\/ship-tracker.org\/es\/wp-json\/wp\/v2\/pages"}],"about":[{"href":"https:\/\/ship-tracker.org\/es\/wp-json\/wp\/v2\/types\/page"}],"author":[{"embeddable":true,"href":"https:\/\/ship-tracker.org\/es\/wp-json\/wp\/v2\/users\/1"}],"replies":[{"embeddable":true,"href":"https:\/\/ship-tracker.org\/es\/wp-json\/wp\/v2\/comments?post=745"}],"version-history":[{"count":10,"href":"https:\/\/ship-tracker.org\/es\/wp-json\/wp\/v2\/pages\/745\/revisions"}],"predecessor-version":[{"id":2026,"href":"https:\/\/ship-tracker.org\/es\/wp-json\/wp\/v2\/pages\/745\/revisions\/2026"}],"wp:attachment":[{"href":"https:\/\/ship-tracker.org\/es\/wp-json\/wp\/v2\/media?parent=745"}],"curies":[{"name":"wp","href":"https:\/\/api.w.org\/{rel}","templated":true}]}}