{"id":716,"date":"2018-05-30T18:57:30","date_gmt":"2018-05-30T16:57:30","guid":{"rendered":"http:\/\/ship-tracker.org\/?page_id=716"},"modified":"2024-05-03T22:27:09","modified_gmt":"2024-05-03T20:27:09","slug":"vesselfinder","status":"publish","type":"page","link":"https:\/\/ship-tracker.org\/es\/vesselfinder\/","title":{"rendered":"VesselFinder"},"content":{"rendered":"<p><script async src=\"https:\/\/pagead2.googlesyndication.com\/pagead\/js\/adsbygoogle.js\"><span data-mce-type=\"bookmark\" style=\"display: inline-block; width: 0px; overflow: hidden; line-height: 0;\" class=\"mce_SELRES_start\">\ufeff<\/span><span data-mce-type=\"bookmark\" style=\"display: inline-block; width: 0px; overflow: hidden; line-height: 0;\" class=\"mce_SELRES_start\">\ufeff<\/span><\/script><br \/>\n<!-- Ship-Tracker Display --><br \/>\n<ins class=\"adsbygoogle\" style=\"display: block;\" data-ad-client=\"ca-pub-1316785063791781\" data-ad-slot=\"8075999632\" data-ad-format=\"auto\" data-full-width-responsive=\"true\"><\/ins><br \/>\n<script>\n     (adsbygoogle = window.adsbygoogle || []).push({});\n<\/script><\/p>\n<h2>Seguimiento de barcos en tiempo real por VesselFinder<\/h2>\n<p><script type=\"text\/javascript\">\n  var width=\"1500\";\n  var height=\"500\";\n  var zoom=\"3\";\n  var click_to_activate=false;\n<\/script><br \/>\n<script type=\"text\/javascript\" src=\"https:\/\/www.vesselfinder.com\/aismap.js\">\n<\/script><br \/>\n<script async src=\"https:\/\/pagead2.googlesyndication.com\/pagead\/js\/adsbygoogle.js\"><\/script><br \/>\n<!-- Schip-Tracker Linkanzeigen --><br \/>\n<ins class=\"adsbygoogle\" style=\"display: block;\" data-ad-client=\"ca-pub-1316785063791781\" data-ad-slot=\"3429004156\" data-ad-format=\"link\" data-full-width-responsive=\"true\"><\/ins><br \/>\n<script>\n     (adsbygoogle = window.adsbygoogle || []).push({});\n<\/script><\/p>\n<p class=\"p1\" style=\"text-align: justify;\"><span class=\"s1\">Viene con otros datos en tiempo real sobre m\u00e1s de 100,000 veses por d\u00eda, con la ayuda de una gran red de receptores de AIS adicionales, almuerzos y establecidos en 2011.\u00a0<\/span><\/p>\n<p class=\"p1\" style=\"text-align: justify;\"><span class=\"s1\">VesselFinder ofrece servicios a trav\u00e9s de plataformas digitales, sociales y m\u00f3viles, VesselFinder ofrece servicios de supervisi\u00f3n eficaces, registros de puertos y un d\u00eda principal y un viaje detallado. Adem\u00e1s, tambi\u00e9n presenta datos hist\u00f3ricos de datos AIS que muestran los movimientos de los movimientos simulados, as\u00ed como la densidad del tr\u00e1fico y la simulaci\u00f3n de video de los movimientos de los buques,<span class=\"Apple-converted-space\">\u00a0 <\/span>entre otros.<span class=\"Apple-converted-space\">\u00a0 \u00a0<\/span><\/span><\/p>\n<h2>\u00bfC\u00f3mo funciona VesselFinder?<\/h2>\n<p class=\"p1\" style=\"text-align: justify;\"><span class=\"s1\">AIS Liv\u0435 <a href=\"https:\/\/ship-tracker.org\/es\/ship-tracker\/\">seguimiento de buques<\/a><span class=\"Apple-converted-space\">\u00a0\u00a0<\/span>es un lugar donde la gente puede buscar por su propio vaso, recipiente de sus<span class=\"Apple-converted-space\">\u00a0 <\/span>Compromisos, todas las partes m\u00e1s recientes, las \u00faltimas novedades para la industria de la mayor\u00eda<span class=\"Apple-converted-space\">\u00a0 <\/span>y negocios. El servicio de seguimiento de AIS LIVE VESSLELE por VESEPLINDER es un servicio totalmente gratuito basado en Internet, que no es regio<\/span><span class=\"s1\">cualquier<span class=\"Apple-converted-space\">\u00a0 <\/span>registro, tambi\u00e9n es con una interfaz realmente r\u00e1pida y g<\/span><span class=\"s1\">uit\u0435 simple<span class=\"Apple-converted-space\">\u00a0 <\/span>F\u00c1BRICA DE NAVEGACI\u00d3N. Tambi\u00e9n hay un modelo simple modificado con poco<span class=\"Apple-converted-space\">\u00a0 <\/span>Se trata de las opciones de las personas que son mejores para los usuarios de sus m\u00e1s simples rutas.\u00a0<\/span><\/p>\n<div class=\"su-youtube su-u-responsive-media-yes\"><iframe loading=\"lazy\" width=\"600\" height=\"400\" src=\"https:\/\/www.youtube.com\/embed\/fIbwRnq4jdo?\" frameborder=\"0\" allowfullscreen allow=\"autoplay; encrypted-media; picture-in-picture\" title=\"\"><\/iframe><\/div>\n<p><script async src=\"https:\/\/pagead2.googlesyndication.com\/pagead\/js\/adsbygoogle.js\"><\/script><br \/>\n<!-- Ship-Tracker Display --><br \/>\n<ins class=\"adsbygoogle\" style=\"display: block;\" data-ad-client=\"ca-pub-1316785063791781\" data-ad-slot=\"8075999632\" data-ad-format=\"auto\" data-full-width-responsive=\"true\"><\/ins><br \/>\n<script>\n     (adsbygoogle = window.adsbygoogle || []).push({});\n<\/script><\/p>\n<h2>VesselFinder Informaci\u00f3n sobre barcos, carga y Co.<\/h2>\n<p style=\"text-align: justify;\">Tiene acceso a muchos m\u00e1s datos con VesselFinder, no solo puede rastrear la posici\u00f3n actual de los barcos. Con algunos barcos y modelos, por ejemplo, hay im\u00e1genes disponibles. Gracias a ellos, puede obtener una impresi\u00f3n personal del barco directamente, un simple clic o un toque en el s\u00edmbolo correspondiente en el mapa es suficiente.<\/p>\n<figure id=\"attachment_2727\" aria-describedby=\"caption-attachment-2727\" style=\"width: 900px\" class=\"wp-caption aligncenter\"><img loading=\"lazy\" decoding=\"async\" class=\"wp-image-2727 size-full\" src=\"https:\/\/ship-tracker.org\/wp-content\/uploads\/2020\/05\/Unbenannt44-e1589046113367.png\" alt=\"Vesselfinder\" width=\"900\" height=\"455\" srcset=\"https:\/\/ship-tracker.org\/wp-content\/uploads\/2020\/05\/Unbenannt44-e1589046113367.png 900w, https:\/\/ship-tracker.org\/wp-content\/uploads\/2020\/05\/Unbenannt44-e1589046113367-300x152.png 300w, https:\/\/ship-tracker.org\/wp-content\/uploads\/2020\/05\/Unbenannt44-e1589046113367-768x388.png 768w\" sizes=\"auto, (max-width: 900px) 100vw, 900px\" \/><figcaption id=\"caption-attachment-2727\" class=\"wp-caption-text\">Captura de pantalla \u00a9 VesselFinder.com<\/figcaption><\/figure>\n<p style=\"text-align: justify;\">Adem\u00e1s, la informaci\u00f3n sobre la carga y el destino del barco est\u00e1 a su disposici\u00f3n. Si tambi\u00e9n desea saber d\u00f3nde comenz\u00f3 el barco y cu\u00e1nto dura el viaje, incluso eso no es un problema. Y por \u00faltimo, pero no menos importante, la velocidad actual de los barcos tambi\u00e9n deber\u00eda ser interesante para muchos. Incluso puede verlos, se actualizan a intervalos regulares.<\/p>\n<p style=\"text-align: justify;\">Pruebe el buscador de embarcaciones usted mismo y d\u00e9jese convencer por la funcionalidad y la operaci\u00f3n simple. \u00a1Te deseamos mucha diversi\u00f3n!<\/p>\n<p>Si busca datos adicionales en tiempo real de varios tipos de radar, incluidos vuelos, mar\u00edtimos, meteorol\u00f3gicos y m\u00e1s, puede encontrarlos en el sitio web. <a href=\"https:\/\/live-radar.org\/\" target=\"_blank\" rel=\"noopener noreferrer\">https:\/\/live-radar.org\/<\/a>.<\/p>\n<h3>Los diferentes tipos de barcos en VesselFinder<\/h3>\n<p>Hay una gran cantidad de barcos que se pueden rastrear usando VesselFinder. En nuestra tabla hemos resumido todos los tipos de barcos con los s\u00edmbolos y el significado en el radar del barco. Con la ayuda de la mesa puedes ver f\u00e1cilmente la ubicaci\u00f3n del barco.<\/p>\n<table style=\"border-collapse: collapse; width: 100%;\">\n<tbody>\n<tr>\n<td style=\"width: 33.3333%;\"><strong>TIPO DE NAVE<\/strong><\/td>\n<td style=\"width: 33.3333%; text-align: center;\"><strong>TIPO DE NAVE<\/strong><\/td>\n<td style=\"width: 33.3333%; text-align: center;\"><strong>TIPO DE NAVE<\/strong><\/td>\n<\/tr>\n<tr>\n<td style=\"width: 33.3333%;\">Barco mercante<\/td>\n<td style=\"width: 33.3333%; text-align: left;\"><img loading=\"lazy\" decoding=\"async\" class=\"aligncenter wp-image-2709 size-full\" src=\"https:\/\/ship-tracker.org\/wp-content\/uploads\/2020\/05\/icon_4_8.png\" alt=\"Barco mercante\" width=\"32\" height=\"32\" \/><\/td>\n<td style=\"width: 33.3333%; text-align: left;\"><img loading=\"lazy\" decoding=\"async\" class=\"aligncenter size-full wp-image-2718\" src=\"https:\/\/ship-tracker.org\/wp-content\/uploads\/2020\/05\/icon_4_32.png\" alt=\"\" width=\"32\" height=\"32\" \/><\/td>\n<\/tr>\n<tr>\n<td style=\"width: 33.3333%;\">Petrolero<\/td>\n<td style=\"width: 33.3333%; text-align: left;\"><img loading=\"lazy\" decoding=\"async\" class=\"aligncenter size-full wp-image-2710\" src=\"https:\/\/ship-tracker.org\/wp-content\/uploads\/2020\/05\/icon_6_8.png\" alt=\"Petrolero\" width=\"32\" height=\"32\" \/><\/td>\n<td style=\"width: 33.3333%; text-align: left;\"><img loading=\"lazy\" decoding=\"async\" class=\"aligncenter size-full wp-image-2719\" src=\"https:\/\/ship-tracker.org\/wp-content\/uploads\/2020\/05\/icon_6_32.png\" alt=\"\" width=\"32\" height=\"32\" \/><\/td>\n<\/tr>\n<tr>\n<td style=\"width: 33.3333%;\">Barcos militares<\/td>\n<td style=\"width: 33.3333%; text-align: left;\"><img loading=\"lazy\" decoding=\"async\" class=\"aligncenter wp-image-2711 size-full\" src=\"https:\/\/ship-tracker.org\/wp-content\/uploads\/2020\/05\/icon_7_8.png\" alt=\"Barcos militares\" width=\"32\" height=\"32\" \/><\/td>\n<td style=\"width: 33.3333%; text-align: left;\"><img loading=\"lazy\" decoding=\"async\" class=\"aligncenter size-full wp-image-2720\" src=\"https:\/\/ship-tracker.org\/wp-content\/uploads\/2020\/05\/icon_7_32.png\" alt=\"\" width=\"32\" height=\"32\" \/><\/td>\n<\/tr>\n<tr>\n<td style=\"width: 33.3333%;\">Buque de pasajeros<\/td>\n<td style=\"width: 33.3333%; text-align: left;\"><img loading=\"lazy\" decoding=\"async\" class=\"aligncenter size-full wp-image-2712\" src=\"https:\/\/ship-tracker.org\/wp-content\/uploads\/2020\/05\/icon_3_8.png\" alt=\"Buque de pasajeros\" width=\"32\" height=\"32\" \/><\/td>\n<td style=\"width: 33.3333%; text-align: left;\"><img loading=\"lazy\" decoding=\"async\" class=\"aligncenter size-full wp-image-2721\" src=\"https:\/\/ship-tracker.org\/wp-content\/uploads\/2020\/05\/icon_3_32.png\" alt=\"\" width=\"32\" height=\"32\" \/><\/td>\n<\/tr>\n<tr>\n<td style=\"width: 33.3333%;\">Barco de pesca<\/td>\n<td style=\"width: 33.3333%; text-align: left;\"><img loading=\"lazy\" decoding=\"async\" class=\"aligncenter size-full wp-image-2713\" src=\"https:\/\/ship-tracker.org\/wp-content\/uploads\/2020\/05\/icon_5_8.png\" alt=\"Barco de pesca\" width=\"32\" height=\"32\" \/><\/td>\n<td style=\"width: 33.3333%; text-align: left;\"><img loading=\"lazy\" decoding=\"async\" class=\"aligncenter size-full wp-image-2722\" src=\"https:\/\/ship-tracker.org\/wp-content\/uploads\/2020\/05\/icon_5_32.png\" alt=\"\" width=\"32\" height=\"32\" \/><\/td>\n<\/tr>\n<tr>\n<td style=\"width: 33.3333%;\">Lancha r\u00e1pida<\/td>\n<td style=\"width: 33.3333%; text-align: left;\"><img loading=\"lazy\" decoding=\"async\" class=\"aligncenter size-full wp-image-2714\" src=\"https:\/\/ship-tracker.org\/wp-content\/uploads\/2020\/05\/icon_2_8.png\" alt=\"Lanchas r\u00e1pidas\" width=\"32\" height=\"32\" \/><\/td>\n<td style=\"width: 33.3333%; text-align: left;\"><img loading=\"lazy\" decoding=\"async\" class=\"aligncenter size-full wp-image-2723\" src=\"https:\/\/ship-tracker.org\/wp-content\/uploads\/2020\/05\/icon_2_32.png\" alt=\"\" width=\"32\" height=\"32\" \/><\/td>\n<\/tr>\n<tr>\n<td style=\"width: 33.3333%;\">Velero<\/td>\n<td style=\"width: 33.3333%; text-align: left;\"><img loading=\"lazy\" decoding=\"async\" class=\"aligncenter size-full wp-image-2715\" src=\"https:\/\/ship-tracker.org\/wp-content\/uploads\/2020\/05\/icon_8_8.png\" alt=\"Velero\" width=\"32\" height=\"32\" \/><\/td>\n<td style=\"width: 33.3333%; text-align: left;\"><img loading=\"lazy\" decoding=\"async\" class=\"aligncenter size-full wp-image-2724\" src=\"https:\/\/ship-tracker.org\/wp-content\/uploads\/2020\/05\/icon_8_32.png\" alt=\"\" width=\"32\" height=\"32\" \/><\/td>\n<\/tr>\n<tr>\n<td style=\"width: 33.3333%;\">otro barco<\/td>\n<td style=\"width: 33.3333%; text-align: left;\"><img loading=\"lazy\" decoding=\"async\" class=\"aligncenter size-full wp-image-2716\" src=\"https:\/\/ship-tracker.org\/wp-content\/uploads\/2020\/05\/icon_1_8.png\" alt=\"otro barco\" width=\"32\" height=\"32\" \/><\/td>\n<td style=\"width: 33.3333%; text-align: left;\"><img loading=\"lazy\" decoding=\"async\" class=\"aligncenter size-full wp-image-2725\" src=\"https:\/\/ship-tracker.org\/wp-content\/uploads\/2020\/05\/icon_1_32.png\" alt=\"\" width=\"32\" height=\"32\" \/><\/td>\n<\/tr>\n<tr>\n<td style=\"width: 33.3333%;\">otros objetos<\/td>\n<td style=\"width: 33.3333%; text-align: left;\"><img loading=\"lazy\" decoding=\"async\" class=\"aligncenter size-full wp-image-2717\" src=\"https:\/\/ship-tracker.org\/wp-content\/uploads\/2020\/05\/andere-Objekte.png\" alt=\"otros objetos\" width=\"32\" height=\"32\" \/><\/td>\n<td style=\"width: 33.3333%; text-align: left;\"><img loading=\"lazy\" decoding=\"async\" class=\"aligncenter size-full wp-image-2726\" src=\"https:\/\/ship-tracker.org\/wp-content\/uploads\/2020\/05\/icon_0_32.png\" alt=\"\" width=\"32\" height=\"32\" \/><\/td>\n<\/tr>\n<\/tbody>\n<\/table>\n<h2 class=\"p1\"><span class=\"s1\">PRINCIPALES CARACTER\u00cdSTICAS DEL SISTEMA DE TRUCO DE VISTOS DE VENDEDOR:<\/span><\/h2>\n<p>VesselFinder se basa en el sistema de identificaci\u00f3n autom\u00e1tica (AIS). Una extensa red de receptores en todo el mundo env\u00eda constantemente se\u00f1ales que el servicio de seguimiento decodifica y convierte en el material que puede ver en el sitio web.<\/p>\n<ul class=\"ul1\">\n<li class=\"li1\"><span class=\"s1\">Es un mundo maravilloso <\/span><\/li>\n<li class=\"li1\"><span class=\"s1\">LOS USUARIOS PUEDEN VER PREGUNTAS POR NOMBRE, IMO, MMSI. Es realmente f\u00e1cil para los usuarios ingresar los detalles de la embarcaci\u00f3n en la barra de b\u00fasqueda y encontrar la informaci\u00f3n deseada. <\/span><\/li>\n<li class=\"li1\"><span class=\"s1\">Hay informaci\u00f3n en la VERSI\u00d3N DE B\u00daSQUEDAS DE DATOS para m\u00e1s de 150k embarcaciones, NOMBRE, TOMA, TIPO, DENOMINACI\u00d3N <\/span><\/li>\n<li class=\"li1\"><span class=\"s1\">Para todos los recipientes, los usuarios pueden encontrar las posiciones, el recorrido y la historia del puesto. <\/span><\/li>\n<li class=\"li1\"><span class=\"s1\">La mayor\u00eda de las novedades sobre los accidentes, las piruetas, el fin, los nuevos vasos, las partes y muchos otros eventos de seguridad. <\/span><\/li>\n<li class=\"li1\"><span class=\"s1\">Con el puerto del buscador de barcos, los usuarios pueden buscar cualquier barco que llegue o salga <\/span><\/li>\n<li class=\"li1\"><span class=\"s1\">Tambi\u00e9n hay una galer\u00eda con varias fotograf\u00edas. <\/span><\/li>\n<li class=\"li1\"><span class=\"s1\">VERSELE Finder es muy amigable, con un dise\u00f1o realmente sencillo y f\u00e1cil de usar. <\/span><\/li>\n<li class=\"li1\"><span class=\"s1\">Cobertura extraordinariamente amplia para puertos y vellones.<\/span><\/li>\n<\/ul>\n<p>El sistema de seguimiento de buques AIS Live se utiliza para identificar con precisi\u00f3n la posici\u00f3n de los buques y muestra su posici\u00f3n actual, velocidad, tipo, movimiento, etc. Este sistema de rastreo de buques se cre\u00f3 principalmente para evitar colisiones de buques en el tr\u00e1fico de buques.<\/p>\n<h3>Aplicaciones m\u00f3viles VesselFinder<\/h3>\n<p>La versi\u00f3n m\u00f3vil de la observaci\u00f3n VesselFinder tambi\u00e9n es gratuita y se puede <a href=\"https:\/\/play.google.com\/store\/apps\/details?id=com.astrapaging.vff&amp;hl=de\" target=\"_blank\" rel=\"noopener noreferrer\">descargado como aplicaci\u00f3n para Android<\/a> y iOS. Esto te permite seguir muy bien los movimientos de la nave, incluso cuando est\u00e1s en movimiento. Puede acceder f\u00e1cilmente a la versi\u00f3n m\u00f3vil haciendo clic en el enlace correspondiente en el mapa de radar en la parte inferior derecha.<\/p>\n<h3>Utilice el mapa grande de VesselFinder<\/h3>\n<p>Miles de barcos, que est\u00e1n en movimiento al mismo tiempo y navegan por todos los mares del mundo. Aqu\u00ed puedes perder la pista r\u00e1pidamente. Para que esto no te suceda con VesselFinder, puedes ver toda la informaci\u00f3n directamente en un mapa mundial completo. Aqu\u00ed no solo ve todos los barcos, continentes y oc\u00e9anos a primera vista, sino que tambi\u00e9n tiene la posibilidad de concentrarse en un \u00e1rea determinada. Especialmente para este prop\u00f3sito, el radar del barco tiene una posibilidad simple de acercar y alejar este mapa.<\/p>\n<p class=\"p1\"><span class=\"s1\">Vesselfinder vsessely seguimiento de s\u00ed mismo y <a href=\"https:\/\/ship-tracker.org\/es\/marinetraffic\/\">Tr\u00e1fico mar\u00edtimo<\/a> est\u00e1 usando Olle Street Mage, lo que le da una gran flexibilidad y garantiza datos totalmente gratuitos sobre la Tierra y el mapa de todo el mundo.<\/span><\/p>","protected":false},"excerpt":{"rendered":"<p>Seguimiento de buques en tiempo real mediante VesselFinder Vesselfinder ofrece datos en tiempo real sobre m\u00e1s de 100.000 buques diariamente con la ayuda de una gran red de receptores AIS terrestres, establecidos y establecidos en 20 11. V\u0435\u0441\u0435lfinder ofrece servicios en plataformas digitales, sociales y m\u00f3viles. VesselFinder ofrece servicios de monitoreo eficientes, escalas en puertos y datos maestros y...&nbsp;<a href=\"https:\/\/ship-tracker.org\/es\/vesselfinder\/\" rel=\"bookmark\">Leer m\u00e1s &quot;<span class=\"screen-reader-text\">VesselFinder<\/span><\/a><\/p>","protected":false},"author":1,"featured_media":0,"parent":0,"menu_order":0,"comment_status":"closed","ping_status":"closed","template":"","meta":{"neve_meta_sidebar":"","neve_meta_container":"","neve_meta_enable_content_width":"off","neve_meta_content_width":100,"neve_meta_title_alignment":"","neve_meta_author_avatar":"","neve_post_elements_order":"","neve_meta_disable_header":"","neve_meta_disable_footer":"","neve_meta_disable_title":"","neve_meta_reading_time":"","footnotes":""},"class_list":["post-716","page","type-page","status-publish","hentry"],"yoast_head":"<!-- This site is optimized with the Yoast SEO plugin v26.9 - https:\/\/yoast.com\/product\/yoast-seo-wordpress\/ -->\n<title>VesselFinder | Worldwide Ship Tracking In Real-time<\/title>\n<meta name=\"description\" content=\"VesselFinder for tracking Ships with live tracking maps based on Global AIS Network Data \u2713Current location and position \u2713 Ship Tracker\" \/>\n<meta name=\"robots\" content=\"index, follow, max-snippet:-1, max-image-preview:large, max-video-preview:-1\" \/>\n<link rel=\"canonical\" href=\"https:\/\/ship-tracker.org\/es\/vesselfinder\/\" \/>\n<meta property=\"og:locale\" content=\"es_ES\" \/>\n<meta property=\"og:type\" content=\"article\" \/>\n<meta property=\"og:title\" content=\"VesselFinder | Worldwide Ship Tracking In Real-time\" \/>\n<meta property=\"og:description\" content=\"VesselFinder for tracking Ships with live tracking maps based on Global AIS Network Data \u2713Current location and position \u2713 Ship Tracker\" \/>\n<meta property=\"og:url\" content=\"https:\/\/ship-tracker.org\/es\/vesselfinder\/\" \/>\n<meta property=\"og:site_name\" content=\"Ship-tracker.org\" \/>\n<meta property=\"article:modified_time\" content=\"2024-05-03T20:27:09+00:00\" \/>\n<meta property=\"og:image\" content=\"https:\/\/ship-tracker.org\/wp-content\/uploads\/2020\/05\/Unbenannt44-e1589046113367.png\" \/>\n<meta name=\"twitter:card\" content=\"summary_large_image\" \/>\n<meta name=\"twitter:label1\" content=\"Tiempo de lectura\" \/>\n\t<meta name=\"twitter:data1\" content=\"8 minutos\" \/>\n<script type=\"application\/ld+json\" class=\"yoast-schema-graph\">{\"@context\":\"https:\/\/schema.org\",\"@graph\":[{\"@type\":\"WebPage\",\"@id\":\"https:\/\/ship-tracker.org\/vesselfinder\/\",\"url\":\"https:\/\/ship-tracker.org\/vesselfinder\/\",\"name\":\"VesselFinder | Worldwide Ship Tracking In Real-time\",\"isPartOf\":{\"@id\":\"https:\/\/ship-tracker.org\/#website\"},\"primaryImageOfPage\":{\"@id\":\"https:\/\/ship-tracker.org\/vesselfinder\/#primaryimage\"},\"image\":{\"@id\":\"https:\/\/ship-tracker.org\/vesselfinder\/#primaryimage\"},\"thumbnailUrl\":\"https:\/\/ship-tracker.org\/wp-content\/uploads\/2020\/05\/Unbenannt44-e1589046113367.png\",\"datePublished\":\"2018-05-30T16:57:30+00:00\",\"dateModified\":\"2024-05-03T20:27:09+00:00\",\"description\":\"VesselFinder for tracking Ships with live tracking maps based on Global AIS Network Data \u2713Current location and position \u2713 Ship Tracker\",\"breadcrumb\":{\"@id\":\"https:\/\/ship-tracker.org\/vesselfinder\/#breadcrumb\"},\"inLanguage\":\"es\",\"potentialAction\":[{\"@type\":\"ReadAction\",\"target\":[\"https:\/\/ship-tracker.org\/vesselfinder\/\"]}]},{\"@type\":\"ImageObject\",\"inLanguage\":\"es\",\"@id\":\"https:\/\/ship-tracker.org\/vesselfinder\/#primaryimage\",\"url\":\"https:\/\/ship-tracker.org\/wp-content\/uploads\/2020\/05\/Unbenannt44-e1589046113367.png\",\"contentUrl\":\"https:\/\/ship-tracker.org\/wp-content\/uploads\/2020\/05\/Unbenannt44-e1589046113367.png\"},{\"@type\":\"BreadcrumbList\",\"@id\":\"https:\/\/ship-tracker.org\/vesselfinder\/#breadcrumb\",\"itemListElement\":[{\"@type\":\"ListItem\",\"position\":1,\"name\":\"Startseite\",\"item\":\"https:\/\/ship-tracker.org\/\"},{\"@type\":\"ListItem\",\"position\":2,\"name\":\"VesselFinder\"}]},{\"@type\":\"WebSite\",\"@id\":\"https:\/\/ship-tracker.org\/#website\",\"url\":\"https:\/\/ship-tracker.org\/\",\"name\":\"Ship-tracker.org\",\"description\":\"\",\"potentialAction\":[{\"@type\":\"SearchAction\",\"target\":{\"@type\":\"EntryPoint\",\"urlTemplate\":\"https:\/\/ship-tracker.org\/?s={search_term_string}\"},\"query-input\":{\"@type\":\"PropertyValueSpecification\",\"valueRequired\":true,\"valueName\":\"search_term_string\"}}],\"inLanguage\":\"es\"}]}<\/script>\n<!-- \/ Yoast SEO plugin. -->","yoast_head_json":{"title":"VesselFinder | Seguimiento mundial de barcos en tiempo real","description":"VesselFinder para rastrear barcos con mapas de rastreo en vivo basados en datos de la red global AIS \u2713 Ubicaci\u00f3n y posici\u00f3n actual \u2713 Rastreador de barcos","robots":{"index":"index","follow":"follow","max-snippet":"max-snippet:-1","max-image-preview":"max-image-preview:large","max-video-preview":"max-video-preview:-1"},"canonical":"https:\/\/ship-tracker.org\/es\/vesselfinder\/","og_locale":"es_ES","og_type":"article","og_title":"VesselFinder | Worldwide Ship Tracking In Real-time","og_description":"VesselFinder for tracking Ships with live tracking maps based on Global AIS Network Data \u2713Current location and position \u2713 Ship Tracker","og_url":"https:\/\/ship-tracker.org\/es\/vesselfinder\/","og_site_name":"Ship-tracker.org","article_modified_time":"2024-05-03T20:27:09+00:00","og_image":[{"url":"https:\/\/ship-tracker.org\/wp-content\/uploads\/2020\/05\/Unbenannt44-e1589046113367.png","type":"","width":"","height":""}],"twitter_card":"summary_large_image","twitter_misc":{"Tiempo de lectura":"8 minutos"},"schema":{"@context":"https:\/\/schema.org","@graph":[{"@type":"WebPage","@id":"https:\/\/ship-tracker.org\/vesselfinder\/","url":"https:\/\/ship-tracker.org\/vesselfinder\/","name":"VesselFinder | Seguimiento mundial de barcos en tiempo real","isPartOf":{"@id":"https:\/\/ship-tracker.org\/#website"},"primaryImageOfPage":{"@id":"https:\/\/ship-tracker.org\/vesselfinder\/#primaryimage"},"image":{"@id":"https:\/\/ship-tracker.org\/vesselfinder\/#primaryimage"},"thumbnailUrl":"https:\/\/ship-tracker.org\/wp-content\/uploads\/2020\/05\/Unbenannt44-e1589046113367.png","datePublished":"2018-05-30T16:57:30+00:00","dateModified":"2024-05-03T20:27:09+00:00","description":"VesselFinder para rastrear barcos con mapas de rastreo en vivo basados en datos de la red global AIS \u2713 Ubicaci\u00f3n y posici\u00f3n actual \u2713 Rastreador de barcos","breadcrumb":{"@id":"https:\/\/ship-tracker.org\/vesselfinder\/#breadcrumb"},"inLanguage":"es","potentialAction":[{"@type":"ReadAction","target":["https:\/\/ship-tracker.org\/vesselfinder\/"]}]},{"@type":"ImageObject","inLanguage":"es","@id":"https:\/\/ship-tracker.org\/vesselfinder\/#primaryimage","url":"https:\/\/ship-tracker.org\/wp-content\/uploads\/2020\/05\/Unbenannt44-e1589046113367.png","contentUrl":"https:\/\/ship-tracker.org\/wp-content\/uploads\/2020\/05\/Unbenannt44-e1589046113367.png"},{"@type":"BreadcrumbList","@id":"https:\/\/ship-tracker.org\/vesselfinder\/#breadcrumb","itemListElement":[{"@type":"ListItem","position":1,"name":"Startseite","item":"https:\/\/ship-tracker.org\/"},{"@type":"ListItem","position":2,"name":"VesselFinder"}]},{"@type":"WebSite","@id":"https:\/\/ship-tracker.org\/#website","url":"https:\/\/ship-tracker.org\/","name":"Ship-tracker.org","description":"","potentialAction":[{"@type":"SearchAction","target":{"@type":"EntryPoint","urlTemplate":"https:\/\/ship-tracker.org\/?s={search_term_string}"},"query-input":{"@type":"PropertyValueSpecification","valueRequired":true,"valueName":"search_term_string"}}],"inLanguage":"es"}]}},"_links":{"self":[{"href":"https:\/\/ship-tracker.org\/es\/wp-json\/wp\/v2\/pages\/716","targetHints":{"allow":["GET"]}}],"collection":[{"href":"https:\/\/ship-tracker.org\/es\/wp-json\/wp\/v2\/pages"}],"about":[{"href":"https:\/\/ship-tracker.org\/es\/wp-json\/wp\/v2\/types\/page"}],"author":[{"embeddable":true,"href":"https:\/\/ship-tracker.org\/es\/wp-json\/wp\/v2\/users\/1"}],"replies":[{"embeddable":true,"href":"https:\/\/ship-tracker.org\/es\/wp-json\/wp\/v2\/comments?post=716"}],"version-history":[{"count":10,"href":"https:\/\/ship-tracker.org\/es\/wp-json\/wp\/v2\/pages\/716\/revisions"}],"predecessor-version":[{"id":5321,"href":"https:\/\/ship-tracker.org\/es\/wp-json\/wp\/v2\/pages\/716\/revisions\/5321"}],"wp:attachment":[{"href":"https:\/\/ship-tracker.org\/es\/wp-json\/wp\/v2\/media?parent=716"}],"curies":[{"name":"wp","href":"https:\/\/api.w.org\/{rel}","templated":true}]}}